{"id":343,"date":"2015-04-17T00:00:16","date_gmt":"2015-04-16T17:00:16","guid":{"rendered":"http:\/\/localhost:8081\/quangcaotramxang\/?page_id=343"},"modified":"2025-05-12T17:27:45","modified_gmt":"2025-05-12T10:27:45","slug":"https-shojiki-vn-ja","status":"publish","type":"page","link":"https:\/\/shojiki.vn\/ja","title":{"rendered":"\u30db\u30fc\u30e0"},"content":{"rendered":"<div class=\"wpb-content-wrapper\"><p>[vc_row][vc_column][vc_empty_space][\/vc_column][\/vc_row][vc_row margin_top=&#8221;0&#8243; margin_bottom=&#8221;0&#8243;][vc_column width=&#8221;1\/2&#8243;][vc_column_text]<\/p>\n<h2><strong>\u5f0a\u793e\u306e\u3054\u7d39\u4ecb<\/strong><\/h2>\n<p><span style=\"font-weight: 400;\"><span style=\"color: #ff6600;\"><a style=\"color: #ff6600;\" href=\"https:\/\/shojiki.vn\/ja\"><strong>SJK\u682a\u5f0f\u4f1a\u793e<\/strong><\/a><\/span>\u306f\u5c4b\u5916\u5e83\u544a\u5168\u822c\u3092\u63d0\u4f9b\u3059\u308b\u4f1a\u793e\u3067\u3059\u3002<\/span><\/p>\n<p><span style=\"font-weight: 400;\">\u5f0a\u793e\u306e\u5b50\u4f1a\u793e\u3068\u3057\u3066\u3001<\/span><\/p>\n<ul>\n<li><span style=\"font-weight: 400;\"><span style=\"color: #ff6600;\"><a style=\"color: #ff6600;\" href=\"https:\/\/compasstech.asia\/en\/\"><strong> Compass Tech\u682a\u5f0f\u4f1a\u793e<\/strong><\/a><\/span> &#8211; OOH\u5e83\u544a\u52b9\u7387\u6e2c\u5b9a\u30b5\u30fc\u30d3\u30b9\u3001\u30b5\u30a4\u30cd\u30fc\u30b8\u30b3\u30f3\u30c6\u30f3\u30c4\u7ba1\u7406\u30bd\u30d5\u30c8\u30a6\u30a7\u30a2\u3092\u63d0\u4f9b\u3059\u308b\u4f1a\u793e<\/span><\/li>\n<li><span style=\"font-weight: 400;\"><strong><span style=\"color: #ff6600;\"><a style=\"color: #ff6600;\" href=\"https:\/\/ooh.com.vn\/\">WikiOOH<\/a><\/span><\/strong>\u306f\u30d9\u30c8\u30ca\u30e0\u30d3\u30c3\u30b0\u30b5\u30a4\u30ba\u770b\u677f3000\u4ee5\u4e0a\u306e\u770b\u677f\u304c\u3042\u308a\u3001\u30d9\u30c8\u30ca\u30e0\u6700\u5927\u306e\u53d6\u5f15\u30fb\u8ca9\u58f2\u30d7\u30e9\u30c3\u30c8\u30d5\u30a9\u30fc\u30e0<\/span><\/li>\n<li><span style=\"font-weight: 400;\"><strong><span style=\"color: #ff6600;\"> Adjika\u682a\u5f0f\u4f1a\u793e<\/span><\/strong> \u2013 \u5e83\u544a\u306b\u30cf\u30a4\u30c6\u30af\u3092\u9069\u7528\u3059\u308b\u30d1\u30a4\u30aa\u30cb\u30a2<\/span><\/li>\n<li><span style=\"font-weight: 400;\"><a href=\"https:\/\/dooh.com.vn\/\"><span style=\"color: #ff6600;\"><strong> AnyScreen.vn<\/strong><\/span><\/a> \u30d7\u30ed\u30b8\u30a7\u30af\u30c8\u306f\u30d9\u30c8\u30ca\u30e0\u521d\u30a2\u30c9\u30cd\u30c3\u30c8\u30ef\u30fc\u30af<\/span><\/li>\n<\/ul>\n<p><span style=\"font-weight: 400;\">\u5f0a\u793e\u306f\u65e5\u672c\u8a9e\u5bfe\u5fdc\u30b9\u30bf\u30c3\u30d5\u3082\u304a\u308a\u307e\u3059\u306e\u3067\u3001\u3054\u4e0d\u660e\u70b9\u3084\u3054\u76f8\u8ac7\u304c\u3054\u3056\u3044\u307e\u3057\u305f\u3089\u3001\u304a\u6c17\u8efd\u306b\u304a\u554f\u3044\u5408\u308f\u305b\u304f\u3060\u3055\u3044\u3002<\/span>[\/vc_column_text][\/vc_column][vc_column width=&#8221;1\/2&#8243;][vc_single_image image=&#8221;6480&#8243; img_size=&#8221;700&#215;400&#8243; alignment=&#8221;center&#8221;][\/vc_column][\/vc_row][vc_row][vc_column][vc_empty_space][\/vc_column][\/vc_row][vc_row][vc_column][vc_column_text]<\/p>\n<h2><strong>\u30b5\u30fc\u30d3\u30b9\u60c5\u5831<\/strong><\/h2>\n<p><span style=\"font-weight: 400;\">Shojiki\u306f\u3001\u30d9\u30c8\u30ca\u30e0\u5e02\u5834\u3067\u5c55\u958b\u3055\u308c\u308b\u30ad\u30e3\u30f3\u30da\u30fc\u30f3\u306e\u305f\u3081\u306e\u6700\u3082\u9769\u65b0\u7684\u3001\u52b9\u679c\u7684\u306a\u30b3\u30df\u30e5\u30cb\u30b1\u30fc\u30b7\u30e7\u30f3\u30bd\u30ea\u30e5\u30fc\u30b7\u30e7\u30f3\u3092\u9867\u5ba2\u306b\u63d0\u4f9b\u3059\u308b\u3053\u3068\u3092\u76ee\u6a19\u3068\u3057\u3066\u3001\u30aa\u30f3\u30e9\u30a4\u30f3\u3068\u30aa\u30d5\u30e9\u30a4\u30f3\u306e\u4e21\u65b9\u306e\u5e83\u544a\u696d\u754c\u306e\u30d1\u30fc\u30c8\u30ca\u30fc\u306e\u5f37\u307f\u3092\u6d3b\u7528\u3059\u308b\u3002<\/span>[\/vc_column_text][\/vc_column][\/vc_row][vc_row][vc_column width=&#8221;1\/4&#8243;]<section class=\"shortcode-teaser img-full frame-fancy frame-on\"><div class=\"shortcode-teaser-img\"><a class=\"layzr-bg rollover\" href=\"https:\/\/shojiki.vn\/ja\/ooh-advertising\"><img loading=\"lazy\" decoding=\"async\" class=\"lazy-load\" src=\"data:image\/svg+xml;charset=utf-8,%3Csvg xmlns%3D&#039;http%3A%2F%2Fwww.w3.org%2F2000%2Fsvg&#039; viewBox%3D&#039;0 0 1148 861&#039;%2F%3E\" width=\"1148\" height=\"861\" alt=\"quang cao ngoai troi\" data-srcset=\"https:\/\/shojiki.vn\/wp-content\/uploads\/2022\/05\/bang-quang-cao-ngoai-troi-1.jpg 1148w\" data-src=\"https:\/\/shojiki.vn\/wp-content\/uploads\/2022\/05\/bang-quang-cao-ngoai-troi-1.jpg\" \/><\/a><\/div><div class=\"shortcode-teaser-content text-normal\"><h5 style=\"text-align: center;\"><strong><span style=\"font-size: 14pt;\">\u30d3\u30eb\u30dc\u30fc\u30c9\u5e83\u544a<\/span><\/strong><\/h5>\n<\/div><\/section>[\/vc_column][vc_column width=&#8221;1\/4&#8243;]<section class=\"shortcode-teaser img-full frame-fancy frame-on\"><div class=\"shortcode-teaser-img\"><a class=\"layzr-bg rollover\" href=\"https:\/\/shojiki.vn\/ja\/\u5e83\u544a\u30fcled\u30fc\u5c4b\u5916\"><img loading=\"lazy\" decoding=\"async\" class=\"lazy-load\" src=\"data:image\/svg+xml;charset=utf-8,%3Csvg xmlns%3D&#039;http%3A%2F%2Fwww.w3.org%2F2000%2Fsvg&#039; viewBox%3D&#039;0 0 1512 1125&#039;%2F%3E\" width=\"1512\" height=\"1125\" alt=\"b\u1ea3ng led qu\u1ea3ng c\u00e1o ngo\u00e0i tr\u1eddi\" data-srcset=\"https:\/\/shojiki.vn\/wp-content\/uploads\/2021\/07\/quang-cao-led-ngoai-troi-nga-tu-ly-chinh-thang-nam-ky-khoi-nghia-1.jpeg 1512w\" data-src=\"https:\/\/shojiki.vn\/wp-content\/uploads\/2021\/07\/quang-cao-led-ngoai-troi-nga-tu-ly-chinh-thang-nam-ky-khoi-nghia-1.jpeg\" \/><\/a><\/div><div class=\"shortcode-teaser-content text-normal\"><h5 style=\"text-align: center;\"><strong><span style=\"font-size: 14pt;\">\u5c4b\u5916LED\u30c7\u30a3\u30b9\u30d7\u30ec\u30a4\u5e83\u544a<\/span><\/strong><\/h5>\n<\/div><\/section>[\/vc_column][vc_column width=&#8221;1\/4&#8243;]<section class=\"shortcode-teaser img-full frame-fancy frame-on\"><div class=\"shortcode-teaser-img\"><a class=\"layzr-bg rollover\" href=\"https:\/\/shojiki.vn\/quang-cao-tai-cua-hang-tien-loi\"><img loading=\"lazy\" decoding=\"async\" class=\"lazy-load\" src=\"data:image\/svg+xml;charset=utf-8,%3Csvg xmlns%3D&#039;http%3A%2F%2Fwww.w3.org%2F2000%2Fsvg&#039; viewBox%3D&#039;0 0 1029 771&#039;%2F%3E\" width=\"1029\" height=\"771\" alt=\"qu\u1ea3ng c\u00e1o t\u1ea1i c\u1eeda h\u00e0ng ti\u1ec7n\" data-srcset=\"https:\/\/shojiki.vn\/wp-content\/uploads\/2021\/08\/quang-cao-tai-cicle-k-1.jpg 1029w\" data-src=\"https:\/\/shojiki.vn\/wp-content\/uploads\/2021\/08\/quang-cao-tai-cicle-k-1.jpg\" \/><\/a><\/div><div class=\"shortcode-teaser-content text-normal\"><h5 style=\"text-align: center;\"><strong><span style=\"font-size: 14pt;\">\u30b3\u30f3\u30d3\u30cb\u5e83\u544a<\/span><\/strong><\/h5>\n<\/div><\/section>[\/vc_column][vc_column width=&#8221;1\/4&#8243;]<section class=\"shortcode-teaser img-full frame-fancy frame-on\"><div class=\"shortcode-teaser-img\"><a class=\"layzr-bg rollover\" href=\"http:\/\/anyscreen.vn\/\"><img loading=\"lazy\" decoding=\"async\" class=\"lazy-load\" src=\"data:image\/svg+xml;charset=utf-8,%3Csvg xmlns%3D&#039;http%3A%2F%2Fwww.w3.org%2F2000%2Fsvg&#039; viewBox%3D&#039;0 0 1029 771&#039;%2F%3E\" width=\"1029\" height=\"771\" alt=\"he man hinh anyscreen\" data-srcset=\"https:\/\/shojiki.vn\/wp-content\/uploads\/2021\/09\/chu-quan-co-the-kiem-tien-tu-man-hinh-anysceen1.jpg 1029w\" data-src=\"https:\/\/shojiki.vn\/wp-content\/uploads\/2021\/09\/chu-quan-co-the-kiem-tien-tu-man-hinh-anysceen1.jpg\" \/><\/a><\/div><div class=\"shortcode-teaser-content text-normal\"><h5 style=\"text-align: center;\"><strong><span style=\"font-size: 14pt;\">\u300cAnyscreen\u300d\u30b9\u30af\u30ea\u30fc\u30f3\u30b7\u30b9\u30c6\u30e0<\/span><\/strong><\/h5>\n<\/div><\/section>[\/vc_column][\/vc_row][vc_row][vc_column][vc_empty_space][\/vc_column][\/vc_row][vc_row][vc_column width=&#8221;1\/4&#8243;]<section class=\"shortcode-teaser img-full frame-fancy frame-on\"><div class=\"shortcode-teaser-img\"><a class=\"layzr-bg rollover\" href=\"https:\/\/shojiki.vn\/quang-cao-may-bay\" target=\"_blank\"><img loading=\"lazy\" decoding=\"async\" class=\"lazy-load\" src=\"data:image\/svg+xml;charset=utf-8,%3Csvg xmlns%3D&#039;http%3A%2F%2Fwww.w3.org%2F2000%2Fsvg&#039; viewBox%3D&#039;0 0 740 500&#039;%2F%3E\" width=\"740\" height=\"500\" alt=\"qu\u1ea3ng c\u00e1o m\u00e1y bay\" data-srcset=\"https:\/\/shojiki.vn\/wp-content\/uploads\/2021\/04\/Quang-cao-tren-than-may-bay.jpg 740w\" data-src=\"https:\/\/shojiki.vn\/wp-content\/uploads\/2021\/04\/Quang-cao-tren-than-may-bay.jpg\" \/><\/a><\/div><div class=\"shortcode-teaser-content text-normal\"><h5 style=\"text-align: center;\"><strong><span style=\"font-size: 14pt;\">\u98db\u884c\u6a5f\u5e83\u544a<\/span><\/strong><\/h5>\n<\/div><\/section>[\/vc_column][vc_column width=&#8221;1\/4&#8243;]<section class=\"shortcode-teaser img-full frame-fancy frame-on\"><div class=\"shortcode-teaser-img\"><a class=\"layzr-bg rollover\" href=\"http:\/\/shojiki.vn\/quang-cao-offline\/quang-cao-xe-bus\"><img loading=\"lazy\" decoding=\"async\" class=\"lazy-load\" src=\"data:image\/svg+xml;charset=utf-8,%3Csvg xmlns%3D&#039;http%3A%2F%2Fwww.w3.org%2F2000%2Fsvg&#039; viewBox%3D&#039;0 0 948 401&#039;%2F%3E\" width=\"948\" height=\"401\" alt=\"qu\u1ea3ng c\u00e1o xe\" data-srcset=\"https:\/\/shojiki.vn\/wp-content\/uploads\/2021\/06\/quangcaophuongtiendichuyen4.png 948w\" data-src=\"https:\/\/shojiki.vn\/wp-content\/uploads\/2021\/06\/quangcaophuongtiendichuyen4.png\" \/><\/a><\/div><div class=\"shortcode-teaser-content text-normal\"><h5 style=\"text-align: center;\"><strong><span style=\"font-size: 14pt;\">\u30d0\u30b9\u5e83\u544a<\/span><\/strong><\/h5>\n<\/div><\/section>[\/vc_column][vc_column width=&#8221;1\/4&#8243;]<section class=\"shortcode-teaser img-full frame-fancy frame-on\"><div class=\"shortcode-teaser-img\"><a class=\"layzr-bg rollover\" href=\"https:\/\/shojiki.vn\/quang-cao-offline\/quang-cao-xe-taxi\"><img loading=\"lazy\" decoding=\"async\" class=\"lazy-load\" src=\"data:image\/svg+xml;charset=utf-8,%3Csvg xmlns%3D&#039;http%3A%2F%2Fwww.w3.org%2F2000%2Fsvg&#039; viewBox%3D&#039;0 0 1030 771&#039;%2F%3E\" width=\"1030\" height=\"771\" alt=\"qu\u1ea3ng c\u00e1o\" data-srcset=\"https:\/\/shojiki.vn\/wp-content\/uploads\/2021\/09\/quang-cao-taxi-trang-chu.jpg 1030w\" data-src=\"https:\/\/shojiki.vn\/wp-content\/uploads\/2021\/09\/quang-cao-taxi-trang-chu.jpg\" \/><\/a><\/div><div class=\"shortcode-teaser-content text-normal\"><h5 style=\"text-align: center;\"><strong><span style=\"font-size: 14pt;\">\u30bf\u30af\u30b7\u30fc\u5e83\u544a<\/span><\/strong><\/h5>\n<\/div><\/section>[\/vc_column][vc_column width=&#8221;1\/4&#8243;]<section class=\"shortcode-teaser img-full frame-fancy frame-on\"><div class=\"shortcode-teaser-img\"><a class=\"layzr-bg rollover\" href=\"https:\/\/shojiki.vn\/quang-cao-tram-xang-tin-nghia\"><img loading=\"lazy\" decoding=\"async\" class=\"lazy-load\" src=\"data:image\/svg+xml;charset=utf-8,%3Csvg xmlns%3D&#039;http%3A%2F%2Fwww.w3.org%2F2000%2Fsvg&#039; viewBox%3D&#039;0 0 900 675&#039;%2F%3E\" width=\"900\" height=\"675\" alt=\"qu\u1ea3ng c\u00e1o tr\u1ea1m\" data-srcset=\"https:\/\/shojiki.vn\/wp-content\/uploads\/2020\/08\/qu\u1ea3ng-c\u00e1o-tr\u1ea1m-x\u0103ng-T\u00edn-Ngh\u0129a-2.png 900w\" data-src=\"https:\/\/shojiki.vn\/wp-content\/uploads\/2020\/08\/qu\u1ea3ng-c\u00e1o-tr\u1ea1m-x\u0103ng-T\u00edn-Ngh\u0129a-2.png\" \/><\/a><\/div><div class=\"shortcode-teaser-content text-normal\"><h5 style=\"text-align: center;\"><strong><span style=\"font-size: 14pt;\">\u30ac\u30bd\u30ea\u30f3\u30b9\u30bf\u30f3\u30c9\u5e83\u544a<\/span><\/strong><\/h5>\n<\/div><\/section>[\/vc_column][\/vc_row][vc_row][vc_column width=&#8221;1\/2&#8243;]<section class=\"shortcode-teaser img-full frame-fancy frame-on\"><div class=\"shortcode-teaser-img\"><a class=\"layzr-bg rollover\" href=\"https:\/\/compasstech.asia\/\"><img loading=\"lazy\" decoding=\"async\" class=\"lazy-load\" src=\"data:image\/svg+xml;charset=utf-8,%3Csvg xmlns%3D&#039;http%3A%2F%2Fwww.w3.org%2F2000%2Fsvg&#039; viewBox%3D&#039;0 0 1600 900&#039;%2F%3E\" width=\"1600\" height=\"900\" alt=\"logo Compass Tech\" data-srcset=\"https:\/\/shojiki.vn\/wp-content\/uploads\/2020\/08\/logo-Compass-Tech-16x9.png 1600w\" data-src=\"https:\/\/shojiki.vn\/wp-content\/uploads\/2020\/08\/logo-Compass-Tech-16x9.png\" \/><\/a><\/div><div class=\"shortcode-teaser-content text-normal\"><h5 style=\"text-align: center;\"><strong><span style=\"font-size: 14pt;\">\u5c4b\u5916\u5e83\u544a\u6e2c\u5b9a<\/span><\/strong><\/h5>\n<\/div><\/section>[\/vc_column][vc_column width=&#8221;1\/2&#8243;]<section class=\"shortcode-teaser img-full frame-fancy frame-on\"><div class=\"shortcode-teaser-img\"><a class=\"layzr-bg rollover\" href=\"https:\/\/ooh.com.vn\/\"><img loading=\"lazy\" decoding=\"async\" class=\"lazy-load\" src=\"data:image\/svg+xml;charset=utf-8,%3Csvg xmlns%3D&#039;http%3A%2F%2Fwww.w3.org%2F2000%2Fsvg&#039; viewBox%3D&#039;0 0 1600 900&#039;%2F%3E\" width=\"1600\" height=\"900\" alt=\"logo wiki\" data-srcset=\"https:\/\/shojiki.vn\/wp-content\/uploads\/2020\/08\/WikiOOH-16x9.png 1600w\" data-src=\"https:\/\/shojiki.vn\/wp-content\/uploads\/2020\/08\/WikiOOH-16x9.png\" \/><\/a><\/div><div class=\"shortcode-teaser-content text-normal\"><h5 style=\"text-align: center;\"><strong><span style=\"font-size: 14pt;\">\u5168\u56fd\u306e\u5c4b\u5916\u770b\u677f<\/span><\/strong><\/h5>\n<\/div><\/section>[\/vc_column][\/vc_row][vc_row][vc_column][vc_text_separator title=&#8221;\u30d1\u30fc\u30c8\u30ca\u30fc\uff06\u30af\u30e9\u30a4\u30a2\u30f3\u30c8&#8221; color=&#8221;orange&#8221; style=&#8221;dotted&#8221;][\/vc_column][\/vc_row][vc_row][vc_column][vc_column_text][logo-carousel id=logo][\/vc_column_text][\/vc_column][\/vc_row]<\/p>\n<\/div>","protected":false},"excerpt":{"rendered":"<p>[vc_row][vc_column][vc_empty_space][\/vc_column][\/vc_row][vc_row margin_top=&#8221;0&#8243; margin_bottom=&#038;#822&hellip;<\/p>\n","protected":false},"author":1,"featured_media":5105,"parent":0,"menu_order":0,"comment_status":"closed","ping_status":"closed","template":"","meta":{"_acf_changed":false,"footnotes":""},"class_list":["post-343","page","type-page","status-publish","has-post-thumbnail","hentry","description-off"],"acf":[],"yoast_head":"<!-- This site is optimized with the Yoast SEO plugin v25.6 - https:\/\/yoast.com\/wordpress\/plugins\/seo\/ -->\n<title>\u30d9\u30c8\u30ca\u30e0\u5c4b\u5916\u5e83\u544a\u306a\u3089\u30b7\u30e7\u30b8\u30ad - \uff33\uff28\uff2f\uff2a\uff29\uff2b\uff29<\/title>\n<meta name=\"description\" content=\"\u30d9\u30c8\u30ca\u30e0\u5c4b\u5916\u5e83\u544a\u3092\u30d3\u30eb\u30dc\u30fc\u30c9\u3001LED\u30c7\u30a3\u30b9\u30d7\u30ec\u30a4\u3001\u30d0\u30b9\u3001\u98db\u884c\u6a5f\u3001\u30bf\u30af\u30b7\u30fc\u306a\u3069\u53d6\u308a\u6271\u3044\u307e\u3059\u3002\u65e5\u672c\u8a9e\u30b5\u30dd\u30fc\u30c8\u306a\u306e\u3067\u3001\u3054\u4e0d\u660e\u70b9\u3084\u3054\u76f8\u8ac7\u304c\u3054\u3056\u3044\u307e\u3057\u305f\u3089\u3001\u304a\u6c17\u8efd\u306b\u304a\u554f\u3044\u5408\u308f\u305b\u304f\u3060\u3055\u3044\u3002\u30b3\u30f3\u30bf\u30af\u30c8\uff1a\uff08\uff0b84) 933 15 99 88\" \/>\n<meta name=\"robots\" content=\"index, follow, max-snippet:-1, max-image-preview:large, max-video-preview:-1\" \/>\n<link rel=\"canonical\" href=\"https:\/\/shojiki.vn\/ja\" \/>\n<meta property=\"og:locale\" content=\"ja_JP\" \/>\n<meta property=\"og:type\" content=\"article\" \/>\n<meta property=\"og:title\" content=\"\u30d9\u30c8\u30ca\u30e0\u5c4b\u5916\u5e83\u544a\u306a\u3089\u30b7\u30e7\u30b8\u30ad - \uff33\uff28\uff2f\uff2a\uff29\uff2b\uff29\" \/>\n<meta property=\"og:description\" content=\"\u30d9\u30c8\u30ca\u30e0\u5c4b\u5916\u5e83\u544a\u3092\u30d3\u30eb\u30dc\u30fc\u30c9\u3001LED\u30c7\u30a3\u30b9\u30d7\u30ec\u30a4\u3001\u30d0\u30b9\u3001\u98db\u884c\u6a5f\u3001\u30bf\u30af\u30b7\u30fc\u306a\u3069\u53d6\u308a\u6271\u3044\u307e\u3059\u3002\u65e5\u672c\u8a9e\u30b5\u30dd\u30fc\u30c8\u306a\u306e\u3067\u3001\u3054\u4e0d\u660e\u70b9\u3084\u3054\u76f8\u8ac7\u304c\u3054\u3056\u3044\u307e\u3057\u305f\u3089\u3001\u304a\u6c17\u8efd\u306b\u304a\u554f\u3044\u5408\u308f\u305b\u304f\u3060\u3055\u3044\u3002\u30b3\u30f3\u30bf\u30af\u30c8\uff1a\uff08\uff0b84) 933 15 99 88\" \/>\n<meta property=\"og:url\" content=\"https:\/\/shojiki.vn\/ja\" \/>\n<meta property=\"og:site_name\" content=\"Shojiki.vn\" \/>\n<meta property=\"article:modified_time\" content=\"2025-05-12T10:27:45+00:00\" \/>\n<meta property=\"og:image\" content=\"https:\/\/shojiki.vn\/wp-content\/uploads\/2020\/09\/qu\u1ea3ng-c\u00e1o-ngo\u00e0i-tr\u1eddi.jpg\" \/>\n\t<meta property=\"og:image:width\" content=\"1134\" \/>\n\t<meta property=\"og:image:height\" content=\"1135\" \/>\n\t<meta property=\"og:image:type\" content=\"image\/jpeg\" \/>\n<meta name=\"twitter:label1\" content=\"\u63a8\u5b9a\u8aad\u307f\u53d6\u308a\u6642\u9593\" \/>\n\t<meta name=\"twitter:data1\" content=\"4\u5206\" \/>\n<script type=\"application\/ld+json\" class=\"yoast-schema-graph\">{\"@context\":\"https:\/\/schema.org\",\"@graph\":[{\"@type\":\"WebPage\",\"@id\":\"https:\/\/shojiki.vn\/ja\",\"url\":\"https:\/\/shojiki.vn\/ja\",\"name\":\"\u30d9\u30c8\u30ca\u30e0\u5c4b\u5916\u5e83\u544a\u306a\u3089\u30b7\u30e7\u30b8\u30ad - \uff33\uff28\uff2f\uff2a\uff29\uff2b\uff29\",\"isPartOf\":{\"@id\":\"https:\/\/shojiki.vn\/#website\"},\"primaryImageOfPage\":{\"@id\":\"https:\/\/shojiki.vn\/ja#primaryimage\"},\"image\":{\"@id\":\"https:\/\/shojiki.vn\/ja#primaryimage\"},\"thumbnailUrl\":\"https:\/\/shojiki.vn\/wp-content\/uploads\/2020\/09\/qu\u1ea3ng-c\u00e1o-ngo\u00e0i-tr\u1eddi.jpg\",\"datePublished\":\"2015-04-16T17:00:16+00:00\",\"dateModified\":\"2025-05-12T10:27:45+00:00\",\"description\":\"\u30d9\u30c8\u30ca\u30e0\u5c4b\u5916\u5e83\u544a\u3092\u30d3\u30eb\u30dc\u30fc\u30c9\u3001LED\u30c7\u30a3\u30b9\u30d7\u30ec\u30a4\u3001\u30d0\u30b9\u3001\u98db\u884c\u6a5f\u3001\u30bf\u30af\u30b7\u30fc\u306a\u3069\u53d6\u308a\u6271\u3044\u307e\u3059\u3002\u65e5\u672c\u8a9e\u30b5\u30dd\u30fc\u30c8\u306a\u306e\u3067\u3001\u3054\u4e0d\u660e\u70b9\u3084\u3054\u76f8\u8ac7\u304c\u3054\u3056\u3044\u307e\u3057\u305f\u3089\u3001\u304a\u6c17\u8efd\u306b\u304a\u554f\u3044\u5408\u308f\u305b\u304f\u3060\u3055\u3044\u3002\u30b3\u30f3\u30bf\u30af\u30c8\uff1a\uff08\uff0b84) 933 15 99 88\",\"breadcrumb\":{\"@id\":\"https:\/\/shojiki.vn\/ja#breadcrumb\"},\"inLanguage\":\"ja\",\"potentialAction\":[{\"@type\":\"ReadAction\",\"target\":[\"https:\/\/shojiki.vn\/ja\"]}]},{\"@type\":\"ImageObject\",\"inLanguage\":\"ja\",\"@id\":\"https:\/\/shojiki.vn\/ja#primaryimage\",\"url\":\"https:\/\/shojiki.vn\/wp-content\/uploads\/2020\/09\/qu\u1ea3ng-c\u00e1o-ngo\u00e0i-tr\u1eddi.jpg\",\"contentUrl\":\"https:\/\/shojiki.vn\/wp-content\/uploads\/2020\/09\/qu\u1ea3ng-c\u00e1o-ngo\u00e0i-tr\u1eddi.jpg\",\"width\":1134,\"height\":1135,\"caption\":\"qu\u1ea3ng c\u00e1o ngo\u00e0i tr\u1eddi\"},{\"@type\":\"BreadcrumbList\",\"@id\":\"https:\/\/shojiki.vn\/ja#breadcrumb\",\"itemListElement\":[{\"@type\":\"ListItem\",\"position\":1,\"name\":\"Home\",\"item\":\"https:\/\/shojiki.vn\/ja\"},{\"@type\":\"ListItem\",\"position\":2,\"name\":\"\u30db\u30fc\u30e0\"}]},{\"@type\":\"WebSite\",\"@id\":\"https:\/\/shojiki.vn\/#website\",\"url\":\"https:\/\/shojiki.vn\/\",\"name\":\"Shojiki.vn\",\"description\":\"\",\"potentialAction\":[{\"@type\":\"SearchAction\",\"target\":{\"@type\":\"EntryPoint\",\"urlTemplate\":\"https:\/\/shojiki.vn\/?s={search_term_string}\"},\"query-input\":{\"@type\":\"PropertyValueSpecification\",\"valueRequired\":true,\"valueName\":\"search_term_string\"}}],\"inLanguage\":\"ja\"}]}<\/script>\n<!-- \/ Yoast SEO plugin. -->","yoast_head_json":{"title":"\u30d9\u30c8\u30ca\u30e0\u5c4b\u5916\u5e83\u544a\u306a\u3089\u30b7\u30e7\u30b8\u30ad - \uff33\uff28\uff2f\uff2a\uff29\uff2b\uff29","description":"\u30d9\u30c8\u30ca\u30e0\u5c4b\u5916\u5e83\u544a\u3092\u30d3\u30eb\u30dc\u30fc\u30c9\u3001LED\u30c7\u30a3\u30b9\u30d7\u30ec\u30a4\u3001\u30d0\u30b9\u3001\u98db\u884c\u6a5f\u3001\u30bf\u30af\u30b7\u30fc\u306a\u3069\u53d6\u308a\u6271\u3044\u307e\u3059\u3002\u65e5\u672c\u8a9e\u30b5\u30dd\u30fc\u30c8\u306a\u306e\u3067\u3001\u3054\u4e0d\u660e\u70b9\u3084\u3054\u76f8\u8ac7\u304c\u3054\u3056\u3044\u307e\u3057\u305f\u3089\u3001\u304a\u6c17\u8efd\u306b\u304a\u554f\u3044\u5408\u308f\u305b\u304f\u3060\u3055\u3044\u3002\u30b3\u30f3\u30bf\u30af\u30c8\uff1a\uff08\uff0b84) 933 15 99 88","robots":{"index":"index","follow":"follow","max-snippet":"max-snippet:-1","max-image-preview":"max-image-preview:large","max-video-preview":"max-video-preview:-1"},"canonical":"https:\/\/shojiki.vn\/ja","og_locale":"ja_JP","og_type":"article","og_title":"\u30d9\u30c8\u30ca\u30e0\u5c4b\u5916\u5e83\u544a\u306a\u3089\u30b7\u30e7\u30b8\u30ad - \uff33\uff28\uff2f\uff2a\uff29\uff2b\uff29","og_description":"\u30d9\u30c8\u30ca\u30e0\u5c4b\u5916\u5e83\u544a\u3092\u30d3\u30eb\u30dc\u30fc\u30c9\u3001LED\u30c7\u30a3\u30b9\u30d7\u30ec\u30a4\u3001\u30d0\u30b9\u3001\u98db\u884c\u6a5f\u3001\u30bf\u30af\u30b7\u30fc\u306a\u3069\u53d6\u308a\u6271\u3044\u307e\u3059\u3002\u65e5\u672c\u8a9e\u30b5\u30dd\u30fc\u30c8\u306a\u306e\u3067\u3001\u3054\u4e0d\u660e\u70b9\u3084\u3054\u76f8\u8ac7\u304c\u3054\u3056\u3044\u307e\u3057\u305f\u3089\u3001\u304a\u6c17\u8efd\u306b\u304a\u554f\u3044\u5408\u308f\u305b\u304f\u3060\u3055\u3044\u3002\u30b3\u30f3\u30bf\u30af\u30c8\uff1a\uff08\uff0b84) 933 15 99 88","og_url":"https:\/\/shojiki.vn\/ja","og_site_name":"Shojiki.vn","article_modified_time":"2025-05-12T10:27:45+00:00","og_image":[{"width":1134,"height":1135,"url":"https:\/\/shojiki.vn\/wp-content\/uploads\/2020\/09\/qu\u1ea3ng-c\u00e1o-ngo\u00e0i-tr\u1eddi.jpg","type":"image\/jpeg"}],"twitter_misc":{"\u63a8\u5b9a\u8aad\u307f\u53d6\u308a\u6642\u9593":"4\u5206"},"schema":{"@context":"https:\/\/schema.org","@graph":[{"@type":"WebPage","@id":"https:\/\/shojiki.vn\/ja","url":"https:\/\/shojiki.vn\/ja","name":"\u30d9\u30c8\u30ca\u30e0\u5c4b\u5916\u5e83\u544a\u306a\u3089\u30b7\u30e7\u30b8\u30ad - \uff33\uff28\uff2f\uff2a\uff29\uff2b\uff29","isPartOf":{"@id":"https:\/\/shojiki.vn\/#website"},"primaryImageOfPage":{"@id":"https:\/\/shojiki.vn\/ja#primaryimage"},"image":{"@id":"https:\/\/shojiki.vn\/ja#primaryimage"},"thumbnailUrl":"https:\/\/shojiki.vn\/wp-content\/uploads\/2020\/09\/qu\u1ea3ng-c\u00e1o-ngo\u00e0i-tr\u1eddi.jpg","datePublished":"2015-04-16T17:00:16+00:00","dateModified":"2025-05-12T10:27:45+00:00","description":"\u30d9\u30c8\u30ca\u30e0\u5c4b\u5916\u5e83\u544a\u3092\u30d3\u30eb\u30dc\u30fc\u30c9\u3001LED\u30c7\u30a3\u30b9\u30d7\u30ec\u30a4\u3001\u30d0\u30b9\u3001\u98db\u884c\u6a5f\u3001\u30bf\u30af\u30b7\u30fc\u306a\u3069\u53d6\u308a\u6271\u3044\u307e\u3059\u3002\u65e5\u672c\u8a9e\u30b5\u30dd\u30fc\u30c8\u306a\u306e\u3067\u3001\u3054\u4e0d\u660e\u70b9\u3084\u3054\u76f8\u8ac7\u304c\u3054\u3056\u3044\u307e\u3057\u305f\u3089\u3001\u304a\u6c17\u8efd\u306b\u304a\u554f\u3044\u5408\u308f\u305b\u304f\u3060\u3055\u3044\u3002\u30b3\u30f3\u30bf\u30af\u30c8\uff1a\uff08\uff0b84) 933 15 99 88","breadcrumb":{"@id":"https:\/\/shojiki.vn\/ja#breadcrumb"},"inLanguage":"ja","potentialAction":[{"@type":"ReadAction","target":["https:\/\/shojiki.vn\/ja"]}]},{"@type":"ImageObject","inLanguage":"ja","@id":"https:\/\/shojiki.vn\/ja#primaryimage","url":"https:\/\/shojiki.vn\/wp-content\/uploads\/2020\/09\/qu\u1ea3ng-c\u00e1o-ngo\u00e0i-tr\u1eddi.jpg","contentUrl":"https:\/\/shojiki.vn\/wp-content\/uploads\/2020\/09\/qu\u1ea3ng-c\u00e1o-ngo\u00e0i-tr\u1eddi.jpg","width":1134,"height":1135,"caption":"qu\u1ea3ng c\u00e1o ngo\u00e0i tr\u1eddi"},{"@type":"BreadcrumbList","@id":"https:\/\/shojiki.vn\/ja#breadcrumb","itemListElement":[{"@type":"ListItem","position":1,"name":"Home","item":"https:\/\/shojiki.vn\/ja"},{"@type":"ListItem","position":2,"name":"\u30db\u30fc\u30e0"}]},{"@type":"WebSite","@id":"https:\/\/shojiki.vn\/#website","url":"https:\/\/shojiki.vn\/","name":"Shojiki.vn","description":"","potentialAction":[{"@type":"SearchAction","target":{"@type":"EntryPoint","urlTemplate":"https:\/\/shojiki.vn\/?s={search_term_string}"},"query-input":{"@type":"PropertyValueSpecification","valueRequired":true,"valueName":"search_term_string"}}],"inLanguage":"ja"}]}},"_links":{"self":[{"href":"https:\/\/shojiki.vn\/ja\/wp-json\/wp\/v2\/pages\/343"}],"collection":[{"href":"https:\/\/shojiki.vn\/ja\/wp-json\/wp\/v2\/pages"}],"about":[{"href":"https:\/\/shojiki.vn\/ja\/wp-json\/wp\/v2\/types\/page"}],"author":[{"embeddable":true,"href":"https:\/\/shojiki.vn\/ja\/wp-json\/wp\/v2\/users\/1"}],"replies":[{"embeddable":true,"href":"https:\/\/shojiki.vn\/ja\/wp-json\/wp\/v2\/comments?post=343"}],"version-history":[{"count":33,"href":"https:\/\/shojiki.vn\/ja\/wp-json\/wp\/v2\/pages\/343\/revisions"}],"predecessor-version":[{"id":17035,"href":"https:\/\/shojiki.vn\/ja\/wp-json\/wp\/v2\/pages\/343\/revisions\/17035"}],"wp:featuredmedia":[{"embeddable":true,"href":"https:\/\/shojiki.vn\/ja\/wp-json\/wp\/v2\/media\/5105"}],"wp:attachment":[{"href":"https:\/\/shojiki.vn\/ja\/wp-json\/wp\/v2\/media?parent=343"}],"curies":[{"name":"wp","href":"https:\/\/api.w.org\/{rel}","templated":true}]}}