{"id":2719,"date":"2018-06-13T14:31:53","date_gmt":"2018-06-13T07:31:53","guid":{"rendered":"https:\/\/shojiki.vn\/ooh-advertising\/quang-cao-cong-cho"},"modified":"2020-04-07T17:39:17","modified_gmt":"2020-04-07T10:39:17","slug":"quang-cao-cong-cho","status":"publish","type":"page","link":"https:\/\/shojiki.vn\/ja\/ooh-advertising\/quang-cao-cong-cho","title":{"rendered":"Qu\u1ea3ng c\u00e1o c\u1ed5ng ch\u1ee3"},"content":{"rendered":"<p><b>Qu\u1ea3ng c\u00e1o c\u1ed5ng ch\u1ee3<\/b><\/p>\n<p><span style=\"font-weight: 400;\">Qu\u1ea3ng c\u00e1o c\u1ed5ng ch\u1ee3 l\u00e0 h\u00ecnh th\u1ee9c qu\u1ea3ng c\u00e1o truy\u1ec1n th\u1ed1ng ph\u00f9 h\u1ee3p v\u1edbi l\u1ed1i s\u1ed1ng v\u00e0 th\u00f3i quen c\u1ee7a ng\u01b0\u1eddi Vi\u1ec7t. \u0110\u1ed1i t\u01b0\u1ee3ng nh\u1eafm t\u1edbi c\u1ee7a lo\u1ea1i h\u00ecnh qu\u1ea3ng c\u00e1o n\u00e0y l\u00e0 c\u00e1c b\u00e0 n\u1ed9i tr\u1ee3 &#8211; ng\u01b0\u1eddi quy\u1ebft \u0111\u1ecbnh ch\u00ednh chi ti\u00eau trong gia \u0111\u00ecnh. N\u00ean c\u00e1c nh\u00e3n h\u00e0ng thu\u1ed9c l\u0129nh v\u1ef1c FMCG nh\u01b0 th\u1ef1c ph\u1ea9m, \u0111\u1ed3 gia d\u1ee5ng, ch\u0103m s\u00f3c s\u1ee9c kh\u1ecfe gia \u0111\u00ecnh&#8230;th\u01b0\u1eddng l\u1ef1a ch\u1ecdn qu\u1ea3ng c\u00e1o c\u1ee7a c\u1ed5ng ch\u1ee3.<\/span><\/p>\n<p><b>L\u1ee3i \u00edch qu\u1ea3ng c\u00e1o c\u1ed5ng ch\u1ee3<\/b><\/p>\n<ul>\n<li><b>V\u1ecb tr\u00ed qu\u1ea3ng c\u00e1o \u0111\u1eb9p<\/b><\/li>\n<\/ul>\n<p><span style=\"font-weight: 400;\">Ch\u1ee3 th\u01b0\u1eddng t\u1ecda l\u1ea1c \u1edf c\u00e1c v\u1ecb tr\u00ed \u0111\u1eafc \u0111\u1ecba nh\u01b0 ng\u00e3 3, ng\u00e3 4, khu v\u1ef1c \u0111\u00f4ng ng\u01b0\u1eddi qua l\u1ea1i&#8230;\u0110\u00e2y l\u00e0 m\u1ed9t thu\u1eadn l\u1ee3i \u0111\u1ec3 \u0111\u1eb7t c\u00e1c bi\u1ec3n qu\u1ea3ng c\u00e1o ngo\u00e0i tr\u1eddi. B\u00ean c\u1ea1nh \u0111\u00f3, khi \u0111\u1eb7t bi\u1ec3n qu\u1ea3ng c\u00e1o ngo\u00e0i c\u1ed5ng ch\u1ee3, c\u00e1c ph\u01b0\u01a1ng ti\u1ec7n giao th\u00f4ng \u0111i qua c\u0169ng s\u1ebd b\u1eaft g\u1eb7p.<\/span><\/p>\n<ul>\n<li><b>Ti\u1ebfp c\u1eadn v\u1edbi kh\u00e1ch m\u1ed9t c\u00e1ch g\u1ea7n g\u0169i<\/b><\/li>\n<\/ul>\n<p><span style=\"font-weight: 400;\">Quy m\u00f4 c\u1ee7a ch\u1ee3 c\u0169ng kh\u00f4ng kh\u00e1 l\u1edbn n\u00ean kh\u00e1ch h\u00e0ng d\u1ec5 d\u00e0ng b\u1eaft g\u1eb7p nhi\u1ec1u l\u1ea7n khi d\u1ea1o mua s\u1eafm.<\/span><\/p>\n<ul>\n<li><b>H\u01b0\u1edbng t\u1edbi nh\u00f3m \u0111\u1ed1i t\u01b0\u1ee3ng c\u1ee5 th\u1ec3<\/b><\/li>\n<\/ul>\n<p><span style=\"font-weight: 400;\">Ch\u1ee7 y\u1ebfu l\u00e0 c\u00e1c b\u00e0 n\u1ed9i ch\u1ee3, ng\u01b0\u1eddi n\u1eafm gi\u1eef ti\u1ec1n b\u1ea1c trong gia \u0111\u00ecnh, n\u00ean h\u1ecd c\u00f3 th\u1ec3 ch\u1ee7 \u0111\u1ed9ng chi ti\u00eau.<\/span><\/p>\n<ul>\n<li><b>Chi ph\u00ed r\u1ebb<\/b><\/li>\n<\/ul>\n<p><span style=\"font-weight: 400;\">\u00a0H\u00ecnh th\u1ee9c qu\u1ea3ng c\u00e1o c\u1ed5ng ch\u1ee3 kh\u00e1 r\u1ebb do k\u00edch th\u01b0\u1edbc bi\u1ec3n nh\u1ecf h\u01a1n c\u00e1c h\u00ecnh th\u1ee9c qu\u1ea3ng c\u00e1o kh\u00e1c nh\u01b0 pano.<\/span><\/p>\n<p>&nbsp;<\/p>\n<p><span style=\"font-weight: 400;\">M\u1eb7c d\u00f9 c\u00e0ng ng\u00e0y c\u00e0ng nhi\u1ec1u \u0111\u1ecba \u0111i\u1ec3m mua s\u1eafm ti\u1ec7n l\u1ee3i h\u01a1n xu\u1ea5t hi\u1ec7n, nh\u01b0ng ch\u1ee3 v\u1eabn l\u00e0 gi\u00e1 tr\u1ecb \u0103n s\u00e2u v\u00e0o ti\u1ec1m th\u1ee9c c\u1ee7a ng\u01b0\u1eddi Vi\u1ec7t. V\u00ec v\u1eady, qu\u1ea3ng c\u00e1o c\u1ed5ng ch\u1ee3 c\u0169ng l\u00e0 h\u00ecnh th\u1ee9c qu\u1ea3ng b\u00e1 nh\u00e3n hi\u1ec7u ti\u1ec1m n\u0103ng. <\/span><\/p>\n<p><a class=\"dt-single-image\" href=\"https:\/\/shojiki.vn\/template\/uploads\/2018\/06\/Picture4.jpg\" data-dt-img-description=\"\"><img loading=\"lazy\" decoding=\"async\" class=\"alignnone size-medium wp-image-2335\" src=\"https:\/\/shojiki.vn\/template\/uploads\/2018\/06\/Picture4-300x177.jpg\" alt=\"\" width=\"300\" height=\"177\" srcset=\"https:\/\/shojiki.vn\/wp-content\/uploads\/2018\/06\/Picture4-300x177.jpg 300w, https:\/\/shojiki.vn\/wp-content\/uploads\/2018\/06\/Picture4-768x452.jpg 768w, https:\/\/shojiki.vn\/wp-content\/uploads\/2018\/06\/Picture4-1030x607.jpg 1030w, https:\/\/shojiki.vn\/wp-content\/uploads\/2018\/06\/Picture4.jpg 1260w\" sizes=\"(max-width: 300px) 100vw, 300px\" \/><\/a><a class=\"dt-single-image\" href=\"https:\/\/shojiki.vn\/template\/uploads\/2018\/06\/Picture2.jpg\" data-dt-img-description=\"\"><img loading=\"lazy\" decoding=\"async\" class=\"alignnone size-medium wp-image-2332\" src=\"https:\/\/shojiki.vn\/template\/uploads\/2018\/06\/Picture2-300x200.jpg\" alt=\"\" width=\"300\" height=\"200\" srcset=\"https:\/\/shojiki.vn\/wp-content\/uploads\/2018\/06\/Picture2-300x200.jpg 300w, https:\/\/shojiki.vn\/wp-content\/uploads\/2018\/06\/Picture2-768x512.jpg 768w, https:\/\/shojiki.vn\/wp-content\/uploads\/2018\/06\/Picture2-1030x686.jpg 1030w, https:\/\/shojiki.vn\/wp-content\/uploads\/2018\/06\/Picture2.jpg 1114w\" sizes=\"(max-width: 300px) 100vw, 300px\" \/><\/a><a class=\"dt-single-image\" href=\"https:\/\/shojiki.vn\/template\/uploads\/2018\/06\/Picture3.jpg\" data-dt-img-description=\"\"><img loading=\"lazy\" decoding=\"async\" class=\"wp-image-2333 alignleft\" src=\"https:\/\/shojiki.vn\/template\/uploads\/2018\/06\/Picture3-300x177.jpg\" alt=\"\" width=\"339\" height=\"200\" srcset=\"https:\/\/shojiki.vn\/wp-content\/uploads\/2018\/06\/Picture3-300x177.jpg 300w, https:\/\/shojiki.vn\/wp-content\/uploads\/2018\/06\/Picture3-768x453.jpg 768w, https:\/\/shojiki.vn\/wp-content\/uploads\/2018\/06\/Picture3-1030x607.jpg 1030w, https:\/\/shojiki.vn\/wp-content\/uploads\/2018\/06\/Picture3.jpg 1364w\" sizes=\"(max-width: 339px) 100vw, 339px\" \/><\/a><a class=\"dt-single-image\" href=\"https:\/\/shojiki.vn\/template\/uploads\/2018\/06\/Picture1.jpg\" data-dt-img-description=\"\"><img loading=\"lazy\" decoding=\"async\" class=\"size-medium wp-image-2331 alignleft\" src=\"https:\/\/shojiki.vn\/template\/uploads\/2018\/06\/Picture1-300x200.jpg\" alt=\"\" width=\"300\" height=\"200\" srcset=\"https:\/\/shojiki.vn\/wp-content\/uploads\/2018\/06\/Picture1-300x200.jpg 300w, https:\/\/shojiki.vn\/wp-content\/uploads\/2018\/06\/Picture1-768x512.jpg 768w, https:\/\/shojiki.vn\/wp-content\/uploads\/2018\/06\/Picture1-1030x686.jpg 1030w, https:\/\/shojiki.vn\/wp-content\/uploads\/2018\/06\/Picture1.jpg 1114w\" sizes=\"(max-width: 300px) 100vw, 300px\" \/><\/a><\/p>\n<p>&nbsp;<\/p>\n<p>&nbsp;<\/p>\n<p>&nbsp;<\/p>\n<p>&nbsp;<\/p>\n<p>&nbsp;<\/p>\n<p>&nbsp;<\/p>\n<p>&nbsp;<\/p>\n<p>H\u00e3y\u00a0<a href=\"https:\/\/shojiki.vn\/ja\/contact-us\">li\u00ean h\u1ec7<\/a>\u00a0v\u1edbi ch\u00fang t\u00f4i ngay \u0111\u1ec3 \u0111\u01b0\u1ee3c t\u01b0 v\u1ea5n!<\/p>\n<p>Ngo\u00e0i ra b\u1ea1n c\u00f3 th\u1ec3 t\u00ecm hi\u1ec3u th\u00eam c\u00e1c h\u00ecnh th\u1ee9c qu\u1ea3ng c\u00e1o ngo\u00e0i tr\u1eddi kh\u00e1c c\u1ee7a ch\u00fang t\u00f4i:<\/p>\n<ul>\n<li><a href=\"\/?page_id=2348\">Qu\u1ea3ng c\u00e1o m\u00e0n h\u00ecnh LED ngo\u00e0i tr\u1eddi<\/a><\/li>\n<li><a href=\"https:\/\/shojiki.vn\/ja\/ooh-advertising\/billboard\">Qu\u1ea3ng c\u00e1o bi\u1ec3n b\u1ea3ng, billboard, pano<\/a><\/li>\n<li><a href=\"https:\/\/shojiki.vn\/ja\/ooh-advertising\/airplane-advertising\">Qu\u1ea3ng c\u00e1o m\u00e1y bay<\/a><\/li>\n<li><a href=\"https:\/\/shojiki.vn\/ja\/ooh-advertising\/airport-advertising\">Qu\u1ea3ng c\u00e1o s\u00e2n bay<\/a><\/li>\n<li><a href=\"https:\/\/shojiki.vn\/ja\/ooh-advertising\/taxi-advertising\">Qu\u1ea3ng c\u00e1o xe taxi<\/a><\/li>\n<li><a href=\"https:\/\/shojiki.vn\/ja\/ooh-advertising\/bus-advertising\">Qu\u1ea3ng c\u00e1o xe bu\u00fdt<\/a><\/li>\n<li><a href=\"\/?page_id=2634\">Qu\u1ea3ng c\u00e1o m\u00e1y b\u00e1n h\u00e0ng t\u1ef1 \u0111\u1ed9ng<\/a><\/li>\n<\/ul>\n<p>&nbsp;<\/p>\n","protected":false},"excerpt":{"rendered":"<p>Qu\u1ea3ng c\u00e1o c\u1ed5ng ch\u1ee3 Qu\u1ea3ng c\u00e1o c\u1ed5ng ch\u1ee3 l\u00e0 h\u00ecnh th\u1ee9c qu\u1ea3ng c\u00e1o truy\u1ec1n th\u1ed1ng ph\u00f9 h\u1ee3p v\u1edbi l\u1ed1i s\u1ed1ng v\u00e0 th\u00f3i quen c\u1ee7&hellip;<\/p>\n","protected":false},"author":1,"featured_media":2333,"parent":212,"menu_order":0,"comment_status":"closed","ping_status":"closed","template":"","meta":{"_acf_changed":false,"footnotes":""},"class_list":["post-2719","page","type-page","status-publish","has-post-thumbnail","hentry","description-off"],"acf":[],"yoast_head":"<!-- This site is optimized with the Yoast SEO plugin v25.6 - https:\/\/yoast.com\/wordpress\/plugins\/seo\/ -->\n<title>Qu\u1ea3ng c\u00e1o c\u1ed5ng ch\u1ee3 - Shojiki.vn<\/title>\n<meta name=\"robots\" content=\"index, follow, max-snippet:-1, max-image-preview:large, max-video-preview:-1\" \/>\n<link rel=\"canonical\" href=\"https:\/\/shojiki.vn\/ja\/ooh-advertising\/quang-cao-cong-cho\" \/>\n<meta property=\"og:locale\" content=\"ja_JP\" \/>\n<meta property=\"og:type\" content=\"article\" \/>\n<meta property=\"og:title\" content=\"Qu\u1ea3ng c\u00e1o c\u1ed5ng ch\u1ee3 - Shojiki.vn\" \/>\n<meta property=\"og:description\" content=\"Qu\u1ea3ng c\u00e1o c\u1ed5ng ch\u1ee3 Qu\u1ea3ng c\u00e1o c\u1ed5ng ch\u1ee3 l\u00e0 h\u00ecnh th\u1ee9c qu\u1ea3ng c\u00e1o truy\u1ec1n th\u1ed1ng ph\u00f9 h\u1ee3p v\u1edbi l\u1ed1i s\u1ed1ng v\u00e0 th\u00f3i quen c\u1ee7&hellip;\" \/>\n<meta property=\"og:url\" content=\"https:\/\/shojiki.vn\/ja\/ooh-advertising\/quang-cao-cong-cho\" \/>\n<meta property=\"og:site_name\" content=\"Shojiki.vn\" \/>\n<meta property=\"article:modified_time\" content=\"2020-04-07T10:39:17+00:00\" \/>\n<meta property=\"og:image\" content=\"https:\/\/shojiki.vn\/template\/uploads\/2018\/06\/Picture3.jpg\" \/>\n\t<meta property=\"og:image:width\" content=\"1364\" \/>\n\t<meta property=\"og:image:height\" content=\"804\" \/>\n\t<meta property=\"og:image:type\" content=\"image\/jpeg\" \/>\n<meta name=\"twitter:label1\" content=\"\u63a8\u5b9a\u8aad\u307f\u53d6\u308a\u6642\u9593\" \/>\n\t<meta name=\"twitter:data1\" content=\"3\u5206\" \/>\n<script type=\"application\/ld+json\" class=\"yoast-schema-graph\">{\"@context\":\"https:\/\/schema.org\",\"@graph\":[{\"@type\":\"WebPage\",\"@id\":\"https:\/\/shojiki.vn\/ja\/ooh-advertising\/quang-cao-cong-cho\",\"url\":\"https:\/\/shojiki.vn\/ja\/ooh-advertising\/quang-cao-cong-cho\",\"name\":\"Qu\u1ea3ng c\u00e1o c\u1ed5ng ch\u1ee3 - Shojiki.vn\",\"isPartOf\":{\"@id\":\"https:\/\/shojiki.vn\/#website\"},\"primaryImageOfPage\":{\"@id\":\"https:\/\/shojiki.vn\/ja\/ooh-advertising\/quang-cao-cong-cho#primaryimage\"},\"image\":{\"@id\":\"https:\/\/shojiki.vn\/ja\/ooh-advertising\/quang-cao-cong-cho#primaryimage\"},\"thumbnailUrl\":\"https:\/\/shojiki.vn\/wp-content\/uploads\/2018\/06\/Picture3.jpg\",\"datePublished\":\"2018-06-13T07:31:53+00:00\",\"dateModified\":\"2020-04-07T10:39:17+00:00\",\"breadcrumb\":{\"@id\":\"https:\/\/shojiki.vn\/ja\/ooh-advertising\/quang-cao-cong-cho#breadcrumb\"},\"inLanguage\":\"ja\",\"potentialAction\":[{\"@type\":\"ReadAction\",\"target\":[\"https:\/\/shojiki.vn\/ja\/ooh-advertising\/quang-cao-cong-cho\"]}]},{\"@type\":\"ImageObject\",\"inLanguage\":\"ja\",\"@id\":\"https:\/\/shojiki.vn\/ja\/ooh-advertising\/quang-cao-cong-cho#primaryimage\",\"url\":\"https:\/\/shojiki.vn\/wp-content\/uploads\/2018\/06\/Picture3.jpg\",\"contentUrl\":\"https:\/\/shojiki.vn\/wp-content\/uploads\/2018\/06\/Picture3.jpg\",\"width\":\"1364\",\"height\":\"804\"},{\"@type\":\"BreadcrumbList\",\"@id\":\"https:\/\/shojiki.vn\/ja\/ooh-advertising\/quang-cao-cong-cho#breadcrumb\",\"itemListElement\":[{\"@type\":\"ListItem\",\"position\":1,\"name\":\"Home\",\"item\":\"https:\/\/shojiki.vn\/ja\"},{\"@type\":\"ListItem\",\"position\":2,\"name\":\"\u5c4b\u5916\u5e83\u544a\",\"item\":\"https:\/\/shojiki.vn\/ja\/ooh-advertising\"},{\"@type\":\"ListItem\",\"position\":3,\"name\":\"Qu\u1ea3ng c\u00e1o c\u1ed5ng ch\u1ee3\"}]},{\"@type\":\"WebSite\",\"@id\":\"https:\/\/shojiki.vn\/#website\",\"url\":\"https:\/\/shojiki.vn\/\",\"name\":\"Shojiki.vn\",\"description\":\"\",\"potentialAction\":[{\"@type\":\"SearchAction\",\"target\":{\"@type\":\"EntryPoint\",\"urlTemplate\":\"https:\/\/shojiki.vn\/?s={search_term_string}\"},\"query-input\":{\"@type\":\"PropertyValueSpecification\",\"valueRequired\":true,\"valueName\":\"search_term_string\"}}],\"inLanguage\":\"ja\"}]}<\/script>\n<!-- \/ Yoast SEO plugin. -->","yoast_head_json":{"title":"Qu\u1ea3ng c\u00e1o c\u1ed5ng ch\u1ee3 - Shojiki.vn","robots":{"index":"index","follow":"follow","max-snippet":"max-snippet:-1","max-image-preview":"max-image-preview:large","max-video-preview":"max-video-preview:-1"},"canonical":"https:\/\/shojiki.vn\/ja\/ooh-advertising\/quang-cao-cong-cho","og_locale":"ja_JP","og_type":"article","og_title":"Qu\u1ea3ng c\u00e1o c\u1ed5ng ch\u1ee3 - Shojiki.vn","og_description":"Qu\u1ea3ng c\u00e1o c\u1ed5ng ch\u1ee3 Qu\u1ea3ng c\u00e1o c\u1ed5ng ch\u1ee3 l\u00e0 h\u00ecnh th\u1ee9c qu\u1ea3ng c\u00e1o truy\u1ec1n th\u1ed1ng ph\u00f9 h\u1ee3p v\u1edbi l\u1ed1i s\u1ed1ng v\u00e0 th\u00f3i quen c\u1ee7&hellip;","og_url":"https:\/\/shojiki.vn\/ja\/ooh-advertising\/quang-cao-cong-cho","og_site_name":"Shojiki.vn","article_modified_time":"2020-04-07T10:39:17+00:00","og_image":[{"width":1364,"height":804,"url":"https:\/\/shojiki.vn\/template\/uploads\/2018\/06\/Picture3.jpg","type":"image\/jpeg"}],"twitter_misc":{"\u63a8\u5b9a\u8aad\u307f\u53d6\u308a\u6642\u9593":"3\u5206"},"schema":{"@context":"https:\/\/schema.org","@graph":[{"@type":"WebPage","@id":"https:\/\/shojiki.vn\/ja\/ooh-advertising\/quang-cao-cong-cho","url":"https:\/\/shojiki.vn\/ja\/ooh-advertising\/quang-cao-cong-cho","name":"Qu\u1ea3ng c\u00e1o c\u1ed5ng ch\u1ee3 - Shojiki.vn","isPartOf":{"@id":"https:\/\/shojiki.vn\/#website"},"primaryImageOfPage":{"@id":"https:\/\/shojiki.vn\/ja\/ooh-advertising\/quang-cao-cong-cho#primaryimage"},"image":{"@id":"https:\/\/shojiki.vn\/ja\/ooh-advertising\/quang-cao-cong-cho#primaryimage"},"thumbnailUrl":"https:\/\/shojiki.vn\/wp-content\/uploads\/2018\/06\/Picture3.jpg","datePublished":"2018-06-13T07:31:53+00:00","dateModified":"2020-04-07T10:39:17+00:00","breadcrumb":{"@id":"https:\/\/shojiki.vn\/ja\/ooh-advertising\/quang-cao-cong-cho#breadcrumb"},"inLanguage":"ja","potentialAction":[{"@type":"ReadAction","target":["https:\/\/shojiki.vn\/ja\/ooh-advertising\/quang-cao-cong-cho"]}]},{"@type":"ImageObject","inLanguage":"ja","@id":"https:\/\/shojiki.vn\/ja\/ooh-advertising\/quang-cao-cong-cho#primaryimage","url":"https:\/\/shojiki.vn\/wp-content\/uploads\/2018\/06\/Picture3.jpg","contentUrl":"https:\/\/shojiki.vn\/wp-content\/uploads\/2018\/06\/Picture3.jpg","width":"1364","height":"804"},{"@type":"BreadcrumbList","@id":"https:\/\/shojiki.vn\/ja\/ooh-advertising\/quang-cao-cong-cho#breadcrumb","itemListElement":[{"@type":"ListItem","position":1,"name":"Home","item":"https:\/\/shojiki.vn\/ja"},{"@type":"ListItem","position":2,"name":"\u5c4b\u5916\u5e83\u544a","item":"https:\/\/shojiki.vn\/ja\/ooh-advertising"},{"@type":"ListItem","position":3,"name":"Qu\u1ea3ng c\u00e1o c\u1ed5ng ch\u1ee3"}]},{"@type":"WebSite","@id":"https:\/\/shojiki.vn\/#website","url":"https:\/\/shojiki.vn\/","name":"Shojiki.vn","description":"","potentialAction":[{"@type":"SearchAction","target":{"@type":"EntryPoint","urlTemplate":"https:\/\/shojiki.vn\/?s={search_term_string}"},"query-input":{"@type":"PropertyValueSpecification","valueRequired":true,"valueName":"search_term_string"}}],"inLanguage":"ja"}]}},"_links":{"self":[{"href":"https:\/\/shojiki.vn\/ja\/wp-json\/wp\/v2\/pages\/2719"}],"collection":[{"href":"https:\/\/shojiki.vn\/ja\/wp-json\/wp\/v2\/pages"}],"about":[{"href":"https:\/\/shojiki.vn\/ja\/wp-json\/wp\/v2\/types\/page"}],"author":[{"embeddable":true,"href":"https:\/\/shojiki.vn\/ja\/wp-json\/wp\/v2\/users\/1"}],"replies":[{"embeddable":true,"href":"https:\/\/shojiki.vn\/ja\/wp-json\/wp\/v2\/comments?post=2719"}],"version-history":[{"count":2,"href":"https:\/\/shojiki.vn\/ja\/wp-json\/wp\/v2\/pages\/2719\/revisions"}],"predecessor-version":[{"id":3039,"href":"https:\/\/shojiki.vn\/ja\/wp-json\/wp\/v2\/pages\/2719\/revisions\/3039"}],"up":[{"embeddable":true,"href":"https:\/\/shojiki.vn\/ja\/wp-json\/wp\/v2\/pages\/212"}],"wp:featuredmedia":[{"embeddable":true,"href":"https:\/\/shojiki.vn\/ja\/wp-json\/wp\/v2\/media\/2333"}],"wp:attachment":[{"href":"https:\/\/shojiki.vn\/ja\/wp-json\/wp\/v2\/media?parent=2719"}],"curies":[{"name":"wp","href":"https:\/\/api.w.org\/{rel}","templated":true}]}}