{"id":212,"date":"2015-04-16T17:01:55","date_gmt":"2015-04-16T10:01:55","guid":{"rendered":"http:\/\/localhost:8081\/quangcaotramxang\/?page_id=212"},"modified":"2018-04-06T15:26:01","modified_gmt":"2018-04-06T08:26:01","slug":"ooh-advertising","status":"publish","type":"page","link":"https:\/\/shojiki.vn\/ja\/ooh-advertising","title":{"rendered":"\u5c4b\u5916\u5e83\u544a"},"content":{"rendered":"<div class=\"wpb-content-wrapper\"><p>[vc_row margin_top=&#8221;0&#8243; margin_bottom=&#8221;0&#8243;][vc_column width=&#8221;1\/3&#8243;]<section class=\"shortcode-teaser img-full frame-fancy frame-on text-centered\"><div class=\"shortcode-teaser-img\"><a class=\"layzr-bg rollover\" href=\"http:\/\/shojiki.vn\/ja\/ooh-advertising\/taxi-advertising\"><img loading=\"lazy\" decoding=\"async\" class=\"lazy-load\" src=\"data:image\/svg+xml;charset=utf-8,%3Csvg xmlns%3D&#039;http%3A%2F%2Fwww.w3.org%2F2000%2Fsvg&#039; viewBox%3D&#039;0 0 900 500&#039;%2F%3E\" width=\"900\" height=\"500\" data-srcset=\"https:\/\/shojiki.vn\/wp-content\/uploads\/2015\/04\/qc_taxi.png 900w\" data-src=\"https:\/\/shojiki.vn\/wp-content\/uploads\/2015\/04\/qc_taxi.png\" \/><\/a><\/div><div class=\"shortcode-teaser-content text-normal\"><h5>\u30bf\u30af\u30b7\u30fc\u5e83\u544a<\/h5>\n<\/div><\/section>[\/vc_column][vc_column width=&#8221;1\/3&#8243;]<section class=\"shortcode-teaser img-full frame-fancy frame-on text-centered\"><div class=\"shortcode-teaser-img\"><a class=\"layzr-bg rollover\" href=\"http:\/\/shojiki.vn\/ja\/ooh-advertising\/bus-advertising\"><img loading=\"lazy\" decoding=\"async\" class=\"lazy-load\" src=\"data:image\/svg+xml;charset=utf-8,%3Csvg xmlns%3D&#039;http%3A%2F%2Fwww.w3.org%2F2000%2Fsvg&#039; viewBox%3D&#039;0 0 900 500&#039;%2F%3E\" width=\"900\" height=\"500\" data-srcset=\"https:\/\/shojiki.vn\/wp-content\/uploads\/2015\/04\/qc_bus.png 900w\" data-src=\"https:\/\/shojiki.vn\/wp-content\/uploads\/2015\/04\/qc_bus.png\" \/><\/a><\/div><div class=\"shortcode-teaser-content text-normal\"><h5>\u30d0\u30b9\u5e83\u544a<\/h5>\n<\/div><\/section>[\/vc_column][vc_column width=&#8221;1\/3&#8243;]<section class=\"shortcode-teaser img-full frame-fancy frame-on text-centered\"><div class=\"shortcode-teaser-img\"><a class=\"layzr-bg rollover\" href=\"http:\/\/shojiki.vn\/ja\/ooh-advertising\/gasstation-advertising\"><img loading=\"lazy\" decoding=\"async\" class=\"lazy-load\" src=\"data:image\/svg+xml;charset=utf-8,%3Csvg xmlns%3D&#039;http%3A%2F%2Fwww.w3.org%2F2000%2Fsvg&#039; viewBox%3D&#039;0 0 401 236&#039;%2F%3E\" width=\"401\" height=\"236\" data-srcset=\"https:\/\/shojiki.vn\/wp-content\/uploads\/2015\/04\/tram-xang-e1522122177340.jpg 401w\" data-src=\"https:\/\/shojiki.vn\/wp-content\/uploads\/2015\/04\/tram-xang-e1522122177340.jpg\" \/><\/a><\/div><div class=\"shortcode-teaser-content text-normal\"><h5>\u30ac\u30bd\u30ea\u30f3\u30b9\u30bf\u30f3\u30c9\u5e83\u544a<\/h5>\n<\/div><\/section>[\/vc_column][\/vc_row][vc_row margin_top=&#8221;20&#8243; margin_bottom=&#8221;0&#8243;][vc_column width=&#8221;1\/3&#8243;]<section class=\"shortcode-teaser img-full frame-fancy frame-on text-centered\"><div class=\"shortcode-teaser-img\"><a class=\"layzr-bg rollover\" href=\"http:\/\/shojiki.vn\/ja\/ooh-advertising\/billboard\"><img loading=\"lazy\" decoding=\"async\" class=\"lazy-load\" src=\"data:image\/svg+xml;charset=utf-8,%3Csvg xmlns%3D&#039;http%3A%2F%2Fwww.w3.org%2F2000%2Fsvg&#039; viewBox%3D&#039;0 0 900 500&#039;%2F%3E\" width=\"900\" height=\"500\" data-srcset=\"https:\/\/shojiki.vn\/wp-content\/uploads\/2015\/02\/qc_bienbang.png 900w\" data-src=\"https:\/\/shojiki.vn\/wp-content\/uploads\/2015\/02\/qc_bienbang.png\" \/><\/a><\/div><div class=\"shortcode-teaser-content text-normal\"><h5>\u30d3\u30eb\u30dc\u30fc\u30c9\u5e83\u544a<\/h5>\n<\/div><\/section>[\/vc_column][vc_column width=&#8221;1\/3&#8243;]<section class=\"shortcode-teaser img-full frame-fancy frame-on\"><div class=\"shortcode-teaser-img\"><a class=\"layzr-bg rollover\" href=\"http:\/\/shojiki.vn\/ja\/ooh-advertising\/airplane-advertising\" target=\"_blank\"><img loading=\"lazy\" decoding=\"async\" class=\"lazy-load\" src=\"data:image\/svg+xml;charset=utf-8,%3Csvg xmlns%3D&#039;http%3A%2F%2Fwww.w3.org%2F2000%2Fsvg&#039; viewBox%3D&#039;0 0 900 500&#039;%2F%3E\" width=\"900\" height=\"500\" alt=\"qu\u1ea3ng c\u00e1o tr\u00ean m\u00e1y bay\" data-srcset=\"https:\/\/shojiki.vn\/wp-content\/uploads\/2015\/04\/Tren-may-bay.jpg 900w\" data-src=\"https:\/\/shojiki.vn\/wp-content\/uploads\/2015\/04\/Tren-may-bay.jpg\" \/><\/a><\/div><div class=\"shortcode-teaser-content text-normal\"><h5 style=\"text-align: center;\">\u822a\u7a7a\u5e83\u544a<\/h5>\n<\/div><\/section>[\/vc_column][vc_column width=&#8221;1\/3&#8243;]<section class=\"shortcode-teaser img-full frame-fancy frame-on\"><div class=\"shortcode-teaser-img\"><a class=\"layzr-bg rollover\" href=\"http:\/\/shojiki.vn\/ja\/ooh-advertising\/airport-advertising\" target=\"_blank\"><img loading=\"lazy\" decoding=\"async\" class=\"lazy-load\" src=\"data:image\/svg+xml;charset=utf-8,%3Csvg xmlns%3D&#039;http%3A%2F%2Fwww.w3.org%2F2000%2Fsvg&#039; viewBox%3D&#039;0 0 900 675&#039;%2F%3E\" width=\"900\" height=\"675\" alt=\"Qu\u1ea3ng c\u00e1o b\u1ea3ng LED k\u00edch th\u01b0\u1edbc l\u1edbn\" data-srcset=\"https:\/\/shojiki.vn\/wp-content\/uploads\/2016\/05\/IMG_1368.jpg 900w\" data-src=\"https:\/\/shojiki.vn\/wp-content\/uploads\/2016\/05\/IMG_1368.jpg\" \/><\/a><\/div><div class=\"shortcode-teaser-content text-normal\"><h5 style=\"text-align: center;\">\u7a7a\u6e2f\u5e83\u544a<\/h5>\n<\/div><\/section>[\/vc_column][\/vc_row][vc_row][vc_column width=&#8221;1\/3&#8243;]<section class=\"shortcode-teaser img-full frame-fancy frame-on\"><div class=\"shortcode-teaser-img\"><a class=\"layzr-bg rollover\" href=\"http:\/\/shojiki.vn\/ja\/ooh-advertising\/pop\" target=\"_blank\"><img loading=\"lazy\" decoding=\"async\" class=\"lazy-load\" src=\"data:image\/svg+xml;charset=utf-8,%3Csvg xmlns%3D&#039;http%3A%2F%2Fwww.w3.org%2F2000%2Fsvg&#039; viewBox%3D&#039;0 0 1326 911&#039;%2F%3E\" width=\"1326\" height=\"911\" alt=\"H\u1ed9p \u0111\u00e8n \u00e9p n\u1ed5i k\u00eanh si\u00eau th\u1ecb\" data-srcset=\"https:\/\/shojiki.vn\/wp-content\/uploads\/2015\/04\/hop-den-ep-noi-6.jpg 1326w\" data-src=\"https:\/\/shojiki.vn\/wp-content\/uploads\/2015\/04\/hop-den-ep-noi-6.jpg\" \/><\/a><\/div><div class=\"shortcode-teaser-content text-big\"><h5 style=\"text-align: center;\">POP<\/h5>\n<\/div><\/section>[\/vc_column][vc_column width=&#8221;1\/3&#8243;]<section class=\"shortcode-teaser img-full frame-fancy frame-on\"><div class=\"shortcode-teaser-img\"><a class=\"layzr-bg rollover\" href=\"http:\/\/shojiki.vn\/ja\/ooh-advertising\/event\" target=\"_blank\"><img loading=\"lazy\" decoding=\"async\" class=\"lazy-load\" src=\"data:image\/svg+xml;charset=utf-8,%3Csvg xmlns%3D&#039;http%3A%2F%2Fwww.w3.org%2F2000%2Fsvg&#039; viewBox%3D&#039;0 0 750 419&#039;%2F%3E\" width=\"750\" height=\"419\" data-srcset=\"https:\/\/shojiki.vn\/wp-content\/uploads\/2017\/09\/isuzu-4-1.jpg 750w\" data-src=\"https:\/\/shojiki.vn\/wp-content\/uploads\/2017\/09\/isuzu-4-1.jpg\" \/><\/a><\/div><div class=\"shortcode-teaser-content text-normal\"><h5 style=\"text-align: center;\"><span style=\"font-size: 10pt;\"><strong>\u30a4\u30d9\u30f3\u30c8\u904b\u55b6<\/strong><\/span><\/h5>\n<\/div><\/section>[\/vc_column][vc_column width=&#8221;1\/3&#8243;]<section class=\"shortcode-teaser img-full frame-fancy frame-on\"><div class=\"shortcode-teaser-img\"><a class=\"layzr-bg rollover\" href=\"http:\/\/shojiki.vn\/ja\/ooh-advertising\/new-tech\/hollobox\" target=\"_blank\"><img loading=\"lazy\" decoding=\"async\" class=\"lazy-load\" src=\"data:image\/svg+xml;charset=utf-8,%3Csvg xmlns%3D&#039;http%3A%2F%2Fwww.w3.org%2F2000%2Fsvg&#039; viewBox%3D&#039;0 0 900 500&#039;%2F%3E\" width=\"900\" height=\"500\" data-srcset=\"https:\/\/shojiki.vn\/wp-content\/uploads\/2015\/04\/holobox.jpg 900w\" data-src=\"https:\/\/shojiki.vn\/wp-content\/uploads\/2015\/04\/holobox.jpg\" \/><\/a><\/div><div class=\"shortcode-teaser-content text-big\"><h5 style=\"text-align: center;\">Holobox<\/h5>\n<\/div><\/section>[\/vc_column][\/vc_row][vc_row][vc_column width=&#8221;1\/3&#8243;]<section class=\"shortcode-teaser img-full frame-fancy frame-on\"><div class=\"shortcode-teaser-img\"><a class=\"layzr-bg rollover\" href=\"http:\/\/shojiki.vn\/ja\/ooh-advertising\/new-tech\/bike-advertising\" target=\"_blank\"><img loading=\"lazy\" decoding=\"async\" class=\"lazy-load\" src=\"data:image\/svg+xml;charset=utf-8,%3Csvg xmlns%3D&#039;http%3A%2F%2Fwww.w3.org%2F2000%2Fsvg&#039; viewBox%3D&#039;0 0 900 500&#039;%2F%3E\" width=\"900\" height=\"500\" data-srcset=\"https:\/\/shojiki.vn\/wp-content\/uploads\/2015\/04\/qc_xedap.png 900w\" data-src=\"https:\/\/shojiki.vn\/wp-content\/uploads\/2015\/04\/qc_xedap.png\" \/><\/a><\/div><div class=\"shortcode-teaser-content text-big\"><h5 style=\"text-align: center;\">\u81ea\u8ee2\u8eca\u5e83\u544a<\/h5>\n<\/div><\/section>[\/vc_column][vc_column width=&#8221;1\/3&#8243;]<section class=\"shortcode-teaser img-full frame-fancy frame-on\"><div class=\"shortcode-teaser-img\"><a class=\"layzr-bg rollover\" href=\"http:\/\/shojiki.vn\/ja\/ooh-advertising\/new-tech\/sushi-bar-advertising\" target=\"_blank\"><img loading=\"lazy\" decoding=\"async\" class=\"lazy-load\" src=\"data:image\/svg+xml;charset=utf-8,%3Csvg xmlns%3D&#039;http%3A%2F%2Fwww.w3.org%2F2000%2Fsvg&#039; viewBox%3D&#039;0 0 1271 953&#039;%2F%3E\" width=\"1271\" height=\"953\" data-srcset=\"https:\/\/shojiki.vn\/wp-content\/uploads\/2015\/06\/sushibarad1.jpg 1271w\" data-src=\"https:\/\/shojiki.vn\/wp-content\/uploads\/2015\/06\/sushibarad1.jpg\" \/><\/a><\/div><div class=\"shortcode-teaser-content text-big\"><h5 style=\"text-align: center;\">\u5bff\u53f8\u30ec\u30b9\u30c8\u30e9\u30f3\u5e83\u544a<\/h5>\n<\/div><\/section>[\/vc_column][vc_column width=&#8221;1\/3&#8243;][\/vc_column][\/vc_row]<\/p>\n<\/div>","protected":false},"excerpt":{"rendered":"<p>[vc_row margin_top=&#8221;0&#8243; margin_bottom=&#8221;0&#8243;][vc_column width=&#8221;1\/3&#8243;][\/vc_colum&hellip;<\/p>\n","protected":false},"author":1,"featured_media":0,"parent":0,"menu_order":0,"comment_status":"closed","ping_status":"closed","template":"","meta":{"_acf_changed":false,"footnotes":""},"class_list":["post-212","page","type-page","status-publish","hentry","description-off"],"acf":[],"yoast_head":"<!-- This site is optimized with the Yoast SEO plugin v25.6 - https:\/\/yoast.com\/wordpress\/plugins\/seo\/ -->\n<title>\u5c4b\u5916\u5e83\u544a - Shojiki.vn<\/title>\n<meta name=\"robots\" content=\"index, follow, max-snippet:-1, max-image-preview:large, max-video-preview:-1\" \/>\n<link rel=\"canonical\" href=\"https:\/\/shojiki.vn\/ja\/ooh-advertising\" \/>\n<meta property=\"og:locale\" content=\"ja_JP\" \/>\n<meta property=\"og:type\" content=\"article\" \/>\n<meta property=\"og:title\" content=\"\u5c4b\u5916\u5e83\u544a - Shojiki.vn\" \/>\n<meta property=\"og:description\" content=\"[vc_row margin_top=&#8221;0&#8243; margin_bottom=&#8221;0&#8243;][vc_column width=&#8221;1\/3&#8243;][\/vc_colum&hellip;\" \/>\n<meta property=\"og:url\" content=\"https:\/\/shojiki.vn\/ja\/ooh-advertising\" \/>\n<meta property=\"og:site_name\" content=\"Shojiki.vn\" \/>\n<meta property=\"article:modified_time\" content=\"2018-04-06T08:26:01+00:00\" \/>\n<meta name=\"twitter:label1\" content=\"\u63a8\u5b9a\u8aad\u307f\u53d6\u308a\u6642\u9593\" \/>\n\t<meta name=\"twitter:data1\" content=\"2\u5206\" \/>\n<script type=\"application\/ld+json\" class=\"yoast-schema-graph\">{\"@context\":\"https:\/\/schema.org\",\"@graph\":[{\"@type\":\"WebPage\",\"@id\":\"https:\/\/shojiki.vn\/ja\/ooh-advertising\",\"url\":\"https:\/\/shojiki.vn\/ja\/ooh-advertising\",\"name\":\"\u5c4b\u5916\u5e83\u544a - Shojiki.vn\",\"isPartOf\":{\"@id\":\"https:\/\/shojiki.vn\/#website\"},\"datePublished\":\"2015-04-16T10:01:55+00:00\",\"dateModified\":\"2018-04-06T08:26:01+00:00\",\"breadcrumb\":{\"@id\":\"https:\/\/shojiki.vn\/ja\/ooh-advertising#breadcrumb\"},\"inLanguage\":\"ja\",\"potentialAction\":[{\"@type\":\"ReadAction\",\"target\":[\"https:\/\/shojiki.vn\/ja\/ooh-advertising\"]}]},{\"@type\":\"BreadcrumbList\",\"@id\":\"https:\/\/shojiki.vn\/ja\/ooh-advertising#breadcrumb\",\"itemListElement\":[{\"@type\":\"ListItem\",\"position\":1,\"name\":\"Home\",\"item\":\"https:\/\/shojiki.vn\/ja\"},{\"@type\":\"ListItem\",\"position\":2,\"name\":\"\u5c4b\u5916\u5e83\u544a\"}]},{\"@type\":\"WebSite\",\"@id\":\"https:\/\/shojiki.vn\/#website\",\"url\":\"https:\/\/shojiki.vn\/\",\"name\":\"Shojiki.vn\",\"description\":\"\",\"potentialAction\":[{\"@type\":\"SearchAction\",\"target\":{\"@type\":\"EntryPoint\",\"urlTemplate\":\"https:\/\/shojiki.vn\/?s={search_term_string}\"},\"query-input\":{\"@type\":\"PropertyValueSpecification\",\"valueRequired\":true,\"valueName\":\"search_term_string\"}}],\"inLanguage\":\"ja\"}]}<\/script>\n<!-- \/ Yoast SEO plugin. -->","yoast_head_json":{"title":"\u5c4b\u5916\u5e83\u544a - Shojiki.vn","robots":{"index":"index","follow":"follow","max-snippet":"max-snippet:-1","max-image-preview":"max-image-preview:large","max-video-preview":"max-video-preview:-1"},"canonical":"https:\/\/shojiki.vn\/ja\/ooh-advertising","og_locale":"ja_JP","og_type":"article","og_title":"\u5c4b\u5916\u5e83\u544a - Shojiki.vn","og_description":"[vc_row margin_top=&#8221;0&#8243; margin_bottom=&#8221;0&#8243;][vc_column width=&#8221;1\/3&#8243;][\/vc_colum&hellip;","og_url":"https:\/\/shojiki.vn\/ja\/ooh-advertising","og_site_name":"Shojiki.vn","article_modified_time":"2018-04-06T08:26:01+00:00","twitter_misc":{"\u63a8\u5b9a\u8aad\u307f\u53d6\u308a\u6642\u9593":"2\u5206"},"schema":{"@context":"https:\/\/schema.org","@graph":[{"@type":"WebPage","@id":"https:\/\/shojiki.vn\/ja\/ooh-advertising","url":"https:\/\/shojiki.vn\/ja\/ooh-advertising","name":"\u5c4b\u5916\u5e83\u544a - Shojiki.vn","isPartOf":{"@id":"https:\/\/shojiki.vn\/#website"},"datePublished":"2015-04-16T10:01:55+00:00","dateModified":"2018-04-06T08:26:01+00:00","breadcrumb":{"@id":"https:\/\/shojiki.vn\/ja\/ooh-advertising#breadcrumb"},"inLanguage":"ja","potentialAction":[{"@type":"ReadAction","target":["https:\/\/shojiki.vn\/ja\/ooh-advertising"]}]},{"@type":"BreadcrumbList","@id":"https:\/\/shojiki.vn\/ja\/ooh-advertising#breadcrumb","itemListElement":[{"@type":"ListItem","position":1,"name":"Home","item":"https:\/\/shojiki.vn\/ja"},{"@type":"ListItem","position":2,"name":"\u5c4b\u5916\u5e83\u544a"}]},{"@type":"WebSite","@id":"https:\/\/shojiki.vn\/#website","url":"https:\/\/shojiki.vn\/","name":"Shojiki.vn","description":"","potentialAction":[{"@type":"SearchAction","target":{"@type":"EntryPoint","urlTemplate":"https:\/\/shojiki.vn\/?s={search_term_string}"},"query-input":{"@type":"PropertyValueSpecification","valueRequired":true,"valueName":"search_term_string"}}],"inLanguage":"ja"}]}},"_links":{"self":[{"href":"https:\/\/shojiki.vn\/ja\/wp-json\/wp\/v2\/pages\/212"}],"collection":[{"href":"https:\/\/shojiki.vn\/ja\/wp-json\/wp\/v2\/pages"}],"about":[{"href":"https:\/\/shojiki.vn\/ja\/wp-json\/wp\/v2\/types\/page"}],"author":[{"embeddable":true,"href":"https:\/\/shojiki.vn\/ja\/wp-json\/wp\/v2\/users\/1"}],"replies":[{"embeddable":true,"href":"https:\/\/shojiki.vn\/ja\/wp-json\/wp\/v2\/comments?post=212"}],"version-history":[{"count":15,"href":"https:\/\/shojiki.vn\/ja\/wp-json\/wp\/v2\/pages\/212\/revisions"}],"predecessor-version":[{"id":1994,"href":"https:\/\/shojiki.vn\/ja\/wp-json\/wp\/v2\/pages\/212\/revisions\/1994"}],"wp:attachment":[{"href":"https:\/\/shojiki.vn\/ja\/wp-json\/wp\/v2\/media?parent=212"}],"curies":[{"name":"wp","href":"https:\/\/api.w.org\/{rel}","templated":true}]}}