{"id":2081,"date":"2018-04-06T14:10:41","date_gmt":"2018-04-06T07:10:41","guid":{"rendered":"http:\/\/shojiki.vn\/?page_id=2081"},"modified":"2018-04-14T13:42:26","modified_gmt":"2018-04-14T06:42:26","slug":"bike-advertising","status":"publish","type":"page","link":"https:\/\/shojiki.vn\/ja\/ooh-advertising\/bike-advertising","title":{"rendered":"\u81ea\u8ee2\u8eca\u5e83\u544a"},"content":{"rendered":"<p>TNS\u793e\u306e\u8abf\u67fb\u306b\u3088\u308b\u3068\u4eba\u53e3\u306e80%\u304c\u5e73\u65e5\u306b\u3082\u95a2\u308f\u3089\u305a\u5916\u51fa\u3059\u308b\u306e\u3092\u597d\u3080\u3068\u3044\u3046\u7d50\u679c\u304c\u51fa\u3066\u304a\u308a\u3001\u5c4b\u5916\u7279\u306b\u52d5\u3044\u3066\u3044\u308b\u3082\u306e\u306b\u95a2\u3057\u3066\u306f\u5bb9\u6613\u306b\u901a\u884c\u4eba\u306e\u76ee\u3092\u5f15\u304f\u3053\u3068\u304c\u53ef\u80fd\u3067\u3059\u3002<\/p>\n<p>\u81ea\u8ee2\u8eca\u5e83\u544a\u306f\u5c4b\u5916\u5e83\u544a\u306e\u4e2d\u3067\u3082\u65b0\u3057\u3044\u5e83\u544a\u5f62\u614b\u3067\u3001\u30d9\u30c8\u30ca\u30e0\u3067\u306f\u521d\u306e\u8a66\u307f\u3067\u3059\u3002<\/p>\n<p>\u30b9\u30c8\u30ea\u30fc\u30c8<\/p>\n<div id=\"attachment_899\" class=\"wp-caption aligncenter\">\n<p><a href=\"http:\/\/shojiki.vn\/template\/uploads\/2015\/06\/Untitled-1.jpg\"><img loading=\"lazy\" decoding=\"async\" class=\"wp-image-899 size-full\" src=\"http:\/\/shojiki.vn\/template\/uploads\/2015\/06\/Untitled-1.jpg\" sizes=\"(max-width: 600px) 100vw, 600px\" srcset=\"http:\/\/shojiki.vn\/template\/uploads\/2015\/06\/Untitled-1.jpg 600w, http:\/\/shojiki.vn\/template\/uploads\/2015\/06\/Untitled-1-300x200.jpg 300w\" alt=\"Qu\u1ea3ng c\u00e1o tr\u00ean b\u00e1nh xe \u0111\u1ea1p Electro Bike (Kino-mo display)\" width=\"600\" height=\"400\" \/><\/a><\/p>\n<p>\u99c5\u5c55\u793a<\/p>\n<p>&nbsp;<\/p>\n<\/div>\n<div id=\"attachment_901\" class=\"wp-caption aligncenter\">\n<p><a href=\"http:\/\/shojiki.vn\/template\/uploads\/2015\/06\/Untitled-2.jpg\"><img loading=\"lazy\" decoding=\"async\" class=\"wp-image-901 size-full\" src=\"http:\/\/shojiki.vn\/template\/uploads\/2015\/06\/Untitled-2.jpg\" sizes=\"(max-width: 600px) 100vw, 600px\" srcset=\"http:\/\/shojiki.vn\/template\/uploads\/2015\/06\/Untitled-2.jpg 600w, http:\/\/shojiki.vn\/template\/uploads\/2015\/06\/Untitled-2-300x200.jpg 300w\" alt=\"Electro Bike (Kino-mo display\" width=\"600\" height=\"400\" \/><\/a><\/p>\n<p class=\"wp-caption-text\">\u30b7\u30e7\u30c3\u30d7<\/p>\n<\/div>\n<div id=\"attachment_903\" class=\"wp-caption aligncenter\">\n<p><a href=\"http:\/\/shojiki.vn\/template\/uploads\/2015\/06\/Untitled-3.jpg\"><img loading=\"lazy\" decoding=\"async\" class=\"wp-image-903 size-full\" src=\"http:\/\/shojiki.vn\/template\/uploads\/2015\/06\/Untitled-3.jpg\" sizes=\"(max-width: 493px) 100vw, 493px\" srcset=\"http:\/\/shojiki.vn\/template\/uploads\/2015\/06\/Untitled-3.jpg 493w, http:\/\/shojiki.vn\/template\/uploads\/2015\/06\/Untitled-3-300x205.jpg 300w\" alt=\"Electro Bike (Kino-mo display) trang tr\u00ed t\u1ea1i shop\" width=\"493\" height=\"337\" \/><\/a><\/p>\n<p class=\"wp-caption-text\">\n<\/div>\n<p>\u30df\u30cb\u30b9\u30c8\u30c3\u30d7<\/p>\n<div id=\"attachment_1018\" class=\"wp-caption aligncenter\">\n<p><a href=\"http:\/\/shojiki.vn\/template\/uploads\/2015\/06\/Untitled-22.jpg\"><img loading=\"lazy\" decoding=\"async\" class=\"wp-image-1018 size-full\" src=\"http:\/\/shojiki.vn\/template\/uploads\/2015\/06\/Untitled-22.jpg\" sizes=\"(max-width: 1015px) 100vw, 1015px\" srcset=\"http:\/\/shojiki.vn\/template\/uploads\/2015\/06\/Untitled-22.jpg 1015w, http:\/\/shojiki.vn\/template\/uploads\/2015\/06\/Untitled-22-300x107.jpg 300w\" alt=\"qu\u1ea3ng c\u00e1o xe \u0111\u1ea1p \u0111i\u1ec7n electrobike t\u1ea1i minostop\" width=\"1015\" height=\"362\" \/><\/a><\/p>\n<\/div>\n<p>&nbsp;<\/p>\n<p>\u30b5\u30f3\u30d7\u30eb\u30d3\u30c7\u30aa<\/p>\n<p><iframe loading=\"lazy\" src=\"http:\/\/www.youtube.com\/embed\/qBNRmOkXU9w\" width=\"632\" height=\"556\" data-mce-fragment=\"1\"><\/iframe><\/p>\n<p><strong>EU\u3067\u306e\u8abf\u67fb<\/strong><\/p>\n<p>\u2013\u00a088% \u304c\u3059\u3050\u306b\u6c17\u4ed8\u304d\u3084\u3059\u3044\u3068\u56de\u7b54<br \/>\n\u2013 96% \u304c\u30d3\u30eb\u30dc\u30fc\u30c9\u3088\u308a\u30a4\u30f3\u30d1\u30af\u30c8\u304c\u3042\u308b\u3068\u56de\u7b54<br \/>\n\u2013\u00a098% \u304c\u826f\u3044\u5370\u8c61\u3092\u3082\u3064\u3068\u56de\u7b54<\/p>\n<p><strong>\u63d0\u6848\u4f8b<\/strong><\/p>\n<p>\u2013\u00a0\u30d6\u30e9\u30f3\u30c9\u30ed\u30b4\u3092\u8a18\u8f09\u3057\u305f\u81ea\u8ee2\u8eca\u3092\u8857\u306b\u8d70\u3089\u305b\u308b<\/p>\n","protected":false},"excerpt":{"rendered":"<p>TNS\u793e\u306e\u8abf\u67fb\u306b\u3088\u308b\u3068\u4eba\u53e3\u306e80%\u304c\u5e73\u65e5\u306b\u3082\u95a2\u308f\u3089\u305a\u5916\u51fa\u3059\u308b\u306e\u3092\u597d\u3080\u3068\u3044\u3046\u7d50\u679c\u304c\u51fa\u3066\u304a\u308a\u3001\u5c4b\u5916\u7279\u306b\u52d5\u3044\u3066\u3044\u308b\u3082\u306e\u306b\u95a2\u3057\u3066\u306f\u5bb9\u6613\u306b\u901a\u884c\u4eba\u306e\u76ee\u3092\u5f15\u304f\u3053\u3068\u304c\u53ef\u80fd\u3067\u3059\u3002 \u81ea\u8ee2\u8eca\u5e83\u544a\u306f\u5c4b\u5916\u5e83\u544a\u306e\u4e2d\u3067\u3082\u65b0\u3057\u3044\u5e83\u544a\u5f62\u614b\u3067\u3001\u30d9\u30c8\u30ca\u30e0\u3067\u306f&hellip;<\/p>\n","protected":false},"author":4,"featured_media":0,"parent":212,"menu_order":2,"comment_status":"closed","ping_status":"closed","template":"","meta":{"_acf_changed":false,"footnotes":""},"class_list":["post-2081","page","type-page","status-publish","hentry","description-off"],"acf":[],"yoast_head":"<!-- This site is optimized with the Yoast SEO plugin v25.6 - https:\/\/yoast.com\/wordpress\/plugins\/seo\/ -->\n<title>\u81ea\u8ee2\u8eca\u5e83\u544a - Shojiki.vn<\/title>\n<meta name=\"robots\" content=\"index, follow, max-snippet:-1, max-image-preview:large, max-video-preview:-1\" \/>\n<link rel=\"canonical\" href=\"https:\/\/shojiki.vn\/ja\/ooh-advertising\/bike-advertising\" \/>\n<meta property=\"og:locale\" content=\"ja_JP\" \/>\n<meta property=\"og:type\" content=\"article\" \/>\n<meta property=\"og:title\" content=\"\u81ea\u8ee2\u8eca\u5e83\u544a - Shojiki.vn\" \/>\n<meta property=\"og:description\" content=\"TNS\u793e\u306e\u8abf\u67fb\u306b\u3088\u308b\u3068\u4eba\u53e3\u306e80%\u304c\u5e73\u65e5\u306b\u3082\u95a2\u308f\u3089\u305a\u5916\u51fa\u3059\u308b\u306e\u3092\u597d\u3080\u3068\u3044\u3046\u7d50\u679c\u304c\u51fa\u3066\u304a\u308a\u3001\u5c4b\u5916\u7279\u306b\u52d5\u3044\u3066\u3044\u308b\u3082\u306e\u306b\u95a2\u3057\u3066\u306f\u5bb9\u6613\u306b\u901a\u884c\u4eba\u306e\u76ee\u3092\u5f15\u304f\u3053\u3068\u304c\u53ef\u80fd\u3067\u3059\u3002 \u81ea\u8ee2\u8eca\u5e83\u544a\u306f\u5c4b\u5916\u5e83\u544a\u306e\u4e2d\u3067\u3082\u65b0\u3057\u3044\u5e83\u544a\u5f62\u614b\u3067\u3001\u30d9\u30c8\u30ca\u30e0\u3067\u306f&hellip;\" \/>\n<meta property=\"og:url\" content=\"https:\/\/shojiki.vn\/ja\/ooh-advertising\/bike-advertising\" \/>\n<meta property=\"og:site_name\" content=\"Shojiki.vn\" \/>\n<meta property=\"article:modified_time\" content=\"2018-04-14T06:42:26+00:00\" \/>\n<meta property=\"og:image\" content=\"http:\/\/shojiki.vn\/template\/uploads\/2015\/06\/Untitled-1.jpg\" \/>\n<script type=\"application\/ld+json\" class=\"yoast-schema-graph\">{\"@context\":\"https:\/\/schema.org\",\"@graph\":[{\"@type\":\"WebPage\",\"@id\":\"https:\/\/shojiki.vn\/ja\/ooh-advertising\/bike-advertising\",\"url\":\"https:\/\/shojiki.vn\/ja\/ooh-advertising\/bike-advertising\",\"name\":\"\u81ea\u8ee2\u8eca\u5e83\u544a - Shojiki.vn\",\"isPartOf\":{\"@id\":\"https:\/\/shojiki.vn\/#website\"},\"primaryImageOfPage\":{\"@id\":\"https:\/\/shojiki.vn\/ja\/ooh-advertising\/bike-advertising#primaryimage\"},\"image\":{\"@id\":\"https:\/\/shojiki.vn\/ja\/ooh-advertising\/bike-advertising#primaryimage\"},\"thumbnailUrl\":\"http:\/\/shojiki.vn\/template\/uploads\/2015\/06\/Untitled-1.jpg\",\"datePublished\":\"2018-04-06T07:10:41+00:00\",\"dateModified\":\"2018-04-14T06:42:26+00:00\",\"breadcrumb\":{\"@id\":\"https:\/\/shojiki.vn\/ja\/ooh-advertising\/bike-advertising#breadcrumb\"},\"inLanguage\":\"ja\",\"potentialAction\":[{\"@type\":\"ReadAction\",\"target\":[\"https:\/\/shojiki.vn\/ja\/ooh-advertising\/bike-advertising\"]}]},{\"@type\":\"ImageObject\",\"inLanguage\":\"ja\",\"@id\":\"https:\/\/shojiki.vn\/ja\/ooh-advertising\/bike-advertising#primaryimage\",\"url\":\"http:\/\/shojiki.vn\/template\/uploads\/2015\/06\/Untitled-1.jpg\",\"contentUrl\":\"http:\/\/shojiki.vn\/template\/uploads\/2015\/06\/Untitled-1.jpg\"},{\"@type\":\"BreadcrumbList\",\"@id\":\"https:\/\/shojiki.vn\/ja\/ooh-advertising\/bike-advertising#breadcrumb\",\"itemListElement\":[{\"@type\":\"ListItem\",\"position\":1,\"name\":\"Home\",\"item\":\"https:\/\/shojiki.vn\/ja\"},{\"@type\":\"ListItem\",\"position\":2,\"name\":\"\u5c4b\u5916\u5e83\u544a\",\"item\":\"https:\/\/shojiki.vn\/ja\/ooh-advertising\"},{\"@type\":\"ListItem\",\"position\":3,\"name\":\"\u81ea\u8ee2\u8eca\u5e83\u544a\"}]},{\"@type\":\"WebSite\",\"@id\":\"https:\/\/shojiki.vn\/#website\",\"url\":\"https:\/\/shojiki.vn\/\",\"name\":\"Shojiki.vn\",\"description\":\"\",\"potentialAction\":[{\"@type\":\"SearchAction\",\"target\":{\"@type\":\"EntryPoint\",\"urlTemplate\":\"https:\/\/shojiki.vn\/?s={search_term_string}\"},\"query-input\":{\"@type\":\"PropertyValueSpecification\",\"valueRequired\":true,\"valueName\":\"search_term_string\"}}],\"inLanguage\":\"ja\"}]}<\/script>\n<!-- \/ Yoast SEO plugin. -->","yoast_head_json":{"title":"\u81ea\u8ee2\u8eca\u5e83\u544a - Shojiki.vn","robots":{"index":"index","follow":"follow","max-snippet":"max-snippet:-1","max-image-preview":"max-image-preview:large","max-video-preview":"max-video-preview:-1"},"canonical":"https:\/\/shojiki.vn\/ja\/ooh-advertising\/bike-advertising","og_locale":"ja_JP","og_type":"article","og_title":"\u81ea\u8ee2\u8eca\u5e83\u544a - Shojiki.vn","og_description":"TNS\u793e\u306e\u8abf\u67fb\u306b\u3088\u308b\u3068\u4eba\u53e3\u306e80%\u304c\u5e73\u65e5\u306b\u3082\u95a2\u308f\u3089\u305a\u5916\u51fa\u3059\u308b\u306e\u3092\u597d\u3080\u3068\u3044\u3046\u7d50\u679c\u304c\u51fa\u3066\u304a\u308a\u3001\u5c4b\u5916\u7279\u306b\u52d5\u3044\u3066\u3044\u308b\u3082\u306e\u306b\u95a2\u3057\u3066\u306f\u5bb9\u6613\u306b\u901a\u884c\u4eba\u306e\u76ee\u3092\u5f15\u304f\u3053\u3068\u304c\u53ef\u80fd\u3067\u3059\u3002 \u81ea\u8ee2\u8eca\u5e83\u544a\u306f\u5c4b\u5916\u5e83\u544a\u306e\u4e2d\u3067\u3082\u65b0\u3057\u3044\u5e83\u544a\u5f62\u614b\u3067\u3001\u30d9\u30c8\u30ca\u30e0\u3067\u306f&hellip;","og_url":"https:\/\/shojiki.vn\/ja\/ooh-advertising\/bike-advertising","og_site_name":"Shojiki.vn","article_modified_time":"2018-04-14T06:42:26+00:00","og_image":[{"url":"http:\/\/shojiki.vn\/template\/uploads\/2015\/06\/Untitled-1.jpg","type":"","width":"","height":""}],"schema":{"@context":"https:\/\/schema.org","@graph":[{"@type":"WebPage","@id":"https:\/\/shojiki.vn\/ja\/ooh-advertising\/bike-advertising","url":"https:\/\/shojiki.vn\/ja\/ooh-advertising\/bike-advertising","name":"\u81ea\u8ee2\u8eca\u5e83\u544a - Shojiki.vn","isPartOf":{"@id":"https:\/\/shojiki.vn\/#website"},"primaryImageOfPage":{"@id":"https:\/\/shojiki.vn\/ja\/ooh-advertising\/bike-advertising#primaryimage"},"image":{"@id":"https:\/\/shojiki.vn\/ja\/ooh-advertising\/bike-advertising#primaryimage"},"thumbnailUrl":"http:\/\/shojiki.vn\/template\/uploads\/2015\/06\/Untitled-1.jpg","datePublished":"2018-04-06T07:10:41+00:00","dateModified":"2018-04-14T06:42:26+00:00","breadcrumb":{"@id":"https:\/\/shojiki.vn\/ja\/ooh-advertising\/bike-advertising#breadcrumb"},"inLanguage":"ja","potentialAction":[{"@type":"ReadAction","target":["https:\/\/shojiki.vn\/ja\/ooh-advertising\/bike-advertising"]}]},{"@type":"ImageObject","inLanguage":"ja","@id":"https:\/\/shojiki.vn\/ja\/ooh-advertising\/bike-advertising#primaryimage","url":"http:\/\/shojiki.vn\/template\/uploads\/2015\/06\/Untitled-1.jpg","contentUrl":"http:\/\/shojiki.vn\/template\/uploads\/2015\/06\/Untitled-1.jpg"},{"@type":"BreadcrumbList","@id":"https:\/\/shojiki.vn\/ja\/ooh-advertising\/bike-advertising#breadcrumb","itemListElement":[{"@type":"ListItem","position":1,"name":"Home","item":"https:\/\/shojiki.vn\/ja"},{"@type":"ListItem","position":2,"name":"\u5c4b\u5916\u5e83\u544a","item":"https:\/\/shojiki.vn\/ja\/ooh-advertising"},{"@type":"ListItem","position":3,"name":"\u81ea\u8ee2\u8eca\u5e83\u544a"}]},{"@type":"WebSite","@id":"https:\/\/shojiki.vn\/#website","url":"https:\/\/shojiki.vn\/","name":"Shojiki.vn","description":"","potentialAction":[{"@type":"SearchAction","target":{"@type":"EntryPoint","urlTemplate":"https:\/\/shojiki.vn\/?s={search_term_string}"},"query-input":{"@type":"PropertyValueSpecification","valueRequired":true,"valueName":"search_term_string"}}],"inLanguage":"ja"}]}},"_links":{"self":[{"href":"https:\/\/shojiki.vn\/ja\/wp-json\/wp\/v2\/pages\/2081"}],"collection":[{"href":"https:\/\/shojiki.vn\/ja\/wp-json\/wp\/v2\/pages"}],"about":[{"href":"https:\/\/shojiki.vn\/ja\/wp-json\/wp\/v2\/types\/page"}],"author":[{"embeddable":true,"href":"https:\/\/shojiki.vn\/ja\/wp-json\/wp\/v2\/users\/4"}],"replies":[{"embeddable":true,"href":"https:\/\/shojiki.vn\/ja\/wp-json\/wp\/v2\/comments?post=2081"}],"version-history":[{"count":4,"href":"https:\/\/shojiki.vn\/ja\/wp-json\/wp\/v2\/pages\/2081\/revisions"}],"predecessor-version":[{"id":2167,"href":"https:\/\/shojiki.vn\/ja\/wp-json\/wp\/v2\/pages\/2081\/revisions\/2167"}],"up":[{"embeddable":true,"href":"https:\/\/shojiki.vn\/ja\/wp-json\/wp\/v2\/pages\/212"}],"wp:attachment":[{"href":"https:\/\/shojiki.vn\/ja\/wp-json\/wp\/v2\/media?parent=2081"}],"curies":[{"name":"wp","href":"https:\/\/api.w.org\/{rel}","templated":true}]}}