{"id":915,"date":"2015-06-15T11:44:27","date_gmt":"2015-06-15T04:44:27","guid":{"rendered":"http:\/\/vietlinkads.com\/?page_id=915"},"modified":"2022-07-27T11:26:43","modified_gmt":"2022-07-27T04:26:43","slug":"advertising-on-electro-bike-kino-mo-display","status":"publish","type":"page","link":"https:\/\/shojiki.vn\/en\/offline-advertising\/advertising-on-electro-bike-kino-mo-display","title":{"rendered":"Advertising on Electro Bike (Kino-mo display)"},"content":{"rendered":"<p>You can learn more about our other forms of outdoor advertising:<\/p>\n<ul>\n<li aria-level=\"1\"><span style=\"color: #ff6600;\"><a style=\"color: #ff6600;\" href=\"https:\/\/shojiki.vn\/en\/led-screen-advertising\">Outdoor LED Display<\/a><\/span><\/li>\n<li aria-level=\"1\"><span style=\"color: #ff6600;\"><a style=\"color: #ff6600;\" href=\"https:\/\/shojiki.vn\/en\/billboard\">Signboards, billboards, panels<\/a><\/span><\/li>\n<li aria-level=\"1\"><span style=\"color: #ff6600;\"><a style=\"color: #ff6600;\" href=\"https:\/\/shojiki.vn\/en\/offline-advertising\/airplane-advertising\">Airplane advertising<\/a><\/span><\/li>\n<li aria-level=\"1\"><span style=\"color: #ff6600;\"><a style=\"color: #ff6600;\" href=\"https:\/\/shojiki.vn\/en\/offline-advertising\/taxi-advertising\">Service of gluing ads on taxis<\/a><\/span><\/li>\n<li aria-level=\"1\"><span style=\"color: #ff6600;\"><a style=\"color: #ff6600;\" href=\"https:\/\/shojiki.vn\/en\/offline-advertising\/bus-advertising\">Bus advertising<\/a><\/span><\/li>\n<li aria-level=\"1\"><span style=\"color: #ff6600;\"><a style=\"color: #ff6600;\" href=\"https:\/\/shojiki.vn\/en\/advertise-on-grab-app-shojiki-is-an-official-grab-agent\">Advertisement on apps Grab<\/a><\/span><\/li>\n<li aria-level=\"1\"><span style=\"color: #ff6600;\"><a style=\"color: #ff6600;\" href=\"https:\/\/shojiki.vn\/en\/offline-advertising\/advertising-at-gas-station\">Advertisement at Gas station<\/a><\/span><\/li>\n<li aria-level=\"1\"><span style=\"color: #ff6600;\"><a style=\"color: #ff6600;\" href=\"https:\/\/shojiki.vn\/en\/advertising-at-convenience-stores\">Advertisement at\u00a0Convenience store<\/a><\/span><\/li>\n<\/ul>\n<p><b>You can survey prices and buy billboards online at:\u00a0<\/b><span style=\"color: #ff6600;\"><a style=\"color: #ff6600;\" href=\"https:\/\/ooh.com.vn\/\"><b>WikiOOH\u00a0<\/b><\/a><\/span><\/p>\n<p><b>We will measure the effectiveness of your outdoor advertising at:\u00a0<\/b><span style=\"color: #ff6600;\"><a style=\"color: #ff6600;\" href=\"https:\/\/compasstech.asia\/en\/\"><b>Compass Tech<\/b><\/a><\/span><\/p>\n<p style=\"text-align: justify;\">In major cities in Vietnam, moving is a necessity! According to the survey, more than 80% of the population has a preference to go out rather than stay at home during working days or holidays. Outdoor advertising, especially on moving vehicles, easily attracts the attention of passersby and is very effective.<\/p>\n<p>Electro Bike (Kino-mo display) is a new form of offline advertising\u00a0invented in the UK, exclusively in Asia by\u00a0Synario Inc (Japan) and distributed by mediba Ads. This is a new form of outdoor advertising with strong visual stimulation, applied for the first time in Vietnam.<\/p>\n<div id=\"attachment_899\" style=\"width: 310px\" class=\"wp-caption aligncenter\"><a href=\"http:\/\/shojiki.vn\/template\/uploads\/2015\/06\/Untitled-1.jpg\"><img loading=\"lazy\" decoding=\"async\" aria-describedby=\"caption-attachment-899\" class=\"wp-image-899 size-medium\" src=\"http:\/\/shojiki.vn\/template\/uploads\/2015\/06\/Untitled-1-300x200.jpg\" alt=\"Qu\u1ea3ng c\u00e1o tr\u00ean b\u00e1nh xe \u0111\u1ea1p Electro Bike (Kino-mo display)\" width=\"300\" height=\"200\" srcset=\"https:\/\/shojiki.vn\/wp-content\/uploads\/2015\/06\/Untitled-1-300x200.jpg 300w, https:\/\/shojiki.vn\/wp-content\/uploads\/2015\/06\/Untitled-1.jpg 600w\" sizes=\"(max-width: 300px) 100vw, 300px\" \/><\/a><p id=\"caption-attachment-899\" class=\"wp-caption-text\"><span style=\"font-size: 8pt;\">Moving on the street &#8211; Electro Bike (Kino-mo display)<\/span><\/p><\/div>\n<p style=\"text-align: center;\"><a href=\"http:\/\/shojiki.vn\/template\/uploads\/2015\/06\/Untitled-21.jpg\"><img loading=\"lazy\" decoding=\"async\" class=\"alignnone wp-image-902 size-medium\" src=\"http:\/\/shojiki.vn\/template\/uploads\/2015\/06\/Untitled-21-300x183.jpg\" alt=\"Electro Bike (Kino-mo display) _ Khi d\u1eebng\" width=\"300\" height=\"183\" srcset=\"https:\/\/shojiki.vn\/wp-content\/uploads\/2015\/06\/Untitled-21-300x183.jpg 300w, https:\/\/shojiki.vn\/wp-content\/uploads\/2015\/06\/Untitled-21.jpg 600w\" sizes=\"(max-width: 300px) 100vw, 300px\" \/><\/a><\/p>\n<p style=\"text-align: center;\"><span style=\"font-size: 8pt;\">When stopping at a point<\/span><\/p>\n<div id=\"attachment_903\" style=\"width: 310px\" class=\"wp-caption aligncenter\"><a href=\"http:\/\/shojiki.vn\/template\/uploads\/2015\/06\/Untitled-3.jpg\"><img loading=\"lazy\" decoding=\"async\" aria-describedby=\"caption-attachment-903\" class=\"wp-image-903 size-medium\" src=\"http:\/\/shojiki.vn\/template\/uploads\/2015\/06\/Untitled-3-300x205.jpg\" alt=\"Electro Bike (Kino-mo display) trang tr\u00ed t\u1ea1i shop\" width=\"300\" height=\"205\" srcset=\"https:\/\/shojiki.vn\/wp-content\/uploads\/2015\/06\/Untitled-3-300x205.jpg 300w, https:\/\/shojiki.vn\/wp-content\/uploads\/2015\/06\/Untitled-3.jpg 493w\" sizes=\"(max-width: 300px) 100vw, 300px\" \/><\/a><p id=\"caption-attachment-903\" class=\"wp-caption-text\">Electro Bike (Kino-mo display) decorated at the shop<\/p><\/div>\n<div id=\"attachment_1020\" style=\"width: 310px\" class=\"wp-caption aligncenter\"><a href=\"http:\/\/shojiki.vn\/template\/uploads\/2015\/06\/Untitled-23.jpg\"><img loading=\"lazy\" decoding=\"async\" aria-describedby=\"caption-attachment-1020\" class=\"wp-image-1020 size-medium\" src=\"http:\/\/shojiki.vn\/template\/uploads\/2015\/06\/Untitled-23-300x107.jpg\" alt=\"qu\u1ea3ng c\u00e1o xe \u0111\u1ea1p \u0111i\u1ec7n kimono ads t\u1ea1i Ministop\" width=\"300\" height=\"107\" srcset=\"https:\/\/shojiki.vn\/wp-content\/uploads\/2015\/06\/Untitled-23-300x107.jpg 300w, https:\/\/shojiki.vn\/wp-content\/uploads\/2015\/06\/Untitled-23.jpg 1015w\" sizes=\"(max-width: 300px) 100vw, 300px\" \/><\/a><p id=\"caption-attachment-1020\" class=\"wp-caption-text\">Kimono e-bike ads at Ministop<\/p><\/div>\n<p>Video demonstration<\/p>\n<p style=\"text-align: center;\"><iframe loading=\"lazy\" src=\"\/\/www.youtube.com\/embed\/qBNRmOkXU9w\" width=\"679\" height=\"573\"><\/iframe><\/p>\n<p><strong>According to a survey in Europe:<\/strong><br \/>\n&#8211; 88% of people surveyed believe this form of advertising is memorable.<br \/>\n&#8211; 96% of people surveyed believe that bicycle advertising is more effective than outdoor billboard advertising.<br \/>\n&#8211; 98% of people surveyed also believe that bicycle advertising creates a good scenario for event advertising.<\/p>\n<p><strong>Recommended campaign:<\/strong><br \/>\n&#8211; A number of \u00a0advertising vehicles\u00a0 (animated, or static)\u00a0are run around the downtown area.<br \/>\n&#8211; A number of advertising vehicles running around an event area<\/p>\n<p>Let your brand shine and be widely accepted by the public.<\/p>\n<h2><strong>How do your ads appear on this ad type?<\/strong><\/h2>\n<p><span style=\"color: #ff6600;\"><a style=\"color: #ff6600;\" href=\"https:\/\/shojiki.vn\/en\"><strong>SHOJIKI<\/strong>\u00a0Advertising Joint Stock Company<\/a><\/span> \u2013 is proud to be one of the leading advertising agencies in Vietnam.\u00a0With the authorization from Grab, we are committed to bringing you the most prestigious and influential advertising service along with:<\/p>\n<ul>\n<li>Support service\u00a0\u00a0<strong>GENERAL CONSULTATION<\/strong>\u00a0\u00a0of advertising strategies<\/li>\n<li><strong>SUPPORT SERVICE FOR DESIGNING<\/strong>\u00a0content, advertising images<\/li>\n<li>The construction team deploys the advertisement\u00a0\u00a0<strong>FAST<\/strong>\u00a0\u00a0and\u00a0\u00a0<strong>ONLY<\/strong><\/li>\n<li><strong>WARRANTY<\/strong>\u00a0mode\u00a0\u00a0\u00a0for the duration of the campaign<\/li>\n<li><strong>Attractive\u00a0<\/strong><strong>DISCOUNTS\u00a0<\/strong>\u00a0and\u00a0\u00a0SALES\u00a0\u00a0\u00a0for customers<\/li>\n<\/ul>\n<p>In short, the Grab app is a great place to advertise your business.\u00a0That\u2019s why you should place ads here.\u00a0By contacting Shojiki, we will provide you with more detailed information.<\/p>\n","protected":false},"excerpt":{"rendered":"<p>You can learn more about our other forms of outdoor advertising: Outdoor LED Display Signboards, billboards, panels Airplane advertising Service of gluing ads on taxis Bus advertising Advertisement on apps Grab Advertisement at Gas station Advertisement at\u00a0Convenience store You can survey prices and buy billboards online at:\u00a0WikiOOH\u00a0 We will measure the effectiveness of your outdoor&hellip;<\/p>\n","protected":false},"author":1,"featured_media":3998,"parent":209,"menu_order":2,"comment_status":"closed","ping_status":"closed","template":"","meta":{"_acf_changed":false,"footnotes":""},"class_list":["post-915","page","type-page","status-publish","has-post-thumbnail","hentry","description-off"],"acf":[],"yoast_head":"<!-- This site is optimized with the Yoast SEO plugin v25.6 - https:\/\/yoast.com\/wordpress\/plugins\/seo\/ -->\n<title>Electro Bike advertising, the pinnacle of technology!<\/title>\n<meta name=\"description\" content=\"With new technology, unique in Vietnam, promises to bring interesting and successful experiences for advertising campaigns!\" \/>\n<meta name=\"robots\" content=\"index, follow, max-snippet:-1, max-image-preview:large, max-video-preview:-1\" \/>\n<link rel=\"canonical\" href=\"https:\/\/shojiki.vn\/en\/offline-advertising\/advertising-on-electro-bike-kino-mo-display\" \/>\n<meta property=\"og:locale\" content=\"en_US\" \/>\n<meta property=\"og:type\" content=\"article\" \/>\n<meta property=\"og:title\" content=\"Electro Bike advertising, the pinnacle of technology!\" \/>\n<meta property=\"og:description\" content=\"With new technology, unique in Vietnam, promises to bring interesting and successful experiences for advertising campaigns!\" \/>\n<meta property=\"og:url\" content=\"https:\/\/shojiki.vn\/en\/offline-advertising\/advertising-on-electro-bike-kino-mo-display\" \/>\n<meta property=\"og:site_name\" content=\"Shojiki.vn\" \/>\n<meta property=\"article:modified_time\" content=\"2022-07-27T04:26:43+00:00\" \/>\n<meta property=\"og:image\" content=\"https:\/\/shojiki.vn\/template\/uploads\/2015\/06\/Untitled-1.jpg\" \/>\n\t<meta property=\"og:image:width\" content=\"600\" \/>\n\t<meta property=\"og:image:height\" content=\"400\" \/>\n\t<meta property=\"og:image:type\" content=\"image\/jpeg\" \/>\n<meta name=\"twitter:label1\" content=\"Est. reading time\" \/>\n\t<meta name=\"twitter:data1\" content=\"3 minutes\" \/>\n<script type=\"application\/ld+json\" class=\"yoast-schema-graph\">{\"@context\":\"https:\/\/schema.org\",\"@graph\":[{\"@type\":\"WebPage\",\"@id\":\"https:\/\/shojiki.vn\/en\/offline-advertising\/advertising-on-electro-bike-kino-mo-display\",\"url\":\"https:\/\/shojiki.vn\/en\/offline-advertising\/advertising-on-electro-bike-kino-mo-display\",\"name\":\"Electro Bike advertising, the pinnacle of technology!\",\"isPartOf\":{\"@id\":\"https:\/\/shojiki.vn\/#website\"},\"primaryImageOfPage\":{\"@id\":\"https:\/\/shojiki.vn\/en\/offline-advertising\/advertising-on-electro-bike-kino-mo-display#primaryimage\"},\"image\":{\"@id\":\"https:\/\/shojiki.vn\/en\/offline-advertising\/advertising-on-electro-bike-kino-mo-display#primaryimage\"},\"thumbnailUrl\":\"https:\/\/shojiki.vn\/wp-content\/uploads\/2015\/06\/Untitled-1.jpg\",\"datePublished\":\"2015-06-15T04:44:27+00:00\",\"dateModified\":\"2022-07-27T04:26:43+00:00\",\"description\":\"With new technology, unique in Vietnam, promises to bring interesting and successful experiences for advertising campaigns!\",\"breadcrumb\":{\"@id\":\"https:\/\/shojiki.vn\/en\/offline-advertising\/advertising-on-electro-bike-kino-mo-display#breadcrumb\"},\"inLanguage\":\"en-US\",\"potentialAction\":[{\"@type\":\"ReadAction\",\"target\":[\"https:\/\/shojiki.vn\/en\/offline-advertising\/advertising-on-electro-bike-kino-mo-display\"]}]},{\"@type\":\"ImageObject\",\"inLanguage\":\"en-US\",\"@id\":\"https:\/\/shojiki.vn\/en\/offline-advertising\/advertising-on-electro-bike-kino-mo-display#primaryimage\",\"url\":\"https:\/\/shojiki.vn\/wp-content\/uploads\/2015\/06\/Untitled-1.jpg\",\"contentUrl\":\"https:\/\/shojiki.vn\/wp-content\/uploads\/2015\/06\/Untitled-1.jpg\",\"width\":600,\"height\":400,\"caption\":\"Moving on the street - Electro Bike (Kino-mo display)\"},{\"@type\":\"BreadcrumbList\",\"@id\":\"https:\/\/shojiki.vn\/en\/offline-advertising\/advertising-on-electro-bike-kino-mo-display#breadcrumb\",\"itemListElement\":[{\"@type\":\"ListItem\",\"position\":1,\"name\":\"Home\",\"item\":\"https:\/\/shojiki.vn\/en\"},{\"@type\":\"ListItem\",\"position\":2,\"name\":\"Offline Advertising\",\"item\":\"https:\/\/shojiki.vn\/en\/offline-advertising\"},{\"@type\":\"ListItem\",\"position\":3,\"name\":\"Advertising on Electro Bike (Kino-mo display)\"}]},{\"@type\":\"WebSite\",\"@id\":\"https:\/\/shojiki.vn\/#website\",\"url\":\"https:\/\/shojiki.vn\/\",\"name\":\"Shojiki.vn\",\"description\":\"\",\"potentialAction\":[{\"@type\":\"SearchAction\",\"target\":{\"@type\":\"EntryPoint\",\"urlTemplate\":\"https:\/\/shojiki.vn\/?s={search_term_string}\"},\"query-input\":{\"@type\":\"PropertyValueSpecification\",\"valueRequired\":true,\"valueName\":\"search_term_string\"}}],\"inLanguage\":\"en-US\"}]}<\/script>\n<!-- \/ Yoast SEO plugin. -->","yoast_head_json":{"title":"Electro Bike advertising, the pinnacle of technology!","description":"With new technology, unique in Vietnam, promises to bring interesting and successful experiences for advertising campaigns!","robots":{"index":"index","follow":"follow","max-snippet":"max-snippet:-1","max-image-preview":"max-image-preview:large","max-video-preview":"max-video-preview:-1"},"canonical":"https:\/\/shojiki.vn\/en\/offline-advertising\/advertising-on-electro-bike-kino-mo-display","og_locale":"en_US","og_type":"article","og_title":"Electro Bike advertising, the pinnacle of technology!","og_description":"With new technology, unique in Vietnam, promises to bring interesting and successful experiences for advertising campaigns!","og_url":"https:\/\/shojiki.vn\/en\/offline-advertising\/advertising-on-electro-bike-kino-mo-display","og_site_name":"Shojiki.vn","article_modified_time":"2022-07-27T04:26:43+00:00","og_image":[{"width":600,"height":400,"url":"https:\/\/shojiki.vn\/template\/uploads\/2015\/06\/Untitled-1.jpg","type":"image\/jpeg"}],"twitter_misc":{"Est. reading time":"3 minutes"},"schema":{"@context":"https:\/\/schema.org","@graph":[{"@type":"WebPage","@id":"https:\/\/shojiki.vn\/en\/offline-advertising\/advertising-on-electro-bike-kino-mo-display","url":"https:\/\/shojiki.vn\/en\/offline-advertising\/advertising-on-electro-bike-kino-mo-display","name":"Electro Bike advertising, the pinnacle of technology!","isPartOf":{"@id":"https:\/\/shojiki.vn\/#website"},"primaryImageOfPage":{"@id":"https:\/\/shojiki.vn\/en\/offline-advertising\/advertising-on-electro-bike-kino-mo-display#primaryimage"},"image":{"@id":"https:\/\/shojiki.vn\/en\/offline-advertising\/advertising-on-electro-bike-kino-mo-display#primaryimage"},"thumbnailUrl":"https:\/\/shojiki.vn\/wp-content\/uploads\/2015\/06\/Untitled-1.jpg","datePublished":"2015-06-15T04:44:27+00:00","dateModified":"2022-07-27T04:26:43+00:00","description":"With new technology, unique in Vietnam, promises to bring interesting and successful experiences for advertising campaigns!","breadcrumb":{"@id":"https:\/\/shojiki.vn\/en\/offline-advertising\/advertising-on-electro-bike-kino-mo-display#breadcrumb"},"inLanguage":"en-US","potentialAction":[{"@type":"ReadAction","target":["https:\/\/shojiki.vn\/en\/offline-advertising\/advertising-on-electro-bike-kino-mo-display"]}]},{"@type":"ImageObject","inLanguage":"en-US","@id":"https:\/\/shojiki.vn\/en\/offline-advertising\/advertising-on-electro-bike-kino-mo-display#primaryimage","url":"https:\/\/shojiki.vn\/wp-content\/uploads\/2015\/06\/Untitled-1.jpg","contentUrl":"https:\/\/shojiki.vn\/wp-content\/uploads\/2015\/06\/Untitled-1.jpg","width":600,"height":400,"caption":"Moving on the street - Electro Bike (Kino-mo display)"},{"@type":"BreadcrumbList","@id":"https:\/\/shojiki.vn\/en\/offline-advertising\/advertising-on-electro-bike-kino-mo-display#breadcrumb","itemListElement":[{"@type":"ListItem","position":1,"name":"Home","item":"https:\/\/shojiki.vn\/en"},{"@type":"ListItem","position":2,"name":"Offline Advertising","item":"https:\/\/shojiki.vn\/en\/offline-advertising"},{"@type":"ListItem","position":3,"name":"Advertising on Electro Bike (Kino-mo display)"}]},{"@type":"WebSite","@id":"https:\/\/shojiki.vn\/#website","url":"https:\/\/shojiki.vn\/","name":"Shojiki.vn","description":"","potentialAction":[{"@type":"SearchAction","target":{"@type":"EntryPoint","urlTemplate":"https:\/\/shojiki.vn\/?s={search_term_string}"},"query-input":{"@type":"PropertyValueSpecification","valueRequired":true,"valueName":"search_term_string"}}],"inLanguage":"en-US"}]}},"_links":{"self":[{"href":"https:\/\/shojiki.vn\/en\/wp-json\/wp\/v2\/pages\/915"}],"collection":[{"href":"https:\/\/shojiki.vn\/en\/wp-json\/wp\/v2\/pages"}],"about":[{"href":"https:\/\/shojiki.vn\/en\/wp-json\/wp\/v2\/types\/page"}],"author":[{"embeddable":true,"href":"https:\/\/shojiki.vn\/en\/wp-json\/wp\/v2\/users\/1"}],"replies":[{"embeddable":true,"href":"https:\/\/shojiki.vn\/en\/wp-json\/wp\/v2\/comments?post=915"}],"version-history":[{"count":14,"href":"https:\/\/shojiki.vn\/en\/wp-json\/wp\/v2\/pages\/915\/revisions"}],"predecessor-version":[{"id":13037,"href":"https:\/\/shojiki.vn\/en\/wp-json\/wp\/v2\/pages\/915\/revisions\/13037"}],"up":[{"embeddable":true,"href":"https:\/\/shojiki.vn\/en\/wp-json\/wp\/v2\/pages\/209"}],"wp:featuredmedia":[{"embeddable":true,"href":"https:\/\/shojiki.vn\/en\/wp-json\/wp\/v2\/media\/3998"}],"wp:attachment":[{"href":"https:\/\/shojiki.vn\/en\/wp-json\/wp\/v2\/media?parent=915"}],"curies":[{"name":"wp","href":"https:\/\/api.w.org\/{rel}","templated":true}]}}