{"id":341,"date":"2015-02-03T09:14:16","date_gmt":"2015-02-03T09:14:16","guid":{"rendered":"http:\/\/localhost:8081\/quangcaotramxang\/?page_id=341"},"modified":"2025-12-31T15:39:30","modified_gmt":"2025-12-31T08:39:30","slug":"trang-chu","status":"publish","type":"page","link":"https:\/\/shojiki.vn\/en","title":{"rendered":"Home"},"content":{"rendered":"<div class=\"wpb-content-wrapper\"><p>[vc_row margin_top=&#8221;0&#8243; margin_bottom=&#8221;0&#8243;][vc_column width=&#8221;1\/2&#8243;][vc_column_text]<\/p>\n<div class=\"wpb_text_column wpb_content_element \">\n<div class=\"wpb_wrapper\">\n<h2 style=\"text-align: justify;\"><strong>About us<\/strong><\/h2>\n<\/div>\n<\/div>\n<div class=\"vc_empty_space\">\n<p style=\"text-align: justify;\"><strong>SJK Group<\/strong> (formerly known as Shojiki) is a company specializing in providing products and services in the advertising and media industry. We comprise <span style=\"color: #ff6600;\"><strong>SJK<\/strong><\/span> and <span style=\"color: #ff6600;\"><strong>Look At Media<\/strong><\/span> \u2013 leading companies in the <strong>out-of-home (OOH) advertising<\/strong> sector; <a href=\"https:\/\/compasstech.asia\/en\/\"><span style=\"color: #ff6600;\"><strong>Compass Tech<\/strong><\/span><\/a> \u2013 an OOH advertising effectiveness measurement company; <span style=\"color: #ff6600;\"><strong>Adjika<\/strong><\/span> \u2013 a pioneering company in applying high technology in advertising; and <span style=\"color: #ff6600;\"><strong>AnyScreen<\/strong><\/span> \u2013 a smart advertising screen management system; <span style=\"color: #ff6600;\"><strong>Innox Event<\/strong><\/span> \u2013 specializing in event management; <span style=\"color: #ff6600;\"><strong>OEM<\/strong><\/span> \u2013 focusing on corporate products and gifting, <span style=\"color: #ff6600;\"><a style=\"color: #ff6600;\" href=\"https:\/\/ooh.com.vn\/\"><strong>WikiOOH<\/strong><\/a><\/span> \u2013 Vietnam&#8217;s largest billboard marketplace for buying and selling, featuring over 3000+ billboards nationwide, offering fast and smart transactions; . We offer various forms of OOH advertising, including airport, airplane, billboards, bus advertising, taxi advertising, LED advertising, LED Building, wifi marketing events, and high-tech advertising, making us a leading provider in Vietnam.<\/p>\n<\/div>\n<p>[\/vc_column_text][vc_btn title=&#8221;See more&#8221; style=&#8221;flat&#8221; color=&#8221;warning&#8221; size=&#8221;sm&#8221; align=&#8221;center&#8221; link=&#8221;url:http%3A%2F%2Fshojiki.vn%2Fen%2Fabout-us|||&#8221;][\/vc_column][vc_column width=&#8221;1\/2&#8243; offset=&#8221;vc_hidden-md vc_hidden-sm vc_hidden-xs&#8221;][vc_single_image image=&#8221;1821&#8243; img_size=&#8221;600&#215;300&#8243; alignment=&#8221;center&#8221;][\/vc_column][\/vc_row][vc_row][vc_column][vc_empty_space height=&#8221;20px&#8221;][\/vc_column][\/vc_row][vc_row full_width=&#8221;stretch_row&#8221; margin_top=&#8221;0&#8243; margin_bottom=&#8221;0&#8243; padding_top=&#8221;40&#8243; padding_bottom=&#8221;40&#8243; bg_cover=&#8221;true&#8221; type=&#8221;1&#8243; css=&#8221;.vc_custom_1504925476567{margin-bottom: 0px !important;background-color: #f7f7f8 !important;}&#8221;][vc_column][vc_column_text]<\/p>\n<div class=\"wpb_wrapper\">\n<h2><strong>Service<\/strong><\/h2>\n<\/div>\n<p>Shojiki focuses on exploiting the strengths of online and offline advertising partners with the goal of providing customers with the most innovative and effective communication solutions for the campaign deployments in the Vietnamese market[\/vc_column_text][\/vc_column][\/vc_row][vc_row full_width=&#8221;stretch_row&#8221; margin_top=&#8221;0&#8243; margin_bottom=&#8221;0&#8243; padding_top=&#8221;40&#8243; padding_bottom=&#8221;40&#8243; bg_cover=&#8221;true&#8221; type=&#8221;1&#8243; css=&#8221;.vc_custom_1507210693462{margin-bottom: 0px !important;}&#8221;][vc_column width=&#8221;1\/4&#8243;]<section class=\"shortcode-teaser img-full frame-fancy frame-on text-centered\"><div class=\"shortcode-teaser-img\"><a class=\"layzr-bg rollover\" href=\"https:\/\/shojiki.vn\/en\/billboard\"><img loading=\"lazy\" decoding=\"async\" class=\"lazy-load\" src=\"data:image\/svg+xml;charset=utf-8,%3Csvg xmlns%3D&#039;http%3A%2F%2Fwww.w3.org%2F2000%2Fsvg&#039; viewBox%3D&#039;0 0 910 500&#039;%2F%3E\" width=\"910\" height=\"500\" data-srcset=\"https:\/\/shojiki.vn\/wp-content\/uploads\/2015\/04\/billboard-e1507861096707.png 910w\" data-src=\"https:\/\/shojiki.vn\/wp-content\/uploads\/2015\/04\/billboard-e1507861096707.png\" \/><\/a><\/div><div class=\"shortcode-teaser-content text-normal\"><h5 style=\"text-align: center;\"><strong><span style=\"font-size: 12pt;\"><a href=\"https:\/\/shojiki.vn\/en\/billboard\" target=\"_blank\" rel=\"noopener\">Billboard<\/a><\/span><\/strong><\/h5>\n<\/div><\/section>[\/vc_column][vc_column width=&#8221;1\/4&#8243;]<section class=\"shortcode-teaser img-full frame-fancy frame-on text-centered\"><div class=\"shortcode-teaser-img\"><a class=\"layzr-bg rollover\" href=\"https:\/\/shojiki.vn\/en\/led-screen-advertising\"><img loading=\"lazy\" decoding=\"async\" class=\"lazy-load\" src=\"data:image\/svg+xml;charset=utf-8,%3Csvg xmlns%3D&#039;http%3A%2F%2Fwww.w3.org%2F2000%2Fsvg&#039; viewBox%3D&#039;0 0 2560 1920&#039;%2F%3E\" width=\"2560\" height=\"1920\" data-srcset=\"https:\/\/shojiki.vn\/wp-content\/uploads\/2022\/03\/man-hinh-led-3d-pham-ngoc-thach-scaled.jpg 2560w\" data-src=\"https:\/\/shojiki.vn\/wp-content\/uploads\/2022\/03\/man-hinh-led-3d-pham-ngoc-thach-scaled.jpg\" \/><\/a><\/div><div class=\"shortcode-teaser-content text-normal\"><h5 style=\"text-align: center;\"><strong><a href=\"https:\/\/shojiki.vn\/en\/led-screen-advertising\"><span style=\"font-size: 16px;\">LED Screen Advertising<\/span><\/a><\/strong><\/h5>\n<\/div><\/section>[\/vc_column][vc_column width=&#8221;1\/4&#8243;]<section class=\"shortcode-teaser img-full frame-fancy frame-on\"><div class=\"shortcode-teaser-img\"><a class=\"layzr-bg rollover\" href=\"http:\/\/shojiki.vn\/en\/offline-advertising\/airplane-advertising\" target=\"_blank\"><img loading=\"lazy\" decoding=\"async\" class=\"lazy-load\" src=\"data:image\/svg+xml;charset=utf-8,%3Csvg xmlns%3D&#039;http%3A%2F%2Fwww.w3.org%2F2000%2Fsvg&#039; viewBox%3D&#039;0 0 1366 768&#039;%2F%3E\" width=\"1366\" height=\"768\" data-srcset=\"https:\/\/shojiki.vn\/wp-content\/uploads\/2015\/02\/LED-full.png 1366w\" data-src=\"https:\/\/shojiki.vn\/wp-content\/uploads\/2015\/02\/LED-full.png\" \/><\/a><\/div><div class=\"shortcode-teaser-content text-big\"><h5 style=\"text-align: center;\"><span style=\"font-size: 12pt;\"><a href=\"http:\/\/shojiki.vn\/en\/offline-advertising\/airport-advertising\"><strong>Airport Advertising<\/strong><\/a><\/span><\/h5>\n<\/div><\/section>[\/vc_column][vc_column width=&#8221;1\/4&#8243;]<section class=\"shortcode-teaser img-full frame-fancy frame-on text-centered\"><div class=\"shortcode-teaser-img\"><a class=\"layzr-bg rollover\" href=\"http:\/\/shojiki.vn\/en\/offline-advertising\/taxi-advertising\"><img loading=\"lazy\" decoding=\"async\" class=\"lazy-load\" src=\"data:image\/svg+xml;charset=utf-8,%3Csvg xmlns%3D&#039;http%3A%2F%2Fwww.w3.org%2F2000%2Fsvg&#039; viewBox%3D&#039;0 0 900 500&#039;%2F%3E\" width=\"900\" height=\"500\" data-srcset=\"https:\/\/shojiki.vn\/wp-content\/uploads\/2015\/04\/qc_taxi.png 900w\" data-src=\"https:\/\/shojiki.vn\/wp-content\/uploads\/2015\/04\/qc_taxi.png\" \/><\/a><\/div><div class=\"shortcode-teaser-content text-normal\"><h5 style=\"text-align: center;\"><strong><span style=\"font-size: 12pt;\"><a href=\"http:\/\/shojiki.vn\/en\/offline-advertising\/taxi-advertising\">Taxi Advertising<\/a><\/span><\/strong><\/h5>\n<\/div><\/section>[\/vc_column][\/vc_row][vc_row full_width=&#8221;stretch_row&#8221; margin_top=&#8221;0&#8243; margin_bottom=&#8221;0&#8243; padding_top=&#8221;40&#8243; padding_bottom=&#8221;40&#8243; bg_cover=&#8221;true&#8221; type=&#8221;1&#8243; css=&#8221;.vc_custom_1507210693462{margin-bottom: 0px !important;}&#8221;][vc_column width=&#8221;1\/4&#8243;]<section class=\"shortcode-teaser img-full frame-fancy frame-on text-centered\"><div class=\"shortcode-teaser-img\"><a class=\"layzr-bg rollover\" href=\"http:\/\/shojiki.vn\/en\/offline-advertising\/bus-advertising\"><img loading=\"lazy\" decoding=\"async\" class=\"lazy-load\" src=\"data:image\/svg+xml;charset=utf-8,%3Csvg xmlns%3D&#039;http%3A%2F%2Fwww.w3.org%2F2000%2Fsvg&#039; viewBox%3D&#039;0 0 1061 526&#039;%2F%3E\" width=\"1061\" height=\"526\" data-srcset=\"https:\/\/shojiki.vn\/wp-content\/uploads\/2022\/03\/quang-cao-xe-bus-2.jpg 1061w\" data-src=\"https:\/\/shojiki.vn\/wp-content\/uploads\/2022\/03\/quang-cao-xe-bus-2.jpg\" \/><\/a><\/div><div class=\"shortcode-teaser-content text-normal\"><h5 style=\"text-align: center;\"><span style=\"font-size: 12pt;\"><a href=\"http:\/\/shojiki.vn\/en\/offline-advertising\/bus-advertising\"><strong>Bus Advertising<\/strong><\/a><\/span><\/h5>\n<\/div><\/section>[\/vc_column][vc_column width=&#8221;1\/4&#8243;]<section class=\"shortcode-teaser img-full frame-fancy frame-on text-centered\"><div class=\"shortcode-teaser-img\"><a class=\"layzr-bg rollover\" href=\"https:\/\/shojiki.vn\/en\/offline-advertising\/airplane-advertising\"><img loading=\"lazy\" decoding=\"async\" class=\"lazy-load\" src=\"data:image\/svg+xml;charset=utf-8,%3Csvg xmlns%3D&#039;http%3A%2F%2Fwww.w3.org%2F2000%2Fsvg&#039; viewBox%3D&#039;0 0 578 433&#039;%2F%3E\" width=\"578\" height=\"433\" data-srcset=\"https:\/\/shojiki.vn\/wp-content\/uploads\/2021\/09\/quang-cao-dan-decal-tren-than-may-bay-do-shojiki-thuc-hien.jpg 578w\" data-src=\"https:\/\/shojiki.vn\/wp-content\/uploads\/2021\/09\/quang-cao-dan-decal-tren-than-may-bay-do-shojiki-thuc-hien.jpg\" \/><\/a><\/div><div class=\"shortcode-teaser-content text-normal\"><p style=\"text-align: center;\"><span style=\"font-size: 12pt;\"><strong><a href=\"https:\/\/shojiki.vn\/en\/offline-advertising\/airplane-advertising\">Airplane Advertising<\/a><\/strong><\/span><\/p>\n<\/div><\/section>[\/vc_column][vc_column width=&#8221;1\/4&#8243;]<section class=\"shortcode-teaser img-full frame-fancy frame-on\"><div class=\"shortcode-teaser-img\"><a class=\"layzr-bg rollover\" href=\"http:\/\/shojiki.vn\/en\/offline-advertising\/event-organizing\"><img loading=\"lazy\" decoding=\"async\" class=\"lazy-load\" src=\"data:image\/svg+xml;charset=utf-8,%3Csvg xmlns%3D&#039;http%3A%2F%2Fwww.w3.org%2F2000%2Fsvg&#039; viewBox%3D&#039;0 0 854 394&#039;%2F%3E\" width=\"854\" height=\"394\" data-srcset=\"https:\/\/shojiki.vn\/wp-content\/uploads\/2021\/07\/shojiki-quang-cao-tai-cua-hang-Circle-K-4.jpg 854w\" data-src=\"https:\/\/shojiki.vn\/wp-content\/uploads\/2021\/07\/shojiki-quang-cao-tai-cua-hang-Circle-K-4.jpg\" \/><\/a><\/div><div class=\"shortcode-teaser-content text-normal\"><p style=\"text-align: center;\"><strong><span style=\"font-size: 12pt;\"><a role=\"menuitem\" href=\"https:\/\/shojiki.vn\/en\/advertising-at-convenience-stores\" data-level=\"1\"><span class=\"menu-item-text\"><span class=\"menu-text\">Advertising at convenience stores<\/span><\/span><\/a><\/span><\/strong><\/p>\n<\/div><\/section>[\/vc_column][vc_column width=&#8221;1\/4&#8243;]<section class=\"shortcode-teaser img-full frame-fancy frame-on text-centered\"><div class=\"shortcode-teaser-img\"><a class=\"layzr-bg rollover\" href=\"http:\/\/shojiki.vn\/en\/offline-advertising\/pop-point-of-purchase\"><img loading=\"lazy\" decoding=\"async\" class=\"lazy-load\" src=\"data:image\/svg+xml;charset=utf-8,%3Csvg xmlns%3D&#039;http%3A%2F%2Fwww.w3.org%2F2000%2Fsvg&#039; viewBox%3D&#039;0 0 1326 911&#039;%2F%3E\" width=\"1326\" height=\"911\" alt=\"H\u1ed9p \u0111\u00e8n \u00e9p n\u1ed5i k\u00eanh si\u00eau th\u1ecb\" data-srcset=\"https:\/\/shojiki.vn\/wp-content\/uploads\/2015\/04\/hop-den-ep-noi-6.jpg 1326w\" data-src=\"https:\/\/shojiki.vn\/wp-content\/uploads\/2015\/04\/hop-den-ep-noi-6.jpg\" \/><\/a><\/div><div class=\"shortcode-teaser-content text-normal\"><h5 style=\"text-align: center;\"><span style=\"font-size: 12pt;\"><a href=\"http:\/\/shojiki.vn\/en\/offline-advertising\/pop-point-of-purchase\"><strong>POP (Point of Purchase)<\/strong><\/a><\/span><\/h5>\n<\/div><\/section>[\/vc_column][\/vc_row][vc_row][vc_column][\/vc_column][\/vc_row][vc_row][vc_column][vc_text_separator title=&#8221;Partners &amp; Customers&#8221; color=&#8221;sandy_brown&#8221; style=&#8221;dotted&#8221;][\/vc_column][\/vc_row]<\/p>\n<\/div>","protected":false},"excerpt":{"rendered":"<p>[vc_row margin_top=&#8221;0&#8243; margin_bottom=&#8221;0&#8243;][vc_column width=&#8221;1\/2&#8243;][vc_column_text] About us SJK Group (formerly known as Shojiki) is a company specializing in providing products and services in the advertising and media industry. We comprise SJK and Look At Media \u2013 leading companies in the out-of-home (OOH) advertising sector; Compass Tech \u2013 an OOH advertising effectiveness measurement company; Adjika \u2013 a&hellip;<\/p>\n","protected":false},"author":1,"featured_media":0,"parent":0,"menu_order":0,"comment_status":"closed","ping_status":"closed","template":"","meta":{"_acf_changed":false,"footnotes":""},"class_list":["post-341","page","type-page","status-publish","hentry","description-off"],"acf":[],"yoast_head":"<!-- This site is optimized with the Yoast SEO plugin v25.6 - https:\/\/yoast.com\/wordpress\/plugins\/seo\/ -->\n<title>Vietnam outdoor advertising agency - VN largest platform for OOH ads<\/title>\n<meta name=\"description\" content=\"Vietnam outdoor advertising agency, billboard, bus, taxi, airplane, LED, ads &amp; VN largest platform for OOH ads. Contact now: 0933 15 99 88\" \/>\n<meta name=\"robots\" content=\"index, follow, max-snippet:-1, max-image-preview:large, max-video-preview:-1\" \/>\n<link rel=\"canonical\" href=\"https:\/\/shojiki.vn\/en\" \/>\n<meta property=\"og:locale\" content=\"en_US\" \/>\n<meta property=\"og:type\" content=\"article\" \/>\n<meta property=\"og:title\" content=\"Vietnam outdoor advertising agency - VN largest platform for OOH ads\" \/>\n<meta property=\"og:description\" content=\"Vietnam outdoor advertising agency, billboard, bus, taxi, airplane, LED, ads &amp; VN largest platform for OOH ads. Contact now: 0933 15 99 88\" \/>\n<meta property=\"og:url\" content=\"https:\/\/shojiki.vn\/en\" \/>\n<meta property=\"og:site_name\" content=\"Shojiki.vn\" \/>\n<meta property=\"article:modified_time\" content=\"2025-12-31T08:39:30+00:00\" \/>\n<meta name=\"twitter:label1\" content=\"Est. reading time\" \/>\n\t<meta name=\"twitter:data1\" content=\"3 minutes\" \/>\n<script type=\"application\/ld+json\" class=\"yoast-schema-graph\">{\"@context\":\"https:\/\/schema.org\",\"@graph\":[{\"@type\":\"WebPage\",\"@id\":\"https:\/\/shojiki.vn\/en\",\"url\":\"https:\/\/shojiki.vn\/en\",\"name\":\"Vietnam outdoor advertising agency - VN largest platform for OOH ads\",\"isPartOf\":{\"@id\":\"https:\/\/shojiki.vn\/#website\"},\"datePublished\":\"2015-02-03T09:14:16+00:00\",\"dateModified\":\"2025-12-31T08:39:30+00:00\",\"description\":\"Vietnam outdoor advertising agency, billboard, bus, taxi, airplane, LED, ads & VN largest platform for OOH ads. Contact now: 0933 15 99 88\",\"breadcrumb\":{\"@id\":\"https:\/\/shojiki.vn\/en#breadcrumb\"},\"inLanguage\":\"en-US\",\"potentialAction\":[{\"@type\":\"ReadAction\",\"target\":[\"https:\/\/shojiki.vn\/en\"]}]},{\"@type\":\"BreadcrumbList\",\"@id\":\"https:\/\/shojiki.vn\/en#breadcrumb\",\"itemListElement\":[{\"@type\":\"ListItem\",\"position\":1,\"name\":\"Home\",\"item\":\"https:\/\/shojiki.vn\/en\"},{\"@type\":\"ListItem\",\"position\":2,\"name\":\"Home\"}]},{\"@type\":\"WebSite\",\"@id\":\"https:\/\/shojiki.vn\/#website\",\"url\":\"https:\/\/shojiki.vn\/\",\"name\":\"Shojiki.vn\",\"description\":\"\",\"potentialAction\":[{\"@type\":\"SearchAction\",\"target\":{\"@type\":\"EntryPoint\",\"urlTemplate\":\"https:\/\/shojiki.vn\/?s={search_term_string}\"},\"query-input\":{\"@type\":\"PropertyValueSpecification\",\"valueRequired\":true,\"valueName\":\"search_term_string\"}}],\"inLanguage\":\"en-US\"}]}<\/script>\n<!-- \/ Yoast SEO plugin. -->","yoast_head_json":{"title":"Vietnam outdoor advertising agency - VN largest platform for OOH ads","description":"Vietnam outdoor advertising agency, billboard, bus, taxi, airplane, LED, ads & VN largest platform for OOH ads. Contact now: 0933 15 99 88","robots":{"index":"index","follow":"follow","max-snippet":"max-snippet:-1","max-image-preview":"max-image-preview:large","max-video-preview":"max-video-preview:-1"},"canonical":"https:\/\/shojiki.vn\/en","og_locale":"en_US","og_type":"article","og_title":"Vietnam outdoor advertising agency - VN largest platform for OOH ads","og_description":"Vietnam outdoor advertising agency, billboard, bus, taxi, airplane, LED, ads & VN largest platform for OOH ads. Contact now: 0933 15 99 88","og_url":"https:\/\/shojiki.vn\/en","og_site_name":"Shojiki.vn","article_modified_time":"2025-12-31T08:39:30+00:00","twitter_misc":{"Est. reading time":"3 minutes"},"schema":{"@context":"https:\/\/schema.org","@graph":[{"@type":"WebPage","@id":"https:\/\/shojiki.vn\/en","url":"https:\/\/shojiki.vn\/en","name":"Vietnam outdoor advertising agency - VN largest platform for OOH ads","isPartOf":{"@id":"https:\/\/shojiki.vn\/#website"},"datePublished":"2015-02-03T09:14:16+00:00","dateModified":"2025-12-31T08:39:30+00:00","description":"Vietnam outdoor advertising agency, billboard, bus, taxi, airplane, LED, ads & VN largest platform for OOH ads. Contact now: 0933 15 99 88","breadcrumb":{"@id":"https:\/\/shojiki.vn\/en#breadcrumb"},"inLanguage":"en-US","potentialAction":[{"@type":"ReadAction","target":["https:\/\/shojiki.vn\/en"]}]},{"@type":"BreadcrumbList","@id":"https:\/\/shojiki.vn\/en#breadcrumb","itemListElement":[{"@type":"ListItem","position":1,"name":"Home","item":"https:\/\/shojiki.vn\/en"},{"@type":"ListItem","position":2,"name":"Home"}]},{"@type":"WebSite","@id":"https:\/\/shojiki.vn\/#website","url":"https:\/\/shojiki.vn\/","name":"Shojiki.vn","description":"","potentialAction":[{"@type":"SearchAction","target":{"@type":"EntryPoint","urlTemplate":"https:\/\/shojiki.vn\/?s={search_term_string}"},"query-input":{"@type":"PropertyValueSpecification","valueRequired":true,"valueName":"search_term_string"}}],"inLanguage":"en-US"}]}},"_links":{"self":[{"href":"https:\/\/shojiki.vn\/en\/wp-json\/wp\/v2\/pages\/341"}],"collection":[{"href":"https:\/\/shojiki.vn\/en\/wp-json\/wp\/v2\/pages"}],"about":[{"href":"https:\/\/shojiki.vn\/en\/wp-json\/wp\/v2\/types\/page"}],"author":[{"embeddable":true,"href":"https:\/\/shojiki.vn\/en\/wp-json\/wp\/v2\/users\/1"}],"replies":[{"embeddable":true,"href":"https:\/\/shojiki.vn\/en\/wp-json\/wp\/v2\/comments?post=341"}],"version-history":[{"count":56,"href":"https:\/\/shojiki.vn\/en\/wp-json\/wp\/v2\/pages\/341\/revisions"}],"predecessor-version":[{"id":19046,"href":"https:\/\/shojiki.vn\/en\/wp-json\/wp\/v2\/pages\/341\/revisions\/19046"}],"wp:attachment":[{"href":"https:\/\/shojiki.vn\/en\/wp-json\/wp\/v2\/media?parent=341"}],"curies":[{"name":"wp","href":"https:\/\/api.w.org\/{rel}","templated":true}]}}