{"id":2694,"date":"2018-10-29T10:54:38","date_gmt":"2018-10-29T03:54:38","guid":{"rendered":"https:\/\/shojiki.vn\/cho-thue-thiet-bi\/san-tuong-tac"},"modified":"2024-08-10T20:37:54","modified_gmt":"2024-08-10T13:37:54","slug":"san-tuong-tac","status":"publish","type":"page","link":"https:\/\/shojiki.vn\/en\/cho-thue-thiet-bi\/san-tuong-tac","title":{"rendered":"S\u00e0n t\u01b0\u01a1ng t\u00e1c"},"content":{"rendered":"<ol>\n<li><strong>TA\u0323O \u0110I\u00ca\u0309M NH\u00c2\u0301N CHO DOANH NGHI\u00ca\u0323P <\/strong><\/li>\n<\/ol>\n<p>Vi\u00ea\u0323c ta\u0323o \u0111i\u00ea\u0309m nh\u00e2\u0301n cho doanh nghi\u00ea\u0323p \u0111o\u0301ng vai tro\u0300 quan tro\u0323ng trong thi\u0323 tr\u01b0\u01a1\u0300ng ca\u0323nh tranh gay g\u0103\u0301t nh\u01b0 hi\u00ea\u0323n nay. Gi\u01b0\u0303a mu\u00f4n va\u0300n nha\u0303n ha\u0300ng, la\u0300m th\u00ea\u0301 na\u0300o \u0111\u00ea\u0309 co\u0301 th\u00ea\u0309 thu hu\u0301t s\u01b0\u0323 quan t\u00e2m cu\u0303ng nh\u01b0 nh\u00e2\u0323n th\u01b0\u0301c trong t\u00e2m tri\u0301 kha\u0301ch ha\u0300ng la\u0300 m\u00f4\u0323t ba\u0300i toa\u0301n v\u00f4 cu\u0300ng kho\u0301.<\/p>\n<p>\u1ede ba\u0300i vi\u00ea\u0301t na\u0300y,<a href=\"https:\/\/shojiki.vn\/en\"><span style=\"color: #ff6600;\"> SJK<\/span><\/a> se\u0303 gi\u01a1\u0301i thi\u00ea\u0323u \u0111\u1ebfn b\u1ea1n m\u00f4\u0323t gia\u0309i pha\u0301p c\u01b0\u0323c ky\u0300 \u0111\u01a1n gia\u0309n nh\u01b0ng la\u0323i co\u0301 th\u00ea\u0309 mang \u0111\u1ebfn s\u1ef1 kh\u00e1c bi\u1ec7t ho\u00e0n to\u00e0n \u0111\u1ed9c \u0111\u00e1o v\u00e0 m\u1edbi l\u1ea1.<\/p>\n<p>V\u01a1\u0301i nh\u01b0\u0303ng tra\u0309i nghi\u00ea\u0323m \u00e2\u0301n t\u01b0\u01a1\u0323ng, b\u00e2\u0301t ng\u01a1\u0300 va\u0300 ve\u0323n tro\u0300n nh\u00e2\u0301t t\u01a1\u0301i kha\u0301ch ha\u0300ng, ca\u0301c gia\u0309i pha\u0301p cu\u0309a <a href=\"https:\/\/shojiki.vn\/en\"><span style=\"color: #ff6600;\">SJK<\/span><\/a>\u00a0 se\u0303 giu\u0301p ca\u0309i thi\u00ea\u0323n doanh s\u00f4\u0301 va\u0300 t\u0103ng gia\u0301 tri\u0323 th\u01b0\u01a1ng hi\u00ea\u0323u cho doanh nghi\u00ea\u0323p cu\u0309a ba\u0323n.<\/p>\n<ol start=\"2\">\n<li><strong>S\u00c0N T\u01af\u01a0NG T\u00c1C<\/strong><\/li>\n<\/ol>\n<p><strong>S\u00e0n t\u01b0\u01a1ng t\u00e1c \u2013 interactive floor (i-floor)<\/strong> l\u00e0 h\u1ec7 th\u1ed1ng tr\u00ecnh chi\u1ebfu bi\u1ebfn s\u00e0n nh\u00e0 th\u00f4ng th\u01b0\u1eddng th\u00e0nh b\u1ec1 m\u1eb7t t\u01b0\u01a1ng t\u00e1c.<\/p>\n<p><a class=\"dt-single-image\" href=\"https:\/\/shojiki.vn\/template\/uploads\/2018\/11\/Santuongtac1.png\" data-dt-img-description=\"\"><img loading=\"lazy\" decoding=\"async\" class=\"size-full wp-image-2496 aligncenter\" src=\"https:\/\/shojiki.vn\/template\/uploads\/2018\/11\/Santuongtac1.png\" alt=\"\" width=\"573\" height=\"414\" srcset=\"https:\/\/shojiki.vn\/wp-content\/uploads\/2018\/11\/Santuongtac1.png 573w, https:\/\/shojiki.vn\/wp-content\/uploads\/2018\/11\/Santuongtac1-300x217.png 300w\" sizes=\"(max-width: 573px) 100vw, 573px\" \/><\/a><\/p>\n<p>S\u00e0n t\u01b0\u01a1ng t\u00e1c v\u1edbi h\u01a1n 100 hi\u1ec7u \u1ee9ng th\u1ea7n k\u1ef3 kh\u00e1c nhau nh\u01b0: : hoa, c\u1ecf, c\u00e1, n\u01b0\u1edbc, kh\u00f3i&#8230; s\u1ebd t\u1ea1o ra nh\u1eefng tr\u00f2 ch\u01a1i, h\u00ecnh \u1ea3nh t\u01b0\u01a1ng t\u00e1c gi\u00fap cho kh\u00e1ch h\u00e0ng d\u1ec5 d\u00e0ng c\u1ea3m nh\u1eadn nh\u1eefng \u0111i\u1ec1u \u0111\u1eb7c bi\u1ec7t m\u00e0 s\u1ea3n ph\u1ea9m \/ s\u1ef1 ki\u1ec7n \/ th\u00f4ng \u0111i\u1ec7p m\u00e0 ba\u0323n mu\u1ed1n truy\u1ec1n t\u1ea3i.<\/p>\n<p><a class=\"dt-single-image\" href=\"https:\/\/shojiki.vn\/template\/uploads\/2018\/11\/Santuongtac2.png\" data-dt-img-description=\"\"><img loading=\"lazy\" decoding=\"async\" class=\"size-full wp-image-2497 aligncenter\" src=\"https:\/\/shojiki.vn\/template\/uploads\/2018\/11\/Santuongtac2.png\" alt=\"\" width=\"525\" height=\"259\" srcset=\"https:\/\/shojiki.vn\/wp-content\/uploads\/2018\/11\/Santuongtac2.png 525w, https:\/\/shojiki.vn\/wp-content\/uploads\/2018\/11\/Santuongtac2-300x148.png 300w\" sizes=\"(max-width: 525px) 100vw, 525px\" \/><\/a><\/p>\n<p>M\u1ed9t \u0111i\u1ec3m \u0111\u1eb7c bi\u1ec7t kh\u00e1c m\u00e0 c\u00f4ng ngh\u1ec7 n\u00e0y mang \u0111\u1ebfn, ch\u00ednh l\u00e0 n\u1ed9i dung hi\u1ec3n th\u1ecb tr\u00ean s\u00e0n s\u1ebd thay \u0111\u1ed5i theo t\u1eebng b\u01b0\u1edbc chuy\u1ec3n \u0111\u1ed9ng m\u1ed9t c\u00e1ch \u0111\u1ea7y cu\u1ed1n h\u00fat. Ngo\u00e0i ra, h\u1ec7 th\u1ed1ng c\u0169ng lu\u00f4n s\u1eb5n s\u00e0ng bi\u1ebfn nh\u1eefng \u00fd t\u01b0\u1edfng t\u01b0\u01a1ng t\u00e1c c\u1ee7a doanh nghi\u1ec7p b\u1ea1n th\u00e0nh hi\u1ec7n th\u1ef1c b\u1edfi s\u1ef1 thi\u1ebft k\u1ebf, l\u1eadp tr\u00ecnh ph\u1ea7n m\u1ec1m.<\/p>\n<p>V\u00ec v\u1eady, c\u00f3 th\u1ec3 n\u00f3i s\u00e0n t\u01b0\u01a1ng t\u00e1c \u0111\u01b0\u1ee3c xem nh\u01b0 l\u00e0 m\u1ed9t s\u1ea3n ph\u1ea9m kh\u00f4ng th\u1ec3 thi\u1ebfu trong m\u1ecdi s\u1ef1 ki\u1ec7n.<\/p>\n<p>Hi\u1ec7n t\u1ea1i, <a href=\"https:\/\/shojiki.vn\/en\"><span style=\"color: #ff6600;\">SJK<\/span> <\/a>cung c\u00e2\u0301p \u0111\u00ea\u0301n 2 hi\u0300nh th\u01b0\u0301c l\u01b0\u0323a cho\u0323n phu\u0300 h\u01a1\u0323p theo t\u01b0\u0300ng nhu c\u00e2\u0300u s\u01b0\u0309 du\u0323ng cu\u0309a ba\u0323n v\u01a1\u0301i m\u01b0\u0301c gia\u0301 v\u00f4 cu\u0300ng <strong>\u01afU \u0110A\u0303I<\/strong>:<\/p>\n<ul>\n<li>Mua tro\u0323n go\u0301i ke\u0300m ba\u0309o ha\u0300nh (Thi\u0301ch h\u01a1\u0323p cho ca\u0301c showroom)<\/li>\n<li>Thu\u00ea thi\u00ea\u0301t bi\u0323 theo nga\u0300y (Thi\u0301ch h\u01a1\u0323p cho ca\u0301c bu\u00f4\u0309i tri\u00ea\u0309n la\u0303m, ca\u0301c s\u01b0\u0323 ki\u00ea\u0323n ng\u0103\u0301n nga\u0300y,\u2026)<\/li>\n<\/ul>\n<ol start=\"3\">\n<li><strong>T\u1ea0I SAO BA\u0323N N\u00caN L\u01af\u0323A CHO\u0323N DI\u0323CH VU\u0323 CU\u0309A SJK Group<\/strong><\/li>\n<\/ol>\n<p>H\u00e3y li\u00ean h\u1ec7 v\u1edbi ch\u00fang t\u00f4i \u2013 C\u00f4ng ty c\u1ed5 ph\u1ea7n qu\u1ea3ng c\u00e1o <span style=\"color: #ff6600;\"><a style=\"color: #ff6600;\" href=\"https:\/\/shojiki.vn\/en\"><strong>SJK Group<\/strong><\/a><\/span>\u2013 t\u1ef1 h\u00e0o l\u00e0 m\u1ed9t trong nh\u1eefng \u0111\u01a1n v\u1ecb qu\u1ea3ng c\u00e1o h\u00e0ng \u0111\u1ea7u Vi\u1ec7t Nam. V\u1edbi s\u1ef1 \u1ee7y quy\u1ec1n t\u1eeb \u0111\u1ea1i di\u1ec7n ch\u00ednh th\u1ee9c c\u1ee7a <strong>GEFEST PROJECTION<\/strong>\u00a0t\u1ea1i Vi\u1ec7t Nam, ch\u00fang t\u00f4i cam k\u1ebft s\u1ebd mang \u0111\u1ebfn cho b\u1ea1n m\u1ed9t d\u1ecbch v\u1ee5 qu\u1ea3ng c\u00e1o uy t\u00edn v\u00e0 hi\u1ec7u qu\u1ea3 nh\u1ea5t c\u00f9ng v\u1edbi:<\/p>\n<ul>\n<li>D\u1ecbch v\u1ee5 h\u1ed7 tr\u1ee3 <strong>T\u01af V\u1ea4N T\u1ed4NG TH\u1ec2<\/strong> c\u00e1c chi\u1ebfn l\u01b0\u1ee3c qu\u1ea3ng c\u00e1o<\/li>\n<li>\u0110\u1ed9i ng\u0169 thi c\u00f4ng tri\u1ec3n khai qu\u1ea3ng c\u00e1o <strong>NHANH CH\u00d3NG<\/strong> v\u00e0 <strong>\u0110\u00daNG H\u1ea0N<\/strong><\/li>\n<li>H\u00ea\u0323 th\u00f4\u0301ng thi\u00ea\u0301t bi\u0323 <strong>CH\u00c2\u0301T L\u01af\u01a0\u0323NG<\/strong> \u0111\u01b0\u01a1\u0323c nh\u00e2\u0323p kh\u00e2\u0309u t\u01b0\u0300 Nh\u00e2\u0323t Ba\u0309n<\/li>\n<li>Ch\u1ebf \u0111\u1ed9 <strong>B\u1ea2O H\u00c0NH<\/strong> an toa\u0300n va\u0300 h\u01a1\u0323p ly\u0301<\/li>\n<li>\u01afu \u0111\u00e3i <strong>CHI\u1ebeT KH\u1ea4U<\/strong> v\u00e0 <strong>H\u1eacU M\u00c3I<\/strong> h\u1ea5p d\u1eabn d\u00e0nh cho kh\u00e1ch h\u00e0ng<\/li>\n<\/ul>\n<p>Ngoa\u0300i c\u00f4ng ngh\u00ea\u0323 s\u00e0n t\u01b0\u01a1ng t\u00e1c; chu\u0301ng t\u00f4i co\u0300n s\u01a1\u0309 h\u01b0\u0303u h\u00ea\u0323 th\u00f4\u0301ng ca\u0301c thi\u00ea\u0301t bi\u0323 qua\u0309ng ca\u0301o t\u01b0\u01a1ng ta\u0301c m\u01a1\u0301i nh\u00e2\u0301t thi\u0323 tr\u01b0\u01a1\u0300ng hi\u00ea\u0323n nay:<\/p>\n<ul>\n<li>Holopyramid<\/li>\n<li>Information Stella<\/li>\n<li>Nh\u00e2n vi\u00ean ti\u1ebfp th\u1ecb \u1ea3o<\/li>\n<li>Matrix trong su\u00f4\u0301t<\/li>\n<li>Kiosk t\u01b0\u01a1ng t\u00e1c<\/li>\n<li>Tu\u0309 la\u0323nh Holo<\/li>\n<li>Qu\u1ea1t Hologram<\/li>\n<li>Ma\u0300n hi\u0300nh trong su\u00f4\u0301t cu\u0300ng nhi\u00ea\u0300u c\u00f4ng ngh\u00ea hi\u00ea\u0323n \u0111a\u0323i<\/li>\n<\/ul>\n<p>Li\u00ean h\u1ec7 v\u1edbi ch\u00fang t\u00f4i \u0111\u1ec3 \u0111\u01b0\u1ee3c t\u01b0 v\u1ea5n ngay!<\/p>\n<p><strong><em>Tr\u1ee5 s\u1edf:<\/em><\/strong><em>\u00a0\u00a0\u00a0\u00a0\u00a0\u00a0\u00a0\u00a0\u00a0\u00a0 80 \u0110\u01b0\u1eddng 17 ( g\u1ea7n Nguy\u1ec5n Qu\u00fd \u0110\u1ee9c), P. An Ph\u00fa, Q.2, TP.HCM<\/em><\/p>\n<p><strong><em>Hotline:<\/em><\/strong><em> \u00a0\u00a0\u00a0\u00a0\u00a0\u00a0\u00a0 02862758600<\/em><\/p>\n<p><strong><em>Email:<\/em><\/strong><em> \u00a0\u00a0\u00a0\u00a0\u00a0\u00a0\u00a0\u00a0\u00a0 info@shojiki.vn<\/em><\/p>\n<p><strong><em>Website:<\/em><\/strong><em> \u00a0\u00a0\u00a0\u00a0\u00a0\u00a0 shojiki.vn<\/em><\/p>\n","protected":false},"excerpt":{"rendered":"<p>TA\u0323O \u0110I\u00ca\u0309M NH\u00c2\u0301N CHO DOANH NGHI\u00ca\u0323P Vi\u00ea\u0323c ta\u0323o \u0111i\u00ea\u0309m nh\u00e2\u0301n cho doanh nghi\u00ea\u0323p \u0111o\u0301ng vai tro\u0300 quan tro\u0323ng trong thi\u0323 tr\u01b0\u01a1\u0300ng ca\u0323nh tranh gay g\u0103\u0301t nh\u01b0 hi\u00ea\u0323n nay. Gi\u01b0\u0303a mu\u00f4n va\u0300n nha\u0303n ha\u0300ng, la\u0300m th\u00ea\u0301 na\u0300o \u0111\u00ea\u0309 co\u0301 th\u00ea\u0309 thu hu\u0301t s\u01b0\u0323 quan t\u00e2m cu\u0303ng nh\u01b0 nh\u00e2\u0323n th\u01b0\u0301c trong t\u00e2m tri\u0301 kha\u0301ch ha\u0300ng la\u0300 m\u00f4\u0323t&hellip;<\/p>\n","protected":false},"author":1,"featured_media":0,"parent":2662,"menu_order":0,"comment_status":"closed","ping_status":"closed","template":"","meta":{"_acf_changed":false,"footnotes":""},"class_list":["post-2694","page","type-page","status-publish","hentry","description-off"],"acf":[],"yoast_head":"<!-- This site is optimized with the Yoast SEO plugin v25.6 - https:\/\/yoast.com\/wordpress\/plugins\/seo\/ -->\n<title>S\u00e0n t\u01b0\u01a1ng t\u00e1c - Shojiki.vn<\/title>\n<meta name=\"description\" content=\"S\u00e0n t\u01b0\u01a1ng t\u00e1c \u2013 interactive floor (i-floor) l\u00e0 h\u1ec7 th\u1ed1ng tr\u00ecnh chi\u1ebfu bi\u1ebfn s\u00e0n nh\u00e0 th\u00f4ng th\u01b0\u1eddng th\u00e0nh b\u1ec1 m\u1eb7t t\u01b0\u01a1ng t\u00e1c. S\u00e0n t\u01b0\u01a1ng t\u00e1c v\u1edbi h\u01a1n 100 hi\u1ec7u \u1ee9ng th\u1ea7n k\u1ef3 kh\u00e1c nhau nh\u01b0: hoa, c\u1ecf, c\u00e1, n\u01b0\u1edbc, kh\u00f3i...\" \/>\n<meta name=\"robots\" content=\"index, follow, max-snippet:-1, max-image-preview:large, max-video-preview:-1\" \/>\n<link rel=\"canonical\" href=\"https:\/\/shojiki.vn\/en\/cho-thue-thiet-bi\/san-tuong-tac\" \/>\n<meta property=\"og:locale\" content=\"en_US\" \/>\n<meta property=\"og:type\" content=\"article\" \/>\n<meta property=\"og:title\" content=\"S\u00e0n t\u01b0\u01a1ng t\u00e1c - Shojiki.vn\" \/>\n<meta property=\"og:description\" content=\"S\u00e0n t\u01b0\u01a1ng t\u00e1c \u2013 interactive floor (i-floor) l\u00e0 h\u1ec7 th\u1ed1ng tr\u00ecnh chi\u1ebfu bi\u1ebfn s\u00e0n nh\u00e0 th\u00f4ng th\u01b0\u1eddng th\u00e0nh b\u1ec1 m\u1eb7t t\u01b0\u01a1ng t\u00e1c. S\u00e0n t\u01b0\u01a1ng t\u00e1c v\u1edbi h\u01a1n 100 hi\u1ec7u \u1ee9ng th\u1ea7n k\u1ef3 kh\u00e1c nhau nh\u01b0: hoa, c\u1ecf, c\u00e1, n\u01b0\u1edbc, kh\u00f3i...\" \/>\n<meta property=\"og:url\" content=\"https:\/\/shojiki.vn\/en\/cho-thue-thiet-bi\/san-tuong-tac\" \/>\n<meta property=\"og:site_name\" content=\"Shojiki.vn\" \/>\n<meta property=\"article:modified_time\" content=\"2024-08-10T13:37:54+00:00\" \/>\n<meta property=\"og:image\" content=\"https:\/\/shojiki.vn\/template\/uploads\/2018\/11\/Santuongtac1.png\" \/>\n<meta name=\"twitter:label1\" content=\"Est. reading time\" \/>\n\t<meta name=\"twitter:data1\" content=\"5 minutes\" \/>\n<script type=\"application\/ld+json\" class=\"yoast-schema-graph\">{\"@context\":\"https:\/\/schema.org\",\"@graph\":[{\"@type\":\"WebPage\",\"@id\":\"https:\/\/shojiki.vn\/en\/cho-thue-thiet-bi\/san-tuong-tac\",\"url\":\"https:\/\/shojiki.vn\/en\/cho-thue-thiet-bi\/san-tuong-tac\",\"name\":\"S\u00e0n t\u01b0\u01a1ng t\u00e1c - Shojiki.vn\",\"isPartOf\":{\"@id\":\"https:\/\/shojiki.vn\/#website\"},\"primaryImageOfPage\":{\"@id\":\"https:\/\/shojiki.vn\/en\/cho-thue-thiet-bi\/san-tuong-tac#primaryimage\"},\"image\":{\"@id\":\"https:\/\/shojiki.vn\/en\/cho-thue-thiet-bi\/san-tuong-tac#primaryimage\"},\"thumbnailUrl\":\"https:\/\/shojiki.vn\/template\/uploads\/2018\/11\/Santuongtac1.png\",\"datePublished\":\"2018-10-29T03:54:38+00:00\",\"dateModified\":\"2024-08-10T13:37:54+00:00\",\"description\":\"S\u00e0n t\u01b0\u01a1ng t\u00e1c \u2013 interactive floor (i-floor) l\u00e0 h\u1ec7 th\u1ed1ng tr\u00ecnh chi\u1ebfu bi\u1ebfn s\u00e0n nh\u00e0 th\u00f4ng th\u01b0\u1eddng th\u00e0nh b\u1ec1 m\u1eb7t t\u01b0\u01a1ng t\u00e1c. S\u00e0n t\u01b0\u01a1ng t\u00e1c v\u1edbi h\u01a1n 100 hi\u1ec7u \u1ee9ng th\u1ea7n k\u1ef3 kh\u00e1c nhau nh\u01b0: hoa, c\u1ecf, c\u00e1, n\u01b0\u1edbc, kh\u00f3i...\",\"breadcrumb\":{\"@id\":\"https:\/\/shojiki.vn\/en\/cho-thue-thiet-bi\/san-tuong-tac#breadcrumb\"},\"inLanguage\":\"en-US\",\"potentialAction\":[{\"@type\":\"ReadAction\",\"target\":[\"https:\/\/shojiki.vn\/en\/cho-thue-thiet-bi\/san-tuong-tac\"]}]},{\"@type\":\"ImageObject\",\"inLanguage\":\"en-US\",\"@id\":\"https:\/\/shojiki.vn\/en\/cho-thue-thiet-bi\/san-tuong-tac#primaryimage\",\"url\":\"https:\/\/shojiki.vn\/template\/uploads\/2018\/11\/Santuongtac1.png\",\"contentUrl\":\"https:\/\/shojiki.vn\/template\/uploads\/2018\/11\/Santuongtac1.png\"},{\"@type\":\"BreadcrumbList\",\"@id\":\"https:\/\/shojiki.vn\/en\/cho-thue-thiet-bi\/san-tuong-tac#breadcrumb\",\"itemListElement\":[{\"@type\":\"ListItem\",\"position\":1,\"name\":\"Home\",\"item\":\"https:\/\/shojiki.vn\/en\"},{\"@type\":\"ListItem\",\"position\":2,\"name\":\"Equipment rental\",\"item\":\"https:\/\/shojiki.vn\/en\/cho-thue-thiet-bi\"},{\"@type\":\"ListItem\",\"position\":3,\"name\":\"S\u00e0n t\u01b0\u01a1ng t\u00e1c\"}]},{\"@type\":\"WebSite\",\"@id\":\"https:\/\/shojiki.vn\/#website\",\"url\":\"https:\/\/shojiki.vn\/\",\"name\":\"Shojiki.vn\",\"description\":\"\",\"potentialAction\":[{\"@type\":\"SearchAction\",\"target\":{\"@type\":\"EntryPoint\",\"urlTemplate\":\"https:\/\/shojiki.vn\/?s={search_term_string}\"},\"query-input\":{\"@type\":\"PropertyValueSpecification\",\"valueRequired\":true,\"valueName\":\"search_term_string\"}}],\"inLanguage\":\"en-US\"}]}<\/script>\n<!-- \/ Yoast SEO plugin. -->","yoast_head_json":{"title":"S\u00e0n t\u01b0\u01a1ng t\u00e1c - Shojiki.vn","description":"S\u00e0n t\u01b0\u01a1ng t\u00e1c \u2013 interactive floor (i-floor) l\u00e0 h\u1ec7 th\u1ed1ng tr\u00ecnh chi\u1ebfu bi\u1ebfn s\u00e0n nh\u00e0 th\u00f4ng th\u01b0\u1eddng th\u00e0nh b\u1ec1 m\u1eb7t t\u01b0\u01a1ng t\u00e1c. S\u00e0n t\u01b0\u01a1ng t\u00e1c v\u1edbi h\u01a1n 100 hi\u1ec7u \u1ee9ng th\u1ea7n k\u1ef3 kh\u00e1c nhau nh\u01b0: hoa, c\u1ecf, c\u00e1, n\u01b0\u1edbc, kh\u00f3i...","robots":{"index":"index","follow":"follow","max-snippet":"max-snippet:-1","max-image-preview":"max-image-preview:large","max-video-preview":"max-video-preview:-1"},"canonical":"https:\/\/shojiki.vn\/en\/cho-thue-thiet-bi\/san-tuong-tac","og_locale":"en_US","og_type":"article","og_title":"S\u00e0n t\u01b0\u01a1ng t\u00e1c - Shojiki.vn","og_description":"S\u00e0n t\u01b0\u01a1ng t\u00e1c \u2013 interactive floor (i-floor) l\u00e0 h\u1ec7 th\u1ed1ng tr\u00ecnh chi\u1ebfu bi\u1ebfn s\u00e0n nh\u00e0 th\u00f4ng th\u01b0\u1eddng th\u00e0nh b\u1ec1 m\u1eb7t t\u01b0\u01a1ng t\u00e1c. S\u00e0n t\u01b0\u01a1ng t\u00e1c v\u1edbi h\u01a1n 100 hi\u1ec7u \u1ee9ng th\u1ea7n k\u1ef3 kh\u00e1c nhau nh\u01b0: hoa, c\u1ecf, c\u00e1, n\u01b0\u1edbc, kh\u00f3i...","og_url":"https:\/\/shojiki.vn\/en\/cho-thue-thiet-bi\/san-tuong-tac","og_site_name":"Shojiki.vn","article_modified_time":"2024-08-10T13:37:54+00:00","og_image":[{"url":"https:\/\/shojiki.vn\/template\/uploads\/2018\/11\/Santuongtac1.png","type":"","width":"","height":""}],"twitter_misc":{"Est. reading time":"5 minutes"},"schema":{"@context":"https:\/\/schema.org","@graph":[{"@type":"WebPage","@id":"https:\/\/shojiki.vn\/en\/cho-thue-thiet-bi\/san-tuong-tac","url":"https:\/\/shojiki.vn\/en\/cho-thue-thiet-bi\/san-tuong-tac","name":"S\u00e0n t\u01b0\u01a1ng t\u00e1c - Shojiki.vn","isPartOf":{"@id":"https:\/\/shojiki.vn\/#website"},"primaryImageOfPage":{"@id":"https:\/\/shojiki.vn\/en\/cho-thue-thiet-bi\/san-tuong-tac#primaryimage"},"image":{"@id":"https:\/\/shojiki.vn\/en\/cho-thue-thiet-bi\/san-tuong-tac#primaryimage"},"thumbnailUrl":"https:\/\/shojiki.vn\/template\/uploads\/2018\/11\/Santuongtac1.png","datePublished":"2018-10-29T03:54:38+00:00","dateModified":"2024-08-10T13:37:54+00:00","description":"S\u00e0n t\u01b0\u01a1ng t\u00e1c \u2013 interactive floor (i-floor) l\u00e0 h\u1ec7 th\u1ed1ng tr\u00ecnh chi\u1ebfu bi\u1ebfn s\u00e0n nh\u00e0 th\u00f4ng th\u01b0\u1eddng th\u00e0nh b\u1ec1 m\u1eb7t t\u01b0\u01a1ng t\u00e1c. S\u00e0n t\u01b0\u01a1ng t\u00e1c v\u1edbi h\u01a1n 100 hi\u1ec7u \u1ee9ng th\u1ea7n k\u1ef3 kh\u00e1c nhau nh\u01b0: hoa, c\u1ecf, c\u00e1, n\u01b0\u1edbc, kh\u00f3i...","breadcrumb":{"@id":"https:\/\/shojiki.vn\/en\/cho-thue-thiet-bi\/san-tuong-tac#breadcrumb"},"inLanguage":"en-US","potentialAction":[{"@type":"ReadAction","target":["https:\/\/shojiki.vn\/en\/cho-thue-thiet-bi\/san-tuong-tac"]}]},{"@type":"ImageObject","inLanguage":"en-US","@id":"https:\/\/shojiki.vn\/en\/cho-thue-thiet-bi\/san-tuong-tac#primaryimage","url":"https:\/\/shojiki.vn\/template\/uploads\/2018\/11\/Santuongtac1.png","contentUrl":"https:\/\/shojiki.vn\/template\/uploads\/2018\/11\/Santuongtac1.png"},{"@type":"BreadcrumbList","@id":"https:\/\/shojiki.vn\/en\/cho-thue-thiet-bi\/san-tuong-tac#breadcrumb","itemListElement":[{"@type":"ListItem","position":1,"name":"Home","item":"https:\/\/shojiki.vn\/en"},{"@type":"ListItem","position":2,"name":"Equipment rental","item":"https:\/\/shojiki.vn\/en\/cho-thue-thiet-bi"},{"@type":"ListItem","position":3,"name":"S\u00e0n t\u01b0\u01a1ng t\u00e1c"}]},{"@type":"WebSite","@id":"https:\/\/shojiki.vn\/#website","url":"https:\/\/shojiki.vn\/","name":"Shojiki.vn","description":"","potentialAction":[{"@type":"SearchAction","target":{"@type":"EntryPoint","urlTemplate":"https:\/\/shojiki.vn\/?s={search_term_string}"},"query-input":{"@type":"PropertyValueSpecification","valueRequired":true,"valueName":"search_term_string"}}],"inLanguage":"en-US"}]}},"_links":{"self":[{"href":"https:\/\/shojiki.vn\/en\/wp-json\/wp\/v2\/pages\/2694"}],"collection":[{"href":"https:\/\/shojiki.vn\/en\/wp-json\/wp\/v2\/pages"}],"about":[{"href":"https:\/\/shojiki.vn\/en\/wp-json\/wp\/v2\/types\/page"}],"author":[{"embeddable":true,"href":"https:\/\/shojiki.vn\/en\/wp-json\/wp\/v2\/users\/1"}],"replies":[{"embeddable":true,"href":"https:\/\/shojiki.vn\/en\/wp-json\/wp\/v2\/comments?post=2694"}],"version-history":[{"count":3,"href":"https:\/\/shojiki.vn\/en\/wp-json\/wp\/v2\/pages\/2694\/revisions"}],"predecessor-version":[{"id":15779,"href":"https:\/\/shojiki.vn\/en\/wp-json\/wp\/v2\/pages\/2694\/revisions\/15779"}],"up":[{"embeddable":true,"href":"https:\/\/shojiki.vn\/en\/wp-json\/wp\/v2\/pages\/2662"}],"wp:attachment":[{"href":"https:\/\/shojiki.vn\/en\/wp-json\/wp\/v2\/media?parent=2694"}],"curies":[{"name":"wp","href":"https:\/\/api.w.org\/{rel}","templated":true}]}}