{"id":2693,"date":"2018-10-29T10:55:59","date_gmt":"2018-10-29T03:55:59","guid":{"rendered":"https:\/\/shojiki.vn\/cho-thue-thiet-bi\/quat-hologram"},"modified":"2024-08-10T20:35:32","modified_gmt":"2024-08-10T13:35:32","slug":"quat-hologram","status":"publish","type":"page","link":"https:\/\/shojiki.vn\/en\/cho-thue-thiet-bi\/quat-hologram","title":{"rendered":"Qu\u1ea1t Hologram"},"content":{"rendered":"<ol>\n<li><strong>TA\u0323O \u0110I\u00ca\u0309M NH\u00c2\u0301N CHO DOANH NGHI\u00ca\u0323P <\/strong><\/li>\n<\/ol>\n<p>Vi\u00ea\u0323c ta\u0323o \u0111i\u00ea\u0309m nh\u00e2\u0301n cho doanh nghi\u00ea\u0323p \u0111o\u0301ng vai tro\u0300 quan tro\u0323ng trong thi\u0323 tr\u01b0\u01a1\u0300ng ca\u0323nh tranh gay g\u0103\u0301t nh\u01b0 hi\u00ea\u0323n nay. Gi\u01b0\u0303a mu\u00f4n va\u0300n nha\u0303n ha\u0300ng, la\u0300m th\u00ea\u0301 na\u0300o \u0111\u00ea\u0309 co\u0301 th\u00ea\u0309 thu hu\u0301t s\u01b0\u0323 quan t\u00e2m cu\u0303ng nh\u01b0 nh\u00e2\u0323n th\u01b0\u0301c trong t\u00e2m tri\u0301 kha\u0301ch ha\u0300ng la\u0300 m\u00f4\u0323t ba\u0300i toa\u0301n v\u00f4 cu\u0300ng kho\u0301.<\/p>\n<p>\u1ede ba\u0300i vi\u00ea\u0301t na\u0300y, <span style=\"color: #ff6600;\"><a style=\"color: #ff6600;\" href=\"https:\/\/shojiki.vn\/en\">SJK<\/a><\/span> se\u0303 gi\u01a1\u0301i thi\u00ea\u0323u \u0111\u1ebfn b\u1ea1n m\u00f4\u0323t gia\u0309i pha\u0301p c\u01b0\u0323c ky\u0300 \u0111\u01a1n gia\u0309n nh\u01b0ng la\u0323i co\u0301 th\u00ea\u0309 mang \u0111\u1ebfn s\u1ef1 kh\u00e1c bi\u1ec7t ho\u00e0n to\u00e0n \u0111\u1ed9c \u0111\u00e1o v\u00e0 m\u1edbi l\u1ea1.<\/p>\n<p>V\u01a1\u0301i nh\u01b0\u0303ng tra\u0309i nghi\u00ea\u0323m \u00e2\u0301n t\u01b0\u01a1\u0323ng, b\u00e2\u0301t ng\u01a1\u0300 va\u0300 ve\u0323n tro\u0300n nh\u00e2\u0301t t\u01a1\u0301i kha\u0301ch ha\u0300ng, ca\u0301c gia\u0309i pha\u0301p cu\u0309a <a href=\"https:\/\/shojiki.vn\/en\"><span style=\"color: #ff6600;\">SJK <\/span><\/a>se\u0303 giu\u0301p ca\u0309i thi\u00ea\u0323n doanh s\u00f4\u0301 va\u0300 t\u0103ng gia\u0301 tri\u0323 th\u01b0\u01a1ng hi\u00ea\u0323u cho doanh nghi\u00ea\u0323p cu\u0309a ba\u0323n.<\/p>\n<ol start=\"2\">\n<li><strong>QU\u1ea0T HOLOGRAM<\/strong><\/li>\n<\/ol>\n<p><strong>Qu\u1ea1t holographic Air Vision<\/strong> l\u00e0 lo\u1ea1i qu\u1ea1t treo t\u01b0\u1eddng c\u00f3 th\u1ec3 t\u1ea1o \u0111\u01b0\u1ee3c h\u00ecnh \u1ea3nh, ho\u1ea1t h\u00ecnh, video d\u1ea1ng holographic l\u01a1 l\u1eedng trong kh\u00f4ng trung m\u00e0 kh\u00f4ng c\u1ea7n \u0111\u1ebfn b\u1ea5t c\u1ee9 m\u00e1y chi\u1ebfu hay ph\u00f4ng n\u1ec1n n\u00e0o.<\/p>\n<p><a class=\"dt-single-image\" href=\"https:\/\/shojiki.vn\/template\/uploads\/2018\/11\/Hologram1.jpg\" data-dt-img-description=\"\"><img loading=\"lazy\" decoding=\"async\" class=\"size-full wp-image-2492 aligncenter\" src=\"https:\/\/shojiki.vn\/template\/uploads\/2018\/11\/Hologram1.jpg\" alt=\"\" width=\"500\" height=\"332\" srcset=\"https:\/\/shojiki.vn\/wp-content\/uploads\/2018\/11\/Hologram1.jpg 500w, https:\/\/shojiki.vn\/wp-content\/uploads\/2018\/11\/Hologram1-300x199.jpg 300w\" sizes=\"(max-width: 500px) 100vw, 500px\" \/><\/a>\u00a0\u00a0\u00a0\u00a0\u00a0\u00a0\u00a0\u00a0\u00a0\u00a0\u00a0 Thi\u1ebft b\u1ecb c\u00f4ng ngh\u1ec7 hi\u1ec7n \u0111\u1ea1i n\u00e0y mang l\u1ea1i c\u1ea3m gi\u00e1c ch\u00e2n th\u1ef1c cho kh\u00e1ch h\u00e0ng, nh\u01b0 \u0111ang b\u01b0\u1edbc v\u00e0o m\u1ed9t th\u1ebf gi\u1edbi v\u1edbi nh\u1eefng k\u1ef9 x\u1ea3o m\u00e1y t\u00ednh ho\u1eb7c c\u00f4ng ngh\u1ec7 khoa h\u1ecdc vi\u1ec5n t\u01b0\u1edfng.<\/p>\n<p style=\"text-align: center;\"><em><a class=\"dt-single-image\" href=\"https:\/\/shojiki.vn\/template\/uploads\/2018\/11\/Hologram2.png\" data-dt-img-description=\"\"><img loading=\"lazy\" decoding=\"async\" class=\"wp-image-2493 aligncenter\" src=\"https:\/\/shojiki.vn\/template\/uploads\/2018\/11\/Hologram2.png\" alt=\"\" width=\"735\" height=\"493\" \/><\/a>Qu\u1ea1t Hologram 3D v\u1edbi nhi\u1ec1u hi\u1ec7u \u1ee9ng \u0111a d\u1ea1ng<\/em><\/p>\n<p><a class=\"dt-single-image\" href=\"https:\/\/shojiki.vn\/template\/uploads\/2018\/11\/Hologram3.png\" data-dt-img-description=\"\"><img loading=\"lazy\" decoding=\"async\" class=\"wp-image-2494 aligncenter\" src=\"https:\/\/shojiki.vn\/template\/uploads\/2018\/11\/Hologram3.png\" alt=\"\" width=\"738\" height=\"401\" \/><\/a>V\u1edbi k\u00edch th\u01b0\u1edbc h\u00ecnh \u1ea3nh 500*500 mm, qu\u1ea1t Hologram c\u00f3 \u0111\u1ed9 ph\u00e2n gi\u1ea3i l\u00ean \u0111\u1ebfn 512*512 v\u00e0 h\u1ea1n s\u1eed d\u1ee5ng l\u00ean \u0111\u1ebfn 100,000 gi\u1edd.<\/p>\n<p>Doanh nghi\u00ea\u0323p na\u0300o cu\u0303ng \u0111\u00ea\u0300u co\u0301 th\u00ea\u0309 s\u01a1\u0309 h\u01b0\u0303u v\u00ea\u0300 cho mi\u0300nh chi\u1ebfc qu\u1ea1t th\u1ea7n k\u1ef3 tr\u00ean, vi\u0300 m\u00f4 hi\u0300nh na\u0300y hoa\u0300n toa\u0300n \u0111\u01a1n gia\u0309n va\u0300 d\u00ea\u0303 s\u01b0\u0309 du\u0323ng. Ba\u0323n kh\u00f4ng c\u00e2\u0300n pha\u0309i t\u00f4\u0301n th\u00eam b\u00e2\u0301t c\u01b0\u0301 khoa\u0309n chi phi\u0301 na\u0300o cho nh\u00e2n vi\u00ean ky\u0303 thu\u00e2\u0323t \u0111\u00ea\u0309 theo do\u0303i thi\u00ea\u0301t bi\u0323 qua\u0309ng ca\u0301o hi\u00ea\u0323n \u0111a\u0323i na\u0300y. \u0110\u1eb7c bi\u1ec7t h\u01a1n, qu\u1ea1t Hologram c\u00f2n c\u00f3 th\u1ec3 \u0111\u1ecdc \u0111\u01b0\u1ee3c c\u00e1c \u0111\u1ecbnh d\u1ea1ng: JPG, GIF, MP4, AVI, RMVB, MPEG, \u2026 v\u00e0 \u0111\u01b0\u1ee3c \u0111i\u1ec1u khi\u1ec1n d\u1ec5 d\u00e0ng t\u1eeb m\u00e1y t\u00ednh ho\u1eb7c \u0111i\u1ec7n tho\u1ea1i th\u00f4ng qua Wifi hay Bluetooth.<\/p>\n<p>V\u00e0 ch\u1eafc ch\u1eafn, qu\u1ea1t Holographic Air Vision s\u1ebd g\u00f3p th\u00eam s\u1ef1 \u0111\u1ed9c \u0111\u00e1o v\u00e0 m\u1edbi l\u1ea1 cho c\u00e1c chi\u1ebfn d\u1ecbch qu\u1ea3ng c\u00e1o, s\u1ef1 ki\u1ec7n, tri\u1ec3n l\u00e3m, trung t\u00e2m gi\u1ea3i tr\u00ed,\u2026 cho doanh nghi\u1ec7p b\u1ea1n.<\/p>\n<p>Hi\u1ec7n t\u1ea1i, <a href=\"https:\/\/shojiki.vn\/en\"><span style=\"color: #ff6600;\">SJK<\/span><\/a> cung c\u00e2\u0301p \u0111\u00ea\u0301n 2 hi\u0300nh th\u01b0\u0301c l\u01b0\u0323a cho\u0323n: phu\u0300 h\u01a1\u0323p theo t\u01b0\u0300ng nhu c\u00e2\u0300u s\u01b0\u0309 du\u0323ng cu\u0309a ba\u0323n v\u01a1\u0301i m\u01b0\u0301c gia\u0301 v\u00f4 cu\u0300ng <strong>\u01afU \u0110A\u0303I<\/strong>:<\/p>\n<ul>\n<li>Mua tro\u0323n go\u0301i ke\u0300m ba\u0309o ha\u0300nh (Thi\u0301ch h\u01a1\u0323p cho ca\u0301c showroom)<\/li>\n<li>Thu\u00ea thi\u00ea\u0301t bi\u0323 theo nga\u0300y (Thi\u0301ch h\u01a1\u0323p cho ca\u0301c bu\u00f4\u0309i tri\u00ea\u0309n la\u0303m, ca\u0301c s\u01b0\u0323 ki\u00ea\u0323n ng\u0103\u0301n nga\u0300y,\u2026)<\/li>\n<\/ul>\n<ol start=\"3\">\n<li><strong>T\u1ea0I SAO BA\u0323N N\u00caN L\u01af\u0323A CHO\u0323N DI\u0323CH VU\u0323 CU\u0309A <span style=\"color: #ff6600;\">SJK Group<\/span><\/strong><\/li>\n<\/ol>\n<p>H\u00e3y li\u00ean h\u1ec7 v\u1edbi ch\u00fang t\u00f4i \u2013 C\u00f4ng ty c\u1ed5 ph\u1ea7n qu\u1ea3ng c\u00e1o <a href=\"https:\/\/shojiki.vn\/en\"><strong><span style=\"color: #ff6600;\">SJK Group<\/span><\/strong><\/a>\u00a0\u2013 t\u1ef1 h\u00e0o l\u00e0 m\u1ed9t trong nh\u1eefng \u0111\u01a1n v\u1ecb qu\u1ea3ng c\u00e1o h\u00e0ng \u0111\u1ea7u Vi\u1ec7t Nam. V\u1edbi s\u1ef1 \u1ee7y quy\u1ec1n t\u1eeb \u0111\u1ea1i di\u1ec7n ch\u00ednh th\u1ee9c c\u1ee7a <strong>GEFEST PROJECTION<\/strong>\u00a0t\u1ea1i Vi\u1ec7t Nam, ch\u00fang t\u00f4i cam k\u1ebft s\u1ebd mang \u0111\u1ebfn cho b\u1ea1n m\u1ed9t d\u1ecbch v\u1ee5 qu\u1ea3ng c\u00e1o uy t\u00edn v\u00e0 hi\u1ec7u qu\u1ea3 nh\u1ea5t c\u00f9ng v\u1edbi:<\/p>\n<ul>\n<li>D\u1ecbch v\u1ee5 h\u1ed7 tr\u1ee3 <strong>T\u01af V\u1ea4N T\u1ed4NG TH\u1ec2<\/strong> c\u00e1c chi\u1ebfn l\u01b0\u1ee3c qu\u1ea3ng c\u00e1o<\/li>\n<li>\u0110\u1ed9i ng\u0169 thi c\u00f4ng tri\u1ec3n khai qu\u1ea3ng c\u00e1o <strong>NHANH CH\u00d3NG<\/strong> v\u00e0 <strong>\u0110\u00daNG H\u1ea0N<\/strong><\/li>\n<li>H\u00ea\u0323 th\u00f4\u0301ng thi\u00ea\u0301t bi\u0323 <strong>CH\u00c2\u0301T L\u01af\u01a0\u0323NG<\/strong> \u0111\u01b0\u01a1\u0323c nh\u00e2\u0323p kh\u00e2\u0309u t\u01b0\u0300 Nh\u00e2\u0323t Ba\u0309n<\/li>\n<li>Ch\u1ebf \u0111\u1ed9 <strong>B\u1ea2O H\u00c0NH<\/strong> an toa\u0300n va\u0300 h\u01a1\u0323p ly\u0301<\/li>\n<li>\u01afu \u0111\u00e3i <strong>CHI\u1ebeT KH\u1ea4U<\/strong> v\u00e0 <strong>H\u1eacU M\u00c3I<\/strong> h\u1ea5p d\u1eabn d\u00e0nh cho kh\u00e1ch h\u00e0ng<\/li>\n<\/ul>\n<p>Ngoa\u0300i c\u00f4ng ngh\u00ea\u0323 Qu\u1ea1t Hologram; chu\u0301ng t\u00f4i co\u0300n s\u01a1\u0309 h\u01b0\u0303u h\u00ea\u0323 th\u00f4\u0301ng ca\u0301c thi\u00ea\u0301t bi\u0323 qua\u0309ng ca\u0301o t\u01b0\u01a1ng ta\u0301c m\u01a1\u0301i nh\u00e2\u0301t thi\u0323 tr\u01b0\u01a1\u0300ng hi\u00ea\u0323n nay:<\/p>\n<ul>\n<li>Holopyramid<\/li>\n<li>Information Stella<\/li>\n<li>Nh\u00e2n vi\u00ean ti\u1ebfp th\u1ecb \u1ea3o<\/li>\n<li>Matrix trong su\u00f4\u0301t<\/li>\n<li>Kiosk t\u01b0\u01a1ng t\u00e1c<\/li>\n<li>Tu\u0309 la\u0323nh Holo<\/li>\n<li>S\u00e0n t\u01b0\u01a1ng t\u00e1c<\/li>\n<li>Ma\u0300n hi\u0300nh trong su\u00f4\u0301t cu\u0300ng nhi\u00ea\u0300u c\u00f4ng ngh\u00ea hi\u00ea\u0323n \u0111a\u0323i<\/li>\n<\/ul>\n<p>Li\u00ean h\u1ec7 v\u1edbi ch\u00fang t\u00f4i \u0111\u1ec3 \u0111\u01b0\u1ee3c t\u01b0 v\u1ea5n ngay!<\/p>\n<p><strong><em>Tr\u1ee5 s\u1edf:<\/em><\/strong><em>\u00a0\u00a0\u00a0\u00a0\u00a0\u00a0\u00a0\u00a0\u00a0\u00a0 80 \u0110\u01b0\u1eddng 17 ( g\u1ea7n Nguy\u1ec5n Qu\u00fd \u0110\u1ee9c), P. An Ph\u00fa, Q.2, TP.HCM<\/em><\/p>\n<p><strong><em>Hotline:<\/em><\/strong><em> \u00a0\u00a0\u00a0\u00a0\u00a0\u00a0\u00a0 02862758600<\/em><\/p>\n<p><strong><em>Email:<\/em><\/strong><em> \u00a0\u00a0\u00a0\u00a0\u00a0\u00a0\u00a0\u00a0\u00a0 info@shojiki.vn<\/em><\/p>\n<p><strong><em>Website:<\/em><\/strong><em> \u00a0\u00a0\u00a0\u00a0\u00a0\u00a0 shojiki.vn<\/em><\/p>\n","protected":false},"excerpt":{"rendered":"<p>TA\u0323O \u0110I\u00ca\u0309M NH\u00c2\u0301N CHO DOANH NGHI\u00ca\u0323P Vi\u00ea\u0323c ta\u0323o \u0111i\u00ea\u0309m nh\u00e2\u0301n cho doanh nghi\u00ea\u0323p \u0111o\u0301ng vai tro\u0300 quan tro\u0323ng trong thi\u0323 tr\u01b0\u01a1\u0300ng ca\u0323nh tranh gay g\u0103\u0301t nh\u01b0 hi\u00ea\u0323n nay. Gi\u01b0\u0303a mu\u00f4n va\u0300n nha\u0303n ha\u0300ng, la\u0300m th\u00ea\u0301 na\u0300o \u0111\u00ea\u0309 co\u0301 th\u00ea\u0309 thu hu\u0301t s\u01b0\u0323 quan t\u00e2m cu\u0303ng nh\u01b0 nh\u00e2\u0323n th\u01b0\u0301c trong t\u00e2m tri\u0301 kha\u0301ch ha\u0300ng la\u0300 m\u00f4\u0323t&hellip;<\/p>\n","protected":false},"author":1,"featured_media":0,"parent":2662,"menu_order":0,"comment_status":"closed","ping_status":"closed","template":"","meta":{"_acf_changed":false,"footnotes":""},"class_list":["post-2693","page","type-page","status-publish","hentry","description-off"],"acf":[],"yoast_head":"<!-- This site is optimized with the Yoast SEO plugin v25.6 - https:\/\/yoast.com\/wordpress\/plugins\/seo\/ -->\n<title>Qu\u1ea1t Hologram - Shojiki.vn<\/title>\n<meta name=\"description\" content=\"Qu\u1ea1t holographic Air Vision l\u00e0 lo\u1ea1i qu\u1ea1t treo t\u01b0\u1eddng c\u00f3 th\u1ec3 t\u1ea1o \u0111\u01b0\u1ee3c h\u00ecnh \u1ea3nh, ho\u1ea1t h\u00ecnh, video d\u1ea1ng holographic l\u01a1 l\u1eedng trong kh\u00f4ng trung m\u00e0 kh\u00f4ng c\u1ea7n \u0111\u1ebfn b\u1ea5t c\u1ee9 m\u00e1y chi\u1ebfu hay ph\u00f4ng n\u1ec1n n\u00e0o.\" \/>\n<meta name=\"robots\" content=\"index, follow, max-snippet:-1, max-image-preview:large, max-video-preview:-1\" \/>\n<link rel=\"canonical\" href=\"https:\/\/shojiki.vn\/en\/cho-thue-thiet-bi\/quat-hologram\" \/>\n<meta property=\"og:locale\" content=\"en_US\" \/>\n<meta property=\"og:type\" content=\"article\" \/>\n<meta property=\"og:title\" content=\"Qu\u1ea1t Hologram - Shojiki.vn\" \/>\n<meta property=\"og:description\" content=\"Qu\u1ea1t holographic Air Vision l\u00e0 lo\u1ea1i qu\u1ea1t treo t\u01b0\u1eddng c\u00f3 th\u1ec3 t\u1ea1o \u0111\u01b0\u1ee3c h\u00ecnh \u1ea3nh, ho\u1ea1t h\u00ecnh, video d\u1ea1ng holographic l\u01a1 l\u1eedng trong kh\u00f4ng trung m\u00e0 kh\u00f4ng c\u1ea7n \u0111\u1ebfn b\u1ea5t c\u1ee9 m\u00e1y chi\u1ebfu hay ph\u00f4ng n\u1ec1n n\u00e0o.\" \/>\n<meta property=\"og:url\" content=\"https:\/\/shojiki.vn\/en\/cho-thue-thiet-bi\/quat-hologram\" \/>\n<meta property=\"og:site_name\" content=\"Shojiki.vn\" \/>\n<meta property=\"article:modified_time\" content=\"2024-08-10T13:35:32+00:00\" \/>\n<meta property=\"og:image\" content=\"https:\/\/shojiki.vn\/template\/uploads\/2018\/11\/Hologram1.jpg\" \/>\n<meta name=\"twitter:label1\" content=\"Est. reading time\" \/>\n\t<meta name=\"twitter:data1\" content=\"5 minutes\" \/>\n<script type=\"application\/ld+json\" class=\"yoast-schema-graph\">{\"@context\":\"https:\/\/schema.org\",\"@graph\":[{\"@type\":\"WebPage\",\"@id\":\"https:\/\/shojiki.vn\/en\/cho-thue-thiet-bi\/quat-hologram\",\"url\":\"https:\/\/shojiki.vn\/en\/cho-thue-thiet-bi\/quat-hologram\",\"name\":\"Qu\u1ea1t Hologram - Shojiki.vn\",\"isPartOf\":{\"@id\":\"https:\/\/shojiki.vn\/#website\"},\"primaryImageOfPage\":{\"@id\":\"https:\/\/shojiki.vn\/en\/cho-thue-thiet-bi\/quat-hologram#primaryimage\"},\"image\":{\"@id\":\"https:\/\/shojiki.vn\/en\/cho-thue-thiet-bi\/quat-hologram#primaryimage\"},\"thumbnailUrl\":\"https:\/\/shojiki.vn\/template\/uploads\/2018\/11\/Hologram1.jpg\",\"datePublished\":\"2018-10-29T03:55:59+00:00\",\"dateModified\":\"2024-08-10T13:35:32+00:00\",\"description\":\"Qu\u1ea1t holographic Air Vision l\u00e0 lo\u1ea1i qu\u1ea1t treo t\u01b0\u1eddng c\u00f3 th\u1ec3 t\u1ea1o \u0111\u01b0\u1ee3c h\u00ecnh \u1ea3nh, ho\u1ea1t h\u00ecnh, video d\u1ea1ng holographic l\u01a1 l\u1eedng trong kh\u00f4ng trung m\u00e0 kh\u00f4ng c\u1ea7n \u0111\u1ebfn b\u1ea5t c\u1ee9 m\u00e1y chi\u1ebfu hay ph\u00f4ng n\u1ec1n n\u00e0o.\",\"breadcrumb\":{\"@id\":\"https:\/\/shojiki.vn\/en\/cho-thue-thiet-bi\/quat-hologram#breadcrumb\"},\"inLanguage\":\"en-US\",\"potentialAction\":[{\"@type\":\"ReadAction\",\"target\":[\"https:\/\/shojiki.vn\/en\/cho-thue-thiet-bi\/quat-hologram\"]}]},{\"@type\":\"ImageObject\",\"inLanguage\":\"en-US\",\"@id\":\"https:\/\/shojiki.vn\/en\/cho-thue-thiet-bi\/quat-hologram#primaryimage\",\"url\":\"https:\/\/shojiki.vn\/template\/uploads\/2018\/11\/Hologram1.jpg\",\"contentUrl\":\"https:\/\/shojiki.vn\/template\/uploads\/2018\/11\/Hologram1.jpg\"},{\"@type\":\"BreadcrumbList\",\"@id\":\"https:\/\/shojiki.vn\/en\/cho-thue-thiet-bi\/quat-hologram#breadcrumb\",\"itemListElement\":[{\"@type\":\"ListItem\",\"position\":1,\"name\":\"Home\",\"item\":\"https:\/\/shojiki.vn\/en\"},{\"@type\":\"ListItem\",\"position\":2,\"name\":\"Equipment rental\",\"item\":\"https:\/\/shojiki.vn\/en\/cho-thue-thiet-bi\"},{\"@type\":\"ListItem\",\"position\":3,\"name\":\"Qu\u1ea1t Hologram\"}]},{\"@type\":\"WebSite\",\"@id\":\"https:\/\/shojiki.vn\/#website\",\"url\":\"https:\/\/shojiki.vn\/\",\"name\":\"Shojiki.vn\",\"description\":\"\",\"potentialAction\":[{\"@type\":\"SearchAction\",\"target\":{\"@type\":\"EntryPoint\",\"urlTemplate\":\"https:\/\/shojiki.vn\/?s={search_term_string}\"},\"query-input\":{\"@type\":\"PropertyValueSpecification\",\"valueRequired\":true,\"valueName\":\"search_term_string\"}}],\"inLanguage\":\"en-US\"}]}<\/script>\n<!-- \/ Yoast SEO plugin. -->","yoast_head_json":{"title":"Qu\u1ea1t Hologram - Shojiki.vn","description":"Qu\u1ea1t holographic Air Vision l\u00e0 lo\u1ea1i qu\u1ea1t treo t\u01b0\u1eddng c\u00f3 th\u1ec3 t\u1ea1o \u0111\u01b0\u1ee3c h\u00ecnh \u1ea3nh, ho\u1ea1t h\u00ecnh, video d\u1ea1ng holographic l\u01a1 l\u1eedng trong kh\u00f4ng trung m\u00e0 kh\u00f4ng c\u1ea7n \u0111\u1ebfn b\u1ea5t c\u1ee9 m\u00e1y chi\u1ebfu hay ph\u00f4ng n\u1ec1n n\u00e0o.","robots":{"index":"index","follow":"follow","max-snippet":"max-snippet:-1","max-image-preview":"max-image-preview:large","max-video-preview":"max-video-preview:-1"},"canonical":"https:\/\/shojiki.vn\/en\/cho-thue-thiet-bi\/quat-hologram","og_locale":"en_US","og_type":"article","og_title":"Qu\u1ea1t Hologram - Shojiki.vn","og_description":"Qu\u1ea1t holographic Air Vision l\u00e0 lo\u1ea1i qu\u1ea1t treo t\u01b0\u1eddng c\u00f3 th\u1ec3 t\u1ea1o \u0111\u01b0\u1ee3c h\u00ecnh \u1ea3nh, ho\u1ea1t h\u00ecnh, video d\u1ea1ng holographic l\u01a1 l\u1eedng trong kh\u00f4ng trung m\u00e0 kh\u00f4ng c\u1ea7n \u0111\u1ebfn b\u1ea5t c\u1ee9 m\u00e1y chi\u1ebfu hay ph\u00f4ng n\u1ec1n n\u00e0o.","og_url":"https:\/\/shojiki.vn\/en\/cho-thue-thiet-bi\/quat-hologram","og_site_name":"Shojiki.vn","article_modified_time":"2024-08-10T13:35:32+00:00","og_image":[{"url":"https:\/\/shojiki.vn\/template\/uploads\/2018\/11\/Hologram1.jpg","type":"","width":"","height":""}],"twitter_misc":{"Est. reading time":"5 minutes"},"schema":{"@context":"https:\/\/schema.org","@graph":[{"@type":"WebPage","@id":"https:\/\/shojiki.vn\/en\/cho-thue-thiet-bi\/quat-hologram","url":"https:\/\/shojiki.vn\/en\/cho-thue-thiet-bi\/quat-hologram","name":"Qu\u1ea1t Hologram - Shojiki.vn","isPartOf":{"@id":"https:\/\/shojiki.vn\/#website"},"primaryImageOfPage":{"@id":"https:\/\/shojiki.vn\/en\/cho-thue-thiet-bi\/quat-hologram#primaryimage"},"image":{"@id":"https:\/\/shojiki.vn\/en\/cho-thue-thiet-bi\/quat-hologram#primaryimage"},"thumbnailUrl":"https:\/\/shojiki.vn\/template\/uploads\/2018\/11\/Hologram1.jpg","datePublished":"2018-10-29T03:55:59+00:00","dateModified":"2024-08-10T13:35:32+00:00","description":"Qu\u1ea1t holographic Air Vision l\u00e0 lo\u1ea1i qu\u1ea1t treo t\u01b0\u1eddng c\u00f3 th\u1ec3 t\u1ea1o \u0111\u01b0\u1ee3c h\u00ecnh \u1ea3nh, ho\u1ea1t h\u00ecnh, video d\u1ea1ng holographic l\u01a1 l\u1eedng trong kh\u00f4ng trung m\u00e0 kh\u00f4ng c\u1ea7n \u0111\u1ebfn b\u1ea5t c\u1ee9 m\u00e1y chi\u1ebfu hay ph\u00f4ng n\u1ec1n n\u00e0o.","breadcrumb":{"@id":"https:\/\/shojiki.vn\/en\/cho-thue-thiet-bi\/quat-hologram#breadcrumb"},"inLanguage":"en-US","potentialAction":[{"@type":"ReadAction","target":["https:\/\/shojiki.vn\/en\/cho-thue-thiet-bi\/quat-hologram"]}]},{"@type":"ImageObject","inLanguage":"en-US","@id":"https:\/\/shojiki.vn\/en\/cho-thue-thiet-bi\/quat-hologram#primaryimage","url":"https:\/\/shojiki.vn\/template\/uploads\/2018\/11\/Hologram1.jpg","contentUrl":"https:\/\/shojiki.vn\/template\/uploads\/2018\/11\/Hologram1.jpg"},{"@type":"BreadcrumbList","@id":"https:\/\/shojiki.vn\/en\/cho-thue-thiet-bi\/quat-hologram#breadcrumb","itemListElement":[{"@type":"ListItem","position":1,"name":"Home","item":"https:\/\/shojiki.vn\/en"},{"@type":"ListItem","position":2,"name":"Equipment rental","item":"https:\/\/shojiki.vn\/en\/cho-thue-thiet-bi"},{"@type":"ListItem","position":3,"name":"Qu\u1ea1t Hologram"}]},{"@type":"WebSite","@id":"https:\/\/shojiki.vn\/#website","url":"https:\/\/shojiki.vn\/","name":"Shojiki.vn","description":"","potentialAction":[{"@type":"SearchAction","target":{"@type":"EntryPoint","urlTemplate":"https:\/\/shojiki.vn\/?s={search_term_string}"},"query-input":{"@type":"PropertyValueSpecification","valueRequired":true,"valueName":"search_term_string"}}],"inLanguage":"en-US"}]}},"_links":{"self":[{"href":"https:\/\/shojiki.vn\/en\/wp-json\/wp\/v2\/pages\/2693"}],"collection":[{"href":"https:\/\/shojiki.vn\/en\/wp-json\/wp\/v2\/pages"}],"about":[{"href":"https:\/\/shojiki.vn\/en\/wp-json\/wp\/v2\/types\/page"}],"author":[{"embeddable":true,"href":"https:\/\/shojiki.vn\/en\/wp-json\/wp\/v2\/users\/1"}],"replies":[{"embeddable":true,"href":"https:\/\/shojiki.vn\/en\/wp-json\/wp\/v2\/comments?post=2693"}],"version-history":[{"count":3,"href":"https:\/\/shojiki.vn\/en\/wp-json\/wp\/v2\/pages\/2693\/revisions"}],"predecessor-version":[{"id":15776,"href":"https:\/\/shojiki.vn\/en\/wp-json\/wp\/v2\/pages\/2693\/revisions\/15776"}],"up":[{"embeddable":true,"href":"https:\/\/shojiki.vn\/en\/wp-json\/wp\/v2\/pages\/2662"}],"wp:attachment":[{"href":"https:\/\/shojiki.vn\/en\/wp-json\/wp\/v2\/media?parent=2693"}],"curies":[{"name":"wp","href":"https:\/\/api.w.org\/{rel}","templated":true}]}}