{"id":2691,"date":"2018-10-29T10:53:19","date_gmt":"2018-10-29T03:53:19","guid":{"rendered":"https:\/\/shojiki.vn\/cho-thue-thiet-bi\/man-hinh-trong-suot"},"modified":"2024-08-10T20:26:29","modified_gmt":"2024-08-10T13:26:29","slug":"man-hinh-trong-suot","status":"publish","type":"page","link":"https:\/\/shojiki.vn\/en\/cho-thue-thiet-bi\/man-hinh-trong-suot","title":{"rendered":"M\u00e0n h\u00ecnh trong su\u1ed1t"},"content":{"rendered":"<h2 style=\"text-align: center;\"><strong>M\u00c0N H\u00ccNH TRONG SU\u1ed0T TRP<\/strong><\/h2>\n<p>Th\u1eddi \u0111\u1ea1i <strong>c\u00f4ng ngh\u1ec7 4.0<\/strong> l\u00ean ng\u00f4i, k\u00e8m theo \u0111\u00f3 l\u00e0 nh\u1eefng d\u1ecbch v\u1ee5 c\u00f4ng ngh\u1ec7 \u0111\u1ed9t ph\u00e1 \u0111i c\u00f9ng. V\u00e0 m\u1ed9t trong nh\u1eefng <strong>C\u00d4NG NGH\u1ec6 \u0110ANG \u0110\u01af\u1ee2C S\u0102N \u0110\u00d3N<\/strong> nh\u1ea5t hi\u1ec7n nay trong ng\u00e0nh qu\u1ea3ng c\u00e1o ch\u00ednh l\u00e0 <strong>m\u00e0n h\u00ecnh trong su\u1ed1t TRP<\/strong>.<\/p>\n<p>V\u1eady, <strong>M\u00c0N H\u00ccNH TRONG SU\u1ed0T TRP L\u00c0 G\u00cc?<\/strong><\/p>\n<p>M\u00e0n h\u00ecnh trong su\u1ed1t l\u00e0 h\u1ec7 th\u1ed1ng tr\u00ecnh chi\u1ebfu bao g\u1ed3m phim TRP d\u00e1n l\u00ean m\u1eb7t k\u00ednh, m\u00e1y chi\u1ebfu \u0111\u1eb7t \u0111\u1eb1ng sau v\u00e0 ph\u00e1t h\u00ecnh t\u1eeb NetTop.<\/p>\n<p>C\u00f4ng ngh\u1ec7 n\u00e0y th\u00edch h\u1ee3p \u0111\u1ec3 tr\u00ecnh chi\u1ebfu t\u1ea1i c\u00e1c showroom, b\u1ea3o t\u00e0ng, c\u1eeda h\u00e0ng b\u00e1n l\u1ebb, r\u1ea1p chi\u1ebfu phim, trung t\u00e2m th\u01b0\u01a1ng m\u1ea1i&#8230;<\/p>\n<p><strong>TI\u1ec6N \u00cdCH V\u01af\u1ee2T TR\u1ed8I<\/strong><\/p>\n<p>Thay v\u00ec ph\u1ea3i s\u1eed d\u1ee5ng nh\u1eefng ph\u01b0\u01a1ng ph\u00e1p qu\u1ea3ng c\u00e1o truy\u1ec1n th\u1ed1ng nh\u01b0 banner, standy, sticker,\u2026 th\u00ec gi\u1edd \u0111\u00e2y, b\u1ea1n \u0111\u00e3 c\u00f3 th\u1ec3 s\u1eed d\u1ee5ng gi\u1ea3i ph\u00e1p tr\u00ecnh chi\u1ebfu cho m\u00e0n h\u00ecnh trong su\u1ed1t TRP v\u1edbi nh\u1eefng ti\u1ec7n \u00edch tuy\u1ec7t v\u1eddi:<\/p>\n<ul>\n<li>H\u00ecnh th\u1ee9c tr\u00ecnh chi\u1ebfu \u0111a d\u1ea1ng: h\u00ecnh \u1ea3nh 3D, slide, video, TVC\u2026 v\u1edbi hi\u1ec7u \u1ee9ng h\u00ecnh \u1ea3nh sinh \u0111\u1ed9ng<\/li>\n<li>Thay \u0111\u1ed5i n\u1ed9i dung qu\u1ea3ng c\u00e1o d\u1ec5 d\u00e0ng<\/li>\n<li>C\u00f3 th\u1ec3 thu\u00ea theo gi\u1edd, theo th\u00e1ng<\/li>\n<li>Ti\u1ebft ki\u1ec7m kh\u00f4ng gian qu\u1ea3ng c\u00e1o cho c\u1eeda h\u00e0ng<a class=\"dt-single-image\" href=\"https:\/\/shojiki.vn\/template\/uploads\/2018\/11\/Manhinhtrongsuot1.jpg\" data-dt-img-description=\"\"><img loading=\"lazy\" decoding=\"async\" class=\"alignnone size-full wp-image-2449\" src=\"https:\/\/shojiki.vn\/template\/uploads\/2018\/11\/Manhinhtrongsuot1.jpg\" alt=\"\" width=\"810\" height=\"608\" srcset=\"https:\/\/shojiki.vn\/wp-content\/uploads\/2018\/11\/Manhinhtrongsuot1.jpg 810w, https:\/\/shojiki.vn\/wp-content\/uploads\/2018\/11\/Manhinhtrongsuot1-300x225.jpg 300w, https:\/\/shojiki.vn\/wp-content\/uploads\/2018\/11\/Manhinhtrongsuot1-768x576.jpg 768w\" sizes=\"(max-width: 810px) 100vw, 810px\" \/><\/a><\/li>\n<\/ul>\n<ul>\n<li>Chu\u1ea9n m\u00e0u t\u1eeb m\u1ecdi g\u00f3c nh\u00ecn<a class=\"dt-single-image\" href=\"https:\/\/shojiki.vn\/template\/uploads\/2018\/11\/Manhinhtrongsuot2.jpg\" data-dt-img-description=\"\"><img loading=\"lazy\" decoding=\"async\" class=\"alignnone size-full wp-image-2450\" src=\"https:\/\/shojiki.vn\/template\/uploads\/2018\/11\/Manhinhtrongsuot2.jpg\" alt=\"\" width=\"915\" height=\"686\" srcset=\"https:\/\/shojiki.vn\/wp-content\/uploads\/2018\/11\/Manhinhtrongsuot2.jpg 915w, https:\/\/shojiki.vn\/wp-content\/uploads\/2018\/11\/Manhinhtrongsuot2-300x225.jpg 300w, https:\/\/shojiki.vn\/wp-content\/uploads\/2018\/11\/Manhinhtrongsuot2-768x576.jpg 768w\" sizes=\"(max-width: 915px) 100vw, 915px\" \/><\/a><\/li>\n<\/ul>\n<ul>\n<li>M\u00e0n h\u00ecnh hi\u1ec3n th\u1ecb r\u1ebb h\u01a1n nhi\u1ec1u so v\u1edbi m\u00e0n h\u00ecnh plasma, LCD v\u00e0 LED<\/li>\n<\/ul>\n<p>\u0110\u1eb7c bi\u1ec7t h\u01a1n, phim TRP c\u00f2n cho ph\u00e9p tr\u00ecnh chi\u1ebfu h\u00ecnh \u1ea3nh tr\u00ean m\u1eb7t k\u00ednh b\u1edfi <strong>\u0110\u1ed8 TRONG SU\u1ed0T L\u00caN \u0110\u1ebeN 92%<\/strong>, kh\u00f4ng c\u1ea3n tr\u1edf t\u1ea7m nh\u00ecn c\u1ee7a kh\u00e1ch h\u00e0ng ngo\u00e0i \u0111\u01b0\u1eddng v\u00e0 nh\u00e2n vi\u00ean trong c\u1eeda h\u00e0ng. V\u1edbi hi\u1ec7u \u1ee9ng ho\u1ea1t \u0111\u1ed9ng: kho\u1ea3ng c\u00e1ch t\u1edbi m\u1eb7t k\u00ednh c\u00e0ng l\u1edbn \u2013 h\u00ecnh \u1ea3nh c\u00e0ng r\u00f5 n\u00e9t thu h\u00fat s\u1ef1 ch\u00fa \u00fd. Nh\u01b0 v\u1eady, khi kh\u00e1ch h\u00e0ng c\u00e0ng ti\u1ebfn g\u1ea7n c\u1eeda h\u00e0ng, \u0111\u1ed9 trong su\u1ed1t c\u00e0ng t\u0103ng, \u0111\u1ed3ng ngh\u0129a v\u1edbi vi\u1ec7c kh\u00e1ch h\u00e0ng c\u00f3 th\u1ec3 nh\u00ecn th\u1ea5y s\u1ea3n ph\u1ea9m b\u00ean trong c\u1eeda h\u00e0ng.<\/p>\n<p><a class=\"dt-single-image\" href=\"https:\/\/shojiki.vn\/template\/uploads\/2018\/11\/Manhinhtrongsuot3.png\" data-dt-img-description=\"\"><img loading=\"lazy\" decoding=\"async\" class=\"alignnone size-full wp-image-2451\" src=\"https:\/\/shojiki.vn\/template\/uploads\/2018\/11\/Manhinhtrongsuot3.png\" alt=\"\" width=\"1280\" height=\"684\" srcset=\"https:\/\/shojiki.vn\/wp-content\/uploads\/2018\/11\/Manhinhtrongsuot3.png 1280w, https:\/\/shojiki.vn\/wp-content\/uploads\/2018\/11\/Manhinhtrongsuot3-300x160.png 300w, https:\/\/shojiki.vn\/wp-content\/uploads\/2018\/11\/Manhinhtrongsuot3-768x410.png 768w, https:\/\/shojiki.vn\/wp-content\/uploads\/2018\/11\/Manhinhtrongsuot3-1030x550.png 1030w\" sizes=\"(max-width: 1280px) 100vw, 1280px\" \/><\/a><strong>TH\u00d4NG S\u1ed0 K\u1ef8 THU\u1eacT<\/strong><\/p>\n<table width=\"100%\">\n<tbody>\n<tr>\n<td width=\"49%\">T\u1ed5ng di\u1ec7n t\u00edch (m<sup>2<\/sup>)<\/td>\n<td width=\"18%\">13 m<sup>2<\/sup><\/td>\n<td width=\"15%\">6 m<sup>2<\/sup><\/td>\n<td width=\"15%\">4 m<sup>2<\/sup><\/td>\n<\/tr>\n<tr>\n<td width=\"49%\">Kho\u1ea3ng c\u00e1ch t\u1eeb m\u00e1y chi\u1ebfu t\u1edbi k\u00ednh (m)<\/td>\n<td width=\"18%\">7<\/td>\n<td width=\"15%\">5<\/td>\n<td width=\"15%\">4<\/td>\n<\/tr>\n<tr>\n<td width=\"49%\">Lo\u1ea1i m\u00e1y chi\u1ebfu<\/td>\n<td colspan=\"3\" width=\"50%\">Laser<\/td>\n<\/tr>\n<tr>\n<td width=\"49%\">\u0110\u1ed9 s\u00e1ng\/m<sup>2 <\/sup>(Lm\/ m<sup>2<\/sup>)<\/td>\n<td colspan=\"3\" width=\"50%\">&gt; 1000<\/td>\n<\/tr>\n<tr>\n<td width=\"49%\">\u0110\u1ed9 ph\u00e2n gi\u1ea3i<\/td>\n<td colspan=\"3\" width=\"50%\">WUXGA: 1920&#215;1200, 16:10<\/td>\n<\/tr>\n<tr>\n<td width=\"49%\">\u0110\u1ed9 t\u01b0\u01a1ng ph\u1ea3n<\/td>\n<td colspan=\"3\" width=\"50%\">2,500,000 : 1<\/td>\n<\/tr>\n<tr>\n<td width=\"49%\">Colour Reproduction<\/td>\n<td colspan=\"3\" width=\"50%\">L\u00ean \u0111\u1ebfn 1.07 t\u1ef7 m\u00e0u<\/td>\n<\/tr>\n<tr>\n<td width=\"49%\">High Definition<\/td>\n<td colspan=\"3\" width=\"50%\">Full HD<\/td>\n<\/tr>\n<tr>\n<td width=\"49%\">Tu\u1ed5i th\u1ecd (gi\u1edd)<\/td>\n<td colspan=\"3\" width=\"50%\">20,000<\/td>\n<\/tr>\n<\/tbody>\n<\/table>\n<p>Model m\u00e1y chi\u1ebfu s\u1ebd l\u1ef1a ch\u1ecdn theo d\u1ef1 \u00e1n \u0111\u1ec3 \u0111\u1ea3m b\u1ea3o \u0111\u1ed9 s\u00e1ng tr\u00ean 1000 Lm\/ 1 m<sup>2<\/sup><\/p>\n<p><strong>\u00a0\u00a0\u00a0\u00a0\u00a0\u00a0\u00a0\u00a0\u00a0\u00a0\u00a0 L\u00c0M TH\u1ebe N\u00c0O \u0110\u1ec2 S\u1eec D\u1ee4NG C\u00d4NG NGH\u1ec6 TR\u00ccNH CHI\u1ebeU NG\u01af\u1ee2C?<\/strong><\/p>\n<p>H\u00e3y li\u00ean h\u1ec7 v\u1edbi ch\u00fang t\u00f4i \u2013 C\u00f4ng ty c\u1ed5 ph\u1ea7n qu\u1ea3ng c\u00e1o <span style=\"color: #ff6600;\"><a style=\"color: #ff6600;\" href=\"https:\/\/shojiki.vn\/en\">SJK Group<\/a><\/span> \u2013 t\u1ef1 h\u00e0o l\u00e0 m\u1ed9t trong nh\u1eefng \u0111\u01a1n v\u1ecb qu\u1ea3ng c\u00e1o h\u00e0ng \u0111\u1ea7u Vi\u1ec7t Nam. V\u1edbi s\u1ef1 \u1ee7y quy\u1ec1n t\u1eeb \u0111\u1ea1i l\u00fd c\u00f4ng ngh\u1ec7 tr\u00ecnh chi\u1ebfu ng\u01b0\u1ee3c t\u1ea1i Vi\u1ec7t Nam, ch\u00fang t\u00f4i cam k\u1ebft s\u1ebd mang \u0111\u1ebfn cho b\u1ea1n m\u1ed9t d\u1ecbch v\u1ee5 qu\u1ea3ng c\u00e1o uy t\u00edn v\u00e0 hi\u1ec7u qu\u1ea3 nh\u1ea5t c\u00f9ng v\u1edbi:<\/p>\n<ul>\n<li>D\u1ecbch v\u1ee5 h\u1ed7 tr\u1ee3 T\u01af V\u1ea4N T\u1ed4NG TH\u1ec2 c\u00e1c chi\u1ebfn l\u01b0\u1ee3c qu\u1ea3ng c\u00e1o<\/li>\n<li>D\u1ecbch v\u1ee5 H\u1ed6 TR\u1ee2 THI\u1ebeT K\u1ebe n\u1ed9i dung, h\u00ecnh \u1ea3nh qu\u1ea3ng c\u00e1o<\/li>\n<li>\u0110\u1ed9i ng\u0169 thi c\u00f4ng tri\u1ec3n khai qu\u1ea3ng c\u00e1o NHANH CH\u00d3NG v\u00e0 \u0110\u00daNG H\u1ea0N (5 ng\u00e0y)<\/li>\n<li>Ch\u1ebf \u0111\u1ed9 B\u1ea2O H\u00c0NH l\u00ean \u0111\u1ebfn <strong>12,000<\/strong> gi\u1edd trong su\u1ed1t th\u1eddi gian di\u1ec5n ra chi\u1ebfn d\u1ecbch<\/li>\n<li>\u01afu \u0111\u00e3i CHI\u1ebeT KH\u1ea4U v\u00e0 H\u1eacU M\u00c3I h\u1ea5p d\u1eabn d\u00e0nh cho kh\u00e1ch h\u00e0ng<\/li>\n<\/ul>\n<p>Ngoa\u0300i c\u00f4ng ngh\u00ea\u0323 <strong>m\u00e0n h\u00ecnh trong su\u1ed1t chi\u1ebfu ng\u01b0\u1ee3c<\/strong>; chu\u0301ng t\u00f4i co\u0300n s\u01a1\u0309 h\u01b0\u0303u h\u00ea\u0323 th\u00f4\u0301ng ca\u0301c thi\u00ea\u0301t bi\u0323 qua\u0309ng ca\u0301o t\u01b0\u01a1ng ta\u0301c m\u01a1\u0301i nh\u00e2\u0301t thi\u0323 tr\u01b0\u01a1\u0300ng hi\u00ea\u0323n nay:<\/p>\n<p>&#8211;\u00a0\u00a0\u00a0\u00a0 Holopyramid, Holocube<\/p>\n<p>&#8211;\u00a0\u00a0\u00a0\u00a0 Information Stella<\/p>\n<p>&#8211;\u00a0\u00a0\u00a0\u00a0 Nh\u00e2n vi\u00ean ti\u1ebfp th\u1ecb \u1ea3o<\/p>\n<p>&#8211;\u00a0\u00a0\u00a0\u00a0 Matrix trong su\u00f4\u0301t<\/p>\n<p>&#8211;\u00a0\u00a0\u00a0\u00a0 Sa\u0300n t\u01b0\u01a1ng ta\u0301c<\/p>\n<p>&#8211;\u00a0\u00a0\u00a0\u00a0 Tu\u0309 la\u0323nh Holo<\/p>\n<p>&#8211;\u00a0\u00a0\u00a0\u00a0 Qu\u1ea1t Hologram<\/p>\n<p>&#8211;\u00a0\u00a0\u00a0\u00a0 Kiosk t\u01b0\u01a1ng t\u00e1c cu\u0300ng nhi\u00ea\u0300u c\u00f4ng ngh\u00ea hi\u00ea\u0323n \u0111a\u0323i kh\u00e1c<\/p>\n<p><strong>Li\u00ean h\u1ec7 v\u1edbi ch\u00fang t\u00f4i \u0111\u1ec3 \u0111\u01b0\u1ee3c t\u01b0 v\u1ea5n ngay!<\/strong><\/p>\n<p><strong><em>Tr\u1ee5 s\u1edf:\u00a0\u00a0\u00a0\u00a0\u00a0\u00a0\u00a0\u00a0\u00a0\u00a0\u00a0 <\/em><\/strong>80 \u0110\u01b0\u1eddng 17 ( g\u1ea7n Nguy\u1ec5n Qu\u00fd \u0110\u1ee9c), P. An Ph\u00fa, Q.2, TP.HCM<\/p>\n<p><strong><em>Hotline:<\/em><\/strong> \u00a0\u00a0\u00a0\u00a0\u00a0\u00a0\u00a0\u00a0\u00a0 02862758600<\/p>\n<p><strong><em>Email: <\/em><\/strong>\u00a0\u00a0\u00a0\u00a0\u00a0\u00a0\u00a0\u00a0\u00a0\u00a0\u00a0 info@shojiki.vn<\/p>\n<p><strong><em>Website:<\/em><\/strong> \u00a0\u00a0\u00a0\u00a0\u00a0\u00a0\u00a0\u00a0 shojiki.vn<\/p>\n","protected":false},"excerpt":{"rendered":"<p>M\u00c0N H\u00ccNH TRONG SU\u1ed0T TRP Th\u1eddi \u0111\u1ea1i c\u00f4ng ngh\u1ec7 4.0 l\u00ean ng\u00f4i, k\u00e8m theo \u0111\u00f3 l\u00e0 nh\u1eefng d\u1ecbch v\u1ee5 c\u00f4ng ngh\u1ec7 \u0111\u1ed9t ph\u00e1 \u0111i c\u00f9ng. V\u00e0 m\u1ed9t trong nh\u1eefng C\u00d4NG NGH\u1ec6 \u0110ANG \u0110\u01af\u1ee2C S\u0102N \u0110\u00d3N nh\u1ea5t hi\u1ec7n nay trong ng\u00e0nh qu\u1ea3ng c\u00e1o ch\u00ednh l\u00e0 m\u00e0n h\u00ecnh trong su\u1ed1t TRP. V\u1eady, M\u00c0N H\u00ccNH TRONG SU\u1ed0T TRP&hellip;<\/p>\n","protected":false},"author":1,"featured_media":0,"parent":2662,"menu_order":0,"comment_status":"closed","ping_status":"closed","template":"","meta":{"_acf_changed":false,"footnotes":""},"class_list":["post-2691","page","type-page","status-publish","hentry","description-off"],"acf":[],"yoast_head":"<!-- This site is optimized with the Yoast SEO plugin v25.6 - https:\/\/yoast.com\/wordpress\/plugins\/seo\/ -->\n<title>M\u00e0n h\u00ecnh trong su\u1ed1t - Shojiki.vn<\/title>\n<meta name=\"description\" content=\"M\u00e0n h\u00ecnh trong su\u1ed1t l\u00e0 h\u1ec7 th\u1ed1ng tr\u00ecnh chi\u1ebfu bao g\u1ed3m phim TRP d\u00e1n l\u00ean m\u1eb7t k\u00ednh, m\u00e1y chi\u1ebfu \u0111\u1eb7t \u0111\u1eb1ng sau v\u00e0 ph\u00e1t h\u00ecnh t\u1eeb NetTop. C\u00f4ng ngh\u1ec7 n\u00e0y th\u00edch h\u1ee3p \u0111\u1ec3 tr\u00ecnh chi\u1ebfu t\u1ea1i c\u00e1c showroom, b\u1ea3o t\u00e0ng, c\u1eeda h\u00e0ng b\u00e1n l\u1ebb, r\u1ea1p chi\u1ebfu phim, trung t\u00e2m th\u01b0\u01a1ng m\u1ea1i...\" \/>\n<meta name=\"robots\" content=\"index, follow, max-snippet:-1, max-image-preview:large, max-video-preview:-1\" \/>\n<link rel=\"canonical\" href=\"https:\/\/shojiki.vn\/en\/cho-thue-thiet-bi\/man-hinh-trong-suot\" \/>\n<meta property=\"og:locale\" content=\"en_US\" \/>\n<meta property=\"og:type\" content=\"article\" \/>\n<meta property=\"og:title\" content=\"M\u00e0n h\u00ecnh trong su\u1ed1t - Shojiki.vn\" \/>\n<meta property=\"og:description\" content=\"M\u00e0n h\u00ecnh trong su\u1ed1t l\u00e0 h\u1ec7 th\u1ed1ng tr\u00ecnh chi\u1ebfu bao g\u1ed3m phim TRP d\u00e1n l\u00ean m\u1eb7t k\u00ednh, m\u00e1y chi\u1ebfu \u0111\u1eb7t \u0111\u1eb1ng sau v\u00e0 ph\u00e1t h\u00ecnh t\u1eeb NetTop. C\u00f4ng ngh\u1ec7 n\u00e0y th\u00edch h\u1ee3p \u0111\u1ec3 tr\u00ecnh chi\u1ebfu t\u1ea1i c\u00e1c showroom, b\u1ea3o t\u00e0ng, c\u1eeda h\u00e0ng b\u00e1n l\u1ebb, r\u1ea1p chi\u1ebfu phim, trung t\u00e2m th\u01b0\u01a1ng m\u1ea1i...\" \/>\n<meta property=\"og:url\" content=\"https:\/\/shojiki.vn\/en\/cho-thue-thiet-bi\/man-hinh-trong-suot\" \/>\n<meta property=\"og:site_name\" content=\"Shojiki.vn\" \/>\n<meta property=\"article:modified_time\" content=\"2024-08-10T13:26:29+00:00\" \/>\n<meta property=\"og:image\" content=\"https:\/\/shojiki.vn\/template\/uploads\/2018\/11\/Manhinhtrongsuot1.jpg\" \/>\n<meta name=\"twitter:label1\" content=\"Est. reading time\" \/>\n\t<meta name=\"twitter:data1\" content=\"5 minutes\" \/>\n<script type=\"application\/ld+json\" class=\"yoast-schema-graph\">{\"@context\":\"https:\/\/schema.org\",\"@graph\":[{\"@type\":\"WebPage\",\"@id\":\"https:\/\/shojiki.vn\/en\/cho-thue-thiet-bi\/man-hinh-trong-suot\",\"url\":\"https:\/\/shojiki.vn\/en\/cho-thue-thiet-bi\/man-hinh-trong-suot\",\"name\":\"M\u00e0n h\u00ecnh trong su\u1ed1t - Shojiki.vn\",\"isPartOf\":{\"@id\":\"https:\/\/shojiki.vn\/#website\"},\"primaryImageOfPage\":{\"@id\":\"https:\/\/shojiki.vn\/en\/cho-thue-thiet-bi\/man-hinh-trong-suot#primaryimage\"},\"image\":{\"@id\":\"https:\/\/shojiki.vn\/en\/cho-thue-thiet-bi\/man-hinh-trong-suot#primaryimage\"},\"thumbnailUrl\":\"https:\/\/shojiki.vn\/template\/uploads\/2018\/11\/Manhinhtrongsuot1.jpg\",\"datePublished\":\"2018-10-29T03:53:19+00:00\",\"dateModified\":\"2024-08-10T13:26:29+00:00\",\"description\":\"M\u00e0n h\u00ecnh trong su\u1ed1t l\u00e0 h\u1ec7 th\u1ed1ng tr\u00ecnh chi\u1ebfu bao g\u1ed3m phim TRP d\u00e1n l\u00ean m\u1eb7t k\u00ednh, m\u00e1y chi\u1ebfu \u0111\u1eb7t \u0111\u1eb1ng sau v\u00e0 ph\u00e1t h\u00ecnh t\u1eeb NetTop. C\u00f4ng ngh\u1ec7 n\u00e0y th\u00edch h\u1ee3p \u0111\u1ec3 tr\u00ecnh chi\u1ebfu t\u1ea1i c\u00e1c showroom, b\u1ea3o t\u00e0ng, c\u1eeda h\u00e0ng b\u00e1n l\u1ebb, r\u1ea1p chi\u1ebfu phim, trung t\u00e2m th\u01b0\u01a1ng m\u1ea1i...\",\"breadcrumb\":{\"@id\":\"https:\/\/shojiki.vn\/en\/cho-thue-thiet-bi\/man-hinh-trong-suot#breadcrumb\"},\"inLanguage\":\"en-US\",\"potentialAction\":[{\"@type\":\"ReadAction\",\"target\":[\"https:\/\/shojiki.vn\/en\/cho-thue-thiet-bi\/man-hinh-trong-suot\"]}]},{\"@type\":\"ImageObject\",\"inLanguage\":\"en-US\",\"@id\":\"https:\/\/shojiki.vn\/en\/cho-thue-thiet-bi\/man-hinh-trong-suot#primaryimage\",\"url\":\"https:\/\/shojiki.vn\/template\/uploads\/2018\/11\/Manhinhtrongsuot1.jpg\",\"contentUrl\":\"https:\/\/shojiki.vn\/template\/uploads\/2018\/11\/Manhinhtrongsuot1.jpg\"},{\"@type\":\"BreadcrumbList\",\"@id\":\"https:\/\/shojiki.vn\/en\/cho-thue-thiet-bi\/man-hinh-trong-suot#breadcrumb\",\"itemListElement\":[{\"@type\":\"ListItem\",\"position\":1,\"name\":\"Home\",\"item\":\"https:\/\/shojiki.vn\/en\"},{\"@type\":\"ListItem\",\"position\":2,\"name\":\"Equipment rental\",\"item\":\"https:\/\/shojiki.vn\/en\/cho-thue-thiet-bi\"},{\"@type\":\"ListItem\",\"position\":3,\"name\":\"M\u00e0n h\u00ecnh trong su\u1ed1t\"}]},{\"@type\":\"WebSite\",\"@id\":\"https:\/\/shojiki.vn\/#website\",\"url\":\"https:\/\/shojiki.vn\/\",\"name\":\"Shojiki.vn\",\"description\":\"\",\"potentialAction\":[{\"@type\":\"SearchAction\",\"target\":{\"@type\":\"EntryPoint\",\"urlTemplate\":\"https:\/\/shojiki.vn\/?s={search_term_string}\"},\"query-input\":{\"@type\":\"PropertyValueSpecification\",\"valueRequired\":true,\"valueName\":\"search_term_string\"}}],\"inLanguage\":\"en-US\"}]}<\/script>\n<!-- \/ Yoast SEO plugin. -->","yoast_head_json":{"title":"M\u00e0n h\u00ecnh trong su\u1ed1t - Shojiki.vn","description":"M\u00e0n h\u00ecnh trong su\u1ed1t l\u00e0 h\u1ec7 th\u1ed1ng tr\u00ecnh chi\u1ebfu bao g\u1ed3m phim TRP d\u00e1n l\u00ean m\u1eb7t k\u00ednh, m\u00e1y chi\u1ebfu \u0111\u1eb7t \u0111\u1eb1ng sau v\u00e0 ph\u00e1t h\u00ecnh t\u1eeb NetTop. C\u00f4ng ngh\u1ec7 n\u00e0y th\u00edch h\u1ee3p \u0111\u1ec3 tr\u00ecnh chi\u1ebfu t\u1ea1i c\u00e1c showroom, b\u1ea3o t\u00e0ng, c\u1eeda h\u00e0ng b\u00e1n l\u1ebb, r\u1ea1p chi\u1ebfu phim, trung t\u00e2m th\u01b0\u01a1ng m\u1ea1i...","robots":{"index":"index","follow":"follow","max-snippet":"max-snippet:-1","max-image-preview":"max-image-preview:large","max-video-preview":"max-video-preview:-1"},"canonical":"https:\/\/shojiki.vn\/en\/cho-thue-thiet-bi\/man-hinh-trong-suot","og_locale":"en_US","og_type":"article","og_title":"M\u00e0n h\u00ecnh trong su\u1ed1t - Shojiki.vn","og_description":"M\u00e0n h\u00ecnh trong su\u1ed1t l\u00e0 h\u1ec7 th\u1ed1ng tr\u00ecnh chi\u1ebfu bao g\u1ed3m phim TRP d\u00e1n l\u00ean m\u1eb7t k\u00ednh, m\u00e1y chi\u1ebfu \u0111\u1eb7t \u0111\u1eb1ng sau v\u00e0 ph\u00e1t h\u00ecnh t\u1eeb NetTop. C\u00f4ng ngh\u1ec7 n\u00e0y th\u00edch h\u1ee3p \u0111\u1ec3 tr\u00ecnh chi\u1ebfu t\u1ea1i c\u00e1c showroom, b\u1ea3o t\u00e0ng, c\u1eeda h\u00e0ng b\u00e1n l\u1ebb, r\u1ea1p chi\u1ebfu phim, trung t\u00e2m th\u01b0\u01a1ng m\u1ea1i...","og_url":"https:\/\/shojiki.vn\/en\/cho-thue-thiet-bi\/man-hinh-trong-suot","og_site_name":"Shojiki.vn","article_modified_time":"2024-08-10T13:26:29+00:00","og_image":[{"url":"https:\/\/shojiki.vn\/template\/uploads\/2018\/11\/Manhinhtrongsuot1.jpg","type":"","width":"","height":""}],"twitter_misc":{"Est. reading time":"5 minutes"},"schema":{"@context":"https:\/\/schema.org","@graph":[{"@type":"WebPage","@id":"https:\/\/shojiki.vn\/en\/cho-thue-thiet-bi\/man-hinh-trong-suot","url":"https:\/\/shojiki.vn\/en\/cho-thue-thiet-bi\/man-hinh-trong-suot","name":"M\u00e0n h\u00ecnh trong su\u1ed1t - Shojiki.vn","isPartOf":{"@id":"https:\/\/shojiki.vn\/#website"},"primaryImageOfPage":{"@id":"https:\/\/shojiki.vn\/en\/cho-thue-thiet-bi\/man-hinh-trong-suot#primaryimage"},"image":{"@id":"https:\/\/shojiki.vn\/en\/cho-thue-thiet-bi\/man-hinh-trong-suot#primaryimage"},"thumbnailUrl":"https:\/\/shojiki.vn\/template\/uploads\/2018\/11\/Manhinhtrongsuot1.jpg","datePublished":"2018-10-29T03:53:19+00:00","dateModified":"2024-08-10T13:26:29+00:00","description":"M\u00e0n h\u00ecnh trong su\u1ed1t l\u00e0 h\u1ec7 th\u1ed1ng tr\u00ecnh chi\u1ebfu bao g\u1ed3m phim TRP d\u00e1n l\u00ean m\u1eb7t k\u00ednh, m\u00e1y chi\u1ebfu \u0111\u1eb7t \u0111\u1eb1ng sau v\u00e0 ph\u00e1t h\u00ecnh t\u1eeb NetTop. C\u00f4ng ngh\u1ec7 n\u00e0y th\u00edch h\u1ee3p \u0111\u1ec3 tr\u00ecnh chi\u1ebfu t\u1ea1i c\u00e1c showroom, b\u1ea3o t\u00e0ng, c\u1eeda h\u00e0ng b\u00e1n l\u1ebb, r\u1ea1p chi\u1ebfu phim, trung t\u00e2m th\u01b0\u01a1ng m\u1ea1i...","breadcrumb":{"@id":"https:\/\/shojiki.vn\/en\/cho-thue-thiet-bi\/man-hinh-trong-suot#breadcrumb"},"inLanguage":"en-US","potentialAction":[{"@type":"ReadAction","target":["https:\/\/shojiki.vn\/en\/cho-thue-thiet-bi\/man-hinh-trong-suot"]}]},{"@type":"ImageObject","inLanguage":"en-US","@id":"https:\/\/shojiki.vn\/en\/cho-thue-thiet-bi\/man-hinh-trong-suot#primaryimage","url":"https:\/\/shojiki.vn\/template\/uploads\/2018\/11\/Manhinhtrongsuot1.jpg","contentUrl":"https:\/\/shojiki.vn\/template\/uploads\/2018\/11\/Manhinhtrongsuot1.jpg"},{"@type":"BreadcrumbList","@id":"https:\/\/shojiki.vn\/en\/cho-thue-thiet-bi\/man-hinh-trong-suot#breadcrumb","itemListElement":[{"@type":"ListItem","position":1,"name":"Home","item":"https:\/\/shojiki.vn\/en"},{"@type":"ListItem","position":2,"name":"Equipment rental","item":"https:\/\/shojiki.vn\/en\/cho-thue-thiet-bi"},{"@type":"ListItem","position":3,"name":"M\u00e0n h\u00ecnh trong su\u1ed1t"}]},{"@type":"WebSite","@id":"https:\/\/shojiki.vn\/#website","url":"https:\/\/shojiki.vn\/","name":"Shojiki.vn","description":"","potentialAction":[{"@type":"SearchAction","target":{"@type":"EntryPoint","urlTemplate":"https:\/\/shojiki.vn\/?s={search_term_string}"},"query-input":{"@type":"PropertyValueSpecification","valueRequired":true,"valueName":"search_term_string"}}],"inLanguage":"en-US"}]}},"_links":{"self":[{"href":"https:\/\/shojiki.vn\/en\/wp-json\/wp\/v2\/pages\/2691"}],"collection":[{"href":"https:\/\/shojiki.vn\/en\/wp-json\/wp\/v2\/pages"}],"about":[{"href":"https:\/\/shojiki.vn\/en\/wp-json\/wp\/v2\/types\/page"}],"author":[{"embeddable":true,"href":"https:\/\/shojiki.vn\/en\/wp-json\/wp\/v2\/users\/1"}],"replies":[{"embeddable":true,"href":"https:\/\/shojiki.vn\/en\/wp-json\/wp\/v2\/comments?post=2691"}],"version-history":[{"count":3,"href":"https:\/\/shojiki.vn\/en\/wp-json\/wp\/v2\/pages\/2691\/revisions"}],"predecessor-version":[{"id":15765,"href":"https:\/\/shojiki.vn\/en\/wp-json\/wp\/v2\/pages\/2691\/revisions\/15765"}],"up":[{"embeddable":true,"href":"https:\/\/shojiki.vn\/en\/wp-json\/wp\/v2\/pages\/2662"}],"wp:attachment":[{"href":"https:\/\/shojiki.vn\/en\/wp-json\/wp\/v2\/media?parent=2691"}],"curies":[{"name":"wp","href":"https:\/\/api.w.org\/{rel}","templated":true}]}}