{"id":2680,"date":"2018-09-24T10:49:35","date_gmt":"2018-09-24T03:49:35","guid":{"rendered":"https:\/\/shojiki.vn\/offline-advertising\/led-screen-advertising\/man-hinh-led-truong-son-quan-tan-binh"},"modified":"2022-06-22T14:37:02","modified_gmt":"2022-06-22T07:37:02","slug":"man-hinh-led-truong-son-quan-tan-binh","status":"publish","type":"page","link":"https:\/\/shojiki.vn\/en\/led-screen-advertising\/man-hinh-led-truong-son-quan-tan-binh","title":{"rendered":"Outdoor LED screen Truong Son, Tan Binh District"},"content":{"rendered":"<p style=\"text-align: center;\"><iframe loading=\"lazy\" src=\"\/\/www.youtube.com\/embed\/BjEA0dG3jHM\" width=\"640\" height=\"359\" allowfullscreen=\"allowfullscreen\"><\/iframe><\/p>\n<h3><strong><span>Specifications Outdoor LED Advertising Truong Son, Tan Binh District, HCM<\/span><\/strong><\/h3>\n<table style=\"width: 91%; height: 308px;\" width=\"91%\">\n<tbody>\n<tr style=\"height: 23px;\">\n<td style=\"width: 15.4948%; height: 23px;\" width=\"13%\"><strong><span>Address<\/span><\/strong><\/td>\n<td style=\"width: 73.5052%; height: 23px;\" width=\"76%\">Truong Son Road, Tan Binh District, Ho Chi Minh City<\/td>\n<\/tr>\n<tr style=\"height: 189px;\">\n<td style=\"width: 15.4948%; height: 189px;\" width=\"13%\"><strong><span>Area features<\/span><\/strong><\/td>\n<td style=\"width: 73.5052%;\" width=\"76%\">\n<p><span style=\"\"><span style=\"\">&#8211; The advertising area is located at the median, and the observation space is open and prominent<\/span><\/span><\/p>\n<p><span style=\"\"><span style=\"\">&#8211; Located on Truong Son road, which is considered a key intersection leading to the gateway to Tan Son Nhat airport. <\/span><span style=\"\">View from District 1 to the airport and vice versa.<\/span><\/span><\/p>\n<p><span style=\"\"><span style=\"\">&#8211; With 17 LED screens attracting the attention of 90% of road users.<\/span><\/span><\/p>\n<\/td>\n<\/tr>\n<tr style=\"height: 27px;\">\n<td style=\"width: 15.4948%; height: 27px;\" width=\"13%\"><strong><span><span class=\"goog-text-highlight\">Size<\/span><\/span><\/strong><\/td>\n<td style=\"width: 73.5052%; height: 27px;\" width=\"76%\">3.5mH x 1.8mW = 6.3m<sup>2<\/sup><\/td>\n<\/tr>\n<tr style=\"height: 23px;\">\n<td style=\"width: 15.4948%; height: 23px;\" width=\"13%\"><strong><span>Operating time<\/span><\/strong><\/td>\n<td style=\"width: 73.5052%; height: 23px;\" width=\"76%\">14 hours\/day<\/td>\n<\/tr>\n<tr style=\"height: 23px;\">\n<td style=\"width: 15.4948%; height: 23px;\" width=\"13%\"><strong><span>frequency<\/span><\/strong><\/td>\n<td style=\"width: 73.5052%; height: 23px;\" width=\"76%\">Minimum 240 spots\/day (each spot is 15s long)<\/td>\n<\/tr>\n<tr style=\"height: 23px;\">\n<td style=\"width: 15.4948%; height: 23px;\" width=\"13%\"><strong><span>Price<\/span><\/strong><\/td>\n<td style=\"width: 73.5052%; height: 23px;\" width=\"76%\">Contact: 0933 15 99 88<\/td>\n<\/tr>\n<\/tbody>\n<\/table>\n<p><img loading=\"lazy\" decoding=\"async\" class=\"aligncenter wp-image-7086 size-full\" src=\"https:\/\/shojiki.vn\/template\/uploads\/2021\/08\/quang-cao-led-ngoai-troi-truong-son-1.png\" alt=\"led tr\u01b0\u1eddng s\u01a1n\" width=\"1001\" height=\"333\" srcset=\"https:\/\/shojiki.vn\/wp-content\/uploads\/2021\/08\/quang-cao-led-ngoai-troi-truong-son-1.png 1001w, https:\/\/shojiki.vn\/wp-content\/uploads\/2021\/08\/quang-cao-led-ngoai-troi-truong-son-1-300x100.png 300w, https:\/\/shojiki.vn\/wp-content\/uploads\/2021\/08\/quang-cao-led-ngoai-troi-truong-son-1-768x255.png 768w\" sizes=\"(max-width: 1001px) 100vw, 1001px\" \/><\/p>\n<h3><strong><span>Outdoor LED advertising in Truong Son, Tan Binh District<\/span><\/strong><\/h3>\n<p><span>To maximize the ability to reach customers, you should choose the location of outdoor advertising LED screens in places with high traffic density.&nbsp;Therefore, you should not skip the screen here.&nbsp;Why?<\/span><\/p>\n<p><span>For a long time, the Tan Son Nhat gateway on the Truong Son route (Tan Binh) has been considered a traffic hotspot. In addition to the reason for the sudden increase in the number of air passengers, Truong Son Street is considered a unique road connecting the east of Thu Duc and Go Vap districts (from Pham Van Dong street to Nguyen Thai Son roundabout via Bach Dang street). , to Truong Son Street) to Tan Binh District and into the city center along Nguyen Van Troi Street.<\/span><\/p>\n<p><span>Therefore, the volume of vehicles moving through this road is very large, especially during the morning and afternoon peak times, the traffic flow is always congested.&nbsp;With this feature, your ad will reach a large number of passersby.<\/span><\/p>\n<h3><strong><span>Report the effectiveness of Compass&#8217;s outdoor advertising when advertising here:<\/span><\/strong><\/h3>\n<div id=\"attachment_7009\" style=\"width: 1010px\" class=\"wp-caption aligncenter\"><img loading=\"lazy\" decoding=\"async\" aria-describedby=\"caption-attachment-7009\" class=\"wp-image-7009 size-full\" src=\"https:\/\/shojiki.vn\/template\/uploads\/2021\/08\/quang-cao-ngoai-troi-led-ab-tower-lisence.jpg\" alt=\"Qu\u1ea3ng c\u00e1o LED ngo\u00e0i tr\u1eddi\" width=\"1000\" height=\"500\" srcset=\"https:\/\/shojiki.vn\/wp-content\/uploads\/2021\/08\/quang-cao-ngoai-troi-led-ab-tower-lisence.jpg 1000w, https:\/\/shojiki.vn\/wp-content\/uploads\/2021\/08\/quang-cao-ngoai-troi-led-ab-tower-lisence-300x150.jpg 300w, https:\/\/shojiki.vn\/wp-content\/uploads\/2021\/08\/quang-cao-ngoai-troi-led-ab-tower-lisence-768x384.jpg 768w\" sizes=\"(max-width: 1000px) 100vw, 1000px\" \/><p id=\"caption-attachment-7009\" class=\"wp-caption-text\">Sample license at LED location Ly Chinh Thang made by Compass<\/p><\/div>\n<p><span>This is a sample license at Ly Chinh Thang LED advertising location made by Compass, for a detailed license of outdoor LED advertising location at this location, please contact Compass for more details <\/span><span style=\"color: #ff6600;\"><a style=\"color: #ff6600;\" href=\"https:\/\/compasstech.asia\/compass-license-form\">here<\/a>.<\/span><\/p>\n<p><span>According to Compass Tech, on Truong Son Street, the flow of cars is dense on the road surface in two directions during rush hour.&nbsp;Cars followed each other, lined up on the road, while thousands of people and motorbikes had to climb the curb or wriggle in the gap between cars to move.&nbsp;With this feature, your ad will reach a large number of passersby.<\/span><\/p>\n<p><span>Most especially, the number of LED screens here is up to 17 screens, spanning the Truong Son road, thus increasing the time and frequency that traffic users approach your ads.<\/span><\/p>\n<p><span>Compact screen area, eye-level with more than 16 million colors, and brightness of about 5500~8500cd\/sqm, your ads can be illuminated even during the day, and become more vibrant and outstanding when At night.<\/span><\/p>\n<div id=\"attachment_7095\" style=\"width: 701px\" class=\"wp-caption aligncenter\"><img loading=\"lazy\" decoding=\"async\" aria-describedby=\"caption-attachment-7095\" class=\"wp-image-7095 size-full\" src=\"https:\/\/shojiki.vn\/template\/uploads\/2021\/08\/quang-cao-led-ngoai-troi-truong-son-1-2.png\" alt=\"qu\u1ea3ng c\u00e1o ngo\u00e0i tr\u1eddi\" width=\"691\" height=\"397\" srcset=\"https:\/\/shojiki.vn\/wp-content\/uploads\/2021\/08\/quang-cao-led-ngoai-troi-truong-son-1-2.png 691w, https:\/\/shojiki.vn\/wp-content\/uploads\/2021\/08\/quang-cao-led-ngoai-troi-truong-son-1-2-300x172.png 300w\" sizes=\"(max-width: 691px) 100vw, 691px\" \/><p id=\"caption-attachment-7095\" class=\"wp-caption-text\">Crowded lines on the Truong Son route at rush hour<\/p><\/div>\n<p><span>There have been many big customers contacting advertising at this location and achieved great communication effect.&nbsp;<\/span><\/p>\n<h3><strong><span>About Digital Out Of Home advertising:<\/span><\/strong><\/h3>\n<p><span style=\"color: #ff6600;\"><a style=\"color: #ff6600;\" href=\"https:\/\/shojiki.vn\/quang-cao-offline\/quang-cao-led-ngoai-troi\">Out Of Home Advertising<\/a><\/span><span>&nbsp;is gradually becoming a new trend of modern advertising.&nbsp;It has many advantages over other types of traditional advertising:<\/span><\/p>\n<ul>\n<li><span>Vivid advertising content with many presentation forms: slides, videos, &#8230;<\/span><\/li>\n<li><span>Sharp, realistic images easily convey the message<\/span><\/li>\n<li><span>Feel free to change, or adjust the ad as you like<\/span><\/li>\n<li><span>Integrating moisture-proof and heat-resistant technology to reduce maintenance costs significantly<\/span><\/li>\n<li><span>Save more costs when you don&#8217;t have to spend extra money on the production of outdoor flex canvas like other traditional forms of advertising<\/span><\/li>\n<\/ul>\n<p><img loading=\"lazy\" decoding=\"async\" class=\"aligncenter wp-image-7092 size-full\" src=\"https:\/\/shojiki.vn\/template\/uploads\/2021\/08\/quang-cao-led-ngoai-troi-truong-son-2.png\" alt=\"\" width=\"771\" height=\"399\" srcset=\"https:\/\/shojiki.vn\/wp-content\/uploads\/2021\/08\/quang-cao-led-ngoai-troi-truong-son-2.png 771w, https:\/\/shojiki.vn\/wp-content\/uploads\/2021\/08\/quang-cao-led-ngoai-troi-truong-son-2-300x155.png 300w, https:\/\/shojiki.vn\/wp-content\/uploads\/2021\/08\/quang-cao-led-ngoai-troi-truong-son-2-768x397.png 768w\" sizes=\"(max-width: 771px) 100vw, 771px\" \/><\/p>\n<h3><strong><span>How do your ads appear on LED Truong Son, Tan Binh District?<\/span><\/strong><\/h3>\n<p><span><strong><span style=\"color: #ff6600;\">SHOJIKI<\/span><\/strong> Advertising Joint Stock Company &#8211; is proud to be one of the leading advertising agencies in Vietnam.&nbsp;With the authorization from the city LED screen dealer, we are committed to bringing you the most prestigious and effective advertising service along with:<\/span><\/p>\n<ul>\n<li><span>Support service&nbsp;&nbsp;<\/span><strong><span>GENERAL CONSULTATION<\/span><\/strong><span>&nbsp;&nbsp;of advertising strategies<\/span><\/li>\n<li><strong><span>SUPPORT SERVICE FOR DESIGNING<\/span><\/strong><span> content, advertising images<\/span><\/li>\n<li><span>The construction team deploys the advertisement&nbsp;&nbsp;<\/span><strong><span>FAST<\/span><\/strong><span>&nbsp;&nbsp;and&nbsp;&nbsp;<\/span><strong><span>ONLY<\/span><\/strong><\/li>\n<li><strong><span>WARRANTY<\/span><\/strong><span>&nbsp;mode&nbsp;&nbsp;&nbsp;for the duration of the campaign<\/span><\/li>\n<li><span><strong>Attractive&nbsp;<\/strong><\/span><strong><span>DISCOUNTS&nbsp;<\/span><\/strong><span>&nbsp;and&nbsp;&nbsp;SALES&nbsp;&nbsp;&nbsp;for customers<\/span><\/li>\n<\/ul>\n<p><span>In short, the LED screen in Truong Son, Tan Binh District is a great advertising place for your business.&nbsp;That&#8217;s why you should place ads here.&nbsp;By contacting Shojiki, we will provide you with more detailed information.<\/span><\/p>\n<p><span>In addition, you can learn more about our other forms of outdoor advertising:<\/span><\/p>\n<ul>\n<li><span style=\"color: #ff6600;\"><a style=\"color: #ff6600;\" href=\"https:\/\/shojiki.vn\/quang-cao-led-ngoai-troi\">Outdoor LED Display<\/a><\/span><\/li>\n<li><span style=\"color: #ff6600;\"><a style=\"color: #ff6600;\" href=\"https:\/\/shojiki.vn\/quang-cao-bien-bang\">Signboards, billboards, panels<\/a><\/span><\/li>\n<li><span style=\"color: #ff6600;\"><a style=\"color: #ff6600;\" href=\"https:\/\/shojiki.vn\/quang-cao-may-bay\">Airplane advertising<\/a><\/span><\/li>\n<li><span style=\"color: #ff6600;\"><a style=\"color: #ff6600;\" href=\"https:\/\/shojiki.vn\/quang-cao-offline\/quang-cao-xe-taxi\">Service of gluing ads on taxis<\/a><\/span><\/li>\n<li><span style=\"color: #ff6600;\"><a style=\"color: #ff6600;\" href=\"https:\/\/shojiki.vn\/quang-cao-offline\/quang-cao-xe-bus\">Bus<\/a><\/span><\/li>\n<li><span style=\"color: #ff6600;\"><a style=\"color: #ff6600;\" href=\"https:\/\/shojiki.vn\/quang-cao-tren-app-grab\">Super app Grab Ads<\/a><\/span><\/li>\n<li><span style=\"color: #ff6600;\"><a style=\"color: #ff6600;\" href=\"https:\/\/shojiki.vn\/quang-cao-tram-xang-tin-nghia\">Advertisement at a gas station<\/a><\/span><\/li>\n<li><span style=\"color: #ff6600;\"><a style=\"color: #ff6600;\" href=\"https:\/\/shojiki.vn\/quang-cao-tai-cua-hang-tien-loi\">Grocery store<\/a><\/span><\/li>\n<\/ul>\n<h4><span>You can survey prices and buy billboards online at:&nbsp;&nbsp;&nbsp;<\/span><span style=\"color: #ff6600;\"><a style=\"color: #ff6600;\" href=\"https:\/\/ooh.com.vn\/\">WikiOOH<\/a><\/span><br><span>We will measure the effectiveness of your outdoor advertising at:&nbsp;&nbsp;&nbsp;<\/span><span style=\"color: #ff6600;\"><a style=\"color: #ff6600;\" href=\"https:\/\/compasstech.asia\/\">Compass Tech<\/a><\/span><\/h4>\n<h3><strong><span>Some customers have run Outdoor LED Ads in Truong Son, Tan Binh District<\/span><\/strong><\/h3>\n<div id=\"attachment_7098\" style=\"width: 770px\" class=\"wp-caption aligncenter\"><img loading=\"lazy\" decoding=\"async\" aria-describedby=\"caption-attachment-7098\" class=\"wp-image-7098 size-full\" src=\"https:\/\/shojiki.vn\/template\/uploads\/2021\/08\/quang-cao-led-ngoai-troi-truong-son-3.png\" alt=\"led ngo\u00e0i tr\u1eddi tr\u01b0\u1eddng s\u01a1n\" width=\"760\" height=\"403\" srcset=\"https:\/\/shojiki.vn\/wp-content\/uploads\/2021\/08\/quang-cao-led-ngoai-troi-truong-son-3.png 760w, https:\/\/shojiki.vn\/wp-content\/uploads\/2021\/08\/quang-cao-led-ngoai-troi-truong-son-3-300x159.png 300w\" sizes=\"(max-width: 760px) 100vw, 760px\" \/><p id=\"caption-attachment-7098\" class=\"wp-caption-text\">Advertisement of Khai Hoan Land at Truong Son LED screen<\/p><\/div><br>\n<div id=\"attachment_7101\" style=\"width: 769px\" class=\"wp-caption aligncenter\"><img loading=\"lazy\" decoding=\"async\" aria-describedby=\"caption-attachment-7101\" class=\"wp-image-7101 \" src=\"https:\/\/shojiki.vn\/template\/uploads\/2021\/08\/quang-cao-led-ngoai-troi-truong-son-4.png\" alt=\"m\u00e0n h\u00ecnh led s\u00e2n bay\" width=\"759\" height=\"406\" srcset=\"https:\/\/shojiki.vn\/wp-content\/uploads\/2021\/08\/quang-cao-led-ngoai-troi-truong-son-4.png 735w, https:\/\/shojiki.vn\/wp-content\/uploads\/2021\/08\/quang-cao-led-ngoai-troi-truong-son-4-300x160.png 300w\" sizes=\"(max-width: 759px) 100vw, 759px\" \/><p id=\"caption-attachment-7101\" class=\"wp-caption-text\">Pepsico&#8217;s advertisement at Truong Son LED screen<\/p><\/div><br>\n<div id=\"attachment_7104\" style=\"width: 770px\" class=\"wp-caption aligncenter\"><img loading=\"lazy\" decoding=\"async\" aria-describedby=\"caption-attachment-7104\" class=\"wp-image-7104 \" src=\"https:\/\/shojiki.vn\/template\/uploads\/2021\/08\/quang-cao-led-ngoai-troi-truong-son-5.png\" alt=\"m\u00e0n h\u00ecnh led tr\u01b0\u1eddng s\u01a1n t\u00e2n b\u00ecnh\" width=\"760\" height=\"421\" srcset=\"https:\/\/shojiki.vn\/wp-content\/uploads\/2021\/08\/quang-cao-led-ngoai-troi-truong-son-5.png 735w, https:\/\/shojiki.vn\/wp-content\/uploads\/2021\/08\/quang-cao-led-ngoai-troi-truong-son-5-300x166.png 300w\" sizes=\"(max-width: 760px) 100vw, 760px\" \/><p id=\"caption-attachment-7104\" class=\"wp-caption-text\">Vietjet Air&#8217;s advertisement at Truong Son LED screen<\/p><\/div><br>\n<div id=\"attachment_7107\" style=\"width: 771px\" class=\"wp-caption aligncenter\"><img loading=\"lazy\" decoding=\"async\" aria-describedby=\"caption-attachment-7107\" class=\"wp-image-7107\" src=\"https:\/\/shojiki.vn\/template\/uploads\/2021\/08\/quang-cao-led-ngoai-troi-truong-son-6.png\" alt=\"qu\u1ea3ng c\u00e1o m\u00e0n h\u00ecnh led ngo\u00e0i tr\u1eddi\" width=\"761\" height=\"416\" srcset=\"https:\/\/shojiki.vn\/wp-content\/uploads\/2021\/08\/quang-cao-led-ngoai-troi-truong-son-6.png 692w, https:\/\/shojiki.vn\/wp-content\/uploads\/2021\/08\/quang-cao-led-ngoai-troi-truong-son-6-300x164.png 300w\" sizes=\"(max-width: 761px) 100vw, 761px\" \/><p id=\"caption-attachment-7107\" class=\"wp-caption-text\">The later in the evening, the more prominent and attractive the LED screen becomes<\/p><\/div>\n\n","protected":false},"excerpt":{"rendered":"<p>Specifications Outdoor LED Advertising Truong Son, Tan Binh District, HCM Address Truong Son Road, Tan Binh District, Ho Chi Minh City Area features &#8211; The advertising area is located at the median, and the observation space is open and prominent &#8211; Located on Truong Son road, which is considered a key intersection leading to the&hellip;<\/p>\n","protected":false},"author":1,"featured_media":7117,"parent":2669,"menu_order":0,"comment_status":"closed","ping_status":"closed","template":"","meta":{"_acf_changed":false,"footnotes":""},"class_list":["post-2680","page","type-page","status-publish","has-post-thumbnail","hentry","description-off"],"acf":[],"yoast_head":"<!-- This site is optimized with the Yoast SEO plugin v25.6 - https:\/\/yoast.com\/wordpress\/plugins\/seo\/ -->\n<title>Outdoor LED screen Truong Son, Tan Binh District , TP.HCM - Gi\u00e1 t\u1ed1t<\/title>\n<meta name=\"description\" content=\"M\u00e0n h\u00ecnh LED Tr\u01b0\u1eddng S\u01a1n l\u00ean \u0111\u1ebfn 17 m\u00e0n h\u00ecnh, d\u1ecdc \u0111\u01b0\u1eddng Tr\u01b0\u1eddng S\u01a1n v\u00ec v\u1eady c\u00e0ng gia t\u0103ng th\u1eddi gian v\u00e0 t\u1ea7n su\u1ea5t m\u00e0 ng\u01b0\u1eddi \u0111i \u0111\u01b0\u1eddng nh\u00ecn th\u1ea5y.\" \/>\n<meta name=\"robots\" content=\"index, follow, max-snippet:-1, max-image-preview:large, max-video-preview:-1\" \/>\n<link rel=\"canonical\" href=\"https:\/\/shojiki.vn\/en\/led-screen-advertising\/man-hinh-led-truong-son-quan-tan-binh\" \/>\n<meta property=\"og:locale\" content=\"en_US\" \/>\n<meta property=\"og:type\" content=\"article\" \/>\n<meta property=\"og:title\" content=\"Outdoor LED screen Truong Son, Tan Binh District , TP.HCM - Gi\u00e1 t\u1ed1t\" \/>\n<meta property=\"og:description\" content=\"M\u00e0n h\u00ecnh LED Tr\u01b0\u1eddng S\u01a1n l\u00ean \u0111\u1ebfn 17 m\u00e0n h\u00ecnh, d\u1ecdc \u0111\u01b0\u1eddng Tr\u01b0\u1eddng S\u01a1n v\u00ec v\u1eady c\u00e0ng gia t\u0103ng th\u1eddi gian v\u00e0 t\u1ea7n su\u1ea5t m\u00e0 ng\u01b0\u1eddi \u0111i \u0111\u01b0\u1eddng nh\u00ecn th\u1ea5y.\" \/>\n<meta property=\"og:url\" content=\"https:\/\/shojiki.vn\/en\/led-screen-advertising\/man-hinh-led-truong-son-quan-tan-binh\" \/>\n<meta property=\"og:site_name\" content=\"Shojiki.vn\" \/>\n<meta property=\"article:modified_time\" content=\"2022-06-22T07:37:02+00:00\" \/>\n<meta property=\"og:image\" content=\"https:\/\/shojiki.vn\/template\/uploads\/2021\/08\/quang-cao-led-ngoai-troi-truong-son-7.png\" \/>\n\t<meta property=\"og:image:width\" content=\"695\" \/>\n\t<meta property=\"og:image:height\" content=\"475\" \/>\n\t<meta property=\"og:image:type\" content=\"image\/png\" \/>\n<meta name=\"twitter:label1\" content=\"Est. reading time\" \/>\n\t<meta name=\"twitter:data1\" content=\"7 minutes\" \/>\n<script type=\"application\/ld+json\" class=\"yoast-schema-graph\">{\"@context\":\"https:\/\/schema.org\",\"@graph\":[{\"@type\":\"WebPage\",\"@id\":\"https:\/\/shojiki.vn\/en\/led-screen-advertising\/man-hinh-led-truong-son-quan-tan-binh\",\"url\":\"https:\/\/shojiki.vn\/en\/led-screen-advertising\/man-hinh-led-truong-son-quan-tan-binh\",\"name\":\"Outdoor LED screen Truong Son, Tan Binh District , TP.HCM - Gi\u00e1 t\u1ed1t\",\"isPartOf\":{\"@id\":\"https:\/\/shojiki.vn\/#website\"},\"primaryImageOfPage\":{\"@id\":\"https:\/\/shojiki.vn\/en\/led-screen-advertising\/man-hinh-led-truong-son-quan-tan-binh#primaryimage\"},\"image\":{\"@id\":\"https:\/\/shojiki.vn\/en\/led-screen-advertising\/man-hinh-led-truong-son-quan-tan-binh#primaryimage\"},\"thumbnailUrl\":\"https:\/\/shojiki.vn\/wp-content\/uploads\/2021\/08\/quang-cao-led-ngoai-troi-truong-son-7.png\",\"datePublished\":\"2018-09-24T03:49:35+00:00\",\"dateModified\":\"2022-06-22T07:37:02+00:00\",\"description\":\"M\u00e0n h\u00ecnh LED Tr\u01b0\u1eddng S\u01a1n l\u00ean \u0111\u1ebfn 17 m\u00e0n h\u00ecnh, d\u1ecdc \u0111\u01b0\u1eddng Tr\u01b0\u1eddng S\u01a1n v\u00ec v\u1eady c\u00e0ng gia t\u0103ng th\u1eddi gian v\u00e0 t\u1ea7n su\u1ea5t m\u00e0 ng\u01b0\u1eddi \u0111i \u0111\u01b0\u1eddng nh\u00ecn th\u1ea5y.\",\"breadcrumb\":{\"@id\":\"https:\/\/shojiki.vn\/en\/led-screen-advertising\/man-hinh-led-truong-son-quan-tan-binh#breadcrumb\"},\"inLanguage\":\"en-US\",\"potentialAction\":[{\"@type\":\"ReadAction\",\"target\":[\"https:\/\/shojiki.vn\/en\/led-screen-advertising\/man-hinh-led-truong-son-quan-tan-binh\"]}]},{\"@type\":\"ImageObject\",\"inLanguage\":\"en-US\",\"@id\":\"https:\/\/shojiki.vn\/en\/led-screen-advertising\/man-hinh-led-truong-son-quan-tan-binh#primaryimage\",\"url\":\"https:\/\/shojiki.vn\/wp-content\/uploads\/2021\/08\/quang-cao-led-ngoai-troi-truong-son-7.png\",\"contentUrl\":\"https:\/\/shojiki.vn\/wp-content\/uploads\/2021\/08\/quang-cao-led-ngoai-troi-truong-son-7.png\",\"width\":695,\"height\":475},{\"@type\":\"BreadcrumbList\",\"@id\":\"https:\/\/shojiki.vn\/en\/led-screen-advertising\/man-hinh-led-truong-son-quan-tan-binh#breadcrumb\",\"itemListElement\":[{\"@type\":\"ListItem\",\"position\":1,\"name\":\"Home\",\"item\":\"https:\/\/shojiki.vn\/en\"},{\"@type\":\"ListItem\",\"position\":2,\"name\":\"LED screen advertising\",\"item\":\"https:\/\/shojiki.vn\/en\/led-screen-advertising\"},{\"@type\":\"ListItem\",\"position\":3,\"name\":\"Outdoor LED screen Truong Son, Tan Binh District\"}]},{\"@type\":\"WebSite\",\"@id\":\"https:\/\/shojiki.vn\/#website\",\"url\":\"https:\/\/shojiki.vn\/\",\"name\":\"Shojiki.vn\",\"description\":\"\",\"potentialAction\":[{\"@type\":\"SearchAction\",\"target\":{\"@type\":\"EntryPoint\",\"urlTemplate\":\"https:\/\/shojiki.vn\/?s={search_term_string}\"},\"query-input\":{\"@type\":\"PropertyValueSpecification\",\"valueRequired\":true,\"valueName\":\"search_term_string\"}}],\"inLanguage\":\"en-US\"}]}<\/script>\n<!-- \/ Yoast SEO plugin. -->","yoast_head_json":{"title":"Outdoor LED screen Truong Son, Tan Binh District , TP.HCM - Gi\u00e1 t\u1ed1t","description":"M\u00e0n h\u00ecnh LED Tr\u01b0\u1eddng S\u01a1n l\u00ean \u0111\u1ebfn 17 m\u00e0n h\u00ecnh, d\u1ecdc \u0111\u01b0\u1eddng Tr\u01b0\u1eddng S\u01a1n v\u00ec v\u1eady c\u00e0ng gia t\u0103ng th\u1eddi gian v\u00e0 t\u1ea7n su\u1ea5t m\u00e0 ng\u01b0\u1eddi \u0111i \u0111\u01b0\u1eddng nh\u00ecn th\u1ea5y.","robots":{"index":"index","follow":"follow","max-snippet":"max-snippet:-1","max-image-preview":"max-image-preview:large","max-video-preview":"max-video-preview:-1"},"canonical":"https:\/\/shojiki.vn\/en\/led-screen-advertising\/man-hinh-led-truong-son-quan-tan-binh","og_locale":"en_US","og_type":"article","og_title":"Outdoor LED screen Truong Son, Tan Binh District , TP.HCM - Gi\u00e1 t\u1ed1t","og_description":"M\u00e0n h\u00ecnh LED Tr\u01b0\u1eddng S\u01a1n l\u00ean \u0111\u1ebfn 17 m\u00e0n h\u00ecnh, d\u1ecdc \u0111\u01b0\u1eddng Tr\u01b0\u1eddng S\u01a1n v\u00ec v\u1eady c\u00e0ng gia t\u0103ng th\u1eddi gian v\u00e0 t\u1ea7n su\u1ea5t m\u00e0 ng\u01b0\u1eddi \u0111i \u0111\u01b0\u1eddng nh\u00ecn th\u1ea5y.","og_url":"https:\/\/shojiki.vn\/en\/led-screen-advertising\/man-hinh-led-truong-son-quan-tan-binh","og_site_name":"Shojiki.vn","article_modified_time":"2022-06-22T07:37:02+00:00","og_image":[{"width":695,"height":475,"url":"https:\/\/shojiki.vn\/template\/uploads\/2021\/08\/quang-cao-led-ngoai-troi-truong-son-7.png","type":"image\/png"}],"twitter_misc":{"Est. reading time":"7 minutes"},"schema":{"@context":"https:\/\/schema.org","@graph":[{"@type":"WebPage","@id":"https:\/\/shojiki.vn\/en\/led-screen-advertising\/man-hinh-led-truong-son-quan-tan-binh","url":"https:\/\/shojiki.vn\/en\/led-screen-advertising\/man-hinh-led-truong-son-quan-tan-binh","name":"Outdoor LED screen Truong Son, Tan Binh District , TP.HCM - Gi\u00e1 t\u1ed1t","isPartOf":{"@id":"https:\/\/shojiki.vn\/#website"},"primaryImageOfPage":{"@id":"https:\/\/shojiki.vn\/en\/led-screen-advertising\/man-hinh-led-truong-son-quan-tan-binh#primaryimage"},"image":{"@id":"https:\/\/shojiki.vn\/en\/led-screen-advertising\/man-hinh-led-truong-son-quan-tan-binh#primaryimage"},"thumbnailUrl":"https:\/\/shojiki.vn\/wp-content\/uploads\/2021\/08\/quang-cao-led-ngoai-troi-truong-son-7.png","datePublished":"2018-09-24T03:49:35+00:00","dateModified":"2022-06-22T07:37:02+00:00","description":"M\u00e0n h\u00ecnh LED Tr\u01b0\u1eddng S\u01a1n l\u00ean \u0111\u1ebfn 17 m\u00e0n h\u00ecnh, d\u1ecdc \u0111\u01b0\u1eddng Tr\u01b0\u1eddng S\u01a1n v\u00ec v\u1eady c\u00e0ng gia t\u0103ng th\u1eddi gian v\u00e0 t\u1ea7n su\u1ea5t m\u00e0 ng\u01b0\u1eddi \u0111i \u0111\u01b0\u1eddng nh\u00ecn th\u1ea5y.","breadcrumb":{"@id":"https:\/\/shojiki.vn\/en\/led-screen-advertising\/man-hinh-led-truong-son-quan-tan-binh#breadcrumb"},"inLanguage":"en-US","potentialAction":[{"@type":"ReadAction","target":["https:\/\/shojiki.vn\/en\/led-screen-advertising\/man-hinh-led-truong-son-quan-tan-binh"]}]},{"@type":"ImageObject","inLanguage":"en-US","@id":"https:\/\/shojiki.vn\/en\/led-screen-advertising\/man-hinh-led-truong-son-quan-tan-binh#primaryimage","url":"https:\/\/shojiki.vn\/wp-content\/uploads\/2021\/08\/quang-cao-led-ngoai-troi-truong-son-7.png","contentUrl":"https:\/\/shojiki.vn\/wp-content\/uploads\/2021\/08\/quang-cao-led-ngoai-troi-truong-son-7.png","width":695,"height":475},{"@type":"BreadcrumbList","@id":"https:\/\/shojiki.vn\/en\/led-screen-advertising\/man-hinh-led-truong-son-quan-tan-binh#breadcrumb","itemListElement":[{"@type":"ListItem","position":1,"name":"Home","item":"https:\/\/shojiki.vn\/en"},{"@type":"ListItem","position":2,"name":"LED screen advertising","item":"https:\/\/shojiki.vn\/en\/led-screen-advertising"},{"@type":"ListItem","position":3,"name":"Outdoor LED screen Truong Son, Tan Binh District"}]},{"@type":"WebSite","@id":"https:\/\/shojiki.vn\/#website","url":"https:\/\/shojiki.vn\/","name":"Shojiki.vn","description":"","potentialAction":[{"@type":"SearchAction","target":{"@type":"EntryPoint","urlTemplate":"https:\/\/shojiki.vn\/?s={search_term_string}"},"query-input":{"@type":"PropertyValueSpecification","valueRequired":true,"valueName":"search_term_string"}}],"inLanguage":"en-US"}]}},"_links":{"self":[{"href":"https:\/\/shojiki.vn\/en\/wp-json\/wp\/v2\/pages\/2680"}],"collection":[{"href":"https:\/\/shojiki.vn\/en\/wp-json\/wp\/v2\/pages"}],"about":[{"href":"https:\/\/shojiki.vn\/en\/wp-json\/wp\/v2\/types\/page"}],"author":[{"embeddable":true,"href":"https:\/\/shojiki.vn\/en\/wp-json\/wp\/v2\/users\/1"}],"replies":[{"embeddable":true,"href":"https:\/\/shojiki.vn\/en\/wp-json\/wp\/v2\/comments?post=2680"}],"version-history":[{"count":19,"href":"https:\/\/shojiki.vn\/en\/wp-json\/wp\/v2\/pages\/2680\/revisions"}],"predecessor-version":[{"id":12139,"href":"https:\/\/shojiki.vn\/en\/wp-json\/wp\/v2\/pages\/2680\/revisions\/12139"}],"up":[{"embeddable":true,"href":"https:\/\/shojiki.vn\/en\/wp-json\/wp\/v2\/pages\/2669"}],"wp:featuredmedia":[{"embeddable":true,"href":"https:\/\/shojiki.vn\/en\/wp-json\/wp\/v2\/media\/7117"}],"wp:attachment":[{"href":"https:\/\/shojiki.vn\/en\/wp-json\/wp\/v2\/media?parent=2680"}],"curies":[{"name":"wp","href":"https:\/\/api.w.org\/{rel}","templated":true}]}}