{"id":235,"date":"2015-04-16T17:15:49","date_gmt":"2015-04-16T10:15:49","guid":{"rendered":"http:\/\/localhost:8081\/quangcaotramxang\/?page_id=235"},"modified":"2022-07-25T16:37:30","modified_gmt":"2022-07-25T09:37:30","slug":"advertising-at-gas-station","status":"publish","type":"page","link":"https:\/\/shojiki.vn\/en\/offline-advertising\/advertising-at-gas-station","title":{"rendered":"Advertising at Gas Station"},"content":{"rendered":"<p><span style=\"font-size: 12pt;\"><strong>Vietnam\u2019s streets are always busy and filled up with vehicles, even day or night and mostly at rush hour. And we have the number of vehicles in Vietnam is 9,000,000 vehicles and by TNS research, in Vietnam, 80% of the population prefer to go out of home even on working days or not. The most you go out the most you consume gas.<\/strong><\/span><\/p>\n<ul>\n<li><span style=\"font-size: 12pt;\">Some quick interesting calculations:<\/span>\n<ul>\n<li><span style=\"font-size: 12pt;\">At least, we visit a gas station two or three times a week to fill up gas.<\/span><\/li>\n<li><span style=\"font-size: 12pt;\">We spend an average of 30 seconds to 2 minutes filling up gas at a gas station.<\/span><\/li>\n<li><span style=\"font-size: 12pt;\">About 3000 &#8211; 6000 visitors per day at a gas station, equivalent to 350,000 visitors\/month\/Gas Station.<\/span><\/li>\n<\/ul>\n<\/li>\n<\/ul>\n<ul>\n<li><span style=\"font-size: 12pt;\">And we get the most essential point of a marketing campaign: is to attract a numerous audience by your campaign at OUR GAS STATION NETWORK.<\/span><\/li>\n<li><span style=\"font-size: 12pt;\">Our Gas Station advertising network covers around 400 gas stations in Ho Chi Minh city and Ha Noi divided equally among all regions\/districts. We expand our network to other cities depending on the demand of clients.<\/span><\/li>\n<\/ul>\n<ul>\n<li><span style=\"font-size: 12pt;\">Most of our gas stations are installed in premium locations with frequently high traffic.<\/span><\/li>\n<\/ul>\n<p style=\"text-align: center;\"><span style=\"font-size: 12pt;\">Your campaign will appear with a mini billboard in each Gas Station in the center of the city<\/span><\/p>\n<p><a href=\"http:\/\/shojiki.vn\/template\/uploads\/2015\/04\/Picture2.png\"><img loading=\"lazy\" decoding=\"async\" class=\"wp-image-600 size-full\" src=\"http:\/\/shojiki.vn\/template\/uploads\/2015\/04\/Picture2.png\" alt=\"tramxang-bienhieu\" width=\"668\" height=\"415\" srcset=\"https:\/\/shojiki.vn\/wp-content\/uploads\/2015\/04\/Picture2.png 668w, https:\/\/shojiki.vn\/wp-content\/uploads\/2015\/04\/Picture2-300x186.png 300w\" sizes=\"(max-width: 668px) 100vw, 668px\" \/><\/a><\/p>\n<p style=\"text-align: center;\"><span style=\"font-size: 12pt;\">And it&#8217;s easily combined with other marketing solutions to promote your campaign (Event, Activation, Free sample,&#8230;)<\/span><\/p>\n<p style=\"text-align: center;\">\u00a0<a href=\"http:\/\/shojiki.vn\/template\/uploads\/2015\/04\/standee.jpg\"><img loading=\"lazy\" decoding=\"async\" class=\"aligncenter wp-image-598 size-full\" src=\"http:\/\/shojiki.vn\/template\/uploads\/2015\/04\/standee.jpg\" alt=\"\" width=\"500\" height=\"500\" srcset=\"https:\/\/shojiki.vn\/wp-content\/uploads\/2015\/04\/standee.jpg 500w, https:\/\/shojiki.vn\/wp-content\/uploads\/2015\/04\/standee-80x80.jpg 80w, https:\/\/shojiki.vn\/wp-content\/uploads\/2015\/04\/standee-300x300.jpg 300w\" sizes=\"(max-width: 500px) 100vw, 500px\" \/><\/a> <a href=\"http:\/\/shojiki.vn\/template\/uploads\/2015\/04\/promotion.jpg\"><img loading=\"lazy\" decoding=\"async\" class=\"aligncenter wp-image-597 size-full\" src=\"http:\/\/shojiki.vn\/template\/uploads\/2015\/04\/promotion.jpg\" alt=\"\" width=\"225\" height=\"337\" srcset=\"https:\/\/shojiki.vn\/wp-content\/uploads\/2015\/04\/promotion.jpg 225w, https:\/\/shojiki.vn\/wp-content\/uploads\/2015\/04\/promotion-200x300.jpg 200w\" sizes=\"(max-width: 225px) 100vw, 225px\" \/><\/a><\/p>\n<p style=\"text-align: center;\">Combine advertising with <strong>Vietwash<\/strong> system<\/p>\n<p><a href=\"http:\/\/shojiki.vn\/template\/uploads\/2015\/04\/vietwash.jpg\"><img loading=\"lazy\" decoding=\"async\" class=\"wp-image-599 size-full\" src=\"http:\/\/shojiki.vn\/template\/uploads\/2015\/04\/vietwash.jpg\" alt=\"tramxang-vietwash\" width=\"996\" height=\"421\" srcset=\"https:\/\/shojiki.vn\/wp-content\/uploads\/2015\/04\/vietwash.jpg 996w, https:\/\/shojiki.vn\/wp-content\/uploads\/2015\/04\/vietwash-300x127.jpg 300w\" sizes=\"(max-width: 996px) 100vw, 996px\" \/><\/a><\/p>\n<p><span style=\"font-size: 12pt;\">In addition to chain gas stations in big cities, we also develop a system of private gas stations and gas stations in provinces depending on your needs.<\/span><\/p>\n<p><span style=\"font-size: 12pt;\">However, due to strict regulations on explosion-proof gas stations, many forms of deployment are limited. Existing forms of advertising include:<\/span><\/p>\n<p><strong>Advertising on pump pole<\/strong><\/p>\n<p><a class=\"dt-single-image\" href=\"http:\/\/shojiki.vn\/template\/uploads\/2015\/04\/1-1.jpg\" data-dt-img-description=\"\"><img loading=\"lazy\" decoding=\"async\" class=\"aligncenter wp-image-1494 \" src=\"http:\/\/shojiki.vn\/template\/uploads\/2015\/04\/1-1-1030x772.jpg\" alt=\"\" width=\"702\" height=\"526\" srcset=\"https:\/\/shojiki.vn\/wp-content\/uploads\/2015\/04\/1-1-1030x772.jpg 1030w, https:\/\/shojiki.vn\/wp-content\/uploads\/2015\/04\/1-1-300x225.jpg 300w, https:\/\/shojiki.vn\/wp-content\/uploads\/2015\/04\/1-1-768x576.jpg 768w, https:\/\/shojiki.vn\/wp-content\/uploads\/2015\/04\/1-1.jpg 1430w\" sizes=\"(max-width: 702px) 100vw, 702px\" \/><\/a><\/p>\n<p style=\"text-align: center;\"><em>(example picture)<\/em><\/p>\n<p><strong>Advertising on road signs<\/strong><\/p>\n<div id=\"attachment_1577\" style=\"width: 834px\" class=\"wp-caption alignnone\"><a class=\"dt-single-image\" href=\"http:\/\/shojiki.vn\/template\/uploads\/2015\/04\/Untitled.jpg\" data-dt-img-description=\"B\u1ea3ng \u00e9p t\u01b0\u1eddng l\u1eadt 3 m\u1eb7t\"><img loading=\"lazy\" decoding=\"async\" aria-describedby=\"caption-attachment-1577\" class=\"wp-image-1577 size-full\" src=\"http:\/\/shojiki.vn\/template\/uploads\/2015\/04\/Untitled.jpg\" alt=\"B\u1ea3ng \u00e9p t\u01b0\u1eddng t\u1ea1i tr\u1ea1m x\u0103ng\" width=\"824\" height=\"579\" srcset=\"https:\/\/shojiki.vn\/wp-content\/uploads\/2015\/04\/Untitled.jpg 824w, https:\/\/shojiki.vn\/wp-content\/uploads\/2015\/04\/Untitled-300x211.jpg 300w, https:\/\/shojiki.vn\/wp-content\/uploads\/2015\/04\/Untitled-768x540.jpg 768w\" sizes=\"(max-width: 824px) 100vw, 824px\" \/><\/a><p id=\"caption-attachment-1577\" class=\"wp-caption-text\">3-sided flip wall panel<\/p><\/div>\n<div id=\"attachment_1495\" style=\"width: 713px\" class=\"wp-caption aligncenter\"><a class=\"dt-single-image\" href=\"http:\/\/shojiki.vn\/template\/uploads\/2015\/04\/2.jpg\" data-dt-img-description=\"\"><img loading=\"lazy\" decoding=\"async\" aria-describedby=\"caption-attachment-1495\" class=\"wp-image-1495\" src=\"http:\/\/shojiki.vn\/template\/uploads\/2015\/04\/2-1030x772.jpg\" alt=\"Pano treo gi\u1eefa hai c\u1ed9t\" width=\"703\" height=\"527\" srcset=\"https:\/\/shojiki.vn\/wp-content\/uploads\/2015\/04\/2-1030x772.jpg 1030w, https:\/\/shojiki.vn\/wp-content\/uploads\/2015\/04\/2-300x225.jpg 300w, https:\/\/shojiki.vn\/wp-content\/uploads\/2015\/04\/2-768x576.jpg 768w, https:\/\/shojiki.vn\/wp-content\/uploads\/2015\/04\/2.jpg 1430w\" sizes=\"(max-width: 703px) 100vw, 703px\" \/><\/a><p id=\"caption-attachment-1495\" class=\"wp-caption-text\">Pano hanging between two columns<\/p><\/div>\n<div id=\"attachment_1578\" style=\"width: 273px\" class=\"wp-caption aligncenter\"><a class=\"dt-single-image\" href=\"http:\/\/shojiki.vn\/template\/uploads\/2015\/04\/cdasca.jpg\" data-dt-img-description=\"Qu\u1ea3ng c\u00e1o tr\u00ean tr\u1ee5 x\u0103ng\"><img loading=\"lazy\" decoding=\"async\" aria-describedby=\"caption-attachment-1578\" class=\"wp-image-1578 size-full\" src=\"http:\/\/shojiki.vn\/template\/uploads\/2015\/04\/cdasca.jpg\" alt=\"Qu\u1ea3ng c\u00e1o tr\u00ean tr\u1ee5 x\u0103ng\" width=\"263\" height=\"479\" srcset=\"https:\/\/shojiki.vn\/wp-content\/uploads\/2015\/04\/cdasca.jpg 263w, https:\/\/shojiki.vn\/wp-content\/uploads\/2015\/04\/cdasca-165x300.jpg 165w\" sizes=\"(max-width: 263px) 100vw, 263px\" \/><\/a><p id=\"caption-attachment-1578\" class=\"wp-caption-text\">Advertisement on gas station<\/p><\/div>\n<div id=\"attachment_1579\" style=\"width: 477px\" class=\"wp-caption aligncenter\"><a class=\"dt-single-image\" href=\"http:\/\/shojiki.vn\/template\/uploads\/2015\/04\/cacda.jpg\" data-dt-img-description=\"Qu\u1ea3ng c\u00e1o LED ho\u1eb7c b\u1ea3ng treo tr\u00ean tr\u1ee5 b\u01a1m\"><img loading=\"lazy\" decoding=\"async\" aria-describedby=\"caption-attachment-1579\" class=\"wp-image-1579 size-full\" src=\"http:\/\/shojiki.vn\/template\/uploads\/2015\/04\/cacda.jpg\" alt=\"Qu\u1ea3ng c\u00e1o LED ho\u1eb7c b\u1ea3ng treo tr\u00ean tr\u1ee5 b\u01a1m\" width=\"467\" height=\"321\" srcset=\"https:\/\/shojiki.vn\/wp-content\/uploads\/2015\/04\/cacda.jpg 467w, https:\/\/shojiki.vn\/wp-content\/uploads\/2015\/04\/cacda-300x206.jpg 300w\" sizes=\"(max-width: 467px) 100vw, 467px\" \/><\/a><p id=\"caption-attachment-1579\" class=\"wp-caption-text\">LED advertising or billboards on pump poles<\/p><\/div>\n<div id=\"attachment_1580\" style=\"width: 313px\" class=\"wp-caption aligncenter\"><a class=\"dt-single-image\" href=\"http:\/\/shojiki.vn\/template\/uploads\/2015\/04\/cascsac.jpg\" data-dt-img-description=\"Activation t\u1ea1i tr\u1ea1m x\u0103ng\"><img loading=\"lazy\" decoding=\"async\" aria-describedby=\"caption-attachment-1580\" class=\"wp-image-1580 size-full\" src=\"http:\/\/shojiki.vn\/template\/uploads\/2015\/04\/cascsac.jpg\" alt=\"Activation t\u1ea1i tr\u1ea1m x\u0103ng\" width=\"303\" height=\"360\" srcset=\"https:\/\/shojiki.vn\/wp-content\/uploads\/2015\/04\/cascsac.jpg 303w, https:\/\/shojiki.vn\/wp-content\/uploads\/2015\/04\/cascsac-253x300.jpg 253w\" sizes=\"(max-width: 303px) 100vw, 303px\" \/><\/a><p id=\"caption-attachment-1580\" class=\"wp-caption-text\">Activation at the gas station<\/p><\/div>\n<div id=\"attachment_1581\" style=\"width: 469px\" class=\"wp-caption aligncenter\"><a class=\"dt-single-image\" href=\"http:\/\/shojiki.vn\/template\/uploads\/2015\/04\/dcascsac.jpg\" data-dt-img-description=\"Qu\u1ea3ng c\u00e1o tr\u1ea1m x\u0103ng h\u00e0i h\u00f2a v\u00e0 n\u1ed5i b\u1eadt v\u1edbi kh\u00f4ng gian\"><img loading=\"lazy\" decoding=\"async\" aria-describedby=\"caption-attachment-1581\" class=\"wp-image-1581 size-full\" src=\"http:\/\/shojiki.vn\/template\/uploads\/2015\/04\/dcascsac.jpg\" alt=\"Qu\u1ea3ng c\u00e1o tr\u1ea1m x\u0103ng h\u00e0i h\u00f2a v\u00e0 n\u1ed5i b\u1eadt\" width=\"459\" height=\"314\" srcset=\"https:\/\/shojiki.vn\/wp-content\/uploads\/2015\/04\/dcascsac.jpg 459w, https:\/\/shojiki.vn\/wp-content\/uploads\/2015\/04\/dcascsac-300x205.jpg 300w\" sizes=\"(max-width: 459px) 100vw, 459px\" \/><\/a><p id=\"caption-attachment-1581\" class=\"wp-caption-text\">Gas station ads are in harmony and stand out with the space<\/p><\/div>\n<p><strong>Column advertising<\/strong><\/p>\n<p><a class=\"dt-single-image\" href=\"http:\/\/shojiki.vn\/template\/uploads\/2015\/04\/c\u1ed9t-to.jpg\" data-dt-img-description=\"\"><img loading=\"lazy\" decoding=\"async\" class=\"aligncenter wp-image-1499 size-full\" src=\"http:\/\/shojiki.vn\/template\/uploads\/2015\/04\/c\u1ed9t-to.jpg\" alt=\"\" width=\"700\" height=\"394\" srcset=\"https:\/\/shojiki.vn\/wp-content\/uploads\/2015\/04\/c\u1ed9t-to.jpg 700w, https:\/\/shojiki.vn\/wp-content\/uploads\/2015\/04\/c\u1ed9t-to-300x169.jpg 300w\" sizes=\"(max-width: 700px) 100vw, 700px\" \/><\/a><\/p>\n<p style=\"text-align: center;\"><em>(example picture)<\/em><\/p>\n<p><strong>Advertising on the navigation boards<\/strong><\/p>\n<p><a class=\"dt-single-image\" href=\"http:\/\/shojiki.vn\/template\/uploads\/2015\/04\/b\u1ea3ng-d\u1eabn-\u0111\u01b0\u1eddng-2.jpg\" data-dt-img-description=\"\"><img loading=\"lazy\" decoding=\"async\" class=\"wp-image-1500 aligncenter\" src=\"http:\/\/shojiki.vn\/template\/uploads\/2015\/04\/b\u1ea3ng-d\u1eabn-\u0111\u01b0\u1eddng-2-300x225.jpg\" alt=\"\" width=\"700\" height=\"525\" srcset=\"https:\/\/shojiki.vn\/wp-content\/uploads\/2015\/04\/b\u1ea3ng-d\u1eabn-\u0111\u01b0\u1eddng-2-300x225.jpg 300w, https:\/\/shojiki.vn\/wp-content\/uploads\/2015\/04\/b\u1ea3ng-d\u1eabn-\u0111\u01b0\u1eddng-2-768x576.jpg 768w, https:\/\/shojiki.vn\/wp-content\/uploads\/2015\/04\/b\u1ea3ng-d\u1eabn-\u0111\u01b0\u1eddng-2-1030x773.jpg 1030w, https:\/\/shojiki.vn\/wp-content\/uploads\/2015\/04\/b\u1ea3ng-d\u1eabn-\u0111\u01b0\u1eddng-2.jpg 1160w\" sizes=\"(max-width: 700px) 100vw, 700px\" \/><\/a><\/p>\n<p>Currently, at the request of customers, we can do advertising at big gas stations such as Petrolimex, Comeco, SFC, etc.<\/p>\n<p>In addition, there are other overseas forms that may be considered:<\/p>\n<p><strong>Pumps<\/strong><\/p>\n<p><a class=\"dt-single-image\" href=\"http:\/\/shojiki.vn\/template\/uploads\/2015\/04\/3.jpg\" data-dt-img-description=\"\"><img loading=\"lazy\" decoding=\"async\" class=\"aligncenter wp-image-1496 size-full\" src=\"http:\/\/shojiki.vn\/template\/uploads\/2015\/04\/3.jpg\" alt=\"\" width=\"1020\" height=\"680\" srcset=\"https:\/\/shojiki.vn\/wp-content\/uploads\/2015\/04\/3.jpg 1020w, https:\/\/shojiki.vn\/wp-content\/uploads\/2015\/04\/3-300x200.jpg 300w, https:\/\/shojiki.vn\/wp-content\/uploads\/2015\/04\/3-768x512.jpg 768w\" sizes=\"(max-width: 1020px) 100vw, 1020px\" \/><\/a><\/p>\n<p><strong>LED on gas pump<\/strong><\/p>\n<p><a class=\"dt-single-image\" href=\"http:\/\/shojiki.vn\/template\/uploads\/2015\/04\/4.jpg\" data-dt-img-description=\"\"><img loading=\"lazy\" decoding=\"async\" class=\"aligncenter wp-image-1497 size-full\" src=\"http:\/\/shojiki.vn\/template\/uploads\/2015\/04\/4.jpg\" alt=\"\" width=\"960\" height=\"414\" srcset=\"https:\/\/shojiki.vn\/wp-content\/uploads\/2015\/04\/4.jpg 960w, https:\/\/shojiki.vn\/wp-content\/uploads\/2015\/04\/4-300x129.jpg 300w, https:\/\/shojiki.vn\/wp-content\/uploads\/2015\/04\/4-768x331.jpg 768w\" sizes=\"(max-width: 960px) 100vw, 960px\" \/><\/a><\/p>\n<p><span style=\"font-size: 12pt;\">There are other forms of advertising such as <a title=\"Advertising at Point of Purchase (POP)\" href=\"http:\/\/shojiki.vn\/en\/offline-advertising\/pop-point-of-purchase\" target=\"_blank\" rel=\"noopener\">advertising at Point of Purchase (POP)<\/a>, <a title=\"advertising on taxi\" href=\"http:\/\/shojiki.vn\/en\/offline-advertising\/taxi-advertising\" target=\"_blank\" rel=\"noopener\">advertising on taxi<\/a>.<\/span><\/p>\n<p><span style=\"font-weight: 400; font-size: 12pt;\">In addition, you can learn more about our other forms of outdoor advertising:<\/span><\/p>\n<ul>\n<li style=\"font-weight: 400;\" aria-level=\"1\"><span style=\"font-size: 12pt; color: #ff6600;\"><a style=\"color: #ff6600;\" href=\"https:\/\/shojiki.vn\/en\/led-screen-advertising\"><span style=\"font-weight: 400;\">Outdoor LED Display<\/span><\/a><\/span><\/li>\n<li style=\"font-weight: 400;\" aria-level=\"1\"><span style=\"font-size: 12pt; color: #ff6600;\"><a style=\"color: #ff6600;\" href=\"https:\/\/shojiki.vn\/en\/billboard\"><span style=\"font-weight: 400;\">Signboards, billboards, panels<\/span><\/a><\/span><\/li>\n<li style=\"font-weight: 400;\" aria-level=\"1\"><span style=\"font-size: 12pt; color: #ff6600;\"><a style=\"color: #ff6600;\" href=\"https:\/\/shojiki.vn\/en\/offline-advertising\/airplane-advertising\"><span style=\"font-weight: 400;\">Airplane advertising<\/span><\/a><\/span><\/li>\n<li style=\"font-weight: 400;\" aria-level=\"1\"><span style=\"font-size: 12pt; color: #ff6600;\"><a style=\"color: #ff6600;\" href=\"https:\/\/shojiki.vn\/en\/offline-advertising\/taxi-advertising\"><span style=\"font-weight: 400;\">Service of gluing ads on taxis<\/span><\/a><\/span><\/li>\n<li style=\"font-weight: 400;\" aria-level=\"1\"><span style=\"font-size: 12pt; color: #ff6600;\"><a style=\"color: #ff6600;\" href=\"https:\/\/shojiki.vn\/en\/offline-advertising\/bus-advertising\"><span style=\"font-weight: 400;\">Bus advertising<\/span><\/a><\/span><\/li>\n<li style=\"font-weight: 400;\" aria-level=\"1\"><span style=\"font-weight: 400; font-size: 12pt; color: #ff6600;\">Advertisement on apps Grab<\/span><\/li>\n<li style=\"font-weight: 400;\" aria-level=\"1\"><span style=\"font-size: 12pt; color: #ff6600;\"><a style=\"color: #ff6600;\" href=\"https:\/\/shojiki.vn\/en\/offline-advertising\/advertising-at-gas-station\"><span style=\"font-weight: 400;\">Advertisement at gas station<\/span><\/a><\/span><\/li>\n<li style=\"font-weight: 400;\" aria-level=\"1\"><span style=\"font-size: 12pt; color: #ff6600;\"><a style=\"color: #ff6600;\" href=\"https:\/\/shojiki.vn\/en\/advertising-at-convenience-stores\"><span style=\"font-weight: 400;\">Advertisement at convenience stores<\/span><\/a><\/span><\/li>\n<\/ul>\n<p><span style=\"font-size: 12pt;\">Please kindly <a href=\"http:\/\/shojiki.vn\/en\/contact-us\">contact us<\/a> for further information.<\/span><\/p>\n","protected":false},"excerpt":{"rendered":"<p>Vietnam\u2019s streets are always busy and filled up with vehicles, even day or night and mostly at rush hour. And we have the number of vehicles in Vietnam is 9,000,000 vehicles and by TNS research, in Vietnam, 80% of the population prefer to go out of home even on working days or not. The most&hellip;<\/p>\n","protected":false},"author":1,"featured_media":0,"parent":209,"menu_order":0,"comment_status":"closed","ping_status":"closed","template":"","meta":{"_acf_changed":false,"footnotes":""},"class_list":["post-235","page","type-page","status-publish","hentry","description-off"],"acf":[],"yoast_head":"<!-- This site is optimized with the Yoast SEO plugin v25.6 - https:\/\/yoast.com\/wordpress\/plugins\/seo\/ -->\n<title>Vietnam gas station advertising | Vietnam oudoor advertising agency<\/title>\n<meta name=\"description\" content=\"Vietnam outdoor advertising agency, billboard, bus, taxi, airplane, LED, ads &amp; Vietnam largest platform for OOH ads with more than 2000 location, multi language support\" \/>\n<meta name=\"robots\" content=\"index, follow, max-snippet:-1, max-image-preview:large, max-video-preview:-1\" \/>\n<link rel=\"canonical\" href=\"https:\/\/shojiki.vn\/en\/offline-advertising\/advertising-at-gas-station\" \/>\n<meta property=\"og:locale\" content=\"en_US\" \/>\n<meta property=\"og:type\" content=\"article\" \/>\n<meta property=\"og:title\" content=\"Vietnam gas station advertising | Vietnam oudoor advertising agency\" \/>\n<meta property=\"og:description\" content=\"Vietnam outdoor advertising agency, billboard, bus, taxi, airplane, LED, ads &amp; Vietnam largest platform for OOH ads with more than 2000 location, multi language support\" \/>\n<meta property=\"og:url\" content=\"https:\/\/shojiki.vn\/en\/offline-advertising\/advertising-at-gas-station\" \/>\n<meta property=\"og:site_name\" content=\"Shojiki.vn\" \/>\n<meta property=\"article:modified_time\" content=\"2022-07-25T09:37:30+00:00\" \/>\n<meta property=\"og:image\" content=\"http:\/\/shojiki.vn\/template\/uploads\/2015\/04\/Picture2.png\" \/>\n<meta name=\"twitter:label1\" content=\"Est. reading time\" \/>\n\t<meta name=\"twitter:data1\" content=\"6 minutes\" \/>\n<script type=\"application\/ld+json\" class=\"yoast-schema-graph\">{\"@context\":\"https:\/\/schema.org\",\"@graph\":[{\"@type\":\"WebPage\",\"@id\":\"https:\/\/shojiki.vn\/en\/offline-advertising\/advertising-at-gas-station\",\"url\":\"https:\/\/shojiki.vn\/en\/offline-advertising\/advertising-at-gas-station\",\"name\":\"Vietnam gas station advertising | Vietnam oudoor advertising agency\",\"isPartOf\":{\"@id\":\"https:\/\/shojiki.vn\/#website\"},\"primaryImageOfPage\":{\"@id\":\"https:\/\/shojiki.vn\/en\/offline-advertising\/advertising-at-gas-station#primaryimage\"},\"image\":{\"@id\":\"https:\/\/shojiki.vn\/en\/offline-advertising\/advertising-at-gas-station#primaryimage\"},\"thumbnailUrl\":\"http:\/\/shojiki.vn\/template\/uploads\/2015\/04\/Picture2.png\",\"datePublished\":\"2015-04-16T10:15:49+00:00\",\"dateModified\":\"2022-07-25T09:37:30+00:00\",\"description\":\"Vietnam outdoor advertising agency, billboard, bus, taxi, airplane, LED, ads & Vietnam largest platform for OOH ads with more than 2000 location, multi language support\",\"breadcrumb\":{\"@id\":\"https:\/\/shojiki.vn\/en\/offline-advertising\/advertising-at-gas-station#breadcrumb\"},\"inLanguage\":\"en-US\",\"potentialAction\":[{\"@type\":\"ReadAction\",\"target\":[\"https:\/\/shojiki.vn\/en\/offline-advertising\/advertising-at-gas-station\"]}]},{\"@type\":\"ImageObject\",\"inLanguage\":\"en-US\",\"@id\":\"https:\/\/shojiki.vn\/en\/offline-advertising\/advertising-at-gas-station#primaryimage\",\"url\":\"http:\/\/shojiki.vn\/template\/uploads\/2015\/04\/Picture2.png\",\"contentUrl\":\"http:\/\/shojiki.vn\/template\/uploads\/2015\/04\/Picture2.png\"},{\"@type\":\"BreadcrumbList\",\"@id\":\"https:\/\/shojiki.vn\/en\/offline-advertising\/advertising-at-gas-station#breadcrumb\",\"itemListElement\":[{\"@type\":\"ListItem\",\"position\":1,\"name\":\"Home\",\"item\":\"https:\/\/shojiki.vn\/en\"},{\"@type\":\"ListItem\",\"position\":2,\"name\":\"Offline Advertising\",\"item\":\"https:\/\/shojiki.vn\/en\/offline-advertising\"},{\"@type\":\"ListItem\",\"position\":3,\"name\":\"Advertising at Gas Station\"}]},{\"@type\":\"WebSite\",\"@id\":\"https:\/\/shojiki.vn\/#website\",\"url\":\"https:\/\/shojiki.vn\/\",\"name\":\"Shojiki.vn\",\"description\":\"\",\"potentialAction\":[{\"@type\":\"SearchAction\",\"target\":{\"@type\":\"EntryPoint\",\"urlTemplate\":\"https:\/\/shojiki.vn\/?s={search_term_string}\"},\"query-input\":{\"@type\":\"PropertyValueSpecification\",\"valueRequired\":true,\"valueName\":\"search_term_string\"}}],\"inLanguage\":\"en-US\"}]}<\/script>\n<!-- \/ Yoast SEO plugin. -->","yoast_head_json":{"title":"Vietnam gas station advertising | Vietnam oudoor advertising agency","description":"Vietnam outdoor advertising agency, billboard, bus, taxi, airplane, LED, ads & Vietnam largest platform for OOH ads with more than 2000 location, multi language support","robots":{"index":"index","follow":"follow","max-snippet":"max-snippet:-1","max-image-preview":"max-image-preview:large","max-video-preview":"max-video-preview:-1"},"canonical":"https:\/\/shojiki.vn\/en\/offline-advertising\/advertising-at-gas-station","og_locale":"en_US","og_type":"article","og_title":"Vietnam gas station advertising | Vietnam oudoor advertising agency","og_description":"Vietnam outdoor advertising agency, billboard, bus, taxi, airplane, LED, ads & Vietnam largest platform for OOH ads with more than 2000 location, multi language support","og_url":"https:\/\/shojiki.vn\/en\/offline-advertising\/advertising-at-gas-station","og_site_name":"Shojiki.vn","article_modified_time":"2022-07-25T09:37:30+00:00","og_image":[{"url":"http:\/\/shojiki.vn\/template\/uploads\/2015\/04\/Picture2.png","type":"","width":"","height":""}],"twitter_misc":{"Est. reading time":"6 minutes"},"schema":{"@context":"https:\/\/schema.org","@graph":[{"@type":"WebPage","@id":"https:\/\/shojiki.vn\/en\/offline-advertising\/advertising-at-gas-station","url":"https:\/\/shojiki.vn\/en\/offline-advertising\/advertising-at-gas-station","name":"Vietnam gas station advertising | Vietnam oudoor advertising agency","isPartOf":{"@id":"https:\/\/shojiki.vn\/#website"},"primaryImageOfPage":{"@id":"https:\/\/shojiki.vn\/en\/offline-advertising\/advertising-at-gas-station#primaryimage"},"image":{"@id":"https:\/\/shojiki.vn\/en\/offline-advertising\/advertising-at-gas-station#primaryimage"},"thumbnailUrl":"http:\/\/shojiki.vn\/template\/uploads\/2015\/04\/Picture2.png","datePublished":"2015-04-16T10:15:49+00:00","dateModified":"2022-07-25T09:37:30+00:00","description":"Vietnam outdoor advertising agency, billboard, bus, taxi, airplane, LED, ads & Vietnam largest platform for OOH ads with more than 2000 location, multi language support","breadcrumb":{"@id":"https:\/\/shojiki.vn\/en\/offline-advertising\/advertising-at-gas-station#breadcrumb"},"inLanguage":"en-US","potentialAction":[{"@type":"ReadAction","target":["https:\/\/shojiki.vn\/en\/offline-advertising\/advertising-at-gas-station"]}]},{"@type":"ImageObject","inLanguage":"en-US","@id":"https:\/\/shojiki.vn\/en\/offline-advertising\/advertising-at-gas-station#primaryimage","url":"http:\/\/shojiki.vn\/template\/uploads\/2015\/04\/Picture2.png","contentUrl":"http:\/\/shojiki.vn\/template\/uploads\/2015\/04\/Picture2.png"},{"@type":"BreadcrumbList","@id":"https:\/\/shojiki.vn\/en\/offline-advertising\/advertising-at-gas-station#breadcrumb","itemListElement":[{"@type":"ListItem","position":1,"name":"Home","item":"https:\/\/shojiki.vn\/en"},{"@type":"ListItem","position":2,"name":"Offline Advertising","item":"https:\/\/shojiki.vn\/en\/offline-advertising"},{"@type":"ListItem","position":3,"name":"Advertising at Gas Station"}]},{"@type":"WebSite","@id":"https:\/\/shojiki.vn\/#website","url":"https:\/\/shojiki.vn\/","name":"Shojiki.vn","description":"","potentialAction":[{"@type":"SearchAction","target":{"@type":"EntryPoint","urlTemplate":"https:\/\/shojiki.vn\/?s={search_term_string}"},"query-input":{"@type":"PropertyValueSpecification","valueRequired":true,"valueName":"search_term_string"}}],"inLanguage":"en-US"}]}},"_links":{"self":[{"href":"https:\/\/shojiki.vn\/en\/wp-json\/wp\/v2\/pages\/235"}],"collection":[{"href":"https:\/\/shojiki.vn\/en\/wp-json\/wp\/v2\/pages"}],"about":[{"href":"https:\/\/shojiki.vn\/en\/wp-json\/wp\/v2\/types\/page"}],"author":[{"embeddable":true,"href":"https:\/\/shojiki.vn\/en\/wp-json\/wp\/v2\/users\/1"}],"replies":[{"embeddable":true,"href":"https:\/\/shojiki.vn\/en\/wp-json\/wp\/v2\/comments?post=235"}],"version-history":[{"count":8,"href":"https:\/\/shojiki.vn\/en\/wp-json\/wp\/v2\/pages\/235\/revisions"}],"predecessor-version":[{"id":13006,"href":"https:\/\/shojiki.vn\/en\/wp-json\/wp\/v2\/pages\/235\/revisions\/13006"}],"up":[{"embeddable":true,"href":"https:\/\/shojiki.vn\/en\/wp-json\/wp\/v2\/pages\/209"}],"wp:attachment":[{"href":"https:\/\/shojiki.vn\/en\/wp-json\/wp\/v2\/media?parent=235"}],"curies":[{"name":"wp","href":"https:\/\/api.w.org\/{rel}","templated":true}]}}