{"id":217,"date":"2015-04-16T17:08:51","date_gmt":"2015-04-16T10:08:51","guid":{"rendered":"http:\/\/localhost:8081\/quangcaotramxang\/?page_id=217"},"modified":"2022-02-28T16:28:08","modified_gmt":"2022-02-28T09:28:08","slug":"taxi-advertising","status":"publish","type":"page","link":"https:\/\/shojiki.vn\/en\/offline-advertising\/taxi-advertising","title":{"rendered":"Taxi Advertising"},"content":{"rendered":"<h2><strong>What is Taxi Advertising?<\/strong><\/h2>\n<p>Taxi advertising is a form of outdoor advertising (OOH) that applies advertising on vehicles, here specifically, Taxis. Decals advertising the brand, media content will be pasted on different positions of the taxi, bringing brand images and products to reach countless customers. Instead of advertising on monotonous billboards or banners, you can now advertise on Taxis with mobility and creative images, making a strong impression on people.<\/p>\n<div id=\"attachment_6296\" style=\"width: 1040px\" class=\"wp-caption aligncenter\"><img loading=\"lazy\" decoding=\"async\" aria-describedby=\"caption-attachment-6296\" class=\"wp-image-6296 size-large\" src=\"https:\/\/shojiki.vn\/template\/uploads\/2021\/06\/quangcaotaxi-1-1030x773.jpg\" alt=\"Qu\u1ea3ng c\u00e1o d\u00e1n 4 c\u1eeda xe\" width=\"1030\" height=\"773\" srcset=\"https:\/\/shojiki.vn\/wp-content\/uploads\/2021\/06\/quangcaotaxi-1-1030x773.jpg 1030w, https:\/\/shojiki.vn\/wp-content\/uploads\/2021\/06\/quangcaotaxi-1-300x225.jpg 300w, https:\/\/shojiki.vn\/wp-content\/uploads\/2021\/06\/quangcaotaxi-1-768x576.jpg 768w, https:\/\/shojiki.vn\/wp-content\/uploads\/2021\/06\/quangcaotaxi-1-1536x1152.jpg 1536w, https:\/\/shojiki.vn\/wp-content\/uploads\/2021\/06\/quangcaotaxi-1-600x450.jpg 600w, https:\/\/shojiki.vn\/wp-content\/uploads\/2021\/06\/quangcaotaxi-1.jpg 2048w\" sizes=\"(max-width: 1030px) 100vw, 1030px\" \/><p id=\"caption-attachment-6296\" class=\"wp-caption-text\">Product information is shown briefly and impressively on the body of the Taxi<\/p><\/div>\n<h2><strong>Why choose the form of advertising Taxi?<\/strong><\/h2>\n<h3><strong>Get closer to potential customers<\/strong><\/h3>\n<p>Customers of taxi companies are potential businessmen, experts, office workers, etc. along with a large number of other road users will be able to access this ad. According to reviews, each passenger on average spends 30 minutes on each bus. Therefore, right from the moment you step into the car as well as throughout the journey, Taxi advertising will have an impact on images, messages as well as sound to customers by both active and passive.<\/p>\n<h3><strong>Increase brand awareness<\/strong><\/h3>\n<p>Information about products\/services is presented succinctly, concisely, creative designs placed in the most conspicuous places along with continuous repetition to help the brand spread widely.<\/p>\n<h3><strong>Easy to access even in remote areas<\/strong><\/h3>\n<p>Taxis often carry customers to move flexibly and easily to suburban areas, rural areas, etc. This market is also very potential for service advertising industries such as telecommunications networks, food, healthcare, etc. insurance, etc. In particular, advertising VinaSun Taxis, advertising Mai Linh Taxis, etc., or advertising with other taxi companies are convenient and effective in reaching these geographical locations.<\/p>\n<div id=\"attachment_6302\" style=\"width: 710px\" class=\"wp-caption aligncenter\"><img loading=\"lazy\" decoding=\"async\" aria-describedby=\"caption-attachment-6302\" class=\"size-full wp-image-6302\" src=\"https:\/\/shojiki.vn\/template\/uploads\/2021\/06\/quangcaotaxi_2-1.jpg\" alt=\"Qu\u1ea3ng c\u00e1o c\u1eeda xe v\u00e0 \u0111u\u00f4i xe\" width=\"700\" height=\"525\" srcset=\"https:\/\/shojiki.vn\/wp-content\/uploads\/2021\/06\/quangcaotaxi_2-1.jpg 700w, https:\/\/shojiki.vn\/wp-content\/uploads\/2021\/06\/quangcaotaxi_2-1-300x225.jpg 300w, https:\/\/shojiki.vn\/wp-content\/uploads\/2021\/06\/quangcaotaxi_2-1-600x450.jpg 600w\" sizes=\"(max-width: 700px) 100vw, 700px\" \/><p id=\"caption-attachment-6302\" class=\"wp-caption-text\">An effective form of advertising increases brand awareness.<\/p><\/div>\n<h2><strong>Support for other forms of advertising<\/strong><\/h2>\n<p>Taxi advertising combined with outdoor advertising, online advertising or other media campaigns will help communicate effectively for businesses, optimizing brand coverage. From there, the brand slowly goes deep into the customer&#8217;s mind, helping the business to have a better position.<\/p>\n<h2><strong>Some strengths of Taxi advertising<\/strong><\/h2>\n<ul>\n<li><strong>Mobility:<\/strong> Taxis operate in a wide area, without route restrictions like buses<\/li>\n<li><strong>Distance:<\/strong> Average 200km\/day<\/li>\n<li><strong>Hours of Operation:<\/strong> 24 hours\/day compared to about 12 hours\/day for buses<\/li>\n<li>In addition to the general advertising effect with passersby, advertising also focuses <strong>strongly<\/strong> on the set of users who get on the car, which is a high-income class.<\/li>\n<li><strong>The cost and time<\/strong> of advertising is more flexible than the type of billboards and buses<\/li>\n<\/ul>\n<h2><strong>Types of Taxi advertising<\/strong><\/h2>\n<h3><strong>Car rear door overflow stickers (most popular position today)<\/strong><\/h3>\n<div id=\"attachment_4278\" style=\"width: 1040px\" class=\"wp-caption aligncenter\"><img loading=\"lazy\" decoding=\"async\" aria-describedby=\"caption-attachment-4278\" class=\"wp-image-4278 size-large\" src=\"https:\/\/shojiki.vn\/template\/uploads\/2015\/04\/\u0110\u00e3-ch\u1ec9nh-vinasun-1030x687.jpg\" alt=\"\" width=\"1030\" height=\"687\" srcset=\"https:\/\/shojiki.vn\/wp-content\/uploads\/2015\/04\/\u0110\u00e3-ch\u1ec9nh-vinasun-1030x687.jpg 1030w, https:\/\/shojiki.vn\/wp-content\/uploads\/2015\/04\/\u0110\u00e3-ch\u1ec9nh-vinasun-300x200.jpg 300w, https:\/\/shojiki.vn\/wp-content\/uploads\/2015\/04\/\u0110\u00e3-ch\u1ec9nh-vinasun-768x512.jpg 768w, https:\/\/shojiki.vn\/wp-content\/uploads\/2015\/04\/\u0110\u00e3-ch\u1ec9nh-vinasun.jpg 1884w\" sizes=\"(max-width: 1030px) 100vw, 1030px\" \/><p id=\"caption-attachment-4278\" class=\"wp-caption-text\">Advertising Vinasun side door taxi, door glass sticker (2 types)<\/p><\/div>\n<p>This is the most common form of advertising that almost every taxi company accepts and businesses also choose it the most. The advertising position is at eye level so customers can easily observe and remember.<\/p>\n<h3><strong>Paste the back door to the end of the car<\/strong><\/h3>\n<div id=\"attachment_4286\" style=\"width: 1129px\" class=\"wp-caption aligncenter\"><img loading=\"lazy\" decoding=\"async\" aria-describedby=\"caption-attachment-4286\" class=\"size-full wp-image-4286\" src=\"https:\/\/shojiki.vn\/template\/uploads\/2015\/04\/tr\u00e0n-c\u1eeda-sau-\u0111u\u00f4i-xe.jpg\" alt=\"\" width=\"1119\" height=\"627\" srcset=\"https:\/\/shojiki.vn\/wp-content\/uploads\/2015\/04\/tr\u00e0n-c\u1eeda-sau-\u0111u\u00f4i-xe.jpg 1119w, https:\/\/shojiki.vn\/wp-content\/uploads\/2015\/04\/tr\u00e0n-c\u1eeda-sau-\u0111u\u00f4i-xe-300x168.jpg 300w, https:\/\/shojiki.vn\/wp-content\/uploads\/2015\/04\/tr\u00e0n-c\u1eeda-sau-\u0111u\u00f4i-xe-768x430.jpg 768w, https:\/\/shojiki.vn\/wp-content\/uploads\/2015\/04\/tr\u00e0n-c\u1eeda-sau-\u0111u\u00f4i-xe-1030x577.jpg 1030w\" sizes=\"(max-width: 1119px) 100vw, 1119px\" \/><p id=\"caption-attachment-4286\" class=\"wp-caption-text\">The position of the back door + rear of the car; Can be deployed on many car manufacturers; Features with the largest area on the vehicle<\/p><\/div>\n<p>This form of advertising is considered the most popular and used by many businesses today. Communication efficiency will increase because the large advertising area helps the brand convey more messages and images. The cost of this form will be higher than the form just pasted on the two rear doors.<\/p>\n<h3><strong>Glue 4 car doors<\/strong><\/h3>\n<div id=\"attachment_6299\" style=\"width: 710px\" class=\"wp-caption aligncenter\"><img loading=\"lazy\" decoding=\"async\" aria-describedby=\"caption-attachment-6299\" class=\"size-full wp-image-6299\" src=\"https:\/\/shojiki.vn\/template\/uploads\/2021\/06\/quangcaotaxi_1-1.jpg\" alt=\"Qu\u1ea3ng c\u00e1o xe Taxi\" width=\"700\" height=\"525\" srcset=\"https:\/\/shojiki.vn\/wp-content\/uploads\/2021\/06\/quangcaotaxi_1-1.jpg 700w, https:\/\/shojiki.vn\/wp-content\/uploads\/2021\/06\/quangcaotaxi_1-1-300x225.jpg 300w, https:\/\/shojiki.vn\/wp-content\/uploads\/2021\/06\/quangcaotaxi_1-1-600x450.jpg 600w\" sizes=\"(max-width: 700px) 100vw, 700px\" \/><p id=\"caption-attachment-6299\" class=\"wp-caption-text\">Qu\u1ea3ng c\u00e1o tr\u00ean ph\u01b0\u01a1ng ti\u1ec7n di chuy\u1ec3n v\u1eabn r\u1ea5t ph\u1ed5 bi\u1ebfn v\u00e0 hi\u1ec7u qu\u1ea3.<\/p><\/div>\n<p>With a large size, media publications will have more messages, more impressive images, and leave a bold brand impression in the minds of customers.<\/p>\n<h3><strong>Paste the position of the small doorway<\/strong><\/h3>\n<div id=\"attachment_4278\" style=\"width: 1040px\" class=\"wp-caption aligncenter\"><img loading=\"lazy\" decoding=\"async\" aria-describedby=\"caption-attachment-4278\" class=\"wp-image-4278 size-large\" src=\"https:\/\/shojiki.vn\/template\/uploads\/2015\/04\/\u0110\u00e3-ch\u1ec9nh-vinasun-1030x687.jpg\" alt=\"\" width=\"1030\" height=\"687\" srcset=\"https:\/\/shojiki.vn\/wp-content\/uploads\/2015\/04\/\u0110\u00e3-ch\u1ec9nh-vinasun-1030x687.jpg 1030w, https:\/\/shojiki.vn\/wp-content\/uploads\/2015\/04\/\u0110\u00e3-ch\u1ec9nh-vinasun-300x200.jpg 300w, https:\/\/shojiki.vn\/wp-content\/uploads\/2015\/04\/\u0110\u00e3-ch\u1ec9nh-vinasun-768x512.jpg 768w, https:\/\/shojiki.vn\/wp-content\/uploads\/2015\/04\/\u0110\u00e3-ch\u1ec9nh-vinasun.jpg 1884w\" sizes=\"(max-width: 1030px) 100vw, 1030px\" \/><p id=\"caption-attachment-4278\" class=\"wp-caption-text\">Advertising Vinasun side door taxi, door glass sticker (2 types)<\/p><\/div>\n<p>This form of cost is quite low, so it is also used by many businesses, helping to communicate more for the brand at a low cost. The advertising image will be pasted on the small triangular or quadrilateral glass on the side of the vehicle.<\/p>\n<h3><strong>Stickers on the rear glass of the car<\/strong><\/h3>\n<p><img loading=\"lazy\" decoding=\"async\" class=\"size-full wp-image-3822\" src=\"https:\/\/shojiki.vn\/template\/uploads\/2015\/04\/kinhsauxe.jpg\" alt=\"\" width=\"280\" height=\"214\" \/><\/p>\n<p>This form has similar characteristics to the position of a small window, an advertisement with brief information will be pasted on the rear glass of the car.<\/p>\n<h3><strong>Position behind the seat<\/strong><\/h3>\n<div id=\"attachment_4290\" style=\"width: 773px\" class=\"wp-caption aligncenter\"><img loading=\"lazy\" decoding=\"async\" aria-describedby=\"caption-attachment-4290\" class=\"size-full wp-image-4290\" src=\"https:\/\/shojiki.vn\/template\/uploads\/2015\/04\/Tui-nhua-1.jpg\" alt=\"\" width=\"763\" height=\"529\" srcset=\"https:\/\/shojiki.vn\/wp-content\/uploads\/2015\/04\/Tui-nhua-1.jpg 763w, https:\/\/shojiki.vn\/wp-content\/uploads\/2015\/04\/Tui-nhua-1-300x208.jpg 300w\" sizes=\"(max-width: 763px) 100vw, 763px\" \/><p id=\"caption-attachment-4290\" class=\"wp-caption-text\">Advertisement of hanging bags inside taxis, available with most taxi companies; Flyers can be combined<\/p><\/div>\n<p>The form of advertising on the back of the car seat is designed in the form of a leaflet hanging bag; Advertising posters set the right vision and reach directly to customers.<\/p>\n<h3><strong>Side glass overflow stickers<\/strong><\/h3>\n<p><img loading=\"lazy\" decoding=\"async\" class=\"size-full wp-image-3820\" src=\"https:\/\/shojiki.vn\/template\/uploads\/2015\/04\/trankinhhong.jpg\" alt=\"\" width=\"300\" height=\"267\" \/><\/p>\n<h3><strong>Advertising Led\/LCD screen on the back of the car seat<\/strong><\/h3>\n<p>This form has been deployed by most of the taxi companies; Bring a new experience in the process of riding. With 5, 10, and 15 minute TVCs, both help customers relax and bring high marketing efficiency.<\/p>\n<p><img loading=\"lazy\" decoding=\"async\" class=\"aligncenter size-full wp-image-5178\" src=\"https:\/\/shojiki.vn\/template\/uploads\/2021\/02\/Tablet-taxi-2.jpg\" alt=\"\" width=\"639\" height=\"483\" srcset=\"https:\/\/shojiki.vn\/wp-content\/uploads\/2021\/02\/Tablet-taxi-2.jpg 639w, https:\/\/shojiki.vn\/wp-content\/uploads\/2021\/02\/Tablet-taxi-2-300x227.jpg 300w\" sizes=\"(max-width: 639px) 100vw, 639px\" \/><\/p>\n<h2><strong>Prestigious Taxi advertising supplier and construction unit in Vietnam<\/strong><\/h2>\n<p>To choose a reputable unit to advertise taxis; Customers will not help but hesitate when in the market there are many units providing this service. We would like to give some criteria that you can consider to choose the right ad unit.<\/p>\n<p>The unit has experience: How effective are the advertising campaigns that the unit has implemented; What vehicle to cooperate with, what support services to provide, etc. From there, it is possible to evaluate the experience and capacity of the unit that wants to cooperate.<br \/>\nReputable unit: Refer to the information of the advertising unit; warranty policy, discount policy; incentives, reviews of customers or partners, etc. From there, you can see the level of prestige that the company has in the market.<br \/>\nSHOJIKI is an advertising company with many years of experience in implementing outdoor advertising campaigns in general and taxi advertising in particular in Vietnam. We have familiar cooperation with large and popular taxi companies such as Taxi VinaSun; Taxi Mai Linh, Taxi Grab\u2026 Certified with credibility by trust; success of hundreds of domestic and international enterprises.<\/p>\n<p>If you have a need to <strong>advertise Taxis in Hanoi, advertise Taxis in Ho Chi Minh and even all other provinces<\/strong>, you can contact us for dedicated advice and quotation. free of charge.<\/p>\n<h2><strong>How do your ads appear on Taxis?<\/strong><\/h2>\n<p><a href=\"https:\/\/shojiki.vn\/en\"><span style=\"color: #ff6600;\">SHOJIKI Advertising Joint Stock<\/span><\/a>\u00a0Company \u2013 is proud to be one of the leading advertising agencies in Vietnam. We are committed to bringing you the most prestigious and effective advertising service along with:<\/p>\n<p>Support service\u00a0<strong>GENERAL CONSULTATION<\/strong>\u00a0of advertising strategies<br \/>\n<strong>SUPPORT SERVICE FOR DESIGNING<\/strong>\u00a0content, advertising images<br \/>\nThe construction team deploys the advertisement\u00a0<strong>FAST<\/strong>\u00a0and\u00a0<strong>ONLY<\/strong><br \/>\n<strong>WARRANTY<\/strong>\u00a0mode for the duration of the campaign<br \/>\nAttractive\u00a0<strong>DISCOUNTS<\/strong>\u00a0and\u00a0<strong>SALES<\/strong>\u00a0for customers<br \/>\nIn addition, you can learn more about our other forms of outdoor advertising:<\/p>\n<p><span style=\"color: #ff6600;\"><a style=\"color: #ff6600;\" href=\"https:\/\/shojiki.vn\/en\/led-screen-advertising\">Outdoor LED Display<\/a><\/span><br \/>\n<span style=\"color: #ff6600;\"><a style=\"color: #ff6600;\" href=\"https:\/\/shojiki.vn\/en\/billboard\">Signboards, billboards, panels<\/a><\/span><br \/>\nAirplane advertising<br \/>\nService of gluing ads on taxis<br \/>\nBus<br \/>\nSuper app Grab Ads<br \/>\nAdvertisement at gas station<br \/>\nGrocery store<br \/>\nYou can survey prices and buy signs online at:\u00a0<span style=\"color: #ff6600;\"><a style=\"color: #ff6600;\" href=\"https:\/\/ooh.com.vn\/\">WikiOOH<\/a><\/span><br \/>\nWe measure the effectiveness of your outdoor advertising at:\u00a0<span style=\"color: #ff6600;\"><a style=\"color: #ff6600;\" href=\"https:\/\/compasstech.asia\/en\/\">Compass Tech<\/a><\/span><\/p>\n","protected":false},"excerpt":{"rendered":"<p>What is Taxi Advertising? Taxi advertising is a form of outdoor advertising (OOH) that applies advertising on vehicles, here specifically, Taxis. Decals advertising the brand, media content will be pasted on different positions of the taxi, bringing brand images and products to reach countless customers. Instead of advertising on monotonous billboards or banners, you can&hellip;<\/p>\n","protected":false},"author":1,"featured_media":6305,"parent":209,"menu_order":0,"comment_status":"closed","ping_status":"closed","template":"","meta":{"_acf_changed":false,"footnotes":""},"class_list":["post-217","page","type-page","status-publish","has-post-thumbnail","hentry","description-off"],"acf":[],"yoast_head":"<!-- This site is optimized with the Yoast SEO plugin v25.6 - https:\/\/yoast.com\/wordpress\/plugins\/seo\/ -->\n<title>Vietnam taxi advertising on Mai Linh taxi, Vinasun taxi, Grab car, Be car<\/title>\n<meta name=\"description\" content=\"Advertising on rear quarter glass, taxi front seats, back glass,... Shojiki cooperates with many brands such as Mai Linh, Vinasun, Grad, Be\" \/>\n<meta name=\"robots\" content=\"index, follow, max-snippet:-1, max-image-preview:large, max-video-preview:-1\" \/>\n<link rel=\"canonical\" href=\"https:\/\/shojiki.vn\/en\/offline-advertising\/taxi-advertising\" \/>\n<meta property=\"og:locale\" content=\"en_US\" \/>\n<meta property=\"og:type\" content=\"article\" \/>\n<meta property=\"og:title\" content=\"Vietnam taxi advertising on Mai Linh taxi, Vinasun taxi, Grab car, Be car\" \/>\n<meta property=\"og:description\" content=\"Advertising on rear quarter glass, taxi front seats, back glass,... Shojiki cooperates with many brands such as Mai Linh, Vinasun, Grad, Be\" \/>\n<meta property=\"og:url\" content=\"https:\/\/shojiki.vn\/en\/offline-advertising\/taxi-advertising\" \/>\n<meta property=\"og:site_name\" content=\"Shojiki.vn\" \/>\n<meta property=\"article:modified_time\" content=\"2022-02-28T09:28:08+00:00\" \/>\n<meta property=\"og:image\" content=\"https:\/\/shojiki.vn\/template\/uploads\/2021\/06\/quangcaotaxi_thum.jpg\" \/>\n\t<meta property=\"og:image:width\" content=\"1600\" \/>\n\t<meta property=\"og:image:height\" content=\"900\" \/>\n\t<meta property=\"og:image:type\" content=\"image\/jpeg\" \/>\n<meta name=\"twitter:label1\" content=\"Est. reading time\" \/>\n\t<meta name=\"twitter:data1\" content=\"9 minutes\" \/>\n<script type=\"application\/ld+json\" class=\"yoast-schema-graph\">{\"@context\":\"https:\/\/schema.org\",\"@graph\":[{\"@type\":\"WebPage\",\"@id\":\"https:\/\/shojiki.vn\/en\/offline-advertising\/taxi-advertising\",\"url\":\"https:\/\/shojiki.vn\/en\/offline-advertising\/taxi-advertising\",\"name\":\"Vietnam taxi advertising on Mai Linh taxi, Vinasun taxi, Grab car, Be car\",\"isPartOf\":{\"@id\":\"https:\/\/shojiki.vn\/#website\"},\"primaryImageOfPage\":{\"@id\":\"https:\/\/shojiki.vn\/en\/offline-advertising\/taxi-advertising#primaryimage\"},\"image\":{\"@id\":\"https:\/\/shojiki.vn\/en\/offline-advertising\/taxi-advertising#primaryimage\"},\"thumbnailUrl\":\"https:\/\/shojiki.vn\/wp-content\/uploads\/2021\/06\/quangcaotaxi_thum.jpg\",\"datePublished\":\"2015-04-16T10:08:51+00:00\",\"dateModified\":\"2022-02-28T09:28:08+00:00\",\"description\":\"Advertising on rear quarter glass, taxi front seats, back glass,... Shojiki cooperates with many brands such as Mai Linh, Vinasun, Grad, Be\",\"breadcrumb\":{\"@id\":\"https:\/\/shojiki.vn\/en\/offline-advertising\/taxi-advertising#breadcrumb\"},\"inLanguage\":\"en-US\",\"potentialAction\":[{\"@type\":\"ReadAction\",\"target\":[\"https:\/\/shojiki.vn\/en\/offline-advertising\/taxi-advertising\"]}]},{\"@type\":\"ImageObject\",\"inLanguage\":\"en-US\",\"@id\":\"https:\/\/shojiki.vn\/en\/offline-advertising\/taxi-advertising#primaryimage\",\"url\":\"https:\/\/shojiki.vn\/wp-content\/uploads\/2021\/06\/quangcaotaxi_thum.jpg\",\"contentUrl\":\"https:\/\/shojiki.vn\/wp-content\/uploads\/2021\/06\/quangcaotaxi_thum.jpg\",\"width\":1600,\"height\":900,\"caption\":\"Qu\u1ea3ng c\u00e1o Taxi\"},{\"@type\":\"BreadcrumbList\",\"@id\":\"https:\/\/shojiki.vn\/en\/offline-advertising\/taxi-advertising#breadcrumb\",\"itemListElement\":[{\"@type\":\"ListItem\",\"position\":1,\"name\":\"Home\",\"item\":\"https:\/\/shojiki.vn\/en\"},{\"@type\":\"ListItem\",\"position\":2,\"name\":\"Offline Advertising\",\"item\":\"https:\/\/shojiki.vn\/en\/offline-advertising\"},{\"@type\":\"ListItem\",\"position\":3,\"name\":\"Taxi Advertising\"}]},{\"@type\":\"WebSite\",\"@id\":\"https:\/\/shojiki.vn\/#website\",\"url\":\"https:\/\/shojiki.vn\/\",\"name\":\"Shojiki.vn\",\"description\":\"\",\"potentialAction\":[{\"@type\":\"SearchAction\",\"target\":{\"@type\":\"EntryPoint\",\"urlTemplate\":\"https:\/\/shojiki.vn\/?s={search_term_string}\"},\"query-input\":{\"@type\":\"PropertyValueSpecification\",\"valueRequired\":true,\"valueName\":\"search_term_string\"}}],\"inLanguage\":\"en-US\"}]}<\/script>\n<!-- \/ Yoast SEO plugin. -->","yoast_head_json":{"title":"Vietnam taxi advertising on Mai Linh taxi, Vinasun taxi, Grab car, Be car","description":"Advertising on rear quarter glass, taxi front seats, back glass,... Shojiki cooperates with many brands such as Mai Linh, Vinasun, Grad, Be","robots":{"index":"index","follow":"follow","max-snippet":"max-snippet:-1","max-image-preview":"max-image-preview:large","max-video-preview":"max-video-preview:-1"},"canonical":"https:\/\/shojiki.vn\/en\/offline-advertising\/taxi-advertising","og_locale":"en_US","og_type":"article","og_title":"Vietnam taxi advertising on Mai Linh taxi, Vinasun taxi, Grab car, Be car","og_description":"Advertising on rear quarter glass, taxi front seats, back glass,... Shojiki cooperates with many brands such as Mai Linh, Vinasun, Grad, Be","og_url":"https:\/\/shojiki.vn\/en\/offline-advertising\/taxi-advertising","og_site_name":"Shojiki.vn","article_modified_time":"2022-02-28T09:28:08+00:00","og_image":[{"width":1600,"height":900,"url":"https:\/\/shojiki.vn\/template\/uploads\/2021\/06\/quangcaotaxi_thum.jpg","type":"image\/jpeg"}],"twitter_misc":{"Est. reading time":"9 minutes"},"schema":{"@context":"https:\/\/schema.org","@graph":[{"@type":"WebPage","@id":"https:\/\/shojiki.vn\/en\/offline-advertising\/taxi-advertising","url":"https:\/\/shojiki.vn\/en\/offline-advertising\/taxi-advertising","name":"Vietnam taxi advertising on Mai Linh taxi, Vinasun taxi, Grab car, Be car","isPartOf":{"@id":"https:\/\/shojiki.vn\/#website"},"primaryImageOfPage":{"@id":"https:\/\/shojiki.vn\/en\/offline-advertising\/taxi-advertising#primaryimage"},"image":{"@id":"https:\/\/shojiki.vn\/en\/offline-advertising\/taxi-advertising#primaryimage"},"thumbnailUrl":"https:\/\/shojiki.vn\/wp-content\/uploads\/2021\/06\/quangcaotaxi_thum.jpg","datePublished":"2015-04-16T10:08:51+00:00","dateModified":"2022-02-28T09:28:08+00:00","description":"Advertising on rear quarter glass, taxi front seats, back glass,... Shojiki cooperates with many brands such as Mai Linh, Vinasun, Grad, Be","breadcrumb":{"@id":"https:\/\/shojiki.vn\/en\/offline-advertising\/taxi-advertising#breadcrumb"},"inLanguage":"en-US","potentialAction":[{"@type":"ReadAction","target":["https:\/\/shojiki.vn\/en\/offline-advertising\/taxi-advertising"]}]},{"@type":"ImageObject","inLanguage":"en-US","@id":"https:\/\/shojiki.vn\/en\/offline-advertising\/taxi-advertising#primaryimage","url":"https:\/\/shojiki.vn\/wp-content\/uploads\/2021\/06\/quangcaotaxi_thum.jpg","contentUrl":"https:\/\/shojiki.vn\/wp-content\/uploads\/2021\/06\/quangcaotaxi_thum.jpg","width":1600,"height":900,"caption":"Qu\u1ea3ng c\u00e1o Taxi"},{"@type":"BreadcrumbList","@id":"https:\/\/shojiki.vn\/en\/offline-advertising\/taxi-advertising#breadcrumb","itemListElement":[{"@type":"ListItem","position":1,"name":"Home","item":"https:\/\/shojiki.vn\/en"},{"@type":"ListItem","position":2,"name":"Offline Advertising","item":"https:\/\/shojiki.vn\/en\/offline-advertising"},{"@type":"ListItem","position":3,"name":"Taxi Advertising"}]},{"@type":"WebSite","@id":"https:\/\/shojiki.vn\/#website","url":"https:\/\/shojiki.vn\/","name":"Shojiki.vn","description":"","potentialAction":[{"@type":"SearchAction","target":{"@type":"EntryPoint","urlTemplate":"https:\/\/shojiki.vn\/?s={search_term_string}"},"query-input":{"@type":"PropertyValueSpecification","valueRequired":true,"valueName":"search_term_string"}}],"inLanguage":"en-US"}]}},"_links":{"self":[{"href":"https:\/\/shojiki.vn\/en\/wp-json\/wp\/v2\/pages\/217"}],"collection":[{"href":"https:\/\/shojiki.vn\/en\/wp-json\/wp\/v2\/pages"}],"about":[{"href":"https:\/\/shojiki.vn\/en\/wp-json\/wp\/v2\/types\/page"}],"author":[{"embeddable":true,"href":"https:\/\/shojiki.vn\/en\/wp-json\/wp\/v2\/users\/1"}],"replies":[{"embeddable":true,"href":"https:\/\/shojiki.vn\/en\/wp-json\/wp\/v2\/comments?post=217"}],"version-history":[{"count":12,"href":"https:\/\/shojiki.vn\/en\/wp-json\/wp\/v2\/pages\/217\/revisions"}],"predecessor-version":[{"id":11318,"href":"https:\/\/shojiki.vn\/en\/wp-json\/wp\/v2\/pages\/217\/revisions\/11318"}],"up":[{"embeddable":true,"href":"https:\/\/shojiki.vn\/en\/wp-json\/wp\/v2\/pages\/209"}],"wp:featuredmedia":[{"embeddable":true,"href":"https:\/\/shojiki.vn\/en\/wp-json\/wp\/v2\/media\/6305"}],"wp:attachment":[{"href":"https:\/\/shojiki.vn\/en\/wp-json\/wp\/v2\/media?parent=217"}],"curies":[{"name":"wp","href":"https:\/\/api.w.org\/{rel}","templated":true}]}}