{"id":209,"date":"2015-04-16T17:00:55","date_gmt":"2015-04-16T10:00:55","guid":{"rendered":"http:\/\/localhost:8081\/quangcaotramxang\/?page_id=209"},"modified":"2018-03-27T10:30:44","modified_gmt":"2018-03-27T03:30:44","slug":"offline-advertising","status":"publish","type":"page","link":"https:\/\/shojiki.vn\/en\/offline-advertising","title":{"rendered":"Offline Advertising"},"content":{"rendered":"<div class=\"wpb-content-wrapper\"><p>[vc_row margin_top=&#8221;0&#8243; margin_bottom=&#8221;0&#8243;][vc_column width=&#8221;1\/3&#8243;]<section class=\"shortcode-teaser img-full frame-fancy frame-on text-centered\"><div class=\"shortcode-teaser-img\"><a class=\"layzr-bg rollover\" href=\"http:\/\/shojiki.vn\/en\/offline-advertising\/taxi-advertising\"><img loading=\"lazy\" decoding=\"async\" class=\"lazy-load\" src=\"data:image\/svg+xml;charset=utf-8,%3Csvg xmlns%3D&#039;http%3A%2F%2Fwww.w3.org%2F2000%2Fsvg&#039; viewBox%3D&#039;0 0 900 500&#039;%2F%3E\" width=\"900\" height=\"500\" data-srcset=\"https:\/\/shojiki.vn\/wp-content\/uploads\/2015\/04\/qc_taxi.png 900w\" data-src=\"https:\/\/shojiki.vn\/wp-content\/uploads\/2015\/04\/qc_taxi.png\" \/><\/a><\/div><div class=\"shortcode-teaser-content text-normal\"><h5>Taxi Advertising<\/h5>\n<\/div><\/section>[\/vc_column][vc_column width=&#8221;1\/3&#8243;]<section class=\"shortcode-teaser img-full frame-fancy frame-on text-centered\"><div class=\"shortcode-teaser-img\"><a class=\"layzr-bg rollover\" href=\"http:\/\/shojiki.vn\/en\/offline-advertising\/bus-advertising\"><img loading=\"lazy\" decoding=\"async\" class=\"lazy-load\" src=\"data:image\/svg+xml;charset=utf-8,%3Csvg xmlns%3D&#039;http%3A%2F%2Fwww.w3.org%2F2000%2Fsvg&#039; viewBox%3D&#039;0 0 1000 700&#039;%2F%3E\" width=\"1000\" height=\"700\" data-srcset=\"https:\/\/shojiki.vn\/wp-content\/themes\/dt-the7\/images\/noimage.jpg 1000w\" data-src=\"https:\/\/shojiki.vn\/wp-content\/themes\/dt-the7\/images\/noimage.jpg\" \/><\/a><\/div><div class=\"shortcode-teaser-content text-normal\"><h5>Bus Advertising<\/h5>\n<\/div><\/section>[\/vc_column][vc_column width=&#8221;1\/3&#8243;]<section class=\"shortcode-teaser img-full frame-fancy frame-on text-centered\"><div class=\"shortcode-teaser-img\"><a class=\"layzr-bg rollover\" href=\"http:\/\/shojiki.vn\/en\/offline-advertising\/advertising-at-gas-station\"><img loading=\"lazy\" decoding=\"async\" class=\"lazy-load\" src=\"data:image\/svg+xml;charset=utf-8,%3Csvg xmlns%3D&#039;http%3A%2F%2Fwww.w3.org%2F2000%2Fsvg&#039; viewBox%3D&#039;0 0 401 236&#039;%2F%3E\" width=\"401\" height=\"236\" data-srcset=\"https:\/\/shojiki.vn\/wp-content\/uploads\/2015\/04\/tram-xang-e1522122177340.jpg 401w\" data-src=\"https:\/\/shojiki.vn\/wp-content\/uploads\/2015\/04\/tram-xang-e1522122177340.jpg\" \/><\/a><\/div><div class=\"shortcode-teaser-content text-normal\"><h5>Advertising at Gas Station<\/h5>\n<\/div><\/section>[\/vc_column][\/vc_row][vc_row margin_top=&#8221;0&#8243; margin_bottom=&#8221;0&#8243;][vc_column width=&#8221;1\/3&#8243;]<section class=\"shortcode-teaser img-full frame-fancy frame-on text-centered\"><div class=\"shortcode-teaser-img\"><a class=\"layzr-bg rollover\" href=\"http:\/\/shojiki.vn\/en\/offline-advertising\/billboard\"><img loading=\"lazy\" decoding=\"async\" class=\"lazy-load\" src=\"data:image\/svg+xml;charset=utf-8,%3Csvg xmlns%3D&#039;http%3A%2F%2Fwww.w3.org%2F2000%2Fsvg&#039; viewBox%3D&#039;0 0 677 507&#039;%2F%3E\" width=\"677\" height=\"507\" alt=\"dongnai\" data-srcset=\"https:\/\/shojiki.vn\/wp-content\/uploads\/2015\/04\/dongnai.jpg 677w\" data-src=\"https:\/\/shojiki.vn\/wp-content\/uploads\/2015\/04\/dongnai.jpg\" \/><\/a><\/div><div class=\"shortcode-teaser-content text-normal\"><h5>BillBoard<\/h5>\n<\/div><\/section>[\/vc_column][vc_column width=&#8221;1\/3&#8243;]<section class=\"shortcode-teaser img-full frame-fancy frame-on text-centered\"><div class=\"shortcode-teaser-img\"><a class=\"layzr-bg rollover\" href=\"http:\/\/shojiki.vn\/en\/offline-advertising\/airplane-advertising\"><img loading=\"lazy\" decoding=\"async\" class=\"lazy-load\" src=\"data:image\/svg+xml;charset=utf-8,%3Csvg xmlns%3D&#039;http%3A%2F%2Fwww.w3.org%2F2000%2Fsvg&#039; viewBox%3D&#039;0 0 480 344&#039;%2F%3E\" width=\"480\" height=\"344\" alt=\"maybay-napkhoanghanhly\" data-srcset=\"https:\/\/shojiki.vn\/wp-content\/uploads\/2015\/04\/maybay-napkhoanghanhly.png 480w\" data-src=\"https:\/\/shojiki.vn\/wp-content\/uploads\/2015\/04\/maybay-napkhoanghanhly.png\" \/><\/a><\/div><div class=\"shortcode-teaser-content text-normal\"><h5>Airplane\u00a0Advertising<\/h5>\n<\/div><\/section>[\/vc_column][vc_column width=&#8221;1\/3&#8243;]<section class=\"shortcode-teaser img-full frame-fancy frame-on text-centered\"><div class=\"shortcode-teaser-img\"><a class=\"layzr-bg rollover\" href=\"http:\/\/shojiki.vn\/en\/offline-advertising\/airport-advertising\"><img loading=\"lazy\" decoding=\"async\" class=\"lazy-load\" src=\"data:image\/svg+xml;charset=utf-8,%3Csvg xmlns%3D&#039;http%3A%2F%2Fwww.w3.org%2F2000%2Fsvg&#039; viewBox%3D&#039;0 0 900 675&#039;%2F%3E\" width=\"900\" height=\"675\" alt=\"Qu\u1ea3ng c\u00e1o b\u1ea3ng LED k\u00edch th\u01b0\u1edbc l\u1edbn\" data-srcset=\"https:\/\/shojiki.vn\/wp-content\/uploads\/2016\/05\/IMG_1368.jpg 900w\" data-src=\"https:\/\/shojiki.vn\/wp-content\/uploads\/2016\/05\/IMG_1368.jpg\" \/><\/a><\/div><div class=\"shortcode-teaser-content text-normal\"><h5>Airport advertising<\/h5>\n<\/div><\/section>[\/vc_column][\/vc_row][vc_row margin_top=&#8221;0&#8243; margin_bottom=&#8221;0&#8243;][vc_column width=&#8221;1\/3&#8243;]<section class=\"shortcode-teaser img-full frame-fancy frame-on text-centered\"><div class=\"shortcode-teaser-img\"><a class=\"layzr-bg rollover\" href=\"http:\/\/shojiki.vn\/en\/offline-advertising\/holobox-2\"><img loading=\"lazy\" decoding=\"async\" class=\"lazy-load\" src=\"data:image\/svg+xml;charset=utf-8,%3Csvg xmlns%3D&#039;http%3A%2F%2Fwww.w3.org%2F2000%2Fsvg&#039; viewBox%3D&#039;0 0 900 500&#039;%2F%3E\" width=\"900\" height=\"500\" data-srcset=\"https:\/\/shojiki.vn\/wp-content\/uploads\/2015\/04\/holobox.jpg 900w\" data-src=\"https:\/\/shojiki.vn\/wp-content\/uploads\/2015\/04\/holobox.jpg\" \/><\/a><\/div><div class=\"shortcode-teaser-content text-normal\"><h5>Holobox<\/h5>\n<\/div><\/section>[\/vc_column][vc_column width=&#8221;1\/3&#8243;]<section class=\"shortcode-teaser img-full frame-fancy frame-on text-centered\"><div class=\"shortcode-teaser-img\"><a class=\"layzr-bg rollover\" href=\"http:\/\/shojiki.vn\/en\/offline-advertising\/electro-bike-kino-mo-display\"><img loading=\"lazy\" decoding=\"async\" class=\"lazy-load\" src=\"data:image\/svg+xml;charset=utf-8,%3Csvg xmlns%3D&#039;http%3A%2F%2Fwww.w3.org%2F2000%2Fsvg&#039; viewBox%3D&#039;0 0 900 500&#039;%2F%3E\" width=\"900\" height=\"500\" data-srcset=\"https:\/\/shojiki.vn\/wp-content\/uploads\/2015\/04\/qc_xedap.png 900w\" data-src=\"https:\/\/shojiki.vn\/wp-content\/uploads\/2015\/04\/qc_xedap.png\" \/><\/a><\/div><div class=\"shortcode-teaser-content text-normal\"><h5>Electro Bike<\/h5>\n<\/div><\/section>[\/vc_column][vc_column width=&#8221;1\/3&#8243;]<section class=\"shortcode-teaser img-full frame-fancy frame-on text-centered\"><div class=\"shortcode-teaser-img\"><a class=\"layzr-bg rollover\" href=\"http:\/\/shojiki.vn\/en\/offline-advertising\/pop-point-of-purchase\"><img loading=\"lazy\" decoding=\"async\" class=\"lazy-load\" src=\"data:image\/svg+xml;charset=utf-8,%3Csvg xmlns%3D&#039;http%3A%2F%2Fwww.w3.org%2F2000%2Fsvg&#039; viewBox%3D&#039;0 0 1326 911&#039;%2F%3E\" width=\"1326\" height=\"911\" alt=\"H\u1ed9p \u0111\u00e8n \u00e9p n\u1ed5i k\u00eanh si\u00eau th\u1ecb\" data-srcset=\"https:\/\/shojiki.vn\/wp-content\/uploads\/2015\/04\/hop-den-ep-noi-6.jpg 1326w\" data-src=\"https:\/\/shojiki.vn\/wp-content\/uploads\/2015\/04\/hop-den-ep-noi-6.jpg\" \/><\/a><\/div><div class=\"shortcode-teaser-content text-normal\"><h5>POP ( Point of Purchase )<\/h5>\n<\/div><\/section>[\/vc_column][\/vc_row][vc_row margin_top=&#8221;20&#8243; margin_bottom=&#8221;0&#8243;][vc_column width=&#8221;1\/3&#8243;]<section class=\"shortcode-teaser img-full frame-fancy frame-on text-centered\"><div class=\"shortcode-teaser-img\"><a class=\"layzr-bg rollover\" href=\"http:\/\/shojiki.vn\/en\/offline-advertising\/the-sushi-bar-ad\"><img loading=\"lazy\" decoding=\"async\" class=\"lazy-load\" src=\"data:image\/svg+xml;charset=utf-8,%3Csvg xmlns%3D&#039;http%3A%2F%2Fwww.w3.org%2F2000%2Fsvg&#039; viewBox%3D&#039;0 0 1271 953&#039;%2F%3E\" width=\"1271\" height=\"953\" data-srcset=\"https:\/\/shojiki.vn\/wp-content\/uploads\/2015\/06\/sushibarad1.jpg 1271w\" data-src=\"https:\/\/shojiki.vn\/wp-content\/uploads\/2015\/06\/sushibarad1.jpg\" \/><\/a><\/div><div class=\"shortcode-teaser-content text-normal\"><h5>The Sushi Bar Ad<\/h5>\n<\/div><\/section>[\/vc_column][vc_column width=&#8221;1\/3&#8243;][\/vc_column][vc_column width=&#8221;1\/3&#8243;][\/vc_column][\/vc_row]<\/p>\n<\/div>","protected":false},"excerpt":{"rendered":"<p>[vc_row margin_top=&#8221;0&#8243; margin_bottom=&#8221;0&#8243;][vc_column width=&#8221;1\/3&#8243;][\/vc_column][vc_column width=&#8221;1\/3&#8243;][\/vc_column][vc_column width=&#8221;1\/3&#8243;][\/vc_column][\/vc_row][vc_row margin_top=&#8221;0&#8243; margin_bottom=&#8221;0&#8243;][vc_column width=&#8221;1\/3&#8243;][\/vc_column][vc_column width=&#8221;1\/3&#8243;][\/vc_column][vc_column width=&#8221;1\/3&#8243;][\/vc_column][\/vc_row][vc_row margin_top=&#8221;0&#8243; margin_bottom=&#8221;0&#8243;][vc_column width=&#8221;1\/3&#8243;][\/vc_column][vc_column width=&#8221;1\/3&#8243;][\/vc_column][vc_column width=&#8221;1\/3&#8243;][\/vc_column][\/vc_row][vc_row margin_top=&#8221;20&#8243; margin_bottom=&#8221;0&#8243;][vc_column width=&#8221;1\/3&#8243;][\/vc_column][vc_column width=&#8221;1\/3&#8243;][\/vc_column][vc_column width=&#8221;1\/3&#8243;][\/vc_column][\/vc_row]<\/p>\n","protected":false},"author":1,"featured_media":0,"parent":0,"menu_order":0,"comment_status":"closed","ping_status":"closed","template":"","meta":{"_acf_changed":false,"footnotes":""},"class_list":["post-209","page","type-page","status-publish","hentry","description-off"],"acf":[],"yoast_head":"<!-- This site is optimized with the Yoast SEO plugin v25.6 - https:\/\/yoast.com\/wordpress\/plugins\/seo\/ -->\n<title>Offline Advertising - Shojiki.vn<\/title>\n<meta name=\"description\" content=\"Taxi advertising - Billboard - Airplane advertising - Airport advertising - Bus advertising - POP\" \/>\n<meta name=\"robots\" content=\"index, follow, max-snippet:-1, max-image-preview:large, max-video-preview:-1\" \/>\n<link rel=\"canonical\" href=\"https:\/\/shojiki.vn\/en\/offline-advertising\" \/>\n<meta property=\"og:locale\" content=\"en_US\" \/>\n<meta property=\"og:type\" content=\"article\" \/>\n<meta property=\"og:title\" content=\"Offline Advertising - Shojiki.vn\" \/>\n<meta property=\"og:description\" content=\"Taxi advertising - Billboard - Airplane advertising - Airport advertising - Bus advertising - POP\" \/>\n<meta property=\"og:url\" content=\"https:\/\/shojiki.vn\/en\/offline-advertising\" \/>\n<meta property=\"og:site_name\" content=\"Shojiki.vn\" \/>\n<meta property=\"article:modified_time\" content=\"2018-03-27T03:30:44+00:00\" \/>\n<meta name=\"twitter:label1\" content=\"Est. reading time\" \/>\n\t<meta name=\"twitter:data1\" content=\"2 minutes\" \/>\n<script type=\"application\/ld+json\" class=\"yoast-schema-graph\">{\"@context\":\"https:\/\/schema.org\",\"@graph\":[{\"@type\":\"WebPage\",\"@id\":\"https:\/\/shojiki.vn\/en\/offline-advertising\",\"url\":\"https:\/\/shojiki.vn\/en\/offline-advertising\",\"name\":\"Offline Advertising - Shojiki.vn\",\"isPartOf\":{\"@id\":\"https:\/\/shojiki.vn\/#website\"},\"datePublished\":\"2015-04-16T10:00:55+00:00\",\"dateModified\":\"2018-03-27T03:30:44+00:00\",\"description\":\"Taxi advertising - Billboard - Airplane advertising - Airport advertising - Bus advertising - POP\",\"breadcrumb\":{\"@id\":\"https:\/\/shojiki.vn\/en\/offline-advertising#breadcrumb\"},\"inLanguage\":\"en-US\",\"potentialAction\":[{\"@type\":\"ReadAction\",\"target\":[\"https:\/\/shojiki.vn\/en\/offline-advertising\"]}]},{\"@type\":\"BreadcrumbList\",\"@id\":\"https:\/\/shojiki.vn\/en\/offline-advertising#breadcrumb\",\"itemListElement\":[{\"@type\":\"ListItem\",\"position\":1,\"name\":\"Home\",\"item\":\"https:\/\/shojiki.vn\/en\"},{\"@type\":\"ListItem\",\"position\":2,\"name\":\"Offline Advertising\"}]},{\"@type\":\"WebSite\",\"@id\":\"https:\/\/shojiki.vn\/#website\",\"url\":\"https:\/\/shojiki.vn\/\",\"name\":\"Shojiki.vn\",\"description\":\"\",\"potentialAction\":[{\"@type\":\"SearchAction\",\"target\":{\"@type\":\"EntryPoint\",\"urlTemplate\":\"https:\/\/shojiki.vn\/?s={search_term_string}\"},\"query-input\":{\"@type\":\"PropertyValueSpecification\",\"valueRequired\":true,\"valueName\":\"search_term_string\"}}],\"inLanguage\":\"en-US\"}]}<\/script>\n<!-- \/ Yoast SEO plugin. -->","yoast_head_json":{"title":"Offline Advertising - Shojiki.vn","description":"Taxi advertising - Billboard - Airplane advertising - Airport advertising - Bus advertising - POP","robots":{"index":"index","follow":"follow","max-snippet":"max-snippet:-1","max-image-preview":"max-image-preview:large","max-video-preview":"max-video-preview:-1"},"canonical":"https:\/\/shojiki.vn\/en\/offline-advertising","og_locale":"en_US","og_type":"article","og_title":"Offline Advertising - Shojiki.vn","og_description":"Taxi advertising - Billboard - Airplane advertising - Airport advertising - Bus advertising - POP","og_url":"https:\/\/shojiki.vn\/en\/offline-advertising","og_site_name":"Shojiki.vn","article_modified_time":"2018-03-27T03:30:44+00:00","twitter_misc":{"Est. reading time":"2 minutes"},"schema":{"@context":"https:\/\/schema.org","@graph":[{"@type":"WebPage","@id":"https:\/\/shojiki.vn\/en\/offline-advertising","url":"https:\/\/shojiki.vn\/en\/offline-advertising","name":"Offline Advertising - Shojiki.vn","isPartOf":{"@id":"https:\/\/shojiki.vn\/#website"},"datePublished":"2015-04-16T10:00:55+00:00","dateModified":"2018-03-27T03:30:44+00:00","description":"Taxi advertising - Billboard - Airplane advertising - Airport advertising - Bus advertising - POP","breadcrumb":{"@id":"https:\/\/shojiki.vn\/en\/offline-advertising#breadcrumb"},"inLanguage":"en-US","potentialAction":[{"@type":"ReadAction","target":["https:\/\/shojiki.vn\/en\/offline-advertising"]}]},{"@type":"BreadcrumbList","@id":"https:\/\/shojiki.vn\/en\/offline-advertising#breadcrumb","itemListElement":[{"@type":"ListItem","position":1,"name":"Home","item":"https:\/\/shojiki.vn\/en"},{"@type":"ListItem","position":2,"name":"Offline Advertising"}]},{"@type":"WebSite","@id":"https:\/\/shojiki.vn\/#website","url":"https:\/\/shojiki.vn\/","name":"Shojiki.vn","description":"","potentialAction":[{"@type":"SearchAction","target":{"@type":"EntryPoint","urlTemplate":"https:\/\/shojiki.vn\/?s={search_term_string}"},"query-input":{"@type":"PropertyValueSpecification","valueRequired":true,"valueName":"search_term_string"}}],"inLanguage":"en-US"}]}},"_links":{"self":[{"href":"https:\/\/shojiki.vn\/en\/wp-json\/wp\/v2\/pages\/209"}],"collection":[{"href":"https:\/\/shojiki.vn\/en\/wp-json\/wp\/v2\/pages"}],"about":[{"href":"https:\/\/shojiki.vn\/en\/wp-json\/wp\/v2\/types\/page"}],"author":[{"embeddable":true,"href":"https:\/\/shojiki.vn\/en\/wp-json\/wp\/v2\/users\/1"}],"replies":[{"embeddable":true,"href":"https:\/\/shojiki.vn\/en\/wp-json\/wp\/v2\/comments?post=209"}],"version-history":[{"count":11,"href":"https:\/\/shojiki.vn\/en\/wp-json\/wp\/v2\/pages\/209\/revisions"}],"predecessor-version":[{"id":1957,"href":"https:\/\/shojiki.vn\/en\/wp-json\/wp\/v2\/pages\/209\/revisions\/1957"}],"wp:attachment":[{"href":"https:\/\/shojiki.vn\/en\/wp-json\/wp\/v2\/media?parent=209"}],"curies":[{"name":"wp","href":"https:\/\/api.w.org\/{rel}","templated":true}]}}