{"id":2028,"date":"2017-11-29T15:17:04","date_gmt":"2017-11-29T08:17:04","guid":{"rendered":"http:\/\/shojiki.vn\/media-design\/viral-clip"},"modified":"2024-08-10T22:04:23","modified_gmt":"2024-08-10T15:04:23","slug":"viral-clip","status":"publish","type":"page","link":"https:\/\/shojiki.vn\/en\/media-design\/viral-clip","title":{"rendered":"Viral Clip"},"content":{"rendered":"<p>Viral Video l\u00e0 nh\u1eefng video tr\u1ef1c tuy\u1ebfn c\u00f3 m\u1ee9c \u0111\u1ed9 lan truy\u1ec1n r\u1ed9ng r\u00e3i th\u00f4ng qua vi\u1ec7c truy\u1ec1n th\u00f4ng tr\u00ean internet nh\u01b0 c\u00e1c trang web gi\u1ea3i tr\u00ed, m\u1ea1ng x\u00e3 h\u1ed9i, di\u1ec5n \u0111\u00e0n ho\u1eb7c \u0111\u01b0\u1ee3c b\u1ea1n b\u00e8 gi\u1edbi thi\u1ec7u.<\/p>\n<p>\u1ede Vi\u1ec7t Nam, ng\u01b0\u1eddi d\u00f9ng internet kh\u00e1 kh\u00f3 ch\u1ecbu v\u1ec1 vi\u1ec7c th\u1ea5y qu\u1ea3ng c\u00e1o online kh\u1eafp m\u1ecdi n\u01a1i, v\u00ec th\u1ebf nhi\u1ec1u c\u00f4ng ty \u0111\u00e3 s\u1eed d\u1ee5ng h\u00ecnh th\u1ee9c Viral Video \u0111\u1ec3 l\u00e0m cho n\u1ed9i dung qu\u1ea3ng c\u00e1o tr\u1edf n\u00ean d\u1ec5 ti\u1ebfp c\u1eadn v\u00e0 lan truy\u1ec1n r\u1ed9ng r\u00e3i h\u01a1n tr\u00ean facebook, youtube, c\u00e1c d\u1ecbch v\u1ee5 nh\u1eafn tin nh\u01b0 Zalo, viber,\u2026<\/p>\n<p><a href=\"https:\/\/shojiki.vn\/en\"><span style=\"color: #ff6600;\">SJK Group<\/span><\/a> c\u00f3 nhi\u1ec1u kinh nghi\u1ec7m v\u1ec1 s\u1ea3n xu\u1ea5t Viral Video, ch\u00fang t\u00f4i c\u00f3 \u0111\u1ec1 xu\u1ea5t t\u1eeb c\u00e1c \u00fd t\u01b0\u1edfng \u0111\u1ebfn c\u1ea3 kh\u00e2u s\u1ea3n xu\u1ea5t, v\u1edbi m\u1ee9c chi ph\u00ed ph\u00f9 h\u1ee3p v\u1edbi ng\u00e2n s\u00e1ch c\u1ee7a kh\u00e1ch h\u00e0ng<\/p>\n<p>Ch\u00fang t\u00f4i c\u0169ng nh\u1eadn th\u1ef1c hi\u1ec7n c\u1ea3 nh\u1eefng y\u00eau c\u1ea7u v\u1ec1 TVC, Clip gi\u1edbi thi\u1ec7u c\u00f4ng ty,\u2026 v\u1edbi nhi\u1ec1u m\u1ee5c \u0111\u00edch s\u1eed d\u1ee5ng kh\u00e1c nhau nh\u01b0 qu\u1ea3ng c\u00e1o tr\u00ean TV, qu\u1ea3ng c\u00e1o youtube,\u2026<\/p>\n<p>M\u1ed9t s\u1ed1 clip t\u1eeb \u0111\u1ed9i ng\u0169 s\u1ea3n xu\u1ea5t :<br \/>\n<iframe loading=\"lazy\" src=\"https:\/\/www.youtube.com\/embed\/-xPZj2kaKco\" width=\"560\" height=\"315\" frameborder=\"0\" allowfullscreen=\"allowfullscreen\"><\/iframe><\/p>\n<p><iframe loading=\"lazy\" src=\"https:\/\/www.youtube.com\/embed\/P0kblmi2ZWk\" width=\"560\" height=\"315\" frameborder=\"0\" allowfullscreen=\"allowfullscreen\"><\/iframe><\/p>\n<p><iframe loading=\"lazy\" src=\"https:\/\/www.youtube.com\/embed\/sga1kxo-oDs\" width=\"560\" height=\"315\" frameborder=\"0\" allowfullscreen=\"allowfullscreen\"><\/iframe><\/p>\n<p><a href=\"http:\/\/shojiki.vn\/lien-he\">Li\u00ean h\u1ec7<\/a> v\u1edbi ch\u00fang t\u00f4i \u0111\u1ec3 \u0111\u01b0\u1ee3c t\u01b0 v\u1ea5n chi ti\u1ebft.<\/p>\n","protected":false},"excerpt":{"rendered":"<p>Viral Video l\u00e0 nh\u1eefng video tr\u1ef1c tuy\u1ebfn c\u00f3 m\u1ee9c \u0111\u1ed9 lan truy\u1ec1n r\u1ed9ng r\u00e3i th\u00f4ng qua vi\u1ec7c truy\u1ec1n th\u00f4ng tr\u00ean internet nh\u01b0 c\u00e1c trang web gi\u1ea3i tr\u00ed, m\u1ea1ng x\u00e3 h\u1ed9i, di\u1ec5n \u0111\u00e0n ho\u1eb7c \u0111\u01b0\u1ee3c b\u1ea1n b\u00e8 gi\u1edbi thi\u1ec7u. \u1ede Vi\u1ec7t Nam, ng\u01b0\u1eddi d\u00f9ng internet kh\u00e1 kh\u00f3 ch\u1ecbu v\u1ec1 vi\u1ec7c th\u1ea5y qu\u1ea3ng c\u00e1o online kh\u1eafp m\u1ecdi&hellip;<\/p>\n","protected":false},"author":4,"featured_media":0,"parent":253,"menu_order":3,"comment_status":"closed","ping_status":"closed","template":"","meta":{"_acf_changed":false,"footnotes":""},"class_list":["post-2028","page","type-page","status-publish","hentry","description-off"],"acf":[],"yoast_head":"<!-- This site is optimized with the Yoast SEO plugin v25.6 - https:\/\/yoast.com\/wordpress\/plugins\/seo\/ -->\n<title>Viral Clip - Shojiki.vn<\/title>\n<meta name=\"description\" content=\"Shojiki have many experience in Viral clip production, we propose from concept into production, with a flexible price rank that fit well client&#039;s budget.\" \/>\n<meta name=\"robots\" content=\"index, follow, max-snippet:-1, max-image-preview:large, max-video-preview:-1\" \/>\n<link rel=\"canonical\" href=\"https:\/\/shojiki.vn\/en\/media-design\/viral-clip\" \/>\n<meta property=\"og:locale\" content=\"en_US\" \/>\n<meta property=\"og:type\" content=\"article\" \/>\n<meta property=\"og:title\" content=\"Viral Clip - Shojiki.vn\" \/>\n<meta property=\"og:description\" content=\"Shojiki have many experience in Viral clip production, we propose from concept into production, with a flexible price rank that fit well client&#039;s budget.\" \/>\n<meta property=\"og:url\" content=\"https:\/\/shojiki.vn\/en\/media-design\/viral-clip\" \/>\n<meta property=\"og:site_name\" content=\"Shojiki.vn\" \/>\n<meta property=\"article:modified_time\" content=\"2024-08-10T15:04:23+00:00\" \/>\n<meta name=\"twitter:label1\" content=\"Est. reading time\" \/>\n\t<meta name=\"twitter:data1\" content=\"1 minute\" \/>\n<script type=\"application\/ld+json\" class=\"yoast-schema-graph\">{\"@context\":\"https:\/\/schema.org\",\"@graph\":[{\"@type\":\"WebPage\",\"@id\":\"https:\/\/shojiki.vn\/en\/media-design\/viral-clip\",\"url\":\"https:\/\/shojiki.vn\/en\/media-design\/viral-clip\",\"name\":\"Viral Clip - Shojiki.vn\",\"isPartOf\":{\"@id\":\"https:\/\/shojiki.vn\/#website\"},\"datePublished\":\"2017-11-29T08:17:04+00:00\",\"dateModified\":\"2024-08-10T15:04:23+00:00\",\"description\":\"Shojiki have many experience in Viral clip production, we propose from concept into production, with a flexible price rank that fit well client's budget.\",\"breadcrumb\":{\"@id\":\"https:\/\/shojiki.vn\/en\/media-design\/viral-clip#breadcrumb\"},\"inLanguage\":\"en-US\",\"potentialAction\":[{\"@type\":\"ReadAction\",\"target\":[\"https:\/\/shojiki.vn\/en\/media-design\/viral-clip\"]}]},{\"@type\":\"BreadcrumbList\",\"@id\":\"https:\/\/shojiki.vn\/en\/media-design\/viral-clip#breadcrumb\",\"itemListElement\":[{\"@type\":\"ListItem\",\"position\":1,\"name\":\"Home\",\"item\":\"https:\/\/shojiki.vn\/en\"},{\"@type\":\"ListItem\",\"position\":2,\"name\":\"Media &#038; Design\",\"item\":\"https:\/\/shojiki.vn\/en\/media-design\"},{\"@type\":\"ListItem\",\"position\":3,\"name\":\"Viral Clip\"}]},{\"@type\":\"WebSite\",\"@id\":\"https:\/\/shojiki.vn\/#website\",\"url\":\"https:\/\/shojiki.vn\/\",\"name\":\"Shojiki.vn\",\"description\":\"\",\"potentialAction\":[{\"@type\":\"SearchAction\",\"target\":{\"@type\":\"EntryPoint\",\"urlTemplate\":\"https:\/\/shojiki.vn\/?s={search_term_string}\"},\"query-input\":{\"@type\":\"PropertyValueSpecification\",\"valueRequired\":true,\"valueName\":\"search_term_string\"}}],\"inLanguage\":\"en-US\"}]}<\/script>\n<!-- \/ Yoast SEO plugin. -->","yoast_head_json":{"title":"Viral Clip - Shojiki.vn","description":"Shojiki have many experience in Viral clip production, we propose from concept into production, with a flexible price rank that fit well client's budget.","robots":{"index":"index","follow":"follow","max-snippet":"max-snippet:-1","max-image-preview":"max-image-preview:large","max-video-preview":"max-video-preview:-1"},"canonical":"https:\/\/shojiki.vn\/en\/media-design\/viral-clip","og_locale":"en_US","og_type":"article","og_title":"Viral Clip - Shojiki.vn","og_description":"Shojiki have many experience in Viral clip production, we propose from concept into production, with a flexible price rank that fit well client's budget.","og_url":"https:\/\/shojiki.vn\/en\/media-design\/viral-clip","og_site_name":"Shojiki.vn","article_modified_time":"2024-08-10T15:04:23+00:00","twitter_misc":{"Est. reading time":"1 minute"},"schema":{"@context":"https:\/\/schema.org","@graph":[{"@type":"WebPage","@id":"https:\/\/shojiki.vn\/en\/media-design\/viral-clip","url":"https:\/\/shojiki.vn\/en\/media-design\/viral-clip","name":"Viral Clip - Shojiki.vn","isPartOf":{"@id":"https:\/\/shojiki.vn\/#website"},"datePublished":"2017-11-29T08:17:04+00:00","dateModified":"2024-08-10T15:04:23+00:00","description":"Shojiki have many experience in Viral clip production, we propose from concept into production, with a flexible price rank that fit well client's budget.","breadcrumb":{"@id":"https:\/\/shojiki.vn\/en\/media-design\/viral-clip#breadcrumb"},"inLanguage":"en-US","potentialAction":[{"@type":"ReadAction","target":["https:\/\/shojiki.vn\/en\/media-design\/viral-clip"]}]},{"@type":"BreadcrumbList","@id":"https:\/\/shojiki.vn\/en\/media-design\/viral-clip#breadcrumb","itemListElement":[{"@type":"ListItem","position":1,"name":"Home","item":"https:\/\/shojiki.vn\/en"},{"@type":"ListItem","position":2,"name":"Media &#038; Design","item":"https:\/\/shojiki.vn\/en\/media-design"},{"@type":"ListItem","position":3,"name":"Viral Clip"}]},{"@type":"WebSite","@id":"https:\/\/shojiki.vn\/#website","url":"https:\/\/shojiki.vn\/","name":"Shojiki.vn","description":"","potentialAction":[{"@type":"SearchAction","target":{"@type":"EntryPoint","urlTemplate":"https:\/\/shojiki.vn\/?s={search_term_string}"},"query-input":{"@type":"PropertyValueSpecification","valueRequired":true,"valueName":"search_term_string"}}],"inLanguage":"en-US"}]}},"_links":{"self":[{"href":"https:\/\/shojiki.vn\/en\/wp-json\/wp\/v2\/pages\/2028"}],"collection":[{"href":"https:\/\/shojiki.vn\/en\/wp-json\/wp\/v2\/pages"}],"about":[{"href":"https:\/\/shojiki.vn\/en\/wp-json\/wp\/v2\/types\/page"}],"author":[{"embeddable":true,"href":"https:\/\/shojiki.vn\/en\/wp-json\/wp\/v2\/users\/4"}],"replies":[{"embeddable":true,"href":"https:\/\/shojiki.vn\/en\/wp-json\/wp\/v2\/comments?post=2028"}],"version-history":[{"count":9,"href":"https:\/\/shojiki.vn\/en\/wp-json\/wp\/v2\/pages\/2028\/revisions"}],"predecessor-version":[{"id":15820,"href":"https:\/\/shojiki.vn\/en\/wp-json\/wp\/v2\/pages\/2028\/revisions\/15820"}],"up":[{"embeddable":true,"href":"https:\/\/shojiki.vn\/en\/wp-json\/wp\/v2\/pages\/253"}],"wp:attachment":[{"href":"https:\/\/shojiki.vn\/en\/wp-json\/wp\/v2\/media?parent=2028"}],"curies":[{"name":"wp","href":"https:\/\/api.w.org\/{rel}","templated":true}]}}