{"id":16516,"date":"2024-12-23T13:55:22","date_gmt":"2024-12-23T06:55:22","guid":{"rendered":"https:\/\/shojiki.vn\/man-hinh-led-ngoai-troi-tai-can-tho"},"modified":"2024-12-23T15:25:45","modified_gmt":"2024-12-23T08:25:45","slug":"man-hinh-led-ngoai-troi-tai-can-tho","status":"publish","type":"page","link":"https:\/\/shojiki.vn\/en\/man-hinh-led-ngoai-troi-tai-can-tho","title":{"rendered":"M\u00e0n h\u00ecnh LED ngo\u00e0i tr\u1eddi t\u1ea1i C\u1ea7n Th\u01a1"},"content":{"rendered":"<div class=\"wpb-content-wrapper\"><p>[vc_row][vc_column width=&#8221;1\/3&#8243;][vc_single_image image=&#8221;16477&#8243; img_size=&#8221;300&#8243; alignment=&#8221;center&#8221;][vc_column_text]<\/p>\n<p style=\"text-align: center;\"><span style=\"color: #ff6600; font-size: 12pt;\">M\u00e0n h\u00ecnh LED C\u1ea7u C\u1ea7n Th\u01a1 \u2013 B\u1edd C\u1ea7n Th\u01a1<\/span><\/p>\n<p>[\/vc_column_text][vc_btn title=&#8221;Th\u00f4ng tin chi ti\u1ebft&#8221; color=&#8221;warning&#8221; align=&#8221;center&#8221; link=&#8221;url:https%3A%2F%2Fshojiki.vn%2Fquang-cao-man-hinh-led-ngoai-troi-tai-cau-can-tho|target:_blank&#8221;][\/vc_column][vc_column width=&#8221;1\/3&#8243;][vc_single_image image=&#8221;16021&#8243; img_size=&#8221;300&#8243; alignment=&#8221;center&#8221;][vc_column_text]<\/p>\n<p style=\"text-align: center;\"><span style=\"color: #ff6600; font-size: 12pt;\">M\u00e0n h\u00ecnh LED ch\u1ee3 Ninh Ki\u1ec1u, C\u1ea7n Th\u01a1<\/span><\/p>\n<p>[\/vc_column_text][vc_btn title=&#8221;Th\u00f4ng tin chi ti\u1ebft&#8221; color=&#8221;warning&#8221; align=&#8221;center&#8221; link=&#8221;url:https%3A%2F%2Fshojiki.vn%2Fman-hinh-led-cho-dem-ninh-kieu-can-tho|target:_blank&#8221;][\/vc_column][\/vc_row][vc_row][vc_column][vc_column_text]<\/p>\n<h2><strong>Qu\u1ea3ng c\u00e1o m\u00e0n h\u00ecnh LED ngo\u00e0i tr\u1eddi l\u00e0 g\u00ec?<\/strong><\/h2>\n<p>Qu\u1ea3ng c\u00e1o m\u00e0n h\u00ecnh LED ngo\u00e0i tr\u1eddi l\u00e0 lo\u1ea1i h\u00ecnh qu\u1ea3ng c\u00e1o k\u1ef9 thu\u1eadt s\u1ed1, c\u00f3 th\u1ec3 n\u00f3i lo\u1ea1i h\u00ecnh n\u00e0y l\u00e0 phi\u00ean b\u1ea3n n\u00e2ng c\u1ea5p c\u1ee7a\u00a0<span style=\"color: #ff6600;\"><a style=\"color: #ff6600;\" href=\"https:\/\/shojiki.vn\/en\/billboard\">bi\u1ec3n b\u1ea3ng qu\u1ea3ng c\u00e1o ngo\u00e0i tr\u1eddi<\/a><\/span>\u00a0truy\u1ec1n th\u1ed1ng. Qu\u1ea3ng c\u00e1o m\u00e0n h\u00ecnh LED c\u00f2n \u0111\u01b0\u1ee3c g\u1ecdi v\u1edbi c\u00e1i t\u00ean DOOH \u2013 vi\u1ebft t\u1eaft c\u1ee7a t\u1eeb Digital Out Of Home. M\u00e0n h\u00ecnh LED qu\u1ea3ng c\u00e1o ngo\u00e0i tr\u1eddi s\u1ebd thay th\u1ebf nh\u1eefng h\u00ecnh \u1ea3nh qu\u1ea3ng c\u00e1o d\u1ea1ng t\u0129nh v\u1ed1n \u0111\u00e3 qu\u00e1 th\u00f4ng th\u01b0\u1eddng th\u00e0nh nh\u1eefng \u0111o\u1ea1n clip qu\u1ea3ng c\u00e1o sinh \u0111\u1ed9ng, \u1ea5n t\u01b0\u1ee3ng v\u1edbi ng\u01b0\u1eddi \u0111i \u0111\u01b0\u1eddng. V\u1edbi xu h\u01b0\u1edbng qu\u1ea3ng c\u00e1o hi\u1ec7n nay, m\u00e0n h\u00ecnh LED \u0111\u01b0\u1ee3c xem l\u00e0 lo\u1ea1i h\u00ecnh qu\u1ea3ng c\u00e1o m\u1edbi m\u1ebb v\u00e0 \u0111em l\u1ea1i hi\u1ec7u qu\u1ea3 cao trong c\u00f4ng vi\u1ec7c truy\u1ec1n t\u1ea3i th\u00f4ng \u0111i\u1ec7p \u0111\u1ebfn kh\u00e1ch h\u00e0ng.<\/p>\n<p><span style=\"color: #ff6600;\"><a style=\"color: #ff6600;\" href=\"https:\/\/shojiki.vn\/en\/led-hanoi\">Tham kh\u1ea3o th\u00eam m\u00e0n h\u00ecnh LED T\u1ea1i H\u00e0 N\u1ed9i<\/a><\/span><\/p>\n<h2><strong>Nguy\u00ean l\u00fd ho\u1ea1t \u0111\u1ed9ng c\u1ee7a m\u00e0n h\u00ecnh LED ngo\u00e0i tr\u1eddi<\/strong><\/h2>\n<p>Qu\u1ea3ng c\u00e1o b\u1eb1ng m\u00e0n h\u00ecnh led ngo\u00e0i tr\u1eddi ho\u1ea1t \u0111\u1ed9ng theo nguy\u00ean l\u00fd xoay v\u00f2ng v\u00e0 \u0111\u01b0\u1ee3c t\u00ednh b\u1eb1ng t\u1ed5ng th\u1eddi gian ph\u00e1t s\u00f3ng tr\u00ean ng\u00e0y. T\u1ed5ng gi\u1edd ph\u00e1t s\u00f3ng tr\u00ean m\u00e0n h\u00ecnh LED \u0111a s\u1ed1 l\u00e0 14 ti\u1ebfng; \u0111\u01a1n v\u1ecb t\u00ednh l\u00e0 spot, m\u1ed7i spot l\u00e0 30s. Nh\u01b0 v\u1eady, t\u1ea7n su\u1ea5t ph\u00e1t clip qu\u1ea3ng c\u00e1o t\u1ed1i thi\u1ec3u cho 1 nh\u00e3n h\u00e0ng l\u00e0 240 spot\/ ng\u00e0y.<\/p>\n<p>Chi ph\u00ed qu\u1ea3ng c\u00e1o m\u00e0n h\u00ecnh led \u0111\u01b0\u1ee3c \u0111\u00e1nh gi\u00e1 r\u1ebb h\u01a1n c\u00e1c lo\u1ea1i h\u00ecnh qu\u1ea3ng c\u00e1o ngo\u00e0i tr\u1eddi kh\u00e1c. Do \u0111\u00f3, h\u00ecnh th\u1ee9c qu\u1ea3ng c\u00e1o n\u00e0y ph\u00f9 h\u1ee3p v\u1edbi nhi\u1ec1u nh\u00e3n h\u00e0ng kh\u00e1c nhau v\u00e0 m\u1ee9c ng\u00e2n s\u00e1ch h\u1ee3p l\u00fd.<\/p>\n<h2><strong>\u01afu \u0111i\u1ec3m v\u01b0\u1ee3t tr\u1ed9i c\u1ee7a LED<\/strong><\/h2>\n<h3><strong>Truy\u1ec1n t\u1ea3i \u0111a d\u1ea1ng th\u00f4ng \u0111i\u1ec7p<\/strong><\/h3>\n<p>M\u1ed9t trong nh\u1eefng l\u1ee3i \u00edch kh\u00f4ng th\u1ec3 ph\u1ee7 nh\u1eadn c\u1ee7a m\u00e0n h\u00ecnh LED ch\u00ednh l\u00e0 vi\u1ec7c t\u0103ng hi\u1ec7u qu\u1ea3 trong vi\u1ec7c truy\u1ec1n t\u1ea3i \u0111\u01b0\u1ee3c \u0111a d\u1ea1ng th\u00f4ng tin v\u1edbi c\u00e1c \u0111\u1ecbnh d\u1ea1ng video; h\u00ecnh \u1ea3nh, animation\u2026 \u0110i\u1ec1u n\u00e0y gi\u00fap c\u00e1c nh\u00e3n h\u00e0ng c\u00f3 nhi\u1ec1u s\u1ef1 l\u1ef1a ch\u1ecdn khi truy\u1ec1n t\u1ea3i th\u00f4ng \u0111i\u1ec7p \u0111\u1ebfn kh\u00e1ch h\u00e0ng.<\/p>\n<p><span style=\"color: #ff6600;\"><a style=\"color: #ff6600;\" href=\"https:\/\/shojiki.vn\/en\/led-dong-nai-2\">Tham kh\u1ea3o th\u00eam m\u00e0n h\u00ecnh LED ngo\u00e0i tr\u1eddi t\u1ea1i \u0110\u1ed3ng Nai<\/a><\/span><\/p>\n<h3><strong>G\u00e2y \u1ea5n t\u01b0\u1ee3ng m\u1ea1nh v\u1edbi ng\u01b0\u1eddi xem<\/strong><\/h3>\n<p>Theo th\u1ed1ng k\u00ea c\u1ee7a Compass Tech; ng\u01b0\u1eddi \u0111i \u0111\u01b0\u1eddng s\u1ebd b\u1ecb thu h\u00fat b\u1edfi nh\u1eefng \u201cchuy\u1ec3n \u0111\u1ed9ng\u201d \u0111\u01b0\u1ee3c ph\u00e1t tr\u00ean m\u00e0n h\u00ecnh LED h\u01a1n nh\u1eefng lo\u1ea1i h\u00ecnh qu\u1ea3ng c\u00e1o kh\u00e1c. N\u1ed9i d\u1ee5ng qu\u1ea3ng c\u00e1o tr\u00ean m\u00e0n h\u00ecnh LED ngo\u00e0i tr\u1eddi th\u01b0\u1eddng s\u1ebd c\u00f3 \u1ea5n t\u01b0\u1ee3ng t\u1ed1t v\u00e0 l\u00e2u h\u01a1n so v\u1edbi nh\u1eefng h\u00ecnh th\u1ee9c qu\u1ea3ng c\u00e1o d\u1ea1ng th\u00f4ng tin truy\u1ec1n th\u1ed1ng c\u0169 nh\u01b0 pano, b\u1ea3ng qu\u1ea3ng c\u00e1o ngo\u00e0i tr\u1eddi,\u2026 B\u1edfi qu\u1ea3ng c\u00e1o tr\u00ean m\u00e0n h\u00ecnh LED t\u1ea1o c\u1ea3m gi\u00e1c nh\u01b0 1 t\u00e1c ph\u1ea9m ngh\u1ec7 thu\u1eadt; khi\u1ebfn ng\u01b0\u1eddi xem mu\u1ed1n th\u01b0\u1edfng th\u1ee9c n\u00f3 m\u1ed9t c\u00e1ch ch\u1ee7 \u0111\u1ed9ng ch\u1ee9 kh\u00f4ng ph\u1ea3i b\u1ecb b\u1eaft \u00e9p ph\u1ea3i xem.<\/p>\n<p>Tuy nhi\u00ean, \u0111\u1ec3 c\u00f3 \u0111\u01b0\u1ee3c hi\u1ec7u qu\u1ea3 qu\u1ea3ng b\u00e1 t\u1ed1i \u01b0u th\u00ec c\u00e1c doanh nghi\u1ec7p n\u00ean c\u1ea7n c\u00e2n nh\u1eafc l\u1ef1a ch\u1ecdn \u0111\u1ecbnh d\u1ea1ng th\u00f4ng tin video hay slide ph\u00f9 h\u1ee3p v\u1edbi n\u1ed9i dung mu\u1ed1n truy\u1ec1n t\u1ea3i.<\/p>\n<h3><strong>Thu h\u00fat nhi\u1ec1u \u0111\u1ed1i t\u01b0\u1ee3ng<\/strong><\/h3>\n<p>B\u1edfi v\u00ec n\u1ed9i dung tr\u00ean m\u00e0n h\u00ecnh LED kh\u1ea3 n\u0103ng g\u00e2y ch\u00fa \u00fd t\u1ed1t n\u00ean khi ng\u01b0\u1eddi ti\u00eau d\u00f9ng khi xem qu\u1ea3ng c\u00e1o; h\u1ecd s\u1ebd d\u1ec5 d\u00e0ng ghi nh\u1edb \u0111\u01b0\u1ee3c s\u1ea3n ph\u1ea9m v\u00e0 th\u01b0\u01a1ng hi\u1ec7u c\u1ee7a doanh nghi\u1ec7p t\u1eeb \u0111\u00f3 d\u1eabn t\u1edbi h\u00e0nh \u0111\u1ed9ng mua ho\u1eb7c s\u1eed d\u1ee5ng d\u1ecbch v\u1ee5 c\u1ee7a \u0111\u01a1n v\u1ecb qu\u1ea3ng b\u00e1 \u0111\u00f3.<\/p>\n<p>Ngo\u00e0i ra theo c\u00e1c chuy\u00ean gia, h\u00ecnh \u1ea3nh c\u00f3 nhi\u1ec1u m\u00e0u s\u1eafc \u0111a d\u1ea1ng, c\u00f3 s\u1ef1 chuy\u1ec3n \u0111\u1ed9ng s\u1ebd thu h\u00fat h\u01a1n so v\u1edbi h\u00ecnh \u201cch\u1ebft\u201d v\u00e0 \u0111\u01a1n s\u1eafc; v\u00ec th\u1ebf qu\u1ea3ng c\u00e1o b\u1eb1ng m\u00e0n h\u00ecnh LED s\u1ebd gi\u00fap doanh nghi\u1ec7p \u0111\u1ebfn g\u1ea7n v\u1edbi kh\u00e1ch h\u00e0ng ti\u1ec1m n\u0103ng h\u01a1n.<\/p>\n<h3><strong>T\u00ednh n\u0103ng v\u01b0\u1ee3t tr\u1ed9i<\/strong><\/h3>\n<p>\u0110\u1ed9 ph\u00e2n gi\u1ea3i c\u1ef1c l\u1edbn v\u1edbi \u0111\u1ed9 s\u00e1ng cao v\u00e0 kh\u1ea3 n\u0103ng x\u1eed l\u00fd m\u00e0u s\u1eafc s\u1ed1ng \u0111\u1ed9ng c\u1ee7a m\u00e0n h\u00ecnh LED \u0111\u00e3 gi\u00fap cho h\u00ecnh \u1ea3nh c\u1ee7a doanh nghi\u1ec7p hi\u1ec3n th\u1ecb \u0111\u1eb9p h\u01a1n b\u1ea5t k\u00ec m\u1ed9t h\u00ecnh th\u1ee9c n\u00e0o kh\u00e1c nh\u01b0 tivi, m\u00e1y chi\u1ebfu, b\u1ea3ng qu\u1ea3ng c\u00e1o truy\u1ec1n th\u1ed1ng,\u2026 \u0110\u1eb7c bi\u1ec7t v\u1edbi h\u00ecnh th\u1ee9c qu\u1ea3ng c\u00e1o ngo\u00e0i tr\u1eddi, m\u00e0n h\u00ecnh LED c\u00e0ng d\u1ec5 d\u00e0ng ph\u00e1t huy t\u1ed1i \u0111a \u01b0u \u0111i\u1ec3m c\u1ee7a n\u00f3.<\/p>\n<p>T\u00f3m l\u1ea1i v\u1edbi nh\u1eefng \u01b0u \u0111i\u1ec3m tr\u00ean; c\u00f3 th\u1ec3 n\u00f3i qu\u1ea3ng c\u00e1o m\u00e0n h\u00ecnh LED ngo\u00e0i tr\u1eddi l\u00e0 m\u1ed9t ph\u01b0\u01a1ng ti\u1ec7n truy\u1ec1n \u0111\u1ea1t v\u00e0 hi\u1ec3n th\u1ecb th\u00f4ng tin c\u1ef1c k\u1ef3 hi\u1ec7u qu\u1ea3.[\/vc_column_text][\/vc_column][\/vc_row][vc_row][vc_column][vc_column_text]<\/p>\n<h2><strong>L\u00e0m th\u1ebf n\u00e0o \u0111\u1ec3 qu\u1ea3ng c\u00e1o c\u1ee7a b\u1ea1n xu\u1ea5t hi\u1ec7n tr\u00ean m\u00e0n h\u00ecnh led ngo\u00e0i tr\u1eddi H\u1ed3 Ch\u00ed Minh?<\/strong><\/h2>\n<p>C\u00f4ng ty c\u1ed5 ph\u1ea7n qu\u1ea3ng c\u00e1o <a href=\"https:\/\/shojiki.vn\/en\"><span style=\"color: #ff6600;\">SJK Group<\/span><\/a> \u2013 t\u1ef1 h\u00e0o l\u00e0 m\u1ed9t trong nh\u1eefng \u0111\u01a1n v\u1ecb qu\u1ea3ng c\u00e1o h\u00e0ng \u0111\u1ea7u Vi\u1ec7t Nam. V\u1edbi s\u1ef1 \u1ee7y quy\u1ec1n t\u1eeb \u0111\u1ea1i l\u00fd m\u00e0n h\u00ecnh LED th\u00e0nh ph\u1ed1, ch\u00fang t\u00f4i cam k\u1ebft s\u1ebd mang \u0111\u1ebfn cho b\u1ea1n m\u1ed9t d\u1ecbch v\u1ee5 qu\u1ea3ng c\u00e1o uy t\u00edn v\u00e0 hi\u1ec7u qu\u1ea3 nh\u1ea5t c\u00f9ng v\u1edbi:<\/p>\n<ul>\n<li>D\u1ecbch v\u1ee5 h\u1ed7 tr\u1ee3\u00a0<strong>T\u01af V\u1ea4N T\u1ed4NG TH\u1ec2<\/strong>\u00a0c\u00e1c chi\u1ebfn l\u01b0\u1ee3c qu\u1ea3ng c\u00e1o<\/li>\n<li>D\u1ecbch v\u1ee5\u00a0<strong>H\u1ed6 TR\u1ee2 THI\u1ebeT K\u1ebe<\/strong>\u00a0n\u1ed9i dung, h\u00ecnh \u1ea3nh qu\u1ea3ng c\u00e1o<\/li>\n<li>\u0110\u1ed9i ng\u0169 thi c\u00f4ng tri\u1ec3n khai qu\u1ea3ng c\u00e1o\u00a0<strong>NHANH CH\u00d3NG<\/strong>\u00a0v\u00e0\u00a0<strong>\u0110\u00daNG H\u1ea0N<\/strong><\/li>\n<li>Ch\u1ebf \u0111\u1ed9\u00a0<strong>B\u1ea2O H\u00c0NH<\/strong>\u00a0trong su\u1ed1t th\u1eddi gian di\u1ec5n ra chi\u1ebfn d\u1ecbch<\/li>\n<li>\u01afu \u0111\u00e3i\u00a0<strong>CHI\u1ebeT KH\u1ea4U\u00a0<\/strong>v\u00e0\u00a0<strong>H\u1eacU M\u00c3I<\/strong>\u00a0h\u1ea5p d\u1eabn d\u00e0nh cho kh\u00e1ch<\/li>\n<\/ul>\n<p>Ngo\u00e0i ra b\u1ea1n c\u00f3 th\u1ec3 t\u00ecm hi\u1ec3u th\u00eam c\u00e1c h\u00ecnh th\u1ee9c qu\u1ea3ng c\u00e1o ngo\u00e0i tr\u1eddi kh\u00e1c c\u1ee7a ch\u00fang t\u00f4i:<\/p>\n<ul>\n<li><span style=\"color: #ff6600;\"><a style=\"color: #ff6600;\" href=\"https:\/\/shojiki.vn\/en\/led-hanoi\">M\u00e0n h\u00ecnh LED t\u1ea1i H\u00e0 N\u1ed9i<\/a><\/span><\/li>\n<li><span style=\"color: #ff6600;\"><a style=\"color: #ff6600;\" href=\"https:\/\/shojiki.vn\/en\/led-dong-nai-2\">M\u00e0n hinh LED t\u1ea1i \u0110\u1ed3ng Nai<\/a><\/span><\/li>\n<li><span style=\"color: #ff6600;\"><a style=\"color: #ff6600;\" href=\"https:\/\/shojiki.vn\/en\/led-screen-advertising\">M\u00e0n h\u00ecnh LED ngo\u00e0i tr\u1eddi<\/a><\/span><\/li>\n<li><span style=\"color: #ff6600;\"><a style=\"color: #ff6600;\" href=\"https:\/\/shojiki.vn\/en\/billboard\">Bi\u1ec3n b\u1ea3ng, billboard, pano<\/a><\/span><\/li>\n<li><span style=\"color: #ff6600;\"><a style=\"color: #ff6600;\" href=\"https:\/\/shojiki.vn\/quang-cao-may-bay\">Qu\u1ea3ng c\u00e1o m\u00e1y bay<\/a><\/span><\/li>\n<li><span style=\"color: #ff6600;\"><a style=\"color: #ff6600;\" href=\"https:\/\/shojiki.vn\/en\/offline-advertising\/taxi-advertising\">D\u1ecbch v\u1ee5 d\u00e1n qu\u1ea3ng c\u00e1o tr\u00ean xe taxi<\/a><\/span><\/li>\n<li><span style=\"color: #ff6600;\"><a style=\"color: #ff6600;\" href=\"https:\/\/shojiki.vn\/en\/offline-advertising\/bus-advertising\">Xe bu\u00fdt<\/a><\/span><\/li>\n<li><span style=\"color: #ff6600;\"><a style=\"color: #ff6600;\" href=\"https:\/\/shojiki.vn\/en\/advertise-on-grab-app-shojiki-is-an-official-grab-agent\">Si\u00eau \u1ee9ng d\u1ee5ng Grab Ads<\/a><\/span><\/li>\n<li><span style=\"color: #ff6600;\"><a style=\"color: #ff6600;\" href=\"https:\/\/shojiki.vn\/en\/advertising-at-tin-nghia-gas-station\">Qu\u1ea3ng c\u00e1o t\u1ea1i tr\u1ea1m x\u0103ng<\/a><\/span><\/li>\n<li><span style=\"color: #ff6600;\"><a style=\"color: #ff6600;\" href=\"https:\/\/shojiki.vn\/en\/advertising-at-convenience-stores\">C\u1eeda h\u00e0ng ti\u1ec7n l\u1ee3i<\/a><\/span><\/li>\n<\/ul>\n<h4><span style=\"color: #000000;\">B\u1ea1n c\u00f3 th\u1ec3 kh\u1ea3o s\u00e1t gi\u00e1 v\u00e0 m<\/span>ua bi\u1ec3n b\u1ea3ng online t\u1ea1i:\u00a0\u00a0<span style=\"color: #ff6600;\"><a style=\"color: #ff6600;\" href=\"https:\/\/ooh.com.vn\/\">WikiOOH<\/a><\/span><br \/>\nCh\u00fang t\u00f4i s\u1ebd \u0111o l\u01b0\u1eddng hi\u1ec7u qu\u1ea3 qu\u1ea3ng c\u00e1o ngo\u00e0i tr\u1eddi c\u1ee7a b\u1ea1n t\u1ea1i:\u00a0\u00a0<span style=\"color: #ff6600;\"><a style=\"color: #ff6600;\" href=\"https:\/\/compasstech.asia\">Compass Tech<\/a><\/span><\/h4>\n<p>[\/vc_column_text][\/vc_column][\/vc_row]<\/p>\n<\/div>","protected":false},"excerpt":{"rendered":"<p>[vc_row][vc_column width=&#8221;1\/3&#8243;][vc_single_image image=&#8221;16477&#8243; img_size=&#8221;300&#8243; alignment=&#8221;center&#8221;][vc_column_text] M\u00e0n h\u00ecnh LED C\u1ea7u C\u1ea7n Th\u01a1 \u2013 B\u1edd C\u1ea7n Th\u01a1 [\/vc_column_text][vc_btn title=&#8221;Th\u00f4ng tin chi ti\u1ebft&#8221; color=&#8221;warning&#8221; align=&#8221;center&#8221; link=&#8221;url:https%3A%2F%2Fshojiki.vn%2Fquang-cao-man-hinh-led-ngoai-troi-tai-cau-can-tho|target:_blank&#8221;][\/vc_column][vc_column width=&#8221;1\/3&#8243;][vc_single_image image=&#8221;16021&#8243; img_size=&#8221;300&#8243; alignment=&#8221;center&#8221;][vc_column_text] M\u00e0n h\u00ecnh LED ch\u1ee3 Ninh Ki\u1ec1u, C\u1ea7n Th\u01a1 [\/vc_column_text][vc_btn title=&#8221;Th\u00f4ng tin chi ti\u1ebft&#8221; color=&#8221;warning&#8221; align=&#8221;center&#8221; link=&#8221;url:https%3A%2F%2Fshojiki.vn%2Fman-hinh-led-cho-dem-ninh-kieu-can-tho|target:_blank&#8221;][\/vc_column][\/vc_row][vc_row][vc_column][vc_column_text] Qu\u1ea3ng c\u00e1o m\u00e0n h\u00ecnh LED ngo\u00e0i tr\u1eddi l\u00e0 g\u00ec? Qu\u1ea3ng c\u00e1o m\u00e0n&hellip;<\/p>\n","protected":false},"author":13,"featured_media":0,"parent":0,"menu_order":0,"comment_status":"closed","ping_status":"closed","template":"","meta":{"_acf_changed":false,"footnotes":""},"class_list":["post-16516","page","type-page","status-publish","hentry","description-off"],"acf":[],"yoast_head":"<!-- This site is optimized with the Yoast SEO plugin v25.6 - https:\/\/yoast.com\/wordpress\/plugins\/seo\/ -->\n<title>M\u00e0n h\u00ecnh LED ngo\u00e0i tr\u1eddi t\u1ea1i C\u1ea7n Th\u01a1 - Shojiki.vn<\/title>\n<meta name=\"robots\" content=\"index, follow, max-snippet:-1, max-image-preview:large, max-video-preview:-1\" \/>\n<link rel=\"canonical\" href=\"https:\/\/shojiki.vn\/en\/man-hinh-led-ngoai-troi-tai-can-tho\" \/>\n<meta property=\"og:locale\" content=\"en_US\" \/>\n<meta property=\"og:type\" content=\"article\" \/>\n<meta property=\"og:title\" content=\"M\u00e0n h\u00ecnh LED ngo\u00e0i tr\u1eddi t\u1ea1i C\u1ea7n Th\u01a1 - Shojiki.vn\" \/>\n<meta property=\"og:description\" content=\"[vc_row][vc_column width=&#8221;1\/3&#8243;][vc_single_image image=&#8221;16477&#8243; img_size=&#8221;300&#8243; alignment=&#8221;center&#8221;][vc_column_text] M\u00e0n h\u00ecnh LED C\u1ea7u C\u1ea7n Th\u01a1 \u2013 B\u1edd C\u1ea7n Th\u01a1 [\/vc_column_text][vc_btn title=&#8221;Th\u00f4ng tin chi ti\u1ebft&#8221; color=&#8221;warning&#8221; align=&#8221;center&#8221; link=&#8221;url:https%3A%2F%2Fshojiki.vn%2Fquang-cao-man-hinh-led-ngoai-troi-tai-cau-can-tho|target:_blank&#8221;][\/vc_column][vc_column width=&#8221;1\/3&#8243;][vc_single_image image=&#8221;16021&#8243; img_size=&#8221;300&#8243; alignment=&#8221;center&#8221;][vc_column_text] M\u00e0n h\u00ecnh LED ch\u1ee3 Ninh Ki\u1ec1u, C\u1ea7n Th\u01a1 [\/vc_column_text][vc_btn title=&#8221;Th\u00f4ng tin chi ti\u1ebft&#8221; color=&#8221;warning&#8221; align=&#8221;center&#8221; link=&#8221;url:https%3A%2F%2Fshojiki.vn%2Fman-hinh-led-cho-dem-ninh-kieu-can-tho|target:_blank&#8221;][\/vc_column][\/vc_row][vc_row][vc_column][vc_column_text] Qu\u1ea3ng c\u00e1o m\u00e0n h\u00ecnh LED ngo\u00e0i tr\u1eddi l\u00e0 g\u00ec? Qu\u1ea3ng c\u00e1o m\u00e0n&hellip;\" \/>\n<meta property=\"og:url\" content=\"https:\/\/shojiki.vn\/en\/man-hinh-led-ngoai-troi-tai-can-tho\" \/>\n<meta property=\"og:site_name\" content=\"Shojiki.vn\" \/>\n<meta property=\"article:modified_time\" content=\"2024-12-23T08:25:45+00:00\" \/>\n<meta name=\"twitter:label1\" content=\"Est. reading time\" \/>\n\t<meta name=\"twitter:data1\" content=\"6 minutes\" \/>\n<script type=\"application\/ld+json\" class=\"yoast-schema-graph\">{\"@context\":\"https:\/\/schema.org\",\"@graph\":[{\"@type\":\"WebPage\",\"@id\":\"https:\/\/shojiki.vn\/en\/man-hinh-led-ngoai-troi-tai-can-tho\",\"url\":\"https:\/\/shojiki.vn\/en\/man-hinh-led-ngoai-troi-tai-can-tho\",\"name\":\"M\u00e0n h\u00ecnh LED ngo\u00e0i tr\u1eddi t\u1ea1i C\u1ea7n Th\u01a1 - Shojiki.vn\",\"isPartOf\":{\"@id\":\"https:\/\/shojiki.vn\/#website\"},\"datePublished\":\"2024-12-23T06:55:22+00:00\",\"dateModified\":\"2024-12-23T08:25:45+00:00\",\"breadcrumb\":{\"@id\":\"https:\/\/shojiki.vn\/en\/man-hinh-led-ngoai-troi-tai-can-tho#breadcrumb\"},\"inLanguage\":\"en-US\",\"potentialAction\":[{\"@type\":\"ReadAction\",\"target\":[\"https:\/\/shojiki.vn\/en\/man-hinh-led-ngoai-troi-tai-can-tho\"]}]},{\"@type\":\"BreadcrumbList\",\"@id\":\"https:\/\/shojiki.vn\/en\/man-hinh-led-ngoai-troi-tai-can-tho#breadcrumb\",\"itemListElement\":[{\"@type\":\"ListItem\",\"position\":1,\"name\":\"Home\",\"item\":\"https:\/\/shojiki.vn\/en\"},{\"@type\":\"ListItem\",\"position\":2,\"name\":\"M\u00e0n h\u00ecnh LED ngo\u00e0i tr\u1eddi t\u1ea1i C\u1ea7n Th\u01a1\"}]},{\"@type\":\"WebSite\",\"@id\":\"https:\/\/shojiki.vn\/#website\",\"url\":\"https:\/\/shojiki.vn\/\",\"name\":\"Shojiki.vn\",\"description\":\"\",\"potentialAction\":[{\"@type\":\"SearchAction\",\"target\":{\"@type\":\"EntryPoint\",\"urlTemplate\":\"https:\/\/shojiki.vn\/?s={search_term_string}\"},\"query-input\":{\"@type\":\"PropertyValueSpecification\",\"valueRequired\":true,\"valueName\":\"search_term_string\"}}],\"inLanguage\":\"en-US\"}]}<\/script>\n<!-- \/ Yoast SEO plugin. -->","yoast_head_json":{"title":"M\u00e0n h\u00ecnh LED ngo\u00e0i tr\u1eddi t\u1ea1i C\u1ea7n Th\u01a1 - Shojiki.vn","robots":{"index":"index","follow":"follow","max-snippet":"max-snippet:-1","max-image-preview":"max-image-preview:large","max-video-preview":"max-video-preview:-1"},"canonical":"https:\/\/shojiki.vn\/en\/man-hinh-led-ngoai-troi-tai-can-tho","og_locale":"en_US","og_type":"article","og_title":"M\u00e0n h\u00ecnh LED ngo\u00e0i tr\u1eddi t\u1ea1i C\u1ea7n Th\u01a1 - Shojiki.vn","og_description":"[vc_row][vc_column width=&#8221;1\/3&#8243;][vc_single_image image=&#8221;16477&#8243; img_size=&#8221;300&#8243; alignment=&#8221;center&#8221;][vc_column_text] M\u00e0n h\u00ecnh LED C\u1ea7u C\u1ea7n Th\u01a1 \u2013 B\u1edd C\u1ea7n Th\u01a1 [\/vc_column_text][vc_btn title=&#8221;Th\u00f4ng tin chi ti\u1ebft&#8221; color=&#8221;warning&#8221; align=&#8221;center&#8221; link=&#8221;url:https%3A%2F%2Fshojiki.vn%2Fquang-cao-man-hinh-led-ngoai-troi-tai-cau-can-tho|target:_blank&#8221;][\/vc_column][vc_column width=&#8221;1\/3&#8243;][vc_single_image image=&#8221;16021&#8243; img_size=&#8221;300&#8243; alignment=&#8221;center&#8221;][vc_column_text] M\u00e0n h\u00ecnh LED ch\u1ee3 Ninh Ki\u1ec1u, C\u1ea7n Th\u01a1 [\/vc_column_text][vc_btn title=&#8221;Th\u00f4ng tin chi ti\u1ebft&#8221; color=&#8221;warning&#8221; align=&#8221;center&#8221; link=&#8221;url:https%3A%2F%2Fshojiki.vn%2Fman-hinh-led-cho-dem-ninh-kieu-can-tho|target:_blank&#8221;][\/vc_column][\/vc_row][vc_row][vc_column][vc_column_text] Qu\u1ea3ng c\u00e1o m\u00e0n h\u00ecnh LED ngo\u00e0i tr\u1eddi l\u00e0 g\u00ec? Qu\u1ea3ng c\u00e1o m\u00e0n&hellip;","og_url":"https:\/\/shojiki.vn\/en\/man-hinh-led-ngoai-troi-tai-can-tho","og_site_name":"Shojiki.vn","article_modified_time":"2024-12-23T08:25:45+00:00","twitter_misc":{"Est. reading time":"6 minutes"},"schema":{"@context":"https:\/\/schema.org","@graph":[{"@type":"WebPage","@id":"https:\/\/shojiki.vn\/en\/man-hinh-led-ngoai-troi-tai-can-tho","url":"https:\/\/shojiki.vn\/en\/man-hinh-led-ngoai-troi-tai-can-tho","name":"M\u00e0n h\u00ecnh LED ngo\u00e0i tr\u1eddi t\u1ea1i C\u1ea7n Th\u01a1 - Shojiki.vn","isPartOf":{"@id":"https:\/\/shojiki.vn\/#website"},"datePublished":"2024-12-23T06:55:22+00:00","dateModified":"2024-12-23T08:25:45+00:00","breadcrumb":{"@id":"https:\/\/shojiki.vn\/en\/man-hinh-led-ngoai-troi-tai-can-tho#breadcrumb"},"inLanguage":"en-US","potentialAction":[{"@type":"ReadAction","target":["https:\/\/shojiki.vn\/en\/man-hinh-led-ngoai-troi-tai-can-tho"]}]},{"@type":"BreadcrumbList","@id":"https:\/\/shojiki.vn\/en\/man-hinh-led-ngoai-troi-tai-can-tho#breadcrumb","itemListElement":[{"@type":"ListItem","position":1,"name":"Home","item":"https:\/\/shojiki.vn\/en"},{"@type":"ListItem","position":2,"name":"M\u00e0n h\u00ecnh LED ngo\u00e0i tr\u1eddi t\u1ea1i C\u1ea7n Th\u01a1"}]},{"@type":"WebSite","@id":"https:\/\/shojiki.vn\/#website","url":"https:\/\/shojiki.vn\/","name":"Shojiki.vn","description":"","potentialAction":[{"@type":"SearchAction","target":{"@type":"EntryPoint","urlTemplate":"https:\/\/shojiki.vn\/?s={search_term_string}"},"query-input":{"@type":"PropertyValueSpecification","valueRequired":true,"valueName":"search_term_string"}}],"inLanguage":"en-US"}]}},"_links":{"self":[{"href":"https:\/\/shojiki.vn\/en\/wp-json\/wp\/v2\/pages\/16516"}],"collection":[{"href":"https:\/\/shojiki.vn\/en\/wp-json\/wp\/v2\/pages"}],"about":[{"href":"https:\/\/shojiki.vn\/en\/wp-json\/wp\/v2\/types\/page"}],"author":[{"embeddable":true,"href":"https:\/\/shojiki.vn\/en\/wp-json\/wp\/v2\/users\/13"}],"replies":[{"embeddable":true,"href":"https:\/\/shojiki.vn\/en\/wp-json\/wp\/v2\/comments?post=16516"}],"version-history":[{"count":3,"href":"https:\/\/shojiki.vn\/en\/wp-json\/wp\/v2\/pages\/16516\/revisions"}],"predecessor-version":[{"id":16523,"href":"https:\/\/shojiki.vn\/en\/wp-json\/wp\/v2\/pages\/16516\/revisions\/16523"}],"wp:attachment":[{"href":"https:\/\/shojiki.vn\/en\/wp-json\/wp\/v2\/media?parent=16516"}],"curies":[{"name":"wp","href":"https:\/\/api.w.org\/{rel}","templated":true}]}}