{"id":13315,"date":"2022-08-29T16:26:36","date_gmt":"2022-08-29T09:26:36","guid":{"rendered":"https:\/\/shojiki.vn\/?page_id=13315"},"modified":"2022-08-29T16:30:44","modified_gmt":"2022-08-29T09:30:44","slug":"led-screen-at-phu-dong-six-way-intersection-13-nguyen-trai-district-1-hcmc-viet-nam","status":"publish","type":"page","link":"https:\/\/shojiki.vn\/en\/led-screen-at-phu-dong-six-way-intersection-13-nguyen-trai-district-1-hcmc-viet-nam","title":{"rendered":"LED screen at Phu Dong Six-Way Intersection, 13 Nguyen Trai, District 1, HCMC, Viet Nam"},"content":{"rendered":"<h2 style=\"text-align: justify;\"><strong><img loading=\"lazy\" decoding=\"async\" class=\"size-full wp-image-13290\" src=\"https:\/\/shojiki.vn\/template\/uploads\/2022\/08\/led-nga-6-phu-dong-13-nguyen-trai-1.png\" alt=\"Qu\u1ea3ng c\u00e1o m\u00e0n h\u00ecnh LED Ng\u00e3 6 Ph\u00f9 \u0110\u1ed5ng, 13 Nguy\u1ec5n Tr\u00e3i, Qu\u1eadn 1\" width=\"908\" height=\"335\" srcset=\"https:\/\/shojiki.vn\/wp-content\/uploads\/2022\/08\/led-nga-6-phu-dong-13-nguyen-trai-1.png 908w, https:\/\/shojiki.vn\/wp-content\/uploads\/2022\/08\/led-nga-6-phu-dong-13-nguyen-trai-1-300x111.png 300w, https:\/\/shojiki.vn\/wp-content\/uploads\/2022\/08\/led-nga-6-phu-dong-13-nguyen-trai-1-768x283.png 768w\" sizes=\"(max-width: 908px) 100vw, 908px\" \/><\/strong><\/h2>\n<h2><b>Specifications of LED screen at Phu Dong Six-Way Intersection, 13 Nguyen Trai<\/b><\/h2>\n<table style=\"width: 94.8521%; height: 221px;\">\n<tbody>\n<tr style=\"height: 22px;\">\n<td class=\"has-text-align-left\" style=\"width: 20.6737%; height: 22px; text-align: center;\" data-align=\"left\"><b>Address<\/b><\/td>\n<td style=\"width: 77.3653%;\">13 Nguyen Trai street, Ben Thanh ward, District 1, Ho Chi Minh City, Viet Nam<\/td>\n<\/tr>\n<tr style=\"height: 176px;\">\n<td class=\"has-text-align-left\" style=\"width: 20.6737%; height: 107px; text-align: center;\" data-align=\"left\"><b>Area features<\/b><\/td>\n<td style=\"width: 77.3653%;\">\n<p style=\"text-align: justify;\"><span class=\"\">\u2013 The LED screen is located at Phu Dong Six-Way Intersection, where is the junction of 6 city centre&#8217;s main streets, crowded with vehicles moving back and forth all day\u00a0<\/span><\/p>\n<p style=\"text-align: justify;\">\u2013 Located at prime area, near New World Hotel and Zen Plaza, attracting the attention of 90% of traffic participants<\/p>\n<p style=\"text-align: justify;\">\u2013 The customer file is diverse, the traffic is always in a busy state.<\/p>\n<\/td>\n<\/tr>\n<tr style=\"height: 26px;\">\n<td class=\"has-text-align-left\" style=\"width: 20.6737%; height: 26px; text-align: center;\" data-align=\"left\"><b>Dimension<\/b><\/td>\n<td class=\"has-text-align-left\" style=\"width: 77.3653%; height: 26px;\" data-align=\"left\"><span style=\"font-size: 12pt;\">7,68mH x 15,36mW = <strong>117,96m2<\/strong><\/span><\/td>\n<\/tr>\n<tr style=\"height: 22px;\">\n<td class=\"has-text-align-left\" style=\"width: 20.6737%; height: 22px; text-align: center;\" data-align=\"left\"><b>Operating time<\/b><\/td>\n<td class=\"has-text-align-left\" style=\"text-align: justify; width: 77.3653%; height: 22px;\" data-align=\"left\"><span style=\"font-size: 16px;\">7a.m &#8211; 11p.m\u00a0<\/span><\/td>\n<\/tr>\n<tr style=\"height: 22px;\">\n<td class=\"has-text-align-left\" style=\"width: 20.6737%; height: 22px; text-align: center;\" data-align=\"left\"><b>Frequency<\/b><\/td>\n<td style=\"width: 77.3653%;\">Minimum 240 spots\/day (each spot is 15s long)<\/td>\n<\/tr>\n<tr style=\"height: 22px;\">\n<td class=\"has-text-align-left\" style=\"width: 20.6737%; height: 22px; text-align: center;\" data-align=\"left\"><b>Price<\/b><\/td>\n<td class=\"has-text-align-left\" style=\"width: 77.3653%; height: 22px;\" data-align=\"left\">Contact: (+84) 933 15 99 88<\/td>\n<\/tr>\n<\/tbody>\n<\/table>\n<div id=\"attachment_13296\" style=\"width: 816px\" class=\"wp-caption aligncenter\"><img loading=\"lazy\" decoding=\"async\" aria-describedby=\"caption-attachment-13296\" class=\"wp-image-13296 size-full\" src=\"https:\/\/shojiki.vn\/template\/uploads\/2022\/08\/led-nga-6-phu-dong-13-nguyen-trai-4-1.png\" alt=\"Qu\u1ea3ng c\u00e1o m\u00e0n h\u00ecnh LED Ng\u00e3 6 Ph\u00f9 \u0110\u1ed5ng, 13 Nguy\u1ec5n Tr\u00e3i, Qu\u1eadn 1\" width=\"806\" height=\"511\" srcset=\"https:\/\/shojiki.vn\/wp-content\/uploads\/2022\/08\/led-nga-6-phu-dong-13-nguyen-trai-4-1.png 806w, https:\/\/shojiki.vn\/wp-content\/uploads\/2022\/08\/led-nga-6-phu-dong-13-nguyen-trai-4-1-300x190.png 300w, https:\/\/shojiki.vn\/wp-content\/uploads\/2022\/08\/led-nga-6-phu-dong-13-nguyen-trai-4-1-768x487.png 768w\" sizes=\"(max-width: 806px) 100vw, 806px\" \/><p id=\"caption-attachment-13296\" class=\"wp-caption-text\">Outdoor advertising LED screen at Phu Dong Six-Way Intersection, 13 Nguyen Trai, District 1, HCMC, Viet Nam<\/p><\/div>\n<h2><b>Outdoor LED screen at <\/b><b>Phu Dong Six-Way Intersection, 13 Nguyen Trai<\/b><\/h2>\n<p style=\"text-align: justify;\">To maximize the ability to reach customers, you should choose the location of outdoor advertising LED screens in places with high traffic density. Therefore, you can not skip the screen here. Why?<\/p>\n<p style=\"text-align: justify;\">With a prime location located on the frontage of Nguyen Trai Street, District 1;\u00a0located right in the city center, a position where traffic jams can occur at any time. The ads here stand out with a luxurious location, totally can reach a diverse customer base. Phu Dong Six-Way Intersection is the junction of 6 main roads of HCMC: Cach Mang Thang Tam, Le Thi Rieng, Nguyen Trai, Nguyen Thi Nghia, Pham Hong Thai and Ly Tu Trong. It can be said that this is an extremely convenient place to travel through District 1, District 5, District 3, District 4 and other neighboring districts.<\/p>\n<p style=\"text-align: justify;\"><span class=\"\">The DOOH at Phu Dong Roundabout has a curved screen which is an outstanding advantage to receive a large amount of traffic seeing advertising from many angles. <\/span>With this factor, your ad will definitely become exclusive and remarkable in this area.<\/p>\n<p style=\"text-align: justify;\">Therefore, the traffic of people especially visitors to this area is very large day and night. Especially when the square holds festival and cultural activities, the number of visitors is always crowded. With this feature, your ad will reach a large number of passersby.<\/p>\n<h2><b>Report on outdoor advertising effectiveness (according to Compass):<\/b><\/h2>\n<div style=\"text-align: justify;\">\n<div id=\"attachment_7156\" style=\"width: 1010px\" class=\"wp-caption aligncenter\"><img loading=\"lazy\" decoding=\"async\" aria-describedby=\"caption-attachment-7156\" class=\"wp-image-7156 size-full\" src=\"https:\/\/shojiki.vn\/template\/uploads\/2021\/08\/quang-cao-ngoai-troi-led-lisence.jpg\" alt=\"license qu\u1ea3ng c\u00e1o m\u00e0n h\u00ecnh led\" width=\"1000\" height=\"500\" srcset=\"https:\/\/shojiki.vn\/wp-content\/uploads\/2021\/08\/quang-cao-ngoai-troi-led-lisence.jpg 1000w, https:\/\/shojiki.vn\/wp-content\/uploads\/2021\/08\/quang-cao-ngoai-troi-led-lisence-300x150.jpg 300w, https:\/\/shojiki.vn\/wp-content\/uploads\/2021\/08\/quang-cao-ngoai-troi-led-lisence-768x384.jpg 768w\" sizes=\"(max-width: 1000px) 100vw, 1000px\" \/><p id=\"caption-attachment-7156\" class=\"wp-caption-text\">License m\u1eabu t\u1ea1i v\u1ecb tr\u00ed LED L\u00fd Ch\u00ednh Th\u1eafng \u0111\u01b0\u1ee3c th\u1ef1c hi\u1ec7n b\u1edfi Compass<\/p><\/div>\n<\/div>\n<div style=\"text-align: justify;\">\n<p style=\"text-align: justify;\">This is a sample license at LED Ly Chinh Thang made by Compass, for a detailed license of outdoor LED advertising location here, please contact <a href=\"https:\/\/compasstech.asia\/en\/\"><span style=\"color: #ff9900;\">Compass Tech<\/span><\/a>.<\/p>\n<\/div>\n<div style=\"text-align: justify;\"><\/div>\n<div id=\"attachment_13302\" style=\"width: 800px\" class=\"wp-caption aligncenter\"><img loading=\"lazy\" decoding=\"async\" aria-describedby=\"caption-attachment-13302\" class=\"wp-image-13302 size-full\" src=\"https:\/\/shojiki.vn\/template\/uploads\/2022\/08\/led-nga-6-phu-dong-13-nguyen-trai-2-1.png\" alt=\"Qu\u1ea3ng c\u00e1o m\u00e0n h\u00ecnh LED Ng\u00e3 6 Ph\u00f9 \u0110\u1ed5ng, 13 Nguy\u1ec5n Tr\u00e3i, Qu\u1eadn 1\" width=\"790\" height=\"511\" srcset=\"https:\/\/shojiki.vn\/wp-content\/uploads\/2022\/08\/led-nga-6-phu-dong-13-nguyen-trai-2-1.png 790w, https:\/\/shojiki.vn\/wp-content\/uploads\/2022\/08\/led-nga-6-phu-dong-13-nguyen-trai-2-1-300x194.png 300w, https:\/\/shojiki.vn\/wp-content\/uploads\/2022\/08\/led-nga-6-phu-dong-13-nguyen-trai-2-1-768x497.png 768w\" sizes=\"(max-width: 790px) 100vw, 790px\" \/><p id=\"caption-attachment-13302\" class=\"wp-caption-text\">LED Phu Dong Six-Way Intersection &#8211; 13 Nguyen Trai, HCMC<\/p><\/div>\n<div style=\"text-align: justify;\"><\/div>\n<p style=\"text-align: justify;\">The screen area is very large about <strong>117,96m2 <\/strong>with more than 16 million colors and the brightness is about 5500~8500cd\/sqm, your advertisement can be illuminated even in the daytime, and more brilliant and outstanding at night.<\/p>\n<p style=\"text-align: justify;\">There have been many large customers contact advertising at this location and achieved great communication effect. And you?<\/p>\n<h2><b>About Digital Out Of Home advertising:<\/b><\/h2>\n<p style=\"text-align: justify;\"><span style=\"font-weight: 400;\"><a href=\"https:\/\/shojiki.vn\/en\/led-screen-advertising\"><span style=\"color: #ff6600;\"><strong>Digital Out Of Home<\/strong><\/span><\/a> becoming a new trend of modern advertising. It has many advantages over than other types of traditional advertising:<\/span><\/p>\n<ul>\n<li style=\"font-weight: 400; text-align: justify;\" aria-level=\"1\"><span style=\"font-weight: 400;\">Vivid advertising content with many presentation forms: slides, videos&#8230;<\/span><\/li>\n<li style=\"font-weight: 400; text-align: justify;\" aria-level=\"1\"><span style=\"font-weight: 400;\">Sharp, realistic images easily convey the message<\/span><\/li>\n<li style=\"font-weight: 400; text-align: justify;\" aria-level=\"1\"><span style=\"font-weight: 400;\">Feel free to change, adjust the ad as you like<\/span><\/li>\n<li style=\"font-weight: 400; text-align: justify;\" aria-level=\"1\"><span style=\"font-weight: 400;\">Integrated moisture-proof and heat-resistant technology to reduce maintenance costs significantly<\/span><\/li>\n<li style=\"font-weight: 400; text-align: justify;\" aria-level=\"1\"><span style=\"font-weight: 400;\">Save more costs when you don&#8217;t have to spend extra money on the production of outdoor hiflex canvas like traditional advertising<\/span><\/li>\n<\/ul>\n<h2><b>How can your ads appear on the LED at <\/b><b>Phu Dong Six-Way Intersection, 13 Nguyen Trai?<\/b><\/h2>\n<p style=\"text-align: justify;\"><span style=\"font-weight: 400;\"><a href=\"https:\/\/shojiki.vn\/en\"><span style=\"color: #ff6600;\"><strong>SHOJIKI Advertising Joint Stock Company<\/strong><\/span><\/a> &#8211; is proud to be one of the leading advertising agencies in Vietnam. With the authorization from the city LED screen dealer, we are committed to bringing you the most prestigious and effective advertising service along with:<\/span><\/p>\n<ul style=\"text-align: justify;\">\n<li style=\"font-weight: 400;\" aria-level=\"1\"><span style=\"font-weight: 400;\">Support service <strong>GENERAL CONSULTATION<\/strong> of advertising strategies<\/span><\/li>\n<li style=\"font-weight: 400;\" aria-level=\"1\"><span style=\"font-weight: 400;\"><strong>SUPPORT SERVICE FOR DESIGNING<\/strong> content, advertising images<\/span><\/li>\n<li style=\"font-weight: 400;\" aria-level=\"1\"><span style=\"font-weight: 400;\">The construction team deploys the advertisement <strong>FAST<\/strong> and <strong>ONLY<\/strong><\/span><\/li>\n<li style=\"font-weight: 400;\" aria-level=\"1\"><span style=\"font-weight: 400;\"><strong>WARRANTY<\/strong> mode for the duration of the campaign<\/span><\/li>\n<li style=\"font-weight: 400;\" aria-level=\"1\"><span style=\"font-weight: 400;\">Attractive <strong>DISCOUNTS<\/strong> and <strong>SALES<\/strong> for customers<\/span><\/li>\n<\/ul>\n<p style=\"text-align: justify;\"><span style=\"font-weight: 400;\">In short, <strong>LED <\/strong><\/span><b>13 Nguyen Trai<\/b>\u00a0<span style=\"font-weight: 400;\">is a great advertising place for your business. That&#8217;s why you should place your ads here. By contacting <a href=\"https:\/\/shojiki.vn\/en\"><span style=\"color: #ff6600;\"><strong>Shojiki<\/strong><\/span><\/a>, we will provide you with more detailed information about this LED.<\/span><\/p>\n<p style=\"text-align: justify;\"><span style=\"font-weight: 400;\">In addition, you can learn more about our other forms of outdoor advertising:<\/span><\/p>\n<ul style=\"text-align: justify;\">\n<li style=\"font-weight: 400;\" aria-level=\"1\"><a href=\"https:\/\/shojiki.vn\/en\/led-screen-advertising\"><span style=\"font-weight: 400; color: #ff6600;\">Outdoor LED Display<\/span><\/a><\/li>\n<li style=\"font-weight: 400;\" aria-level=\"1\"><a href=\"https:\/\/shojiki.vn\/en\/billboard\"><span style=\"font-weight: 400; color: #ff6600;\">Signboards, billboards, panels<\/span><\/a><\/li>\n<li style=\"font-weight: 400;\" aria-level=\"1\"><a href=\"https:\/\/shojiki.vn\/en\/offline-advertising\/airplane-advertising\"><span style=\"font-weight: 400; color: #ff6600;\">Airplane advertising<\/span><\/a><\/li>\n<li style=\"font-weight: 400;\" aria-level=\"1\"><a href=\"https:\/\/shojiki.vn\/en\/offline-advertising\/taxi-advertising\"><span style=\"font-weight: 400; color: #ff6600;\">Service of gluing ads on taxis<\/span><\/a><\/li>\n<li style=\"font-weight: 400;\" aria-level=\"1\"><a href=\"https:\/\/shojiki.vn\/en\/offline-advertising\/bus-advertising\"><span style=\"font-weight: 400; color: #ff6600;\">Bus advertising<\/span><\/a><\/li>\n<li style=\"font-weight: 400;\" aria-level=\"1\"><a href=\"https:\/\/shojiki.vn\/en\/advertise-on-grab-app-shojiki-is-an-official-grab-agent\"><span style=\"font-weight: 400; color: #ff6600;\">Advertisement on apps Grab<\/span><\/a><\/li>\n<li style=\"font-weight: 400;\" aria-level=\"1\"><a href=\"https:\/\/shojiki.vn\/en\/offline-advertising\/advertising-at-gas-station\"><span style=\"font-weight: 400; color: #ff6600;\">Advertisement at gas station<\/span><\/a><\/li>\n<li style=\"font-weight: 400;\" aria-level=\"1\"><a href=\"https:\/\/shojiki.vn\/en\/advertising-at-convenience-stores\"><span style=\"font-weight: 400; color: #ff6600;\">Convenience store<\/span><\/a><\/li>\n<\/ul>\n<p style=\"text-align: justify;\"><strong>You can survey prices and buy online at: <a href=\"https:\/\/ooh.com.vn\/\"><span style=\"color: #ff6600;\">WikiOOH<\/span><\/a><\/strong><\/p>\n<p style=\"text-align: justify;\"><strong>We will measure the effectiveness of your outdoor advertising at: <a href=\"https:\/\/compasstech.asia\/en\/\"><span style=\"color: #ff6600;\">Compass Tech<\/span><\/a><\/strong><\/p>\n<div id=\"attachment_13308\" style=\"width: 838px\" class=\"wp-caption alignnone\"><img loading=\"lazy\" decoding=\"async\" aria-describedby=\"caption-attachment-13308\" class=\"wp-image-13308 size-full\" src=\"https:\/\/shojiki.vn\/template\/uploads\/2022\/08\/led-nga-6-phu-dong-13-nguyen-trai-1-1.png\" alt=\"Qu\u1ea3ng c\u00e1o m\u00e0n h\u00ecnh LED Ng\u00e3 6 Ph\u00f9 \u0110\u1ed5ng, 13 Nguy\u1ec5n Tr\u00e3i, Qu\u1eadn 1\" width=\"828\" height=\"511\" srcset=\"https:\/\/shojiki.vn\/wp-content\/uploads\/2022\/08\/led-nga-6-phu-dong-13-nguyen-trai-1-1.png 828w, https:\/\/shojiki.vn\/wp-content\/uploads\/2022\/08\/led-nga-6-phu-dong-13-nguyen-trai-1-1-300x185.png 300w, https:\/\/shojiki.vn\/wp-content\/uploads\/2022\/08\/led-nga-6-phu-dong-13-nguyen-trai-1-1-768x474.png 768w\" sizes=\"(max-width: 828px) 100vw, 828px\" \/><p id=\"caption-attachment-13308\" class=\"wp-caption-text\">The advertisement is more brilliant and outstanding at night.<\/p><\/div>\n","protected":false},"excerpt":{"rendered":"<p>Specifications of LED screen at Phu Dong Six-Way Intersection, 13 Nguyen Trai Address 13 Nguyen Trai street, Ben Thanh ward, District 1, Ho Chi Minh City, Viet Nam Area features \u2013 The LED screen is located at Phu Dong Six-Way Intersection, where is the junction of 6 city centre&#8217;s main streets, crowded with vehicles moving&hellip;<\/p>\n","protected":false},"author":4,"featured_media":17416,"parent":0,"menu_order":0,"comment_status":"closed","ping_status":"closed","template":"","meta":{"_acf_changed":false,"footnotes":""},"class_list":["post-13315","page","type-page","status-publish","has-post-thumbnail","hentry","description-off"],"acf":[],"yoast_head":"<!-- This site is optimized with the Yoast SEO plugin v25.6 - https:\/\/yoast.com\/wordpress\/plugins\/seo\/ -->\n<title>LED screen at Phu Dong Six-Way Intersection, 13 Nguyen Trai - Shojiki<\/title>\n<meta name=\"description\" content=\"LED screen at Phu Dong Six-Way Intersection, 13 Nguyen Trai is\u00a0located right in the city center of HCMC. Contact now: (+84) 933 15 99 88\u00a0\" \/>\n<meta name=\"robots\" content=\"index, follow, max-snippet:-1, max-image-preview:large, max-video-preview:-1\" \/>\n<link rel=\"canonical\" href=\"https:\/\/shojiki.vn\/en\/led-screen-at-phu-dong-six-way-intersection-13-nguyen-trai-district-1-hcmc-viet-nam\" \/>\n<meta property=\"og:locale\" content=\"en_US\" \/>\n<meta property=\"og:type\" content=\"article\" \/>\n<meta property=\"og:title\" content=\"LED screen at Phu Dong Six-Way Intersection, 13 Nguyen Trai - Shojiki\" \/>\n<meta property=\"og:description\" content=\"LED screen at Phu Dong Six-Way Intersection, 13 Nguyen Trai is\u00a0located right in the city center of HCMC. Contact now: (+84) 933 15 99 88\u00a0\" \/>\n<meta property=\"og:url\" content=\"https:\/\/shojiki.vn\/en\/led-screen-at-phu-dong-six-way-intersection-13-nguyen-trai-district-1-hcmc-viet-nam\" \/>\n<meta property=\"og:site_name\" content=\"Shojiki.vn\" \/>\n<meta property=\"article:modified_time\" content=\"2022-08-29T09:30:44+00:00\" \/>\n<meta property=\"og:image\" content=\"https:\/\/shojiki.vn\/template\/uploads\/2022\/08\/led-nga-6-phu-dong-13-nguyen-trai-1-1.png\" \/>\n\t<meta property=\"og:image:width\" content=\"828\" \/>\n\t<meta property=\"og:image:height\" content=\"511\" \/>\n\t<meta property=\"og:image:type\" content=\"image\/png\" \/>\n<meta name=\"twitter:label1\" content=\"Est. reading time\" \/>\n\t<meta name=\"twitter:data1\" content=\"6 minutes\" \/>\n<script type=\"application\/ld+json\" class=\"yoast-schema-graph\">{\"@context\":\"https:\/\/schema.org\",\"@graph\":[{\"@type\":\"WebPage\",\"@id\":\"https:\/\/shojiki.vn\/en\/led-screen-at-phu-dong-six-way-intersection-13-nguyen-trai-district-1-hcmc-viet-nam\",\"url\":\"https:\/\/shojiki.vn\/en\/led-screen-at-phu-dong-six-way-intersection-13-nguyen-trai-district-1-hcmc-viet-nam\",\"name\":\"LED screen at Phu Dong Six-Way Intersection, 13 Nguyen Trai - Shojiki\",\"isPartOf\":{\"@id\":\"https:\/\/shojiki.vn\/#website\"},\"primaryImageOfPage\":{\"@id\":\"https:\/\/shojiki.vn\/en\/led-screen-at-phu-dong-six-way-intersection-13-nguyen-trai-district-1-hcmc-viet-nam#primaryimage\"},\"image\":{\"@id\":\"https:\/\/shojiki.vn\/en\/led-screen-at-phu-dong-six-way-intersection-13-nguyen-trai-district-1-hcmc-viet-nam#primaryimage\"},\"thumbnailUrl\":\"https:\/\/shojiki.vn\/wp-content\/uploads\/2025\/06\/man-hinh-led-nga-6-phu-dong-con-cung.jpg\",\"datePublished\":\"2022-08-29T09:26:36+00:00\",\"dateModified\":\"2022-08-29T09:30:44+00:00\",\"description\":\"LED screen at Phu Dong Six-Way Intersection, 13 Nguyen Trai is\u00a0located right in the city center of HCMC. Contact now: (+84) 933 15 99 88\u00a0\",\"breadcrumb\":{\"@id\":\"https:\/\/shojiki.vn\/en\/led-screen-at-phu-dong-six-way-intersection-13-nguyen-trai-district-1-hcmc-viet-nam#breadcrumb\"},\"inLanguage\":\"en-US\",\"potentialAction\":[{\"@type\":\"ReadAction\",\"target\":[\"https:\/\/shojiki.vn\/en\/led-screen-at-phu-dong-six-way-intersection-13-nguyen-trai-district-1-hcmc-viet-nam\"]}]},{\"@type\":\"ImageObject\",\"inLanguage\":\"en-US\",\"@id\":\"https:\/\/shojiki.vn\/en\/led-screen-at-phu-dong-six-way-intersection-13-nguyen-trai-district-1-hcmc-viet-nam#primaryimage\",\"url\":\"https:\/\/shojiki.vn\/wp-content\/uploads\/2025\/06\/man-hinh-led-nga-6-phu-dong-con-cung.jpg\",\"contentUrl\":\"https:\/\/shojiki.vn\/wp-content\/uploads\/2025\/06\/man-hinh-led-nga-6-phu-dong-con-cung.jpg\",\"width\":840,\"height\":560,\"caption\":\"M\u00e0n h\u00ecnh LED ng\u00e3 6 Ph\u00f9 \u0110\u1ed5ng (Con C\u01b0ng) r\u1ea5t to v\u00e0 s\u00e1ng, ng\u01b0\u1eddi \u0111i \u0111\u01b0\u1eddng d\u1ec5 d\u00e0ng nh\u00ecn th\u1ea5y th\u01b0\u01a1ng hi\u1ec7u c\u1ee7a b\u1ea1n t\u1ea1i \u0111\u00e2y.\"},{\"@type\":\"BreadcrumbList\",\"@id\":\"https:\/\/shojiki.vn\/en\/led-screen-at-phu-dong-six-way-intersection-13-nguyen-trai-district-1-hcmc-viet-nam#breadcrumb\",\"itemListElement\":[{\"@type\":\"ListItem\",\"position\":1,\"name\":\"Home\",\"item\":\"https:\/\/shojiki.vn\/en\"},{\"@type\":\"ListItem\",\"position\":2,\"name\":\"LED screen at Phu Dong Six-Way Intersection, 13 Nguyen Trai, District 1, HCMC, Viet Nam\"}]},{\"@type\":\"WebSite\",\"@id\":\"https:\/\/shojiki.vn\/#website\",\"url\":\"https:\/\/shojiki.vn\/\",\"name\":\"Shojiki.vn\",\"description\":\"\",\"potentialAction\":[{\"@type\":\"SearchAction\",\"target\":{\"@type\":\"EntryPoint\",\"urlTemplate\":\"https:\/\/shojiki.vn\/?s={search_term_string}\"},\"query-input\":{\"@type\":\"PropertyValueSpecification\",\"valueRequired\":true,\"valueName\":\"search_term_string\"}}],\"inLanguage\":\"en-US\"}]}<\/script>\n<!-- \/ Yoast SEO plugin. -->","yoast_head_json":{"title":"LED screen at Phu Dong Six-Way Intersection, 13 Nguyen Trai - Shojiki","description":"LED screen at Phu Dong Six-Way Intersection, 13 Nguyen Trai is\u00a0located right in the city center of HCMC. Contact now: (+84) 933 15 99 88\u00a0","robots":{"index":"index","follow":"follow","max-snippet":"max-snippet:-1","max-image-preview":"max-image-preview:large","max-video-preview":"max-video-preview:-1"},"canonical":"https:\/\/shojiki.vn\/en\/led-screen-at-phu-dong-six-way-intersection-13-nguyen-trai-district-1-hcmc-viet-nam","og_locale":"en_US","og_type":"article","og_title":"LED screen at Phu Dong Six-Way Intersection, 13 Nguyen Trai - Shojiki","og_description":"LED screen at Phu Dong Six-Way Intersection, 13 Nguyen Trai is\u00a0located right in the city center of HCMC. Contact now: (+84) 933 15 99 88\u00a0","og_url":"https:\/\/shojiki.vn\/en\/led-screen-at-phu-dong-six-way-intersection-13-nguyen-trai-district-1-hcmc-viet-nam","og_site_name":"Shojiki.vn","article_modified_time":"2022-08-29T09:30:44+00:00","og_image":[{"width":828,"height":511,"url":"https:\/\/shojiki.vn\/template\/uploads\/2022\/08\/led-nga-6-phu-dong-13-nguyen-trai-1-1.png","type":"image\/png"}],"twitter_misc":{"Est. reading time":"6 minutes"},"schema":{"@context":"https:\/\/schema.org","@graph":[{"@type":"WebPage","@id":"https:\/\/shojiki.vn\/en\/led-screen-at-phu-dong-six-way-intersection-13-nguyen-trai-district-1-hcmc-viet-nam","url":"https:\/\/shojiki.vn\/en\/led-screen-at-phu-dong-six-way-intersection-13-nguyen-trai-district-1-hcmc-viet-nam","name":"LED screen at Phu Dong Six-Way Intersection, 13 Nguyen Trai - Shojiki","isPartOf":{"@id":"https:\/\/shojiki.vn\/#website"},"primaryImageOfPage":{"@id":"https:\/\/shojiki.vn\/en\/led-screen-at-phu-dong-six-way-intersection-13-nguyen-trai-district-1-hcmc-viet-nam#primaryimage"},"image":{"@id":"https:\/\/shojiki.vn\/en\/led-screen-at-phu-dong-six-way-intersection-13-nguyen-trai-district-1-hcmc-viet-nam#primaryimage"},"thumbnailUrl":"https:\/\/shojiki.vn\/wp-content\/uploads\/2025\/06\/man-hinh-led-nga-6-phu-dong-con-cung.jpg","datePublished":"2022-08-29T09:26:36+00:00","dateModified":"2022-08-29T09:30:44+00:00","description":"LED screen at Phu Dong Six-Way Intersection, 13 Nguyen Trai is\u00a0located right in the city center of HCMC. Contact now: (+84) 933 15 99 88\u00a0","breadcrumb":{"@id":"https:\/\/shojiki.vn\/en\/led-screen-at-phu-dong-six-way-intersection-13-nguyen-trai-district-1-hcmc-viet-nam#breadcrumb"},"inLanguage":"en-US","potentialAction":[{"@type":"ReadAction","target":["https:\/\/shojiki.vn\/en\/led-screen-at-phu-dong-six-way-intersection-13-nguyen-trai-district-1-hcmc-viet-nam"]}]},{"@type":"ImageObject","inLanguage":"en-US","@id":"https:\/\/shojiki.vn\/en\/led-screen-at-phu-dong-six-way-intersection-13-nguyen-trai-district-1-hcmc-viet-nam#primaryimage","url":"https:\/\/shojiki.vn\/wp-content\/uploads\/2025\/06\/man-hinh-led-nga-6-phu-dong-con-cung.jpg","contentUrl":"https:\/\/shojiki.vn\/wp-content\/uploads\/2025\/06\/man-hinh-led-nga-6-phu-dong-con-cung.jpg","width":840,"height":560,"caption":"M\u00e0n h\u00ecnh LED ng\u00e3 6 Ph\u00f9 \u0110\u1ed5ng (Con C\u01b0ng) r\u1ea5t to v\u00e0 s\u00e1ng, ng\u01b0\u1eddi \u0111i \u0111\u01b0\u1eddng d\u1ec5 d\u00e0ng nh\u00ecn th\u1ea5y th\u01b0\u01a1ng hi\u1ec7u c\u1ee7a b\u1ea1n t\u1ea1i \u0111\u00e2y."},{"@type":"BreadcrumbList","@id":"https:\/\/shojiki.vn\/en\/led-screen-at-phu-dong-six-way-intersection-13-nguyen-trai-district-1-hcmc-viet-nam#breadcrumb","itemListElement":[{"@type":"ListItem","position":1,"name":"Home","item":"https:\/\/shojiki.vn\/en"},{"@type":"ListItem","position":2,"name":"LED screen at Phu Dong Six-Way Intersection, 13 Nguyen Trai, District 1, HCMC, Viet Nam"}]},{"@type":"WebSite","@id":"https:\/\/shojiki.vn\/#website","url":"https:\/\/shojiki.vn\/","name":"Shojiki.vn","description":"","potentialAction":[{"@type":"SearchAction","target":{"@type":"EntryPoint","urlTemplate":"https:\/\/shojiki.vn\/?s={search_term_string}"},"query-input":{"@type":"PropertyValueSpecification","valueRequired":true,"valueName":"search_term_string"}}],"inLanguage":"en-US"}]}},"_links":{"self":[{"href":"https:\/\/shojiki.vn\/en\/wp-json\/wp\/v2\/pages\/13315"}],"collection":[{"href":"https:\/\/shojiki.vn\/en\/wp-json\/wp\/v2\/pages"}],"about":[{"href":"https:\/\/shojiki.vn\/en\/wp-json\/wp\/v2\/types\/page"}],"author":[{"embeddable":true,"href":"https:\/\/shojiki.vn\/en\/wp-json\/wp\/v2\/users\/4"}],"replies":[{"embeddable":true,"href":"https:\/\/shojiki.vn\/en\/wp-json\/wp\/v2\/comments?post=13315"}],"version-history":[{"count":2,"href":"https:\/\/shojiki.vn\/en\/wp-json\/wp\/v2\/pages\/13315\/revisions"}],"predecessor-version":[{"id":13319,"href":"https:\/\/shojiki.vn\/en\/wp-json\/wp\/v2\/pages\/13315\/revisions\/13319"}],"wp:featuredmedia":[{"embeddable":true,"href":"https:\/\/shojiki.vn\/en\/wp-json\/wp\/v2\/media\/17416"}],"wp:attachment":[{"href":"https:\/\/shojiki.vn\/en\/wp-json\/wp\/v2\/media?parent=13315"}],"curies":[{"name":"wp","href":"https:\/\/api.w.org\/{rel}","templated":true}]}}