{"id":13061,"date":"2022-07-28T11:03:17","date_gmt":"2022-07-28T04:03:17","guid":{"rendered":"https:\/\/shojiki.vn\/?page_id=13061"},"modified":"2022-07-28T11:03:17","modified_gmt":"2022-07-28T04:03:17","slug":"thanh-buoi-coach-decal-advertising","status":"publish","type":"page","link":"https:\/\/shojiki.vn\/en\/thanh-buoi-coach-decal-advertising","title":{"rendered":"Thanh Buoi coach decal advertising"},"content":{"rendered":"<h3><strong>Forms of advertising on long-distance buses:<\/strong><\/h3>\n<p>Besides the current forms of advertising such as advertising on traditional billboards, advertising on LED screens, advertising on buses, taxis, technology taxis or even on airplanes. Advertising on moving vehicles is no longer strange to businesses and road users. Especially Thanh Buoi coach decal.<\/p>\n<div class=\"wp-caption aligncenter\">\n<div id=\"attachment_3207\" style=\"width: 862px\" class=\"wp-caption aligncenter\"><img loading=\"lazy\" decoding=\"async\" aria-describedby=\"caption-attachment-3207\" class=\"wp-image-3207\" src=\"https:\/\/shojiki.vn\/template\/uploads\/2020\/04\/h\u00ecnh-3-5.jpg\" alt=\"Qu\u1ea3ng c\u00e1o xe Th\u00e0nh B\u01b0\u1edfi\" width=\"852\" height=\"639\" srcset=\"https:\/\/shojiki.vn\/wp-content\/uploads\/2020\/04\/h\u00ecnh-3-5.jpg 1116w, https:\/\/shojiki.vn\/wp-content\/uploads\/2020\/04\/h\u00ecnh-3-5-300x225.jpg 300w, https:\/\/shojiki.vn\/wp-content\/uploads\/2020\/04\/h\u00ecnh-3-5-768x576.jpg 768w, https:\/\/shojiki.vn\/wp-content\/uploads\/2020\/04\/h\u00ecnh-3-5-1030x773.jpg 1030w\" sizes=\"(max-width: 852px) 100vw, 852px\" \/><p id=\"caption-attachment-3207\" class=\"wp-caption-text\">The image of advertising stickers on Thanh Buoi\u2019s car was made by Shojiki<\/p><\/div>\n<\/div>\n<p>The benefit from advertising on moving vehicles is that the advertising information you want to convey to consumers is wider. That is, the demographics also become more diverse. For traditional billboard advertising or LED screens, force people passing by and interact with your ad. Instead, with Phuong Trang coach stickers ads, the message you aim to give customers is more proactive. Viewers may stand still, but your ad may not.<\/p>\n<p>Not only helps images, advertising messages of brands can go everywhere. From there, improve brand awareness and help your ads become new and more creative.<\/p>\n<h3><strong>Advertising area on long-distance buses.<\/strong><\/h3>\n<p style=\"text-align: justify;\">Currently, we are exploiting advertising on both sides of the bus, most of which are Thaco 44-bed sleepers. Advertising area does not exceed 50% of vehicle area.<\/p>\n<p style=\"text-align: justify;\">Bus routes are departing from Ho Chi Minh to other provinces such as Lam Dong, western and central provinces.<\/p>\n<p style=\"text-align: justify;\">In addition to advertising on buses, a type of vehicle that moves a lot in the city, Shojiki pioneered to exploit more advertising channels on long-distance and intercity buses. Shojiki has chosen Phuong Trang garage \u2013 the largest and most prestigious garage in the market to cooperate with advertising.<\/p>\n<div>\n<dl id=\"attachment_3215\">\n<dt>\n<div id=\"attachment_3205\" style=\"width: 848px\" class=\"wp-caption aligncenter\"><img loading=\"lazy\" decoding=\"async\" aria-describedby=\"caption-attachment-3205\" class=\"wp-image-3205 size-full\" src=\"https:\/\/shojiki.vn\/template\/uploads\/2020\/04\/h\u00ecnh-1-5.jpg\" alt=\"qu\u1ea3ng c\u00e1o d\u00e1n xe Th\u00e0nh B\u01b0\u1edfi\" width=\"838\" height=\"629\" srcset=\"https:\/\/shojiki.vn\/wp-content\/uploads\/2020\/04\/h\u00ecnh-1-5.jpg 838w, https:\/\/shojiki.vn\/wp-content\/uploads\/2020\/04\/h\u00ecnh-1-5-300x225.jpg 300w, https:\/\/shojiki.vn\/wp-content\/uploads\/2020\/04\/h\u00ecnh-1-5-768x576.jpg 768w\" sizes=\"(max-width: 838px) 100vw, 838px\" \/><p id=\"caption-attachment-3205\" class=\"wp-caption-text\">Milo ad on Thanh Buoi Coach made by Shojiki<\/p><\/div><\/dt>\n<\/dl>\n<\/div>\n<h3><strong>What is intercity vehicles\u00a0and passenger car advertising?<\/strong><\/h3>\n<p style=\"text-align: justify;\">Advertising on long-distance buses and intercity buses is one of the most attractive forms of advertising on\u00a0<span style=\"color: #ff6600;\"><a style=\"color: #ff6600;\" href=\"https:\/\/shojiki.vn\/en\/transport-advertising\">vehicles<\/a>.<\/span>\u00a0This is a potential form of advertising stickers that businesses are always looking for.\u00a0Currently, long-distance passenger cars are the public means of transport that cover most of the country;\u00a0with a large advertising decal area;\u00a0This is undeniably the best form of advertising to convey brand messages today.<\/p>\n<p><span style=\"font-size: 14pt;\"><strong><img loading=\"lazy\" decoding=\"async\" class=\"aligncenter wp-image-3206 size-full\" src=\"https:\/\/shojiki.vn\/template\/uploads\/2020\/04\/h\u00ecnh-2-5.jpg\" alt=\"Qu\u1ea3ng c\u00e1o xe Th\u00e0nh B\u01b0\u1edfi\" width=\"838\" height=\"629\" srcset=\"https:\/\/shojiki.vn\/wp-content\/uploads\/2020\/04\/h\u00ecnh-2-5.jpg 838w, https:\/\/shojiki.vn\/wp-content\/uploads\/2020\/04\/h\u00ecnh-2-5-300x225.jpg 300w, https:\/\/shojiki.vn\/wp-content\/uploads\/2020\/04\/h\u00ecnh-2-5-768x576.jpg 768w\" sizes=\"(max-width: 838px) 100vw, 838px\" \/><\/strong><\/span><\/p>\n<h3><strong>Why should you choose the form of advertising stickers on intercity and long-distance passenger cars?<\/strong><\/h3>\n<ul>\n<li style=\"text-align: justify;\">Advertising area\u00a0\u00a0<strong>on passenger cars has a \u201cterrible\u201d size:<\/strong>\u00a0Because the advertising area is larger than other vehicles, businesses can freely create maquettes without hesitation;\u00a0Because even if the distance is far, the viewer can still see the content.\u00a0In particular, advertising coverage throughout the country, effectively bringing customers\u2019 brands on every street.<\/li>\n<li style=\"text-align: justify;\">The advertising message is repeated continuously: Long-distance buses, intercity buses (such as\u00a0<span style=\"color: #ff6600;\"><a style=\"color: #ff6600;\" href=\"https:\/\/shojiki.vn\/quang-cao-dan-xe-phuong-trang\">Phuong Trang<\/a><\/span>\u00a0coach,\u00a0<span style=\"color: #ff6600;\"><a style=\"color: #ff6600;\" href=\"https:\/\/shojiki.vn\/quang-cao-dan-xe-thanh-buoi\">Thanh Buoi<\/a>\u00a0<\/span>coach) always have a default route, have many stops and must run continuously every day. continue on the same route. With such frequency, it makes viewers impressed and remember the brand for a long time.<\/li>\n<li style=\"text-align: justify;\">Access to many customers at the same time: Anyone can take a bus from the elderly, students, office workers;\u2026 and anyone in traffic can see ads on the bus. customers, so in the series of above objects, there will definitely be a group of potential customers who are interested in your brand.<\/li>\n<li style=\"text-align: justify;\">Viewers are passive before advertising: It can be said that this is one of the outstanding advantages of advertising on\u00a0<span style=\"color: #ff6600;\"><a style=\"color: #ff6600;\" href=\"https:\/\/shojiki.vn\/en\/transport-advertising\">moving media.<\/a>\u00a0<\/span>Viewers cannot turn off advertising, they are exposed to it passively;\u00a0whether there is a need or not.<b><\/b><\/li>\n<li style=\"text-align: justify;\">Cost savings for businesses: Low cost and suitable for many products and services, can be implemented for a long time and bring impressive results.<\/li>\n<\/ul>\n<p style=\"text-align: justify;\"><span style=\"font-size: 14pt;\"><strong><img loading=\"lazy\" decoding=\"async\" class=\"aligncenter wp-image-3209 size-full\" src=\"https:\/\/shojiki.vn\/template\/uploads\/2020\/04\/h\u00ecnh-5-3.jpg\" alt=\"qu\u1ea3ng c\u00e1o xe Th\u00e0nh B\u01b0\u1edfi\" width=\"825\" height=\"618\" srcset=\"https:\/\/shojiki.vn\/wp-content\/uploads\/2020\/04\/h\u00ecnh-5-3.jpg 825w, https:\/\/shojiki.vn\/wp-content\/uploads\/2020\/04\/h\u00ecnh-5-3-300x225.jpg 300w, https:\/\/shojiki.vn\/wp-content\/uploads\/2020\/04\/h\u00ecnh-5-3-768x575.jpg 768w\" sizes=\"(max-width: 825px) 100vw, 825px\" \/><\/strong><\/span><\/p>\n<h2><strong>How do your ads appear on Phuong Trang coach?<\/strong><\/h2>\n<p><span style=\"color: #ff6600;\"><a style=\"color: #ff6600;\" href=\"https:\/\/shojiki.vn\/en\"><strong>SHOJIKI\u00a0<\/strong>Advertising Joint Stock Company<\/a>;\u00a0<\/span>proud to be one of the leading advertising agencies in Vietnam.\u00a0We are committed to providing you with a reputable advertising service;\u00a0Most effective with:<\/p>\n<ul>\n<li>Support service\u00a0\u00a0<strong>GENERAL CONSULTATION<\/strong>\u00a0\u00a0of advertising strategies<\/li>\n<li><strong>SUPPORT SERVICE FOR DESIGNING<\/strong>\u00a0content\u00a0\u00a0\u00a0, advertising images<\/li>\n<li>The construction team deploys the advertisement\u00a0\u00a0<strong>FAST<\/strong>\u00a0\u00a0and\u00a0\u00a0<strong>ONLY<\/strong><\/li>\n<li><strong>WARRANTY<\/strong>\u00a0mode\u00a0\u00a0\u00a0for the duration of the campaign<\/li>\n<li><strong>Attractive\u00a0<\/strong><strong>DISCOUNTS<\/strong>\u00a0\u00a0and\u00a0\u00a0SALES\u00a0\u00a0\u00a0for customers<\/li>\n<\/ul>\n<p>Please\u00a0<span style=\"color: #ff6600;\"><a style=\"color: #ff6600;\" href=\"https:\/\/shojiki.vn\/en\/contact-us\">contact<\/a><\/span>\u00a0us for a free consultation on this type of advertising.<\/p>\n<p>In addition, you can learn more about our other forms of outdoor advertising:<\/p>\n<ul>\n<li><span style=\"color: #ff6600;\"><a style=\"color: #ff6600;\" href=\"https:\/\/shojiki.vn\/quang-cao-led-ngoai-troi\">Outdoor LED Display<\/a><\/span><\/li>\n<li><span style=\"color: #ff6600;\"><a style=\"color: #ff6600;\" href=\"https:\/\/shojiki.vn\/quang-cao-bien-bang\">Signboards, billboards, panels<\/a><\/span><\/li>\n<li><span style=\"color: #ff6600;\"><a style=\"color: #ff6600;\" href=\"https:\/\/shojiki.vn\/quang-cao-may-bay\">Airplane advertising<\/a><\/span><\/li>\n<li><span style=\"color: #ff6600;\"><a style=\"color: #ff6600;\" href=\"https:\/\/shojiki.vn\/quang-cao-offline\/quang-cao-xe-taxi\">Service of gluing ads on taxis<\/a><\/span><\/li>\n<li><span style=\"color: #ff6600;\"><a style=\"color: #ff6600;\" href=\"https:\/\/shojiki.vn\/quang-cao-offline\/quang-cao-xe-bus\">Bus<\/a><\/span><\/li>\n<li><span style=\"color: #ff6600;\"><a style=\"color: #ff6600;\" href=\"https:\/\/shojiki.vn\/quang-cao-tren-app-grab\">Super app Grab Ads<\/a><\/span><\/li>\n<li><span style=\"color: #ff6600;\"><a style=\"color: #ff6600;\" href=\"https:\/\/shojiki.vn\/quang-cao-tram-xang-tin-nghia\">Advertisement at gas station<\/a><\/span><\/li>\n<li><span style=\"color: #ff6600;\"><a style=\"color: #ff6600;\" href=\"https:\/\/shojiki.vn\/quang-cao-tai-cua-hang-tien-loi\">Grocery store<\/a><\/span><\/li>\n<\/ul>\n<h4><strong>You can survey prices and buy billboards online at:\u00a0<span style=\"color: #ff6600;\"><a style=\"color: #ff6600;\" href=\"https:\/\/ooh.com.vn\/\">WikiOOH<\/a><\/span><\/strong><br \/>\n<strong>We will measure the effectiveness of your outdoor advertising at:<span style=\"color: #ff6600;\"><a style=\"color: #ff6600;\" href=\"https:\/\/compasstech.asia\/\">\u00a0Compass Tech<\/a><\/span><\/strong><\/h4>\n<h2><strong>Some customers have accompanied Shojiki on Thanh Buoi coach decal:<\/strong><\/h2>\n<p><span style=\"font-size: 14pt;\"><strong><img loading=\"lazy\" decoding=\"async\" class=\"aligncenter wp-image-3208\" src=\"https:\/\/shojiki.vn\/template\/uploads\/2020\/04\/h\u00ecnh-4-4.jpg\" alt=\"Th\u00e0nh b\u01b0\u1edfi\" width=\"845\" height=\"633\" srcset=\"https:\/\/shojiki.vn\/wp-content\/uploads\/2020\/04\/h\u00ecnh-4-4.jpg 825w, https:\/\/shojiki.vn\/wp-content\/uploads\/2020\/04\/h\u00ecnh-4-4-300x225.jpg 300w, https:\/\/shojiki.vn\/wp-content\/uploads\/2020\/04\/h\u00ecnh-4-4-768x575.jpg 768w\" sizes=\"(max-width: 845px) 100vw, 845px\" \/><img loading=\"lazy\" decoding=\"async\" class=\"aligncenter wp-image-3210 size-full\" src=\"https:\/\/shojiki.vn\/template\/uploads\/2020\/04\/h\u00ecnh-6-2.jpg\" alt=\"Qu\u1ea3ng c\u00e1o xe kh\u00e1ch \" width=\"838\" height=\"629\" srcset=\"https:\/\/shojiki.vn\/wp-content\/uploads\/2020\/04\/h\u00ecnh-6-2.jpg 838w, https:\/\/shojiki.vn\/wp-content\/uploads\/2020\/04\/h\u00ecnh-6-2-300x225.jpg 300w, https:\/\/shojiki.vn\/wp-content\/uploads\/2020\/04\/h\u00ecnh-6-2-768x576.jpg 768w\" sizes=\"(max-width: 838px) 100vw, 838px\" \/><\/strong><\/span><\/p>\n<p><span style=\"font-size: 14pt;\"><strong><img loading=\"lazy\" decoding=\"async\" class=\"aligncenter wp-image-3211 size-full\" src=\"https:\/\/shojiki.vn\/template\/uploads\/2020\/04\/h\u00ecnh-7-2.jpg\" alt=\"d\u00e1n xe Th\u00e0nh B\u01b0\u1edfi\" width=\"838\" height=\"629\" srcset=\"https:\/\/shojiki.vn\/wp-content\/uploads\/2020\/04\/h\u00ecnh-7-2.jpg 838w, https:\/\/shojiki.vn\/wp-content\/uploads\/2020\/04\/h\u00ecnh-7-2-300x225.jpg 300w, https:\/\/shojiki.vn\/wp-content\/uploads\/2020\/04\/h\u00ecnh-7-2-768x576.jpg 768w\" sizes=\"(max-width: 838px) 100vw, 838px\" \/><\/strong><\/span><\/p>\n","protected":false},"excerpt":{"rendered":"<p>Forms of advertising on long-distance buses: Besides the current forms of advertising such as advertising on traditional billboards, advertising on LED screens, advertising on buses, taxis, technology taxis or even on airplanes. Advertising on moving vehicles is no longer strange to businesses and road users. Especially Thanh Buoi coach decal. The benefit from advertising on&hellip;<\/p>\n","protected":false},"author":4,"featured_media":8479,"parent":0,"menu_order":0,"comment_status":"closed","ping_status":"closed","template":"","meta":{"_acf_changed":false,"footnotes":""},"class_list":["post-13061","page","type-page","status-publish","has-post-thumbnail","hentry","description-off"],"acf":[],"yoast_head":"<!-- This site is optimized with the Yoast SEO plugin v25.6 - https:\/\/yoast.com\/wordpress\/plugins\/seo\/ -->\n<title>Thanh Buoi coach decal advertising - Shojiki.vn<\/title>\n<meta name=\"description\" content=\"Shojiki is Vietnam&#039;s largest ads on car company. We cooperate with many big car companies such as: Thanh Buoi, Phuong Trang. 0933 15 99 88\" \/>\n<meta name=\"robots\" content=\"index, follow, max-snippet:-1, max-image-preview:large, max-video-preview:-1\" \/>\n<link rel=\"canonical\" href=\"https:\/\/shojiki.vn\/en\/thanh-buoi-coach-decal-advertising\" \/>\n<meta property=\"og:locale\" content=\"en_US\" \/>\n<meta property=\"og:type\" content=\"article\" \/>\n<meta property=\"og:title\" content=\"Thanh Buoi coach decal advertising - Shojiki.vn\" \/>\n<meta property=\"og:description\" content=\"Shojiki is Vietnam&#039;s largest ads on car company. We cooperate with many big car companies such as: Thanh Buoi, Phuong Trang. 0933 15 99 88\" \/>\n<meta property=\"og:url\" content=\"https:\/\/shojiki.vn\/en\/thanh-buoi-coach-decal-advertising\" \/>\n<meta property=\"og:site_name\" content=\"Shojiki.vn\" \/>\n<meta property=\"og:image\" content=\"https:\/\/shojiki.vn\/template\/uploads\/2021\/09\/dan-decal-quang-cao-tren-xe-khach-thanh-buoi.jpg\" \/>\n\t<meta property=\"og:image:width\" content=\"541\" \/>\n\t<meta property=\"og:image:height\" content=\"326\" \/>\n\t<meta property=\"og:image:type\" content=\"image\/jpeg\" \/>\n<meta name=\"twitter:label1\" content=\"Est. reading time\" \/>\n\t<meta name=\"twitter:data1\" content=\"6 minutes\" \/>\n<script type=\"application\/ld+json\" class=\"yoast-schema-graph\">{\"@context\":\"https:\/\/schema.org\",\"@graph\":[{\"@type\":\"WebPage\",\"@id\":\"https:\/\/shojiki.vn\/en\/thanh-buoi-coach-decal-advertising\",\"url\":\"https:\/\/shojiki.vn\/en\/thanh-buoi-coach-decal-advertising\",\"name\":\"Thanh Buoi coach decal advertising - Shojiki.vn\",\"isPartOf\":{\"@id\":\"https:\/\/shojiki.vn\/#website\"},\"primaryImageOfPage\":{\"@id\":\"https:\/\/shojiki.vn\/en\/thanh-buoi-coach-decal-advertising#primaryimage\"},\"image\":{\"@id\":\"https:\/\/shojiki.vn\/en\/thanh-buoi-coach-decal-advertising#primaryimage\"},\"thumbnailUrl\":\"https:\/\/shojiki.vn\/wp-content\/uploads\/2021\/09\/dan-decal-quang-cao-tren-xe-khach-thanh-buoi.jpg\",\"datePublished\":\"2022-07-28T04:03:17+00:00\",\"description\":\"Shojiki is Vietnam's largest ads on car company. We cooperate with many big car companies such as: Thanh Buoi, Phuong Trang. 0933 15 99 88\",\"breadcrumb\":{\"@id\":\"https:\/\/shojiki.vn\/en\/thanh-buoi-coach-decal-advertising#breadcrumb\"},\"inLanguage\":\"en-US\",\"potentialAction\":[{\"@type\":\"ReadAction\",\"target\":[\"https:\/\/shojiki.vn\/en\/thanh-buoi-coach-decal-advertising\"]}]},{\"@type\":\"ImageObject\",\"inLanguage\":\"en-US\",\"@id\":\"https:\/\/shojiki.vn\/en\/thanh-buoi-coach-decal-advertising#primaryimage\",\"url\":\"https:\/\/shojiki.vn\/wp-content\/uploads\/2021\/09\/dan-decal-quang-cao-tren-xe-khach-thanh-buoi.jpg\",\"contentUrl\":\"https:\/\/shojiki.vn\/wp-content\/uploads\/2021\/09\/dan-decal-quang-cao-tren-xe-khach-thanh-buoi.jpg\",\"width\":541,\"height\":326},{\"@type\":\"BreadcrumbList\",\"@id\":\"https:\/\/shojiki.vn\/en\/thanh-buoi-coach-decal-advertising#breadcrumb\",\"itemListElement\":[{\"@type\":\"ListItem\",\"position\":1,\"name\":\"Home\",\"item\":\"https:\/\/shojiki.vn\/en\"},{\"@type\":\"ListItem\",\"position\":2,\"name\":\"Thanh Buoi coach decal advertising\"}]},{\"@type\":\"WebSite\",\"@id\":\"https:\/\/shojiki.vn\/#website\",\"url\":\"https:\/\/shojiki.vn\/\",\"name\":\"Shojiki.vn\",\"description\":\"\",\"potentialAction\":[{\"@type\":\"SearchAction\",\"target\":{\"@type\":\"EntryPoint\",\"urlTemplate\":\"https:\/\/shojiki.vn\/?s={search_term_string}\"},\"query-input\":{\"@type\":\"PropertyValueSpecification\",\"valueRequired\":true,\"valueName\":\"search_term_string\"}}],\"inLanguage\":\"en-US\"}]}<\/script>\n<!-- \/ Yoast SEO plugin. -->","yoast_head_json":{"title":"Thanh Buoi coach decal advertising - Shojiki.vn","description":"Shojiki is Vietnam's largest ads on car company. We cooperate with many big car companies such as: Thanh Buoi, Phuong Trang. 0933 15 99 88","robots":{"index":"index","follow":"follow","max-snippet":"max-snippet:-1","max-image-preview":"max-image-preview:large","max-video-preview":"max-video-preview:-1"},"canonical":"https:\/\/shojiki.vn\/en\/thanh-buoi-coach-decal-advertising","og_locale":"en_US","og_type":"article","og_title":"Thanh Buoi coach decal advertising - Shojiki.vn","og_description":"Shojiki is Vietnam's largest ads on car company. We cooperate with many big car companies such as: Thanh Buoi, Phuong Trang. 0933 15 99 88","og_url":"https:\/\/shojiki.vn\/en\/thanh-buoi-coach-decal-advertising","og_site_name":"Shojiki.vn","og_image":[{"width":541,"height":326,"url":"https:\/\/shojiki.vn\/template\/uploads\/2021\/09\/dan-decal-quang-cao-tren-xe-khach-thanh-buoi.jpg","type":"image\/jpeg"}],"twitter_misc":{"Est. reading time":"6 minutes"},"schema":{"@context":"https:\/\/schema.org","@graph":[{"@type":"WebPage","@id":"https:\/\/shojiki.vn\/en\/thanh-buoi-coach-decal-advertising","url":"https:\/\/shojiki.vn\/en\/thanh-buoi-coach-decal-advertising","name":"Thanh Buoi coach decal advertising - Shojiki.vn","isPartOf":{"@id":"https:\/\/shojiki.vn\/#website"},"primaryImageOfPage":{"@id":"https:\/\/shojiki.vn\/en\/thanh-buoi-coach-decal-advertising#primaryimage"},"image":{"@id":"https:\/\/shojiki.vn\/en\/thanh-buoi-coach-decal-advertising#primaryimage"},"thumbnailUrl":"https:\/\/shojiki.vn\/wp-content\/uploads\/2021\/09\/dan-decal-quang-cao-tren-xe-khach-thanh-buoi.jpg","datePublished":"2022-07-28T04:03:17+00:00","description":"Shojiki is Vietnam's largest ads on car company. We cooperate with many big car companies such as: Thanh Buoi, Phuong Trang. 0933 15 99 88","breadcrumb":{"@id":"https:\/\/shojiki.vn\/en\/thanh-buoi-coach-decal-advertising#breadcrumb"},"inLanguage":"en-US","potentialAction":[{"@type":"ReadAction","target":["https:\/\/shojiki.vn\/en\/thanh-buoi-coach-decal-advertising"]}]},{"@type":"ImageObject","inLanguage":"en-US","@id":"https:\/\/shojiki.vn\/en\/thanh-buoi-coach-decal-advertising#primaryimage","url":"https:\/\/shojiki.vn\/wp-content\/uploads\/2021\/09\/dan-decal-quang-cao-tren-xe-khach-thanh-buoi.jpg","contentUrl":"https:\/\/shojiki.vn\/wp-content\/uploads\/2021\/09\/dan-decal-quang-cao-tren-xe-khach-thanh-buoi.jpg","width":541,"height":326},{"@type":"BreadcrumbList","@id":"https:\/\/shojiki.vn\/en\/thanh-buoi-coach-decal-advertising#breadcrumb","itemListElement":[{"@type":"ListItem","position":1,"name":"Home","item":"https:\/\/shojiki.vn\/en"},{"@type":"ListItem","position":2,"name":"Thanh Buoi coach decal advertising"}]},{"@type":"WebSite","@id":"https:\/\/shojiki.vn\/#website","url":"https:\/\/shojiki.vn\/","name":"Shojiki.vn","description":"","potentialAction":[{"@type":"SearchAction","target":{"@type":"EntryPoint","urlTemplate":"https:\/\/shojiki.vn\/?s={search_term_string}"},"query-input":{"@type":"PropertyValueSpecification","valueRequired":true,"valueName":"search_term_string"}}],"inLanguage":"en-US"}]}},"_links":{"self":[{"href":"https:\/\/shojiki.vn\/en\/wp-json\/wp\/v2\/pages\/13061"}],"collection":[{"href":"https:\/\/shojiki.vn\/en\/wp-json\/wp\/v2\/pages"}],"about":[{"href":"https:\/\/shojiki.vn\/en\/wp-json\/wp\/v2\/types\/page"}],"author":[{"embeddable":true,"href":"https:\/\/shojiki.vn\/en\/wp-json\/wp\/v2\/users\/4"}],"replies":[{"embeddable":true,"href":"https:\/\/shojiki.vn\/en\/wp-json\/wp\/v2\/comments?post=13061"}],"version-history":[{"count":1,"href":"https:\/\/shojiki.vn\/en\/wp-json\/wp\/v2\/pages\/13061\/revisions"}],"predecessor-version":[{"id":13064,"href":"https:\/\/shojiki.vn\/en\/wp-json\/wp\/v2\/pages\/13061\/revisions\/13064"}],"wp:featuredmedia":[{"embeddable":true,"href":"https:\/\/shojiki.vn\/en\/wp-json\/wp\/v2\/media\/8479"}],"wp:attachment":[{"href":"https:\/\/shojiki.vn\/en\/wp-json\/wp\/v2\/media?parent=13061"}],"curies":[{"name":"wp","href":"https:\/\/api.w.org\/{rel}","templated":true}]}}