{"id":13036,"date":"2022-07-27T11:34:59","date_gmt":"2022-07-27T04:34:59","guid":{"rendered":"https:\/\/shojiki.vn\/?page_id=13036"},"modified":"2022-07-27T11:34:59","modified_gmt":"2022-07-27T04:34:59","slug":"voice-brandname","status":"publish","type":"page","link":"https:\/\/shojiki.vn\/en\/voice-brandname","title":{"rendered":"Voice Brandname"},"content":{"rendered":"<h3 style=\"text-align: justify;\"><strong><span><span class=\"goog-text-highlight\">What is Voice Brandname?<\/span><\/span><\/strong><\/h3>\n<p style=\"text-align: justify;\"><strong><span>Voice Brandname<\/span><\/strong><span>\u00a0\u00a0is an innovative technology solution.\u00a0<span class=\"goog-text-highlight\">Unlike regular calls that only display a simple phone number, Voice Brandname will display\u00a0\u00a0<\/span><\/span><strong><span><span class=\"goog-text-highlight\">the brand name<\/span><\/span><\/strong><span><span class=\"goog-text-highlight\">\u00a0\u00a0of the company\/product\/service\/brand on the customer&#8217;s mobile device by encoding the number business phone to business Brandname.\u00a0<\/span>This is a multi-field and multi-industry application solution for\u00a0\u00a0<\/span><strong><span>Advertising and Customer Care<\/span><\/strong><span>\u00a0\u00a0with flexible and accurate two-way call connection to help increase brand recognition and connect businesses with customers.<\/span><\/p>\n<div id=\"attachment_7543\" style=\"width: 214px\" class=\"wp-caption aligncenter\"><img loading=\"lazy\" decoding=\"async\" aria-describedby=\"caption-attachment-7543\" class=\"wp-image-7543\" src=\"https:\/\/shojiki.vn\/template\/uploads\/2021\/09\/voice-brandname01-476x1030.jpg\" alt=\"hi\u1ec7n t\u00ean th\u01b0\u01a1ng hi\u1ec7u c\u1ee7a b\u1ea1n tr\u00ean \u0111i\u1ec7n tho\u1ea1i kh\u00e1ch h\u00e0ng\" width=\"204\" height=\"441\" srcset=\"https:\/\/shojiki.vn\/wp-content\/uploads\/2021\/09\/voice-brandname01-476x1030.jpg 476w, https:\/\/shojiki.vn\/wp-content\/uploads\/2021\/09\/voice-brandname01-139x300.jpg 139w, https:\/\/shojiki.vn\/wp-content\/uploads\/2021\/09\/voice-brandname01-768x1661.jpg 768w, https:\/\/shojiki.vn\/wp-content\/uploads\/2021\/09\/voice-brandname01-710x1536.jpg 710w, https:\/\/shojiki.vn\/wp-content\/uploads\/2021\/09\/voice-brandname01.jpg 871w\" sizes=\"(max-width: 204px) 100vw, 204px\" \/><p id=\"caption-attachment-7543\" class=\"wp-caption-text\">Voice brandname \u2013 show your brand name on customer phone<\/p><\/div>\n<h3 style=\"text-align: justify;\"><strong><span><span class=\"goog-text-highlight\">Benefits of using the service<\/span><\/span><\/strong><\/h3>\n<p style=\"text-align: justify;\"><span>Marketing and customer care over the phone becomes easier because customers can see the business brand name on the phone call.<\/span><\/p>\n<p style=\"text-align: justify;\"><span>This tool helps businesses:<\/span><\/p>\n<ul style=\"text-align: justify;\">\n<li><span>Promote, create trust, enhance brand value and build professionalism in the eyes of customers.<\/span><\/li>\n<li><span>Reduce investment costs for buying beautiful switchboards.<\/span><\/li>\n<li><span>Save cost, time, high catch rate.<\/span><\/li>\n<li><span>Connecting business switchboards creates a professional impression in the eyes of customers.<\/span><\/li>\n<\/ul>\n<h3 style=\"text-align: justify;\"><strong><span><span class=\"\">Outstanding features of voice brandname<\/span><\/span><\/strong><\/h3>\n<ol style=\"text-align: justify;\">\n<li><strong><span class=\"\">Statistic<\/span><\/strong><\/li>\n<\/ol>\n<p style=\"text-align: justify;\"><span>Report the output of voice minutes Voice Brandname made corresponding to enterprises\/ CTKV.\u00a0Statistical report by day\/week\/month\/year\/optional.<\/span><\/p>\n<ol style=\"text-align: justify;\" start=\"2\">\n<li><strong>Customer care support<\/strong><\/li>\n<\/ol>\n<p style=\"text-align: justify;\"><span>Tools for looking up, checking call history, call log details, interface checking reflections, checking voice quality, etc., serving customer care work with business customers using the service as well as the end customer receives the call.<\/span><\/p>\n<ol style=\"text-align: justify;\" start=\"3\">\n<li><strong>Declare and manage Brandname<\/strong><\/li>\n<\/ol>\n<p style=\"text-align: justify;\"><span>Enterprises actively declare the Brandname on the system and can only use it when the network operator appraises and approves the corresponding Brandname.\u00a0Expired Brandnames will need to renew or re-register.<\/span><\/p>\n<p style=\"text-align: justify;\"><img loading=\"lazy\" decoding=\"async\" class=\"aligncenter wp-image-7552 \" src=\"https:\/\/shojiki.vn\/template\/uploads\/2021\/09\/voice-brandname-4-1030x580.jpg\" alt=\"qu\u00e1 tr\u00ecnh \u0111\u0103ng k\u00fd Voice Brand Name\" width=\"806\" height=\"454\" srcset=\"https:\/\/shojiki.vn\/wp-content\/uploads\/2021\/09\/voice-brandname-4-1030x580.jpg 1030w, https:\/\/shojiki.vn\/wp-content\/uploads\/2021\/09\/voice-brandname-4-300x169.jpg 300w, https:\/\/shojiki.vn\/wp-content\/uploads\/2021\/09\/voice-brandname-4-768x433.jpg 768w, https:\/\/shojiki.vn\/wp-content\/uploads\/2021\/09\/voice-brandname-4.jpg 1067w\" sizes=\"(max-width: 806px) 100vw, 806px\" \/><\/p>\n<h3 style=\"text-align: justify;\"><strong><span>Charge form<\/span><\/strong><\/h3>\n<p style=\"text-align: justify;\"><span>1. The Voice Brandname system charges and deducts charges according to the actual minutes of calls generated and charges for displaying the brand, specifically:<\/span><\/p>\n<p style=\"text-align: justify;\"><span>\u00b7 Charge for Voice Brandname according to current regulations<\/span><\/p>\n<p style=\"text-align: justify;\"><span>\u00b7 Charge for Voice Brandname according to 1 minute +1 minute voice block.<\/span><\/p>\n<p style=\"text-align: justify;\"><span>2. Service charges include 2 types:<\/span><\/p>\n<p style=\"text-align: justify;\"><span>\u00b7 Cost of declaring, connecting and managing Brandname.<\/span><\/p>\n<p style=\"text-align: justify;\"><span>\u00b7 Charges for Voice Brandname.<\/span><\/p>\n<h3 style=\"text-align: justify;\"><strong><span><span class=\"goog-text-highlight\">Suitable industry to deploy<\/span><\/span><\/strong><\/h3>\n<p style=\"text-align: justify;\"><span><span class=\"goog-text-highlight\"><strong>Voice Brandname<\/strong> focuses on the prerequisite factor of high application, so this service is suitable for deployment in many different industries and fields such as educational institutions, schools, training centers, hospitals, centers, etc. medical centers, real estate, banks, businesses in the field of tourism, transportation, e-commerce or any other organization that needs to promote the brand to customers.<\/span><\/span><\/p>\n<div id=\"attachment_7555\" style=\"width: 411px\" class=\"wp-caption aligncenter\"><img loading=\"lazy\" decoding=\"async\" aria-describedby=\"caption-attachment-7555\" class=\"wp-image-7555\" src=\"https:\/\/shojiki.vn\/template\/uploads\/2021\/09\/voice-brandname-5.jpg\" alt=\"voice brandname \" width=\"401\" height=\"401\" srcset=\"https:\/\/shojiki.vn\/wp-content\/uploads\/2021\/09\/voice-brandname-5.jpg 1024w, https:\/\/shojiki.vn\/wp-content\/uploads\/2021\/09\/voice-brandname-5-300x300.jpg 300w, https:\/\/shojiki.vn\/wp-content\/uploads\/2021\/09\/voice-brandname-5-80x80.jpg 80w, https:\/\/shojiki.vn\/wp-content\/uploads\/2021\/09\/voice-brandname-5-768x768.jpg 768w\" sizes=\"(max-width: 401px) 100vw, 401px\" \/><p id=\"caption-attachment-7555\" class=\"wp-caption-text\">Customers will remember your brand after the first call<\/p><\/div>\n<h3 style=\"text-align: justify;\"><strong><span><span class=\"goog-text-highlight\">How does your business make brandname display calls?<\/span><\/span><\/strong><\/h3>\n<p style=\"text-align: justify;\"><span><span class=\"\"><a href=\"https:\/\/shojiki.vn\/en\"><span style=\"color: #ff6600;\"><b>Shojiki Advertising JSC<\/b><\/span><\/a> has many years of experience in the advertising field; <\/span>especially outdoor advertising.\u00a0Some customers have used Voice Brandname service: Vietcombank, BIDV, VIB, Home Credit, Lotteria, KFC, FPT, Highlands Coffe&#8230; This is a great opportunity to promote your brand identity with client. We are committed to bringing you the most prestigious and effective service along with:<\/span><\/p>\n<p style=\"text-align: justify;\"><span>By contacting <\/span><a href=\"https:\/\/shojiki.vn\/en\"><strong><span style=\"color: #ff6600;\">Shojiki<\/span><\/strong><\/a><span>\u00a0, we will provide you with more detailed information.<\/span><\/p>\n<p style=\"text-align: justify;\"><span style=\"font-weight: 400;\">In addition, you can learn more about our other forms of outdoor advertising:<\/span><\/p>\n<ul style=\"text-align: justify;\">\n<li style=\"font-weight: 400;\" aria-level=\"1\"><a href=\"https:\/\/shojiki.vn\/en\/led-screen-advertising\"><span style=\"font-weight: 400; color: #ff6600;\">Outdoor LED Display<\/span><\/a><\/li>\n<li style=\"font-weight: 400;\" aria-level=\"1\"><a href=\"https:\/\/shojiki.vn\/en\/billboard\"><span style=\"font-weight: 400; color: #ff6600;\">Signboards, billboards, panels<\/span><\/a><\/li>\n<li style=\"font-weight: 400;\" aria-level=\"1\"><a href=\"https:\/\/shojiki.vn\/en\/offline-advertising\/airplane-advertising\"><span style=\"font-weight: 400; color: #ff6600;\">Airplane advertising<\/span><\/a><\/li>\n<li style=\"font-weight: 400;\" aria-level=\"1\"><a href=\"https:\/\/shojiki.vn\/en\/offline-advertising\/taxi-advertising\"><span style=\"font-weight: 400; color: #ff6600;\">Service of gluing ads on taxis<\/span><\/a><\/li>\n<li style=\"font-weight: 400;\" aria-level=\"1\"><a href=\"https:\/\/shojiki.vn\/en\/offline-advertising\/bus-advertising\"><span style=\"font-weight: 400; color: #ff6600;\">Bus advertising<\/span><\/a><\/li>\n<li style=\"font-weight: 400;\" aria-level=\"1\"><span style=\"font-weight: 400; color: #ff6600;\">Advertisement on apps Grab<\/span><\/li>\n<li style=\"font-weight: 400;\" aria-level=\"1\"><a href=\"https:\/\/shojiki.vn\/en\/offline-advertising\/advertising-at-gas-station\"><span style=\"font-weight: 400; color: #ff6600;\">Advertisement at gas station<\/span><\/a><\/li>\n<li style=\"font-weight: 400;\" aria-level=\"1\"><a href=\"https:\/\/shojiki.vn\/en\/advertising-at-convenience-stores\"><span style=\"font-weight: 400; color: #ff6600;\">Convenience store<\/span><\/a><\/li>\n<\/ul>\n<p style=\"text-align: justify;\"><strong>You can survey prices and buy online at: <a href=\"https:\/\/ooh.com.vn\/\"><span style=\"color: #ff6600;\">WikiOOH<\/span><\/a><\/strong><\/p>\n<p style=\"text-align: justify;\"><strong>We will measure the effectiveness of your outdoor advertising at: <a href=\"https:\/\/compasstech.asia\/en\/\"><span style=\"color: #ff6600;\">Compass Tech<\/span><\/a><\/strong><\/p>\n","protected":false},"excerpt":{"rendered":"<p>What is Voice Brandname? Voice Brandname\u00a0\u00a0is an innovative technology solution.\u00a0Unlike regular calls that only display a simple phone number, Voice Brandname will display\u00a0\u00a0the brand name\u00a0\u00a0of the company\/product\/service\/brand on the customer&#8217;s mobile device by encoding the number business phone to business Brandname.\u00a0This is a multi-field and multi-industry application solution for\u00a0\u00a0Advertising and Customer Care\u00a0\u00a0with flexible and accurate&hellip;<\/p>\n","protected":false},"author":4,"featured_media":7560,"parent":0,"menu_order":0,"comment_status":"closed","ping_status":"closed","template":"","meta":{"_acf_changed":false,"footnotes":""},"class_list":["post-13036","page","type-page","status-publish","has-post-thumbnail","hentry","description-off"],"acf":[],"yoast_head":"<!-- This site is optimized with the Yoast SEO plugin v25.6 - https:\/\/yoast.com\/wordpress\/plugins\/seo\/ -->\n<title>Voice Brandname - Shojiki.vn<\/title>\n<meta name=\"description\" content=\"Voice Brandname will display the brand name\u00a0 of the company\/brand on the customer&#039;s mobile device by encrypting the business phone number\" \/>\n<meta name=\"robots\" content=\"index, follow, max-snippet:-1, max-image-preview:large, max-video-preview:-1\" \/>\n<link rel=\"canonical\" href=\"https:\/\/shojiki.vn\/en\/voice-brandname\" \/>\n<meta property=\"og:locale\" content=\"en_US\" \/>\n<meta property=\"og:type\" content=\"article\" \/>\n<meta property=\"og:title\" content=\"Voice Brandname - Shojiki.vn\" \/>\n<meta property=\"og:description\" content=\"Voice Brandname will display the brand name\u00a0 of the company\/brand on the customer&#039;s mobile device by encrypting the business phone number\" \/>\n<meta property=\"og:url\" content=\"https:\/\/shojiki.vn\/en\/voice-brandname\" \/>\n<meta property=\"og:site_name\" content=\"Shojiki.vn\" \/>\n<meta property=\"og:image\" content=\"https:\/\/shojiki.vn\/template\/uploads\/2021\/09\/voice-brandname-1.jpg\" \/>\n\t<meta property=\"og:image:width\" content=\"869\" \/>\n\t<meta property=\"og:image:height\" content=\"489\" \/>\n\t<meta property=\"og:image:type\" content=\"image\/jpeg\" \/>\n<meta name=\"twitter:label1\" content=\"Est. reading time\" \/>\n\t<meta name=\"twitter:data1\" content=\"4 minutes\" \/>\n<script type=\"application\/ld+json\" class=\"yoast-schema-graph\">{\"@context\":\"https:\/\/schema.org\",\"@graph\":[{\"@type\":\"WebPage\",\"@id\":\"https:\/\/shojiki.vn\/en\/voice-brandname\",\"url\":\"https:\/\/shojiki.vn\/en\/voice-brandname\",\"name\":\"Voice Brandname - Shojiki.vn\",\"isPartOf\":{\"@id\":\"https:\/\/shojiki.vn\/#website\"},\"primaryImageOfPage\":{\"@id\":\"https:\/\/shojiki.vn\/en\/voice-brandname#primaryimage\"},\"image\":{\"@id\":\"https:\/\/shojiki.vn\/en\/voice-brandname#primaryimage\"},\"thumbnailUrl\":\"https:\/\/shojiki.vn\/wp-content\/uploads\/2021\/09\/voice-brandname-1.jpg\",\"datePublished\":\"2022-07-27T04:34:59+00:00\",\"description\":\"Voice Brandname will display the brand name\u00a0 of the company\/brand on the customer's mobile device by encrypting the business phone number\",\"breadcrumb\":{\"@id\":\"https:\/\/shojiki.vn\/en\/voice-brandname#breadcrumb\"},\"inLanguage\":\"en-US\",\"potentialAction\":[{\"@type\":\"ReadAction\",\"target\":[\"https:\/\/shojiki.vn\/en\/voice-brandname\"]}]},{\"@type\":\"ImageObject\",\"inLanguage\":\"en-US\",\"@id\":\"https:\/\/shojiki.vn\/en\/voice-brandname#primaryimage\",\"url\":\"https:\/\/shojiki.vn\/wp-content\/uploads\/2021\/09\/voice-brandname-1.jpg\",\"contentUrl\":\"https:\/\/shojiki.vn\/wp-content\/uploads\/2021\/09\/voice-brandname-1.jpg\",\"width\":869,\"height\":489},{\"@type\":\"BreadcrumbList\",\"@id\":\"https:\/\/shojiki.vn\/en\/voice-brandname#breadcrumb\",\"itemListElement\":[{\"@type\":\"ListItem\",\"position\":1,\"name\":\"Home\",\"item\":\"https:\/\/shojiki.vn\/en\"},{\"@type\":\"ListItem\",\"position\":2,\"name\":\"Voice Brandname\"}]},{\"@type\":\"WebSite\",\"@id\":\"https:\/\/shojiki.vn\/#website\",\"url\":\"https:\/\/shojiki.vn\/\",\"name\":\"Shojiki.vn\",\"description\":\"\",\"potentialAction\":[{\"@type\":\"SearchAction\",\"target\":{\"@type\":\"EntryPoint\",\"urlTemplate\":\"https:\/\/shojiki.vn\/?s={search_term_string}\"},\"query-input\":{\"@type\":\"PropertyValueSpecification\",\"valueRequired\":true,\"valueName\":\"search_term_string\"}}],\"inLanguage\":\"en-US\"}]}<\/script>\n<!-- \/ Yoast SEO plugin. -->","yoast_head_json":{"title":"Voice Brandname - Shojiki.vn","description":"Voice Brandname will display the brand name\u00a0 of the company\/brand on the customer's mobile device by encrypting the business phone number","robots":{"index":"index","follow":"follow","max-snippet":"max-snippet:-1","max-image-preview":"max-image-preview:large","max-video-preview":"max-video-preview:-1"},"canonical":"https:\/\/shojiki.vn\/en\/voice-brandname","og_locale":"en_US","og_type":"article","og_title":"Voice Brandname - Shojiki.vn","og_description":"Voice Brandname will display the brand name\u00a0 of the company\/brand on the customer's mobile device by encrypting the business phone number","og_url":"https:\/\/shojiki.vn\/en\/voice-brandname","og_site_name":"Shojiki.vn","og_image":[{"width":869,"height":489,"url":"https:\/\/shojiki.vn\/template\/uploads\/2021\/09\/voice-brandname-1.jpg","type":"image\/jpeg"}],"twitter_misc":{"Est. reading time":"4 minutes"},"schema":{"@context":"https:\/\/schema.org","@graph":[{"@type":"WebPage","@id":"https:\/\/shojiki.vn\/en\/voice-brandname","url":"https:\/\/shojiki.vn\/en\/voice-brandname","name":"Voice Brandname - Shojiki.vn","isPartOf":{"@id":"https:\/\/shojiki.vn\/#website"},"primaryImageOfPage":{"@id":"https:\/\/shojiki.vn\/en\/voice-brandname#primaryimage"},"image":{"@id":"https:\/\/shojiki.vn\/en\/voice-brandname#primaryimage"},"thumbnailUrl":"https:\/\/shojiki.vn\/wp-content\/uploads\/2021\/09\/voice-brandname-1.jpg","datePublished":"2022-07-27T04:34:59+00:00","description":"Voice Brandname will display the brand name\u00a0 of the company\/brand on the customer's mobile device by encrypting the business phone number","breadcrumb":{"@id":"https:\/\/shojiki.vn\/en\/voice-brandname#breadcrumb"},"inLanguage":"en-US","potentialAction":[{"@type":"ReadAction","target":["https:\/\/shojiki.vn\/en\/voice-brandname"]}]},{"@type":"ImageObject","inLanguage":"en-US","@id":"https:\/\/shojiki.vn\/en\/voice-brandname#primaryimage","url":"https:\/\/shojiki.vn\/wp-content\/uploads\/2021\/09\/voice-brandname-1.jpg","contentUrl":"https:\/\/shojiki.vn\/wp-content\/uploads\/2021\/09\/voice-brandname-1.jpg","width":869,"height":489},{"@type":"BreadcrumbList","@id":"https:\/\/shojiki.vn\/en\/voice-brandname#breadcrumb","itemListElement":[{"@type":"ListItem","position":1,"name":"Home","item":"https:\/\/shojiki.vn\/en"},{"@type":"ListItem","position":2,"name":"Voice Brandname"}]},{"@type":"WebSite","@id":"https:\/\/shojiki.vn\/#website","url":"https:\/\/shojiki.vn\/","name":"Shojiki.vn","description":"","potentialAction":[{"@type":"SearchAction","target":{"@type":"EntryPoint","urlTemplate":"https:\/\/shojiki.vn\/?s={search_term_string}"},"query-input":{"@type":"PropertyValueSpecification","valueRequired":true,"valueName":"search_term_string"}}],"inLanguage":"en-US"}]}},"_links":{"self":[{"href":"https:\/\/shojiki.vn\/en\/wp-json\/wp\/v2\/pages\/13036"}],"collection":[{"href":"https:\/\/shojiki.vn\/en\/wp-json\/wp\/v2\/pages"}],"about":[{"href":"https:\/\/shojiki.vn\/en\/wp-json\/wp\/v2\/types\/page"}],"author":[{"embeddable":true,"href":"https:\/\/shojiki.vn\/en\/wp-json\/wp\/v2\/users\/4"}],"replies":[{"embeddable":true,"href":"https:\/\/shojiki.vn\/en\/wp-json\/wp\/v2\/comments?post=13036"}],"version-history":[{"count":2,"href":"https:\/\/shojiki.vn\/en\/wp-json\/wp\/v2\/pages\/13036\/revisions"}],"predecessor-version":[{"id":13041,"href":"https:\/\/shojiki.vn\/en\/wp-json\/wp\/v2\/pages\/13036\/revisions\/13041"}],"wp:featuredmedia":[{"embeddable":true,"href":"https:\/\/shojiki.vn\/en\/wp-json\/wp\/v2\/media\/7560"}],"wp:attachment":[{"href":"https:\/\/shojiki.vn\/en\/wp-json\/wp\/v2\/media?parent=13036"}],"curies":[{"name":"wp","href":"https:\/\/api.w.org\/{rel}","templated":true}]}}