{"id":12961,"date":"2022-07-25T15:27:27","date_gmt":"2022-07-25T08:27:27","guid":{"rendered":"https:\/\/shojiki.vn\/?page_id=12961"},"modified":"2022-07-25T15:31:33","modified_gmt":"2022-07-25T08:31:33","slug":"phuong-trang-coach-decal-advertising","status":"publish","type":"page","link":"https:\/\/shojiki.vn\/en\/phuong-trang-coach-decal-advertising","title":{"rendered":"Phuong Trang coach decal advertising"},"content":{"rendered":"<h3><strong>Forms of advertising on long-distance buses:<\/strong><\/h3>\n<p style=\"text-align: justify;\">Besides the current forms of advertising such as advertising on traditional billboards, advertising on LED screens, advertising on buses, taxis, technology taxis or even on airplanes. Advertising on moving vehicles is no longer strange to businesses and road users. Especially Phuong Trang coach decal.<\/p>\n<div id=\"attachment_11266\" style=\"width: 1040px\" class=\"wp-caption aligncenter\"><img loading=\"lazy\" decoding=\"async\" aria-describedby=\"caption-attachment-11266\" class=\"wp-image-11266 size-large\" src=\"https:\/\/shojiki.vn\/template\/uploads\/2022\/02\/dan-xe-khach-phuong-trang-1030x768.jpg\" alt=\"qu\u1ea3ng c\u00e1o d\u00e1n xe Ph\u01b0\u01a1ng Trang\" width=\"1030\" height=\"768\" srcset=\"https:\/\/shojiki.vn\/wp-content\/uploads\/2022\/02\/dan-xe-khach-phuong-trang-1030x768.jpg 1030w, https:\/\/shojiki.vn\/wp-content\/uploads\/2022\/02\/dan-xe-khach-phuong-trang-300x224.jpg 300w, https:\/\/shojiki.vn\/wp-content\/uploads\/2022\/02\/dan-xe-khach-phuong-trang-768x573.jpg 768w, https:\/\/shojiki.vn\/wp-content\/uploads\/2022\/02\/dan-xe-khach-phuong-trang.jpg 1228w\" sizes=\"(max-width: 1030px) 100vw, 1030px\" \/><p id=\"caption-attachment-11266\" class=\"wp-caption-text\">The image of advertising stickers on Phuong Trang&#8217;s car was made by Shojiki<\/p><\/div>\n<p style=\"text-align: justify;\">The benefit from advertising on moving vehicles is that the advertising information you want to convey to consumers is wider. That is, the demographics also become more diverse. For traditional billboard advertising or LED screens, force people passing by and interact with your ad. Instead, with Phuong Trang coach stickers ads, the message you aim to give customers is more proactive. Viewers may stand still, but your ad may not.<\/p>\n<p style=\"text-align: justify;\">Not only helps images, advertising messages of brands can go everywhere. From there, improve brand awareness and help your ads become new and more creative.<\/p>\n<h3><strong>Advertising area on long-distance buses.<\/strong><\/h3>\n<p>Currently, we are exploiting advertising on both sides of the bus, most of which are Thaco 44-bed sleepers. Advertising area does not exceed 50% of vehicle area.<\/p>\n<p>Bus routes are departing from Ho Chi Minh to other provinces such as Lam Dong, western and central provinces.<\/p>\n<p style=\"text-align: justify;\">In addition to advertising on buses, a type of vehicle that moves a lot in the city, Shojiki pioneered to exploit more advertising channels on long-distance and intercity buses. Shojiki has chosen Phuong Trang garage &#8211; the largest and most prestigious garage in the market to cooperate with advertising.<\/p>\n<p>Here are some pictures that brands have accompanied Shojiki on long-distance routes of Phuong Trang coach:<\/p>\n<div>\n<dl id=\"attachment_3215\">\n<dt><img loading=\"lazy\" decoding=\"async\" src=\"https:\/\/shojiki.vn\/template\/uploads\/2020\/04\/h\u00ecnh-2-6.jpg\" alt=\"qu\u1ea3ng c\u00e1o xe kh\u00e1ch Ph\u01b0\u01a1ng Trang\" width=\"903\" height=\"677\" \/><\/dt>\n<\/dl>\n<\/div>\n<h3><strong>What is intercity vehicles\u00a0and passenger car advertising?<\/strong><\/h3>\n<p style=\"text-align: justify;\">Advertising on long-distance buses and intercity buses is one of the most attractive forms of advertising on<span style=\"color: #ff6600;\">\u00a0<a style=\"color: #ff6600;\" href=\"https:\/\/shojiki.vn\/en\/transport-advertising\">vehicles<\/a><\/span>.\u00a0This is a potential form of advertising stickers that businesses are always looking for.\u00a0Currently, long-distance passenger cars are the public means of transport that cover most of the country;\u00a0with a large advertising decal area;\u00a0This is undeniably the best form of advertising to convey brand messages today.<\/p>\n<div class=\"wp-caption aligncenter\">\n<p><img loading=\"lazy\" decoding=\"async\" class=\"\" src=\"https:\/\/shojiki.vn\/template\/uploads\/2020\/04\/H\u00ecnh7-milo-1.jpg\" alt=\"qu\u1ea3ng c\u00e1o xe Ph\u01b0\u01a1ng Trang\" width=\"881\" height=\"662\" \/><\/p>\n<\/div>\n<h3><strong>Why should you choose the form of advertising stickers on intercity and long-distance passenger cars?<\/strong><\/h3>\n<ul>\n<li style=\"text-align: justify;\">Advertising area\u00a0\u00a0<strong>on passenger cars has a \u201cterrible\u201d size:<\/strong>\u00a0Because the advertising area is larger than other vehicles, businesses can freely create maquettes without hesitation;\u00a0Because even if the distance is far, the viewer can still see the content.\u00a0In particular, advertising coverage throughout the country, effectively bringing customers\u2019 brands on every street.<\/li>\n<li style=\"text-align: justify;\">The advertising message is repeated continuously: Long-distance buses, intercity buses (such as\u00a0<span style=\"color: #ff6600;\"><a style=\"color: #ff6600;\" href=\"https:\/\/shojiki.vn\/quang-cao-dan-xe-phuong-trang\">Phuong Trang<\/a><\/span>\u00a0coach, <span style=\"color: #ff6600;\"><a style=\"color: #ff6600;\" href=\"https:\/\/shojiki.vn\/quang-cao-dan-xe-thanh-buoi\">Thanh Buoi<\/a>\u00a0<\/span>coach) always have a default route, have many stops and must run continuously every day. continue on the same route. With such frequency, it makes viewers impressed and remember the brand for a long time.<\/li>\n<li style=\"text-align: justify;\">Access to many customers at the same time: Anyone can take a bus from the elderly, students, office workers;\u2026 and anyone in traffic can see ads on the bus. customers, so in the series of above objects, there will definitely be a group of potential customers who are interested in your brand.<\/li>\n<li style=\"text-align: justify;\">Viewers are passive before advertising: It can be said that this is one of the outstanding advantages of advertising on\u00a0<span style=\"color: #ff6600;\"><a style=\"color: #ff6600;\" href=\"https:\/\/shojiki.vn\/en\/transport-advertising\">moving media.<\/a><\/span> Viewers cannot turn off advertising, they are exposed to it passively;\u00a0whether there is a need or not.<b><\/b><\/li>\n<li style=\"text-align: justify;\">Cost savings for businesses: Low cost and suitable for many products and services, can be implemented for a long time and bring impressive results.<\/li>\n<\/ul>\n<p><img loading=\"lazy\" decoding=\"async\" class=\"aligncenter\" src=\"https:\/\/shojiki.vn\/template\/uploads\/2020\/04\/h\u00ecnh-8-milo-1.jpg\" alt=\"qu\u1ea3ng c\u00e1o xe Ph\u01b0\u01a1ng Trang\" width=\"881\" height=\"661\" \/><\/p>\n<h2><strong>How do your ads appear on Phuong Trang coach?<\/strong><\/h2>\n<p><span style=\"color: #ff6600;\"><a style=\"color: #ff6600;\" href=\"https:\/\/shojiki.vn\/en\"><strong>SHOJIKI\u00a0<\/strong>Advertising Joint Stock Company<\/a><\/span>;\u00a0proud to be one of the leading advertising agencies in Vietnam.\u00a0We are committed to providing you with a reputable advertising service;\u00a0Most effective with:<\/p>\n<ul>\n<li>Support service\u00a0\u00a0<strong>GENERAL CONSULTATION<\/strong>\u00a0\u00a0of advertising strategies<\/li>\n<li><strong>SUPPORT SERVICE FOR DESIGNING<\/strong>\u00a0content\u00a0\u00a0\u00a0, advertising images<\/li>\n<li>The construction team deploys the advertisement\u00a0\u00a0<strong>FAST<\/strong>\u00a0\u00a0and\u00a0\u00a0<strong>ONLY<\/strong><\/li>\n<li><strong>WARRANTY<\/strong>\u00a0mode\u00a0\u00a0\u00a0for the duration of the campaign<\/li>\n<li><strong>Attractive\u00a0<\/strong><strong>DISCOUNTS<\/strong>\u00a0\u00a0and\u00a0\u00a0SALES\u00a0\u00a0\u00a0for customers<\/li>\n<\/ul>\n<p>Please <span style=\"color: #ff6600;\"><a style=\"color: #ff6600;\" href=\"https:\/\/shojiki.vn\/en\/contact-us\">contact<\/a><\/span>\u00a0us for a free consultation on this type of advertising.<\/p>\n<p>In addition, you can learn more about our other forms of outdoor advertising:<\/p>\n<ul>\n<li><span style=\"color: #ff6600;\"><a style=\"color: #ff6600;\" href=\"https:\/\/shojiki.vn\/quang-cao-led-ngoai-troi\">Outdoor LED Display<\/a><\/span><\/li>\n<li><span style=\"color: #ff6600;\"><a style=\"color: #ff6600;\" href=\"https:\/\/shojiki.vn\/quang-cao-bien-bang\">Signboards, billboards, panels<\/a><\/span><\/li>\n<li><span style=\"color: #ff6600;\"><a style=\"color: #ff6600;\" href=\"https:\/\/shojiki.vn\/quang-cao-may-bay\">Airplane advertising<\/a><\/span><\/li>\n<li><span style=\"color: #ff6600;\"><a style=\"color: #ff6600;\" href=\"https:\/\/shojiki.vn\/quang-cao-offline\/quang-cao-xe-taxi\">Service of gluing ads on taxis<\/a><\/span><\/li>\n<li><span style=\"color: #ff6600;\"><a style=\"color: #ff6600;\" href=\"https:\/\/shojiki.vn\/quang-cao-offline\/quang-cao-xe-bus\">Bus<\/a><\/span><\/li>\n<li><span style=\"color: #ff6600;\"><a style=\"color: #ff6600;\" href=\"https:\/\/shojiki.vn\/quang-cao-tren-app-grab\">Super app Grab Ads<\/a><\/span><\/li>\n<li><span style=\"color: #ff6600;\"><a style=\"color: #ff6600;\" href=\"https:\/\/shojiki.vn\/quang-cao-tram-xang-tin-nghia\">Advertisement at gas station<\/a><\/span><\/li>\n<li><span style=\"color: #ff6600;\"><a style=\"color: #ff6600;\" href=\"https:\/\/shojiki.vn\/quang-cao-tai-cua-hang-tien-loi\">Grocery store<\/a><\/span><\/li>\n<\/ul>\n<h4>You can survey prices and buy billboards online at: <span style=\"color: #ff6600;\"><a style=\"color: #ff6600;\" href=\"https:\/\/ooh.com.vn\/\">WikiOOH<\/a><\/span><br \/>\nWe will measure the effectiveness of your outdoor advertising at:<span style=\"color: #ff6600;\"><a style=\"color: #ff6600;\" href=\"https:\/\/compasstech.asia\/\"> Compass Tech<\/a><\/span><\/h4>\n<h2>Some customers have accompanied Shojiki on Phuong Trang coach decal:<\/h2>\n<p><img loading=\"lazy\" decoding=\"async\" class=\"aligncenter wp-image-11269 size-large\" src=\"https:\/\/shojiki.vn\/template\/uploads\/2022\/02\/dan-xe-khach-phuong-trang-2-1030x418.jpg\" alt=\"Qu\u1ea3ng c\u00e1o tr\u00ean xe kh\u00e1ch\" width=\"1030\" height=\"418\" srcset=\"https:\/\/shojiki.vn\/wp-content\/uploads\/2022\/02\/dan-xe-khach-phuong-trang-2-1030x418.jpg 1030w, https:\/\/shojiki.vn\/wp-content\/uploads\/2022\/02\/dan-xe-khach-phuong-trang-2-300x122.jpg 300w, https:\/\/shojiki.vn\/wp-content\/uploads\/2022\/02\/dan-xe-khach-phuong-trang-2-768x311.jpg 768w, https:\/\/shojiki.vn\/wp-content\/uploads\/2022\/02\/dan-xe-khach-phuong-trang-2-1536x623.jpg 1536w, https:\/\/shojiki.vn\/wp-content\/uploads\/2022\/02\/dan-xe-khach-phuong-trang-2.jpg 1554w\" sizes=\"(max-width: 1030px) 100vw, 1030px\" \/><img loading=\"lazy\" decoding=\"async\" class=\"aligncenter wp-image-11272 size-large\" src=\"https:\/\/shojiki.vn\/template\/uploads\/2022\/02\/dan-xe-khach-phuong-trang-3-1030x532.jpg\" alt=\"qu\u1ea3ng c\u00e1o xe kh\u00e1ch \u0111\u01b0\u1eddng d\u00e0i\" width=\"1030\" height=\"532\" srcset=\"https:\/\/shojiki.vn\/wp-content\/uploads\/2022\/02\/dan-xe-khach-phuong-trang-3-1030x532.jpg 1030w, https:\/\/shojiki.vn\/wp-content\/uploads\/2022\/02\/dan-xe-khach-phuong-trang-3-300x155.jpg 300w, https:\/\/shojiki.vn\/wp-content\/uploads\/2022\/02\/dan-xe-khach-phuong-trang-3-768x397.jpg 768w, https:\/\/shojiki.vn\/wp-content\/uploads\/2022\/02\/dan-xe-khach-phuong-trang-3.jpg 1279w\" sizes=\"(max-width: 1030px) 100vw, 1030px\" \/><\/p>\n<div style=\"width: 897px\" class=\"wp-caption aligncenter\"><img loading=\"lazy\" decoding=\"async\" src=\"https:\/\/shojiki.vn\/template\/uploads\/2020\/04\/h\u00ecnh-1-6.jpg\" alt=\"Qu\u1ea3ng c\u00e1o xe kh\u00e1ch Ph\u01b0\u01a1ng Trang\" width=\"887\" height=\"665\" \/><p class=\"wp-caption-text\">The image of advertising stickers on Phuong Trang&#8217;s coach was made by Shojiki<\/p><\/div>\n<div>\n<dl id=\"attachment_3217\">\n<dt>\n<div style=\"width: 888px\" class=\"wp-caption aligncenter\"><img loading=\"lazy\" decoding=\"async\" src=\"https:\/\/shojiki.vn\/template\/uploads\/2020\/04\/h\u00ecnh-4-5.jpg\" alt=\"Qu\u1ea3ng c\u00e1o xe kh\u00e1ch Ph\u01b0\u01a1ng Trang\" width=\"878\" height=\"658\" \/><p class=\"wp-caption-text\">The image of advertising stickers on Phuong Trang&#8217;s coach was made by Shojiki<\/p><\/div><\/dt>\n<\/dl>\n<\/div>\n<p><img loading=\"lazy\" decoding=\"async\" class=\"aligncenter\" src=\"https:\/\/shojiki.vn\/template\/uploads\/2020\/04\/h\u00ecnh-5-4.jpg\" alt=\"qu\u1ea3ng c\u00e1o xe Ph\u01b0\u01a1ng Trang\" width=\"877\" height=\"658\" \/><\/p>\n<p><img loading=\"lazy\" decoding=\"async\" class=\"aligncenter\" src=\"https:\/\/shojiki.vn\/template\/uploads\/2020\/04\/h\u00ecnh-6-milo-1.jpg\" alt=\"qu\u1ea3ng c\u00e1o xe Ph\u01b0\u01a1ng Trang\" width=\"880\" height=\"659\" \/><\/p>\n","protected":false},"excerpt":{"rendered":"<p>Forms of advertising on long-distance buses: Besides the current forms of advertising such as advertising on traditional billboards, advertising on LED screens, advertising on buses, taxis, technology taxis or even on airplanes. Advertising on moving vehicles is no longer strange to businesses and road users. Especially Phuong Trang coach decal. The benefit from advertising on&hellip;<\/p>\n","protected":false},"author":4,"featured_media":7730,"parent":0,"menu_order":0,"comment_status":"closed","ping_status":"closed","template":"","meta":{"_acf_changed":false,"footnotes":""},"class_list":["post-12961","page","type-page","status-publish","has-post-thumbnail","hentry","description-off"],"acf":[],"yoast_head":"<!-- This site is optimized with the Yoast SEO plugin v25.6 - https:\/\/yoast.com\/wordpress\/plugins\/seo\/ -->\n<title>Phuong Trang coach decal advertising - Shojiki.vn<\/title>\n<meta name=\"description\" content=\"Shojiki is proud to be the largest Phuong Trang coach advertising company in Vietnam, many big car brands such as Thanh Buoi, Phuong Trang\" \/>\n<meta name=\"robots\" content=\"index, follow, max-snippet:-1, max-image-preview:large, max-video-preview:-1\" \/>\n<link rel=\"canonical\" href=\"https:\/\/shojiki.vn\/en\/phuong-trang-coach-decal-advertising\" \/>\n<meta property=\"og:locale\" content=\"en_US\" \/>\n<meta property=\"og:type\" content=\"article\" \/>\n<meta property=\"og:title\" content=\"Phuong Trang coach decal advertising - Shojiki.vn\" \/>\n<meta property=\"og:description\" content=\"Shojiki is proud to be the largest Phuong Trang coach advertising company in Vietnam, many big car brands such as Thanh Buoi, Phuong Trang\" \/>\n<meta property=\"og:url\" content=\"https:\/\/shojiki.vn\/en\/phuong-trang-coach-decal-advertising\" \/>\n<meta property=\"og:site_name\" content=\"Shojiki.vn\" \/>\n<meta property=\"article:modified_time\" content=\"2022-07-25T08:31:33+00:00\" \/>\n<meta property=\"og:image\" content=\"https:\/\/shojiki.vn\/template\/uploads\/2021\/09\/quang-cao-trten-phuong-tien-di-chuyen-6.jpg\" \/>\n\t<meta property=\"og:image:width\" content=\"939\" \/>\n\t<meta property=\"og:image:height\" content=\"705\" \/>\n\t<meta property=\"og:image:type\" content=\"image\/jpeg\" \/>\n<meta name=\"twitter:label1\" content=\"Est. reading time\" \/>\n\t<meta name=\"twitter:data1\" content=\"7 minutes\" \/>\n<script type=\"application\/ld+json\" class=\"yoast-schema-graph\">{\"@context\":\"https:\/\/schema.org\",\"@graph\":[{\"@type\":\"WebPage\",\"@id\":\"https:\/\/shojiki.vn\/en\/phuong-trang-coach-decal-advertising\",\"url\":\"https:\/\/shojiki.vn\/en\/phuong-trang-coach-decal-advertising\",\"name\":\"Phuong Trang coach decal advertising - Shojiki.vn\",\"isPartOf\":{\"@id\":\"https:\/\/shojiki.vn\/#website\"},\"primaryImageOfPage\":{\"@id\":\"https:\/\/shojiki.vn\/en\/phuong-trang-coach-decal-advertising#primaryimage\"},\"image\":{\"@id\":\"https:\/\/shojiki.vn\/en\/phuong-trang-coach-decal-advertising#primaryimage\"},\"thumbnailUrl\":\"https:\/\/shojiki.vn\/wp-content\/uploads\/2021\/09\/quang-cao-trten-phuong-tien-di-chuyen-6.jpg\",\"datePublished\":\"2022-07-25T08:27:27+00:00\",\"dateModified\":\"2022-07-25T08:31:33+00:00\",\"description\":\"Shojiki is proud to be the largest Phuong Trang coach advertising company in Vietnam, many big car brands such as Thanh Buoi, Phuong Trang\",\"breadcrumb\":{\"@id\":\"https:\/\/shojiki.vn\/en\/phuong-trang-coach-decal-advertising#breadcrumb\"},\"inLanguage\":\"en-US\",\"potentialAction\":[{\"@type\":\"ReadAction\",\"target\":[\"https:\/\/shojiki.vn\/en\/phuong-trang-coach-decal-advertising\"]}]},{\"@type\":\"ImageObject\",\"inLanguage\":\"en-US\",\"@id\":\"https:\/\/shojiki.vn\/en\/phuong-trang-coach-decal-advertising#primaryimage\",\"url\":\"https:\/\/shojiki.vn\/wp-content\/uploads\/2021\/09\/quang-cao-trten-phuong-tien-di-chuyen-6.jpg\",\"contentUrl\":\"https:\/\/shojiki.vn\/wp-content\/uploads\/2021\/09\/quang-cao-trten-phuong-tien-di-chuyen-6.jpg\",\"width\":939,\"height\":705},{\"@type\":\"BreadcrumbList\",\"@id\":\"https:\/\/shojiki.vn\/en\/phuong-trang-coach-decal-advertising#breadcrumb\",\"itemListElement\":[{\"@type\":\"ListItem\",\"position\":1,\"name\":\"Home\",\"item\":\"https:\/\/shojiki.vn\/en\"},{\"@type\":\"ListItem\",\"position\":2,\"name\":\"Phuong Trang coach decal advertising\"}]},{\"@type\":\"WebSite\",\"@id\":\"https:\/\/shojiki.vn\/#website\",\"url\":\"https:\/\/shojiki.vn\/\",\"name\":\"Shojiki.vn\",\"description\":\"\",\"potentialAction\":[{\"@type\":\"SearchAction\",\"target\":{\"@type\":\"EntryPoint\",\"urlTemplate\":\"https:\/\/shojiki.vn\/?s={search_term_string}\"},\"query-input\":{\"@type\":\"PropertyValueSpecification\",\"valueRequired\":true,\"valueName\":\"search_term_string\"}}],\"inLanguage\":\"en-US\"}]}<\/script>\n<!-- \/ Yoast SEO plugin. -->","yoast_head_json":{"title":"Phuong Trang coach decal advertising - Shojiki.vn","description":"Shojiki is proud to be the largest Phuong Trang coach advertising company in Vietnam, many big car brands such as Thanh Buoi, Phuong Trang","robots":{"index":"index","follow":"follow","max-snippet":"max-snippet:-1","max-image-preview":"max-image-preview:large","max-video-preview":"max-video-preview:-1"},"canonical":"https:\/\/shojiki.vn\/en\/phuong-trang-coach-decal-advertising","og_locale":"en_US","og_type":"article","og_title":"Phuong Trang coach decal advertising - Shojiki.vn","og_description":"Shojiki is proud to be the largest Phuong Trang coach advertising company in Vietnam, many big car brands such as Thanh Buoi, Phuong Trang","og_url":"https:\/\/shojiki.vn\/en\/phuong-trang-coach-decal-advertising","og_site_name":"Shojiki.vn","article_modified_time":"2022-07-25T08:31:33+00:00","og_image":[{"width":939,"height":705,"url":"https:\/\/shojiki.vn\/template\/uploads\/2021\/09\/quang-cao-trten-phuong-tien-di-chuyen-6.jpg","type":"image\/jpeg"}],"twitter_misc":{"Est. reading time":"7 minutes"},"schema":{"@context":"https:\/\/schema.org","@graph":[{"@type":"WebPage","@id":"https:\/\/shojiki.vn\/en\/phuong-trang-coach-decal-advertising","url":"https:\/\/shojiki.vn\/en\/phuong-trang-coach-decal-advertising","name":"Phuong Trang coach decal advertising - Shojiki.vn","isPartOf":{"@id":"https:\/\/shojiki.vn\/#website"},"primaryImageOfPage":{"@id":"https:\/\/shojiki.vn\/en\/phuong-trang-coach-decal-advertising#primaryimage"},"image":{"@id":"https:\/\/shojiki.vn\/en\/phuong-trang-coach-decal-advertising#primaryimage"},"thumbnailUrl":"https:\/\/shojiki.vn\/wp-content\/uploads\/2021\/09\/quang-cao-trten-phuong-tien-di-chuyen-6.jpg","datePublished":"2022-07-25T08:27:27+00:00","dateModified":"2022-07-25T08:31:33+00:00","description":"Shojiki is proud to be the largest Phuong Trang coach advertising company in Vietnam, many big car brands such as Thanh Buoi, Phuong Trang","breadcrumb":{"@id":"https:\/\/shojiki.vn\/en\/phuong-trang-coach-decal-advertising#breadcrumb"},"inLanguage":"en-US","potentialAction":[{"@type":"ReadAction","target":["https:\/\/shojiki.vn\/en\/phuong-trang-coach-decal-advertising"]}]},{"@type":"ImageObject","inLanguage":"en-US","@id":"https:\/\/shojiki.vn\/en\/phuong-trang-coach-decal-advertising#primaryimage","url":"https:\/\/shojiki.vn\/wp-content\/uploads\/2021\/09\/quang-cao-trten-phuong-tien-di-chuyen-6.jpg","contentUrl":"https:\/\/shojiki.vn\/wp-content\/uploads\/2021\/09\/quang-cao-trten-phuong-tien-di-chuyen-6.jpg","width":939,"height":705},{"@type":"BreadcrumbList","@id":"https:\/\/shojiki.vn\/en\/phuong-trang-coach-decal-advertising#breadcrumb","itemListElement":[{"@type":"ListItem","position":1,"name":"Home","item":"https:\/\/shojiki.vn\/en"},{"@type":"ListItem","position":2,"name":"Phuong Trang coach decal advertising"}]},{"@type":"WebSite","@id":"https:\/\/shojiki.vn\/#website","url":"https:\/\/shojiki.vn\/","name":"Shojiki.vn","description":"","potentialAction":[{"@type":"SearchAction","target":{"@type":"EntryPoint","urlTemplate":"https:\/\/shojiki.vn\/?s={search_term_string}"},"query-input":{"@type":"PropertyValueSpecification","valueRequired":true,"valueName":"search_term_string"}}],"inLanguage":"en-US"}]}},"_links":{"self":[{"href":"https:\/\/shojiki.vn\/en\/wp-json\/wp\/v2\/pages\/12961"}],"collection":[{"href":"https:\/\/shojiki.vn\/en\/wp-json\/wp\/v2\/pages"}],"about":[{"href":"https:\/\/shojiki.vn\/en\/wp-json\/wp\/v2\/types\/page"}],"author":[{"embeddable":true,"href":"https:\/\/shojiki.vn\/en\/wp-json\/wp\/v2\/users\/4"}],"replies":[{"embeddable":true,"href":"https:\/\/shojiki.vn\/en\/wp-json\/wp\/v2\/comments?post=12961"}],"version-history":[{"count":2,"href":"https:\/\/shojiki.vn\/en\/wp-json\/wp\/v2\/pages\/12961\/revisions"}],"predecessor-version":[{"id":12985,"href":"https:\/\/shojiki.vn\/en\/wp-json\/wp\/v2\/pages\/12961\/revisions\/12985"}],"wp:featuredmedia":[{"embeddable":true,"href":"https:\/\/shojiki.vn\/en\/wp-json\/wp\/v2\/media\/7730"}],"wp:attachment":[{"href":"https:\/\/shojiki.vn\/en\/wp-json\/wp\/v2\/media?parent=12961"}],"curies":[{"name":"wp","href":"https:\/\/api.w.org\/{rel}","templated":true}]}}