{"id":12959,"date":"2022-07-25T14:59:33","date_gmt":"2022-07-25T07:59:33","guid":{"rendered":"https:\/\/shojiki.vn\/?page_id=12959"},"modified":"2022-07-27T14:59:16","modified_gmt":"2022-07-27T07:59:16","slug":"advertising-intercity-vehicles-passenger-cars","status":"publish","type":"page","link":"https:\/\/shojiki.vn\/en\/advertising-intercity-vehicles-passenger-cars","title":{"rendered":"Advertising intercity vehicles, passenger cars"},"content":{"rendered":"\n<p>Advertising inter-provincial vehicles and passenger cars is an advertising service on vehicles applied throughout the system of car manufacturers in Vietnam, especially famous car companies such as Phuong Trang, Thanh Buoi. With a large service scale and high reputation, this is a very attractive and effective form of advertising.\u00a0Shojki is confident it be the leading cooperation partner of Thanh Buoi and Phuong Trang car advertising.<\/p>\n<p><img loading=\"lazy\" decoding=\"async\" class=\"aligncenter wp-image-11272 size-large\" src=\"https:\/\/shojiki.vn\/template\/uploads\/2022\/02\/dan-xe-khach-phuong-trang-3-1030x532.jpg\" alt=\"\" width=\"1030\" height=\"532\" srcset=\"https:\/\/shojiki.vn\/wp-content\/uploads\/2022\/02\/dan-xe-khach-phuong-trang-3-1030x532.jpg 1030w, https:\/\/shojiki.vn\/wp-content\/uploads\/2022\/02\/dan-xe-khach-phuong-trang-3-300x155.jpg 300w, https:\/\/shojiki.vn\/wp-content\/uploads\/2022\/02\/dan-xe-khach-phuong-trang-3-768x397.jpg 768w, https:\/\/shojiki.vn\/wp-content\/uploads\/2022\/02\/dan-xe-khach-phuong-trang-3.jpg 1279w\" sizes=\"(max-width: 1030px) 100vw, 1030px\" \/><\/p>\n<h3><strong>What is intercity and passenger car advertising?<\/strong><\/h3>\n<p>Advertising on long-distance buses and intercity buses is one of the most attractive forms of advertising on\u00a0<span style=\"color: #ff6600;\"><a style=\"color: #ff6600;\" href=\"https:\/\/shojiki.vn\/phuong-tien-di-chuyen\">vehicles<\/a><\/span>.\u00a0This is a potential form of advertising stickers that businesses are always looking for.\u00a0Currently, long-distance passenger cars are the public means of transport that cover most of the country;\u00a0with a large advertising decal area;\u00a0This is undeniably the best form of advertising to convey brand messages today.<\/p>\n<div style=\"width: 808px\" class=\"wp-caption aligncenter\"><img loading=\"lazy\" decoding=\"async\" class=\"\" src=\"https:\/\/shojiki.vn\/template\/uploads\/2020\/04\/h\u00ecnh-3-1.jpg\" alt=\"qu\u1ea3ng c\u00e1o tr\u00ean xe kh\u00e1ch li\u00ean t\u1ec9nh\" width=\"798\" height=\"599\" \/><p class=\"wp-caption-text\">Qu\u1ea3ng c\u00e1o tr\u00ean xe kh\u00e1ch li\u00ean t\u1ec9nh Th\u00e0nh B\u01b0\u1edfi<\/p><\/div>\n<h3><strong>Why should you choose the form of advertising stickers on intercity and long-distance passenger cars?<\/strong><\/h3>\n<ul>\n<li>Advertising area\u00a0\u00a0<strong>on passenger cars has a &#8220;terrible&#8221; size:<\/strong>\u00a0Because the advertising area is larger than other vehicles, businesses can freely create maquettes without hesitation;\u00a0Because even if the distance is far, the viewer can still see the content.\u00a0In particular, advertising coverage throughout the country, effectively bringing customers&#8217; brands on every street.<\/li>\n<li>The advertising message is repeated continuously: Long-distance buses, intercity buses (such as\u00a0<span style=\"color: #ff6600;\"><a style=\"color: #ff6600;\" href=\"https:\/\/shojiki.vn\/quang-cao-dan-xe-phuong-trang\">Phuong Trang<\/a><\/span>\u00a0bus,\u00a0<span style=\"color: #ff6600;\"><a style=\"color: #ff6600;\" href=\"https:\/\/shojiki.vn\/quang-cao-dan-xe-thanh-buoi\">Thanh Buoi<\/a><\/span>\u00a0bus ) always have a default route, have many stops and must run continuously every day. continue on the same route.\u00a0With such frequency, it makes viewers impressed and remember the brand for a long time.<\/li>\n<li>Access to many customers at the same time: Anyone can take a bus from the elderly, students, office workers;&#8230; and anyone in traffic can see ads on the bus. customers, so in the series of above objects, there will definitely be a group of potential customers who are interested in your brand.<\/li>\n<li>Viewers are passive before advertising: It can be said that this is one of the outstanding advantages of advertising on\u00a0<span style=\"color: #ff6600;\"><b><a style=\"color: #ff6600;\" href=\"https:\/\/shojiki.vn\/phuong-tien-di-chuyen\">moving media.<\/a><\/b>\u00a0<\/span>\u00a0Viewers cannot turn off advertising, they are exposed to it passively;\u00a0whether there is a need or not.<b><\/b><\/li>\n<li>Cost savings for businesses: Low cost and suitable for many products and services, can be implemented for a long time and bring impressive results.<\/li>\n<\/ul>\n<p><img loading=\"lazy\" decoding=\"async\" class=\"aligncenter size-full wp-image-11269\" src=\"https:\/\/shojiki.vn\/template\/uploads\/2022\/02\/dan-xe-khach-phuong-trang-2.jpg\" alt=\"\" width=\"1554\" height=\"630\" srcset=\"https:\/\/shojiki.vn\/wp-content\/uploads\/2022\/02\/dan-xe-khach-phuong-trang-2.jpg 1554w, https:\/\/shojiki.vn\/wp-content\/uploads\/2022\/02\/dan-xe-khach-phuong-trang-2-300x122.jpg 300w, https:\/\/shojiki.vn\/wp-content\/uploads\/2022\/02\/dan-xe-khach-phuong-trang-2-1030x418.jpg 1030w, https:\/\/shojiki.vn\/wp-content\/uploads\/2022\/02\/dan-xe-khach-phuong-trang-2-768x311.jpg 768w, https:\/\/shojiki.vn\/wp-content\/uploads\/2022\/02\/dan-xe-khach-phuong-trang-2-1536x623.jpg 1536w\" sizes=\"(max-width: 1554px) 100vw, 1554px\" \/><\/p>\n<h3><strong>Popular forms of advertising stickers on passenger cars<\/strong><\/h3>\n<ul>\n<li>Advertising stickers on both sides of passenger cars: Being allowed by the State to be implemented throughout the country, this is also the most popular form of advertising stickers.\u00a0Maquette is designed to stand out to attract the attention of passersby.\u00a0Compared to taxis, the advertising area on both sides of passenger cars is much larger, so this is also the most prominent strength.<\/li>\n<\/ul>\n<p><img loading=\"lazy\" decoding=\"async\" class=\"aligncenter\" src=\"https:\/\/shojiki.vn\/template\/uploads\/2020\/04\/h\u00ecnh-3.jpg\" alt=\"qu\u1ea3ng c\u00e1o xe li\u00ean t\u1ec9nh\" width=\"791\" height=\"594\" \/><\/p>\n<ul>\n<li>Diecut advertising stickers: This form is only applied in Hanoi and Da Nang, although launched later, it is not inferior, even seems to be more dominant than the form of stickers on both sides of the car.\u00a0Because;\u00a0in addition to the maquette that is glued on both sides of the body, it is also allowed to paste another part on the glass door;\u00a0This is the point to impress the viewer.\u00a0For the maquette part glued to the glass door, it is printed with a grid decal to ensure that it does not affect the view of the occupants.<\/li>\n<li>\u00a0<\/li>\n<\/ul>\n<div id=\"attachment_6431\" class=\"wp-caption aligncenter photoswipe-wrapper\">\n<p id=\"caption-attachment-6431\" class=\"wp-caption-text\"><img loading=\"lazy\" decoding=\"async\" class=\"aligncenter\" src=\"https:\/\/shojiki.vn\/template\/uploads\/2020\/04\/h\u00ecnh-6-milo.jpg\" alt=\"qu\u1ea3ng c\u00e1o xe kh\u00e1ch \u0111\u01b0\u1eddng d\u00e0i\" width=\"842\" height=\"630\" \/><\/p>\n<\/div>\n<ul>\n<li>Stickers for advertising on car glass overflow: Ho Chi Minh City is currently the only area in the country that is allowed to paste car glass overflow.\u00a0This is an advantage for businesses when they can make the most of the area for advertising;\u00a0At the same time, it is also the most expensive point because the service is expensive.\u00a0With this large size, passersby can see the entire content clearly from many angles and leave a strong impression with the outstanding maquette.<\/li>\n<\/ul>\n<p><img loading=\"lazy\" decoding=\"async\" class=\"aligncenter wp-image-11266 size-large\" src=\"https:\/\/shojiki.vn\/template\/uploads\/2022\/02\/dan-xe-khach-phuong-trang-1030x768.jpg\" alt=\"d\u00e1n tr\u00e0ng vi\u1ec1n xe Ph\u01b0\u01a1ng Trang\" width=\"1030\" height=\"768\" srcset=\"https:\/\/shojiki.vn\/wp-content\/uploads\/2022\/02\/dan-xe-khach-phuong-trang-1030x768.jpg 1030w, https:\/\/shojiki.vn\/wp-content\/uploads\/2022\/02\/dan-xe-khach-phuong-trang-300x224.jpg 300w, https:\/\/shojiki.vn\/wp-content\/uploads\/2022\/02\/dan-xe-khach-phuong-trang-768x573.jpg 768w, https:\/\/shojiki.vn\/wp-content\/uploads\/2022\/02\/dan-xe-khach-phuong-trang.jpg 1228w\" sizes=\"(max-width: 1030px) 100vw, 1030px\" \/><\/p>\n<h3><strong>How do your ads appear on long-haul coaches?<\/strong><\/h3>\n<p><strong><span style=\"color: #ff6600;\">SHOJIKI<\/span> <\/strong>Advertising Joint Stock Company;\u00a0proud to be one of the leading advertising agencies in Vietnam.\u00a0We are committed to providing you with a reputable advertising service;\u00a0Most effective with:<\/p>\n<ul>\n<li>Support service\u00a0\u00a0<strong>GENERAL CONSULTATION<\/strong>\u00a0\u00a0of advertising strategies<\/li>\n<li><strong>SUPPORT SERVICE FOR DESIGNING<\/strong>\u00a0content\u00a0\u00a0\u00a0, advertising images<\/li>\n<li>The construction team deploys the advertisement\u00a0\u00a0<strong>FAST<\/strong>\u00a0\u00a0and\u00a0\u00a0<strong>ONLY<\/strong><\/li>\n<li><strong>WARRANTY<\/strong>\u00a0mode\u00a0\u00a0\u00a0for the duration of the campaign<\/li>\n<li><strong>Attractive\u00a0<\/strong><strong>DISCOUNTS<\/strong>\u00a0\u00a0and\u00a0\u00a0SALES\u00a0\u00a0\u00a0for customers<\/li>\n<\/ul>\n<p>Please\u00a0\u00a0<a href=\"https:\/\/shojiki.vn\/lien-he\"><span style=\"color: #ff6600;\">contact<\/span><\/a>\u00a0us for a free consultation on this type of advertising.<\/p>\n<p>In addition, you can learn more about our other forms of outdoor advertising:<\/p>\n<ul>\n<li><span style=\"color: #ff6600;\"><a style=\"color: #ff6600;\" href=\"https:\/\/shojiki.vn\/quang-cao-led-ngoai-troi\">Outdoor LED Display<\/a><\/span><\/li>\n<li><span style=\"color: #ff6600;\"><a style=\"color: #ff6600;\" href=\"https:\/\/shojiki.vn\/quang-cao-bien-bang\">Signboards, billboards, panels<\/a><\/span><\/li>\n<li><span style=\"color: #ff6600;\"><a style=\"color: #ff6600;\" href=\"https:\/\/shojiki.vn\/quang-cao-may-bay\">Airplane advertising<\/a><\/span><\/li>\n<li><span style=\"color: #ff6600;\"><a style=\"color: #ff6600;\" href=\"https:\/\/shojiki.vn\/quang-cao-offline\/quang-cao-xe-taxi\">Service of gluing ads on taxis<\/a><\/span><\/li>\n<li><span style=\"color: #ff6600;\"><a style=\"color: #ff6600;\" href=\"https:\/\/shojiki.vn\/quang-cao-offline\/quang-cao-xe-bus\">Bus<\/a><\/span><\/li>\n<li><span style=\"color: #ff6600;\"><a style=\"color: #ff6600;\" href=\"https:\/\/shojiki.vn\/quang-cao-tren-app-grab\">Super app Grab Ads<\/a><\/span><\/li>\n<li><span style=\"color: #ff6600;\"><a style=\"color: #ff6600;\" href=\"https:\/\/shojiki.vn\/quang-cao-tram-xang-tin-nghia\">Advertisement at gas station<\/a><\/span><\/li>\n<li><span style=\"color: #ff6600;\"><a style=\"color: #ff6600;\" href=\"https:\/\/shojiki.vn\/quang-cao-tai-cua-hang-tien-loi\">Grocery store<\/a><\/span><\/li>\n<\/ul>\n<h4>You can survey prices and buy billboards online at:\u00a0\u00a0<span style=\"color: #ff6600;\">\u00a0<\/span><span style=\"color: #ff6600;\"><a style=\"color: #ff6600;\" href=\"https:\/\/ooh.com.vn\/\">WikiOOH<\/a><\/span><br \/>We will measure the effectiveness of your outdoor advertising at:\u00a0<span style=\"color: #ff6600;\">\u00a0<a style=\"color: #ff6600;\" href=\"https:\/\/compasstech.asia\/\">Compass Tech<\/a><\/span><span style=\"color: #ff6600;\">\u00a0<\/span><\/h4>\n<h2><strong>Some customers have used Shojiki&#8217;s car advertising service:\u00a0<\/strong><\/h2>\n<p><img loading=\"lazy\" decoding=\"async\" class=\"aligncenter\" src=\"https:\/\/shojiki.vn\/template\/uploads\/2020\/04\/h\u00ecnh-1.jpg\" alt=\"qu\u1ea3ng c\u00e1o xe kh\u00e1ch \" width=\"937\" height=\"703\" \/><\/p>\n<p><img loading=\"lazy\" decoding=\"async\" class=\"aligncenter\" src=\"https:\/\/shojiki.vn\/template\/uploads\/2020\/04\/H\u00ecnh7-milo.jpg\" alt=\"qu\u1ea3ng c\u00e1o xe li\u00ean t\u1ec9nh\" width=\"802\" height=\"601\" \/><\/p>\n<p><img loading=\"lazy\" decoding=\"async\" class=\"aligncenter\" src=\"https:\/\/shojiki.vn\/template\/uploads\/2020\/04\/h\u00ecnh-1-1.jpg\" alt=\"qu\u1ea3ng c\u00e1o xe tuy\u1ebfn \u0111\u01b0\u1eddng HCM - \u0110\u00e0 L\u1ea1t\" width=\"845\" height=\"634\" \/><\/p>\n<p><img loading=\"lazy\" decoding=\"async\" class=\"aligncenter\" src=\"https:\/\/shojiki.vn\/template\/uploads\/2020\/04\/h\u00ecnh-8-milo.jpg\" alt=\"qu\u1ea3ng c\u00e1o Milo tr\u00ean xe kh\u00e1ch ph\u01b0\u01a1ng trang\" width=\"808\" height=\"606\" \/><\/p>\n<p><img loading=\"lazy\" decoding=\"async\" class=\"aligncenter\" src=\"https:\/\/shojiki.vn\/template\/uploads\/2020\/04\/h\u00ecnh-2.jpg\" alt=\"qu\u1ea3ng c\u00e1o tr\u00ean Ph\u01b0\u01a1ng Trang\" width=\"761\" height=\"571\" \/><\/p>\n<p><img loading=\"lazy\" decoding=\"async\" class=\"aligncenter\" src=\"https:\/\/shojiki.vn\/template\/uploads\/2020\/04\/h\u00ecnh-4.jpg\" alt=\"qu\u1ea3ng c\u00e1o tr\u00ean xe kh\u00e1ch ph\u01b0\u01a1ng trang\" width=\"802\" height=\"601\" \/><\/p>\n<p>\u00a0<\/p>\n","protected":false},"excerpt":{"rendered":"<p>Advertising inter-provincial vehicles and passenger cars is an advertising service on vehicles applied throughout the system of car manufacturers in Vietnam, especially famous car companies such as Phuong Trang, Thanh Buoi. With a large service scale and high reputation, this is a very attractive and effective form of advertising.\u00a0Shojki is confident it be the leading&hellip;<\/p>\n","protected":false},"author":4,"featured_media":0,"parent":0,"menu_order":0,"comment_status":"closed","ping_status":"closed","template":"","meta":{"_acf_changed":false,"footnotes":""},"class_list":["post-12959","page","type-page","status-publish","hentry","description-off"],"acf":[],"yoast_head":"<!-- This site is optimized with the Yoast SEO plugin v25.6 - https:\/\/yoast.com\/wordpress\/plugins\/seo\/ -->\n<title>Advertising intercity vehicles, passenger cars<\/title>\n<meta name=\"description\" content=\"Consulting and construction unit for outdoor advertising and prestigious transportation advertising such as taxis, buses, coaches,....\" \/>\n<meta name=\"robots\" content=\"index, follow, max-snippet:-1, max-image-preview:large, max-video-preview:-1\" \/>\n<link rel=\"canonical\" href=\"https:\/\/shojiki.vn\/en\/advertising-intercity-vehicles-passenger-cars\" \/>\n<meta property=\"og:locale\" content=\"en_US\" \/>\n<meta property=\"og:type\" content=\"article\" \/>\n<meta property=\"og:title\" content=\"Advertising intercity vehicles, passenger cars\" \/>\n<meta property=\"og:description\" content=\"Consulting and construction unit for outdoor advertising and prestigious transportation advertising such as taxis, buses, coaches,....\" \/>\n<meta property=\"og:url\" content=\"https:\/\/shojiki.vn\/en\/advertising-intercity-vehicles-passenger-cars\" \/>\n<meta property=\"og:site_name\" content=\"Shojiki.vn\" \/>\n<meta property=\"article:modified_time\" content=\"2022-07-27T07:59:16+00:00\" \/>\n<meta property=\"og:image\" content=\"https:\/\/shojiki.vn\/template\/uploads\/2022\/02\/dan-xe-khach-phuong-trang-3-1030x532.jpg\" \/>\n<meta name=\"twitter:label1\" content=\"Est. reading time\" \/>\n\t<meta name=\"twitter:data1\" content=\"7 minutes\" \/>\n<script type=\"application\/ld+json\" class=\"yoast-schema-graph\">{\"@context\":\"https:\/\/schema.org\",\"@graph\":[{\"@type\":\"WebPage\",\"@id\":\"https:\/\/shojiki.vn\/en\/advertising-intercity-vehicles-passenger-cars\",\"url\":\"https:\/\/shojiki.vn\/en\/advertising-intercity-vehicles-passenger-cars\",\"name\":\"Advertising intercity vehicles, passenger cars\",\"isPartOf\":{\"@id\":\"https:\/\/shojiki.vn\/#website\"},\"primaryImageOfPage\":{\"@id\":\"https:\/\/shojiki.vn\/en\/advertising-intercity-vehicles-passenger-cars#primaryimage\"},\"image\":{\"@id\":\"https:\/\/shojiki.vn\/en\/advertising-intercity-vehicles-passenger-cars#primaryimage\"},\"thumbnailUrl\":\"https:\/\/shojiki.vn\/template\/uploads\/2022\/02\/dan-xe-khach-phuong-trang-3-1030x532.jpg\",\"datePublished\":\"2022-07-25T07:59:33+00:00\",\"dateModified\":\"2022-07-27T07:59:16+00:00\",\"description\":\"Consulting and construction unit for outdoor advertising and prestigious transportation advertising such as taxis, buses, coaches,....\",\"breadcrumb\":{\"@id\":\"https:\/\/shojiki.vn\/en\/advertising-intercity-vehicles-passenger-cars#breadcrumb\"},\"inLanguage\":\"en-US\",\"potentialAction\":[{\"@type\":\"ReadAction\",\"target\":[\"https:\/\/shojiki.vn\/en\/advertising-intercity-vehicles-passenger-cars\"]}]},{\"@type\":\"ImageObject\",\"inLanguage\":\"en-US\",\"@id\":\"https:\/\/shojiki.vn\/en\/advertising-intercity-vehicles-passenger-cars#primaryimage\",\"url\":\"https:\/\/shojiki.vn\/template\/uploads\/2022\/02\/dan-xe-khach-phuong-trang-3-1030x532.jpg\",\"contentUrl\":\"https:\/\/shojiki.vn\/template\/uploads\/2022\/02\/dan-xe-khach-phuong-trang-3-1030x532.jpg\"},{\"@type\":\"BreadcrumbList\",\"@id\":\"https:\/\/shojiki.vn\/en\/advertising-intercity-vehicles-passenger-cars#breadcrumb\",\"itemListElement\":[{\"@type\":\"ListItem\",\"position\":1,\"name\":\"Home\",\"item\":\"https:\/\/shojiki.vn\/en\"},{\"@type\":\"ListItem\",\"position\":2,\"name\":\"Advertising intercity vehicles, passenger cars\"}]},{\"@type\":\"WebSite\",\"@id\":\"https:\/\/shojiki.vn\/#website\",\"url\":\"https:\/\/shojiki.vn\/\",\"name\":\"Shojiki.vn\",\"description\":\"\",\"potentialAction\":[{\"@type\":\"SearchAction\",\"target\":{\"@type\":\"EntryPoint\",\"urlTemplate\":\"https:\/\/shojiki.vn\/?s={search_term_string}\"},\"query-input\":{\"@type\":\"PropertyValueSpecification\",\"valueRequired\":true,\"valueName\":\"search_term_string\"}}],\"inLanguage\":\"en-US\"}]}<\/script>\n<!-- \/ Yoast SEO plugin. -->","yoast_head_json":{"title":"Advertising intercity vehicles, passenger cars","description":"Consulting and construction unit for outdoor advertising and prestigious transportation advertising such as taxis, buses, coaches,....","robots":{"index":"index","follow":"follow","max-snippet":"max-snippet:-1","max-image-preview":"max-image-preview:large","max-video-preview":"max-video-preview:-1"},"canonical":"https:\/\/shojiki.vn\/en\/advertising-intercity-vehicles-passenger-cars","og_locale":"en_US","og_type":"article","og_title":"Advertising intercity vehicles, passenger cars","og_description":"Consulting and construction unit for outdoor advertising and prestigious transportation advertising such as taxis, buses, coaches,....","og_url":"https:\/\/shojiki.vn\/en\/advertising-intercity-vehicles-passenger-cars","og_site_name":"Shojiki.vn","article_modified_time":"2022-07-27T07:59:16+00:00","og_image":[{"url":"https:\/\/shojiki.vn\/template\/uploads\/2022\/02\/dan-xe-khach-phuong-trang-3-1030x532.jpg","type":"","width":"","height":""}],"twitter_misc":{"Est. reading time":"7 minutes"},"schema":{"@context":"https:\/\/schema.org","@graph":[{"@type":"WebPage","@id":"https:\/\/shojiki.vn\/en\/advertising-intercity-vehicles-passenger-cars","url":"https:\/\/shojiki.vn\/en\/advertising-intercity-vehicles-passenger-cars","name":"Advertising intercity vehicles, passenger cars","isPartOf":{"@id":"https:\/\/shojiki.vn\/#website"},"primaryImageOfPage":{"@id":"https:\/\/shojiki.vn\/en\/advertising-intercity-vehicles-passenger-cars#primaryimage"},"image":{"@id":"https:\/\/shojiki.vn\/en\/advertising-intercity-vehicles-passenger-cars#primaryimage"},"thumbnailUrl":"https:\/\/shojiki.vn\/template\/uploads\/2022\/02\/dan-xe-khach-phuong-trang-3-1030x532.jpg","datePublished":"2022-07-25T07:59:33+00:00","dateModified":"2022-07-27T07:59:16+00:00","description":"Consulting and construction unit for outdoor advertising and prestigious transportation advertising such as taxis, buses, coaches,....","breadcrumb":{"@id":"https:\/\/shojiki.vn\/en\/advertising-intercity-vehicles-passenger-cars#breadcrumb"},"inLanguage":"en-US","potentialAction":[{"@type":"ReadAction","target":["https:\/\/shojiki.vn\/en\/advertising-intercity-vehicles-passenger-cars"]}]},{"@type":"ImageObject","inLanguage":"en-US","@id":"https:\/\/shojiki.vn\/en\/advertising-intercity-vehicles-passenger-cars#primaryimage","url":"https:\/\/shojiki.vn\/template\/uploads\/2022\/02\/dan-xe-khach-phuong-trang-3-1030x532.jpg","contentUrl":"https:\/\/shojiki.vn\/template\/uploads\/2022\/02\/dan-xe-khach-phuong-trang-3-1030x532.jpg"},{"@type":"BreadcrumbList","@id":"https:\/\/shojiki.vn\/en\/advertising-intercity-vehicles-passenger-cars#breadcrumb","itemListElement":[{"@type":"ListItem","position":1,"name":"Home","item":"https:\/\/shojiki.vn\/en"},{"@type":"ListItem","position":2,"name":"Advertising intercity vehicles, passenger cars"}]},{"@type":"WebSite","@id":"https:\/\/shojiki.vn\/#website","url":"https:\/\/shojiki.vn\/","name":"Shojiki.vn","description":"","potentialAction":[{"@type":"SearchAction","target":{"@type":"EntryPoint","urlTemplate":"https:\/\/shojiki.vn\/?s={search_term_string}"},"query-input":{"@type":"PropertyValueSpecification","valueRequired":true,"valueName":"search_term_string"}}],"inLanguage":"en-US"}]}},"_links":{"self":[{"href":"https:\/\/shojiki.vn\/en\/wp-json\/wp\/v2\/pages\/12959"}],"collection":[{"href":"https:\/\/shojiki.vn\/en\/wp-json\/wp\/v2\/pages"}],"about":[{"href":"https:\/\/shojiki.vn\/en\/wp-json\/wp\/v2\/types\/page"}],"author":[{"embeddable":true,"href":"https:\/\/shojiki.vn\/en\/wp-json\/wp\/v2\/users\/4"}],"replies":[{"embeddable":true,"href":"https:\/\/shojiki.vn\/en\/wp-json\/wp\/v2\/comments?post=12959"}],"version-history":[{"count":2,"href":"https:\/\/shojiki.vn\/en\/wp-json\/wp\/v2\/pages\/12959\/revisions"}],"predecessor-version":[{"id":13047,"href":"https:\/\/shojiki.vn\/en\/wp-json\/wp\/v2\/pages\/12959\/revisions\/13047"}],"wp:attachment":[{"href":"https:\/\/shojiki.vn\/en\/wp-json\/wp\/v2\/media?parent=12959"}],"curies":[{"name":"wp","href":"https:\/\/api.w.org\/{rel}","templated":true}]}}