{"id":12948,"date":"2022-07-25T14:56:57","date_gmt":"2022-07-25T07:56:57","guid":{"rendered":"https:\/\/shojiki.vn\/?page_id=12948"},"modified":"2022-07-25T15:21:29","modified_gmt":"2022-07-25T08:21:29","slug":"advertsing-for-grab-and-be-cars","status":"publish","type":"page","link":"https:\/\/shojiki.vn\/en\/advertsing-for-grab-and-be-cars","title":{"rendered":"Grab and Be cars advertising"},"content":{"rendered":"<h2><strong>Shojiki officially becomes Grab&#8217;s agent from 2022 with products: car stickers, <span style=\"color: #ff6600;\">Grab App<\/span>, RoadShow&#8230;<\/strong><\/h2>\n<h2><strong>What is Grab, Be car advertising?<\/strong><\/h2>\n<p><strong>Advertising for Grab and Be cars<\/strong> is a form of <span style=\"color: #ff6600;\"><a style=\"color: #ff6600;\" href=\"https:\/\/shojiki.vn\/en\/billboard\">outdoor advertising<\/a><\/span> (OOH) which applied to <span style=\"color: #ff6600;\"><a style=\"color: #ff6600;\" href=\"https:\/\/shojiki.vn\/en\/transport-advertising\">transport advertising<\/a><\/span>, specifically Grab and Be cars. Decals advertising the brand, and media content will be pasted on different positions of the taxi, bringing brand images and products to reach countless customers. Instead of advertising on monotonous billboards or banners, you can now advertise on Grab cars with mobility and creative images, which impressed people.<\/p>\n<p><img loading=\"lazy\" decoding=\"async\" class=\"aligncenter wp-image-11287 size-large\" src=\"https:\/\/shojiki.vn\/template\/uploads\/2022\/02\/dan-decal-quang-cao-4-canh-grab-cong-nghe-1030x580.jpg\" alt=\"qu\u1ea3ng c\u00e1o d\u00e1n xe grab\" width=\"1030\" height=\"580\" srcset=\"https:\/\/shojiki.vn\/wp-content\/uploads\/2022\/02\/dan-decal-quang-cao-4-canh-grab-cong-nghe-1030x580.jpg 1030w, https:\/\/shojiki.vn\/wp-content\/uploads\/2022\/02\/dan-decal-quang-cao-4-canh-grab-cong-nghe-300x169.jpg 300w, https:\/\/shojiki.vn\/wp-content\/uploads\/2022\/02\/dan-decal-quang-cao-4-canh-grab-cong-nghe-768x433.jpg 768w, https:\/\/shojiki.vn\/wp-content\/uploads\/2022\/02\/dan-decal-quang-cao-4-canh-grab-cong-nghe.jpg 1140w\" sizes=\"(max-width: 1030px) 100vw, 1030px\" \/><\/p>\n<h2><strong>Why should you choose to advertise for Grab and Be cars?<\/strong><\/h2>\n<h3><em>Get closer to potential customers<\/em><\/h3>\n<p>Customers of Grab, Be are potential businessmen, experts, office workers, etc. along with a large number of other road users will be able to access this ad. According to reviews, each passenger on average spends 30 minutes on each vehicles. Therefore, right from the moment you step into the car as well as throughout the journey, <strong>advertising for Grab and Be cars<\/strong> will have an impact on images, messages as well as sounds to customers both actively and passively.<\/p>\n<h3><em>Increase Brand Awareness<\/em><\/h3>\n<p>Information about products\/services is presented succinctly, concisely, creative design is placed in the most conspicuous positions along with continuous repetition to help the brand spread widely.<\/p>\n<h3><em>Easy to access even in remote areas<\/em><\/h3>\n<p>Grab cars often carry customers to move flexibly and easily to suburban areas, rural areas, etc. This market is also very potential for service advertising industries such as telecommunications networks, food, healthcare, insurance, etc. In particular, <strong>advertising for Grab cars<\/strong>, <strong>advertising for Be cars<\/strong>, etc. or advertising with other car companies are convenient and effective in reaching these geographical locations.<\/p>\n<h3><em>Support for other forms of advertising<\/em><\/h3>\n<p><strong>Advertising for Grab, Be cars<\/strong> combined with other forms of <strong>outdoor advertising<\/strong>, online advertising or other media campaigns will help communicate effectively for businesses, optimizing brand coverage. From there, the brand slowly goes deep into the customer&#8217;s mind, helping the business to have a better position.<\/p>\n<p><img loading=\"lazy\" decoding=\"async\" class=\"aligncenter wp-image-11290 size-full\" src=\"https:\/\/shojiki.vn\/template\/uploads\/2022\/02\/Grab-1-.jpg\" alt=\"Qu\u1ea3ng c\u00e1o d\u00e1n xe Be\" width=\"937\" height=\"731\" srcset=\"https:\/\/shojiki.vn\/wp-content\/uploads\/2022\/02\/Grab-1-.jpg 937w, https:\/\/shojiki.vn\/wp-content\/uploads\/2022\/02\/Grab-1--300x234.jpg 300w, https:\/\/shojiki.vn\/wp-content\/uploads\/2022\/02\/Grab-1--768x599.jpg 768w\" sizes=\"(max-width: 937px) 100vw, 937px\" \/><\/p>\n<h3><strong>Some strengths of Grab, Be cars advertising<\/strong><\/h3>\n<ul>\n<li>Mobility:\u00a0Taxis operate in a wide area, without route restrictions like buses<\/li>\n<li>The coverage of Grab car and Be car in Ho Chi Minh and Hanoi is very large<\/li>\n<li>Hours of Operation:\u00a024 hours\/day compared to about 12 hours\/day for buses<\/li>\n<li>In addition to the general advertising effect with passersby, advertising also focuses strongly on the set of users who get on the car, which is a high-income class.<\/li>\n<li>The cost and time\u00a0of advertising is more flexible than the type of billboards and buses<\/li>\n<\/ul>\n<p><strong>Unique advantages of Grab cars:<\/strong><\/p>\n<ul>\n<li>Real-time check of advertising sticker car<\/li>\n<li>Records the total distance traveled<\/li>\n<li>Monthly photo report: service quality assurance<\/li>\n<li>Retargeting: passengers who have seen online ads on Grab app, when moving will see Grab car stickers ads again.<\/li>\n<\/ul>\n<p><strong>Unique advantages of Be cars:<\/strong><\/p>\n<ul>\n<li>Provides 350,000 rides per day<\/li>\n<li>100,000 drivers actively participating in 10 cities<\/li>\n<li>More than 80 million trips per month<\/li>\n<li>Easy to check with live maps<\/li>\n<\/ul>\n<h2><strong>Types of advertising for Grab and Be cars:<\/strong><\/h2>\n<h3><em>Paste 4 doors of Grab car:<\/em><\/h3>\n<p>With a large size, media publications will have more messages, more impressive images, and leave a bold brand impression in the minds of customers.<\/p>\n<p><img loading=\"lazy\" decoding=\"async\" class=\"aligncenter wp-image-11293 size-large\" src=\"https:\/\/shojiki.vn\/template\/uploads\/2022\/02\/grab-2-1030x725.jpg\" alt=\"\" width=\"1030\" height=\"725\" srcset=\"https:\/\/shojiki.vn\/wp-content\/uploads\/2022\/02\/grab-2-1030x725.jpg 1030w, https:\/\/shojiki.vn\/wp-content\/uploads\/2022\/02\/grab-2-300x211.jpg 300w, https:\/\/shojiki.vn\/wp-content\/uploads\/2022\/02\/grab-2-768x540.jpg 768w, https:\/\/shojiki.vn\/wp-content\/uploads\/2022\/02\/grab-2.jpg 1259w\" sizes=\"(max-width: 1030px) 100vw, 1030px\" \/><\/p>\n<h3>Activation, Roadshow: optimize brand recognition<\/h3>\n<p>Promote the level of interaction to identify products, potential customers, distribute product samples.<\/p>\n<h2><strong>Prestigious Grab, Be cars advertising supplier and construction unit in Vietnam<\/strong><\/h2>\n<p>\u0110\u1ec3 l\u1ef1a ch\u1ecdn \u0111\u01a1n v\u1ecb uy t\u00edn th\u1ef1c hi\u1ec7n qu\u1ea3ng c\u00e1o xe Grab, Be; kh\u00e1ch h\u00e0ng s\u1ebd kh\u00f4ng kh\u1ecfi \u0111\u1eafn \u0111o khi tr\u00ean th\u1ecb tr\u01b0\u1eddng c\u00f3 r\u1ea5t nhi\u1ec1u \u0111\u01a1n v\u1ecb cung c\u1ea5p d\u1ecbch v\u1ee5 n\u00e0y. Ch\u00fang t\u00f4i xin \u0111\u01b0a ra m\u1ed9t s\u1ed1 ch\u1ec9 ti\u00eau m\u00e0 qu\u00fd kh\u00e1ch c\u00f3 th\u1ec3 c\u00e2n nh\u1eafc \u0111\u1ec3 ch\u1ecdn \u0111\u01a1n v\u1ecb qu\u1ea3ng c\u00e1o th\u00edch h\u1ee3p.<\/p>\n<p>To choose a reputable unit to advertise Grab, Be cars; customers will not help but hesitate when in the market there are many units providing this service. We would like to give some criteria that you can consider to choose the right ad unit.<\/p>\n<ul>\n<li><strong>The unit has experience:<\/strong> How effective are the advertising campaigns that the unit has implemented; What vehicle to cooperate with, what support services to provide, etc. From there, it is possible to evaluate the experience and capacity of the unit that wants to cooperate.<\/li>\n<li>Reputable unit: Refer to the information of the advertising unit; warranty policy, discount policy; incentives, reviews of customers or partners, etc. From there, you can see the level of prestige that the company has in the market.<\/li>\n<\/ul>\n<p><strong>SHOJIKI<\/strong> is an advertising company with many years of experience in implementing outdoor advertising campaigns in general and advertising for<strong> Grab, Be<\/strong> in particular in Vietnam. We have familiar cooperation with large and popular taxi companies such as Taxi VinaSun; Taxi Mai Linh, Taxi Grab\u2026 Certified with credibility by trust; success of hundreds of domestic and international enterprises.<\/p>\n<p>If you have a need to\u00a0<strong>advertise Grab, Be cars s in Hanoi, Ho Chi Minh and even all other provinces<\/strong>, you can <span style=\"color: #ff6600;\"><a style=\"color: #ff6600;\" href=\"https:\/\/shojiki.vn\/en\/contact-us\">contact us<\/a><\/span> for dedicated advice and quotation free of charge.<\/p>\n<p><img loading=\"lazy\" decoding=\"async\" class=\"aligncenter size-full wp-image-11296\" src=\"https:\/\/shojiki.vn\/template\/uploads\/2022\/02\/grab-3.jpg\" alt=\"\" width=\"1031\" height=\"809\" srcset=\"https:\/\/shojiki.vn\/wp-content\/uploads\/2022\/02\/grab-3.jpg 1031w, https:\/\/shojiki.vn\/wp-content\/uploads\/2022\/02\/grab-3-300x235.jpg 300w, https:\/\/shojiki.vn\/wp-content\/uploads\/2022\/02\/grab-3-768x603.jpg 768w\" sizes=\"(max-width: 1031px) 100vw, 1031px\" \/><\/p>\n<h2><span style=\"font-size: 12pt;\"><b>How can your ads appear on Grab and Be cars<\/b><b>?<\/b><\/span><\/h2>\n<div class=\"wp-block-group__inner-container\" style=\"text-align: justify;\"><span style=\"font-size: 12pt;\"><span style=\"color: #ff6600;\"><a style=\"color: #ff6600;\" href=\"https:\/\/shojiki.vn\/en\"><b>SHOJIKI Advertising Joint Stock Company<\/b><\/a><\/span><span style=\"font-weight: 400;\"> &#8211; is proud to be one of the leading advertising agencies in Viet Nam. With the authorization from the city LED screen dealer, we are committed to bringing you the most prestigious and effective advertising service along with:<\/span><\/span><\/p>\n<ul>\n<li style=\"font-weight: 400;\" aria-level=\"1\"><span style=\"font-size: 12pt;\"><span style=\"font-weight: 400;\">Support service <\/span><b>GENERAL CONSULTATION<\/b><span style=\"font-weight: 400;\"> of advertising strategies<\/span><\/span><\/li>\n<li style=\"font-weight: 400;\" aria-level=\"1\"><span style=\"font-size: 12pt;\"><b>SUPPORT SERVICE FOR DESIGNING<\/b><span style=\"font-weight: 400;\"> content, advertising images<\/span><\/span><\/li>\n<li style=\"font-weight: 400;\" aria-level=\"1\"><span style=\"font-size: 12pt;\"><span style=\"font-weight: 400;\">The construction team deploys the advertisement <\/span><b>FAST<\/b><span style=\"font-weight: 400;\"> and <\/span><b>ONLY<\/b><\/span><\/li>\n<li style=\"font-weight: 400;\" aria-level=\"1\"><span style=\"font-size: 12pt;\"><b>WARRANTY<\/b><span style=\"font-weight: 400;\"> mode for the duration of the campaign<\/span><\/span><\/li>\n<li style=\"font-weight: 400;\" aria-level=\"1\"><span style=\"font-size: 12pt;\"><span style=\"font-weight: 400;\">Attractive <\/span><b>DISCOUNTS<\/b><span style=\"font-weight: 400;\"> and <\/span><b>SALES<\/b><span style=\"font-weight: 400;\"> for customers<\/span><\/span><\/li>\n<\/ul>\n<p><span style=\"font-weight: 400; font-size: 12pt;\">In addition, you can learn more about our other forms of outdoor advertising:<\/span><\/p>\n<ul>\n<li style=\"font-weight: 400;\" aria-level=\"1\"><span style=\"font-size: 12pt; color: #ff6600;\"><a style=\"color: #ff6600;\" href=\"https:\/\/shojiki.vn\/en\/led-screen-advertising\"><span style=\"font-weight: 400;\">Outdoor LED Display<\/span><\/a><\/span><\/li>\n<li style=\"font-weight: 400;\" aria-level=\"1\"><span style=\"font-size: 12pt; color: #ff6600;\"><a style=\"color: #ff6600;\" href=\"https:\/\/shojiki.vn\/en\/billboard\"><span style=\"font-weight: 400;\">Signboards, billboards, panels<\/span><\/a><\/span><\/li>\n<li style=\"font-weight: 400;\" aria-level=\"1\"><span style=\"font-size: 12pt; color: #ff6600;\"><a style=\"color: #ff6600;\" href=\"https:\/\/shojiki.vn\/en\/offline-advertising\/airplane-advertising\"><span style=\"font-weight: 400;\">Airplane advertising<\/span><\/a><\/span><\/li>\n<li style=\"font-weight: 400;\" aria-level=\"1\"><span style=\"font-size: 12pt; color: #ff6600;\"><a style=\"color: #ff6600;\" href=\"https:\/\/shojiki.vn\/en\/offline-advertising\/taxi-advertising\"><span style=\"font-weight: 400;\">Service of gluing ads on taxis<\/span><\/a><\/span><\/li>\n<li style=\"font-weight: 400;\" aria-level=\"1\"><span style=\"font-size: 12pt; color: #ff6600;\"><a style=\"color: #ff6600;\" href=\"https:\/\/shojiki.vn\/en\/offline-advertising\/bus-advertising\"><span style=\"font-weight: 400;\">Bus advertising<\/span><\/a><\/span><\/li>\n<li style=\"font-weight: 400;\" aria-level=\"1\"><span style=\"font-weight: 400; font-size: 12pt; color: #ff6600;\">Advertisement on apps Grab<\/span><\/li>\n<li style=\"font-weight: 400;\" aria-level=\"1\"><span style=\"font-size: 12pt; color: #ff6600;\"><a style=\"color: #ff6600;\" href=\"https:\/\/shojiki.vn\/en\/offline-advertising\/advertising-at-gas-station\"><span style=\"font-weight: 400;\">Advertisement at gas station<\/span><\/a><\/span><\/li>\n<li style=\"font-weight: 400;\" aria-level=\"1\"><span style=\"font-size: 12pt; color: #ff6600;\"><a style=\"color: #ff6600;\" href=\"https:\/\/shojiki.vn\/en\/advertising-at-convenience-stores\"><span style=\"font-weight: 400;\">Advertisement at convenience stores<\/span><\/a><\/span><\/li>\n<\/ul>\n<p><span style=\"font-size: 12pt;\"><b>You can survey prices and buy online at: <\/b><span style=\"color: #ff6600;\"><a style=\"color: #ff6600;\" href=\"https:\/\/ooh.com.vn\/\"><b>WikiOOH<\/b><\/a><\/span><\/span><\/p>\n<\/div>\n<div class=\"wp-block-group__inner-container\" style=\"text-align: justify;\">\n<p style=\"text-align: justify;\"><span style=\"font-size: 12pt;\"><b>We will measure the effectiveness of your outdoor advertising at: <\/b><span style=\"color: #ff6600;\"><a style=\"color: #ff6600;\" href=\"https:\/\/compasstech.asia\/en\/\"><b>Compass Tech<\/b><\/a> \u00a0<\/span><\/span><\/p>\n<\/div>\n","protected":false},"excerpt":{"rendered":"<p>Shojiki officially becomes Grab&#8217;s agent from 2022 with products: car stickers, Grab App, RoadShow&#8230; What is Grab, Be car advertising? Advertising for Grab and Be cars is a form of outdoor advertising (OOH) which applied to transport advertising, specifically Grab and Be cars. Decals advertising the brand, and media content will be pasted on different&hellip;<\/p>\n","protected":false},"author":4,"featured_media":11294,"parent":0,"menu_order":0,"comment_status":"closed","ping_status":"closed","template":"","meta":{"_acf_changed":false,"footnotes":""},"class_list":["post-12948","page","type-page","status-publish","has-post-thumbnail","hentry","description-off"],"acf":[],"yoast_head":"<!-- This site is optimized with the Yoast SEO plugin v25.6 - https:\/\/yoast.com\/wordpress\/plugins\/seo\/ -->\n<title>Grab and Be cars advertising - Shojiki.vn<\/title>\n<meta name=\"robots\" content=\"index, follow, max-snippet:-1, max-image-preview:large, max-video-preview:-1\" \/>\n<link rel=\"canonical\" href=\"https:\/\/shojiki.vn\/en\/advertsing-for-grab-and-be-cars\" \/>\n<meta property=\"og:locale\" content=\"en_US\" \/>\n<meta property=\"og:type\" content=\"article\" \/>\n<meta property=\"og:title\" content=\"Grab and Be cars advertising - Shojiki.vn\" \/>\n<meta property=\"og:description\" content=\"Shojiki officially becomes Grab&#8217;s agent from 2022 with products: car stickers, Grab App, RoadShow&#8230; What is Grab, Be car advertising? Advertising for Grab and Be cars is a form of outdoor advertising (OOH) which applied to transport advertising, specifically Grab and Be cars. Decals advertising the brand, and media content will be pasted on different&hellip;\" \/>\n<meta property=\"og:url\" content=\"https:\/\/shojiki.vn\/en\/advertsing-for-grab-and-be-cars\" \/>\n<meta property=\"og:site_name\" content=\"Shojiki.vn\" \/>\n<meta property=\"article:modified_time\" content=\"2022-07-25T08:21:29+00:00\" \/>\n<meta property=\"og:image\" content=\"https:\/\/shojiki.vn\/template\/uploads\/2022\/02\/grab-2.jpg\" \/>\n\t<meta property=\"og:image:width\" content=\"1259\" \/>\n\t<meta property=\"og:image:height\" content=\"886\" \/>\n\t<meta property=\"og:image:type\" content=\"image\/jpeg\" \/>\n<meta name=\"twitter:label1\" content=\"Est. reading time\" \/>\n\t<meta name=\"twitter:data1\" content=\"7 minutes\" \/>\n<script type=\"application\/ld+json\" class=\"yoast-schema-graph\">{\"@context\":\"https:\/\/schema.org\",\"@graph\":[{\"@type\":\"WebPage\",\"@id\":\"https:\/\/shojiki.vn\/en\/advertsing-for-grab-and-be-cars\",\"url\":\"https:\/\/shojiki.vn\/en\/advertsing-for-grab-and-be-cars\",\"name\":\"Grab and Be cars advertising - Shojiki.vn\",\"isPartOf\":{\"@id\":\"https:\/\/shojiki.vn\/#website\"},\"primaryImageOfPage\":{\"@id\":\"https:\/\/shojiki.vn\/en\/advertsing-for-grab-and-be-cars#primaryimage\"},\"image\":{\"@id\":\"https:\/\/shojiki.vn\/en\/advertsing-for-grab-and-be-cars#primaryimage\"},\"thumbnailUrl\":\"https:\/\/shojiki.vn\/wp-content\/uploads\/2022\/02\/grab-2.jpg\",\"datePublished\":\"2022-07-25T07:56:57+00:00\",\"dateModified\":\"2022-07-25T08:21:29+00:00\",\"breadcrumb\":{\"@id\":\"https:\/\/shojiki.vn\/en\/advertsing-for-grab-and-be-cars#breadcrumb\"},\"inLanguage\":\"en-US\",\"potentialAction\":[{\"@type\":\"ReadAction\",\"target\":[\"https:\/\/shojiki.vn\/en\/advertsing-for-grab-and-be-cars\"]}]},{\"@type\":\"ImageObject\",\"inLanguage\":\"en-US\",\"@id\":\"https:\/\/shojiki.vn\/en\/advertsing-for-grab-and-be-cars#primaryimage\",\"url\":\"https:\/\/shojiki.vn\/wp-content\/uploads\/2022\/02\/grab-2.jpg\",\"contentUrl\":\"https:\/\/shojiki.vn\/wp-content\/uploads\/2022\/02\/grab-2.jpg\",\"width\":1259,\"height\":886},{\"@type\":\"BreadcrumbList\",\"@id\":\"https:\/\/shojiki.vn\/en\/advertsing-for-grab-and-be-cars#breadcrumb\",\"itemListElement\":[{\"@type\":\"ListItem\",\"position\":1,\"name\":\"Home\",\"item\":\"https:\/\/shojiki.vn\/en\"},{\"@type\":\"ListItem\",\"position\":2,\"name\":\"Grab and Be cars advertising\"}]},{\"@type\":\"WebSite\",\"@id\":\"https:\/\/shojiki.vn\/#website\",\"url\":\"https:\/\/shojiki.vn\/\",\"name\":\"Shojiki.vn\",\"description\":\"\",\"potentialAction\":[{\"@type\":\"SearchAction\",\"target\":{\"@type\":\"EntryPoint\",\"urlTemplate\":\"https:\/\/shojiki.vn\/?s={search_term_string}\"},\"query-input\":{\"@type\":\"PropertyValueSpecification\",\"valueRequired\":true,\"valueName\":\"search_term_string\"}}],\"inLanguage\":\"en-US\"}]}<\/script>\n<!-- \/ Yoast SEO plugin. -->","yoast_head_json":{"title":"Grab and Be cars advertising - Shojiki.vn","robots":{"index":"index","follow":"follow","max-snippet":"max-snippet:-1","max-image-preview":"max-image-preview:large","max-video-preview":"max-video-preview:-1"},"canonical":"https:\/\/shojiki.vn\/en\/advertsing-for-grab-and-be-cars","og_locale":"en_US","og_type":"article","og_title":"Grab and Be cars advertising - Shojiki.vn","og_description":"Shojiki officially becomes Grab&#8217;s agent from 2022 with products: car stickers, Grab App, RoadShow&#8230; What is Grab, Be car advertising? Advertising for Grab and Be cars is a form of outdoor advertising (OOH) which applied to transport advertising, specifically Grab and Be cars. Decals advertising the brand, and media content will be pasted on different&hellip;","og_url":"https:\/\/shojiki.vn\/en\/advertsing-for-grab-and-be-cars","og_site_name":"Shojiki.vn","article_modified_time":"2022-07-25T08:21:29+00:00","og_image":[{"width":1259,"height":886,"url":"https:\/\/shojiki.vn\/template\/uploads\/2022\/02\/grab-2.jpg","type":"image\/jpeg"}],"twitter_misc":{"Est. reading time":"7 minutes"},"schema":{"@context":"https:\/\/schema.org","@graph":[{"@type":"WebPage","@id":"https:\/\/shojiki.vn\/en\/advertsing-for-grab-and-be-cars","url":"https:\/\/shojiki.vn\/en\/advertsing-for-grab-and-be-cars","name":"Grab and Be cars advertising - Shojiki.vn","isPartOf":{"@id":"https:\/\/shojiki.vn\/#website"},"primaryImageOfPage":{"@id":"https:\/\/shojiki.vn\/en\/advertsing-for-grab-and-be-cars#primaryimage"},"image":{"@id":"https:\/\/shojiki.vn\/en\/advertsing-for-grab-and-be-cars#primaryimage"},"thumbnailUrl":"https:\/\/shojiki.vn\/wp-content\/uploads\/2022\/02\/grab-2.jpg","datePublished":"2022-07-25T07:56:57+00:00","dateModified":"2022-07-25T08:21:29+00:00","breadcrumb":{"@id":"https:\/\/shojiki.vn\/en\/advertsing-for-grab-and-be-cars#breadcrumb"},"inLanguage":"en-US","potentialAction":[{"@type":"ReadAction","target":["https:\/\/shojiki.vn\/en\/advertsing-for-grab-and-be-cars"]}]},{"@type":"ImageObject","inLanguage":"en-US","@id":"https:\/\/shojiki.vn\/en\/advertsing-for-grab-and-be-cars#primaryimage","url":"https:\/\/shojiki.vn\/wp-content\/uploads\/2022\/02\/grab-2.jpg","contentUrl":"https:\/\/shojiki.vn\/wp-content\/uploads\/2022\/02\/grab-2.jpg","width":1259,"height":886},{"@type":"BreadcrumbList","@id":"https:\/\/shojiki.vn\/en\/advertsing-for-grab-and-be-cars#breadcrumb","itemListElement":[{"@type":"ListItem","position":1,"name":"Home","item":"https:\/\/shojiki.vn\/en"},{"@type":"ListItem","position":2,"name":"Grab and Be cars advertising"}]},{"@type":"WebSite","@id":"https:\/\/shojiki.vn\/#website","url":"https:\/\/shojiki.vn\/","name":"Shojiki.vn","description":"","potentialAction":[{"@type":"SearchAction","target":{"@type":"EntryPoint","urlTemplate":"https:\/\/shojiki.vn\/?s={search_term_string}"},"query-input":{"@type":"PropertyValueSpecification","valueRequired":true,"valueName":"search_term_string"}}],"inLanguage":"en-US"}]}},"_links":{"self":[{"href":"https:\/\/shojiki.vn\/en\/wp-json\/wp\/v2\/pages\/12948"}],"collection":[{"href":"https:\/\/shojiki.vn\/en\/wp-json\/wp\/v2\/pages"}],"about":[{"href":"https:\/\/shojiki.vn\/en\/wp-json\/wp\/v2\/types\/page"}],"author":[{"embeddable":true,"href":"https:\/\/shojiki.vn\/en\/wp-json\/wp\/v2\/users\/4"}],"replies":[{"embeddable":true,"href":"https:\/\/shojiki.vn\/en\/wp-json\/wp\/v2\/comments?post=12948"}],"version-history":[{"count":4,"href":"https:\/\/shojiki.vn\/en\/wp-json\/wp\/v2\/pages\/12948\/revisions"}],"predecessor-version":[{"id":12968,"href":"https:\/\/shojiki.vn\/en\/wp-json\/wp\/v2\/pages\/12948\/revisions\/12968"}],"wp:featuredmedia":[{"embeddable":true,"href":"https:\/\/shojiki.vn\/en\/wp-json\/wp\/v2\/media\/11294"}],"wp:attachment":[{"href":"https:\/\/shojiki.vn\/en\/wp-json\/wp\/v2\/media?parent=12948"}],"curies":[{"name":"wp","href":"https:\/\/api.w.org\/{rel}","templated":true}]}}