{"id":12908,"date":"2022-07-22T15:16:26","date_gmt":"2022-07-22T08:16:26","guid":{"rendered":"https:\/\/shojiki.vn\/?page_id=12908"},"modified":"2022-07-22T15:16:26","modified_gmt":"2022-07-22T08:16:26","slug":"lcd-advertising-at-the-cafe","status":"publish","type":"page","link":"https:\/\/shojiki.vn\/en\/lcd-advertising-at-the-cafe","title":{"rendered":"LCD advertising at the cafe"},"content":{"rendered":"<p style=\"text-align: justify;\"><span style=\"font-weight: 400;\">The cafe is a potential advertising channel that is being chosen by many brands, especially the garden cafe that owns an airy, spacious space and is a place to reach high-end customers. This is a channel with a large number of potential customers &#8211; an opportunity for businesses to deploy a diverse and effective advertising campaign at the cafe. Advertising at a cafe is one of the new forms of increasing coverage, very suitable for brands that want to promote their products and brands. High-class garden cafe chain in Ho Chi Minh City such as Du Mien-Go Vap, Mien Dong Thao-Phu Nhuan, Da Lat Pho, Nhat Nguyet Garden&#8230; are using this form more and more.<\/span><\/p>\n<p><img loading=\"lazy\" decoding=\"async\" class=\"aligncenter wp-image-11144 size-large\" src=\"https:\/\/shojiki.vn\/template\/uploads\/2022\/01\/lcd-coffee-1030x579.jpg\" alt=\"digital standee t\u1ea1i qu\u00e1n cafe\" width=\"1030\" height=\"579\" srcset=\"https:\/\/shojiki.vn\/wp-content\/uploads\/2022\/01\/lcd-coffee-1030x579.jpg 1030w, https:\/\/shojiki.vn\/wp-content\/uploads\/2022\/01\/lcd-coffee-300x169.jpg 300w, https:\/\/shojiki.vn\/wp-content\/uploads\/2022\/01\/lcd-coffee-768x432.jpg 768w, https:\/\/shojiki.vn\/wp-content\/uploads\/2022\/01\/lcd-coffee-1536x864.jpg 1536w, https:\/\/shojiki.vn\/wp-content\/uploads\/2022\/01\/lcd-coffee.jpg 1920w\" sizes=\"(max-width: 1030px) 100vw, 1030px\" \/><\/p>\n<h2><b>What is cafe advertising?<\/b><\/h2>\n<p><span style=\"font-weight: 400;\">Advertising at a cafe is a type of image advertising on Digital Standee, installed in beautiful locations, a garden cafe system with a large flow of visitors, stable to high income. Portrait of regular customers and loyal.<\/span><\/p>\n<h2><strong>Features of advertising at cafe<\/strong><\/h2>\n<p><span style=\"font-weight: 400;\">Shojiki provides a leading service of large 43 inch, high definition TVC advertising. Holds outstanding advantages such as:<\/span><\/p>\n<ul>\n<li style=\"font-weight: 400;\" aria-level=\"1\"><b>Solid design, high aesthetics: <\/b><span style=\"font-weight: 400;\">designed specifically for cafe spaces, ensuring the most optimal visibility for customers compared to paper standees, digital standees will be difficult to fall in the wind, solid design, safe, help customers have a good experience with your advertising.<\/span><\/li>\n<li style=\"font-weight: 400;\" aria-level=\"1\"><b>The advertising effect is very high:<\/b><span style=\"font-weight: 400;\"> the electronic standee screen will be able to advertise vivid, sharp images (something most paper standees can&#8217;t deliver) to help attract and get the attention of customers at first sight.<\/span><\/li>\n<li style=\"font-weight: 400;\" aria-level=\"1\"><b>Long interaction time:<\/b><span style=\"font-weight: 400;\"> Usually a Vietnamese customer often sits at a coffee shop for 2-3 hours, this proves that the chances of customers seeing your ad are very high, the frequency of repetition makes customers will be impressed with your ad.<\/span><\/li>\n<\/ul>\n<ul>\n<li style=\"font-weight: 400;\" aria-level=\"1\"><b>The leading programmatic system in Vietnam<\/b><span style=\"font-weight: 400;\">:<\/span><\/li>\n<\/ul>\n<ul>\n<li style=\"list-style-type: none;\">\n<ul style=\"list-style-type: circle;\">\n<li><span style=\"font-weight: 400;\">Buy and play ads are automated, campaigns run instantly<\/span><\/li>\n<li><span style=\"font-weight: 400;\">Flexible running time, suitable for many small and medium campaigns<\/span><\/li>\n<li><span style=\"font-weight: 400;\">Choose the location, customer file suitable for each campaign.<\/span><\/li>\n<\/ul>\n<\/li>\n<\/ul>\n<ul>\n<li style=\"text-align: justify;\"><b>Diverse customer files<\/b><span style=\"font-weight: 400;\">: Entrepreneurs, office workers, civil servants&#8230;<\/span><\/li>\n<\/ul>\n<p><span style=\"font-weight: 400;\">The form of advertising at the cafe is suitable for high-end customers such as real estate, banking, FMCG, telecommunications\u2026 Besides, Shojiki expands other activities such as activation at the cafe, consulting, marketing, standee at the cafe. tables, banners at the shop. Meet the needs for brands who want to advertise here.<\/span><\/p>\n<p><span style=\"font-weight: 400;\">Therefore, advertising at cafes is gradually becoming the top target for brands to choose.<\/span><\/p>\n<div id=\"attachment_11147\" style=\"width: 1040px\" class=\"wp-caption aligncenter\"><img loading=\"lazy\" decoding=\"async\" aria-describedby=\"caption-attachment-11147\" class=\"wp-image-11147 size-large\" src=\"https:\/\/shojiki.vn\/template\/uploads\/2022\/01\/lcd-cf-3-1030x772.jpg\" alt=\"qu\u1ea3ng c\u00e1o t\u1ea1i qu\u00e1n cafe\" width=\"1030\" height=\"772\" srcset=\"https:\/\/shojiki.vn\/wp-content\/uploads\/2022\/01\/lcd-cf-3-1030x772.jpg 1030w, https:\/\/shojiki.vn\/wp-content\/uploads\/2022\/01\/lcd-cf-3-300x225.jpg 300w, https:\/\/shojiki.vn\/wp-content\/uploads\/2022\/01\/lcd-cf-3-768x575.jpg 768w, https:\/\/shojiki.vn\/wp-content\/uploads\/2022\/01\/lcd-cf-3.jpg 1276w\" sizes=\"(max-width: 1030px) 100vw, 1030px\" \/><p id=\"caption-attachment-11147\" class=\"wp-caption-text\">Garden cafes are always crowded with potential customers.<\/p><\/div>\n<h2><b>List of cafes in cooperation with Shojiki<\/b><\/h2>\n<p style=\"text-align: justify;\"><span style=\"font-weight: 400;\">Shojiki is pleased to cooperate with leading cafe chains in Ho Chi Minh City such as Du Mien, Mien Dong Thao, Da Lat Pho, Nhat Nguyet&#8230; with a system spread in central districts, high-end customer files. Currently, Shojiki exploits the type of advertising Digital Standee.<\/span><\/p>\n<p><span style=\"font-weight: 400;\"><img loading=\"lazy\" decoding=\"async\" class=\"aligncenter wp-image-11150 size-large\" src=\"https:\/\/shojiki.vn\/template\/uploads\/2022\/01\/lcd-cf-1-1030x773.jpg\" alt=\"qu\u1ea3ng c\u00e1o t\u1ea1i qu\u00e1n c\u00e0 ph\u00ea s\u00e2n v\u01b0\u1eddn\" width=\"1030\" height=\"773\" srcset=\"https:\/\/shojiki.vn\/wp-content\/uploads\/2022\/01\/lcd-cf-1-1030x773.jpg 1030w, https:\/\/shojiki.vn\/wp-content\/uploads\/2022\/01\/lcd-cf-1-300x225.jpg 300w, https:\/\/shojiki.vn\/wp-content\/uploads\/2022\/01\/lcd-cf-1-768x576.jpg 768w, https:\/\/shojiki.vn\/wp-content\/uploads\/2022\/01\/lcd-cf-1-1536x1152.jpg 1536w, https:\/\/shojiki.vn\/wp-content\/uploads\/2022\/01\/lcd-cf-1-2048x1536.jpg 2048w\" sizes=\"(max-width: 1030px) 100vw, 1030px\" \/><\/span><\/p>\n<p><span style=\"font-weight: 400;\">In addition, Shojiki also exploits other types of advertising such as <\/span><b>activation advertising at the cafe, consulting, marketing, standee at the table, banner at the shop<\/b><span style=\"font-weight: 400;\">.<\/span><\/p>\n<h2><strong>How do your ads appear at cafes in Ho Chi Minh City?<\/strong><\/h2>\n<p><span style=\"color: #ff6600;\"><a style=\"color: #ff6600;\" href=\"https:\/\/shojiki.vn\/en\">SHOJIKI Advertising Joint Stock<\/a><\/span>\u00a0Company \u2013 is proud to be one of the leading advertising agencies in Vietnam. We are committed to bringing you the most prestigious and effective advertising service along with:<\/p>\n<p>Support service\u00a0<strong>GENERAL CONSULTATION<\/strong>\u00a0of advertising strategies<br \/>\n<strong>SUPPORT SERVICE FOR DESIGNING<\/strong>\u00a0content, advertising images<br \/>\nThe construction team deploys the advertisement\u00a0<strong>FAST<\/strong>\u00a0and\u00a0<strong>ONLY<\/strong><br \/>\n<strong>WARRANTY<\/strong>\u00a0mode for the duration of the campaign<br \/>\nAttractive\u00a0<strong>DISCOUNTS<\/strong>\u00a0and\u00a0<strong>SALES<\/strong>\u00a0for customers<br \/>\nIn addition, you can learn more about our other forms of outdoor advertising:<\/p>\n<ul>\n<li aria-level=\"1\"><span style=\"color: #ff6600;\"><a style=\"color: #ff6600;\" href=\"https:\/\/shojiki.vn\/en\/led-screen-advertising\">Outdoor LED Display<\/a><\/span><\/li>\n<li aria-level=\"1\"><span style=\"color: #ff6600;\"><a style=\"color: #ff6600;\" href=\"https:\/\/shojiki.vn\/en\/billboard\">Signboards, billboards, panels<\/a><\/span><\/li>\n<li aria-level=\"1\"><span style=\"color: #ff6600;\"><a style=\"color: #ff6600;\" href=\"https:\/\/shojiki.vn\/en\/offline-advertising\/airplane-advertising\">Airplane advertising<\/a><\/span><\/li>\n<li aria-level=\"1\"><span style=\"color: #ff6600;\"><a style=\"color: #ff6600;\" href=\"https:\/\/shojiki.vn\/en\/offline-advertising\/taxi-advertising\">Service of gluing ads on taxis<\/a><\/span><\/li>\n<li aria-level=\"1\"><span style=\"color: #ff6600;\"><a style=\"color: #ff6600;\" href=\"https:\/\/shojiki.vn\/en\/offline-advertising\/bus-advertising\">Bus advertising<\/a><\/span><\/li>\n<li aria-level=\"1\"><span style=\"color: #ff6600;\">Advertisement on apps Grab<\/span><\/li>\n<li aria-level=\"1\"><span style=\"color: #ff6600;\"><a style=\"color: #ff6600;\" href=\"https:\/\/shojiki.vn\/en\/offline-advertising\/advertising-at-gas-station\">Advertisement at gas station<\/a><\/span><\/li>\n<li aria-level=\"1\"><span style=\"color: #ff6600;\"><a style=\"color: #ff6600;\" href=\"https:\/\/shojiki.vn\/en\/advertising-at-convenience-stores\">Advertisement at convenience stores<\/a><\/span><\/li>\n<\/ul>\n<p><strong>You can survey prices and buy signs online at:\u00a0<span style=\"color: #ff6600;\"><a style=\"color: #ff6600;\" href=\"https:\/\/ooh.com.vn\/\">WikiOOH<\/a><\/span><\/strong><br \/>\n<strong>We measure the effectiveness of your outdoor advertising at:\u00a0<span style=\"color: #ff6600;\"><a style=\"color: #ff6600;\" href=\"https:\/\/compasstech.asia\/en\/\">Compass Tech<\/a><\/span><\/strong><\/p>\n<h2><strong><b>Some pictures of customers who have been running ads at the cafe:<\/b><\/strong><\/h2>\n<p><img loading=\"lazy\" decoding=\"async\" class=\"aligncenter size-full wp-image-11158\" src=\"https:\/\/shojiki.vn\/template\/uploads\/2022\/01\/lcd-cf.-8.jpg\" alt=\"\" width=\"1083\" height=\"596\" srcset=\"https:\/\/shojiki.vn\/wp-content\/uploads\/2022\/01\/lcd-cf.-8.jpg 1083w, https:\/\/shojiki.vn\/wp-content\/uploads\/2022\/01\/lcd-cf.-8-300x165.jpg 300w, https:\/\/shojiki.vn\/wp-content\/uploads\/2022\/01\/lcd-cf.-8-1030x567.jpg 1030w, https:\/\/shojiki.vn\/wp-content\/uploads\/2022\/01\/lcd-cf.-8-768x423.jpg 768w\" sizes=\"(max-width: 1083px) 100vw, 1083px\" \/><img loading=\"lazy\" decoding=\"async\" class=\"aligncenter size-full wp-image-11161\" src=\"https:\/\/shojiki.vn\/template\/uploads\/2022\/01\/lcd-cf.-9.jpg\" alt=\"\" width=\"1211\" height=\"814\" srcset=\"https:\/\/shojiki.vn\/wp-content\/uploads\/2022\/01\/lcd-cf.-9.jpg 1211w, https:\/\/shojiki.vn\/wp-content\/uploads\/2022\/01\/lcd-cf.-9-300x202.jpg 300w, https:\/\/shojiki.vn\/wp-content\/uploads\/2022\/01\/lcd-cf.-9-1030x692.jpg 1030w, https:\/\/shojiki.vn\/wp-content\/uploads\/2022\/01\/lcd-cf.-9-768x516.jpg 768w\" sizes=\"(max-width: 1211px) 100vw, 1211px\" \/><img loading=\"lazy\" decoding=\"async\" class=\"aligncenter size-full wp-image-11164\" src=\"https:\/\/shojiki.vn\/template\/uploads\/2022\/01\/lcd-cf.-10.jpg\" alt=\"\" width=\"1214\" height=\"644\" srcset=\"https:\/\/shojiki.vn\/wp-content\/uploads\/2022\/01\/lcd-cf.-10.jpg 1214w, https:\/\/shojiki.vn\/wp-content\/uploads\/2022\/01\/lcd-cf.-10-300x159.jpg 300w, https:\/\/shojiki.vn\/wp-content\/uploads\/2022\/01\/lcd-cf.-10-1030x546.jpg 1030w, https:\/\/shojiki.vn\/wp-content\/uploads\/2022\/01\/lcd-cf.-10-768x407.jpg 768w\" sizes=\"(max-width: 1214px) 100vw, 1214px\" \/><img loading=\"lazy\" decoding=\"async\" class=\"aligncenter size-full wp-image-11167\" src=\"https:\/\/shojiki.vn\/template\/uploads\/2022\/01\/lcd-cf.-11.jpg\" alt=\"\" width=\"1172\" height=\"680\" srcset=\"https:\/\/shojiki.vn\/wp-content\/uploads\/2022\/01\/lcd-cf.-11.jpg 1172w, https:\/\/shojiki.vn\/wp-content\/uploads\/2022\/01\/lcd-cf.-11-300x174.jpg 300w, https:\/\/shojiki.vn\/wp-content\/uploads\/2022\/01\/lcd-cf.-11-1030x598.jpg 1030w, https:\/\/shojiki.vn\/wp-content\/uploads\/2022\/01\/lcd-cf.-11-768x446.jpg 768w\" sizes=\"(max-width: 1172px) 100vw, 1172px\" \/><img loading=\"lazy\" decoding=\"async\" class=\"aligncenter size-full wp-image-11170\" src=\"https:\/\/shojiki.vn\/template\/uploads\/2022\/01\/lcd-cf.-12.jpg\" alt=\"\" width=\"1166\" height=\"852\" srcset=\"https:\/\/shojiki.vn\/wp-content\/uploads\/2022\/01\/lcd-cf.-12.jpg 1166w, https:\/\/shojiki.vn\/wp-content\/uploads\/2022\/01\/lcd-cf.-12-300x219.jpg 300w, https:\/\/shojiki.vn\/wp-content\/uploads\/2022\/01\/lcd-cf.-12-1030x753.jpg 1030w, https:\/\/shojiki.vn\/wp-content\/uploads\/2022\/01\/lcd-cf.-12-768x561.jpg 768w\" sizes=\"(max-width: 1166px) 100vw, 1166px\" \/><img loading=\"lazy\" decoding=\"async\" class=\"aligncenter size-full wp-image-11173\" src=\"https:\/\/shojiki.vn\/template\/uploads\/2022\/01\/lcd-cf.-13.jpg\" alt=\"\" width=\"1173\" height=\"754\" srcset=\"https:\/\/shojiki.vn\/wp-content\/uploads\/2022\/01\/lcd-cf.-13.jpg 1173w, https:\/\/shojiki.vn\/wp-content\/uploads\/2022\/01\/lcd-cf.-13-300x193.jpg 300w, https:\/\/shojiki.vn\/wp-content\/uploads\/2022\/01\/lcd-cf.-13-1030x662.jpg 1030w, https:\/\/shojiki.vn\/wp-content\/uploads\/2022\/01\/lcd-cf.-13-768x494.jpg 768w\" sizes=\"(max-width: 1173px) 100vw, 1173px\" \/><img loading=\"lazy\" decoding=\"async\" class=\"aligncenter size-full wp-image-11176\" src=\"https:\/\/shojiki.vn\/template\/uploads\/2022\/01\/lcd-cf.-14.jpg\" alt=\"\" width=\"1213\" height=\"853\" srcset=\"https:\/\/shojiki.vn\/wp-content\/uploads\/2022\/01\/lcd-cf.-14.jpg 1213w, https:\/\/shojiki.vn\/wp-content\/uploads\/2022\/01\/lcd-cf.-14-300x211.jpg 300w, https:\/\/shojiki.vn\/wp-content\/uploads\/2022\/01\/lcd-cf.-14-1030x724.jpg 1030w, https:\/\/shojiki.vn\/wp-content\/uploads\/2022\/01\/lcd-cf.-14-768x540.jpg 768w\" sizes=\"(max-width: 1213px) 100vw, 1213px\" \/><img loading=\"lazy\" decoding=\"async\" class=\"aligncenter size-full wp-image-11179\" src=\"https:\/\/shojiki.vn\/template\/uploads\/2022\/01\/lcd-cf.-15.jpg\" alt=\"\" width=\"1209\" height=\"626\" srcset=\"https:\/\/shojiki.vn\/wp-content\/uploads\/2022\/01\/lcd-cf.-15.jpg 1209w, https:\/\/shojiki.vn\/wp-content\/uploads\/2022\/01\/lcd-cf.-15-300x155.jpg 300w, https:\/\/shojiki.vn\/wp-content\/uploads\/2022\/01\/lcd-cf.-15-1030x533.jpg 1030w, https:\/\/shojiki.vn\/wp-content\/uploads\/2022\/01\/lcd-cf.-15-768x398.jpg 768w\" sizes=\"(max-width: 1209px) 100vw, 1209px\" \/><\/p>\n","protected":false},"excerpt":{"rendered":"<p>The cafe is a potential advertising channel that is being chosen by many brands, especially the garden cafe that owns an airy, spacious space and is a place to reach high-end customers. This is a channel with a large number of potential customers &#8211; an opportunity for businesses to deploy a diverse and effective advertising&hellip;<\/p>\n","protected":false},"author":4,"featured_media":11145,"parent":0,"menu_order":0,"comment_status":"closed","ping_status":"closed","template":"","meta":{"_acf_changed":false,"footnotes":""},"class_list":["post-12908","page","type-page","status-publish","has-post-thumbnail","hentry","description-off"],"acf":[],"yoast_head":"<!-- This site is optimized with the Yoast SEO plugin v25.6 - https:\/\/yoast.com\/wordpress\/plugins\/seo\/ -->\n<title>LCD advertising at the cafe - Shojiki.vn<\/title>\n<meta name=\"description\" content=\"Advertising Digital Standee at the garden cafe, effectively reaching the high-end customer file. Contact 0933 15 99 88\" \/>\n<meta name=\"robots\" content=\"index, follow, max-snippet:-1, max-image-preview:large, max-video-preview:-1\" \/>\n<link rel=\"canonical\" href=\"https:\/\/shojiki.vn\/en\/lcd-advertising-at-the-cafe\" \/>\n<meta property=\"og:locale\" content=\"en_US\" \/>\n<meta property=\"og:type\" content=\"article\" \/>\n<meta property=\"og:title\" content=\"LCD advertising at the cafe - Shojiki.vn\" \/>\n<meta property=\"og:description\" content=\"Advertising Digital Standee at the garden cafe, effectively reaching the high-end customer file. Contact 0933 15 99 88\" \/>\n<meta property=\"og:url\" content=\"https:\/\/shojiki.vn\/en\/lcd-advertising-at-the-cafe\" \/>\n<meta property=\"og:site_name\" content=\"Shojiki.vn\" \/>\n<meta property=\"og:image\" content=\"https:\/\/shojiki.vn\/template\/uploads\/2022\/01\/lcd-coffee.jpg\" \/>\n\t<meta property=\"og:image:width\" content=\"1920\" \/>\n\t<meta property=\"og:image:height\" content=\"1080\" \/>\n\t<meta property=\"og:image:type\" content=\"image\/jpeg\" \/>\n<meta name=\"twitter:label1\" content=\"Est. reading time\" \/>\n\t<meta name=\"twitter:data1\" content=\"6 minutes\" \/>\n<script type=\"application\/ld+json\" class=\"yoast-schema-graph\">{\"@context\":\"https:\/\/schema.org\",\"@graph\":[{\"@type\":\"WebPage\",\"@id\":\"https:\/\/shojiki.vn\/en\/lcd-advertising-at-the-cafe\",\"url\":\"https:\/\/shojiki.vn\/en\/lcd-advertising-at-the-cafe\",\"name\":\"LCD advertising at the cafe - Shojiki.vn\",\"isPartOf\":{\"@id\":\"https:\/\/shojiki.vn\/#website\"},\"primaryImageOfPage\":{\"@id\":\"https:\/\/shojiki.vn\/en\/lcd-advertising-at-the-cafe#primaryimage\"},\"image\":{\"@id\":\"https:\/\/shojiki.vn\/en\/lcd-advertising-at-the-cafe#primaryimage\"},\"thumbnailUrl\":\"https:\/\/shojiki.vn\/wp-content\/uploads\/2022\/01\/lcd-coffee.jpg\",\"datePublished\":\"2022-07-22T08:16:26+00:00\",\"description\":\"Advertising Digital Standee at the garden cafe, effectively reaching the high-end customer file. Contact 0933 15 99 88\",\"breadcrumb\":{\"@id\":\"https:\/\/shojiki.vn\/en\/lcd-advertising-at-the-cafe#breadcrumb\"},\"inLanguage\":\"en-US\",\"potentialAction\":[{\"@type\":\"ReadAction\",\"target\":[\"https:\/\/shojiki.vn\/en\/lcd-advertising-at-the-cafe\"]}]},{\"@type\":\"ImageObject\",\"inLanguage\":\"en-US\",\"@id\":\"https:\/\/shojiki.vn\/en\/lcd-advertising-at-the-cafe#primaryimage\",\"url\":\"https:\/\/shojiki.vn\/wp-content\/uploads\/2022\/01\/lcd-coffee.jpg\",\"contentUrl\":\"https:\/\/shojiki.vn\/wp-content\/uploads\/2022\/01\/lcd-coffee.jpg\",\"width\":1920,\"height\":1080},{\"@type\":\"BreadcrumbList\",\"@id\":\"https:\/\/shojiki.vn\/en\/lcd-advertising-at-the-cafe#breadcrumb\",\"itemListElement\":[{\"@type\":\"ListItem\",\"position\":1,\"name\":\"Home\",\"item\":\"https:\/\/shojiki.vn\/en\"},{\"@type\":\"ListItem\",\"position\":2,\"name\":\"LCD advertising at the cafe\"}]},{\"@type\":\"WebSite\",\"@id\":\"https:\/\/shojiki.vn\/#website\",\"url\":\"https:\/\/shojiki.vn\/\",\"name\":\"Shojiki.vn\",\"description\":\"\",\"potentialAction\":[{\"@type\":\"SearchAction\",\"target\":{\"@type\":\"EntryPoint\",\"urlTemplate\":\"https:\/\/shojiki.vn\/?s={search_term_string}\"},\"query-input\":{\"@type\":\"PropertyValueSpecification\",\"valueRequired\":true,\"valueName\":\"search_term_string\"}}],\"inLanguage\":\"en-US\"}]}<\/script>\n<!-- \/ Yoast SEO plugin. -->","yoast_head_json":{"title":"LCD advertising at the cafe - Shojiki.vn","description":"Advertising Digital Standee at the garden cafe, effectively reaching the high-end customer file. Contact 0933 15 99 88","robots":{"index":"index","follow":"follow","max-snippet":"max-snippet:-1","max-image-preview":"max-image-preview:large","max-video-preview":"max-video-preview:-1"},"canonical":"https:\/\/shojiki.vn\/en\/lcd-advertising-at-the-cafe","og_locale":"en_US","og_type":"article","og_title":"LCD advertising at the cafe - Shojiki.vn","og_description":"Advertising Digital Standee at the garden cafe, effectively reaching the high-end customer file. Contact 0933 15 99 88","og_url":"https:\/\/shojiki.vn\/en\/lcd-advertising-at-the-cafe","og_site_name":"Shojiki.vn","og_image":[{"width":1920,"height":1080,"url":"https:\/\/shojiki.vn\/template\/uploads\/2022\/01\/lcd-coffee.jpg","type":"image\/jpeg"}],"twitter_misc":{"Est. reading time":"6 minutes"},"schema":{"@context":"https:\/\/schema.org","@graph":[{"@type":"WebPage","@id":"https:\/\/shojiki.vn\/en\/lcd-advertising-at-the-cafe","url":"https:\/\/shojiki.vn\/en\/lcd-advertising-at-the-cafe","name":"LCD advertising at the cafe - Shojiki.vn","isPartOf":{"@id":"https:\/\/shojiki.vn\/#website"},"primaryImageOfPage":{"@id":"https:\/\/shojiki.vn\/en\/lcd-advertising-at-the-cafe#primaryimage"},"image":{"@id":"https:\/\/shojiki.vn\/en\/lcd-advertising-at-the-cafe#primaryimage"},"thumbnailUrl":"https:\/\/shojiki.vn\/wp-content\/uploads\/2022\/01\/lcd-coffee.jpg","datePublished":"2022-07-22T08:16:26+00:00","description":"Advertising Digital Standee at the garden cafe, effectively reaching the high-end customer file. Contact 0933 15 99 88","breadcrumb":{"@id":"https:\/\/shojiki.vn\/en\/lcd-advertising-at-the-cafe#breadcrumb"},"inLanguage":"en-US","potentialAction":[{"@type":"ReadAction","target":["https:\/\/shojiki.vn\/en\/lcd-advertising-at-the-cafe"]}]},{"@type":"ImageObject","inLanguage":"en-US","@id":"https:\/\/shojiki.vn\/en\/lcd-advertising-at-the-cafe#primaryimage","url":"https:\/\/shojiki.vn\/wp-content\/uploads\/2022\/01\/lcd-coffee.jpg","contentUrl":"https:\/\/shojiki.vn\/wp-content\/uploads\/2022\/01\/lcd-coffee.jpg","width":1920,"height":1080},{"@type":"BreadcrumbList","@id":"https:\/\/shojiki.vn\/en\/lcd-advertising-at-the-cafe#breadcrumb","itemListElement":[{"@type":"ListItem","position":1,"name":"Home","item":"https:\/\/shojiki.vn\/en"},{"@type":"ListItem","position":2,"name":"LCD advertising at the cafe"}]},{"@type":"WebSite","@id":"https:\/\/shojiki.vn\/#website","url":"https:\/\/shojiki.vn\/","name":"Shojiki.vn","description":"","potentialAction":[{"@type":"SearchAction","target":{"@type":"EntryPoint","urlTemplate":"https:\/\/shojiki.vn\/?s={search_term_string}"},"query-input":{"@type":"PropertyValueSpecification","valueRequired":true,"valueName":"search_term_string"}}],"inLanguage":"en-US"}]}},"_links":{"self":[{"href":"https:\/\/shojiki.vn\/en\/wp-json\/wp\/v2\/pages\/12908"}],"collection":[{"href":"https:\/\/shojiki.vn\/en\/wp-json\/wp\/v2\/pages"}],"about":[{"href":"https:\/\/shojiki.vn\/en\/wp-json\/wp\/v2\/types\/page"}],"author":[{"embeddable":true,"href":"https:\/\/shojiki.vn\/en\/wp-json\/wp\/v2\/users\/4"}],"replies":[{"embeddable":true,"href":"https:\/\/shojiki.vn\/en\/wp-json\/wp\/v2\/comments?post=12908"}],"version-history":[{"count":1,"href":"https:\/\/shojiki.vn\/en\/wp-json\/wp\/v2\/pages\/12908\/revisions"}],"predecessor-version":[{"id":12911,"href":"https:\/\/shojiki.vn\/en\/wp-json\/wp\/v2\/pages\/12908\/revisions\/12911"}],"wp:featuredmedia":[{"embeddable":true,"href":"https:\/\/shojiki.vn\/en\/wp-json\/wp\/v2\/media\/11145"}],"wp:attachment":[{"href":"https:\/\/shojiki.vn\/en\/wp-json\/wp\/v2\/media?parent=12908"}],"curies":[{"name":"wp","href":"https:\/\/api.w.org\/{rel}","templated":true}]}}