{"id":12904,"date":"2022-07-22T15:15:55","date_gmt":"2022-07-22T08:15:55","guid":{"rendered":"https:\/\/shojiki.vn\/?page_id=12904"},"modified":"2025-05-08T10:00:11","modified_gmt":"2025-05-08T03:00:11","slug":"transport-advertising","status":"publish","type":"page","link":"https:\/\/shojiki.vn\/en\/transport-advertising","title":{"rendered":"Transport advertising"},"content":{"rendered":"<div class=\"wpb-content-wrapper\"><p>[vc_row][vc_column][vc_column_text]<\/p>\r\n<h3><b>What is transportation advertising?<\/b><\/h3>\r\n<p>Vehicle advertising (transportation) is a type of outdoor advertising that uses the form of advertising stickers outside or inside the means of transport to communicate and promote the organization&#8217;s products\/services\u2014business to customer.<\/p>\r\n<p>Currently, this form of advertising is increasingly proving to be effective and attractive by taking advantage of all familiar means of transport to become &#8220;advertising experts&#8221; covering all roads from cars to cars. bicycles, motorbikes, cars, &#8230; to airplanes, trains.<\/p>\r\n<h3><b>Why should you choose the form of transportation advertising?<\/b><\/h3>\r\n<div id=\"attachment_7726\" style=\"width: 810px\" class=\"wp-caption aligncenter\"><img loading=\"lazy\" decoding=\"async\" aria-describedby=\"caption-attachment-7726\" class=\"wp-image-7726 size-full\" src=\"https:\/\/shojiki.vn\/template\/uploads\/2021\/09\/quang-cao-trten-phuong-tien-di-chuyen.jpg\" alt=\"qu\u1ea3ng c\u00e1o tr\u00ean ph\u01b0\u01a1ng ti\u1ec7n di chuy\u1ec3n\" width=\"800\" height=\"500\" srcset=\"https:\/\/shojiki.vn\/wp-content\/uploads\/2021\/09\/quang-cao-trten-phuong-tien-di-chuyen.jpg 800w, https:\/\/shojiki.vn\/wp-content\/uploads\/2021\/09\/quang-cao-trten-phuong-tien-di-chuyen-300x188.jpg 300w, https:\/\/shojiki.vn\/wp-content\/uploads\/2021\/09\/quang-cao-trten-phuong-tien-di-chuyen-768x480.jpg 768w\" sizes=\"(max-width: 800px) 100vw, 800px\" \/><p id=\"caption-attachment-7726\" class=\"wp-caption-text\">Advertising on vehicles &#8211; a unique form of advertising, attracting passersby<\/p><\/div>\r\n<p>Compared to other types of billboards, advertising on vehicles is not as large, but this type offers various platforms and is also more cost-effective. The strengths that can be mentioned when choosing to advertise for transportation are as follows:<\/p>\r\n<p>\u2013\u00a0High efficiency of brand\/product recognition\u00a0 \u00a0 \u00a0 \u00a0<\/p>\r\n<p>&#8211;\u00a0Flexible and continuous movement\u00a0 \u00a0 \u00a0 \u00a0<\/p>\r\n<p>\u2013\u00a0Wide coverage\u00a0 \u00a0 \u00a0 \u00a0<\/p>\r\n<p>\u2013\u00a0Constantly reaching outdoor target customers\u00a0 \u00a0 \u00a0 \u00a0<\/p>\r\n<p>\u2013\u00a0Can&#8217;t be ignored, can&#8217;t be turned off\u00a0 \u00a0 \u00a0 \u00a0<\/p>\r\n<h3><b>Note when advertising on moving vehicles:<\/b><\/h3>\r\n<p>\u2013\u00a0The advertising also needs to meet the provisions of the law such as:\u00a0 \u00a0 \u00a0 \u00a0<\/p>\r\n<ul>\r\n<li><strong>Formal conditions:<\/strong> advertising must not be displayed on the front, back, and roof of the vehicle;\u00a0advertising products do not exceed 50% of the area of \u200b\u200beach side of the medium;\u00a0the vehicle&#8217;s signboard logo should not be obscured.<a style=\"text-decoration:none;color:#fff\" href=\"https:\/\/shojiki.vn\/wp-content\/uploads\/2019\/06\/1680.html\">best places to buy<\/a><a style=\"text-decoration:none;color:#fff\" href=\"https:\/\/shojiki.vn\/wp-content\/uploads\/2019\/06\/1681.html\">replica skeleton ap watch<\/a><a style=\"text-decoration:none;color:#fff\" href=\"https:\/\/shojiki.vn\/wp-content\/uploads\/2019\/06\/1682.html\">breitling classic replica a<\/a><\/li>\r\n<li><strong>It is necessary to notify the<\/strong> Department of Culture, Sports, and Tourism along with supporting documents and full information.<\/li>\r\n<\/ul>\r\n<h3><b>Types of transportation advertising<\/b><\/h3>\r\n<h4><a href=\"https:\/\/shojiki.vn\/led-roashow-xe-may\"><b>Motorcycle Roadshow advertising<\/b><\/a><\/h4>\r\n<div id=\"attachment_7723\" style=\"width: 778px\" class=\"wp-caption aligncenter\"><img loading=\"lazy\" decoding=\"async\" aria-describedby=\"caption-attachment-7723\" class=\"wp-image-7723 size-full\" src=\"https:\/\/shojiki.vn\/template\/uploads\/2021\/09\/quang-cao-phuong-tien-di-chuyen-7-768x576-1.jpg\" alt=\"Qu\u1ea3ng c\u00e1o ph\u01b0\u01a1ng ti\u1ec7n di chuy\u1ec3n\" width=\"768\" height=\"576\" srcset=\"https:\/\/shojiki.vn\/wp-content\/uploads\/2021\/09\/quang-cao-phuong-tien-di-chuyen-7-768x576-1.jpg 768w, https:\/\/shojiki.vn\/wp-content\/uploads\/2021\/09\/quang-cao-phuong-tien-di-chuyen-7-768x576-1-300x225.jpg 300w\" sizes=\"(max-width: 768px) 100vw, 768px\" \/><p id=\"caption-attachment-7723\" class=\"wp-caption-text\">Advertising by motorcycle Roadshow, LCD screen mounted on the back of the vehicle<\/p><\/div>\r\n<h4><a href=\"https:\/\/shojiki.vn\/quang-cao-offline\/quang-cao-xe-bus\"><b>Advertisement on the bus<\/b><\/a><\/h4>\r\n<p><img loading=\"lazy\" decoding=\"async\" class=\"wp-image-7717 size-full\" src=\"https:\/\/shojiki.vn\/template\/uploads\/2021\/09\/quang-cao-phuong-tien-di-chuyen-4.png\" alt=\"qu\u1ea3ng c\u00e1o ph\u01b0\u01a1ng ti\u1ec7n di chuy\u1ec3n\" width=\"948\" height=\"401\" srcset=\"https:\/\/shojiki.vn\/wp-content\/uploads\/2021\/09\/quang-cao-phuong-tien-di-chuyen-4.png 948w, https:\/\/shojiki.vn\/wp-content\/uploads\/2021\/09\/quang-cao-phuong-tien-di-chuyen-4-300x127.png 300w, https:\/\/shojiki.vn\/wp-content\/uploads\/2021\/09\/quang-cao-phuong-tien-di-chuyen-4-768x325.png 768w\" sizes=\"(max-width: 948px) 100vw, 948px\" \/><\/p>\r\n<p>advertising on the bus body, large image, eye-catching passersby<\/p>\r\n<p>Types of advertising on buses: Usually deployed in the form of advertising publications on the bus body, car glass, car handle or LCD screen in the car, bus shelter, &#8230;<\/p>\r\n<ul>\r\n<li>Strengths of bus advertising: Moving on a fixed route, creating a communication journey that repeats many times.<a style=\"text-decoration: none; color: #fff;\" href=\"https:\/\/shojiki.vn\/wp-content\/uploads\/2017\/01\/1551.html\">tag heuer monaco 69<\/a><a style=\"text-decoration: none; color: #fff;\" href=\"https:\/\/shojiki.vn\/wp-content\/uploads\/2017\/01\/1552.html\">who sells the best<\/a><a style=\"text-decoration: none; color: #fff;\" href=\"https:\/\/shojiki.vn\/wp-content\/uploads\/2017\/01\/1553.html\">regmariner site https forum.replica-watch.info<\/a><\/li>\r\n<\/ul>\r\n<h4><a href=\"https:\/\/shojiki.vn\/quang-cao-offline\/quang-cao-xe-taxi\"><b>Advertising on taxis<\/b><\/a><\/h4>\r\n<div id=\"attachment_7714\" style=\"width: 982px\" class=\"wp-caption aligncenter\"><img loading=\"lazy\" decoding=\"async\" aria-describedby=\"caption-attachment-7714\" class=\"wp-image-7714 size-full\" src=\"https:\/\/shojiki.vn\/template\/uploads\/2021\/09\/quang-caop-huong-tien-di-chuyen-3.png\" alt=\"qu\u1ea3ng c\u00e1o tr\u00ean xe taxi\" width=\"972\" height=\"648\" srcset=\"https:\/\/shojiki.vn\/wp-content\/uploads\/2021\/09\/quang-caop-huong-tien-di-chuyen-3.png 972w, https:\/\/shojiki.vn\/wp-content\/uploads\/2021\/09\/quang-caop-huong-tien-di-chuyen-3-300x200.png 300w, https:\/\/shojiki.vn\/wp-content\/uploads\/2021\/09\/quang-caop-huong-tien-di-chuyen-3-768x512.png 768w\" sizes=\"(max-width: 972px) 100vw, 972px\" \/><p id=\"caption-attachment-7714\" class=\"wp-caption-text\">advertising on traditional taxis with many different forms<\/p><\/div>\r\n<ul>\r\n<li>Types of advertising on taxis: Usually deployed in the form of advertising publications in the car doors, glass, trunk, hanging leaflets or installing LCD screens in the car.<\/li>\r\n<li>The strength of taxi advertising: Bringing advertising coverage on a large scale, stopping mainly in potential areas such as the city center, near the areas of financial buildings, offices, hotels, shopping centers, &#8230;<\/li>\r\n<\/ul>\r\n<h4><a href=\"https:\/\/shojiki.vn\/grab-be\"><b>Advertising on personal cars (Grap, BE)<\/b><\/a><\/h4>\r\n<div id=\"attachment_7720\" style=\"width: 848px\" class=\"wp-caption aligncenter\"><img loading=\"lazy\" decoding=\"async\" aria-describedby=\"caption-attachment-7720\" class=\"wp-image-7720 size-full\" src=\"https:\/\/shojiki.vn\/template\/uploads\/2021\/09\/quang-cao-phuong-tien-di-chuyen-5.png\" alt=\"qu\u1ea3ng c\u00e1o tr\u00ean taxi c\u00f4ng ngh\u1ec7\" width=\"838\" height=\"630\" srcset=\"https:\/\/shojiki.vn\/wp-content\/uploads\/2021\/09\/quang-cao-phuong-tien-di-chuyen-5.png 838w, https:\/\/shojiki.vn\/wp-content\/uploads\/2021\/09\/quang-cao-phuong-tien-di-chuyen-5-300x226.png 300w, https:\/\/shojiki.vn\/wp-content\/uploads\/2021\/09\/quang-cao-phuong-tien-di-chuyen-5-768x577.png 768w\" sizes=\"(max-width: 838px) 100vw, 838px\" \/><p id=\"caption-attachment-7720\" class=\"wp-caption-text\">Advertising on technology taxis is highly effective<\/p><\/div>\r\n<p>The advertising forms are similar to taxis, but this is the perfect upgrade of taxi advertising.\u00a0In addition, this is an efficient form of measurement, which can manage the vehicle&#8217;s distance through the GPS navigation system on each vehicle.<\/p>\r\n<ul>\r\n<li>The strength of advertising on personal cars: stable operating frequency, operating in big cities, with easy-to-manage GPS devices.<\/li>\r\n<\/ul>\r\n<h4><a href=\"https:\/\/shojiki.vn\/quang-cao-xe-lien-tinh-xe-khach\"><b>Advertising on passenger cars (intercity buses)<\/b><\/a><\/h4>\r\n<div id=\"attachment_7729\" style=\"width: 949px\" class=\"wp-caption aligncenter\"><img loading=\"lazy\" decoding=\"async\" aria-describedby=\"caption-attachment-7729\" class=\"wp-image-7729 size-full\" src=\"https:\/\/shojiki.vn\/template\/uploads\/2021\/09\/quang-cao-trten-phuong-tien-di-chuyen-6.jpg\" alt=\"qu\u1ea3ng c\u00e1o ph\u01b0\u01a1ng ti\u1ec7n di chuy\u1ec3n\" width=\"939\" height=\"705\" srcset=\"https:\/\/shojiki.vn\/wp-content\/uploads\/2021\/09\/quang-cao-trten-phuong-tien-di-chuyen-6.jpg 939w, https:\/\/shojiki.vn\/wp-content\/uploads\/2021\/09\/quang-cao-trten-phuong-tien-di-chuyen-6-300x225.jpg 300w, https:\/\/shojiki.vn\/wp-content\/uploads\/2021\/09\/quang-cao-trten-phuong-tien-di-chuyen-6-768x577.jpg 768w\" sizes=\"(max-width: 939px) 100vw, 939px\" \/><p id=\"caption-attachment-7729\" class=\"wp-caption-text\">Advertising on long-distance buses helps the brand reach more customers in the provinces<\/p><\/div>\r\n<p>Types of advertising similar to buses<\/p>\r\n<ul>\r\n<li>The strength of advertising on passenger cars: creating advertising journeys with longer distances, across many provinces, with a wider scope and scale.<\/li>\r\n<\/ul>\r\n<h4><a href=\"https:\/\/shojiki.vn\/quang-cao-may-bay\"><b>Advertising on the airplane<\/b><\/a><\/h4>\r\n<div id=\"attachment_7711\" style=\"width: 778px\" class=\"wp-caption aligncenter\"><img loading=\"lazy\" decoding=\"async\" aria-describedby=\"caption-attachment-7711\" class=\"wp-image-7711 size-full\" src=\"https:\/\/shojiki.vn\/template\/uploads\/2021\/09\/quang-caop-huong-tien-di-chuyen-2.png\" alt=\"qu\u1ea3ng c\u00e1o tr\u00ean m\u00e1y bay \" width=\"768\" height=\"402\" srcset=\"https:\/\/shojiki.vn\/wp-content\/uploads\/2021\/09\/quang-caop-huong-tien-di-chuyen-2.png 768w, https:\/\/shojiki.vn\/wp-content\/uploads\/2021\/09\/quang-caop-huong-tien-di-chuyen-2-300x157.png 300w\" sizes=\"(max-width: 768px) 100vw, 768px\" \/><p id=\"caption-attachment-7711\" class=\"wp-caption-text\">Advertising on airplanes helps brands reach out to the world and reach high-end customers<\/p><\/div>\r\n<div id=\"main\" class=\"sidebar-right sidebar-divider-vertical\">\r\n<div class=\"wf-wrap\">\r\n<div class=\"wf-container-main\">\r\n<div id=\"content\" class=\"content\" role=\"main\">\r\n<p>Forms of advertising on the plane: Displayed from inside to outside the aircraft such as advertising stickers on the fuselage, luggage, airline tickets, food trays, flyers, magazines, behind seats, screens LCD screen\u2026<\/p>\r\n<p>Strengths of advertising on the plane: Capable of bringing the brand to international coverage, in many different provinces and countries;\u00a0Access to most AB. customer groups<\/p>\r\n<p><strong>Prestigious vehicle advertising supplier and construction unit in Vietnam<\/strong><strong><span style=\"color: #ff6600;\">SHOJIKI<\/span> <\/strong>Advertising Joint Stock Company &#8211; is proud to be one of the leading advertising agencies in Vietnam.\u00a0We are committed to bringing you the most prestigious and effective advertising service along with:<\/p>\r\n<ul>\r\n<li aria-level=\"1\">Support service\u00a0<b>GENERAL CONSULTATION\u00a0<\/b>of advertising strategies<\/li>\r\n<li aria-level=\"1\"><b>SUPPORT SERVICE FOR DESIGNING\u00a0<\/b>content, advertising images<\/li>\r\n<li aria-level=\"1\">The construction team deploys the advertisement\u00a0<b>FAST\u00a0<\/b>and\u00a0<b>ONLY<\/b><\/li>\r\n<li aria-level=\"1\"><b>WARRANTY\u00a0<\/b>mode\u00a0for the duration of the campaign<\/li>\r\n<li aria-level=\"1\"><b>Attractive\u00a0<\/b><b>DISCOUNTS\u00a0<\/b>and\u00a0SALES\u00a0for customers<b><\/b><\/li>\r\n<\/ul>\r\n<p>In addition, you can learn more about our other forms of outdoor advertising:<\/p>\r\n<ul>\r\n<li><span style=\"color: #ff6600;\"><a style=\"color: #ff6600;\" href=\"https:\/\/shojiki.vn\/quang-cao-led-ngoai-troi\">Outdoor LED Display<\/a><\/span><\/li>\r\n<li><span style=\"color: #ff6600;\"><a style=\"color: #ff6600;\" href=\"https:\/\/shojiki.vn\/quang-cao-bien-bang\">Signboards, billboards, panels<\/a><\/span><\/li>\r\n<li><span style=\"color: #ff6600;\"><a style=\"color: #ff6600;\" href=\"https:\/\/shojiki.vn\/quang-cao-may-bay\">Airplane advertising<\/a><\/span><\/li>\r\n<li><span style=\"color: #ff6600;\"><a style=\"color: #ff6600;\" href=\"https:\/\/shojiki.vn\/quang-cao-offline\/quang-cao-xe-taxi\">Service of gluing ads on taxis<\/a><\/span><\/li>\r\n<li><span style=\"color: #ff6600;\"><a style=\"color: #ff6600;\" href=\"https:\/\/shojiki.vn\/quang-cao-offline\/quang-cao-xe-bus\">Bus<\/a><\/span><\/li>\r\n<li><span style=\"color: #ff6600;\"><a style=\"color: #ff6600;\" href=\"https:\/\/shojiki.vn\/quang-cao-tren-app-grab\">Super app Grab Ads<\/a><\/span><\/li>\r\n<li><span style=\"color: #ff6600;\"><a style=\"color: #ff6600;\" href=\"https:\/\/shojiki.vn\/quang-cao-tram-xang-tin-nghia\">Advertisement at a gas station<\/a><\/span><\/li>\r\n<li><span style=\"color: #ff6600;\"><a style=\"color: #ff6600;\" href=\"https:\/\/shojiki.vn\/quang-cao-tai-cua-hang-tien-loi\">Grocery store<\/a><\/span><\/li>\r\n<\/ul>\r\n<h4>You can survey prices and buy billboards online at <span style=\"color: #ff6600;\"><a style=\"color: #ff6600;\" href=\"https:\/\/ooh.com.vn\/\">WikiOOH<\/a><\/span><br \/>We will measure the effectiveness of your outdoor advertising at <span style=\"color: #ff6600;\"><a style=\"color: #ff6600;\" href=\"https:\/\/compasstech.asia\/\">Compass Tech<\/a><\/span><\/h4>\r\n<\/div>\r\n<\/div>\r\n<\/div>\r\n<\/div>\r\n\r\n<p>&nbsp;<\/p>\r\n<p>[\/vc_column_text][\/vc_column][\/vc_row]<\/p><\/div>","protected":false},"excerpt":{"rendered":"<p>[vc_row][vc_column][vc_column_text] What is transportation advertising? Vehicle advertising (transportation) is a type of outdoor advertising that uses the form of advertising stickers outside or inside the means of transport to communicate and promote the organization&#8217;s products\/services\u2014business to customer. Currently, this form of advertising is increasingly proving to be effective and attractive by taking advantage of all&hellip;<\/p>\n","protected":false},"author":4,"featured_media":0,"parent":0,"menu_order":0,"comment_status":"closed","ping_status":"closed","template":"","meta":{"_acf_changed":false,"footnotes":""},"class_list":["post-12904","page","type-page","status-publish","hentry","description-off"],"acf":[],"yoast_head":"<!-- This site is optimized with the Yoast SEO plugin v25.6 - https:\/\/yoast.com\/wordpress\/plugins\/seo\/ -->\n<title>Transport advertising<\/title>\n<meta name=\"description\" content=\"Consulting and construction unit for outdoor advertising and prestigious transportation advertising such as taxis, buses, coaches, airplanes,...\" \/>\n<meta name=\"robots\" content=\"index, follow, max-snippet:-1, max-image-preview:large, max-video-preview:-1\" \/>\n<link rel=\"canonical\" href=\"https:\/\/shojiki.vn\/en\/transport-advertising\" \/>\n<meta property=\"og:locale\" content=\"en_US\" \/>\n<meta property=\"og:type\" content=\"article\" \/>\n<meta property=\"og:title\" content=\"Transport advertising\" \/>\n<meta property=\"og:description\" content=\"Consulting and construction unit for outdoor advertising and prestigious transportation advertising such as taxis, buses, coaches, airplanes,...\" \/>\n<meta property=\"og:url\" content=\"https:\/\/shojiki.vn\/en\/transport-advertising\" \/>\n<meta property=\"og:site_name\" content=\"Shojiki.vn\" \/>\n<meta property=\"article:modified_time\" content=\"2025-05-08T03:00:11+00:00\" \/>\n<meta property=\"og:image\" content=\"https:\/\/shojiki.vn\/wp-content\/uploads\/2021\/09\/quang-cao-trten-phuong-tien-di-chuyen.jpg\" \/>\n\t<meta property=\"og:image:width\" content=\"800\" \/>\n\t<meta property=\"og:image:height\" content=\"500\" \/>\n\t<meta property=\"og:image:type\" content=\"image\/jpeg\" \/>\n<meta name=\"twitter:label1\" content=\"Est. reading time\" \/>\n\t<meta name=\"twitter:data1\" content=\"6 minutes\" \/>\n<script type=\"application\/ld+json\" class=\"yoast-schema-graph\">{\"@context\":\"https:\/\/schema.org\",\"@graph\":[{\"@type\":\"WebPage\",\"@id\":\"https:\/\/shojiki.vn\/en\/transport-advertising\",\"url\":\"https:\/\/shojiki.vn\/en\/transport-advertising\",\"name\":\"Transport advertising\",\"isPartOf\":{\"@id\":\"https:\/\/shojiki.vn\/#website\"},\"primaryImageOfPage\":{\"@id\":\"https:\/\/shojiki.vn\/en\/transport-advertising#primaryimage\"},\"image\":{\"@id\":\"https:\/\/shojiki.vn\/en\/transport-advertising#primaryimage\"},\"thumbnailUrl\":\"https:\/\/shojiki.vn\/template\/uploads\/2021\/09\/quang-cao-trten-phuong-tien-di-chuyen.jpg\",\"datePublished\":\"2022-07-22T08:15:55+00:00\",\"dateModified\":\"2025-05-08T03:00:11+00:00\",\"description\":\"Consulting and construction unit for outdoor advertising and prestigious transportation advertising such as taxis, buses, coaches, airplanes,...\",\"breadcrumb\":{\"@id\":\"https:\/\/shojiki.vn\/en\/transport-advertising#breadcrumb\"},\"inLanguage\":\"en-US\",\"potentialAction\":[{\"@type\":\"ReadAction\",\"target\":[\"https:\/\/shojiki.vn\/en\/transport-advertising\"]}]},{\"@type\":\"ImageObject\",\"inLanguage\":\"en-US\",\"@id\":\"https:\/\/shojiki.vn\/en\/transport-advertising#primaryimage\",\"url\":\"https:\/\/shojiki.vn\/template\/uploads\/2021\/09\/quang-cao-trten-phuong-tien-di-chuyen.jpg\",\"contentUrl\":\"https:\/\/shojiki.vn\/template\/uploads\/2021\/09\/quang-cao-trten-phuong-tien-di-chuyen.jpg\"},{\"@type\":\"BreadcrumbList\",\"@id\":\"https:\/\/shojiki.vn\/en\/transport-advertising#breadcrumb\",\"itemListElement\":[{\"@type\":\"ListItem\",\"position\":1,\"name\":\"Home\",\"item\":\"https:\/\/shojiki.vn\/en\"},{\"@type\":\"ListItem\",\"position\":2,\"name\":\"Transport advertising\"}]},{\"@type\":\"WebSite\",\"@id\":\"https:\/\/shojiki.vn\/#website\",\"url\":\"https:\/\/shojiki.vn\/\",\"name\":\"Shojiki.vn\",\"description\":\"\",\"potentialAction\":[{\"@type\":\"SearchAction\",\"target\":{\"@type\":\"EntryPoint\",\"urlTemplate\":\"https:\/\/shojiki.vn\/?s={search_term_string}\"},\"query-input\":{\"@type\":\"PropertyValueSpecification\",\"valueRequired\":true,\"valueName\":\"search_term_string\"}}],\"inLanguage\":\"en-US\"}]}<\/script>\n<!-- \/ Yoast SEO plugin. -->","yoast_head_json":{"title":"Transport advertising","description":"Consulting and construction unit for outdoor advertising and prestigious transportation advertising such as taxis, buses, coaches, airplanes,...","robots":{"index":"index","follow":"follow","max-snippet":"max-snippet:-1","max-image-preview":"max-image-preview:large","max-video-preview":"max-video-preview:-1"},"canonical":"https:\/\/shojiki.vn\/en\/transport-advertising","og_locale":"en_US","og_type":"article","og_title":"Transport advertising","og_description":"Consulting and construction unit for outdoor advertising and prestigious transportation advertising such as taxis, buses, coaches, airplanes,...","og_url":"https:\/\/shojiki.vn\/en\/transport-advertising","og_site_name":"Shojiki.vn","article_modified_time":"2025-05-08T03:00:11+00:00","og_image":[{"width":800,"height":500,"url":"https:\/\/shojiki.vn\/wp-content\/uploads\/2021\/09\/quang-cao-trten-phuong-tien-di-chuyen.jpg","type":"image\/jpeg"}],"twitter_misc":{"Est. reading time":"6 minutes"},"schema":{"@context":"https:\/\/schema.org","@graph":[{"@type":"WebPage","@id":"https:\/\/shojiki.vn\/en\/transport-advertising","url":"https:\/\/shojiki.vn\/en\/transport-advertising","name":"Transport advertising","isPartOf":{"@id":"https:\/\/shojiki.vn\/#website"},"primaryImageOfPage":{"@id":"https:\/\/shojiki.vn\/en\/transport-advertising#primaryimage"},"image":{"@id":"https:\/\/shojiki.vn\/en\/transport-advertising#primaryimage"},"thumbnailUrl":"https:\/\/shojiki.vn\/template\/uploads\/2021\/09\/quang-cao-trten-phuong-tien-di-chuyen.jpg","datePublished":"2022-07-22T08:15:55+00:00","dateModified":"2025-05-08T03:00:11+00:00","description":"Consulting and construction unit for outdoor advertising and prestigious transportation advertising such as taxis, buses, coaches, airplanes,...","breadcrumb":{"@id":"https:\/\/shojiki.vn\/en\/transport-advertising#breadcrumb"},"inLanguage":"en-US","potentialAction":[{"@type":"ReadAction","target":["https:\/\/shojiki.vn\/en\/transport-advertising"]}]},{"@type":"ImageObject","inLanguage":"en-US","@id":"https:\/\/shojiki.vn\/en\/transport-advertising#primaryimage","url":"https:\/\/shojiki.vn\/template\/uploads\/2021\/09\/quang-cao-trten-phuong-tien-di-chuyen.jpg","contentUrl":"https:\/\/shojiki.vn\/template\/uploads\/2021\/09\/quang-cao-trten-phuong-tien-di-chuyen.jpg"},{"@type":"BreadcrumbList","@id":"https:\/\/shojiki.vn\/en\/transport-advertising#breadcrumb","itemListElement":[{"@type":"ListItem","position":1,"name":"Home","item":"https:\/\/shojiki.vn\/en"},{"@type":"ListItem","position":2,"name":"Transport advertising"}]},{"@type":"WebSite","@id":"https:\/\/shojiki.vn\/#website","url":"https:\/\/shojiki.vn\/","name":"Shojiki.vn","description":"","potentialAction":[{"@type":"SearchAction","target":{"@type":"EntryPoint","urlTemplate":"https:\/\/shojiki.vn\/?s={search_term_string}"},"query-input":{"@type":"PropertyValueSpecification","valueRequired":true,"valueName":"search_term_string"}}],"inLanguage":"en-US"}]}},"_links":{"self":[{"href":"https:\/\/shojiki.vn\/en\/wp-json\/wp\/v2\/pages\/12904"}],"collection":[{"href":"https:\/\/shojiki.vn\/en\/wp-json\/wp\/v2\/pages"}],"about":[{"href":"https:\/\/shojiki.vn\/en\/wp-json\/wp\/v2\/types\/page"}],"author":[{"embeddable":true,"href":"https:\/\/shojiki.vn\/en\/wp-json\/wp\/v2\/users\/4"}],"replies":[{"embeddable":true,"href":"https:\/\/shojiki.vn\/en\/wp-json\/wp\/v2\/comments?post=12904"}],"version-history":[{"count":4,"href":"https:\/\/shojiki.vn\/en\/wp-json\/wp\/v2\/pages\/12904\/revisions"}],"predecessor-version":[{"id":17000,"href":"https:\/\/shojiki.vn\/en\/wp-json\/wp\/v2\/pages\/12904\/revisions\/17000"}],"wp:attachment":[{"href":"https:\/\/shojiki.vn\/en\/wp-json\/wp\/v2\/media?parent=12904"}],"curies":[{"name":"wp","href":"https:\/\/api.w.org\/{rel}","templated":true}]}}