{"id":12887,"date":"2022-07-20T17:02:53","date_gmt":"2022-07-20T10:02:53","guid":{"rendered":"https:\/\/shojiki.vn\/?page_id=12887"},"modified":"2022-07-20T17:03:22","modified_gmt":"2022-07-20T10:03:22","slug":"advertising-at-tin-nghia-gas-station","status":"publish","type":"page","link":"https:\/\/shojiki.vn\/en\/advertising-at-tin-nghia-gas-station","title":{"rendered":"Advertising at Tin Nghia gas station"},"content":{"rendered":"<h2><strong>Advertising at gas station<\/strong><\/h2>\n<p>Currently, 85% of the population in Vietnam are using motorbikes as the main means of transportation. Most gas stations are located at major intersections, roundabouts and busy roads. The form of advertising in the gas station attracts the attention of a large number of customers who often go to the gas station. The forms of advertising in Tin Nghia gas station passively affect customers of the station in general and people on the road in particular.<\/p>\n<h2><strong>Tin Nghia gas station<\/strong><\/h2>\n<p>Tin Nghia is a prestigious petroleum brand for more than 20 years in Southern Vietnam. The company slogan is to make the quality of products and services a high priority.<\/p>\n<p>Tin Nghia gas station system with more than 50 stations with its own brand and agent partners is covering the Southeast, especially Dong Nai, Binh Duong, and Vung Tau.<\/p>\n<h2 style=\"text-align: justify;\"><strong>Some forms of advertising in Tin Nghia gas station<\/strong><\/h2>\n<div id=\"attachment_3430\" style=\"width: 1192px\" class=\"wp-caption aligncenter\"><a class=\"dt-pswp-item\" href=\"https:\/\/shojiki.vn\/template\/uploads\/2020\/09\/quang-cao-tram-xang-Tin-Nghia.jpg\" data-dt-img-description=\"\" data-large_image_width=\"1182\" data-large_image_height=\"712\"><img loading=\"lazy\" decoding=\"async\" aria-describedby=\"caption-attachment-3430\" class=\"wp-image-3430 \" src=\"https:\/\/shojiki.vn\/template\/uploads\/2020\/09\/quang-cao-tram-xang-Tin-Nghia.jpg\" alt=\"Qu\u1ea3ng c\u00e1o tr\u1ea1m x\u0103ng \" width=\"915\" height=\"551\" srcset=\"https:\/\/shojiki.vn\/wp-content\/uploads\/2020\/09\/quang-cao-tram-xang-Tin-Nghia.jpg 1182w, https:\/\/shojiki.vn\/wp-content\/uploads\/2020\/09\/quang-cao-tram-xang-Tin-Nghia-300x181.jpg 300w, https:\/\/shojiki.vn\/wp-content\/uploads\/2020\/09\/quang-cao-tram-xang-Tin-Nghia-1030x620.jpg 1030w, https:\/\/shojiki.vn\/wp-content\/uploads\/2020\/09\/quang-cao-tram-xang-Tin-Nghia-768x463.jpg 768w\" sizes=\"(max-width: 915px) 100vw, 915px\" \/><\/a><p id=\"caption-attachment-3430\" class=\"wp-caption-text\">Types of advertising at Tin Nghia gas station<\/p><\/div>\n<div id=\"attachment_3352\" style=\"width: 910px\" class=\"wp-caption aligncenter\"><a class=\"dt-pswp-item\" href=\"https:\/\/shojiki.vn\/template\/uploads\/2020\/08\/qu\u1ea3ng-c\u00e1o-tr\u1ea1m-x\u0103ng-T\u00edn-Ngh\u0129a-2.png\" data-dt-img-description=\"\" data-large_image_width=\"900\" data-large_image_height=\"675\"><img loading=\"lazy\" decoding=\"async\" aria-describedby=\"caption-attachment-3352\" class=\"wp-image-3352 size-full\" src=\"https:\/\/shojiki.vn\/template\/uploads\/2020\/08\/qu\u1ea3ng-c\u00e1o-tr\u1ea1m-x\u0103ng-T\u00edn-Ngh\u0129a-2.png\" alt=\"qu\u1ea3ng c\u00e1o tr\u1ea1m x\u0103ng\" width=\"900\" height=\"675\" srcset=\"https:\/\/shojiki.vn\/wp-content\/uploads\/2020\/08\/qu\u1ea3ng-c\u00e1o-tr\u1ea1m-x\u0103ng-T\u00edn-Ngh\u0129a-2.png 900w, https:\/\/shojiki.vn\/wp-content\/uploads\/2020\/08\/qu\u1ea3ng-c\u00e1o-tr\u1ea1m-x\u0103ng-T\u00edn-Ngh\u0129a-2-300x225.png 300w, https:\/\/shojiki.vn\/wp-content\/uploads\/2020\/08\/qu\u1ea3ng-c\u00e1o-tr\u1ea1m-x\u0103ng-T\u00edn-Ngh\u0129a-2-768x576.png 768w\" sizes=\"(max-width: 900px) 100vw, 900px\" \/><\/a><p id=\"caption-attachment-3352\" class=\"wp-caption-text\">Billboard above the fuel pump (sample)<\/p><\/div>\n<div id=\"attachment_3351\" style=\"width: 910px\" class=\"wp-caption aligncenter\"><a class=\"dt-pswp-item\" href=\"https:\/\/shojiki.vn\/template\/uploads\/2020\/08\/\u1ed1p-t\u01b0\u1eddng-c\u0103ng-b\u1ea1t-ngo\u00e0i-tr\u1eddi-T\u00edn-Ngh\u0129a-1.png\" data-dt-img-description=\"\" data-large_image_width=\"900\" data-large_image_height=\"675\"><img loading=\"lazy\" decoding=\"async\" aria-describedby=\"caption-attachment-3351\" class=\"wp-image-3351 size-full\" src=\"https:\/\/shojiki.vn\/template\/uploads\/2020\/08\/\u1ed1p-t\u01b0\u1eddng-c\u0103ng-b\u1ea1t-ngo\u00e0i-tr\u1eddi-T\u00edn-Ngh\u0129a-1.png\" alt=\"Qu\u1ea3ng c\u00e1o tr\u1ea1m x\u0103ng \" width=\"900\" height=\"675\" srcset=\"https:\/\/shojiki.vn\/wp-content\/uploads\/2020\/08\/\u1ed1p-t\u01b0\u1eddng-c\u0103ng-b\u1ea1t-ngo\u00e0i-tr\u1eddi-T\u00edn-Ngh\u0129a-1.png 900w, https:\/\/shojiki.vn\/wp-content\/uploads\/2020\/08\/\u1ed1p-t\u01b0\u1eddng-c\u0103ng-b\u1ea1t-ngo\u00e0i-tr\u1eddi-T\u00edn-Ngh\u0129a-1-300x225.png 300w, https:\/\/shojiki.vn\/wp-content\/uploads\/2020\/08\/\u1ed1p-t\u01b0\u1eddng-c\u0103ng-b\u1ea1t-ngo\u00e0i-tr\u1eddi-T\u00edn-Ngh\u0129a-1-768x576.png 768w\" sizes=\"(max-width: 900px) 100vw, 900px\" \/><\/a><p id=\"caption-attachment-3351\" class=\"wp-caption-text\">Panel advertising at Tin Nghia gas station<\/p><\/div>\n<h2><b>How do your ads appear at gas stations<\/b><b>?<\/b><\/h2>\n<p><span style=\"font-weight: 400;\">Please contact us &#8211; <span style=\"color: #ff6600;\"><a style=\"color: #ff6600;\" href=\"https:\/\/shojiki.vn\/en\">SHOJIKI Advertising Joint Stock Company<\/a><\/span> is proud to be one of the leading advertising units in Vietnam. With the authorization from city LED dealer, we are committed to bringing you the most prestigious and effective advertising service together with:<\/span><\/p>\n<ul>\n<li style=\"font-weight: 400;\" aria-level=\"1\"><b>GENERAL CONSULTING<\/b><span style=\"font-weight: 400;\"> support services advertising strategies\u00a0<\/span><\/li>\n<li style=\"font-weight: 400;\" aria-level=\"1\"><b>DESIGN SUPPORT SERVICES<\/b><span style=\"font-weight: 400;\"> content, advertising images<\/span><\/li>\n<li style=\"font-weight: 400;\" aria-level=\"1\"><span style=\"font-weight: 400;\">The construction team carries out advertisements <\/span><b>QUICKLY<\/b><span style=\"font-weight: 400;\"> and <\/span><b>TRUE<\/b><span style=\"font-weight: 400;\">\u00a0<\/span><\/li>\n<li style=\"font-weight: 400;\" aria-level=\"1\"><b>WARRANTY REGIME<\/b><span style=\"font-weight: 400;\"> during the campaigns <\/span><\/li>\n<li style=\"font-weight: 400;\" aria-level=\"1\">Prefer attractive promotions and <b>CONCEPTS<\/b> for customers<\/li>\n<\/ul>\n<p><span style=\"font-weight: 400;\">In short, these are great advertising places for your business. That&#8217;s why you should place ads here. By contacting <span style=\"color: #ff6600;\"><a style=\"color: #ff6600;\" href=\"https:\/\/shojiki.vn\/en\">Shojiki<\/a><\/span>, we will provide you with more detailed information.<\/span><\/p>\n<p><span style=\"font-weight: 400;\">In addition, you can learn more about our other forms of outdoor advertising:<\/span><\/p>\n<ul>\n<li><span style=\"color: #ff6600;\"><a style=\"color: #ff6600;\" href=\"https:\/\/shojiki.vn\/en\/led-screen-advertising\"><span style=\"font-weight: 400;\">Outdoor LED Display<\/span><\/a><\/span><\/li>\n<li><span style=\"color: #ff6600;\"><a style=\"color: #ff6600;\" href=\"https:\/\/shojiki.vn\/en\/billboard\"><span style=\"font-weight: 400;\">Signboards, billboards, panels<\/span><\/a><\/span><\/li>\n<li><span style=\"color: #ff6600;\"><a style=\"color: #ff6600;\" href=\"https:\/\/shojiki.vn\/en\/offline-advertising\/airplane-advertising\"><span style=\"font-weight: 400;\">Airplane Advertising<\/span><\/a><\/span><\/li>\n<li><span style=\"color: #ff6600;\"><a style=\"color: #ff6600;\" href=\"https:\/\/shojiki.vn\/en\/offline-advertising\/taxi-advertising\"><span style=\"font-weight: 400;\">Taxi Advertising<\/span><\/a><\/span><\/li>\n<li><span style=\"color: #ff6600;\"><a style=\"color: #ff6600;\" href=\"https:\/\/shojiki.vn\/en\/offline-advertising\/bus-advertising\"><span style=\"font-weight: 400;\">Bus Advertising<\/span><\/a><\/span><\/li>\n<li><span style=\"color: #ff6600;\"><span style=\"font-weight: 400;\">Super App Grab Ads<\/span><\/span><\/li>\n<li><span style=\"color: #ff6600;\"><a style=\"color: #ff6600;\" href=\"https:\/\/shojiki.vn\/en\/offline-advertising\/advertising-at-gas-station\"><span style=\"font-weight: 400;\">Advertising at Gas Station<\/span><\/a><\/span><\/li>\n<li><span style=\"color: #ff6600;\"><a style=\"color: #ff6600;\" href=\"https:\/\/shojiki.vn\/en\/advertising-at-convenience-stores\"><span style=\"font-weight: 400;\">Grocery stores<\/span><\/a><\/span><\/li>\n<\/ul>\n<h4><strong>You can survey prices and buy signs online at<\/strong>: <span style=\"color: #ff6600;\">WikiOOH<\/span><br \/>\n<strong>We measure the effectiveness of your outdoor advertising at:\u00a0<\/strong>\u00a0<span style=\"color: #ff6600;\"><a style=\"color: #ff6600;\" href=\"https:\/\/compasstech.asia\/en\/\">Compass Tech<\/a><\/span><\/h4>\n","protected":false},"excerpt":{"rendered":"<p>Advertising at gas station Currently, 85% of the population in Vietnam are using motorbikes as the main means of transportation. Most gas stations are located at major intersections, roundabouts and busy roads. The form of advertising in the gas station attracts the attention of a large number of customers who often go to the gas&hellip;<\/p>\n","protected":false},"author":4,"featured_media":0,"parent":0,"menu_order":0,"comment_status":"closed","ping_status":"closed","template":"","meta":{"_acf_changed":false,"footnotes":""},"class_list":["post-12887","page","type-page","status-publish","hentry","description-off"],"acf":[],"yoast_head":"<!-- This site is optimized with the Yoast SEO plugin v25.6 - https:\/\/yoast.com\/wordpress\/plugins\/seo\/ -->\n<title>Advertising at Tin Nghia gas station - Shojiki.vn<\/title>\n<meta name=\"robots\" content=\"index, follow, max-snippet:-1, max-image-preview:large, max-video-preview:-1\" \/>\n<link rel=\"canonical\" href=\"https:\/\/shojiki.vn\/en\/advertising-at-tin-nghia-gas-station\" \/>\n<meta property=\"og:locale\" content=\"en_US\" \/>\n<meta property=\"og:type\" content=\"article\" \/>\n<meta property=\"og:title\" content=\"Advertising at Tin Nghia gas station - Shojiki.vn\" \/>\n<meta property=\"og:description\" content=\"Advertising at gas station Currently, 85% of the population in Vietnam are using motorbikes as the main means of transportation. Most gas stations are located at major intersections, roundabouts and busy roads. The form of advertising in the gas station attracts the attention of a large number of customers who often go to the gas&hellip;\" \/>\n<meta property=\"og:url\" content=\"https:\/\/shojiki.vn\/en\/advertising-at-tin-nghia-gas-station\" \/>\n<meta property=\"og:site_name\" content=\"Shojiki.vn\" \/>\n<meta property=\"article:modified_time\" content=\"2022-07-20T10:03:22+00:00\" \/>\n<meta property=\"og:image\" content=\"https:\/\/shojiki.vn\/template\/uploads\/2020\/09\/quang-cao-tram-xang-Tin-Nghia.jpg\" \/>\n<meta name=\"twitter:label1\" content=\"Est. reading time\" \/>\n\t<meta name=\"twitter:data1\" content=\"3 minutes\" \/>\n<script type=\"application\/ld+json\" class=\"yoast-schema-graph\">{\"@context\":\"https:\/\/schema.org\",\"@graph\":[{\"@type\":\"WebPage\",\"@id\":\"https:\/\/shojiki.vn\/en\/advertising-at-tin-nghia-gas-station\",\"url\":\"https:\/\/shojiki.vn\/en\/advertising-at-tin-nghia-gas-station\",\"name\":\"Advertising at Tin Nghia gas station - Shojiki.vn\",\"isPartOf\":{\"@id\":\"https:\/\/shojiki.vn\/#website\"},\"primaryImageOfPage\":{\"@id\":\"https:\/\/shojiki.vn\/en\/advertising-at-tin-nghia-gas-station#primaryimage\"},\"image\":{\"@id\":\"https:\/\/shojiki.vn\/en\/advertising-at-tin-nghia-gas-station#primaryimage\"},\"thumbnailUrl\":\"https:\/\/shojiki.vn\/template\/uploads\/2020\/09\/quang-cao-tram-xang-Tin-Nghia.jpg\",\"datePublished\":\"2022-07-20T10:02:53+00:00\",\"dateModified\":\"2022-07-20T10:03:22+00:00\",\"breadcrumb\":{\"@id\":\"https:\/\/shojiki.vn\/en\/advertising-at-tin-nghia-gas-station#breadcrumb\"},\"inLanguage\":\"en-US\",\"potentialAction\":[{\"@type\":\"ReadAction\",\"target\":[\"https:\/\/shojiki.vn\/en\/advertising-at-tin-nghia-gas-station\"]}]},{\"@type\":\"ImageObject\",\"inLanguage\":\"en-US\",\"@id\":\"https:\/\/shojiki.vn\/en\/advertising-at-tin-nghia-gas-station#primaryimage\",\"url\":\"https:\/\/shojiki.vn\/template\/uploads\/2020\/09\/quang-cao-tram-xang-Tin-Nghia.jpg\",\"contentUrl\":\"https:\/\/shojiki.vn\/template\/uploads\/2020\/09\/quang-cao-tram-xang-Tin-Nghia.jpg\"},{\"@type\":\"BreadcrumbList\",\"@id\":\"https:\/\/shojiki.vn\/en\/advertising-at-tin-nghia-gas-station#breadcrumb\",\"itemListElement\":[{\"@type\":\"ListItem\",\"position\":1,\"name\":\"Home\",\"item\":\"https:\/\/shojiki.vn\/en\"},{\"@type\":\"ListItem\",\"position\":2,\"name\":\"Advertising at Tin Nghia gas station\"}]},{\"@type\":\"WebSite\",\"@id\":\"https:\/\/shojiki.vn\/#website\",\"url\":\"https:\/\/shojiki.vn\/\",\"name\":\"Shojiki.vn\",\"description\":\"\",\"potentialAction\":[{\"@type\":\"SearchAction\",\"target\":{\"@type\":\"EntryPoint\",\"urlTemplate\":\"https:\/\/shojiki.vn\/?s={search_term_string}\"},\"query-input\":{\"@type\":\"PropertyValueSpecification\",\"valueRequired\":true,\"valueName\":\"search_term_string\"}}],\"inLanguage\":\"en-US\"}]}<\/script>\n<!-- \/ Yoast SEO plugin. -->","yoast_head_json":{"title":"Advertising at Tin Nghia gas station - Shojiki.vn","robots":{"index":"index","follow":"follow","max-snippet":"max-snippet:-1","max-image-preview":"max-image-preview:large","max-video-preview":"max-video-preview:-1"},"canonical":"https:\/\/shojiki.vn\/en\/advertising-at-tin-nghia-gas-station","og_locale":"en_US","og_type":"article","og_title":"Advertising at Tin Nghia gas station - Shojiki.vn","og_description":"Advertising at gas station Currently, 85% of the population in Vietnam are using motorbikes as the main means of transportation. Most gas stations are located at major intersections, roundabouts and busy roads. The form of advertising in the gas station attracts the attention of a large number of customers who often go to the gas&hellip;","og_url":"https:\/\/shojiki.vn\/en\/advertising-at-tin-nghia-gas-station","og_site_name":"Shojiki.vn","article_modified_time":"2022-07-20T10:03:22+00:00","og_image":[{"url":"https:\/\/shojiki.vn\/template\/uploads\/2020\/09\/quang-cao-tram-xang-Tin-Nghia.jpg","type":"","width":"","height":""}],"twitter_misc":{"Est. reading time":"3 minutes"},"schema":{"@context":"https:\/\/schema.org","@graph":[{"@type":"WebPage","@id":"https:\/\/shojiki.vn\/en\/advertising-at-tin-nghia-gas-station","url":"https:\/\/shojiki.vn\/en\/advertising-at-tin-nghia-gas-station","name":"Advertising at Tin Nghia gas station - Shojiki.vn","isPartOf":{"@id":"https:\/\/shojiki.vn\/#website"},"primaryImageOfPage":{"@id":"https:\/\/shojiki.vn\/en\/advertising-at-tin-nghia-gas-station#primaryimage"},"image":{"@id":"https:\/\/shojiki.vn\/en\/advertising-at-tin-nghia-gas-station#primaryimage"},"thumbnailUrl":"https:\/\/shojiki.vn\/template\/uploads\/2020\/09\/quang-cao-tram-xang-Tin-Nghia.jpg","datePublished":"2022-07-20T10:02:53+00:00","dateModified":"2022-07-20T10:03:22+00:00","breadcrumb":{"@id":"https:\/\/shojiki.vn\/en\/advertising-at-tin-nghia-gas-station#breadcrumb"},"inLanguage":"en-US","potentialAction":[{"@type":"ReadAction","target":["https:\/\/shojiki.vn\/en\/advertising-at-tin-nghia-gas-station"]}]},{"@type":"ImageObject","inLanguage":"en-US","@id":"https:\/\/shojiki.vn\/en\/advertising-at-tin-nghia-gas-station#primaryimage","url":"https:\/\/shojiki.vn\/template\/uploads\/2020\/09\/quang-cao-tram-xang-Tin-Nghia.jpg","contentUrl":"https:\/\/shojiki.vn\/template\/uploads\/2020\/09\/quang-cao-tram-xang-Tin-Nghia.jpg"},{"@type":"BreadcrumbList","@id":"https:\/\/shojiki.vn\/en\/advertising-at-tin-nghia-gas-station#breadcrumb","itemListElement":[{"@type":"ListItem","position":1,"name":"Home","item":"https:\/\/shojiki.vn\/en"},{"@type":"ListItem","position":2,"name":"Advertising at Tin Nghia gas station"}]},{"@type":"WebSite","@id":"https:\/\/shojiki.vn\/#website","url":"https:\/\/shojiki.vn\/","name":"Shojiki.vn","description":"","potentialAction":[{"@type":"SearchAction","target":{"@type":"EntryPoint","urlTemplate":"https:\/\/shojiki.vn\/?s={search_term_string}"},"query-input":{"@type":"PropertyValueSpecification","valueRequired":true,"valueName":"search_term_string"}}],"inLanguage":"en-US"}]}},"_links":{"self":[{"href":"https:\/\/shojiki.vn\/en\/wp-json\/wp\/v2\/pages\/12887"}],"collection":[{"href":"https:\/\/shojiki.vn\/en\/wp-json\/wp\/v2\/pages"}],"about":[{"href":"https:\/\/shojiki.vn\/en\/wp-json\/wp\/v2\/types\/page"}],"author":[{"embeddable":true,"href":"https:\/\/shojiki.vn\/en\/wp-json\/wp\/v2\/users\/4"}],"replies":[{"embeddable":true,"href":"https:\/\/shojiki.vn\/en\/wp-json\/wp\/v2\/comments?post=12887"}],"version-history":[{"count":2,"href":"https:\/\/shojiki.vn\/en\/wp-json\/wp\/v2\/pages\/12887\/revisions"}],"predecessor-version":[{"id":12891,"href":"https:\/\/shojiki.vn\/en\/wp-json\/wp\/v2\/pages\/12887\/revisions\/12891"}],"wp:attachment":[{"href":"https:\/\/shojiki.vn\/en\/wp-json\/wp\/v2\/media?parent=12887"}],"curies":[{"name":"wp","href":"https:\/\/api.w.org\/{rel}","templated":true}]}}