{"id":12740,"date":"2022-07-14T11:08:29","date_gmt":"2022-07-14T04:08:29","guid":{"rendered":"https:\/\/shojiki.vn\/?page_id=12740"},"modified":"2022-07-14T11:08:31","modified_gmt":"2022-07-14T04:08:31","slug":"outdoor-advertising-billboard-on-ly-thai-to-roundabout-ho-chi-minh-city","status":"publish","type":"page","link":"https:\/\/shojiki.vn\/en\/outdoor-advertising-billboard-on-ly-thai-to-roundabout-ho-chi-minh-city","title":{"rendered":"Outdoor advertising billboard on Ly Thai To roundabout, Ho Chi Minh City"},"content":{"rendered":"\n<h3><strong>Outdoor billboards Ly Thai To Roundabout, District 10, Ho Chi Minh:<\/strong><\/h3>\n<div id=\"attachment_9822\" style=\"width: 742px\" class=\"wp-caption aligncenter\"><img loading=\"lazy\" decoding=\"async\" aria-describedby=\"caption-attachment-9822\" class=\"wp-image-9822 size-full\" src=\"https:\/\/shojiki.vn\/template\/uploads\/2021\/11\/bang-quang-cao-ngoai-troi-vong-xoay-ly-thai-to-quan-10-hcm.jpg\" alt=\"B\u1ea3ng qu\u1ea3ng c\u00e1o ngo\u00e0i tr\u1eddi V\u00f2ng xoay L\u00fd Th\u00e1i T\u1ed5, qu\u1eadn 10, H\u1ed3 Ch\u00ed Minh\" width=\"732\" height=\"573\" srcset=\"https:\/\/shojiki.vn\/wp-content\/uploads\/2021\/11\/bang-quang-cao-ngoai-troi-vong-xoay-ly-thai-to-quan-10-hcm.jpg 732w, https:\/\/shojiki.vn\/wp-content\/uploads\/2021\/11\/bang-quang-cao-ngoai-troi-vong-xoay-ly-thai-to-quan-10-hcm-300x235.jpg 300w\" sizes=\"(max-width: 732px) 100vw, 732px\" \/><p id=\"caption-attachment-9822\" class=\"wp-caption-text\">Outdoor advertising board Ly Thai To Roundabout, District 10, HCMC<\/p><\/div>\n<div>\n<div><span class=\"product-info__name\"><span>Location\u00a0 \u00a0 \u00a0 \u00a0 \u00a0 \u00a0 \u00a0<\/span><\/span><span class=\"product-info__value\"><span>Ly Thai To Roundabout, District 10, Ho Chi Minh City<\/span><\/span><\/div>\n<div>\u00a0<\/div>\n<div><span class=\"product-info__name\"><span>Types of\u00a0 \u00a0 \u00a0 \u00a0 \u00a0 \u00a0 \u00a0<\/span><\/span><span class=\"product-info__value\"><span>Wall Panels<\/span><\/span><\/div>\n<div>\u00a0<\/div>\n<div><span class=\"product-info__name\"><span>Height\u00a0 \u00a0 \u00a0 \u00a0 \u00a0 \u00a0 \u00a0 \u00a0<\/span><\/span><span class=\"product-info__value\"><span>10 m<\/span><\/span><\/div>\n<div>\u00a0<\/div>\n<div><span class=\"product-info__name\"><span>Dimensions\u00a0 \u00a0 \u00a0 \u00a0<\/span><\/span><span class=\"product-info__value\"><span>70 m\u00b2 W7m x H10m<\/span><\/span><\/div>\n<div>\u00a0<\/div>\n<div><span><span class=\"product-info__value\">Ready <\/span><span class=\"product-info__name\">\u00a0 \u00a0 \u00a0 \u00a0\u00a0<\/span><\/span><\/div>\n<h2>Outdoor billboard 147 Ly Thai To, District 10, Ho Chi Minh:<\/h2>\n<\/div>\n<div id=\"attachment_9825\" style=\"width: 794px\" class=\"wp-caption aligncenter\"><img loading=\"lazy\" decoding=\"async\" aria-describedby=\"caption-attachment-9825\" class=\"wp-image-9825 size-full\" src=\"https:\/\/shojiki.vn\/template\/uploads\/2021\/11\/bang-quang-cao-ngoai-troi-147-ly-thai-to-quan-10-hcm.png\" alt=\"B\u1ea3ng qu\u1ea3ng c\u00e1o ngo\u00e0i tr\u1eddi 147 L\u00fd Th\u00e1i T\u1ed5, qu\u1eadn 10, H\u1ed3 Ch\u00ed Minh\" width=\"784\" height=\"562\" srcset=\"https:\/\/shojiki.vn\/wp-content\/uploads\/2021\/11\/bang-quang-cao-ngoai-troi-147-ly-thai-to-quan-10-hcm.png 784w, https:\/\/shojiki.vn\/wp-content\/uploads\/2021\/11\/bang-quang-cao-ngoai-troi-147-ly-thai-to-quan-10-hcm-300x215.png 300w, https:\/\/shojiki.vn\/wp-content\/uploads\/2021\/11\/bang-quang-cao-ngoai-troi-147-ly-thai-to-quan-10-hcm-768x551.png 768w\" sizes=\"(max-width: 784px) 100vw, 784px\" \/><p id=\"caption-attachment-9825\" class=\"wp-caption-text\">Outdoor billboard 147 Ly Thai To, District 10, HCMC<\/p><\/div>\n<div>\n<div><span class=\"product-info__name\"><span>Location\u00a0 \u00a0 \u00a0 \u00a0 \u00a0 \u00a0 \u00a0 \u00a0<\/span><\/span><span class=\"product-info__value\"><span>147 Ly Thai To, District 10, City.\u00a0Ho Chi Minh City<\/span><\/span><\/div>\n<div>\u00a0<\/div>\n<div><span class=\"product-info__name\"><span>Types of\u00a0 \u00a0 \u00a0 \u00a0 \u00a0 \u00a0 \u00a0 \u00a0 <\/span><\/span><span class=\"product-info__value\"><span>Wall Panels<\/span><\/span><\/div>\n<div>\u00a0<\/div>\n<div><span class=\"product-info__name\"><span>Height\u00a0 \u00a0 \u00a0 \u00a0 \u00a0 \u00a0 \u00a0 \u00a0 \u00a0 <\/span><\/span><span class=\"product-info__value\"><span>10 m<\/span><\/span><\/div>\n<div>\u00a0<\/div>\n<div><span class=\"product-info__name\"><span>Dimensions\u00a0 \u00a0 \u00a0 \u00a0 \u00a0\u00a0<\/span><\/span><span class=\"product-info__value\"><span>50 m\u00b2 W5m x H10m<\/span><\/span><\/div>\n<div>\u00a0<\/div>\n<div><span><span class=\"product-info__value\">Ready\u00a0<\/span><\/span><\/div>\n<div>\n<h1><strong><span>How to make your ad appear on Ly Thai To roundabout outdoor billboard?<\/span><\/strong><\/h1>\n<p><strong><span style=\"color: #ff6600;\"><a style=\"color: #ff6600;\" href=\"https:\/\/shojiki.vn\/\">SHOJIKI<\/a><\/span><\/strong><span><strong><span style=\"color: #ff6600;\">\u00a0<\/span><\/strong>Advertising Joint Stock Company\u00a0\u00a0\u00a0&#8211; is proud to be one of the leading advertising agencies in Vietnam.\u00a0We are committed to bringing you the most prestigious and influential advertising service along with:<\/span><\/p>\n<ul>\n<li><span>Support service\u00a0\u00a0<\/span><strong><span>GENERAL CONSULTATION<\/span><\/strong><span>\u00a0\u00a0of advertising strategies<\/span><\/li>\n<li><strong><span>SUPPORT SERVICE FOR DESIGNING<\/span><\/strong><span> content, advertising images<\/span><\/li>\n<li><span>The construction team deploys the advertisement\u00a0\u00a0<\/span><strong><span>FAST<\/span><\/strong><span>\u00a0\u00a0and\u00a0\u00a0<\/span><strong><span>ONLY<\/span><\/strong><\/li>\n<li><strong><span>WARRANTY<\/span><\/strong><span>\u00a0mode\u00a0\u00a0\u00a0for the duration of the campaign<\/span><\/li>\n<li><span><strong>Attractive\u00a0<\/strong><\/span><strong><span>DISCOUNTS\u00a0<\/span><\/strong><span>\u00a0and\u00a0\u00a0SALES\u00a0\u00a0\u00a0for customers<\/span><\/li>\n<\/ul>\n<p><span>In addition, you can learn more about our other forms of outdoor advertising:<\/span><\/p>\n<ul>\n<li><span style=\"color: #ff6600;\"><a style=\"color: #ff6600;\" href=\"https:\/\/shojiki.vn\/quang-cao-led-ngoai-troi\">Outdoor LED Display<\/a><\/span><\/li>\n<li><span style=\"color: #ff6600;\"><a style=\"color: #ff6600;\" href=\"https:\/\/shojiki.vn\/quang-cao-bien-bang\">Signboards, billboards, panels<\/a><\/span><\/li>\n<li><span style=\"color: #ff6600;\"><a style=\"color: #ff6600;\" href=\"https:\/\/shojiki.vn\/quang-cao-may-bay\">Airplane advertising<\/a><\/span><\/li>\n<li><span style=\"color: #ff6600;\"><a style=\"color: #ff6600;\" href=\"https:\/\/shojiki.vn\/quang-cao-offline\/quang-cao-xe-taxi\">Service of gluing ads on taxis<\/a><\/span><\/li>\n<li><span style=\"color: #ff6600;\"><a style=\"color: #ff6600;\" href=\"https:\/\/shojiki.vn\/quang-cao-offline\/quang-cao-xe-bus\">Bus<\/a><\/span><\/li>\n<li><span style=\"color: #ff6600;\"><a style=\"color: #ff6600;\" href=\"https:\/\/shojiki.vn\/quang-cao-tren-app-grab\">Super app Grab Ads<\/a><\/span><\/li>\n<li><span style=\"color: #ff6600;\"><a style=\"color: #ff6600;\" href=\"https:\/\/shojiki.vn\/quang-cao-tram-xang-tin-nghia\">Advertisement at the gas station<\/a><\/span><\/li>\n<li><span style=\"color: #ff6600;\"><a style=\"color: #ff6600;\" href=\"https:\/\/shojiki.vn\/quang-cao-tai-cua-hang-tien-loi\">Grocery store<\/a><\/span><\/li>\n<\/ul>\n<h4><span>You can survey prices and buy signs online at <\/span><span style=\"color: #ff6600;\"><a style=\"color: #ff6600;\" href=\"https:\/\/ooh.com.vn\/\">WikiOOH<\/a><\/span><\/h4>\n<h4><span>We measure the effectiveness of your outdoor advertising at <span style=\"color: #ff6600;\"><a style=\"color: #ff6600;\" href=\"https:\/\/compasstech.asia\/\">Compass Tech<\/a><\/span><\/span><span style=\"color: #ff6600;\">\u00a0<\/span><\/h4>\n<\/div>\n<\/div>\n<div>\u00a0<\/div>\n","protected":false},"excerpt":{"rendered":"<p>Outdoor billboards Ly Thai To Roundabout, District 10, Ho Chi Minh: Location\u00a0 \u00a0 \u00a0 \u00a0 \u00a0 \u00a0 \u00a0Ly Thai To Roundabout, District 10, Ho Chi Minh City \u00a0 Types of\u00a0 \u00a0 \u00a0 \u00a0 \u00a0 \u00a0 \u00a0Wall Panels \u00a0 Height\u00a0 \u00a0 \u00a0 \u00a0 \u00a0 \u00a0 \u00a0 \u00a010 m \u00a0 Dimensions\u00a0 \u00a0 \u00a0 \u00a070 m\u00b2 W7m x&hellip;<\/p>\n","protected":false},"author":4,"featured_media":0,"parent":0,"menu_order":0,"comment_status":"closed","ping_status":"closed","template":"","meta":{"_acf_changed":false,"footnotes":""},"class_list":["post-12740","page","type-page","status-publish","hentry","description-off"],"acf":[],"yoast_head":"<!-- This site is optimized with the Yoast SEO plugin v25.6 - https:\/\/yoast.com\/wordpress\/plugins\/seo\/ -->\n<title>Outdoor advertising billboard on Ly Thai To roundabout, Ho Chi Minh City<\/title>\n<meta name=\"description\" content=\"Outdoor advertising billboard on Ly Thai To roundabout, Ho Chi Minh City. Contact hotline: 0933 15 99 88\" \/>\n<meta name=\"robots\" content=\"index, follow, max-snippet:-1, max-image-preview:large, max-video-preview:-1\" \/>\n<link rel=\"canonical\" href=\"https:\/\/shojiki.vn\/en\/outdoor-advertising-billboard-on-ly-thai-to-roundabout-ho-chi-minh-city\" \/>\n<meta property=\"og:locale\" content=\"en_US\" \/>\n<meta property=\"og:type\" content=\"article\" \/>\n<meta property=\"og:title\" content=\"Outdoor advertising billboard on Ly Thai To roundabout, Ho Chi Minh City\" \/>\n<meta property=\"og:description\" content=\"Outdoor advertising billboard on Ly Thai To roundabout, Ho Chi Minh City. Contact hotline: 0933 15 99 88\" \/>\n<meta property=\"og:url\" content=\"https:\/\/shojiki.vn\/en\/outdoor-advertising-billboard-on-ly-thai-to-roundabout-ho-chi-minh-city\" \/>\n<meta property=\"og:site_name\" content=\"Shojiki.vn\" \/>\n<meta property=\"article:modified_time\" content=\"2022-07-14T04:08:31+00:00\" \/>\n<meta property=\"og:image\" content=\"https:\/\/shojiki.vn\/template\/uploads\/2021\/11\/bang-quang-cao-ngoai-troi-vong-xoay-ly-thai-to-quan-10-hcm.jpg\" \/>\n<meta name=\"twitter:label1\" content=\"Est. reading time\" \/>\n\t<meta name=\"twitter:data1\" content=\"2 minutes\" \/>\n<script type=\"application\/ld+json\" class=\"yoast-schema-graph\">{\"@context\":\"https:\/\/schema.org\",\"@graph\":[{\"@type\":\"WebPage\",\"@id\":\"https:\/\/shojiki.vn\/en\/outdoor-advertising-billboard-on-ly-thai-to-roundabout-ho-chi-minh-city\",\"url\":\"https:\/\/shojiki.vn\/en\/outdoor-advertising-billboard-on-ly-thai-to-roundabout-ho-chi-minh-city\",\"name\":\"Outdoor advertising billboard on Ly Thai To roundabout, Ho Chi Minh City\",\"isPartOf\":{\"@id\":\"https:\/\/shojiki.vn\/#website\"},\"primaryImageOfPage\":{\"@id\":\"https:\/\/shojiki.vn\/en\/outdoor-advertising-billboard-on-ly-thai-to-roundabout-ho-chi-minh-city#primaryimage\"},\"image\":{\"@id\":\"https:\/\/shojiki.vn\/en\/outdoor-advertising-billboard-on-ly-thai-to-roundabout-ho-chi-minh-city#primaryimage\"},\"thumbnailUrl\":\"https:\/\/shojiki.vn\/template\/uploads\/2021\/11\/bang-quang-cao-ngoai-troi-vong-xoay-ly-thai-to-quan-10-hcm.jpg\",\"datePublished\":\"2022-07-14T04:08:29+00:00\",\"dateModified\":\"2022-07-14T04:08:31+00:00\",\"description\":\"Outdoor advertising billboard on Ly Thai To roundabout, Ho Chi Minh City. Contact hotline: 0933 15 99 88\",\"breadcrumb\":{\"@id\":\"https:\/\/shojiki.vn\/en\/outdoor-advertising-billboard-on-ly-thai-to-roundabout-ho-chi-minh-city#breadcrumb\"},\"inLanguage\":\"en-US\",\"potentialAction\":[{\"@type\":\"ReadAction\",\"target\":[\"https:\/\/shojiki.vn\/en\/outdoor-advertising-billboard-on-ly-thai-to-roundabout-ho-chi-minh-city\"]}]},{\"@type\":\"ImageObject\",\"inLanguage\":\"en-US\",\"@id\":\"https:\/\/shojiki.vn\/en\/outdoor-advertising-billboard-on-ly-thai-to-roundabout-ho-chi-minh-city#primaryimage\",\"url\":\"https:\/\/shojiki.vn\/template\/uploads\/2021\/11\/bang-quang-cao-ngoai-troi-vong-xoay-ly-thai-to-quan-10-hcm.jpg\",\"contentUrl\":\"https:\/\/shojiki.vn\/template\/uploads\/2021\/11\/bang-quang-cao-ngoai-troi-vong-xoay-ly-thai-to-quan-10-hcm.jpg\"},{\"@type\":\"BreadcrumbList\",\"@id\":\"https:\/\/shojiki.vn\/en\/outdoor-advertising-billboard-on-ly-thai-to-roundabout-ho-chi-minh-city#breadcrumb\",\"itemListElement\":[{\"@type\":\"ListItem\",\"position\":1,\"name\":\"Home\",\"item\":\"https:\/\/shojiki.vn\/en\"},{\"@type\":\"ListItem\",\"position\":2,\"name\":\"Outdoor advertising billboard on Ly Thai To roundabout, Ho Chi Minh City\"}]},{\"@type\":\"WebSite\",\"@id\":\"https:\/\/shojiki.vn\/#website\",\"url\":\"https:\/\/shojiki.vn\/\",\"name\":\"Shojiki.vn\",\"description\":\"\",\"potentialAction\":[{\"@type\":\"SearchAction\",\"target\":{\"@type\":\"EntryPoint\",\"urlTemplate\":\"https:\/\/shojiki.vn\/?s={search_term_string}\"},\"query-input\":{\"@type\":\"PropertyValueSpecification\",\"valueRequired\":true,\"valueName\":\"search_term_string\"}}],\"inLanguage\":\"en-US\"}]}<\/script>\n<!-- \/ Yoast SEO plugin. -->","yoast_head_json":{"title":"Outdoor advertising billboard on Ly Thai To roundabout, Ho Chi Minh City","description":"Outdoor advertising billboard on Ly Thai To roundabout, Ho Chi Minh City. Contact hotline: 0933 15 99 88","robots":{"index":"index","follow":"follow","max-snippet":"max-snippet:-1","max-image-preview":"max-image-preview:large","max-video-preview":"max-video-preview:-1"},"canonical":"https:\/\/shojiki.vn\/en\/outdoor-advertising-billboard-on-ly-thai-to-roundabout-ho-chi-minh-city","og_locale":"en_US","og_type":"article","og_title":"Outdoor advertising billboard on Ly Thai To roundabout, Ho Chi Minh City","og_description":"Outdoor advertising billboard on Ly Thai To roundabout, Ho Chi Minh City. Contact hotline: 0933 15 99 88","og_url":"https:\/\/shojiki.vn\/en\/outdoor-advertising-billboard-on-ly-thai-to-roundabout-ho-chi-minh-city","og_site_name":"Shojiki.vn","article_modified_time":"2022-07-14T04:08:31+00:00","og_image":[{"url":"https:\/\/shojiki.vn\/template\/uploads\/2021\/11\/bang-quang-cao-ngoai-troi-vong-xoay-ly-thai-to-quan-10-hcm.jpg","type":"","width":"","height":""}],"twitter_misc":{"Est. reading time":"2 minutes"},"schema":{"@context":"https:\/\/schema.org","@graph":[{"@type":"WebPage","@id":"https:\/\/shojiki.vn\/en\/outdoor-advertising-billboard-on-ly-thai-to-roundabout-ho-chi-minh-city","url":"https:\/\/shojiki.vn\/en\/outdoor-advertising-billboard-on-ly-thai-to-roundabout-ho-chi-minh-city","name":"Outdoor advertising billboard on Ly Thai To roundabout, Ho Chi Minh City","isPartOf":{"@id":"https:\/\/shojiki.vn\/#website"},"primaryImageOfPage":{"@id":"https:\/\/shojiki.vn\/en\/outdoor-advertising-billboard-on-ly-thai-to-roundabout-ho-chi-minh-city#primaryimage"},"image":{"@id":"https:\/\/shojiki.vn\/en\/outdoor-advertising-billboard-on-ly-thai-to-roundabout-ho-chi-minh-city#primaryimage"},"thumbnailUrl":"https:\/\/shojiki.vn\/template\/uploads\/2021\/11\/bang-quang-cao-ngoai-troi-vong-xoay-ly-thai-to-quan-10-hcm.jpg","datePublished":"2022-07-14T04:08:29+00:00","dateModified":"2022-07-14T04:08:31+00:00","description":"Outdoor advertising billboard on Ly Thai To roundabout, Ho Chi Minh City. Contact hotline: 0933 15 99 88","breadcrumb":{"@id":"https:\/\/shojiki.vn\/en\/outdoor-advertising-billboard-on-ly-thai-to-roundabout-ho-chi-minh-city#breadcrumb"},"inLanguage":"en-US","potentialAction":[{"@type":"ReadAction","target":["https:\/\/shojiki.vn\/en\/outdoor-advertising-billboard-on-ly-thai-to-roundabout-ho-chi-minh-city"]}]},{"@type":"ImageObject","inLanguage":"en-US","@id":"https:\/\/shojiki.vn\/en\/outdoor-advertising-billboard-on-ly-thai-to-roundabout-ho-chi-minh-city#primaryimage","url":"https:\/\/shojiki.vn\/template\/uploads\/2021\/11\/bang-quang-cao-ngoai-troi-vong-xoay-ly-thai-to-quan-10-hcm.jpg","contentUrl":"https:\/\/shojiki.vn\/template\/uploads\/2021\/11\/bang-quang-cao-ngoai-troi-vong-xoay-ly-thai-to-quan-10-hcm.jpg"},{"@type":"BreadcrumbList","@id":"https:\/\/shojiki.vn\/en\/outdoor-advertising-billboard-on-ly-thai-to-roundabout-ho-chi-minh-city#breadcrumb","itemListElement":[{"@type":"ListItem","position":1,"name":"Home","item":"https:\/\/shojiki.vn\/en"},{"@type":"ListItem","position":2,"name":"Outdoor advertising billboard on Ly Thai To roundabout, Ho Chi Minh City"}]},{"@type":"WebSite","@id":"https:\/\/shojiki.vn\/#website","url":"https:\/\/shojiki.vn\/","name":"Shojiki.vn","description":"","potentialAction":[{"@type":"SearchAction","target":{"@type":"EntryPoint","urlTemplate":"https:\/\/shojiki.vn\/?s={search_term_string}"},"query-input":{"@type":"PropertyValueSpecification","valueRequired":true,"valueName":"search_term_string"}}],"inLanguage":"en-US"}]}},"_links":{"self":[{"href":"https:\/\/shojiki.vn\/en\/wp-json\/wp\/v2\/pages\/12740"}],"collection":[{"href":"https:\/\/shojiki.vn\/en\/wp-json\/wp\/v2\/pages"}],"about":[{"href":"https:\/\/shojiki.vn\/en\/wp-json\/wp\/v2\/types\/page"}],"author":[{"embeddable":true,"href":"https:\/\/shojiki.vn\/en\/wp-json\/wp\/v2\/users\/4"}],"replies":[{"embeddable":true,"href":"https:\/\/shojiki.vn\/en\/wp-json\/wp\/v2\/comments?post=12740"}],"version-history":[{"count":1,"href":"https:\/\/shojiki.vn\/en\/wp-json\/wp\/v2\/pages\/12740\/revisions"}],"predecessor-version":[{"id":12744,"href":"https:\/\/shojiki.vn\/en\/wp-json\/wp\/v2\/pages\/12740\/revisions\/12744"}],"wp:attachment":[{"href":"https:\/\/shojiki.vn\/en\/wp-json\/wp\/v2\/media?parent=12740"}],"curies":[{"name":"wp","href":"https:\/\/api.w.org\/{rel}","templated":true}]}}