{"id":12690,"date":"2022-07-13T15:23:50","date_gmt":"2022-07-13T08:23:50","guid":{"rendered":"https:\/\/shojiki.vn\/?page_id=12690"},"modified":"2022-07-14T11:36:13","modified_gmt":"2022-07-14T04:36:13","slug":"outdoor-advertising-billboard-for-dan-chu-roundabout-ho-chi-minh-city","status":"publish","type":"page","link":"https:\/\/shojiki.vn\/en\/outdoor-advertising-billboard-for-dan-chu-roundabout-ho-chi-minh-city","title":{"rendered":"Outdoor advertising billboard for Dan Chu Roundabout, Ho Chi Minh City"},"content":{"rendered":"\n<h3><strong>Outdoor billboard 1A1 3\/2 street, district 10, Ho Chi Minh City:<\/strong><\/h3>\n<div id=\"attachment_9698\" style=\"width: 897px\" class=\"wp-caption aligncenter\"><img loading=\"lazy\" decoding=\"async\" aria-describedby=\"caption-attachment-9698\" class=\"wp-image-9698 size-full\" src=\"https:\/\/shojiki.vn\/template\/uploads\/2021\/11\/bang-quang-cao-ngoai-troi-duong-3-2-quan-10-hcm.jpg\" alt=\"B\u1ea3ng qu\u1ea3ng c\u00e1o ngo\u00e0i tr\u1eddi 1A1 \u0111\u01b0\u1eddng 3\/2, qu\u1eadn 10, H\u1ed3 Ch\u00ed Minh\" width=\"887\" height=\"446\" srcset=\"https:\/\/shojiki.vn\/wp-content\/uploads\/2021\/11\/bang-quang-cao-ngoai-troi-duong-3-2-quan-10-hcm.jpg 887w, https:\/\/shojiki.vn\/wp-content\/uploads\/2021\/11\/bang-quang-cao-ngoai-troi-duong-3-2-quan-10-hcm-300x151.jpg 300w, https:\/\/shojiki.vn\/wp-content\/uploads\/2021\/11\/bang-quang-cao-ngoai-troi-duong-3-2-quan-10-hcm-768x386.jpg 768w\" sizes=\"(max-width: 887px) 100vw, 887px\" \/><p id=\"caption-attachment-9698\" class=\"wp-caption-text\">Advertising board of Democratic Roundabout, District 10, Ho Chi Minh City<\/p><\/div>\n<div>\n<div>\n<div><span class=\"product-info__name\">Location\u00a0 \u00a0 \u00a0 \u00a0 \u00a0 \u00a0 \u00a0 \u00a0<\/span><span class=\"product-info__value\">1A1, 3\/2 street, district 10, Ho Chi Minh city<\/span><\/div>\n<div>\u00a0<\/div>\n<div><span class=\"product-info__name\">Types of\u00a0 \u00a0 \u00a0 \u00a0 \u00a0 \u00a0 \u00a0 \u00a0<\/span><span class=\"product-info__value\">Wall Panels<\/span><\/div>\n<div>\u00a0<\/div>\n<div><span class=\"product-info__name\">Height\u00a0 \u00a0 \u00a0 \u00a0 \u00a0 \u00a0 \u00a0 \u00a0 \u00a0<\/span><span class=\"product-info__value\">10 m<\/span><\/div>\n<\/div>\n<div>\u00a0<\/div>\n<div>\n<div><span class=\"product-info__name\">Dimensions\u00a0 \u00a0 \u00a0 \u00a0 \u00a0<\/span><span class=\"product-info__value\">60 m\u00b2 W6 H10<\/span><\/div>\n<div>\u00a0<\/div>\n<div><span class=\"product-info__value\">Ready <\/span><\/div>\n<h2>Outdoor billboard at Cach Mang Thang Tam &#8211; Vo Thi Sau intersection, District 3, Ho Chi Minh:<\/h2>\n<img loading=\"lazy\" decoding=\"async\" class=\"wp-image-9695 size-full\" style=\"word-spacing: normal;\" src=\"https:\/\/shojiki.vn\/template\/uploads\/2021\/11\/bang-quang-cao-ngoai-troi-cmt8-quan-3-hcm.png\" alt=\"B\u1ea3ng qu\u1ea3ng c\u00e1o ngo\u00e0i tr\u1eddi n\u00fat giao C\u00e1ch M\u1ea1ng Th\u00e1ng T\u00e1m - V\u00f5 Th\u1ecb S\u00e1u, qu\u1eadn 3, H\u1ed3 Ch\u00ed Minh\" width=\"720\" height=\"583\" srcset=\"https:\/\/shojiki.vn\/wp-content\/uploads\/2021\/11\/bang-quang-cao-ngoai-troi-cmt8-quan-3-hcm.png 720w, https:\/\/shojiki.vn\/wp-content\/uploads\/2021\/11\/bang-quang-cao-ngoai-troi-cmt8-quan-3-hcm-300x243.png 300w\" sizes=\"(max-width: 720px) 100vw, 720px\" \/><\/div>\n<\/div>\n<p>Outdoor billboards Democratic Roundabout, District 3, HCMC<\/p>\n<div>\n<div><span class=\"product-info__name\">Location\u00a0 \u00a0 \u00a0 \u00a0 \u00a0 \u00a0 <\/span><span class=\"product-info__value\">\u00a0Cach Mang Thang Tam \u2013 Vo Thi Sau intersection, District 3, Ho Chi Minh City<\/span><\/div>\n<div>\u00a0<\/div>\n<div><span class=\"product-info__name\">Types of\u00a0 \u00a0 \u00a0 \u00a0 \u00a0 \u00a0 \u00a0<\/span><span class=\"product-info__value\">Pillar Tables<\/span><\/div>\n<div>\u00a0<\/div>\n<div><span class=\"product-info__name\">Height\u00a0 \u00a0 \u00a0 \u00a0 \u00a0 \u00a0 \u00a0 \u00a0 <\/span><span class=\"product-info__value\">6 m<\/span><\/div>\n<div>\u00a0<\/div>\n<div><span class=\"product-info__name\">Dimensions\u00a0 \u00a0 \u00a0 \u00a0 <\/span><span class=\"product-info__value\">72 m\u00b2 W12m x H6m<\/span><\/div>\n<div>\u00a0<\/div>\n<div class=\"ng-star-inserted\"><span class=\"product-info__value\"><span class=\"product-info__name\">Material\u00a0 \u00a0 \u00a0 \u00a0 \u00a0 \u00a0 \u00a0 <\/span>Hiflex Tarpaulin <\/span><span class=\"product-info__name\">\u00a0 \u00a0<\/span><\/div>\n<div class=\"ng-star-inserted\"><span class=\"product-info__name\"> \u00a0 \u00a0 \u00a0 \u00a0<\/span><\/div>\n<div><span class=\"product-info__value\">Ready<\/span><span class=\"product-info__name\">\u00a0 \u00a0\u00a0<\/span><\/div>\n<div>\n<h1>How does your ad appear on the Dan Chu roundabout outdoor billboard?<\/h1>\n<p><a href=\"https:\/\/shojiki.vn\/\"><strong><span style=\"color: #ff6600;\">SHOJIKI<\/span><\/strong><\/a>\u00a0Advertising Joint Stock Company\u00a0\u00a0\u00a0&#8211; is proud to be one of the leading advertising agencies in Vietnam.\u00a0We are committed to bringing you the most prestigious and influential advertising service along with:<\/p>\n<ul>\n<li>Support service\u00a0\u00a0<strong>GENERAL CONSULTATION<\/strong>\u00a0\u00a0of advertising strategies<\/li>\n<li><strong>SUPPORT SERVICE FOR DESIGNING<\/strong> content, advertising images<\/li>\n<li>The construction team deploys the advertisement\u00a0\u00a0<strong>FAST<\/strong>\u00a0\u00a0and\u00a0\u00a0<strong>ONLY<\/strong><\/li>\n<li><strong>WARRANTY<\/strong>\u00a0mode\u00a0\u00a0\u00a0for the duration of the campaign<\/li>\n<li><strong>Attractive\u00a0<\/strong><strong>DISCOUNTS\u00a0<\/strong>\u00a0and\u00a0\u00a0SALES\u00a0\u00a0\u00a0for customers<\/li>\n<\/ul>\n<p>In addition, you can learn more about our other forms of outdoor advertising:<\/p>\n<ul>\n<li><span style=\"color: #ff6600;\"><a style=\"color: #ff6600;\" href=\"https:\/\/shojiki.vn\/quang-cao-led-ngoai-troi\">Outdoor LED Display<\/a><\/span><\/li>\n<li><span style=\"color: #ff6600;\"><a style=\"color: #ff6600;\" href=\"https:\/\/shojiki.vn\/quang-cao-bien-bang\">Signboards, billboards, panels<\/a><\/span><\/li>\n<li><span style=\"color: #ff6600;\"><a style=\"color: #ff6600;\" href=\"https:\/\/shojiki.vn\/quang-cao-may-bay\">Airplane advertising<\/a><\/span><\/li>\n<li><span style=\"color: #ff6600;\"><a style=\"color: #ff6600;\" href=\"https:\/\/shojiki.vn\/quang-cao-offline\/quang-cao-xe-taxi\">Service of advertising on taxis<\/a><\/span><\/li>\n<li><span style=\"color: #ff6600;\"><a style=\"color: #ff6600;\" href=\"https:\/\/shojiki.vn\/quang-cao-offline\/quang-cao-xe-bus\">Bus<\/a><\/span><\/li>\n<li><span style=\"color: #ff6600;\"><a style=\"color: #ff6600;\" href=\"https:\/\/shojiki.vn\/quang-cao-tren-app-grab\">Super app Grab Ads<\/a><\/span><\/li>\n<li><span style=\"color: #ff6600;\"><a style=\"color: #ff6600;\" href=\"https:\/\/shojiki.vn\/quang-cao-tram-xang-tin-nghia\">Advertisement at gas station<\/a><\/span><\/li>\n<li><span style=\"color: #ff6600;\"><a style=\"color: #ff6600;\" href=\"https:\/\/shojiki.vn\/quang-cao-tai-cua-hang-tien-loi\">Grocery store<\/a><\/span><\/li>\n<\/ul>\n<h4>You can survey prices and buy signs online at <span style=\"color: #ff6600;\"><a style=\"color: #ff6600;\" href=\"https:\/\/ooh.com.vn\/\">WikiOOH<\/a><\/span><span style=\"color: #ff6600;\">\u00a0<\/span><\/h4>\n<h4>We measure the effectiveness of your outdoor advertising at <span style=\"color: #ff6600;\"><a style=\"color: #ff6600;\" href=\"https:\/\/compasstech.asia\/\">Compass Tech<\/a><\/span><span style=\"color: #ff6600;\">\u00a0<\/span><\/h4>\n<\/div>\n<\/div>\n<div>\u00a0<\/div>\n","protected":false},"excerpt":{"rendered":"<p>Outdoor billboard 1A1 3\/2 street, district 10, Ho Chi Minh City: Location\u00a0 \u00a0 \u00a0 \u00a0 \u00a0 \u00a0 \u00a0 \u00a01A1, 3\/2 street, district 10, Ho Chi Minh city \u00a0 Types of\u00a0 \u00a0 \u00a0 \u00a0 \u00a0 \u00a0 \u00a0 \u00a0Wall Panels \u00a0 Height\u00a0 \u00a0 \u00a0 \u00a0 \u00a0 \u00a0 \u00a0 \u00a0 \u00a010 m \u00a0 Dimensions\u00a0 \u00a0 \u00a0 \u00a0 \u00a060&hellip;<\/p>\n","protected":false},"author":4,"featured_media":0,"parent":0,"menu_order":0,"comment_status":"closed","ping_status":"closed","template":"","meta":{"_acf_changed":false,"footnotes":""},"class_list":["post-12690","page","type-page","status-publish","hentry","description-off"],"acf":[],"yoast_head":"<!-- This site is optimized with the Yoast SEO plugin v25.6 - https:\/\/yoast.com\/wordpress\/plugins\/seo\/ -->\n<title>Outdoor advertising billboard for Dan Chu Roundabout, Ho Chi Minh City<\/title>\n<meta name=\"description\" content=\"Outdoor billboard 1A1 3\/2 street, district 10, Ho Chi Minh City. Contact hotline: 0933 15 99 88\" \/>\n<meta name=\"robots\" content=\"index, follow, max-snippet:-1, max-image-preview:large, max-video-preview:-1\" \/>\n<link rel=\"canonical\" href=\"https:\/\/shojiki.vn\/en\/outdoor-advertising-billboard-for-dan-chu-roundabout-ho-chi-minh-city\" \/>\n<meta property=\"og:locale\" content=\"en_US\" \/>\n<meta property=\"og:type\" content=\"article\" \/>\n<meta property=\"og:title\" content=\"Outdoor advertising billboard for Dan Chu Roundabout, Ho Chi Minh City\" \/>\n<meta property=\"og:description\" content=\"Outdoor billboard 1A1 3\/2 street, district 10, Ho Chi Minh City. Contact hotline: 0933 15 99 88\" \/>\n<meta property=\"og:url\" content=\"https:\/\/shojiki.vn\/en\/outdoor-advertising-billboard-for-dan-chu-roundabout-ho-chi-minh-city\" \/>\n<meta property=\"og:site_name\" content=\"Shojiki.vn\" \/>\n<meta property=\"article:modified_time\" content=\"2022-07-14T04:36:13+00:00\" \/>\n<meta property=\"og:image\" content=\"https:\/\/shojiki.vn\/template\/uploads\/2021\/11\/bang-quang-cao-ngoai-troi-duong-3-2-quan-10-hcm.jpg\" \/>\n<meta name=\"twitter:label1\" content=\"Est. reading time\" \/>\n\t<meta name=\"twitter:data1\" content=\"2 minutes\" \/>\n<script type=\"application\/ld+json\" class=\"yoast-schema-graph\">{\"@context\":\"https:\/\/schema.org\",\"@graph\":[{\"@type\":\"WebPage\",\"@id\":\"https:\/\/shojiki.vn\/en\/outdoor-advertising-billboard-for-dan-chu-roundabout-ho-chi-minh-city\",\"url\":\"https:\/\/shojiki.vn\/en\/outdoor-advertising-billboard-for-dan-chu-roundabout-ho-chi-minh-city\",\"name\":\"Outdoor advertising billboard for Dan Chu Roundabout, Ho Chi Minh City\",\"isPartOf\":{\"@id\":\"https:\/\/shojiki.vn\/#website\"},\"primaryImageOfPage\":{\"@id\":\"https:\/\/shojiki.vn\/en\/outdoor-advertising-billboard-for-dan-chu-roundabout-ho-chi-minh-city#primaryimage\"},\"image\":{\"@id\":\"https:\/\/shojiki.vn\/en\/outdoor-advertising-billboard-for-dan-chu-roundabout-ho-chi-minh-city#primaryimage\"},\"thumbnailUrl\":\"https:\/\/shojiki.vn\/template\/uploads\/2021\/11\/bang-quang-cao-ngoai-troi-duong-3-2-quan-10-hcm.jpg\",\"datePublished\":\"2022-07-13T08:23:50+00:00\",\"dateModified\":\"2022-07-14T04:36:13+00:00\",\"description\":\"Outdoor billboard 1A1 3\/2 street, district 10, Ho Chi Minh City. Contact hotline: 0933 15 99 88\",\"breadcrumb\":{\"@id\":\"https:\/\/shojiki.vn\/en\/outdoor-advertising-billboard-for-dan-chu-roundabout-ho-chi-minh-city#breadcrumb\"},\"inLanguage\":\"en-US\",\"potentialAction\":[{\"@type\":\"ReadAction\",\"target\":[\"https:\/\/shojiki.vn\/en\/outdoor-advertising-billboard-for-dan-chu-roundabout-ho-chi-minh-city\"]}]},{\"@type\":\"ImageObject\",\"inLanguage\":\"en-US\",\"@id\":\"https:\/\/shojiki.vn\/en\/outdoor-advertising-billboard-for-dan-chu-roundabout-ho-chi-minh-city#primaryimage\",\"url\":\"https:\/\/shojiki.vn\/template\/uploads\/2021\/11\/bang-quang-cao-ngoai-troi-duong-3-2-quan-10-hcm.jpg\",\"contentUrl\":\"https:\/\/shojiki.vn\/template\/uploads\/2021\/11\/bang-quang-cao-ngoai-troi-duong-3-2-quan-10-hcm.jpg\"},{\"@type\":\"BreadcrumbList\",\"@id\":\"https:\/\/shojiki.vn\/en\/outdoor-advertising-billboard-for-dan-chu-roundabout-ho-chi-minh-city#breadcrumb\",\"itemListElement\":[{\"@type\":\"ListItem\",\"position\":1,\"name\":\"Home\",\"item\":\"https:\/\/shojiki.vn\/en\"},{\"@type\":\"ListItem\",\"position\":2,\"name\":\"Outdoor advertising billboard for Dan Chu Roundabout, Ho Chi Minh City\"}]},{\"@type\":\"WebSite\",\"@id\":\"https:\/\/shojiki.vn\/#website\",\"url\":\"https:\/\/shojiki.vn\/\",\"name\":\"Shojiki.vn\",\"description\":\"\",\"potentialAction\":[{\"@type\":\"SearchAction\",\"target\":{\"@type\":\"EntryPoint\",\"urlTemplate\":\"https:\/\/shojiki.vn\/?s={search_term_string}\"},\"query-input\":{\"@type\":\"PropertyValueSpecification\",\"valueRequired\":true,\"valueName\":\"search_term_string\"}}],\"inLanguage\":\"en-US\"}]}<\/script>\n<!-- \/ Yoast SEO plugin. -->","yoast_head_json":{"title":"Outdoor advertising billboard for Dan Chu Roundabout, Ho Chi Minh City","description":"Outdoor billboard 1A1 3\/2 street, district 10, Ho Chi Minh City. Contact hotline: 0933 15 99 88","robots":{"index":"index","follow":"follow","max-snippet":"max-snippet:-1","max-image-preview":"max-image-preview:large","max-video-preview":"max-video-preview:-1"},"canonical":"https:\/\/shojiki.vn\/en\/outdoor-advertising-billboard-for-dan-chu-roundabout-ho-chi-minh-city","og_locale":"en_US","og_type":"article","og_title":"Outdoor advertising billboard for Dan Chu Roundabout, Ho Chi Minh City","og_description":"Outdoor billboard 1A1 3\/2 street, district 10, Ho Chi Minh City. Contact hotline: 0933 15 99 88","og_url":"https:\/\/shojiki.vn\/en\/outdoor-advertising-billboard-for-dan-chu-roundabout-ho-chi-minh-city","og_site_name":"Shojiki.vn","article_modified_time":"2022-07-14T04:36:13+00:00","og_image":[{"url":"https:\/\/shojiki.vn\/template\/uploads\/2021\/11\/bang-quang-cao-ngoai-troi-duong-3-2-quan-10-hcm.jpg","type":"","width":"","height":""}],"twitter_misc":{"Est. reading time":"2 minutes"},"schema":{"@context":"https:\/\/schema.org","@graph":[{"@type":"WebPage","@id":"https:\/\/shojiki.vn\/en\/outdoor-advertising-billboard-for-dan-chu-roundabout-ho-chi-minh-city","url":"https:\/\/shojiki.vn\/en\/outdoor-advertising-billboard-for-dan-chu-roundabout-ho-chi-minh-city","name":"Outdoor advertising billboard for Dan Chu Roundabout, Ho Chi Minh City","isPartOf":{"@id":"https:\/\/shojiki.vn\/#website"},"primaryImageOfPage":{"@id":"https:\/\/shojiki.vn\/en\/outdoor-advertising-billboard-for-dan-chu-roundabout-ho-chi-minh-city#primaryimage"},"image":{"@id":"https:\/\/shojiki.vn\/en\/outdoor-advertising-billboard-for-dan-chu-roundabout-ho-chi-minh-city#primaryimage"},"thumbnailUrl":"https:\/\/shojiki.vn\/template\/uploads\/2021\/11\/bang-quang-cao-ngoai-troi-duong-3-2-quan-10-hcm.jpg","datePublished":"2022-07-13T08:23:50+00:00","dateModified":"2022-07-14T04:36:13+00:00","description":"Outdoor billboard 1A1 3\/2 street, district 10, Ho Chi Minh City. Contact hotline: 0933 15 99 88","breadcrumb":{"@id":"https:\/\/shojiki.vn\/en\/outdoor-advertising-billboard-for-dan-chu-roundabout-ho-chi-minh-city#breadcrumb"},"inLanguage":"en-US","potentialAction":[{"@type":"ReadAction","target":["https:\/\/shojiki.vn\/en\/outdoor-advertising-billboard-for-dan-chu-roundabout-ho-chi-minh-city"]}]},{"@type":"ImageObject","inLanguage":"en-US","@id":"https:\/\/shojiki.vn\/en\/outdoor-advertising-billboard-for-dan-chu-roundabout-ho-chi-minh-city#primaryimage","url":"https:\/\/shojiki.vn\/template\/uploads\/2021\/11\/bang-quang-cao-ngoai-troi-duong-3-2-quan-10-hcm.jpg","contentUrl":"https:\/\/shojiki.vn\/template\/uploads\/2021\/11\/bang-quang-cao-ngoai-troi-duong-3-2-quan-10-hcm.jpg"},{"@type":"BreadcrumbList","@id":"https:\/\/shojiki.vn\/en\/outdoor-advertising-billboard-for-dan-chu-roundabout-ho-chi-minh-city#breadcrumb","itemListElement":[{"@type":"ListItem","position":1,"name":"Home","item":"https:\/\/shojiki.vn\/en"},{"@type":"ListItem","position":2,"name":"Outdoor advertising billboard for Dan Chu Roundabout, Ho Chi Minh City"}]},{"@type":"WebSite","@id":"https:\/\/shojiki.vn\/#website","url":"https:\/\/shojiki.vn\/","name":"Shojiki.vn","description":"","potentialAction":[{"@type":"SearchAction","target":{"@type":"EntryPoint","urlTemplate":"https:\/\/shojiki.vn\/?s={search_term_string}"},"query-input":{"@type":"PropertyValueSpecification","valueRequired":true,"valueName":"search_term_string"}}],"inLanguage":"en-US"}]}},"_links":{"self":[{"href":"https:\/\/shojiki.vn\/en\/wp-json\/wp\/v2\/pages\/12690"}],"collection":[{"href":"https:\/\/shojiki.vn\/en\/wp-json\/wp\/v2\/pages"}],"about":[{"href":"https:\/\/shojiki.vn\/en\/wp-json\/wp\/v2\/types\/page"}],"author":[{"embeddable":true,"href":"https:\/\/shojiki.vn\/en\/wp-json\/wp\/v2\/users\/4"}],"replies":[{"embeddable":true,"href":"https:\/\/shojiki.vn\/en\/wp-json\/wp\/v2\/comments?post=12690"}],"version-history":[{"count":2,"href":"https:\/\/shojiki.vn\/en\/wp-json\/wp\/v2\/pages\/12690\/revisions"}],"predecessor-version":[{"id":12751,"href":"https:\/\/shojiki.vn\/en\/wp-json\/wp\/v2\/pages\/12690\/revisions\/12751"}],"wp:attachment":[{"href":"https:\/\/shojiki.vn\/en\/wp-json\/wp\/v2\/media?parent=12690"}],"curies":[{"name":"wp","href":"https:\/\/api.w.org\/{rel}","templated":true}]}}