{"id":12661,"date":"2022-07-13T14:16:16","date_gmt":"2022-07-13T07:16:16","guid":{"rendered":"https:\/\/shojiki.vn\/?page_id=12661"},"modified":"2022-07-13T14:51:57","modified_gmt":"2022-07-13T07:51:57","slug":"outdoor-advertising-billboard-243-hoang-van-thu-tan-binh-district-hcmc-viet-nam","status":"publish","type":"page","link":"https:\/\/shojiki.vn\/en\/outdoor-advertising-billboard-243-hoang-van-thu-tan-binh-district-hcmc-viet-nam","title":{"rendered":"Outdoor advertising billboard 243 Hoang Van Thu, Tan Binh District, HCMC, Viet Nam"},"content":{"rendered":"<figure class=\"wp-block-gallery columns-2 is-cropped\">\r\n\n\t\t\t<style type='text\/css'>\n\t\t\t\t#gallery-1 {\n\t\t\t\t\tmargin: auto;\n\t\t\t\t}\n\t\t\t\t#gallery-1 .gallery-item {\n\t\t\t\t\tfloat: left;\n\t\t\t\t\tmargin-top: 10px;\n\t\t\t\t\ttext-align: center;\n\t\t\t\t\twidth: 50%;\n\t\t\t\t}\n\t\t\t\t#gallery-1 img {\n\t\t\t\t\tborder: 2px solid #cfcfcf;\n\t\t\t\t}\n\t\t\t\t#gallery-1 .gallery-caption {\n\t\t\t\t\tmargin-left: 0;\n\t\t\t\t}\n\t\t\t\t\/* see gallery_shortcode() in wp-includes\/media.php *\/\n\t\t\t<\/style>\n\t\t<div id='gallery-1' class='dt-gallery-container gallery galleryid-12661 gallery-columns-2 gallery-size-large'><dl class='gallery-item'>\n\t\t\t\t<dt class='gallery-icon landscape'>\n\t\t\t\t\t<img loading=\"lazy\" decoding=\"async\" width=\"1030\" height=\"634\" src=\"https:\/\/shojiki.vn\/wp-content\/uploads\/2021\/04\/243-hoang-van-thu-4-1030x634.jpg\" class=\"attachment-large size-large\" alt=\"\" srcset=\"https:\/\/shojiki.vn\/wp-content\/uploads\/2021\/04\/243-hoang-van-thu-4-1030x634.jpg 1030w, https:\/\/shojiki.vn\/wp-content\/uploads\/2021\/04\/243-hoang-van-thu-4-300x185.jpg 300w, https:\/\/shojiki.vn\/wp-content\/uploads\/2021\/04\/243-hoang-van-thu-4-768x472.jpg 768w, https:\/\/shojiki.vn\/wp-content\/uploads\/2021\/04\/243-hoang-van-thu-4-600x369.jpg 600w, https:\/\/shojiki.vn\/wp-content\/uploads\/2021\/04\/243-hoang-van-thu-4.jpg 1419w\" sizes=\"(max-width: 1030px) 100vw, 1030px\" \/>\n\t\t\t\t<\/dt><\/dl><dl class='gallery-item'>\n\t\t\t\t<dt class='gallery-icon landscape'>\n\t\t\t\t\t<img loading=\"lazy\" decoding=\"async\" width=\"1030\" height=\"667\" src=\"https:\/\/shojiki.vn\/wp-content\/uploads\/2021\/04\/map-243-hoang-van-thu-2-1030x667.jpg\" class=\"attachment-large size-large\" alt=\"\" srcset=\"https:\/\/shojiki.vn\/wp-content\/uploads\/2021\/04\/map-243-hoang-van-thu-2-1030x667.jpg 1030w, https:\/\/shojiki.vn\/wp-content\/uploads\/2021\/04\/map-243-hoang-van-thu-2-300x194.jpg 300w, https:\/\/shojiki.vn\/wp-content\/uploads\/2021\/04\/map-243-hoang-van-thu-2-768x497.jpg 768w, https:\/\/shojiki.vn\/wp-content\/uploads\/2021\/04\/map-243-hoang-van-thu-2-600x389.jpg 600w, https:\/\/shojiki.vn\/wp-content\/uploads\/2021\/04\/map-243-hoang-van-thu-2.jpg 1050w\" sizes=\"(max-width: 1030px) 100vw, 1030px\" \/>\n\t\t\t\t<\/dt><\/dl><br style=\"clear: both\" \/>\n\t\t\t<\/div>\n\r\n<\/figure>\r\n<!-- \/wp:gallery -->\r\n\r\n<!-- wp:tadv\/classic-paragraph -->\r\n<h3 style=\"text-align: justify;\"><span style=\"font-size: 14pt;\"><b>Specifications of Outdoor advertising billboard 243 Hoang Van Thu, Tan Binh District:<\/b><\/span><\/h3>\r\n<!-- \/wp:tadv\/classic-paragraph -->\r\n\r\n<!-- wp:table {\"className\":\"is-style-stripes\"} -->\r\n<figure class=\"wp-block-table is-style-stripes\">\r\n<table style=\"width: 100%;\">\r\n<tbody>\r\n<tr>\r\n<td class=\"has-text-align-left\" style=\"width: 14.5%;\" data-align=\"left\"><span style=\"font-size: 12pt;\"><b>Address<\/b><\/span><\/td>\r\n<td class=\"has-text-align-left\" style=\"width: 84.75%;\" data-align=\"left\"><span style=\"font-size: 12pt;\">243 Hoang Van Thu Street, Tan Binh District, Ho Chi Minh City, Viet Nam<\/span><\/td>\r\n<\/tr>\r\n<tr>\r\n<td class=\"has-text-align-left\" style=\"width: 14.5%;\" data-align=\"left\"><span style=\"font-size: 12pt;\"><b>Area features<\/b><\/span><\/td>\r\n<td class=\"has-text-align-left\" style=\"width: 84.75%;\" data-align=\"left\">\r\n<div><span style=\"font-size: 12pt;\">&#8211; The location is crowded with vehicles participating in daily traffic. The board has a very nice view, from Tan Son Nhat Airport to the central districts and vice versa.<\/span><\/div>\r\n<div><span style=\"font-size: 12pt;\">&#8211; The board is very beautiful at night<\/span><\/div>\r\n<div><span style=\"font-size: 12pt;\">&#8211; About 350,000 people join the traffic every day. (According to <a href=\"https:\/\/compasstech.asia\/en\/\"><span style=\"color: #ff9900;\">Compass Tech<\/span><\/a>)<\/span><\/div>\r\n<\/td>\r\n<\/tr>\r\n<tr>\r\n<td class=\"has-text-align-left\" style=\"width: 14.5%;\" data-align=\"left\"><strong><span style=\"font-size: 12pt;\"><b>Dimension<\/b><\/span> <\/strong><\/td>\r\n<td class=\"has-text-align-left\" style=\"width: 84.75%;\" data-align=\"left\"><span style=\"font-size: 12pt;\">20mW x 10mH = <strong>200\u00a0m2<\/strong><\/span><\/td>\r\n<\/tr>\r\n<tr>\r\n<td class=\"has-text-align-left\" style=\"width: 14.5%;\" data-align=\"left\"><span style=\"font-size: 12pt;\"><b>Structure\u00a0<\/b><\/span><\/td>\r\n<td class=\"has-text-align-left\" style=\"width: 84.75%;\" data-align=\"left\">\r\n<p><span style=\"font-size: 12pt;\">Walling panel with iron frame, billboard surface with the structure from many type of iron, 2 sides, Hiflex canvas&#8230; <\/span><\/p>\r\n<p><span style=\"font-size: 12pt;\">Including 16 100W LED bulbs and lighting 5h\/night<\/span><\/p>\r\n<\/td>\r\n<\/tr>\r\n<tr>\r\n<td class=\"has-text-align-left\" style=\"width: 14.5%;\" data-align=\"left\"><span style=\"font-size: 12pt;\"><b>Price<\/b><\/span><\/td>\r\n<td class=\"has-text-align-left\" style=\"width: 84.75%;\" data-align=\"left\"><span style=\"font-size: 12pt;\">Contact: (+84) 933 15 99 88<\/span><\/td>\r\n<\/tr>\r\n<\/tbody>\r\n<\/table>\r\n<\/figure>\r\n<!-- \/wp:table -->\r\n\r\n<!-- wp:group -->\r\n<div class=\"wp-block-group\">\r\n<div class=\"wp-block-group__inner-container\"><!-- wp:tadv\/classic-paragraph -->\r\n<p style=\"text-align: justify;\"><span style=\"font-size: 12pt;\">According to statistics from <a href=\"https:\/\/compasstech.asia\/en\/\"><span style=\"color: #ff9900;\">Compass Tech<\/span><\/a> &#8211; Vietnam&#8217;s leading outdoor advertising performance measurement company, there are more than <strong>4.9 million traffics<\/strong> in 2 weeks here. <\/span><\/p>\r\n<p style=\"text-align: justify;\"><span style=\"font-size: 12pt;\">Hoang Van Thu Street is a very crowded route during rush hour. In addition, the board is also located in a beautiful position from Tan Son Nhat Airport to the central districts and vice versa, helping your ads reach many people.<\/span><\/p>\r\n<div id=\"attachment_3158\" class=\"wp-caption aligncenter photoswipe-wrapper\" style=\"text-align: justify;\">\r\n<div id=\"attachment_5770\" style=\"width: 1429px\" class=\"wp-caption aligncenter photoswipe-wrapper\"><img loading=\"lazy\" decoding=\"async\" aria-describedby=\"caption-attachment-5770\" class=\"wp-image-5770 size-full\" src=\"https:\/\/shojiki.vn\/template\/uploads\/2021\/04\/243-hoang-van-thu-4.jpg\" alt=\"B\u1ea3ng qu\u1ea3ng c\u00e1o Ho\u00e0ng V\u0103n Th\u1ee5\" width=\"1419\" height=\"873\" srcset=\"https:\/\/shojiki.vn\/wp-content\/uploads\/2021\/04\/243-hoang-van-thu-4.jpg 1419w, https:\/\/shojiki.vn\/wp-content\/uploads\/2021\/04\/243-hoang-van-thu-4-300x185.jpg 300w, https:\/\/shojiki.vn\/wp-content\/uploads\/2021\/04\/243-hoang-van-thu-4-1030x634.jpg 1030w, https:\/\/shojiki.vn\/wp-content\/uploads\/2021\/04\/243-hoang-van-thu-4-768x472.jpg 768w, https:\/\/shojiki.vn\/wp-content\/uploads\/2021\/04\/243-hoang-van-thu-4-600x369.jpg 600w\" sizes=\"(max-width: 1419px) 100vw, 1419px\" \/><p id=\"caption-attachment-5770\" class=\"wp-caption-text\">Hoang Van Thu billboard is located in a prime location, the red light stop will help pedestrians interact longer with the ads here.<\/p><\/div>\r\n<span style=\"font-size: 12pt;\">Billboard here is in large size and very beautiful for advertising brands. Therefore, your ad will be clearly visible during the day, more vibrant and prominent at night.<\/span>\r\n<div id=\"attachment_5776\" style=\"width: 1452px\" class=\"wp-caption aligncenter photoswipe-wrapper\"><img loading=\"lazy\" decoding=\"async\" aria-describedby=\"caption-attachment-5776\" class=\"wp-image-5776 size-full\" src=\"https:\/\/shojiki.vn\/template\/uploads\/2021\/04\/243-hoang-van-thu-6.jpg\" alt=\"B\u1ea3ng qu\u1ea3ng c\u00e1o Ho\u00e0ng V\u0103n Th\u1ee5\" width=\"1442\" height=\"897\" srcset=\"https:\/\/shojiki.vn\/wp-content\/uploads\/2021\/04\/243-hoang-van-thu-6.jpg 1442w, https:\/\/shojiki.vn\/wp-content\/uploads\/2021\/04\/243-hoang-van-thu-6-300x187.jpg 300w, https:\/\/shojiki.vn\/wp-content\/uploads\/2021\/04\/243-hoang-van-thu-6-1030x641.jpg 1030w, https:\/\/shojiki.vn\/wp-content\/uploads\/2021\/04\/243-hoang-van-thu-6-768x478.jpg 768w, https:\/\/shojiki.vn\/wp-content\/uploads\/2021\/04\/243-hoang-van-thu-6-600x373.jpg 600w\" sizes=\"(max-width: 1442px) 100vw, 1442px\" \/><p id=\"caption-attachment-5776\" class=\"wp-caption-text\">Billboard can be seen in many directions, from many different routes.<\/p><\/div>\r\n<h3><span style=\"font-size: 14pt;\"><strong>About outdoor advertising billboard:<\/strong><\/span><\/h3>\r\n<span style=\"font-size: 12pt;\"><strong>Outdoor advertising billboard at 243 Hoang Van Thu<\/strong> in particular and outdoor billboards in general are an indispensable form of advertising today. Although it is a traditional form of advertising, outdoor billboards are very important in the product promotion campaigns of brands. Outdoor billboards have many advantages over other types of advertising:<\/span>\r\n<ul>\r\n<li><span style=\"font-size: 12pt;\">Advertising content is always displayed on at a certain location, which makes a strong impression and go deep into the customer&#8217;s subconscious<\/span><\/li>\r\n<li><span style=\"font-size: 12pt;\">High reliability and reputation due to large deployment value and already applied for permission from the authorities about the content of the advertisement<\/span><\/li>\r\n<li><span style=\"font-size: 12pt;\">High transparency: all advertising content and advertising brands are assessed and managed by advertising laws, departments and agencies.<\/span><\/li>\r\n<li><span style=\"font-size: 12pt;\">The cheapest cost per view, high repetition frequency because 80% of people have to join traffic and often go on fixed routes.<\/span><\/li>\r\n<li><span style=\"font-size: 12pt;\">Affirming the brand&#8217;s position in the market, increasing the effectiveness of the campaign<\/span><\/li>\r\n<li><span style=\"font-size: 12pt;\">This type of advertising covers a wide area, very suitable for big brands<\/span><\/li>\r\n<li><span style=\"font-size: 12pt;\">Helping the urban landscape become more beautiful, more dynamic and more modern<\/span><\/li>\r\n<\/ul>\r\n<div id=\"attachment_5773\" style=\"width: 1278px\" class=\"wp-caption aligncenter photoswipe-wrapper\"><img loading=\"lazy\" decoding=\"async\" aria-describedby=\"caption-attachment-5773\" class=\"wp-image-5773 size-full\" src=\"https:\/\/shojiki.vn\/template\/uploads\/2021\/04\/243-hoang-van-thu-5.jpg\" alt=\"\" width=\"1268\" height=\"880\" srcset=\"https:\/\/shojiki.vn\/wp-content\/uploads\/2021\/04\/243-hoang-van-thu-5.jpg 1268w, https:\/\/shojiki.vn\/wp-content\/uploads\/2021\/04\/243-hoang-van-thu-5-300x208.jpg 300w, https:\/\/shojiki.vn\/wp-content\/uploads\/2021\/04\/243-hoang-van-thu-5-1030x715.jpg 1030w, https:\/\/shojiki.vn\/wp-content\/uploads\/2021\/04\/243-hoang-van-thu-5-768x533.jpg 768w, https:\/\/shojiki.vn\/wp-content\/uploads\/2021\/04\/243-hoang-van-thu-5-600x416.jpg 600w\" sizes=\"(max-width: 1268px) 100vw, 1268px\" \/><p id=\"caption-attachment-5773\" class=\"wp-caption-text\">Billboard Hoang Van Thu is located in a prime location, the red light stop will help pedestrians interact longer with the ads here.<\/p><\/div>\r\n<\/div>\r\n<h3 style=\"text-align: justify;\"><span style=\"font-size: 14pt;\"><b>How can your ads appear on outdoor advertising billboard 243 Hoang Van Thu<\/b><b>?<\/b><\/span><\/h3>\r\n<div class=\"wp-block-group__inner-container\" style=\"text-align: justify;\"><span style=\"font-size: 12pt;\"><a href=\"https:\/\/shojiki.vn\/en\"><span style=\"color: #ff9900;\"><b>SHOJIKI Advertising Joint Stock Company<\/b><\/span><\/a><span style=\"font-weight: 400;\"> &#8211; is proud to be one of the leading advertising agencies in Viet Nam. We are committed to bringing you the most prestigious and effective advertising service along with:<\/span><\/span>\r\n<ul>\r\n<li style=\"font-weight: 400;\" aria-level=\"1\"><span style=\"font-size: 12pt;\"><span style=\"font-weight: 400;\">Support service <\/span><b>GENERAL CONSULTATION<\/b><span style=\"font-weight: 400;\"> of advertising strategies<\/span><\/span><\/li>\r\n<li style=\"font-weight: 400;\" aria-level=\"1\"><span style=\"font-size: 12pt;\"><b>SUPPORT SERVICE FOR DESIGNING<\/b><span style=\"font-weight: 400;\"> content, advertising images<\/span><\/span><\/li>\r\n<li style=\"font-weight: 400;\" aria-level=\"1\"><span style=\"font-size: 12pt;\"><span style=\"font-weight: 400;\">The construction team deploys the advertisement <\/span><b>FAST<\/b><span style=\"font-weight: 400;\"> and <\/span><b>ONLY<\/b><\/span><\/li>\r\n<li style=\"font-weight: 400;\" aria-level=\"1\"><span style=\"font-size: 12pt;\"><b>WARRANTY<\/b><span style=\"font-weight: 400;\"> mode for the duration of the campaign<\/span><\/span><\/li>\r\n<li style=\"font-weight: 400;\" aria-level=\"1\"><span style=\"font-size: 12pt;\"><span style=\"font-weight: 400;\">Attractive <\/span><b>DISCOUNTS<\/b><span style=\"font-weight: 400;\"> and <\/span><b>SALES<\/b><span style=\"font-weight: 400;\"> for customers<\/span><\/span><\/li>\r\n<\/ul>\r\n<span style=\"font-weight: 400; font-size: 12pt;\">In addition, you can learn more about our other forms of outdoor advertising:<\/span>\r\n<ul>\r\n<li style=\"font-weight: 400;\" aria-level=\"1\"><span style=\"font-size: 12pt;\"><a href=\"https:\/\/shojiki.vn\/en\/led-screen-advertising\"><span style=\"font-weight: 400; color: #ff9900;\">Outdoor LED Display<\/span><\/a><\/span><\/li>\r\n<li style=\"font-weight: 400;\" aria-level=\"1\"><span style=\"font-size: 12pt;\"><a href=\"https:\/\/shojiki.vn\/en\/billboard\"><span style=\"font-weight: 400; color: #ff9900;\">Signboards, billboards, panels<\/span><\/a><\/span><\/li>\r\n<li style=\"font-weight: 400;\" aria-level=\"1\"><span style=\"font-size: 12pt;\"><a href=\"https:\/\/shojiki.vn\/en\/offline-advertising\/airplane-advertising\"><span style=\"font-weight: 400; color: #ff9900;\">Airplane advertising<\/span><\/a><\/span><\/li>\r\n<li style=\"font-weight: 400;\" aria-level=\"1\"><span style=\"font-size: 12pt;\"><a href=\"https:\/\/shojiki.vn\/en\/offline-advertising\/taxi-advertising\"><span style=\"font-weight: 400; color: #ff9900;\">Service of gluing ads on taxis<\/span><\/a><\/span><\/li>\r\n<li style=\"font-weight: 400;\" aria-level=\"1\"><span style=\"font-size: 12pt;\"><a href=\"https:\/\/shojiki.vn\/en\/offline-advertising\/bus-advertising\"><span style=\"font-weight: 400; color: #ff9900;\">Bus advertising<\/span><\/a><\/span><\/li>\r\n<li style=\"font-weight: 400;\" aria-level=\"1\"><span style=\"font-weight: 400; font-size: 12pt; color: #ff9900;\">Advertisement on apps Grab<\/span><\/li>\r\n<li style=\"font-weight: 400;\" aria-level=\"1\"><span style=\"font-size: 12pt;\"><a href=\"https:\/\/shojiki.vn\/en\/offline-advertising\/advertising-at-gas-station\"><span style=\"font-weight: 400; color: #ff9900;\">Advertisement at gas station<\/span><\/a><\/span><\/li>\r\n<li style=\"font-weight: 400;\" aria-level=\"1\"><span style=\"font-size: 12pt;\"><a href=\"https:\/\/shojiki.vn\/en\/advertising-at-convenience-stores\"><span style=\"font-weight: 400; color: #ff9900;\">Advertisement at convenience stores<\/span><\/a><\/span><\/li>\r\n<\/ul>\r\n<span style=\"font-size: 12pt;\"><b>You can survey prices and buy online at: <\/b><a href=\"https:\/\/ooh.com.vn\/\"><span style=\"color: #ff9900;\"><b>WikiOOH<\/b><\/span><\/a><\/span><\/div>\r\n<div class=\"wp-block-group__inner-container\" style=\"text-align: justify;\">\r\n<p style=\"text-align: justify;\"><span style=\"font-size: 12pt;\"><b>We will measure the effectiveness of your outdoor advertising at: <\/b><a href=\"https:\/\/compasstech.asia\/en\/\"><span style=\"color: #ff9900;\"><b>Compass Tech<\/b><\/span><\/a> \u00a0<\/span><\/p>\r\n<\/div>\r\n<\/div>\r\n<\/div>","protected":false},"excerpt":{"rendered":"<p>Specifications of Outdoor advertising billboard 243 Hoang Van Thu, Tan Binh District: Address 243 Hoang Van Thu Street, Tan Binh District, Ho Chi Minh City, Viet Nam Area features &#8211; The location is crowded with vehicles participating in daily traffic. The board has a very nice view, from Tan Son Nhat Airport to the central&hellip;<\/p>\n","protected":false},"author":4,"featured_media":5771,"parent":0,"menu_order":0,"comment_status":"closed","ping_status":"closed","template":"","meta":{"_acf_changed":false,"footnotes":""},"class_list":["post-12661","page","type-page","status-publish","has-post-thumbnail","hentry","description-off"],"acf":[],"yoast_head":"<!-- This site is optimized with the Yoast SEO plugin v25.6 - https:\/\/yoast.com\/wordpress\/plugins\/seo\/ -->\n<title>Advertising billboard 243 Hoang Van Thu, Tan Binh District, HCMC<\/title>\n<meta name=\"description\" content=\"Billboard 243 Hoang Van Thu is located in a beautiful location from Tan Son Nhat Airport to the central districts and vice versa. 0933159988\" \/>\n<meta name=\"robots\" content=\"index, follow, max-snippet:-1, max-image-preview:large, max-video-preview:-1\" \/>\n<link rel=\"canonical\" href=\"https:\/\/shojiki.vn\/en\/outdoor-advertising-billboard-243-hoang-van-thu-tan-binh-district-hcmc-viet-nam\" \/>\n<meta property=\"og:locale\" content=\"en_US\" \/>\n<meta property=\"og:type\" content=\"article\" \/>\n<meta property=\"og:title\" content=\"Advertising billboard 243 Hoang Van Thu, Tan Binh District, HCMC\" \/>\n<meta property=\"og:description\" content=\"Billboard 243 Hoang Van Thu is located in a beautiful location from Tan Son Nhat Airport to the central districts and vice versa. 0933159988\" \/>\n<meta property=\"og:url\" content=\"https:\/\/shojiki.vn\/en\/outdoor-advertising-billboard-243-hoang-van-thu-tan-binh-district-hcmc-viet-nam\" \/>\n<meta property=\"og:site_name\" content=\"Shojiki.vn\" \/>\n<meta property=\"article:modified_time\" content=\"2022-07-13T07:51:57+00:00\" \/>\n<meta property=\"og:image\" content=\"https:\/\/shojiki.vn\/template\/uploads\/2021\/04\/243-hoang-van-thu-4.jpg\" \/>\n\t<meta property=\"og:image:width\" content=\"1419\" \/>\n\t<meta property=\"og:image:height\" content=\"873\" \/>\n\t<meta property=\"og:image:type\" content=\"image\/jpeg\" \/>\n<meta name=\"twitter:label1\" content=\"Est. reading time\" \/>\n\t<meta name=\"twitter:data1\" content=\"4 minutes\" \/>\n<script type=\"application\/ld+json\" class=\"yoast-schema-graph\">{\"@context\":\"https:\/\/schema.org\",\"@graph\":[{\"@type\":\"WebPage\",\"@id\":\"https:\/\/shojiki.vn\/en\/outdoor-advertising-billboard-243-hoang-van-thu-tan-binh-district-hcmc-viet-nam\",\"url\":\"https:\/\/shojiki.vn\/en\/outdoor-advertising-billboard-243-hoang-van-thu-tan-binh-district-hcmc-viet-nam\",\"name\":\"Advertising billboard 243 Hoang Van Thu, Tan Binh District, HCMC\",\"isPartOf\":{\"@id\":\"https:\/\/shojiki.vn\/#website\"},\"primaryImageOfPage\":{\"@id\":\"https:\/\/shojiki.vn\/en\/outdoor-advertising-billboard-243-hoang-van-thu-tan-binh-district-hcmc-viet-nam#primaryimage\"},\"image\":{\"@id\":\"https:\/\/shojiki.vn\/en\/outdoor-advertising-billboard-243-hoang-van-thu-tan-binh-district-hcmc-viet-nam#primaryimage\"},\"thumbnailUrl\":\"https:\/\/shojiki.vn\/wp-content\/uploads\/2021\/04\/243-hoang-van-thu-4.jpg\",\"datePublished\":\"2022-07-13T07:16:16+00:00\",\"dateModified\":\"2022-07-13T07:51:57+00:00\",\"description\":\"Billboard 243 Hoang Van Thu is located in a beautiful location from Tan Son Nhat Airport to the central districts and vice versa. 0933159988\",\"breadcrumb\":{\"@id\":\"https:\/\/shojiki.vn\/en\/outdoor-advertising-billboard-243-hoang-van-thu-tan-binh-district-hcmc-viet-nam#breadcrumb\"},\"inLanguage\":\"en-US\",\"potentialAction\":[{\"@type\":\"ReadAction\",\"target\":[\"https:\/\/shojiki.vn\/en\/outdoor-advertising-billboard-243-hoang-van-thu-tan-binh-district-hcmc-viet-nam\"]}]},{\"@type\":\"ImageObject\",\"inLanguage\":\"en-US\",\"@id\":\"https:\/\/shojiki.vn\/en\/outdoor-advertising-billboard-243-hoang-van-thu-tan-binh-district-hcmc-viet-nam#primaryimage\",\"url\":\"https:\/\/shojiki.vn\/wp-content\/uploads\/2021\/04\/243-hoang-van-thu-4.jpg\",\"contentUrl\":\"https:\/\/shojiki.vn\/wp-content\/uploads\/2021\/04\/243-hoang-van-thu-4.jpg\",\"width\":1419,\"height\":873},{\"@type\":\"BreadcrumbList\",\"@id\":\"https:\/\/shojiki.vn\/en\/outdoor-advertising-billboard-243-hoang-van-thu-tan-binh-district-hcmc-viet-nam#breadcrumb\",\"itemListElement\":[{\"@type\":\"ListItem\",\"position\":1,\"name\":\"Home\",\"item\":\"https:\/\/shojiki.vn\/en\"},{\"@type\":\"ListItem\",\"position\":2,\"name\":\"Outdoor advertising billboard 243 Hoang Van Thu, Tan Binh District, HCMC, Viet Nam\"}]},{\"@type\":\"WebSite\",\"@id\":\"https:\/\/shojiki.vn\/#website\",\"url\":\"https:\/\/shojiki.vn\/\",\"name\":\"Shojiki.vn\",\"description\":\"\",\"potentialAction\":[{\"@type\":\"SearchAction\",\"target\":{\"@type\":\"EntryPoint\",\"urlTemplate\":\"https:\/\/shojiki.vn\/?s={search_term_string}\"},\"query-input\":{\"@type\":\"PropertyValueSpecification\",\"valueRequired\":true,\"valueName\":\"search_term_string\"}}],\"inLanguage\":\"en-US\"}]}<\/script>\n<!-- \/ Yoast SEO plugin. -->","yoast_head_json":{"title":"Advertising billboard 243 Hoang Van Thu, Tan Binh District, HCMC","description":"Billboard 243 Hoang Van Thu is located in a beautiful location from Tan Son Nhat Airport to the central districts and vice versa. 0933159988","robots":{"index":"index","follow":"follow","max-snippet":"max-snippet:-1","max-image-preview":"max-image-preview:large","max-video-preview":"max-video-preview:-1"},"canonical":"https:\/\/shojiki.vn\/en\/outdoor-advertising-billboard-243-hoang-van-thu-tan-binh-district-hcmc-viet-nam","og_locale":"en_US","og_type":"article","og_title":"Advertising billboard 243 Hoang Van Thu, Tan Binh District, HCMC","og_description":"Billboard 243 Hoang Van Thu is located in a beautiful location from Tan Son Nhat Airport to the central districts and vice versa. 0933159988","og_url":"https:\/\/shojiki.vn\/en\/outdoor-advertising-billboard-243-hoang-van-thu-tan-binh-district-hcmc-viet-nam","og_site_name":"Shojiki.vn","article_modified_time":"2022-07-13T07:51:57+00:00","og_image":[{"width":1419,"height":873,"url":"https:\/\/shojiki.vn\/template\/uploads\/2021\/04\/243-hoang-van-thu-4.jpg","type":"image\/jpeg"}],"twitter_misc":{"Est. reading time":"4 minutes"},"schema":{"@context":"https:\/\/schema.org","@graph":[{"@type":"WebPage","@id":"https:\/\/shojiki.vn\/en\/outdoor-advertising-billboard-243-hoang-van-thu-tan-binh-district-hcmc-viet-nam","url":"https:\/\/shojiki.vn\/en\/outdoor-advertising-billboard-243-hoang-van-thu-tan-binh-district-hcmc-viet-nam","name":"Advertising billboard 243 Hoang Van Thu, Tan Binh District, HCMC","isPartOf":{"@id":"https:\/\/shojiki.vn\/#website"},"primaryImageOfPage":{"@id":"https:\/\/shojiki.vn\/en\/outdoor-advertising-billboard-243-hoang-van-thu-tan-binh-district-hcmc-viet-nam#primaryimage"},"image":{"@id":"https:\/\/shojiki.vn\/en\/outdoor-advertising-billboard-243-hoang-van-thu-tan-binh-district-hcmc-viet-nam#primaryimage"},"thumbnailUrl":"https:\/\/shojiki.vn\/wp-content\/uploads\/2021\/04\/243-hoang-van-thu-4.jpg","datePublished":"2022-07-13T07:16:16+00:00","dateModified":"2022-07-13T07:51:57+00:00","description":"Billboard 243 Hoang Van Thu is located in a beautiful location from Tan Son Nhat Airport to the central districts and vice versa. 0933159988","breadcrumb":{"@id":"https:\/\/shojiki.vn\/en\/outdoor-advertising-billboard-243-hoang-van-thu-tan-binh-district-hcmc-viet-nam#breadcrumb"},"inLanguage":"en-US","potentialAction":[{"@type":"ReadAction","target":["https:\/\/shojiki.vn\/en\/outdoor-advertising-billboard-243-hoang-van-thu-tan-binh-district-hcmc-viet-nam"]}]},{"@type":"ImageObject","inLanguage":"en-US","@id":"https:\/\/shojiki.vn\/en\/outdoor-advertising-billboard-243-hoang-van-thu-tan-binh-district-hcmc-viet-nam#primaryimage","url":"https:\/\/shojiki.vn\/wp-content\/uploads\/2021\/04\/243-hoang-van-thu-4.jpg","contentUrl":"https:\/\/shojiki.vn\/wp-content\/uploads\/2021\/04\/243-hoang-van-thu-4.jpg","width":1419,"height":873},{"@type":"BreadcrumbList","@id":"https:\/\/shojiki.vn\/en\/outdoor-advertising-billboard-243-hoang-van-thu-tan-binh-district-hcmc-viet-nam#breadcrumb","itemListElement":[{"@type":"ListItem","position":1,"name":"Home","item":"https:\/\/shojiki.vn\/en"},{"@type":"ListItem","position":2,"name":"Outdoor advertising billboard 243 Hoang Van Thu, Tan Binh District, HCMC, Viet Nam"}]},{"@type":"WebSite","@id":"https:\/\/shojiki.vn\/#website","url":"https:\/\/shojiki.vn\/","name":"Shojiki.vn","description":"","potentialAction":[{"@type":"SearchAction","target":{"@type":"EntryPoint","urlTemplate":"https:\/\/shojiki.vn\/?s={search_term_string}"},"query-input":{"@type":"PropertyValueSpecification","valueRequired":true,"valueName":"search_term_string"}}],"inLanguage":"en-US"}]}},"_links":{"self":[{"href":"https:\/\/shojiki.vn\/en\/wp-json\/wp\/v2\/pages\/12661"}],"collection":[{"href":"https:\/\/shojiki.vn\/en\/wp-json\/wp\/v2\/pages"}],"about":[{"href":"https:\/\/shojiki.vn\/en\/wp-json\/wp\/v2\/types\/page"}],"author":[{"embeddable":true,"href":"https:\/\/shojiki.vn\/en\/wp-json\/wp\/v2\/users\/4"}],"replies":[{"embeddable":true,"href":"https:\/\/shojiki.vn\/en\/wp-json\/wp\/v2\/comments?post=12661"}],"version-history":[{"count":2,"href":"https:\/\/shojiki.vn\/en\/wp-json\/wp\/v2\/pages\/12661\/revisions"}],"predecessor-version":[{"id":12683,"href":"https:\/\/shojiki.vn\/en\/wp-json\/wp\/v2\/pages\/12661\/revisions\/12683"}],"wp:featuredmedia":[{"embeddable":true,"href":"https:\/\/shojiki.vn\/en\/wp-json\/wp\/v2\/media\/5771"}],"wp:attachment":[{"href":"https:\/\/shojiki.vn\/en\/wp-json\/wp\/v2\/media?parent=12661"}],"curies":[{"name":"wp","href":"https:\/\/api.w.org\/{rel}","templated":true}]}}