{"id":12379,"date":"2022-07-06T12:46:21","date_gmt":"2022-07-06T05:46:21","guid":{"rendered":"https:\/\/shojiki.vn\/?page_id=12379"},"modified":"2022-08-29T15:56:47","modified_gmt":"2022-08-29T08:56:47","slug":"outdoor-led-screen-lam-vien-square-da-lat","status":"publish","type":"page","link":"https:\/\/shojiki.vn\/en\/outdoor-led-screen-lam-vien-square-da-lat","title":{"rendered":"Outdoor advertising LED screen at Lam Vien Square, Da Lat, Viet Nam"},"content":{"rendered":"<h2 style=\"text-align: justify;\"><img loading=\"lazy\" decoding=\"async\" class=\"wp-image-12384 size-full\" src=\"https:\/\/shojiki.vn\/template\/uploads\/2022\/07\/Picture1-1.png\" alt=\"Qu\u1ea3ng c\u00e1o m\u00e0n h\u00ecnh LED ngo\u00e0i tr\u1eddi t\u1ea1i Qu\u1ea3ng tr\u01b0\u1eddng L\u00e2m Vi\u00ean, \u0110\u00e0 L\u1ea1t\" width=\"1920\" height=\"577\" \/><\/h2>\n<h2><b>Specifications of LED screen at Lam Vien Square, Da Lat:<\/b><\/h2>\n<table style=\"width: 98.1574%; height: 232px;\" width=\"91%\">\n<tbody>\n<tr style=\"height: 21px;\">\n<td class=\"has-text-align-left\" style=\"width: 17.9398%; height: 21px;\" data-align=\"left\"><b>Address<\/b><\/td>\n<td style=\"width: 79.3513%; height: 21px;\" width=\"76%\">Lam Vien Square, Da Lat City, Lam Dong Province, Viet Nam<\/td>\n<\/tr>\n<tr style=\"height: 109px;\">\n<td style=\"width: 17.9398%; height: 109px;\"><b>Area features<\/b><\/td>\n<td class=\"has-text-align-left\" style=\"width: 79.3513%; height: 109px;\" data-align=\"left\">\u2013 The LED screen is located at Lam Vien Square, which is famous for unique architectural works such as: giant wild sunflowers, artichoke buds.<br \/>\n\u2013 Located in the center of Da Lat city where many tourists come here every day, especially young people.<br \/>\n\u2013 Near Big C, Ho Xuan Huong, popular restaurants\u2026<br \/>\n\u2013 This is the only outdoor LED screen in Vietnam with speakers, which can play sound<\/td>\n<\/tr>\n<tr style=\"height: 30px;\">\n<td class=\"has-text-align-left\" style=\"width: 17.9398%; height: 30px;\" data-align=\"left\"><b>Dimension<\/b><\/td>\n<td style=\"width: 79.3513%; height: 30px;\" width=\"76%\"><strong>15.36mW x 8.64mH = 132,71m2\u00a0<\/strong><\/td>\n<\/tr>\n<tr style=\"height: 31px;\">\n<td style=\"width: 17.9398%; height: 31px;\" width=\"13%\"><b>Operating time<\/b><\/td>\n<td style=\"width: 79.3513%; height: 31px;\" width=\"76%\">6am &#8211; 10am &amp; 4pm &#8211; 10pm<\/td>\n<\/tr>\n<tr style=\"height: 21px;\">\n<td class=\"has-text-align-left\" style=\"width: 17.9398%; height: 21px;\" data-align=\"left\"><b>Frequency<\/b><\/td>\n<td style=\"width: 79.3513%; height: 21px;\">8 minutes\/time\/spot (about 240 spots\/day) (each spot is 15s long)<\/td>\n<\/tr>\n<tr style=\"height: 20px;\">\n<td class=\"has-text-align-left\" style=\"width: 17.9398%; height: 20px;\" data-align=\"left\"><b>Price<\/b><\/td>\n<td style=\"width: 79.3513%; height: 20px;\">Contact: (+84) 933 15 99 88<\/td>\n<\/tr>\n<\/tbody>\n<\/table>\n<h2><b>Outdoor LED screen at Lam Vien Square, Da Lat\u00a0<\/b><\/h2>\n<p>To maximize the ability to reach customers, you should choose the location of outdoor advertising LED screens in places with high traffic density. Therefore, you can not skip the screen here. Why?<\/p>\n<p style=\"text-align: justify;\">DOOH Da Lat is located at Lam Vien Square, which is famous for unique architectural works such as: giant wild sunflowers, artichoke buds. Moreover, the location is in the center of Da Lat city where many tourists come here every day, especially young people. It is also near busy areas such as Big C, Ho Xuan Huong, popular restaurants\u2026<\/p>\n<p style=\"text-align: justify;\">Therefore, the traffic of people especially visitors to this area is very large day and night. Especially when the square holds festival and cultural activities, the number of visitors is always crowded. With this feature, your ad will reach a large number of passersby.<\/p>\n<p><img loading=\"lazy\" decoding=\"async\" class=\"aligncenter size-full wp-image-12467\" src=\"https:\/\/shojiki.vn\/template\/uploads\/2022\/07\/man-hinh-led-quang-truong-da-lat-1.jpg\" alt=\"\" width=\"960\" height=\"540\" srcset=\"https:\/\/shojiki.vn\/wp-content\/uploads\/2022\/07\/man-hinh-led-quang-truong-da-lat-1.jpg 960w, https:\/\/shojiki.vn\/wp-content\/uploads\/2022\/07\/man-hinh-led-quang-truong-da-lat-1-300x169.jpg 300w, https:\/\/shojiki.vn\/wp-content\/uploads\/2022\/07\/man-hinh-led-quang-truong-da-lat-1-768x432.jpg 768w\" sizes=\"(max-width: 960px) 100vw, 960px\" \/><\/p>\n<div id=\"attachment_12394\" style=\"width: 1290px\" class=\"wp-caption aligncenter\"><img loading=\"lazy\" decoding=\"async\" aria-describedby=\"caption-attachment-12394\" class=\"wp-image-12394 size-full\" src=\"https:\/\/shojiki.vn\/template\/uploads\/2022\/07\/Picture4-1.png\" alt=\"m\u00e0n h\u00ecnh led qu\u1ea3ng tr\u01b0\u1eddng \u0110\u00e0 L\u1ea1t \" width=\"1280\" height=\"726\" \/><p id=\"caption-attachment-12394\" class=\"wp-caption-text\">Beautiful advertising location, attracting passersby through day and night<\/p><\/div>\n<h2><b>Report on outdoor advertising effectiveness (according to Compass):<\/b><\/h2>\n<div id=\"attachment_7009\" class=\"wp-caption aligncenter\" style=\"text-align: justify;\">\n<div id=\"attachment_7009\" style=\"width: 1010px\" class=\"wp-caption aligncenter\"><img loading=\"lazy\" decoding=\"async\" aria-describedby=\"caption-attachment-7009\" class=\"wp-image-7009 size-full\" src=\"https:\/\/shojiki.vn\/template\/uploads\/2021\/08\/quang-cao-ngoai-troi-led-ab-tower-lisence.jpg\" sizes=\"(max-width: 1000px) 100vw, 1000px\" srcset=\"https:\/\/shojiki.vn\/template\/uploads\/2021\/08\/quang-cao-ngoai-troi-led-ab-tower-lisence.jpg 1000w, https:\/\/shojiki.vn\/template\/uploads\/2021\/08\/quang-cao-ngoai-troi-led-ab-tower-lisence-300x150.jpg 300w, https:\/\/shojiki.vn\/template\/uploads\/2021\/08\/quang-cao-ngoai-troi-led-ab-tower-lisence-768x384.jpg 768w\" alt=\"license c\u1ee7a compass tech\" width=\"1000\" height=\"500\" aria-describedby=\"caption-attachment-7009\" \/><p id=\"caption-attachment-7009\" class=\"wp-caption-text\">Sample license at LED Ly Chinh Thang made by Compass<\/p><\/div>\n<p>This is a sample license at LED Ly Chinh Thang made by Compass, for a detailed license of outdoor LED advertising location here, please contact <a href=\"https:\/\/compasstech.asia\/en\/\"><span style=\"color: #ff9900;\">Compass Tech<\/span><\/a>.<\/p>\n<\/div>\n<p style=\"text-align: justify;\">The screen area is very large about <strong>132.71m2 <\/strong>with more than 16 million colors and the brightness is about 5500~8500cd\/sqm, your advertisement can be illuminated even in the daytime, and more brilliant and outstanding at night.<\/p>\n<p><img loading=\"lazy\" decoding=\"async\" class=\"aligncenter size-full wp-image-12471\" src=\"https:\/\/shojiki.vn\/template\/uploads\/2022\/07\/man-hinh-led-quang-truong-da-lat-5.jpg\" alt=\"\" width=\"961\" height=\"540\" srcset=\"https:\/\/shojiki.vn\/wp-content\/uploads\/2022\/07\/man-hinh-led-quang-truong-da-lat-5.jpg 961w, https:\/\/shojiki.vn\/wp-content\/uploads\/2022\/07\/man-hinh-led-quang-truong-da-lat-5-300x169.jpg 300w, https:\/\/shojiki.vn\/wp-content\/uploads\/2022\/07\/man-hinh-led-quang-truong-da-lat-5-768x432.jpg 768w\" sizes=\"(max-width: 961px) 100vw, 961px\" \/><\/p>\n<div id=\"attachment_7045\" class=\"wp-caption aligncenter\" style=\"text-align: justify;\">\n<div id=\"attachment_12437\" style=\"width: 1040px\" class=\"wp-caption aligncenter\"><img loading=\"lazy\" decoding=\"async\" aria-describedby=\"caption-attachment-12437\" class=\"wp-image-12437 size-large\" src=\"https:\/\/shojiki.vn\/template\/uploads\/2022\/07\/quang-cao-man-hinh-led-da-lat-2-1030x682.jpg\" alt=\"M\u00e0n h\u00ecnh LED \u0110\u00e0 L\u1ea1t\" width=\"1030\" height=\"682\" srcset=\"https:\/\/shojiki.vn\/wp-content\/uploads\/2022\/07\/quang-cao-man-hinh-led-da-lat-2-1030x682.jpg 1030w, https:\/\/shojiki.vn\/wp-content\/uploads\/2022\/07\/quang-cao-man-hinh-led-da-lat-2-300x199.jpg 300w, https:\/\/shojiki.vn\/wp-content\/uploads\/2022\/07\/quang-cao-man-hinh-led-da-lat-2-768x508.jpg 768w, https:\/\/shojiki.vn\/wp-content\/uploads\/2022\/07\/quang-cao-man-hinh-led-da-lat-2.jpg 1293w\" sizes=\"(max-width: 1030px) 100vw, 1030px\" \/><p id=\"caption-attachment-12437\" class=\"wp-caption-text\">The LED screen is much more brighter at night<\/p><\/div>\n<\/div>\n<p style=\"text-align: justify;\">There have been many large customers contact advertising at this location and achieved great communication effect. And you?<\/p>\n<h2><b>About Digital Out Of Home advertising:<\/b><\/h2>\n<p><span style=\"font-weight: 400;\"><a href=\"https:\/\/shojiki.vn\/en\/led-screen-advertising\"><span style=\"color: #ff6600;\"><strong>Digital Out Of Home<\/strong><\/span><\/a> becoming a new trend of modern advertising. It has many advantages over than other types of traditional advertising:<\/span><\/p>\n<ul>\n<li style=\"font-weight: 400;\" aria-level=\"1\"><span style=\"font-weight: 400;\">Vivid advertising content with many presentation forms: slides, videos&#8230;<\/span><\/li>\n<li style=\"font-weight: 400;\" aria-level=\"1\"><span style=\"font-weight: 400;\">Sharp, realistic images easily convey the message<\/span><\/li>\n<li style=\"font-weight: 400;\" aria-level=\"1\"><span style=\"font-weight: 400;\">Feel free to change, adjust the ad as you like<\/span><\/li>\n<li style=\"font-weight: 400;\" aria-level=\"1\"><span style=\"font-weight: 400;\">Integrated moisture-proof and heat-resistant technology to reduce maintenance costs significantly<\/span><\/li>\n<li style=\"font-weight: 400;\" aria-level=\"1\"><span style=\"font-weight: 400;\">Save more costs when you don&#8217;t have to spend extra money on the production of outdoor hiflex canvas like traditional advertising<\/span><\/li>\n<\/ul>\n<h2 style=\"text-align: justify;\"><strong><img loading=\"lazy\" decoding=\"async\" class=\"aligncenter size-full wp-image-12474\" src=\"https:\/\/shojiki.vn\/template\/uploads\/2022\/07\/man-hinh-led-quang-truong-da-lat-4.jpg\" alt=\"\" width=\"956\" height=\"540\" srcset=\"https:\/\/shojiki.vn\/wp-content\/uploads\/2022\/07\/man-hinh-led-quang-truong-da-lat-4.jpg 956w, https:\/\/shojiki.vn\/wp-content\/uploads\/2022\/07\/man-hinh-led-quang-truong-da-lat-4-300x169.jpg 300w, https:\/\/shojiki.vn\/wp-content\/uploads\/2022\/07\/man-hinh-led-quang-truong-da-lat-4-768x434.jpg 768w\" sizes=\"(max-width: 956px) 100vw, 956px\" \/><\/strong><\/h2>\n<h2><b>How can your ads appear on the LED at Lam Vien Square, Da Lat?<\/b><\/h2>\n<p><span style=\"font-weight: 400;\"><a href=\"https:\/\/shojiki.vn\/en\"><span style=\"color: #ff6600;\"><strong>SHOJIKI Advertising Joint Stock Company<\/strong><\/span><\/a> &#8211; is proud to be one of the leading advertising agencies in Vietnam. With the authorization from the city LED screen dealer, we are committed to bringing you the most prestigious and effective advertising service along with:<\/span><\/p>\n<ul>\n<li style=\"font-weight: 400;\" aria-level=\"1\"><span style=\"font-weight: 400;\">Support service <strong>GENERAL CONSULTATION<\/strong> of advertising strategies<\/span><\/li>\n<li style=\"font-weight: 400;\" aria-level=\"1\"><span style=\"font-weight: 400;\"><strong>SUPPORT SERVICE FOR DESIGNING<\/strong> content, advertising images<\/span><\/li>\n<li style=\"font-weight: 400;\" aria-level=\"1\"><span style=\"font-weight: 400;\">The construction team deploys the advertisement <strong>FAST<\/strong> and <strong>ONLY<\/strong><\/span><\/li>\n<li style=\"font-weight: 400;\" aria-level=\"1\"><span style=\"font-weight: 400;\"><strong>WARRANTY<\/strong> mode for the duration of the campaign<\/span><\/li>\n<li style=\"font-weight: 400;\" aria-level=\"1\"><span style=\"font-weight: 400;\">Attractive <strong>DISCOUNTS<\/strong> and <strong>SALES<\/strong> for customers<\/span><\/li>\n<\/ul>\n<p><span style=\"font-weight: 400;\">In short, <strong>LED Lam Vien Square in Da Lat<\/strong><\/span>\u00a0<span style=\"font-weight: 400;\">is a great advertising place for your business. That&#8217;s why you should place your ads here. By contacting <a href=\"https:\/\/shojiki.vn\/en\"><span style=\"color: #ff6600;\"><strong>Shojiki<\/strong><\/span><\/a>, we will provide you with more detailed information about this LED.<\/span><\/p>\n<p style=\"text-align: justify;\"><img loading=\"lazy\" decoding=\"async\" class=\"aligncenter size-full wp-image-12477\" src=\"https:\/\/shojiki.vn\/template\/uploads\/2022\/07\/man-hinh-led-quang-truong-da-lat-2.jpg\" alt=\"\" width=\"963\" height=\"550\" srcset=\"https:\/\/shojiki.vn\/wp-content\/uploads\/2022\/07\/man-hinh-led-quang-truong-da-lat-2.jpg 963w, https:\/\/shojiki.vn\/wp-content\/uploads\/2022\/07\/man-hinh-led-quang-truong-da-lat-2-300x171.jpg 300w, https:\/\/shojiki.vn\/wp-content\/uploads\/2022\/07\/man-hinh-led-quang-truong-da-lat-2-768x439.jpg 768w\" sizes=\"(max-width: 963px) 100vw, 963px\" \/><\/p>\n<p><span style=\"font-weight: 400;\">In addition, you can learn more about our other forms of outdoor advertising:<\/span><\/p>\n<ul>\n<li style=\"font-weight: 400;\" aria-level=\"1\"><a href=\"https:\/\/shojiki.vn\/en\/led-screen-advertising\"><span style=\"font-weight: 400; color: #ff6600;\">Outdoor LED Display<\/span><\/a><\/li>\n<li style=\"font-weight: 400;\" aria-level=\"1\"><a href=\"https:\/\/shojiki.vn\/en\/billboard\"><span style=\"font-weight: 400; color: #ff6600;\">Signboards, billboards, panels<\/span><\/a><\/li>\n<li style=\"font-weight: 400;\" aria-level=\"1\"><a href=\"https:\/\/shojiki.vn\/en\/offline-advertising\/airplane-advertising\"><span style=\"font-weight: 400; color: #ff6600;\">Airplane advertising<\/span><\/a><\/li>\n<li style=\"font-weight: 400;\" aria-level=\"1\"><a href=\"https:\/\/shojiki.vn\/en\/offline-advertising\/taxi-advertising\"><span style=\"font-weight: 400; color: #ff6600;\">Service of gluing ads on taxis<\/span><\/a><\/li>\n<li style=\"font-weight: 400;\" aria-level=\"1\"><a href=\"https:\/\/shojiki.vn\/en\/offline-advertising\/bus-advertising\"><span style=\"font-weight: 400; color: #ff6600;\">Bus advertising<\/span><\/a><\/li>\n<li style=\"font-weight: 400;\" aria-level=\"1\"><a href=\"https:\/\/shojiki.vn\/en\/advertise-on-grab-app-shojiki-is-an-official-grab-agent\"><span style=\"font-weight: 400; color: #ff6600;\">Advertisement on apps Grab<\/span><\/a><\/li>\n<li style=\"font-weight: 400;\" aria-level=\"1\"><a href=\"https:\/\/shojiki.vn\/en\/offline-advertising\/advertising-at-gas-station\"><span style=\"font-weight: 400; color: #ff6600;\">Advertisement at gas station<\/span><\/a><\/li>\n<li style=\"font-weight: 400;\" aria-level=\"1\"><a href=\"https:\/\/shojiki.vn\/en\/advertising-at-convenience-stores\"><span style=\"font-weight: 400; color: #ff6600;\">Convenience store<\/span><\/a><\/li>\n<\/ul>\n<p><strong>You can survey prices and buy online at: <a href=\"https:\/\/ooh.com.vn\/\"><span style=\"color: #ff6600;\">WikiOOH<\/span><\/a><\/strong><\/p>\n<p><strong>We will measure the effectiveness of your outdoor advertising at: <a href=\"https:\/\/compasstech.asia\/en\/\"><span style=\"color: #ff6600;\">Compass Tech<\/span><\/a><\/strong><\/p>\n<h4 style=\"text-align: justify;\"><\/h4>\n<div id=\"attachment_12440\" style=\"width: 1040px\" class=\"wp-caption aligncenter\"><img loading=\"lazy\" decoding=\"async\" aria-describedby=\"caption-attachment-12440\" class=\"wp-image-12440 size-large\" src=\"https:\/\/shojiki.vn\/template\/uploads\/2022\/07\/man-hinh-led-quang-cao-da-lat-1-1030x554.jpg\" alt=\"\" width=\"1030\" height=\"554\" srcset=\"https:\/\/shojiki.vn\/wp-content\/uploads\/2022\/07\/man-hinh-led-quang-cao-da-lat-1-1030x554.jpg 1030w, https:\/\/shojiki.vn\/wp-content\/uploads\/2022\/07\/man-hinh-led-quang-cao-da-lat-1-300x161.jpg 300w, https:\/\/shojiki.vn\/wp-content\/uploads\/2022\/07\/man-hinh-led-quang-cao-da-lat-1-768x413.jpg 768w, https:\/\/shojiki.vn\/wp-content\/uploads\/2022\/07\/man-hinh-led-quang-cao-da-lat-1.jpg 1384w\" sizes=\"(max-width: 1030px) 100vw, 1030px\" \/><p id=\"caption-attachment-12440\" class=\"wp-caption-text\">The LED screen at Da Lat square is located in a very beautiful location<\/p><\/div>\n<p><img loading=\"lazy\" decoding=\"async\" class=\"aligncenter wp-image-12425 size-full\" src=\"https:\/\/shojiki.vn\/template\/uploads\/2022\/07\/1-1.jpg\" alt=\"qu\u1ea3ng c\u00e1o m\u00e0n h\u00ecnh led t\u1ea1i \u0111\u00e0 l\u1ea1t\" width=\"975\" height=\"559\" srcset=\"https:\/\/shojiki.vn\/wp-content\/uploads\/2022\/07\/1-1.jpg 975w, https:\/\/shojiki.vn\/wp-content\/uploads\/2022\/07\/1-1-300x172.jpg 300w, https:\/\/shojiki.vn\/wp-content\/uploads\/2022\/07\/1-1-768x440.jpg 768w\" sizes=\"(max-width: 975px) 100vw, 975px\" \/><\/p>\n<div id=\"attachment_12431\" style=\"width: 1040px\" class=\"wp-caption aligncenter\"><img loading=\"lazy\" decoding=\"async\" aria-describedby=\"caption-attachment-12431\" class=\"wp-image-12431 size-large\" src=\"https:\/\/shojiki.vn\/template\/uploads\/2022\/07\/Picture2-1030x580.jpg\" alt=\"m\u00e0n h\u00ecnh led qu\u1ea3ng tr\u01b0\u1eddng \u0111\u00e0 l\u1ea1t\" width=\"1030\" height=\"580\" srcset=\"https:\/\/shojiki.vn\/wp-content\/uploads\/2022\/07\/Picture2-1030x580.jpg 1030w, https:\/\/shojiki.vn\/wp-content\/uploads\/2022\/07\/Picture2-300x169.jpg 300w, https:\/\/shojiki.vn\/wp-content\/uploads\/2022\/07\/Picture2-768x433.jpg 768w, https:\/\/shojiki.vn\/wp-content\/uploads\/2022\/07\/Picture2.jpg 1278w\" sizes=\"(max-width: 1030px) 100vw, 1030px\" \/><p id=\"caption-attachment-12431\" class=\"wp-caption-text\">Advertising LED screen at Lam Vien Square, Da Lat City<\/p><\/div>\n<p><img loading=\"lazy\" decoding=\"async\" class=\"aligncenter size-full wp-image-12480\" src=\"https:\/\/shojiki.vn\/template\/uploads\/2022\/07\/man-hinh-led-quang-truong-da-lat.jpg\" alt=\"\" width=\"960\" height=\"543\" srcset=\"https:\/\/shojiki.vn\/wp-content\/uploads\/2022\/07\/man-hinh-led-quang-truong-da-lat.jpg 960w, https:\/\/shojiki.vn\/wp-content\/uploads\/2022\/07\/man-hinh-led-quang-truong-da-lat-300x170.jpg 300w, https:\/\/shojiki.vn\/wp-content\/uploads\/2022\/07\/man-hinh-led-quang-truong-da-lat-768x434.jpg 768w\" sizes=\"(max-width: 960px) 100vw, 960px\" \/><\/p>\n<p><img loading=\"lazy\" decoding=\"async\" class=\"aligncenter size-full wp-image-12483\" src=\"https:\/\/shojiki.vn\/template\/uploads\/2022\/07\/man-hinh-led-quang-truong-da-lat-3.jpg\" alt=\"\" width=\"960\" height=\"542\" srcset=\"https:\/\/shojiki.vn\/wp-content\/uploads\/2022\/07\/man-hinh-led-quang-truong-da-lat-3.jpg 960w, https:\/\/shojiki.vn\/wp-content\/uploads\/2022\/07\/man-hinh-led-quang-truong-da-lat-3-300x169.jpg 300w, https:\/\/shojiki.vn\/wp-content\/uploads\/2022\/07\/man-hinh-led-quang-truong-da-lat-3-768x434.jpg 768w\" sizes=\"(max-width: 960px) 100vw, 960px\" \/><\/p>\n","protected":false},"excerpt":{"rendered":"<p>Specifications of LED screen at Lam Vien Square, Da Lat: Address Lam Vien Square, Da Lat City, Lam Dong Province, Viet Nam Area features \u2013 The LED screen is located at Lam Vien Square, which is famous for unique architectural works such as: giant wild sunflowers, artichoke buds. \u2013 Located in the center of Da&hellip;<\/p>\n","protected":false},"author":4,"featured_media":12432,"parent":0,"menu_order":0,"comment_status":"closed","ping_status":"closed","template":"","meta":{"_acf_changed":false,"footnotes":""},"class_list":["post-12379","page","type-page","status-publish","has-post-thumbnail","hentry","description-off"],"acf":[],"yoast_head":"<!-- This site is optimized with the Yoast SEO plugin v25.6 - https:\/\/yoast.com\/wordpress\/plugins\/seo\/ -->\n<title>Outdoor advertising LED screen at Lam Vien Square, Da Lat, Viet Nam<\/title>\n<meta name=\"description\" content=\"Advertising outdoor LED screen at Lam Vien Square, Da Lat. Big, beautiful LED screen, many people pass by. Contact 0933 15 99 88\" \/>\n<meta name=\"robots\" content=\"index, follow, max-snippet:-1, max-image-preview:large, max-video-preview:-1\" \/>\n<link rel=\"canonical\" href=\"https:\/\/shojiki.vn\/en\/outdoor-led-screen-lam-vien-square-da-lat\" \/>\n<meta property=\"og:locale\" content=\"en_US\" \/>\n<meta property=\"og:type\" content=\"article\" \/>\n<meta property=\"og:title\" content=\"Outdoor advertising LED screen at Lam Vien Square, Da Lat, Viet Nam\" \/>\n<meta property=\"og:description\" content=\"Advertising outdoor LED screen at Lam Vien Square, Da Lat. Big, beautiful LED screen, many people pass by. Contact 0933 15 99 88\" \/>\n<meta property=\"og:url\" content=\"https:\/\/shojiki.vn\/en\/outdoor-led-screen-lam-vien-square-da-lat\" \/>\n<meta property=\"og:site_name\" content=\"Shojiki.vn\" \/>\n<meta property=\"article:modified_time\" content=\"2022-08-29T08:56:47+00:00\" \/>\n<meta property=\"og:image\" content=\"https:\/\/shojiki.vn\/template\/uploads\/2022\/07\/Picture2.jpg\" \/>\n\t<meta property=\"og:image:width\" content=\"1278\" \/>\n\t<meta property=\"og:image:height\" content=\"720\" \/>\n\t<meta property=\"og:image:type\" content=\"image\/jpeg\" \/>\n<meta name=\"twitter:label1\" content=\"Est. reading time\" \/>\n\t<meta name=\"twitter:data1\" content=\"7 minutes\" \/>\n<script type=\"application\/ld+json\" class=\"yoast-schema-graph\">{\"@context\":\"https:\/\/schema.org\",\"@graph\":[{\"@type\":\"WebPage\",\"@id\":\"https:\/\/shojiki.vn\/en\/outdoor-led-screen-lam-vien-square-da-lat\",\"url\":\"https:\/\/shojiki.vn\/en\/outdoor-led-screen-lam-vien-square-da-lat\",\"name\":\"Outdoor advertising LED screen at Lam Vien Square, Da Lat, Viet Nam\",\"isPartOf\":{\"@id\":\"https:\/\/shojiki.vn\/#website\"},\"primaryImageOfPage\":{\"@id\":\"https:\/\/shojiki.vn\/en\/outdoor-led-screen-lam-vien-square-da-lat#primaryimage\"},\"image\":{\"@id\":\"https:\/\/shojiki.vn\/en\/outdoor-led-screen-lam-vien-square-da-lat#primaryimage\"},\"thumbnailUrl\":\"https:\/\/shojiki.vn\/wp-content\/uploads\/2022\/07\/Picture2.jpg\",\"datePublished\":\"2022-07-06T05:46:21+00:00\",\"dateModified\":\"2022-08-29T08:56:47+00:00\",\"description\":\"Advertising outdoor LED screen at Lam Vien Square, Da Lat. Big, beautiful LED screen, many people pass by. Contact 0933 15 99 88\",\"breadcrumb\":{\"@id\":\"https:\/\/shojiki.vn\/en\/outdoor-led-screen-lam-vien-square-da-lat#breadcrumb\"},\"inLanguage\":\"en-US\",\"potentialAction\":[{\"@type\":\"ReadAction\",\"target\":[\"https:\/\/shojiki.vn\/en\/outdoor-led-screen-lam-vien-square-da-lat\"]}]},{\"@type\":\"ImageObject\",\"inLanguage\":\"en-US\",\"@id\":\"https:\/\/shojiki.vn\/en\/outdoor-led-screen-lam-vien-square-da-lat#primaryimage\",\"url\":\"https:\/\/shojiki.vn\/wp-content\/uploads\/2022\/07\/Picture2.jpg\",\"contentUrl\":\"https:\/\/shojiki.vn\/wp-content\/uploads\/2022\/07\/Picture2.jpg\",\"width\":1278,\"height\":720},{\"@type\":\"BreadcrumbList\",\"@id\":\"https:\/\/shojiki.vn\/en\/outdoor-led-screen-lam-vien-square-da-lat#breadcrumb\",\"itemListElement\":[{\"@type\":\"ListItem\",\"position\":1,\"name\":\"Home\",\"item\":\"https:\/\/shojiki.vn\/en\"},{\"@type\":\"ListItem\",\"position\":2,\"name\":\"Outdoor advertising LED screen at Lam Vien Square, Da Lat, Viet Nam\"}]},{\"@type\":\"WebSite\",\"@id\":\"https:\/\/shojiki.vn\/#website\",\"url\":\"https:\/\/shojiki.vn\/\",\"name\":\"Shojiki.vn\",\"description\":\"\",\"potentialAction\":[{\"@type\":\"SearchAction\",\"target\":{\"@type\":\"EntryPoint\",\"urlTemplate\":\"https:\/\/shojiki.vn\/?s={search_term_string}\"},\"query-input\":{\"@type\":\"PropertyValueSpecification\",\"valueRequired\":true,\"valueName\":\"search_term_string\"}}],\"inLanguage\":\"en-US\"}]}<\/script>\n<!-- \/ Yoast SEO plugin. -->","yoast_head_json":{"title":"Outdoor advertising LED screen at Lam Vien Square, Da Lat, Viet Nam","description":"Advertising outdoor LED screen at Lam Vien Square, Da Lat. Big, beautiful LED screen, many people pass by. Contact 0933 15 99 88","robots":{"index":"index","follow":"follow","max-snippet":"max-snippet:-1","max-image-preview":"max-image-preview:large","max-video-preview":"max-video-preview:-1"},"canonical":"https:\/\/shojiki.vn\/en\/outdoor-led-screen-lam-vien-square-da-lat","og_locale":"en_US","og_type":"article","og_title":"Outdoor advertising LED screen at Lam Vien Square, Da Lat, Viet Nam","og_description":"Advertising outdoor LED screen at Lam Vien Square, Da Lat. Big, beautiful LED screen, many people pass by. Contact 0933 15 99 88","og_url":"https:\/\/shojiki.vn\/en\/outdoor-led-screen-lam-vien-square-da-lat","og_site_name":"Shojiki.vn","article_modified_time":"2022-08-29T08:56:47+00:00","og_image":[{"width":1278,"height":720,"url":"https:\/\/shojiki.vn\/template\/uploads\/2022\/07\/Picture2.jpg","type":"image\/jpeg"}],"twitter_misc":{"Est. reading time":"7 minutes"},"schema":{"@context":"https:\/\/schema.org","@graph":[{"@type":"WebPage","@id":"https:\/\/shojiki.vn\/en\/outdoor-led-screen-lam-vien-square-da-lat","url":"https:\/\/shojiki.vn\/en\/outdoor-led-screen-lam-vien-square-da-lat","name":"Outdoor advertising LED screen at Lam Vien Square, Da Lat, Viet Nam","isPartOf":{"@id":"https:\/\/shojiki.vn\/#website"},"primaryImageOfPage":{"@id":"https:\/\/shojiki.vn\/en\/outdoor-led-screen-lam-vien-square-da-lat#primaryimage"},"image":{"@id":"https:\/\/shojiki.vn\/en\/outdoor-led-screen-lam-vien-square-da-lat#primaryimage"},"thumbnailUrl":"https:\/\/shojiki.vn\/wp-content\/uploads\/2022\/07\/Picture2.jpg","datePublished":"2022-07-06T05:46:21+00:00","dateModified":"2022-08-29T08:56:47+00:00","description":"Advertising outdoor LED screen at Lam Vien Square, Da Lat. Big, beautiful LED screen, many people pass by. Contact 0933 15 99 88","breadcrumb":{"@id":"https:\/\/shojiki.vn\/en\/outdoor-led-screen-lam-vien-square-da-lat#breadcrumb"},"inLanguage":"en-US","potentialAction":[{"@type":"ReadAction","target":["https:\/\/shojiki.vn\/en\/outdoor-led-screen-lam-vien-square-da-lat"]}]},{"@type":"ImageObject","inLanguage":"en-US","@id":"https:\/\/shojiki.vn\/en\/outdoor-led-screen-lam-vien-square-da-lat#primaryimage","url":"https:\/\/shojiki.vn\/wp-content\/uploads\/2022\/07\/Picture2.jpg","contentUrl":"https:\/\/shojiki.vn\/wp-content\/uploads\/2022\/07\/Picture2.jpg","width":1278,"height":720},{"@type":"BreadcrumbList","@id":"https:\/\/shojiki.vn\/en\/outdoor-led-screen-lam-vien-square-da-lat#breadcrumb","itemListElement":[{"@type":"ListItem","position":1,"name":"Home","item":"https:\/\/shojiki.vn\/en"},{"@type":"ListItem","position":2,"name":"Outdoor advertising LED screen at Lam Vien Square, Da Lat, Viet Nam"}]},{"@type":"WebSite","@id":"https:\/\/shojiki.vn\/#website","url":"https:\/\/shojiki.vn\/","name":"Shojiki.vn","description":"","potentialAction":[{"@type":"SearchAction","target":{"@type":"EntryPoint","urlTemplate":"https:\/\/shojiki.vn\/?s={search_term_string}"},"query-input":{"@type":"PropertyValueSpecification","valueRequired":true,"valueName":"search_term_string"}}],"inLanguage":"en-US"}]}},"_links":{"self":[{"href":"https:\/\/shojiki.vn\/en\/wp-json\/wp\/v2\/pages\/12379"}],"collection":[{"href":"https:\/\/shojiki.vn\/en\/wp-json\/wp\/v2\/pages"}],"about":[{"href":"https:\/\/shojiki.vn\/en\/wp-json\/wp\/v2\/types\/page"}],"author":[{"embeddable":true,"href":"https:\/\/shojiki.vn\/en\/wp-json\/wp\/v2\/users\/4"}],"replies":[{"embeddable":true,"href":"https:\/\/shojiki.vn\/en\/wp-json\/wp\/v2\/comments?post=12379"}],"version-history":[{"count":4,"href":"https:\/\/shojiki.vn\/en\/wp-json\/wp\/v2\/pages\/12379\/revisions"}],"predecessor-version":[{"id":13317,"href":"https:\/\/shojiki.vn\/en\/wp-json\/wp\/v2\/pages\/12379\/revisions\/13317"}],"wp:featuredmedia":[{"embeddable":true,"href":"https:\/\/shojiki.vn\/en\/wp-json\/wp\/v2\/media\/12432"}],"wp:attachment":[{"href":"https:\/\/shojiki.vn\/en\/wp-json\/wp\/v2\/media?parent=12379"}],"curies":[{"name":"wp","href":"https:\/\/api.w.org\/{rel}","templated":true}]}}