{"id":12312,"date":"2022-07-01T16:25:43","date_gmt":"2022-07-01T09:25:43","guid":{"rendered":"https:\/\/shojiki.vn\/?page_id=12312"},"modified":"2022-07-01T16:33:06","modified_gmt":"2022-07-01T09:33:06","slug":"outdoor-advertising-led-screen-in-danang-viet-nam","status":"publish","type":"page","link":"https:\/\/shojiki.vn\/en\/outdoor-advertising-led-screen-in-danang-viet-nam","title":{"rendered":"Outdoor advertising LED screen in Danang, Viet Nam"},"content":{"rendered":"<p><span style=\"font-weight: 400;\">Authorized by the owners of outdoor advertising<\/span> <span style=\"font-weight: 400;\">LED screen in Da Nang, Shojiki would like to share with you the outdoor advertising LED screen positions in Da Nang:<\/span><\/p>\n<h3><span style=\"color: #ff9900;\"><b>Outdoor advertising LED screen on leg of Dragon Bridge 1<\/b><\/span><\/h3>\n<p><a class=\"dt-pswp-item\" href=\"http:\/\/shojiki.vn\/template\/uploads\/2021\/06\/man-hinh-led-chan-cau-rong-1.jpg\" data-dt-img-description=\"\" data-large_image_width=\"1024\" data-large_image_height=\"718\"><img loading=\"lazy\" decoding=\"async\" class=\"aligncenter wp-image-6036 \" src=\"http:\/\/shojiki.vn\/template\/uploads\/2021\/06\/man-hinh-led-chan-cau-rong-1.jpg\" alt=\"m\u00e0n h\u00ecnh led \u0111\u00e0 n\u1eb5ng\" width=\"735\" height=\"516\" srcset=\"https:\/\/shojiki.vn\/wp-content\/uploads\/2021\/06\/man-hinh-led-chan-cau-rong-1.jpg 1024w, https:\/\/shojiki.vn\/wp-content\/uploads\/2021\/06\/man-hinh-led-chan-cau-rong-1-300x210.jpg 300w, https:\/\/shojiki.vn\/wp-content\/uploads\/2021\/06\/man-hinh-led-chan-cau-rong-1-768x539.jpg 768w, https:\/\/shojiki.vn\/wp-content\/uploads\/2021\/06\/man-hinh-led-chan-cau-rong-1-600x421.jpg 600w\" sizes=\"(max-width: 735px) 100vw, 735px\" \/><\/a><\/p>\n<h3><span style=\"color: #ff9900;\"><b>Outdoor advertising LED screen on leg of Dragon Bridge 2<\/b><\/span><\/h3>\n<h3><img loading=\"lazy\" decoding=\"async\" class=\"aligncenter wp-image-6033\" src=\"http:\/\/shojiki.vn\/template\/uploads\/2021\/06\/man-hinh-led-cau-rong-2-Nguyen-van-linh.jpg\" alt=\"m\u00e0n h\u00ecnh led \u0111\u00e0 n\u1eb5ng\" width=\"734\" height=\"550\" srcset=\"https:\/\/shojiki.vn\/wp-content\/uploads\/2021\/06\/man-hinh-led-cau-rong-2-Nguyen-van-linh.jpg 1024w, https:\/\/shojiki.vn\/wp-content\/uploads\/2021\/06\/man-hinh-led-cau-rong-2-Nguyen-van-linh-300x225.jpg 300w, https:\/\/shojiki.vn\/wp-content\/uploads\/2021\/06\/man-hinh-led-cau-rong-2-Nguyen-van-linh-768x576.jpg 768w, https:\/\/shojiki.vn\/wp-content\/uploads\/2021\/06\/man-hinh-led-cau-rong-2-Nguyen-van-linh-600x450.jpg 600w\" sizes=\"(max-width: 734px) 100vw, 734px\" \/><b><\/b><\/h3>\n<h3><strong><a href=\"https:\/\/shojiki.vn\/en\/advertising-led-screen-nguyen-van-linh-hoang-dieu-da-nang\"><span style=\"color: #ff9900;\">Outdoor advertising LED screen Nguyen Van Linh \u2013 Hoang Dieu<\/span><\/a><\/strong><\/h3>\n<p style=\"text-align: justify;\"><a class=\"dt-pswp-item\" href=\"http:\/\/shojiki.vn\/template\/uploads\/2021\/06\/man-hinh-led-nguyen-van-linh-hoang-dieu.jpg\" data-dt-img-description=\"\" data-large_image_width=\"737\" data-large_image_height=\"454\"><img loading=\"lazy\" decoding=\"async\" class=\"aligncenter wp-image-6042 size-full\" src=\"http:\/\/shojiki.vn\/template\/uploads\/2021\/06\/man-hinh-led-nguyen-van-linh-hoang-dieu.jpg\" alt=\"m\u00e0n h\u00ecnh led \u0111\u00e0 n\u1eb5ng\" width=\"737\" height=\"454\" srcset=\"https:\/\/shojiki.vn\/wp-content\/uploads\/2021\/06\/man-hinh-led-nguyen-van-linh-hoang-dieu.jpg 737w, https:\/\/shojiki.vn\/wp-content\/uploads\/2021\/06\/man-hinh-led-nguyen-van-linh-hoang-dieu-300x185.jpg 300w, https:\/\/shojiki.vn\/wp-content\/uploads\/2021\/06\/man-hinh-led-nguyen-van-linh-hoang-dieu-600x370.jpg 600w\" sizes=\"(max-width: 737px) 100vw, 737px\" \/><\/a><\/p>\n<h3><span style=\"color: #ff9900;\"><b>Outdoor advertising LED screen at Danang Six-Way Intersection<\/b><\/span><\/h3>\n<p><img loading=\"lazy\" decoding=\"async\" class=\"aligncenter wp-image-6039\" src=\"http:\/\/shojiki.vn\/template\/uploads\/2021\/06\/man-hinh-led-nga-6-da-nang.jpg\" alt=\"DOOH \u0110\u00e0 N\u1eb5ng\" width=\"739\" height=\"435\" srcset=\"https:\/\/shojiki.vn\/wp-content\/uploads\/2021\/06\/man-hinh-led-nga-6-da-nang.jpg 838w, https:\/\/shojiki.vn\/wp-content\/uploads\/2021\/06\/man-hinh-led-nga-6-da-nang-300x176.jpg 300w, https:\/\/shojiki.vn\/wp-content\/uploads\/2021\/06\/man-hinh-led-nga-6-da-nang-768x452.jpg 768w, https:\/\/shojiki.vn\/wp-content\/uploads\/2021\/06\/man-hinh-led-nga-6-da-nang-600x353.jpg 600w\" sizes=\"(max-width: 739px) 100vw, 739px\" \/><b><\/b><\/p>\n<h3><span style=\"color: #ff9900; font-size: 12pt;\"><b>Outdoor advertising LED screen at Con market<\/b><\/span><img loading=\"lazy\" decoding=\"async\" class=\"aligncenter wp-image-6030\" src=\"http:\/\/shojiki.vn\/template\/uploads\/2021\/06\/LED-Cho-Con-Da-Nang.jpg\" alt=\"DOOH \u0110\u00e0 N\u1eb5ng\" width=\"728\" height=\"570\" srcset=\"https:\/\/shojiki.vn\/wp-content\/uploads\/2021\/06\/LED-Cho-Con-Da-Nang.jpg 525w, https:\/\/shojiki.vn\/wp-content\/uploads\/2021\/06\/LED-Cho-Con-Da-Nang-300x235.jpg 300w\" sizes=\"(max-width: 728px) 100vw, 728px\" \/><span style=\"color: #ff9900; font-size: 12pt;\"><b>Outdoor advertising LED screen <\/b><b>at Trieu Nu Vuong Street, Hai Chau District<\/b><\/span><\/h3>\n<p><span style=\"font-size: 14pt;\"><a class=\"dt-pswp-item pspw-wrap-ready\" href=\"https:\/\/shojiki.vn\/template\/uploads\/2021\/06\/man-hinh-LED-ngoai-troi-Shojiki-7.jpg\" data-dt-img-description=\"\" data-large_image_width=\"945\" data-large_image_height=\"532\"><img loading=\"lazy\" decoding=\"async\" class=\"wp-image-6003 aligncenter\" src=\"https:\/\/shojiki.vn\/template\/uploads\/2021\/06\/man-hinh-LED-ngoai-troi-Shojiki-7.jpg\" sizes=\"(max-width: 945px) 100vw, 945px\" srcset=\"https:\/\/shojiki.vn\/template\/uploads\/2021\/06\/man-hinh-LED-ngoai-troi-Shojiki-7.jpg 945w, https:\/\/shojiki.vn\/template\/uploads\/2021\/06\/man-hinh-LED-ngoai-troi-Shojiki-7-300x169.jpg 300w, https:\/\/shojiki.vn\/template\/uploads\/2021\/06\/man-hinh-LED-ngoai-troi-Shojiki-7-768x432.jpg 768w, https:\/\/shojiki.vn\/template\/uploads\/2021\/06\/man-hinh-LED-ngoai-troi-Shojiki-7-600x338.jpg 600w\" alt=\"qu\u1ea3ng c\u00e1o m\u00e0n h\u00ecnh led ngo\u00e0i tr\u1eddi\" width=\"748\" height=\"422\" aria-describedby=\"caption-attachment-6003\" \/><\/a><\/span><\/p>\n<p><a href=\"https:\/\/dooh.com.vn\/tu-khoa\/da-nang\"><span style=\"color: #ff9900;\"><b>Refer to more outdoor LED screens in Da Nang City\u00a0<\/b><\/span><\/a><\/p>\n<h3><b>What is outdoor LED advertising?<\/b><\/h3>\n<p><span style=\"color: #ff9900;\"><a style=\"color: #ff9900;\" href=\"https:\/\/shojiki.vn\/en\/led-screen-advertising\">Outdoor LED advertising<\/a><\/span>\u00a0is a type of digital advertising, it can be said that this type is an upgraded version of the\u00a0traditional outdoor billboard. LED screen advertising is also known as DOOH \u2013 short for Digital Out Of Home. Outdoor advertising LED screens will replace the usual static advertising images into vivid and impressive advertising clips for passersby. With the current advertising trend, LED screens are considered a new type of advertising and bring high efficiency in conveying messages to customers.<\/p>\n<p><span style=\"color: #ff9900;\"><a style=\"color: #ff9900;\" href=\"https:\/\/shojiki.vn\/en\/led-ho-chi-minh\">Refer to more outdoor LED screens in Ho Chi Minh City<\/a><\/span><\/p>\n<h2><b>Working principle of outdoor LED\u00a0<\/b><b>advertising<\/b><\/h2>\n<p>Advertising by outdoor LED screen works on the principle of rotation and is calculated by the total broadcast time per day. The total broadcast time on LED screens is mostly 14 hours; the unit of calculation is spot, each spot is 30s. Thus, the minimum frequency of advertising clips for 1 brand is 240 spots\/day.<\/p>\n<p>The cost of advertising LED screen is considered cheaper than other types of outdoor advertising. Therefore, this form of advertising is suitable for many different brands and reasonable budgets.<\/p>\n<p><a href=\"https:\/\/shojiki.vn\/en\/led-hanoi\"><span style=\"font-weight: 400;\"><span style=\"color: #ff9900;\">Refer to more outdoor LED screens in Hanoi<\/span> <\/span><\/a><\/p>\n<h2><b>Outstanding advantages of LED\u00a0<\/b><b>advertising<\/b><\/h2>\n<h3><b>Convey variety of messages<\/b><\/h3>\n<p>One of the undeniable benefits of LED screens is the increased efficiency in transmitting a variety of information with video formats; images, animation\u2026 This helps brands have more choices when conveying messages to customers.<\/p>\n<p><a href=\"https:\/\/shojiki.vn\/en\/led-dong-nai-2\"><span style=\"color: #ff9900;\">Refer to more outdoor LED screens in Dong Nai\u00a0<\/span><\/a><\/p>\n<h3><b>Make strong impression on viewers<\/b><\/h3>\n<p>According to statistics of Compass Tech, pedestrians will be more attracted to the \u201cmotions\u201d played on the LED screen than other types of advertising. Advertising content on outdoor LED screens will often have a better and longer impression than the traditional ones of information advertising such as billboards, outdoor billboards, etc. Because advertising on LED screen creates the feeling like a work of art making viewers want to enjoy it actively, not forced to watch.<\/p>\n<p>However, to get the best promotion effect, businesses should consider choosing a video or slide information format suitable for the content they want to convey.<\/p>\n<h3><b>Attract wide audience<\/b><\/h3>\n<p>Because the content on the LED screen has the ability to attract good attention, when consumers see advertising; they will easily remember the product and brand of the business, thereby leading to the action of buying or using the services of that promoter.<\/p>\n<p>In addition, according to experts, images with diverse colors and movements will be more attractive than \u201cdead\u201d and monochrome images. Therefore, advertising with LED screens will help businesses get closer to potential customers.<\/p>\n<h3><b>Exceptional Features<\/b><\/h3>\n<p>The extremely large resolution with high brightness and vivid color processing ability of LED screens have made the image of businesses more beautiful than any others such as televisions, projectors, billboards. traditional\u2026 Especially with the form of outdoor advertising, the LED screen is easier to maximize its advantages.<\/p>\n<p>In summary with the above advantages; Outdoor LED screen advertising can be said to be an extremely effective means of conveying and displaying information.<\/p>\n<h3><b>How can your ads appear on the LED screen in Danang?<\/b><\/h3>\n<p><a href=\"https:\/\/shojiki.vn\/en\"><strong><span style=\"color: #ff9900;\">SHOJIKI Advertising Joint Stock Company<\/span><\/strong><\/a>\u00a0\u2013 is proud to be one of the leading advertising agencies in Vietnam. With authorization from the city LED display dealer, we are committed to bringing you the most prestigious and effective advertising service along with:<\/p>\n<ul>\n<li aria-level=\"1\">Support service\u00a0<b>GENERAL CONSULTATION<\/b>\u00a0of advertising strategies<\/li>\n<li aria-level=\"1\"><b>SUPPORT SERVICE FOR DESIGNING<\/b>\u00a0content, advertising images<\/li>\n<li aria-level=\"1\">The construction team deploys the advertisement\u00a0<b>FAST<\/b>\u00a0and\u00a0<b>ONLY<\/b><\/li>\n<li aria-level=\"1\"><b>WARRANTY<\/b>\u00a0mode\u00a0 for the duration of the campaign<\/li>\n<li aria-level=\"1\">Attractive\u00a0<b>DISCOUNTS\u00a0<\/b>and\u00a0<strong>SALES<\/strong>\u00a0for customers<\/li>\n<\/ul>\n<p>By contacting<span style=\"color: #ff9900;\">\u00a0<a style=\"color: #ff9900;\" href=\"https:\/\/shojiki.vn\/en\"><strong>Shojiki<\/strong><\/a>,<\/span> we will provide you with more detailed information.<\/p>\n<p>In addition, you can learn more about our other forms of outdoor advertising:<\/p>\n<ul>\n<li aria-level=\"1\"><a href=\"https:\/\/shojiki.vn\/en\/led-screen-advertising\"><span style=\"color: #ff9900;\">Outdoor LED Display<\/span><\/a><\/li>\n<li aria-level=\"1\"><span style=\"color: #ff9900;\"><a style=\"color: #ff9900;\" href=\"https:\/\/shojiki.vn\/en\/billboard\">Signboards, billboards, panels<\/a><\/span><\/li>\n<li aria-level=\"1\"><span style=\"color: #ff9900;\"><a style=\"color: #ff9900;\" href=\"https:\/\/shojiki.vn\/en\/offline-advertising\/airplane-advertising\">Airplane advertising<\/a><\/span><\/li>\n<li aria-level=\"1\"><span style=\"color: #ff9900;\"><a style=\"color: #ff9900;\" href=\"https:\/\/shojiki.vn\/en\/offline-advertising\/taxi-advertising\">Service of gluing ads on taxis<\/a><\/span><\/li>\n<li aria-level=\"1\"><span style=\"color: #ff9900;\"><a style=\"color: #ff9900;\" href=\"https:\/\/shojiki.vn\/en\/offline-advertising\/bus-advertising\">Bus advertising<\/a><\/span><\/li>\n<li aria-level=\"1\"><span style=\"color: #ff9900;\">Advertisement on apps Grab<\/span><\/li>\n<li aria-level=\"1\"><span style=\"color: #ff9900;\"><a style=\"color: #ff9900;\" href=\"https:\/\/shojiki.vn\/en\/offline-advertising\/advertising-at-gas-station\">Advertisement at Gas station<\/a><\/span><\/li>\n<li aria-level=\"1\"><span style=\"color: #ff9900;\"><a style=\"color: #ff9900;\" href=\"https:\/\/shojiki.vn\/en\/advertising-at-convenience-stores\">Advertisement at\u00a0Convenience store<\/a><\/span><\/li>\n<\/ul>\n<p><b>You can survey prices and buy billboards online at:<span style=\"color: #ff9900;\">\u00a0<\/span><\/b><span style=\"color: #ff9900;\"><a style=\"color: #ff9900;\" href=\"https:\/\/ooh.com.vn\/\"><b>WikiOOH\u00a0<\/b><\/a><\/span><\/p>\n<p><b>We will measure the effectiveness of your outdoor advertising at:\u00a0<\/b><span style=\"color: #ff9900;\"><a style=\"color: #ff9900;\" href=\"https:\/\/compasstech.asia\/en\/\"><b>Compass Tech<\/b><\/a><\/span><\/p>\n","protected":false},"excerpt":{"rendered":"<p>Authorized by the owners of outdoor advertising LED screen in Da Nang, Shojiki would like to share with you the outdoor advertising LED screen positions in Da Nang: Outdoor advertising LED screen on leg of Dragon Bridge 1 Outdoor advertising LED screen on leg of Dragon Bridge 2 Outdoor advertising LED screen Nguyen Van Linh&hellip;<\/p>\n","protected":false},"author":4,"featured_media":6004,"parent":0,"menu_order":0,"comment_status":"closed","ping_status":"closed","template":"","meta":{"_acf_changed":false,"footnotes":""},"class_list":["post-12312","page","type-page","status-publish","has-post-thumbnail","hentry","description-off"],"acf":[],"yoast_head":"<!-- This site is optimized with the Yoast SEO plugin v25.6 - https:\/\/yoast.com\/wordpress\/plugins\/seo\/ -->\n<title>Outdoor advertising LED screen in Danang, Viet Nam<\/title>\n<meta name=\"description\" content=\"Advertising LED screen in Da Nang, Ho Chi Minh and nationwide with the best price. Contact now: (+84) 933 15 99 88\" \/>\n<meta name=\"robots\" content=\"index, follow, max-snippet:-1, max-image-preview:large, max-video-preview:-1\" \/>\n<link rel=\"canonical\" href=\"https:\/\/shojiki.vn\/en\/outdoor-advertising-led-screen-in-danang-viet-nam\" \/>\n<meta property=\"og:locale\" content=\"en_US\" \/>\n<meta property=\"og:type\" content=\"article\" \/>\n<meta property=\"og:title\" content=\"Outdoor advertising LED screen in Danang, Viet Nam\" \/>\n<meta property=\"og:description\" content=\"Advertising LED screen in Da Nang, Ho Chi Minh and nationwide with the best price. Contact now: (+84) 933 15 99 88\" \/>\n<meta property=\"og:url\" content=\"https:\/\/shojiki.vn\/en\/outdoor-advertising-led-screen-in-danang-viet-nam\" \/>\n<meta property=\"og:site_name\" content=\"Shojiki.vn\" \/>\n<meta property=\"article:modified_time\" content=\"2022-07-01T09:33:06+00:00\" \/>\n<meta property=\"og:image\" content=\"https:\/\/shojiki.vn\/template\/uploads\/2021\/06\/man-hinh-LED-ngoai-troi-Shojiki-7.jpg\" \/>\n\t<meta property=\"og:image:width\" content=\"945\" \/>\n\t<meta property=\"og:image:height\" content=\"532\" \/>\n\t<meta property=\"og:image:type\" content=\"image\/jpeg\" \/>\n<meta name=\"twitter:label1\" content=\"Est. reading time\" \/>\n\t<meta name=\"twitter:data1\" content=\"6 minutes\" \/>\n<script type=\"application\/ld+json\" class=\"yoast-schema-graph\">{\"@context\":\"https:\/\/schema.org\",\"@graph\":[{\"@type\":\"WebPage\",\"@id\":\"https:\/\/shojiki.vn\/en\/outdoor-advertising-led-screen-in-danang-viet-nam\",\"url\":\"https:\/\/shojiki.vn\/en\/outdoor-advertising-led-screen-in-danang-viet-nam\",\"name\":\"Outdoor advertising LED screen in Danang, Viet Nam\",\"isPartOf\":{\"@id\":\"https:\/\/shojiki.vn\/#website\"},\"primaryImageOfPage\":{\"@id\":\"https:\/\/shojiki.vn\/en\/outdoor-advertising-led-screen-in-danang-viet-nam#primaryimage\"},\"image\":{\"@id\":\"https:\/\/shojiki.vn\/en\/outdoor-advertising-led-screen-in-danang-viet-nam#primaryimage\"},\"thumbnailUrl\":\"https:\/\/shojiki.vn\/wp-content\/uploads\/2021\/06\/man-hinh-LED-ngoai-troi-Shojiki-7.jpg\",\"datePublished\":\"2022-07-01T09:25:43+00:00\",\"dateModified\":\"2022-07-01T09:33:06+00:00\",\"description\":\"Advertising LED screen in Da Nang, Ho Chi Minh and nationwide with the best price. Contact now: (+84) 933 15 99 88\",\"breadcrumb\":{\"@id\":\"https:\/\/shojiki.vn\/en\/outdoor-advertising-led-screen-in-danang-viet-nam#breadcrumb\"},\"inLanguage\":\"en-US\",\"potentialAction\":[{\"@type\":\"ReadAction\",\"target\":[\"https:\/\/shojiki.vn\/en\/outdoor-advertising-led-screen-in-danang-viet-nam\"]}]},{\"@type\":\"ImageObject\",\"inLanguage\":\"en-US\",\"@id\":\"https:\/\/shojiki.vn\/en\/outdoor-advertising-led-screen-in-danang-viet-nam#primaryimage\",\"url\":\"https:\/\/shojiki.vn\/wp-content\/uploads\/2021\/06\/man-hinh-LED-ngoai-troi-Shojiki-7.jpg\",\"contentUrl\":\"https:\/\/shojiki.vn\/wp-content\/uploads\/2021\/06\/man-hinh-LED-ngoai-troi-Shojiki-7.jpg\",\"width\":945,\"height\":532},{\"@type\":\"BreadcrumbList\",\"@id\":\"https:\/\/shojiki.vn\/en\/outdoor-advertising-led-screen-in-danang-viet-nam#breadcrumb\",\"itemListElement\":[{\"@type\":\"ListItem\",\"position\":1,\"name\":\"Home\",\"item\":\"https:\/\/shojiki.vn\/en\"},{\"@type\":\"ListItem\",\"position\":2,\"name\":\"Outdoor advertising LED screen in Danang, Viet Nam\"}]},{\"@type\":\"WebSite\",\"@id\":\"https:\/\/shojiki.vn\/#website\",\"url\":\"https:\/\/shojiki.vn\/\",\"name\":\"Shojiki.vn\",\"description\":\"\",\"potentialAction\":[{\"@type\":\"SearchAction\",\"target\":{\"@type\":\"EntryPoint\",\"urlTemplate\":\"https:\/\/shojiki.vn\/?s={search_term_string}\"},\"query-input\":{\"@type\":\"PropertyValueSpecification\",\"valueRequired\":true,\"valueName\":\"search_term_string\"}}],\"inLanguage\":\"en-US\"}]}<\/script>\n<!-- \/ Yoast SEO plugin. -->","yoast_head_json":{"title":"Outdoor advertising LED screen in Danang, Viet Nam","description":"Advertising LED screen in Da Nang, Ho Chi Minh and nationwide with the best price. Contact now: (+84) 933 15 99 88","robots":{"index":"index","follow":"follow","max-snippet":"max-snippet:-1","max-image-preview":"max-image-preview:large","max-video-preview":"max-video-preview:-1"},"canonical":"https:\/\/shojiki.vn\/en\/outdoor-advertising-led-screen-in-danang-viet-nam","og_locale":"en_US","og_type":"article","og_title":"Outdoor advertising LED screen in Danang, Viet Nam","og_description":"Advertising LED screen in Da Nang, Ho Chi Minh and nationwide with the best price. Contact now: (+84) 933 15 99 88","og_url":"https:\/\/shojiki.vn\/en\/outdoor-advertising-led-screen-in-danang-viet-nam","og_site_name":"Shojiki.vn","article_modified_time":"2022-07-01T09:33:06+00:00","og_image":[{"width":945,"height":532,"url":"https:\/\/shojiki.vn\/template\/uploads\/2021\/06\/man-hinh-LED-ngoai-troi-Shojiki-7.jpg","type":"image\/jpeg"}],"twitter_misc":{"Est. reading time":"6 minutes"},"schema":{"@context":"https:\/\/schema.org","@graph":[{"@type":"WebPage","@id":"https:\/\/shojiki.vn\/en\/outdoor-advertising-led-screen-in-danang-viet-nam","url":"https:\/\/shojiki.vn\/en\/outdoor-advertising-led-screen-in-danang-viet-nam","name":"Outdoor advertising LED screen in Danang, Viet Nam","isPartOf":{"@id":"https:\/\/shojiki.vn\/#website"},"primaryImageOfPage":{"@id":"https:\/\/shojiki.vn\/en\/outdoor-advertising-led-screen-in-danang-viet-nam#primaryimage"},"image":{"@id":"https:\/\/shojiki.vn\/en\/outdoor-advertising-led-screen-in-danang-viet-nam#primaryimage"},"thumbnailUrl":"https:\/\/shojiki.vn\/wp-content\/uploads\/2021\/06\/man-hinh-LED-ngoai-troi-Shojiki-7.jpg","datePublished":"2022-07-01T09:25:43+00:00","dateModified":"2022-07-01T09:33:06+00:00","description":"Advertising LED screen in Da Nang, Ho Chi Minh and nationwide with the best price. Contact now: (+84) 933 15 99 88","breadcrumb":{"@id":"https:\/\/shojiki.vn\/en\/outdoor-advertising-led-screen-in-danang-viet-nam#breadcrumb"},"inLanguage":"en-US","potentialAction":[{"@type":"ReadAction","target":["https:\/\/shojiki.vn\/en\/outdoor-advertising-led-screen-in-danang-viet-nam"]}]},{"@type":"ImageObject","inLanguage":"en-US","@id":"https:\/\/shojiki.vn\/en\/outdoor-advertising-led-screen-in-danang-viet-nam#primaryimage","url":"https:\/\/shojiki.vn\/wp-content\/uploads\/2021\/06\/man-hinh-LED-ngoai-troi-Shojiki-7.jpg","contentUrl":"https:\/\/shojiki.vn\/wp-content\/uploads\/2021\/06\/man-hinh-LED-ngoai-troi-Shojiki-7.jpg","width":945,"height":532},{"@type":"BreadcrumbList","@id":"https:\/\/shojiki.vn\/en\/outdoor-advertising-led-screen-in-danang-viet-nam#breadcrumb","itemListElement":[{"@type":"ListItem","position":1,"name":"Home","item":"https:\/\/shojiki.vn\/en"},{"@type":"ListItem","position":2,"name":"Outdoor advertising LED screen in Danang, Viet Nam"}]},{"@type":"WebSite","@id":"https:\/\/shojiki.vn\/#website","url":"https:\/\/shojiki.vn\/","name":"Shojiki.vn","description":"","potentialAction":[{"@type":"SearchAction","target":{"@type":"EntryPoint","urlTemplate":"https:\/\/shojiki.vn\/?s={search_term_string}"},"query-input":{"@type":"PropertyValueSpecification","valueRequired":true,"valueName":"search_term_string"}}],"inLanguage":"en-US"}]}},"_links":{"self":[{"href":"https:\/\/shojiki.vn\/en\/wp-json\/wp\/v2\/pages\/12312"}],"collection":[{"href":"https:\/\/shojiki.vn\/en\/wp-json\/wp\/v2\/pages"}],"about":[{"href":"https:\/\/shojiki.vn\/en\/wp-json\/wp\/v2\/types\/page"}],"author":[{"embeddable":true,"href":"https:\/\/shojiki.vn\/en\/wp-json\/wp\/v2\/users\/4"}],"replies":[{"embeddable":true,"href":"https:\/\/shojiki.vn\/en\/wp-json\/wp\/v2\/comments?post=12312"}],"version-history":[{"count":4,"href":"https:\/\/shojiki.vn\/en\/wp-json\/wp\/v2\/pages\/12312\/revisions"}],"predecessor-version":[{"id":12319,"href":"https:\/\/shojiki.vn\/en\/wp-json\/wp\/v2\/pages\/12312\/revisions\/12319"}],"wp:featuredmedia":[{"embeddable":true,"href":"https:\/\/shojiki.vn\/en\/wp-json\/wp\/v2\/media\/6004"}],"wp:attachment":[{"href":"https:\/\/shojiki.vn\/en\/wp-json\/wp\/v2\/media?parent=12312"}],"curies":[{"name":"wp","href":"https:\/\/api.w.org\/{rel}","templated":true}]}}