{"id":12294,"date":"2022-07-01T15:36:44","date_gmt":"2022-07-01T08:36:44","guid":{"rendered":"https:\/\/shojiki.vn\/?page_id=12294"},"modified":"2022-07-01T15:40:22","modified_gmt":"2022-07-01T08:40:22","slug":"outdoor-advertising-led-screen-on-national-route-51-dong-nai-province-viet-nam","status":"publish","type":"page","link":"https:\/\/shojiki.vn\/en\/outdoor-advertising-led-screen-on-national-route-51-dong-nai-province-viet-nam","title":{"rendered":"Outdoor advertising LED screen on National Route 51, Dong Nai Province, Viet Nam"},"content":{"rendered":"<h3 style=\"text-align: justify;\"><b>Specifications of LED screen on National Route 51, Dong Nai Province, Viet Nam\u00a0<\/b><\/h3>\n<table style=\"width: 100.646%; height: 227px;\">\n<tbody>\n<tr style=\"height: 21px;\">\n<td class=\"has-text-align-left\" style=\"height: 21px; width: 15.3275%;\" data-align=\"left\"><b>Address<\/b><\/td>\n<td style=\"width: 83.7366%; text-align: justify;\"><span style=\"font-weight: 400;\">Outdoor LED screen at the intersection of National Route 51, Le Duan Street, Bien Hoa City, Dong Nai Province, Viet Nam\u00a0<\/span><\/td>\n<\/tr>\n<tr>\n<td style=\"width: 15.3275%; text-align: justify;\"><b>Area features<\/b><\/td>\n<td style=\"width: 83.7366%;\">\n<p style=\"text-align: justify;\"><span style=\"font-weight: 400;\">\u2013 The LED screen is located at the bow of the National Route 51, Le Duan Street, Bien Hoa City, Dong Nai Province, Viet Nam\u00a0<\/span><\/p>\n<p style=\"text-align: justify;\"><span style=\"font-weight: 400;\">\u2013 National Route 51 is the arterial route from Ho Chi Minh City, Bien Hoa to Ba Ria &#8211; Vung Tau and the provinces of the Southeast region.<\/span><\/p>\n<p style=\"text-align: justify;\"><span style=\"font-weight: 400;\">\u2013 Turn right onto Le Duan street to reach the center of Long Thanh district, Dong Nai, where the population density ranks third in Dong Nai province, is a strategic location in the southern key economic region.<\/span><\/p>\n<p style=\"text-align: justify;\"><span style=\"font-weight: 400;\">\u2013 There are about\u00a0 <\/span><b>90,643 people<\/b><span style=\"font-weight: 400;\">\u00a0 passing by every day (according to Compass Tech)<\/span><\/p>\n<\/td>\n<\/tr>\n<tr style=\"height: 26px;\">\n<td class=\"has-text-align-left\" style=\"height: 26px; width: 15.3275%;\" data-align=\"left\"><b>Size<\/b><\/td>\n<td class=\"has-text-align-left\" style=\"height: 26px; width: 83.7366%;\" data-align=\"left\">5.8mH x 8.86mW = 50.3m<sup>2<\/sup><\/td>\n<\/tr>\n<tr>\n<td style=\"width: 15.3275%;\"><b>Operating time<\/b><\/td>\n<td style=\"width: 83.7366%;\"><span style=\"font-weight: 400;\">6am &#8211; 1pm &amp; 4pm &#8211; 10pm\u00a0<\/span><\/td>\n<\/tr>\n<tr>\n<td style=\"width: 15.3275%;\"><b>Frequency<\/b><\/td>\n<td style=\"width: 83.7366%;\"><span style=\"font-weight: 400;\"> 8 minutes\/ time\/ spot (about 240 spots\/ day) (15s each spot is 15s long)<\/span><\/td>\n<\/tr>\n<tr>\n<td style=\"width: 15.3275%;\"><b>Price<\/b><\/td>\n<td style=\"width: 83.7366%;\"><span style=\"font-weight: 400;\">Contact: (+84) 933 15 99 88<\/span><\/td>\n<\/tr>\n<\/tbody>\n<\/table>\n<h3 style=\"text-align: justify;\"><b>Outdoor LED screen\u00a0 on National Route 51, Dong Nai Province, Viet Nam :<\/b><\/h3>\n<p style=\"text-align: justify;\"><span style=\"font-weight: 400;\">To maximize the ability to reach customers, you should choose the location of outdoor advertising LED screens in places with high traffic density. Therefore, you should not skip the screen here. Why?<\/span><\/p>\n<p style=\"text-align: justify;\"><img loading=\"lazy\" decoding=\"async\" class=\"aligncenter wp-image-7582 size-large\" src=\"https:\/\/shojiki.vn\/template\/uploads\/2021\/09\/led-le-duan-quoc-lo-51-2-1030x459.jpg\" alt=\"Qu\u1ea3ng c\u00e1o m\u00e0n h\u00ecnh led ngo\u00e0i tr\u1eddi Qu\u1ed1c l\u1ed9 51, l\u00ea du\u1ea9n, \u0110\u1ed3ng Nai\" width=\"1030\" height=\"459\" srcset=\"https:\/\/shojiki.vn\/wp-content\/uploads\/2021\/09\/led-le-duan-quoc-lo-51-2-1030x459.jpg 1030w, https:\/\/shojiki.vn\/wp-content\/uploads\/2021\/09\/led-le-duan-quoc-lo-51-2-300x134.jpg 300w, https:\/\/shojiki.vn\/wp-content\/uploads\/2021\/09\/led-le-duan-quoc-lo-51-2-768x342.jpg 768w, https:\/\/shojiki.vn\/wp-content\/uploads\/2021\/09\/led-le-duan-quoc-lo-51-2-1536x684.jpg 1536w, https:\/\/shojiki.vn\/wp-content\/uploads\/2021\/09\/led-le-duan-quoc-lo-51-2.jpg 1787w\" sizes=\"(max-width: 1030px) 100vw, 1030px\" \/><\/p>\n<p style=\"text-align: justify;\"><span style=\"font-weight: 400;\">DOOH on National Route 51, Bien Hoa City, Dong Nai Province. This is a large trade intersection, an arterial route, and a key gateway connecting Ho Chi Minh City with the Eastern provinces. Especially connecting Ho Chi Minh City with the road through Vietnam National Route 1A to the central and northern provinces. The volume of vehicles moving through this road is very large because of regular traffic, it is estimated that there are about\u00a0 <\/span><b>90,643\u00a0 people<\/b><span style=\"font-weight: 400;\"> passing by each day. Turn right onto Le Duan street to reach the center of Long Thanh district, Dong Nai province, where the population density ranks third in Dong Nai province, is a strategic location in the southern key economic region. Thanks to this feature, your ad will reach a large number of passersby.<\/span><\/p>\n<h3 style=\"text-align: justify;\"><b>Report on outdoor advertising effectiveness (according to Compass):<\/b><\/h3>\n<div id=\"attachment_3135\" class=\"wp-caption aligncenter photoswipe-wrapper\" style=\"text-align: justify;\">\n<div id=\"attachment_7202\" class=\"wp-caption aligncenter photoswipe-wrapper\">\n<p><img loading=\"lazy\" decoding=\"async\" class=\"wp-image-7202 size-large\" src=\"https:\/\/shojiki.vn\/template\/uploads\/2021\/08\/license-led-terra-royal-ly-chinh-thang-quan-3-1030x476.jpg\" sizes=\"(max-width: 1030px) 100vw, 1030px\" srcset=\"https:\/\/shojiki.vn\/template\/uploads\/2021\/08\/license-led-terra-royal-ly-chinh-thang-quan-3-1030x476.jpg 1030w, https:\/\/shojiki.vn\/template\/uploads\/2021\/08\/license-led-terra-royal-ly-chinh-thang-quan-3-300x139.jpg 300w, https:\/\/shojiki.vn\/template\/uploads\/2021\/08\/license-led-terra-royal-ly-chinh-thang-quan-3-768x355.jpg 768w, https:\/\/shojiki.vn\/template\/uploads\/2021\/08\/license-led-terra-royal-ly-chinh-thang-quan-3-1536x711.jpg 1536w, https:\/\/shojiki.vn\/template\/uploads\/2021\/08\/license-led-terra-royal-ly-chinh-thang-quan-3.jpg 1898w\" alt=\"license m\u1eabu m\u00e0n h\u00ecnh led L\u00fd Ch\u00ednh Th\u1eafng, qu\u1eadn 3\" width=\"1030\" height=\"476\" aria-describedby=\"caption-attachment-7202\" \/><\/p>\n<p><span style=\"font-weight: 400;\">Compass Tech license sample made at LED Ly Chinh Thang, HCMC, Viet Nam.<\/span><\/p>\n<\/div>\n<\/div>\n<h2 style=\"text-align: justify;\"><b>About Digital Out Of Home advertising:<\/b><\/h2>\n<p style=\"text-align: justify;\"><span style=\"font-weight: 400;\"><a href=\"https:\/\/shojiki.vn\/en\/led-screen-advertising\"><span style=\"color: #ff6600;\"><strong>Digital Out Of Home<\/strong><\/span><\/a> becoming a new trend of modern advertising. It has many advantages over than other types of traditional advertising:<\/span><\/p>\n<ul style=\"text-align: justify;\">\n<li style=\"font-weight: 400;\" aria-level=\"1\"><span style=\"font-weight: 400;\">Vivid advertising content with many presentation forms: slides, videos&#8230;<\/span><\/li>\n<li style=\"font-weight: 400;\" aria-level=\"1\"><span style=\"font-weight: 400;\">Sharp, realistic images easily convey the message<\/span><\/li>\n<li style=\"font-weight: 400;\" aria-level=\"1\"><span style=\"font-weight: 400;\">Feel free to change, adjust the ad as you like<\/span><\/li>\n<li style=\"font-weight: 400;\" aria-level=\"1\"><span style=\"font-weight: 400;\">Integrated moisture-proof and heat-resistant technology to reduce maintenance costs significantly<\/span><\/li>\n<li style=\"font-weight: 400;\" aria-level=\"1\"><span style=\"font-weight: 400;\">Save more costs when you don&#8217;t have to spend extra money on the production of outdoor hiflex canvas like traditional advertising<\/span><\/li>\n<\/ul>\n<p style=\"text-align: justify;\"><img loading=\"lazy\" decoding=\"async\" class=\"aligncenter wp-image-7579 size-large\" src=\"https:\/\/shojiki.vn\/template\/uploads\/2021\/09\/led-le-duan-quoc-lo-51-1-1030x565.jpg\" alt=\"M\u00e0n h\u00ecnh qu\u1ed1c l\u1ed9 51, L\u00ea Du\u1ea9n, Bi\u00ean H\u00f2a, \u0110\u1ed3ng Nai\" width=\"1030\" height=\"565\" srcset=\"https:\/\/shojiki.vn\/wp-content\/uploads\/2021\/09\/led-le-duan-quoc-lo-51-1-1030x565.jpg 1030w, https:\/\/shojiki.vn\/wp-content\/uploads\/2021\/09\/led-le-duan-quoc-lo-51-1-300x165.jpg 300w, https:\/\/shojiki.vn\/wp-content\/uploads\/2021\/09\/led-le-duan-quoc-lo-51-1-768x421.jpg 768w, https:\/\/shojiki.vn\/wp-content\/uploads\/2021\/09\/led-le-duan-quoc-lo-51-1-1536x843.jpg 1536w, https:\/\/shojiki.vn\/wp-content\/uploads\/2021\/09\/led-le-duan-quoc-lo-51-1.jpg 1571w\" sizes=\"(max-width: 1030px) 100vw, 1030px\" \/><\/p>\n<h3 style=\"text-align: justify;\"><b>How can your ads appear on the LED screen <\/b><b>on National Route 51<\/b><b>, Dong Nai Province, Viet Nam?<\/b><\/h3>\n<p style=\"text-align: justify;\"><span style=\"font-weight: 400;\"><a href=\"https:\/\/shojiki.vn\/en\"><span style=\"color: #ff6600;\"><strong>SHOJIKI Advertising Joint Stock Company<\/strong><\/span><\/a> &#8211; is proud to be one of the leading advertising agencies in Vietnam. With the authorization from the city LED screen dealer, we are committed to bringing you the most prestigious and effective advertising service along with:<\/span><\/p>\n<ul style=\"text-align: justify;\">\n<li style=\"font-weight: 400;\" aria-level=\"1\"><span style=\"font-weight: 400;\">Support service <strong>GENERAL CONSULTATION<\/strong> of advertising strategies<\/span><\/li>\n<li style=\"font-weight: 400;\" aria-level=\"1\"><span style=\"font-weight: 400;\"><strong>SUPPORT SERVICE FOR DESIGNING<\/strong> content, advertising images<\/span><\/li>\n<li style=\"font-weight: 400;\" aria-level=\"1\"><span style=\"font-weight: 400;\">The construction team deploys the advertisement <strong>FAST<\/strong> and <strong>ONLY<\/strong><\/span><\/li>\n<li style=\"font-weight: 400;\" aria-level=\"1\"><span style=\"font-weight: 400;\"><strong>WARRANTY<\/strong> mode for the duration of the campaign<\/span><\/li>\n<li style=\"font-weight: 400;\" aria-level=\"1\"><span style=\"font-weight: 400;\">Attractive <strong>DISCOUNTS<\/strong> and <strong>SALES<\/strong> for customers<\/span><\/li>\n<\/ul>\n<p style=\"text-align: justify;\"><span style=\"font-weight: 400;\">In short, LED screen <\/span>at Eastern Bus Terminal <span style=\"font-weight: 400;\">is a great advertising place for your business. That&#8217;s why you should place your ads here. By contacting <a href=\"https:\/\/shojiki.vn\/en\"><span style=\"color: #ff6600;\"><strong>Shojiki<\/strong><\/span><\/a>, we will provide you with more detailed information about this LED.<\/span><\/p>\n<p style=\"text-align: justify;\"><span style=\"font-weight: 400;\">In addition, you can learn more about our other forms of outdoor advertising:<\/span><\/p>\n<ul style=\"text-align: justify;\">\n<li style=\"font-weight: 400;\" aria-level=\"1\"><a href=\"https:\/\/shojiki.vn\/en\/led-screen-advertising\"><span style=\"font-weight: 400; color: #ff6600;\">Outdoor LED Display<\/span><\/a><\/li>\n<li style=\"font-weight: 400;\" aria-level=\"1\"><a href=\"https:\/\/shojiki.vn\/en\/billboard\"><span style=\"font-weight: 400; color: #ff6600;\">Signboards, billboards, panels<\/span><\/a><\/li>\n<li style=\"font-weight: 400;\" aria-level=\"1\"><a href=\"https:\/\/shojiki.vn\/en\/offline-advertising\/airplane-advertising\"><span style=\"font-weight: 400; color: #ff6600;\">Airplane advertising<\/span><\/a><\/li>\n<li style=\"font-weight: 400;\" aria-level=\"1\"><a href=\"https:\/\/shojiki.vn\/en\/offline-advertising\/taxi-advertising\"><span style=\"font-weight: 400; color: #ff6600;\">Service of gluing ads on taxis<\/span><\/a><\/li>\n<li style=\"font-weight: 400;\" aria-level=\"1\"><a href=\"https:\/\/shojiki.vn\/en\/offline-advertising\/bus-advertising\"><span style=\"font-weight: 400; color: #ff6600;\">Bus advertising<\/span><\/a><\/li>\n<li style=\"font-weight: 400;\" aria-level=\"1\"><span style=\"font-weight: 400; color: #ff6600;\">Advertisement on apps Grab<\/span><\/li>\n<li style=\"font-weight: 400;\" aria-level=\"1\"><a href=\"https:\/\/shojiki.vn\/en\/offline-advertising\/advertising-at-gas-station\"><span style=\"font-weight: 400; color: #ff6600;\">Advertisement at gas station<\/span><\/a><\/li>\n<li style=\"font-weight: 400;\" aria-level=\"1\"><a href=\"https:\/\/shojiki.vn\/en\/advertising-at-convenience-stores\"><span style=\"font-weight: 400; color: #ff6600;\">Convenience store<\/span><\/a><\/li>\n<\/ul>\n<p style=\"text-align: justify;\"><strong>You can survey prices and buy online at: <a href=\"https:\/\/ooh.com.vn\/\"><span style=\"color: #ff6600;\">WikiOOH<\/span><\/a><\/strong><\/p>\n<p style=\"text-align: justify;\"><strong>We will measure the effectiveness of your outdoor advertising at: <a href=\"https:\/\/compasstech.asia\/en\/\"><span style=\"color: #ff6600;\">Compass Tech<\/span><\/a><\/strong><\/p>\n<h3 style=\"text-align: justify;\"><b>Some customers have their campaigns on LED screen on<\/b><b> National Route 51<\/b><\/h3>\n<p style=\"text-align: justify;\"><strong><a class=\"dt-pswp-item\" href=\"https:\/\/shojiki.vn\/template\/uploads\/2020\/03\/v\u1ecb-tr\u00ed-qu\u1ed1c-l\u1ed9-51.png\" data-dt-img-description=\"\" data-large_image_width=\"742\" data-large_image_height=\"459\"><img loading=\"lazy\" decoding=\"async\" class=\"aligncenter size-full wp-image-3153\" src=\"https:\/\/shojiki.vn\/template\/uploads\/2020\/03\/v\u1ecb-tr\u00ed-qu\u1ed1c-l\u1ed9-51.png\" alt=\"\" width=\"742\" height=\"459\" srcset=\"https:\/\/shojiki.vn\/wp-content\/uploads\/2020\/03\/v\u1ecb-tr\u00ed-qu\u1ed1c-l\u1ed9-51.png 742w, https:\/\/shojiki.vn\/wp-content\/uploads\/2020\/03\/v\u1ecb-tr\u00ed-qu\u1ed1c-l\u1ed9-51-300x186.png 300w\" sizes=\"(max-width: 742px) 100vw, 742px\" \/><\/a><\/strong><\/p>\n<p style=\"text-align: justify;\"><a class=\"dt-pswp-item\" href=\"https:\/\/shojiki.vn\/template\/uploads\/2021\/09\/led-le-duan-quoc-lo-51-3.jpg\" data-dt-img-description=\"\" data-large_image_width=\"1355\" data-large_image_height=\"767\"><img loading=\"lazy\" decoding=\"async\" class=\"aligncenter wp-image-7585 size-full\" src=\"https:\/\/shojiki.vn\/template\/uploads\/2021\/09\/led-le-duan-quoc-lo-51-3.jpg\" alt=\"Qu\u1ea3ng c\u00e1o m\u00e0n h\u00ecnh led ngo\u00e0i tr\u1eddi Qu\u1ed1c l\u1ed9 51, l\u00ea du\u1ea9n, \u0110\u1ed3ng Nai\" width=\"1355\" height=\"767\" srcset=\"https:\/\/shojiki.vn\/wp-content\/uploads\/2021\/09\/led-le-duan-quoc-lo-51-3.jpg 1355w, https:\/\/shojiki.vn\/wp-content\/uploads\/2021\/09\/led-le-duan-quoc-lo-51-3-300x170.jpg 300w, https:\/\/shojiki.vn\/wp-content\/uploads\/2021\/09\/led-le-duan-quoc-lo-51-3-1030x583.jpg 1030w, https:\/\/shojiki.vn\/wp-content\/uploads\/2021\/09\/led-le-duan-quoc-lo-51-3-768x435.jpg 768w\" sizes=\"(max-width: 1355px) 100vw, 1355px\" \/><\/a><\/p>\n<p class=\"photoswipe-wrapper\" style=\"text-align: justify;\"><strong><img loading=\"lazy\" decoding=\"async\" class=\"wp-image-3152 size-large\" src=\"https:\/\/shojiki.vn\/template\/uploads\/2020\/03\/Qu\u1ed1c-l\u1ed9-51-\u0111\u01b0\u1eddng-L\u00ea-Du\u1ea9n-Bi\u00ean-H\u00f2a-\u0110\u1ed3ng-Nai-1030x384.png\" alt=\"\" width=\"1030\" height=\"384\" srcset=\"https:\/\/shojiki.vn\/wp-content\/uploads\/2020\/03\/Qu\u1ed1c-l\u1ed9-51-\u0111\u01b0\u1eddng-L\u00ea-Du\u1ea9n-Bi\u00ean-H\u00f2a-\u0110\u1ed3ng-Nai-1030x384.png 1030w, https:\/\/shojiki.vn\/wp-content\/uploads\/2020\/03\/Qu\u1ed1c-l\u1ed9-51-\u0111\u01b0\u1eddng-L\u00ea-Du\u1ea9n-Bi\u00ean-H\u00f2a-\u0110\u1ed3ng-Nai-300x112.png 300w, https:\/\/shojiki.vn\/wp-content\/uploads\/2020\/03\/Qu\u1ed1c-l\u1ed9-51-\u0111\u01b0\u1eddng-L\u00ea-Du\u1ea9n-Bi\u00ean-H\u00f2a-\u0110\u1ed3ng-Nai-768x286.png 768w, https:\/\/shojiki.vn\/wp-content\/uploads\/2020\/03\/Qu\u1ed1c-l\u1ed9-51-\u0111\u01b0\u1eddng-L\u00ea-Du\u1ea9n-Bi\u00ean-H\u00f2a-\u0110\u1ed3ng-Nai.png 1339w\" sizes=\"(max-width: 1030px) 100vw, 1030px\" \/><\/strong><\/p>\n","protected":false},"excerpt":{"rendered":"<p>Specifications of LED screen on National Route 51, Dong Nai Province, Viet Nam\u00a0 Address Outdoor LED screen at the intersection of National Route 51, Le Duan Street, Bien Hoa City, Dong Nai Province, Viet Nam\u00a0 Area features \u2013 The LED screen is located at the bow of the National Route 51, Le Duan Street, Bien&hellip;<\/p>\n","protected":false},"author":4,"featured_media":0,"parent":0,"menu_order":0,"comment_status":"closed","ping_status":"closed","template":"","meta":{"_acf_changed":false,"footnotes":""},"class_list":["post-12294","page","type-page","status-publish","hentry","description-off"],"acf":[],"yoast_head":"<!-- This site is optimized with the Yoast SEO plugin v25.6 - https:\/\/yoast.com\/wordpress\/plugins\/seo\/ -->\n<title>Advertising LED screen on National Route 51, Dong Nai, Viet Nam<\/title>\n<meta name=\"description\" content=\"LED screen is located at the intersection of National Route 51 and Le Duan, Bien Hoa, Dong Nai. Contact (+84) 933 15 99 88\" \/>\n<meta name=\"robots\" content=\"index, follow, max-snippet:-1, max-image-preview:large, max-video-preview:-1\" \/>\n<link rel=\"canonical\" href=\"https:\/\/shojiki.vn\/en\/outdoor-advertising-led-screen-on-national-route-51-dong-nai-province-viet-nam\" \/>\n<meta property=\"og:locale\" content=\"en_US\" \/>\n<meta property=\"og:type\" content=\"article\" \/>\n<meta property=\"og:title\" content=\"Advertising LED screen on National Route 51, Dong Nai, Viet Nam\" \/>\n<meta property=\"og:description\" content=\"LED screen is located at the intersection of National Route 51 and Le Duan, Bien Hoa, Dong Nai. Contact (+84) 933 15 99 88\" \/>\n<meta property=\"og:url\" content=\"https:\/\/shojiki.vn\/en\/outdoor-advertising-led-screen-on-national-route-51-dong-nai-province-viet-nam\" \/>\n<meta property=\"og:site_name\" content=\"Shojiki.vn\" \/>\n<meta property=\"article:modified_time\" content=\"2022-07-01T08:40:22+00:00\" \/>\n<meta property=\"og:image\" content=\"https:\/\/shojiki.vn\/template\/uploads\/2021\/09\/led-le-duan-quoc-lo-51-2-1030x459.jpg\" \/>\n<meta name=\"twitter:label1\" content=\"Est. reading time\" \/>\n\t<meta name=\"twitter:data1\" content=\"5 minutes\" \/>\n<script type=\"application\/ld+json\" class=\"yoast-schema-graph\">{\"@context\":\"https:\/\/schema.org\",\"@graph\":[{\"@type\":\"WebPage\",\"@id\":\"https:\/\/shojiki.vn\/en\/outdoor-advertising-led-screen-on-national-route-51-dong-nai-province-viet-nam\",\"url\":\"https:\/\/shojiki.vn\/en\/outdoor-advertising-led-screen-on-national-route-51-dong-nai-province-viet-nam\",\"name\":\"Advertising LED screen on National Route 51, Dong Nai, Viet Nam\",\"isPartOf\":{\"@id\":\"https:\/\/shojiki.vn\/#website\"},\"primaryImageOfPage\":{\"@id\":\"https:\/\/shojiki.vn\/en\/outdoor-advertising-led-screen-on-national-route-51-dong-nai-province-viet-nam#primaryimage\"},\"image\":{\"@id\":\"https:\/\/shojiki.vn\/en\/outdoor-advertising-led-screen-on-national-route-51-dong-nai-province-viet-nam#primaryimage\"},\"thumbnailUrl\":\"https:\/\/shojiki.vn\/template\/uploads\/2021\/09\/led-le-duan-quoc-lo-51-2-1030x459.jpg\",\"datePublished\":\"2022-07-01T08:36:44+00:00\",\"dateModified\":\"2022-07-01T08:40:22+00:00\",\"description\":\"LED screen is located at the intersection of National Route 51 and Le Duan, Bien Hoa, Dong Nai. Contact (+84) 933 15 99 88\",\"breadcrumb\":{\"@id\":\"https:\/\/shojiki.vn\/en\/outdoor-advertising-led-screen-on-national-route-51-dong-nai-province-viet-nam#breadcrumb\"},\"inLanguage\":\"en-US\",\"potentialAction\":[{\"@type\":\"ReadAction\",\"target\":[\"https:\/\/shojiki.vn\/en\/outdoor-advertising-led-screen-on-national-route-51-dong-nai-province-viet-nam\"]}]},{\"@type\":\"ImageObject\",\"inLanguage\":\"en-US\",\"@id\":\"https:\/\/shojiki.vn\/en\/outdoor-advertising-led-screen-on-national-route-51-dong-nai-province-viet-nam#primaryimage\",\"url\":\"https:\/\/shojiki.vn\/template\/uploads\/2021\/09\/led-le-duan-quoc-lo-51-2-1030x459.jpg\",\"contentUrl\":\"https:\/\/shojiki.vn\/template\/uploads\/2021\/09\/led-le-duan-quoc-lo-51-2-1030x459.jpg\"},{\"@type\":\"BreadcrumbList\",\"@id\":\"https:\/\/shojiki.vn\/en\/outdoor-advertising-led-screen-on-national-route-51-dong-nai-province-viet-nam#breadcrumb\",\"itemListElement\":[{\"@type\":\"ListItem\",\"position\":1,\"name\":\"Home\",\"item\":\"https:\/\/shojiki.vn\/en\"},{\"@type\":\"ListItem\",\"position\":2,\"name\":\"Outdoor advertising LED screen on National Route 51, Dong Nai Province, Viet Nam\"}]},{\"@type\":\"WebSite\",\"@id\":\"https:\/\/shojiki.vn\/#website\",\"url\":\"https:\/\/shojiki.vn\/\",\"name\":\"Shojiki.vn\",\"description\":\"\",\"potentialAction\":[{\"@type\":\"SearchAction\",\"target\":{\"@type\":\"EntryPoint\",\"urlTemplate\":\"https:\/\/shojiki.vn\/?s={search_term_string}\"},\"query-input\":{\"@type\":\"PropertyValueSpecification\",\"valueRequired\":true,\"valueName\":\"search_term_string\"}}],\"inLanguage\":\"en-US\"}]}<\/script>\n<!-- \/ Yoast SEO plugin. -->","yoast_head_json":{"title":"Advertising LED screen on National Route 51, Dong Nai, Viet Nam","description":"LED screen is located at the intersection of National Route 51 and Le Duan, Bien Hoa, Dong Nai. Contact (+84) 933 15 99 88","robots":{"index":"index","follow":"follow","max-snippet":"max-snippet:-1","max-image-preview":"max-image-preview:large","max-video-preview":"max-video-preview:-1"},"canonical":"https:\/\/shojiki.vn\/en\/outdoor-advertising-led-screen-on-national-route-51-dong-nai-province-viet-nam","og_locale":"en_US","og_type":"article","og_title":"Advertising LED screen on National Route 51, Dong Nai, Viet Nam","og_description":"LED screen is located at the intersection of National Route 51 and Le Duan, Bien Hoa, Dong Nai. Contact (+84) 933 15 99 88","og_url":"https:\/\/shojiki.vn\/en\/outdoor-advertising-led-screen-on-national-route-51-dong-nai-province-viet-nam","og_site_name":"Shojiki.vn","article_modified_time":"2022-07-01T08:40:22+00:00","og_image":[{"url":"https:\/\/shojiki.vn\/template\/uploads\/2021\/09\/led-le-duan-quoc-lo-51-2-1030x459.jpg","type":"","width":"","height":""}],"twitter_misc":{"Est. reading time":"5 minutes"},"schema":{"@context":"https:\/\/schema.org","@graph":[{"@type":"WebPage","@id":"https:\/\/shojiki.vn\/en\/outdoor-advertising-led-screen-on-national-route-51-dong-nai-province-viet-nam","url":"https:\/\/shojiki.vn\/en\/outdoor-advertising-led-screen-on-national-route-51-dong-nai-province-viet-nam","name":"Advertising LED screen on National Route 51, Dong Nai, Viet Nam","isPartOf":{"@id":"https:\/\/shojiki.vn\/#website"},"primaryImageOfPage":{"@id":"https:\/\/shojiki.vn\/en\/outdoor-advertising-led-screen-on-national-route-51-dong-nai-province-viet-nam#primaryimage"},"image":{"@id":"https:\/\/shojiki.vn\/en\/outdoor-advertising-led-screen-on-national-route-51-dong-nai-province-viet-nam#primaryimage"},"thumbnailUrl":"https:\/\/shojiki.vn\/template\/uploads\/2021\/09\/led-le-duan-quoc-lo-51-2-1030x459.jpg","datePublished":"2022-07-01T08:36:44+00:00","dateModified":"2022-07-01T08:40:22+00:00","description":"LED screen is located at the intersection of National Route 51 and Le Duan, Bien Hoa, Dong Nai. Contact (+84) 933 15 99 88","breadcrumb":{"@id":"https:\/\/shojiki.vn\/en\/outdoor-advertising-led-screen-on-national-route-51-dong-nai-province-viet-nam#breadcrumb"},"inLanguage":"en-US","potentialAction":[{"@type":"ReadAction","target":["https:\/\/shojiki.vn\/en\/outdoor-advertising-led-screen-on-national-route-51-dong-nai-province-viet-nam"]}]},{"@type":"ImageObject","inLanguage":"en-US","@id":"https:\/\/shojiki.vn\/en\/outdoor-advertising-led-screen-on-national-route-51-dong-nai-province-viet-nam#primaryimage","url":"https:\/\/shojiki.vn\/template\/uploads\/2021\/09\/led-le-duan-quoc-lo-51-2-1030x459.jpg","contentUrl":"https:\/\/shojiki.vn\/template\/uploads\/2021\/09\/led-le-duan-quoc-lo-51-2-1030x459.jpg"},{"@type":"BreadcrumbList","@id":"https:\/\/shojiki.vn\/en\/outdoor-advertising-led-screen-on-national-route-51-dong-nai-province-viet-nam#breadcrumb","itemListElement":[{"@type":"ListItem","position":1,"name":"Home","item":"https:\/\/shojiki.vn\/en"},{"@type":"ListItem","position":2,"name":"Outdoor advertising LED screen on National Route 51, Dong Nai Province, Viet Nam"}]},{"@type":"WebSite","@id":"https:\/\/shojiki.vn\/#website","url":"https:\/\/shojiki.vn\/","name":"Shojiki.vn","description":"","potentialAction":[{"@type":"SearchAction","target":{"@type":"EntryPoint","urlTemplate":"https:\/\/shojiki.vn\/?s={search_term_string}"},"query-input":{"@type":"PropertyValueSpecification","valueRequired":true,"valueName":"search_term_string"}}],"inLanguage":"en-US"}]}},"_links":{"self":[{"href":"https:\/\/shojiki.vn\/en\/wp-json\/wp\/v2\/pages\/12294"}],"collection":[{"href":"https:\/\/shojiki.vn\/en\/wp-json\/wp\/v2\/pages"}],"about":[{"href":"https:\/\/shojiki.vn\/en\/wp-json\/wp\/v2\/types\/page"}],"author":[{"embeddable":true,"href":"https:\/\/shojiki.vn\/en\/wp-json\/wp\/v2\/users\/4"}],"replies":[{"embeddable":true,"href":"https:\/\/shojiki.vn\/en\/wp-json\/wp\/v2\/comments?post=12294"}],"version-history":[{"count":2,"href":"https:\/\/shojiki.vn\/en\/wp-json\/wp\/v2\/pages\/12294\/revisions"}],"predecessor-version":[{"id":12303,"href":"https:\/\/shojiki.vn\/en\/wp-json\/wp\/v2\/pages\/12294\/revisions\/12303"}],"wp:attachment":[{"href":"https:\/\/shojiki.vn\/en\/wp-json\/wp\/v2\/media?parent=12294"}],"curies":[{"name":"wp","href":"https:\/\/api.w.org\/{rel}","templated":true}]}}