{"id":12288,"date":"2022-07-01T15:01:28","date_gmt":"2022-07-01T08:01:28","guid":{"rendered":"https:\/\/shojiki.vn\/?page_id=12288"},"modified":"2022-07-01T15:01:29","modified_gmt":"2022-07-01T08:01:29","slug":"led-screen-bien-hung-roundabout-dong-nai","status":"publish","type":"page","link":"https:\/\/shojiki.vn\/en\/led-screen-bien-hung-roundabout-dong-nai","title":{"rendered":"LED screen Bien Hung roundabout, Dong Nai"},"content":{"rendered":"\n<p><img loading=\"lazy\" decoding=\"async\" class=\"aligncenter wp-image-7528 size-large\" src=\"https:\/\/shojiki.vn\/template\/uploads\/2021\/08\/vi-tri-man-hinh-led-vong-xoay-bien-hungg-1030x348.jpg\" alt=\"v\u1ecb tr\u00ed m\u00e0n h\u00ecnh led v\u00f2ng xoay Bi\u00ean H\u00f9ng, \u0110\u1ed3ng Nai \" width=\"1030\" height=\"348\" srcset=\"https:\/\/shojiki.vn\/wp-content\/uploads\/2021\/08\/vi-tri-man-hinh-led-vong-xoay-bien-hungg-1030x348.jpg 1030w, https:\/\/shojiki.vn\/wp-content\/uploads\/2021\/08\/vi-tri-man-hinh-led-vong-xoay-bien-hungg-300x101.jpg 300w, https:\/\/shojiki.vn\/wp-content\/uploads\/2021\/08\/vi-tri-man-hinh-led-vong-xoay-bien-hungg-768x259.jpg 768w, https:\/\/shojiki.vn\/wp-content\/uploads\/2021\/08\/vi-tri-man-hinh-led-vong-xoay-bien-hungg.jpg 1413w\" sizes=\"(max-width: 1030px) 100vw, 1030px\" \/><\/p>\n<h3><strong style=\"color: revert; word-spacing: normal;\">\u00a0<\/strong><\/h3>\n<h3><strong><span>Specifications of LED screen roundabout Bien Hung, Dong Nai<\/span><\/strong><\/h3>\n<table class=\" alignleft\">\n<tbody>\n<tr>\n<td class=\"has-text-align-left\" data-align=\"left\"><strong><span><span class=\"\">Address<\/span><\/span><\/strong><\/td>\n<td class=\"has-text-align-left\" data-align=\"left\"><span>Roundabout Bien Hung, Bien Hoa, Dong Nai<\/span><\/td>\n<\/tr>\n<tr>\n<td class=\"has-text-align-left\" data-align=\"left\"><strong><span>Area features<\/span><\/strong><\/td>\n<td class=\"has-text-align-left\" data-align=\"left\"><span><span class=\"\">\u2013 LED screen is located right at the Bien Hung roundabout, approaching the road most of the population lives here.<\/span><\/span>\n<p><span>\u2013 LED screen is easy to see, bright at night<\/span><\/p>\n<p><span>&#8211; Visibility is about 200m<\/span><\/p>\n<p><span>\u2013 There are about\u00a0<\/span><strong><span>70,269\u00a0<\/span><\/strong><strong><span>\u00a0people<\/span><\/strong><span>\u00a0\u00a0passing by every day (according to Compass Tech)<\/span><\/p>\n<\/td>\n<\/tr>\n<tr>\n<td class=\"has-text-align-left\" data-align=\"left\"><strong><span>Size<\/span><\/strong><\/td>\n<td class=\"has-text-align-left\" data-align=\"left\">4mH x 7mW = 28m<sup>2<\/sup><\/td>\n<\/tr>\n<tr>\n<td class=\"has-text-align-left\" data-align=\"left\"><strong><span>Operating time<\/span><\/strong><\/td>\n<td class=\"has-text-align-left\" data-align=\"left\"><span>6h-13h, 16h-22h<\/span><\/td>\n<\/tr>\n<tr>\n<td class=\"has-text-align-left\" data-align=\"left\"><strong><span>Frequency<\/span><\/strong><\/td>\n<td class=\"has-text-align-left\" data-align=\"left\"><span>\u00a08 minutes\/time\/spot (about 240 spots\/day) (15s each spot is 15s long)<\/span><\/td>\n<\/tr>\n<tr>\n<td class=\"has-text-align-left\" data-align=\"left\"><strong><span>Price<\/span><\/strong><\/td>\n<td class=\"has-text-align-left\" data-align=\"left\"><span><span class=\"\">Contact: 0933 15 99 88<\/span><\/span><\/td>\n<\/tr>\n<\/tbody>\n<\/table>\n<h3><strong><span>Outdoor LED display\u00a0\u00a0<\/span><\/strong><strong><span>roundabout Bien Hung, Bien Hoa, Dong Nai:<\/span><\/strong><\/h3>\n<p><span>To maximize the ability to reach customers, you should choose the location of outdoor advertising LED screens in places with high traffic density.\u00a0Therefore, you should not skip the screen here.\u00a0Why?<\/span><\/p>\n<p><span>LED screen at Bien Hung roundabout, Bien Hoa City, Dong Nai province.\u00a0The direction is clear from many different angles.\u00a0The volume of vehicles moving through this road is very large because of regular traffic, it is estimated that there are about\u00a0<\/span><strong><span>70,269\u00a0<\/span><\/strong><strong><span> people\u00a0<\/span><\/strong><span>passing by each day.\u00a0Thanks to this feature, your ad will reach a large number of passersby.<\/span><\/p>\n<h3><img loading=\"lazy\" decoding=\"async\" class=\"wp-image-3147 size-large\" style=\"font-family: -apple-system, BlinkMacSystemFont, 'Segoe UI', Roboto, Oxygen-Sans, Ubuntu, Cantarell, 'Helvetica Neue', sans-serif; font-size: 16px; word-spacing: normal;\" src=\"https:\/\/shojiki.vn\/template\/uploads\/2020\/03\/Bi\u00ean-H\u00f9ng-\u0110\u1ed3ng-Nai-1030x351.png\" alt=\"qu\u1ea3ng c\u00e1o m\u00e0n h\u00ecnh led v\u00f2ng xoay Bi\u00ean H\u00f9ng, Bi\u00ean H\u00f2a, \u0110\u1ed3ng Nai\" width=\"1030\" height=\"351\" srcset=\"https:\/\/shojiki.vn\/wp-content\/uploads\/2020\/03\/Bi\u00ean-H\u00f9ng-\u0110\u1ed3ng-Nai-1030x351.png 1030w, https:\/\/shojiki.vn\/wp-content\/uploads\/2020\/03\/Bi\u00ean-H\u00f9ng-\u0110\u1ed3ng-Nai-300x102.png 300w, https:\/\/shojiki.vn\/wp-content\/uploads\/2020\/03\/Bi\u00ean-H\u00f9ng-\u0110\u1ed3ng-Nai-768x262.png 768w, https:\/\/shojiki.vn\/wp-content\/uploads\/2020\/03\/Bi\u00ean-H\u00f9ng-\u0110\u1ed3ng-Nai.png 1332w\" sizes=\"(max-width: 1030px) 100vw, 1030px\" \/><\/h3>\n\nAdvertising at the LED screen roundabout Bien Hung, Bien Hoa, Dong Nai\n\n<p><span style=\"color: #ff6600;\"><a style=\"color: #ff6600;\" href=\"https:\/\/shojiki.vn\/man-hinh-led-nguyen-ai-quoc-bien-hoa-dong-nai\"><span class=\"goog-text-highlight\">See more led screens at Nguyen Ai Quoc, Bien Hoa, Dong Nai\u00a0<\/span><\/a><\/span><\/p>\n<h3><strong><span><span class=\"\">Report the effectiveness of Compass&#8217;s outdoor advertising when advertising here:<\/span><\/span><\/strong><\/h3>\n<div id=\"attachment_3135\" class=\"wp-caption aligncenter photoswipe-wrapper\">\n<div id=\"attachment_7202\" class=\"wp-caption aligncenter photoswipe-wrapper\">\n<div id=\"attachment_7202\" class=\"wp-caption aligncenter photoswipe-wrapper\"><img loading=\"lazy\" decoding=\"async\" class=\"wp-image-7202 size-large\" src=\"https:\/\/shojiki.vn\/template\/uploads\/2021\/08\/license-led-terra-royal-ly-chinh-thang-quan-3-1030x476.jpg\" sizes=\"(max-width: 1030px) 100vw, 1030px\" srcset=\"https:\/\/shojiki.vn\/template\/uploads\/2021\/08\/license-led-terra-royal-ly-chinh-thang-quan-3-1030x476.jpg 1030w, https:\/\/shojiki.vn\/template\/uploads\/2021\/08\/license-led-terra-royal-ly-chinh-thang-quan-3-300x139.jpg 300w, https:\/\/shojiki.vn\/template\/uploads\/2021\/08\/license-led-terra-royal-ly-chinh-thang-quan-3-768x355.jpg 768w, https:\/\/shojiki.vn\/template\/uploads\/2021\/08\/license-led-terra-royal-ly-chinh-thang-quan-3-1536x711.jpg 1536w, https:\/\/shojiki.vn\/template\/uploads\/2021\/08\/license-led-terra-royal-ly-chinh-thang-quan-3.jpg 1898w\" alt=\"license m\u1eabu m\u00e0n h\u00ecnh led L\u00fd Ch\u00ednh Th\u1eafng, qu\u1eadn 3\" width=\"1030\" height=\"476\" aria-describedby=\"caption-attachment-7202\" \/>\n<p id=\"caption-attachment-7202\" class=\"wp-caption-text\"><em>Compass Tech&#8217;s license sample made at Led Ly Chinh Thang<\/em><\/p>\n<\/div>\n<\/div>\n<\/div>\n<h3><strong><span>Outdoor LED display advertising form:<\/span><\/strong><\/h3>\n<p><a href=\"https:\/\/shojiki.vn\/quang-cao-offline\/quang-cao-led-ngoai-troi\"><span><span style=\"color: #ff6600;\">Outdoor LED display<\/span><\/span><\/a><span>\u00a0\u00a0is gradually becoming a new trend of modern advertising.\u00a0It has many advantages over other traditional forms of <\/span><a href=\"https:\/\/shojiki.vn\/quang-cao-bien-bang\"><span><span style=\"color: #ff6600;\">advertising<\/span><\/span><\/a><span>\u00a0\u00a0:<\/span><\/p>\n<ul>\n<li><span>Vivid advertising content with many presentation forms: slides, videos, &#8230;<\/span><\/li>\n<li><span>Sharp, realistic images easily convey the message<\/span><\/li>\n<li><span>Feel free to change, adjust the ad as you like<\/span><\/li>\n<li><span>Integrated moisture-proof and heat-resistant technology to reduce maintenance costs significantly<\/span><\/li>\n<li><span>Save more costs when you don&#8217;t have to spend extra money for the production of outdoor hiflex canvas like other traditional forms of advertising<\/span><\/li>\n<\/ul>\n<h3><img loading=\"lazy\" decoding=\"async\" class=\"wp-image-7531 size-large\" style=\"font-family: -apple-system, BlinkMacSystemFont, 'Segoe UI', Roboto, Oxygen-Sans, Ubuntu, Cantarell, 'Helvetica Neue', sans-serif; font-size: 16px; word-spacing: normal;\" src=\"https:\/\/shojiki.vn\/template\/uploads\/2021\/08\/man-hinh-led-vong-xoay-bien-hung-2-1030x634.jpg\" alt=\"Qu\u1ea3ng c\u00e1o t\u1ea1i m\u00e0n h\u00ecnh LED b\u00f9ng binh Bi\u00ean H\u00f9ng, Bi\u00ean H\u00f2a, \u0110\u1ed3ng Nai\" width=\"1030\" height=\"634\" srcset=\"https:\/\/shojiki.vn\/wp-content\/uploads\/2021\/08\/man-hinh-led-vong-xoay-bien-hung-2-1030x634.jpg 1030w, https:\/\/shojiki.vn\/wp-content\/uploads\/2021\/08\/man-hinh-led-vong-xoay-bien-hung-2-300x185.jpg 300w, https:\/\/shojiki.vn\/wp-content\/uploads\/2021\/08\/man-hinh-led-vong-xoay-bien-hung-2-768x473.jpg 768w, https:\/\/shojiki.vn\/wp-content\/uploads\/2021\/08\/man-hinh-led-vong-xoay-bien-hung-2.jpg 1061w\" sizes=\"(max-width: 1030px) 100vw, 1030px\" \/><\/h3>\n<div id=\"attachment_7515\" class=\"wp-caption aligncenter\">\n\nAdvertising at LED screen roundabout Bien Hung, Bien Hoa, Dong Nai\n\n<\/div>\n<p><span style=\"color: #ff6600;\"><a style=\"color: #ff6600;\" href=\"https:\/\/shojiki.vn\/man-hinh-led-long-thanh-quoc-lo-51-dong-nai\">See more led screens at Highway 51, Long Thanh, Dong Nai<\/a><\/span><\/p>\n<h3><strong><span>How to make your ad appear on led Bien Hung, Bien Hoa, Dong Nai:<\/span><\/strong><\/h3>\n<p><span style=\"color: #ff6600;\"><a style=\"color: #ff6600;\" href=\"https:\/\/shojiki.vn\/\">SHOJIKI<\/a><\/span><span><span style=\"color: #ff6600;\">\u00a0<\/span>Advertising Joint Stock Company\u00a0&#8211; is proud to be one of the leading advertising agencies in Vietnam.\u00a0With the authorization from the city LED screen dealer, we are committed to bringing you the most prestigious and effective advertising service along with:<\/span><\/p>\n<ul>\n<li><span>Support service\u00a0\u00a0<\/span><strong><span>GENERAL CONSULTATION<\/span><\/strong><span>\u00a0\u00a0of advertising strategies<\/span><\/li>\n<li><strong><span>SUPPORT SERVICE FOR DESIGNING<\/span><\/strong><span> content, advertising images<\/span><\/li>\n<li><span>The construction team deploys the advertisement\u00a0\u00a0<\/span><strong><span>FAST<\/span><\/strong><span>\u00a0\u00a0and\u00a0\u00a0<\/span><strong><span>ONLY<\/span><\/strong><\/li>\n<li><strong><span>WARRANTY<\/span><\/strong><span>\u00a0mode\u00a0\u00a0\u00a0for the duration of the campaign<\/span><\/li>\n<li><span><strong>Attractive\u00a0<\/strong><\/span><strong><span>DISCOUNTS\u00a0<\/span><\/strong><span>\u00a0and\u00a0\u00a0SALES\u00a0\u00a0\u00a0for customers<\/span><\/li>\n<\/ul>\n<p><span>In short, Bien Hung, Bien Hoa, Dong Nai roundabout LED display is a great advertising place for your business. That&#8217;s why you should place ads here.\u00a0By contacting<span style=\"color: #ff6600;\">\u00a0<\/span><\/span><span style=\"color: #ff6600;\"><a style=\"color: #ff6600;\" href=\"https:\/\/shojiki.vn\/\">Shojiki<\/a><\/span><span>, we will provide you with more detailed information.<\/span><\/p>\n<p><span>In addition, you can learn more about our other forms of outdoor advertising:<\/span><\/p>\n<ul>\n<li><span style=\"color: #ff6600;\"><a style=\"color: #ff6600;\" href=\"https:\/\/shojiki.vn\/quang-cao-led-ngoai-troi\">Outdoor LED Display<\/a><\/span><\/li>\n<li><span style=\"color: #ff6600;\"><a style=\"color: #ff6600;\" href=\"https:\/\/shojiki.vn\/quang-cao-bien-bang\">Signboards, billboards, panels<\/a><\/span><\/li>\n<li><span style=\"color: #ff6600;\"><a style=\"color: #ff6600;\" href=\"https:\/\/shojiki.vn\/quang-cao-may-bay\">Airplane advertising<\/a><\/span><\/li>\n<li><span style=\"color: #ff6600;\"><a style=\"color: #ff6600;\" href=\"https:\/\/shojiki.vn\/quang-cao-offline\/quang-cao-xe-taxi\">Service of advertising on taxis<\/a><\/span><\/li>\n<li><span style=\"color: #ff6600;\"><a style=\"color: #ff6600;\" href=\"https:\/\/shojiki.vn\/quang-cao-offline\/quang-cao-xe-bus\">Bus<\/a><\/span><\/li>\n<li><span style=\"color: #ff6600;\"><a style=\"color: #ff6600;\" href=\"https:\/\/shojiki.vn\/quang-cao-tren-app-grab\">Super app Grab Ads<\/a><\/span><\/li>\n<li><span style=\"color: #ff6600;\"><a style=\"color: #ff6600;\" href=\"https:\/\/shojiki.vn\/quang-cao-tram-xang-tin-nghia\">Advertisement at gas station<\/a><\/span><\/li>\n<li><span style=\"color: #ff6600;\"><a style=\"color: #ff6600;\" href=\"https:\/\/shojiki.vn\/quang-cao-tai-cua-hang-tien-loi\">Grocery store<\/a><\/span><\/li>\n<\/ul>\n<h4><span>You can survey prices and buy billboards online at <\/span><span style=\"color: #ff6600;\"><a style=\"color: #ff6600;\" href=\"https:\/\/ooh.com.vn\/\">WikiOOH<\/a><\/span><br \/><span>We will measure the effectiveness of your outdoor advertising at <\/span><span style=\"color: #ff6600;\"><a style=\"color: #ff6600;\" href=\"https:\/\/compasstech.asia\/\">Compass Tech<\/a><\/span><\/h4>\n<h3><strong><span>Some customers have advertised at Bien Hung, Dong Nai roundabout LED screen:<\/span><\/strong><\/h3>\n<div id=\"attachment_7537\" style=\"width: 1040px\" class=\"wp-caption aligncenter\"><img loading=\"lazy\" decoding=\"async\" aria-describedby=\"caption-attachment-7537\" class=\"wp-image-7537 size-large\" src=\"https:\/\/shojiki.vn\/template\/uploads\/2021\/08\/man-hinh-led-vong-xoay-bien-hungg-1-1030x645.jpg\" alt=\"Qu\u1ea3ng c\u00e1o t\u1ea1i m\u00e0n h\u00ecnh LED Bi\u00ean H\u00f9ng, Bi\u00ean H\u00f2a, \u0110\u1ed3ng Nai\" width=\"1030\" height=\"645\" srcset=\"https:\/\/shojiki.vn\/wp-content\/uploads\/2021\/08\/man-hinh-led-vong-xoay-bien-hungg-1-1030x645.jpg 1030w, https:\/\/shojiki.vn\/wp-content\/uploads\/2021\/08\/man-hinh-led-vong-xoay-bien-hungg-1-300x188.jpg 300w, https:\/\/shojiki.vn\/wp-content\/uploads\/2021\/08\/man-hinh-led-vong-xoay-bien-hungg-1-768x481.jpg 768w, https:\/\/shojiki.vn\/wp-content\/uploads\/2021\/08\/man-hinh-led-vong-xoay-bien-hungg-1.jpg 1192w\" sizes=\"(max-width: 1030px) 100vw, 1030px\" \/><p id=\"caption-attachment-7537\" class=\"wp-caption-text\">The led screen is very large and clear, attracting all the eyes of passersby<\/p><\/div>\n<div id=\"attachment_7534\" style=\"width: 1040px\" class=\"wp-caption aligncenter\"><img loading=\"lazy\" decoding=\"async\" aria-describedby=\"caption-attachment-7534\" class=\"wp-image-7534 size-large\" src=\"https:\/\/shojiki.vn\/template\/uploads\/2021\/08\/man-hinh-led-vong-xoay-bien-hung-3-1030x663.jpg\" alt=\"Qu\u1ea3ng c\u00e1o t\u1ea1i m\u00e0n h\u00ecnh LED v\u00f2ng xoay Bi\u00ean H\u00f9ng, Bi\u00ean H\u00f2a, \u0110\u1ed3ng Nai\" width=\"1030\" height=\"663\" srcset=\"https:\/\/shojiki.vn\/wp-content\/uploads\/2021\/08\/man-hinh-led-vong-xoay-bien-hung-3-1030x663.jpg 1030w, https:\/\/shojiki.vn\/wp-content\/uploads\/2021\/08\/man-hinh-led-vong-xoay-bien-hung-3-300x193.jpg 300w, https:\/\/shojiki.vn\/wp-content\/uploads\/2021\/08\/man-hinh-led-vong-xoay-bien-hung-3-768x494.jpg 768w, https:\/\/shojiki.vn\/wp-content\/uploads\/2021\/08\/man-hinh-led-vong-xoay-bien-hung-3.jpg 1046w\" sizes=\"(max-width: 1030px) 100vw, 1030px\" \/><p id=\"caption-attachment-7534\" class=\"wp-caption-text\">Dien May Xanh advertised at the led screen Bien Hung, Bien Hoa, Dong Nai.<\/p><\/div>\n","protected":false},"excerpt":{"rendered":"<p>\u00a0 Specifications of LED screen roundabout Bien Hung, Dong Nai Address Roundabout Bien Hung, Bien Hoa, Dong Nai Area features \u2013 LED screen is located right at the Bien Hung roundabout, approaching the road most of the population lives here. \u2013 LED screen is easy to see, bright at night &#8211; Visibility is about 200m&hellip;<\/p>\n","protected":false},"author":4,"featured_media":0,"parent":0,"menu_order":0,"comment_status":"closed","ping_status":"closed","template":"","meta":{"_acf_changed":false,"footnotes":""},"class_list":["post-12288","page","type-page","status-publish","hentry","description-off"],"acf":[],"yoast_head":"<!-- This site is optimized with the Yoast SEO plugin v25.6 - https:\/\/yoast.com\/wordpress\/plugins\/seo\/ -->\n<title>LED screen Bien Hung roundabout, Dong Nai - Shojiki.vn<\/title>\n<meta name=\"robots\" content=\"index, follow, max-snippet:-1, max-image-preview:large, max-video-preview:-1\" \/>\n<link rel=\"canonical\" href=\"https:\/\/shojiki.vn\/en\/led-screen-bien-hung-roundabout-dong-nai\" \/>\n<meta property=\"og:locale\" content=\"en_US\" \/>\n<meta property=\"og:type\" content=\"article\" \/>\n<meta property=\"og:title\" content=\"LED screen Bien Hung roundabout, Dong Nai - Shojiki.vn\" \/>\n<meta property=\"og:description\" content=\"\u00a0 Specifications of LED screen roundabout Bien Hung, Dong Nai Address Roundabout Bien Hung, Bien Hoa, Dong Nai Area features \u2013 LED screen is located right at the Bien Hung roundabout, approaching the road most of the population lives here. \u2013 LED screen is easy to see, bright at night &#8211; Visibility is about 200m&hellip;\" \/>\n<meta property=\"og:url\" content=\"https:\/\/shojiki.vn\/en\/led-screen-bien-hung-roundabout-dong-nai\" \/>\n<meta property=\"og:site_name\" content=\"Shojiki.vn\" \/>\n<meta property=\"article:modified_time\" content=\"2022-07-01T08:01:29+00:00\" \/>\n<meta property=\"og:image\" content=\"https:\/\/shojiki.vn\/template\/uploads\/2021\/08\/vi-tri-man-hinh-led-vong-xoay-bien-hungg-1030x348.jpg\" \/>\n<meta name=\"twitter:label1\" content=\"Est. reading time\" \/>\n\t<meta name=\"twitter:data1\" content=\"5 minutes\" \/>\n<script type=\"application\/ld+json\" class=\"yoast-schema-graph\">{\"@context\":\"https:\/\/schema.org\",\"@graph\":[{\"@type\":\"WebPage\",\"@id\":\"https:\/\/shojiki.vn\/en\/led-screen-bien-hung-roundabout-dong-nai\",\"url\":\"https:\/\/shojiki.vn\/en\/led-screen-bien-hung-roundabout-dong-nai\",\"name\":\"LED screen Bien Hung roundabout, Dong Nai - Shojiki.vn\",\"isPartOf\":{\"@id\":\"https:\/\/shojiki.vn\/#website\"},\"primaryImageOfPage\":{\"@id\":\"https:\/\/shojiki.vn\/en\/led-screen-bien-hung-roundabout-dong-nai#primaryimage\"},\"image\":{\"@id\":\"https:\/\/shojiki.vn\/en\/led-screen-bien-hung-roundabout-dong-nai#primaryimage\"},\"thumbnailUrl\":\"https:\/\/shojiki.vn\/template\/uploads\/2021\/08\/vi-tri-man-hinh-led-vong-xoay-bien-hungg-1030x348.jpg\",\"datePublished\":\"2022-07-01T08:01:28+00:00\",\"dateModified\":\"2022-07-01T08:01:29+00:00\",\"breadcrumb\":{\"@id\":\"https:\/\/shojiki.vn\/en\/led-screen-bien-hung-roundabout-dong-nai#breadcrumb\"},\"inLanguage\":\"en-US\",\"potentialAction\":[{\"@type\":\"ReadAction\",\"target\":[\"https:\/\/shojiki.vn\/en\/led-screen-bien-hung-roundabout-dong-nai\"]}]},{\"@type\":\"ImageObject\",\"inLanguage\":\"en-US\",\"@id\":\"https:\/\/shojiki.vn\/en\/led-screen-bien-hung-roundabout-dong-nai#primaryimage\",\"url\":\"https:\/\/shojiki.vn\/template\/uploads\/2021\/08\/vi-tri-man-hinh-led-vong-xoay-bien-hungg-1030x348.jpg\",\"contentUrl\":\"https:\/\/shojiki.vn\/template\/uploads\/2021\/08\/vi-tri-man-hinh-led-vong-xoay-bien-hungg-1030x348.jpg\"},{\"@type\":\"BreadcrumbList\",\"@id\":\"https:\/\/shojiki.vn\/en\/led-screen-bien-hung-roundabout-dong-nai#breadcrumb\",\"itemListElement\":[{\"@type\":\"ListItem\",\"position\":1,\"name\":\"Home\",\"item\":\"https:\/\/shojiki.vn\/en\"},{\"@type\":\"ListItem\",\"position\":2,\"name\":\"LED screen Bien Hung roundabout, Dong Nai\"}]},{\"@type\":\"WebSite\",\"@id\":\"https:\/\/shojiki.vn\/#website\",\"url\":\"https:\/\/shojiki.vn\/\",\"name\":\"Shojiki.vn\",\"description\":\"\",\"potentialAction\":[{\"@type\":\"SearchAction\",\"target\":{\"@type\":\"EntryPoint\",\"urlTemplate\":\"https:\/\/shojiki.vn\/?s={search_term_string}\"},\"query-input\":{\"@type\":\"PropertyValueSpecification\",\"valueRequired\":true,\"valueName\":\"search_term_string\"}}],\"inLanguage\":\"en-US\"}]}<\/script>\n<!-- \/ Yoast SEO plugin. -->","yoast_head_json":{"title":"LED screen Bien Hung roundabout, Dong Nai - Shojiki.vn","robots":{"index":"index","follow":"follow","max-snippet":"max-snippet:-1","max-image-preview":"max-image-preview:large","max-video-preview":"max-video-preview:-1"},"canonical":"https:\/\/shojiki.vn\/en\/led-screen-bien-hung-roundabout-dong-nai","og_locale":"en_US","og_type":"article","og_title":"LED screen Bien Hung roundabout, Dong Nai - Shojiki.vn","og_description":"\u00a0 Specifications of LED screen roundabout Bien Hung, Dong Nai Address Roundabout Bien Hung, Bien Hoa, Dong Nai Area features \u2013 LED screen is located right at the Bien Hung roundabout, approaching the road most of the population lives here. \u2013 LED screen is easy to see, bright at night &#8211; Visibility is about 200m&hellip;","og_url":"https:\/\/shojiki.vn\/en\/led-screen-bien-hung-roundabout-dong-nai","og_site_name":"Shojiki.vn","article_modified_time":"2022-07-01T08:01:29+00:00","og_image":[{"url":"https:\/\/shojiki.vn\/template\/uploads\/2021\/08\/vi-tri-man-hinh-led-vong-xoay-bien-hungg-1030x348.jpg","type":"","width":"","height":""}],"twitter_misc":{"Est. reading time":"5 minutes"},"schema":{"@context":"https:\/\/schema.org","@graph":[{"@type":"WebPage","@id":"https:\/\/shojiki.vn\/en\/led-screen-bien-hung-roundabout-dong-nai","url":"https:\/\/shojiki.vn\/en\/led-screen-bien-hung-roundabout-dong-nai","name":"LED screen Bien Hung roundabout, Dong Nai - Shojiki.vn","isPartOf":{"@id":"https:\/\/shojiki.vn\/#website"},"primaryImageOfPage":{"@id":"https:\/\/shojiki.vn\/en\/led-screen-bien-hung-roundabout-dong-nai#primaryimage"},"image":{"@id":"https:\/\/shojiki.vn\/en\/led-screen-bien-hung-roundabout-dong-nai#primaryimage"},"thumbnailUrl":"https:\/\/shojiki.vn\/template\/uploads\/2021\/08\/vi-tri-man-hinh-led-vong-xoay-bien-hungg-1030x348.jpg","datePublished":"2022-07-01T08:01:28+00:00","dateModified":"2022-07-01T08:01:29+00:00","breadcrumb":{"@id":"https:\/\/shojiki.vn\/en\/led-screen-bien-hung-roundabout-dong-nai#breadcrumb"},"inLanguage":"en-US","potentialAction":[{"@type":"ReadAction","target":["https:\/\/shojiki.vn\/en\/led-screen-bien-hung-roundabout-dong-nai"]}]},{"@type":"ImageObject","inLanguage":"en-US","@id":"https:\/\/shojiki.vn\/en\/led-screen-bien-hung-roundabout-dong-nai#primaryimage","url":"https:\/\/shojiki.vn\/template\/uploads\/2021\/08\/vi-tri-man-hinh-led-vong-xoay-bien-hungg-1030x348.jpg","contentUrl":"https:\/\/shojiki.vn\/template\/uploads\/2021\/08\/vi-tri-man-hinh-led-vong-xoay-bien-hungg-1030x348.jpg"},{"@type":"BreadcrumbList","@id":"https:\/\/shojiki.vn\/en\/led-screen-bien-hung-roundabout-dong-nai#breadcrumb","itemListElement":[{"@type":"ListItem","position":1,"name":"Home","item":"https:\/\/shojiki.vn\/en"},{"@type":"ListItem","position":2,"name":"LED screen Bien Hung roundabout, Dong Nai"}]},{"@type":"WebSite","@id":"https:\/\/shojiki.vn\/#website","url":"https:\/\/shojiki.vn\/","name":"Shojiki.vn","description":"","potentialAction":[{"@type":"SearchAction","target":{"@type":"EntryPoint","urlTemplate":"https:\/\/shojiki.vn\/?s={search_term_string}"},"query-input":{"@type":"PropertyValueSpecification","valueRequired":true,"valueName":"search_term_string"}}],"inLanguage":"en-US"}]}},"_links":{"self":[{"href":"https:\/\/shojiki.vn\/en\/wp-json\/wp\/v2\/pages\/12288"}],"collection":[{"href":"https:\/\/shojiki.vn\/en\/wp-json\/wp\/v2\/pages"}],"about":[{"href":"https:\/\/shojiki.vn\/en\/wp-json\/wp\/v2\/types\/page"}],"author":[{"embeddable":true,"href":"https:\/\/shojiki.vn\/en\/wp-json\/wp\/v2\/users\/4"}],"replies":[{"embeddable":true,"href":"https:\/\/shojiki.vn\/en\/wp-json\/wp\/v2\/comments?post=12288"}],"version-history":[{"count":2,"href":"https:\/\/shojiki.vn\/en\/wp-json\/wp\/v2\/pages\/12288\/revisions"}],"predecessor-version":[{"id":12292,"href":"https:\/\/shojiki.vn\/en\/wp-json\/wp\/v2\/pages\/12288\/revisions\/12292"}],"wp:attachment":[{"href":"https:\/\/shojiki.vn\/en\/wp-json\/wp\/v2\/media?parent=12288"}],"curies":[{"name":"wp","href":"https:\/\/api.w.org\/{rel}","templated":true}]}}