{"id":12253,"date":"2022-07-01T12:11:06","date_gmt":"2022-07-01T05:11:06","guid":{"rendered":"https:\/\/shojiki.vn\/?page_id=12253"},"modified":"2022-07-01T12:11:07","modified_gmt":"2022-07-01T05:11:07","slug":"led-screen-long-thanh-national-highway-51-dong-nai","status":"publish","type":"page","link":"https:\/\/shojiki.vn\/en\/led-screen-long-thanh-national-highway-51-dong-nai","title":{"rendered":"LED screen Long Thanh, National Highway 51, Dong Nai"},"content":{"rendered":"\n<p><a class=\"dt-pswp-item\" href=\"https:\/\/shojiki.vn\/template\/uploads\/2021\/08\/vi-tri-man-hinh-led-long-thanh-2-bien-hoa-dong-nai.jpg\" data-dt-img-description=\"\" data-large_image_width=\"1276\" data-large_image_height=\"459\"><img loading=\"lazy\" decoding=\"async\" class=\"aligncenter wp-image-7498 size-full\" src=\"https:\/\/shojiki.vn\/template\/uploads\/2021\/08\/vi-tri-man-hinh-led-long-thanh-2-bien-hoa-dong-nai.jpg\" alt=\"v\u1ecb tr\u00ed m\u00e0n h\u00ecnh LED Long Th\u00e0nh, qu\u1ed1c l\u1ed9 51, \u0110\u1ed3ng Nai\" width=\"1276\" height=\"459\" srcset=\"https:\/\/shojiki.vn\/wp-content\/uploads\/2021\/08\/vi-tri-man-hinh-led-long-thanh-2-bien-hoa-dong-nai.jpg 1276w, https:\/\/shojiki.vn\/wp-content\/uploads\/2021\/08\/vi-tri-man-hinh-led-long-thanh-2-bien-hoa-dong-nai-300x108.jpg 300w, https:\/\/shojiki.vn\/wp-content\/uploads\/2021\/08\/vi-tri-man-hinh-led-long-thanh-2-bien-hoa-dong-nai-1030x371.jpg 1030w, https:\/\/shojiki.vn\/wp-content\/uploads\/2021\/08\/vi-tri-man-hinh-led-long-thanh-2-bien-hoa-dong-nai-768x276.jpg 768w\" sizes=\"(max-width: 1276px) 100vw, 1276px\" \/><\/a><\/p>\n<h3><strong>Specifications of LED screen Long Thanh, National Highway 51, Dong Nai:<\/strong><\/h3>\n<table style=\"width: 100%;\">\n<tbody>\n<tr>\n<td class=\"has-text-align-left\" style=\"width: 11.6484%;\" data-align=\"left\"><strong>Address<\/strong><\/td>\n<td class=\"has-text-align-left\" style=\"width: 87.9853%;\" data-align=\"left\">LED screen at National Highway 51, Le Duan, Bien Hoa, Dong Nai &#8211; 500m from Ho Chi Minh City to Long Thanh &#8211; Dau Giay<\/td>\n<\/tr>\n<tr>\n<td class=\"has-text-align-left\" style=\"width: 11.6484%;\" data-align=\"left\"><strong>Area features<\/strong><\/td>\n<td class=\"has-text-align-left\" style=\"width: 87.9853%;\" data-align=\"left\">\u2013 The LED board is located at the junction of National Highway 51, with traffic lights, it is easy to see ads\u00a0\n<p>\u2013 The area is densely populated with local people, many trucks, buses, and cars<\/p>\n<p>\u2013 Large LED screen, a visible distance of about 300m<\/p>\n<p>\u2013 There are about\u00a0<strong>90,318 people<\/strong>\u00a0\u00a0passing by every day (according to Compass Tech)<\/p>\n<\/td>\n<\/tr>\n<tr>\n<td class=\"has-text-align-left\" style=\"width: 11.6484%;\" data-align=\"left\"><strong>Size<\/strong><\/td>\n<td class=\"has-text-align-left\" style=\"width: 87.9853%;\" data-align=\"left\">5.54mH x 8.86mW = 49 m<sup>2<\/sup><\/td>\n<\/tr>\n<tr>\n<td class=\"has-text-align-left\" style=\"width: 11.6484%;\" data-align=\"left\"><strong><span class=\"goog-text-highlight\">Operating time<\/span><\/strong><\/td>\n<td class=\"has-text-align-left\" style=\"width: 87.9853%;\" data-align=\"left\">6h-10h &amp; 15h-20h<\/td>\n<\/tr>\n<tr>\n<td class=\"has-text-align-left\" style=\"width: 11.6484%;\" data-align=\"left\"><strong><span class=\"\">frequency<\/span><\/strong><\/td>\n<td class=\"has-text-align-left\" style=\"width: 87.9853%;\" data-align=\"left\">\u00a08 minutes\/time\/spot (about 240 spots\/day) (15s each spot is 15s long)<\/td>\n<\/tr>\n<tr>\n<td class=\"has-text-align-left\" style=\"width: 11.6484%;\" data-align=\"left\"><strong>Price<\/strong><\/td>\n<td class=\"has-text-align-left\" style=\"width: 87.9853%;\" data-align=\"left\">Contact: 0933 15 99 88<\/td>\n<\/tr>\n<\/tbody>\n<\/table>\n<h3><strong>Outdoor LED screen Long Thanh, National Highway 51, Dong Nai:<\/strong><\/h3>\n<p>To maximize the ability to reach customers, you should choose the location of outdoor advertising LED screens in places with high traffic density.\u00a0Therefore, you should not skip the screen here.\u00a0Why?<\/p>\n<p>LED screen at National Highway 51, Bien Hoa City, Dong Nai Province.\u00a0This is a large trade intersection, a lifeline, and a key gateway connecting Ho Chi Minh City.\u00a0Ho Chi Minh City with the Eastern provinces.\u00a0Especially connecting City.\u00a0Ho Chi Minh City with the road through Vietnam National Highway 1A to the central and northern provinces.\u00a0The volume of vehicles moving through this road is very large because of regular traffic, it is estimated that there are about\u00a0<strong>90,318\u00a0<\/strong><strong>\u00a0people<\/strong>\u00a0passing by each day.\u00a0Thanks to this feature, your ad will reach a large number of passersby.<\/p>\n<h3><img loading=\"lazy\" decoding=\"async\" class=\"wp-image-7501 size-large\" style=\"font-family: -apple-system, BlinkMacSystemFont, 'Segoe UI', Roboto, Oxygen-Sans, Ubuntu, Cantarell, 'Helvetica Neue', sans-serif; font-size: 16px; word-spacing: normal;\" src=\"https:\/\/shojiki.vn\/template\/uploads\/2021\/08\/man-hinh-led-long-thanh-2-bien-hoa-dong-nai-5-1030x773.jpg\" alt=\"m\u00e0n h\u00ecnh LED Long Th\u00e0nh, qu\u1ed1c l\u1ed9 51, \u0110\u1ed3ng Nai\" width=\"1030\" height=\"773\" srcset=\"https:\/\/shojiki.vn\/wp-content\/uploads\/2021\/08\/man-hinh-led-long-thanh-2-bien-hoa-dong-nai-5-1030x773.jpg 1030w, https:\/\/shojiki.vn\/wp-content\/uploads\/2021\/08\/man-hinh-led-long-thanh-2-bien-hoa-dong-nai-5-300x225.jpg 300w, https:\/\/shojiki.vn\/wp-content\/uploads\/2021\/08\/man-hinh-led-long-thanh-2-bien-hoa-dong-nai-5-768x576.jpg 768w, https:\/\/shojiki.vn\/wp-content\/uploads\/2021\/08\/man-hinh-led-long-thanh-2-bien-hoa-dong-nai-5.jpg 1280w\" sizes=\"(max-width: 1030px) 100vw, 1030px\" \/><\/h3>\n<p>Compass Tech&#8217;s license sample made at Led Ly Chinh Thang<\/p>\n<h3><strong>Report the effectiveness of Compass&#8217;s outdoor advertising when advertising here:<\/strong><\/h3>\n<div id=\"attachment_3135\" class=\"wp-caption aligncenter photoswipe-wrapper\">\n<div id=\"attachment_7202\" style=\"width: 1040px\" class=\"wp-caption aligncenter photoswipe-wrapper\"><img loading=\"lazy\" decoding=\"async\" aria-describedby=\"caption-attachment-7202\" class=\"wp-image-7202 size-large\" src=\"https:\/\/shojiki.vn\/template\/uploads\/2021\/08\/license-led-terra-royal-ly-chinh-thang-quan-3-1030x476.jpg\" sizes=\"(max-width: 1030px) 100vw, 1030px\" srcset=\"https:\/\/shojiki.vn\/template\/uploads\/2021\/08\/license-led-terra-royal-ly-chinh-thang-quan-3-1030x476.jpg 1030w, https:\/\/shojiki.vn\/template\/uploads\/2021\/08\/license-led-terra-royal-ly-chinh-thang-quan-3-300x139.jpg 300w, https:\/\/shojiki.vn\/template\/uploads\/2021\/08\/license-led-terra-royal-ly-chinh-thang-quan-3-768x355.jpg 768w, https:\/\/shojiki.vn\/template\/uploads\/2021\/08\/license-led-terra-royal-ly-chinh-thang-quan-3-1536x711.jpg 1536w, https:\/\/shojiki.vn\/template\/uploads\/2021\/08\/license-led-terra-royal-ly-chinh-thang-quan-3.jpg 1898w\" alt=\"license m\u1eabu m\u00e0n h\u00ecnh led L\u00fd Ch\u00ednh Th\u1eafng, qu\u1eadn 3\" width=\"1030\" height=\"476\" \/><p id=\"caption-attachment-7202\" class=\"wp-caption-text\">M\u1eabu license c\u1ee7a Compass Tech th\u1ef1c hi\u1ec7n t\u1ea1i Led L\u00fd Ch\u00ednh Th\u1eafng<\/p><\/div>\n<\/div>\n<h3><strong>Outdoor LED display advertising form:<\/strong><\/h3>\n<p><a href=\"https:\/\/shojiki.vn\/quang-cao-led-ngoai-troi\"><span style=\"color: #ff6600;\">Outdoor LED display<\/span><\/a> is gradually becoming a new trend of modern advertising.\u00a0It has many advantages over other traditional forms of advertising:<\/p>\n<ul>\n<li>Vivid advertising content with many presentation forms: slides, videos, &#8230;<\/li>\n<li>Sharp, realistic images easily convey the message<\/li>\n<li>Feel free to change, or adjust the ad as you like<\/li>\n<li>Integrated moisture-proof and heat-resistant technology to reduce maintenance costs significantly<\/li>\n<li>Save more costs when you don&#8217;t have to spend extra money for the production of outdoor hiflex canvas like other traditional forms of advertising<\/li>\n<\/ul>\n<div id=\"attachment_7495\" style=\"width: 1040px\" class=\"wp-caption aligncenter\"><img loading=\"lazy\" decoding=\"async\" aria-describedby=\"caption-attachment-7495\" class=\"wp-image-7495 size-large\" src=\"https:\/\/shojiki.vn\/template\/uploads\/2021\/08\/man-hinh-led-long-thanh-2-bien-hoa-dong-nai-3-1030x683.jpg\" alt=\"qu\u1ea3ng c\u00e1o LED Long Th\u00e0nh, qu\u1ed1c l\u1ed9 51, \u0110\u1ed3ng Nai\" width=\"1030\" height=\"683\" srcset=\"https:\/\/shojiki.vn\/wp-content\/uploads\/2021\/08\/man-hinh-led-long-thanh-2-bien-hoa-dong-nai-3-1030x683.jpg 1030w, https:\/\/shojiki.vn\/wp-content\/uploads\/2021\/08\/man-hinh-led-long-thanh-2-bien-hoa-dong-nai-3-300x199.jpg 300w, https:\/\/shojiki.vn\/wp-content\/uploads\/2021\/08\/man-hinh-led-long-thanh-2-bien-hoa-dong-nai-3-768x509.jpg 768w, https:\/\/shojiki.vn\/wp-content\/uploads\/2021\/08\/man-hinh-led-long-thanh-2-bien-hoa-dong-nai-3.jpg 1039w\" sizes=\"(max-width: 1030px) 100vw, 1030px\" \/><p id=\"caption-attachment-7495\" class=\"wp-caption-text\">Outdoor LED advertising screen Long Thanh, Dong Nai is very large, clearly visible from a distance of 300m<\/p><\/div>\n<h3><strong>How to make your ad appear on led Highway 51, Bien Hoa, Dong Nai?<\/strong><\/h3>\n<p><a href=\"https:\/\/shojiki.vn\/\"><span style=\"color: #ff6600;\">SHOJIKI<\/span><\/a>\u00a0Advertising Joint Stock Company\u00a0&#8211; is proud to be one of the leading advertising agencies in Vietnam.\u00a0With the authorization from the city LED screen dealer, we are committed to bringing you the most prestigious and effective advertising service along with:<\/p>\n<ul>\n<li>Support service\u00a0\u00a0<strong>GENERAL CONSULTATION<\/strong>\u00a0\u00a0of advertising strategies<\/li>\n<li><strong>SUPPORT SERVICE FOR DESIGNING<\/strong> content, advertising images<\/li>\n<li>The construction team deploys the advertisement\u00a0\u00a0<strong>FAST<\/strong>\u00a0\u00a0and\u00a0\u00a0<strong>ONLY<\/strong><\/li>\n<li><strong>WARRANTY<\/strong>\u00a0mode\u00a0\u00a0\u00a0for the duration of the campaign<\/li>\n<li><strong>Attractive\u00a0<\/strong><strong>DISCOUNTS\u00a0<\/strong>\u00a0and\u00a0\u00a0SALES\u00a0\u00a0\u00a0for customers<\/li>\n<\/ul>\n<p>In short, the national highway 51 LED screen, Bien Hoa, Dong Nai is a great advertising place for your business.\u00a0That&#8217;s why you should place ads here.\u00a0By contacting\u00a0<span style=\"color: #ff6600;\"><a style=\"color: #ff6600;\" href=\"https:\/\/shojiki.vn\/\">Shojiki<\/a><\/span>, we will provide you with more detailed information.<\/p>\n<p>In addition, you can learn more about our other forms of outdoor advertising:<\/p>\n<ul>\n<li><span style=\"color: #ff6600;\"><a style=\"color: #ff6600;\" href=\"https:\/\/shojiki.vn\/quang-cao-led-ngoai-troi\">Outdoor LED Display<\/a><\/span><\/li>\n<li><span style=\"color: #ff6600;\"><a style=\"color: #ff6600;\" href=\"https:\/\/shojiki.vn\/quang-cao-bien-bang\">Signboards, billboards, panels<\/a><\/span><\/li>\n<li><span style=\"color: #ff6600;\"><a style=\"color: #ff6600;\" href=\"https:\/\/shojiki.vn\/quang-cao-may-bay\">Airplane advertising<\/a><\/span><\/li>\n<li><span style=\"color: #ff6600;\"><a style=\"color: #ff6600;\" href=\"https:\/\/shojiki.vn\/quang-cao-offline\/quang-cao-xe-taxi\">Service of advertising on taxis<\/a><\/span><\/li>\n<li><span style=\"color: #ff6600;\"><a style=\"color: #ff6600;\" href=\"https:\/\/shojiki.vn\/quang-cao-offline\/quang-cao-xe-bus\">Bus<\/a><\/span><\/li>\n<li><span style=\"color: #ff6600;\"><a style=\"color: #ff6600;\" href=\"https:\/\/shojiki.vn\/quang-cao-tren-app-grab\">Super app Grab Ads<\/a><\/span><\/li>\n<li><span style=\"color: #ff6600;\"><a style=\"color: #ff6600;\" href=\"https:\/\/shojiki.vn\/quang-cao-tram-xang-tin-nghia\">Advertisement at a gas station<\/a><\/span><\/li>\n<li><span style=\"color: #ff6600;\"><a style=\"color: #ff6600;\" href=\"https:\/\/shojiki.vn\/quang-cao-tai-cua-hang-tien-loi\">Grocery store<\/a><\/span><\/li>\n<\/ul>\n<h4>You can survey prices and buy billboards online at <span style=\"color: #ff6600;\"><a style=\"color: #ff6600;\" href=\"https:\/\/ooh.com.vn\/\">WikiOOH<\/a><\/span><br \/>We will measure the effectiveness of your outdoor advertising at <span style=\"color: #ff6600;\"><a style=\"color: #ff6600;\" href=\"https:\/\/compasstech.asia\/\">Compass Tech<\/a><\/span><\/h4>\n<h3><strong>Some customers have advertised at Long Thanh LED screen, Highway 51, Bien Hoa, Dong Nai:<\/strong><\/h3>\n<div id=\"attachment_7504\" style=\"width: 1040px\" class=\"wp-caption aligncenter\"><img loading=\"lazy\" decoding=\"async\" aria-describedby=\"caption-attachment-7504\" class=\"wp-image-7504 size-large\" src=\"https:\/\/shojiki.vn\/template\/uploads\/2021\/08\/man-hinh-led-long-thanh-2-bien-hoa-dong-nai-4-1030x772.jpg\" alt=\"Qu\u1ea3ng c\u00e1o m\u00e0n h\u00ecnh led Bi\u00ean H\u00f2a, \u0110\u1ed3ng Nai\" width=\"1030\" height=\"772\" srcset=\"https:\/\/shojiki.vn\/wp-content\/uploads\/2021\/08\/man-hinh-led-long-thanh-2-bien-hoa-dong-nai-4-1030x772.jpg 1030w, https:\/\/shojiki.vn\/wp-content\/uploads\/2021\/08\/man-hinh-led-long-thanh-2-bien-hoa-dong-nai-4-300x225.jpg 300w, https:\/\/shojiki.vn\/wp-content\/uploads\/2021\/08\/man-hinh-led-long-thanh-2-bien-hoa-dong-nai-4-768x575.jpg 768w, https:\/\/shojiki.vn\/wp-content\/uploads\/2021\/08\/man-hinh-led-long-thanh-2-bien-hoa-dong-nai-4.jpg 1276w\" sizes=\"(max-width: 1030px) 100vw, 1030px\" \/><p id=\"caption-attachment-7504\" class=\"wp-caption-text\">Advertising led screen Bien Hoa, Dong Nai<\/p><\/div>\n<div id=\"attachment_7492\" style=\"width: 1040px\" class=\"wp-caption aligncenter\"><img loading=\"lazy\" decoding=\"async\" aria-describedby=\"caption-attachment-7492\" class=\"wp-image-7492 size-large\" src=\"https:\/\/shojiki.vn\/template\/uploads\/2021\/08\/man-hinh-led-long-thanh-2-bien-hoa-dong-nai-2-1030x467.jpg\" alt=\"led Long th\u00e0nh 2, Bi\u00ean H\u00f2a \u0110\u1ed3ng Nai\" width=\"1030\" height=\"467\" srcset=\"https:\/\/shojiki.vn\/wp-content\/uploads\/2021\/08\/man-hinh-led-long-thanh-2-bien-hoa-dong-nai-2-1030x467.jpg 1030w, https:\/\/shojiki.vn\/wp-content\/uploads\/2021\/08\/man-hinh-led-long-thanh-2-bien-hoa-dong-nai-2-300x136.jpg 300w, https:\/\/shojiki.vn\/wp-content\/uploads\/2021\/08\/man-hinh-led-long-thanh-2-bien-hoa-dong-nai-2-768x348.jpg 768w, https:\/\/shojiki.vn\/wp-content\/uploads\/2021\/08\/man-hinh-led-long-thanh-2-bien-hoa-dong-nai-2.jpg 1396w\" sizes=\"(max-width: 1030px) 100vw, 1030px\" \/><p id=\"caption-attachment-7492\" class=\"wp-caption-text\">The LED screen in Long Thanh, Bien Hoa, Dong Nai is very bright on Highway 51, making your advertising brilliant at night<\/p><\/div>\n<div id=\"attachment_7489\" style=\"width: 1040px\" class=\"wp-caption aligncenter\"><img loading=\"lazy\" decoding=\"async\" aria-describedby=\"caption-attachment-7489\" class=\"wp-image-7489 size-large\" src=\"https:\/\/shojiki.vn\/template\/uploads\/2021\/08\/man-hinh-led-long-thanh-2-bien-hoa-dong-nai-1-1030x499.jpg\" alt=\"\u0110\u1ea5t xanh qu\u1ea3ng c\u00e1o t\u1ea1i \u0110\u1ed3ng Nai\" width=\"1030\" height=\"499\" srcset=\"https:\/\/shojiki.vn\/wp-content\/uploads\/2021\/08\/man-hinh-led-long-thanh-2-bien-hoa-dong-nai-1-1030x499.jpg 1030w, https:\/\/shojiki.vn\/wp-content\/uploads\/2021\/08\/man-hinh-led-long-thanh-2-bien-hoa-dong-nai-1-300x145.jpg 300w, https:\/\/shojiki.vn\/wp-content\/uploads\/2021\/08\/man-hinh-led-long-thanh-2-bien-hoa-dong-nai-1-768x372.jpg 768w, https:\/\/shojiki.vn\/wp-content\/uploads\/2021\/08\/man-hinh-led-long-thanh-2-bien-hoa-dong-nai-1.jpg 1134w\" sizes=\"(max-width: 1030px) 100vw, 1030px\" \/><p id=\"caption-attachment-7489\" class=\"wp-caption-text\">Advertising Dong Nai led screen<\/p><\/div>\n<p><\/p>\n<!-- \/wp:tadv\/classic-paragraph -->","protected":false},"excerpt":{"rendered":"<p>Specifications of LED screen Long Thanh, National Highway 51, Dong Nai: Address LED screen at National Highway 51, Le Duan, Bien Hoa, Dong Nai &#8211; 500m from Ho Chi Minh City to Long Thanh &#8211; Dau Giay Area features \u2013 The LED board is located at the junction of National Highway 51, with traffic lights,&hellip;<\/p>\n","protected":false},"author":4,"featured_media":0,"parent":0,"menu_order":0,"comment_status":"closed","ping_status":"closed","template":"","meta":{"_acf_changed":false,"footnotes":""},"class_list":["post-12253","page","type-page","status-publish","hentry","description-off"],"acf":[],"yoast_head":"<!-- This site is optimized with the Yoast SEO plugin v25.6 - https:\/\/yoast.com\/wordpress\/plugins\/seo\/ -->\n<title>LED screen Long Thanh, National Highway 51, Dong Nai<\/title>\n<meta name=\"description\" content=\"LED screen at National Highway 51, Le Duan, Bien Hoa, Dong Nai - 500m from Ho Chi Minh City to Long Thanh - Dau Giay.\" \/>\n<meta name=\"robots\" content=\"index, follow, max-snippet:-1, max-image-preview:large, max-video-preview:-1\" \/>\n<link rel=\"canonical\" href=\"https:\/\/shojiki.vn\/en\/led-screen-long-thanh-national-highway-51-dong-nai\" \/>\n<meta property=\"og:locale\" content=\"en_US\" \/>\n<meta property=\"og:type\" content=\"article\" \/>\n<meta property=\"og:title\" content=\"LED screen Long Thanh, National Highway 51, Dong Nai\" \/>\n<meta property=\"og:description\" content=\"LED screen at National Highway 51, Le Duan, Bien Hoa, Dong Nai - 500m from Ho Chi Minh City to Long Thanh - Dau Giay.\" \/>\n<meta property=\"og:url\" content=\"https:\/\/shojiki.vn\/en\/led-screen-long-thanh-national-highway-51-dong-nai\" \/>\n<meta property=\"og:site_name\" content=\"Shojiki.vn\" \/>\n<meta property=\"article:modified_time\" content=\"2022-07-01T05:11:07+00:00\" \/>\n<meta property=\"og:image\" content=\"https:\/\/shojiki.vn\/template\/uploads\/2021\/08\/vi-tri-man-hinh-led-long-thanh-2-bien-hoa-dong-nai.jpg\" \/>\n<meta name=\"twitter:label1\" content=\"Est. reading time\" \/>\n\t<meta name=\"twitter:data1\" content=\"6 minutes\" \/>\n<script type=\"application\/ld+json\" class=\"yoast-schema-graph\">{\"@context\":\"https:\/\/schema.org\",\"@graph\":[{\"@type\":\"WebPage\",\"@id\":\"https:\/\/shojiki.vn\/en\/led-screen-long-thanh-national-highway-51-dong-nai\",\"url\":\"https:\/\/shojiki.vn\/en\/led-screen-long-thanh-national-highway-51-dong-nai\",\"name\":\"LED screen Long Thanh, National Highway 51, Dong Nai\",\"isPartOf\":{\"@id\":\"https:\/\/shojiki.vn\/#website\"},\"primaryImageOfPage\":{\"@id\":\"https:\/\/shojiki.vn\/en\/led-screen-long-thanh-national-highway-51-dong-nai#primaryimage\"},\"image\":{\"@id\":\"https:\/\/shojiki.vn\/en\/led-screen-long-thanh-national-highway-51-dong-nai#primaryimage\"},\"thumbnailUrl\":\"https:\/\/shojiki.vn\/template\/uploads\/2021\/08\/vi-tri-man-hinh-led-long-thanh-2-bien-hoa-dong-nai.jpg\",\"datePublished\":\"2022-07-01T05:11:06+00:00\",\"dateModified\":\"2022-07-01T05:11:07+00:00\",\"description\":\"LED screen at National Highway 51, Le Duan, Bien Hoa, Dong Nai - 500m from Ho Chi Minh City to Long Thanh - Dau Giay.\",\"breadcrumb\":{\"@id\":\"https:\/\/shojiki.vn\/en\/led-screen-long-thanh-national-highway-51-dong-nai#breadcrumb\"},\"inLanguage\":\"en-US\",\"potentialAction\":[{\"@type\":\"ReadAction\",\"target\":[\"https:\/\/shojiki.vn\/en\/led-screen-long-thanh-national-highway-51-dong-nai\"]}]},{\"@type\":\"ImageObject\",\"inLanguage\":\"en-US\",\"@id\":\"https:\/\/shojiki.vn\/en\/led-screen-long-thanh-national-highway-51-dong-nai#primaryimage\",\"url\":\"https:\/\/shojiki.vn\/template\/uploads\/2021\/08\/vi-tri-man-hinh-led-long-thanh-2-bien-hoa-dong-nai.jpg\",\"contentUrl\":\"https:\/\/shojiki.vn\/template\/uploads\/2021\/08\/vi-tri-man-hinh-led-long-thanh-2-bien-hoa-dong-nai.jpg\"},{\"@type\":\"BreadcrumbList\",\"@id\":\"https:\/\/shojiki.vn\/en\/led-screen-long-thanh-national-highway-51-dong-nai#breadcrumb\",\"itemListElement\":[{\"@type\":\"ListItem\",\"position\":1,\"name\":\"Home\",\"item\":\"https:\/\/shojiki.vn\/en\"},{\"@type\":\"ListItem\",\"position\":2,\"name\":\"LED screen Long Thanh, National Highway 51, Dong Nai\"}]},{\"@type\":\"WebSite\",\"@id\":\"https:\/\/shojiki.vn\/#website\",\"url\":\"https:\/\/shojiki.vn\/\",\"name\":\"Shojiki.vn\",\"description\":\"\",\"potentialAction\":[{\"@type\":\"SearchAction\",\"target\":{\"@type\":\"EntryPoint\",\"urlTemplate\":\"https:\/\/shojiki.vn\/?s={search_term_string}\"},\"query-input\":{\"@type\":\"PropertyValueSpecification\",\"valueRequired\":true,\"valueName\":\"search_term_string\"}}],\"inLanguage\":\"en-US\"}]}<\/script>\n<!-- \/ Yoast SEO plugin. -->","yoast_head_json":{"title":"LED screen Long Thanh, National Highway 51, Dong Nai","description":"LED screen at National Highway 51, Le Duan, Bien Hoa, Dong Nai - 500m from Ho Chi Minh City to Long Thanh - Dau Giay.","robots":{"index":"index","follow":"follow","max-snippet":"max-snippet:-1","max-image-preview":"max-image-preview:large","max-video-preview":"max-video-preview:-1"},"canonical":"https:\/\/shojiki.vn\/en\/led-screen-long-thanh-national-highway-51-dong-nai","og_locale":"en_US","og_type":"article","og_title":"LED screen Long Thanh, National Highway 51, Dong Nai","og_description":"LED screen at National Highway 51, Le Duan, Bien Hoa, Dong Nai - 500m from Ho Chi Minh City to Long Thanh - Dau Giay.","og_url":"https:\/\/shojiki.vn\/en\/led-screen-long-thanh-national-highway-51-dong-nai","og_site_name":"Shojiki.vn","article_modified_time":"2022-07-01T05:11:07+00:00","og_image":[{"url":"https:\/\/shojiki.vn\/template\/uploads\/2021\/08\/vi-tri-man-hinh-led-long-thanh-2-bien-hoa-dong-nai.jpg","type":"","width":"","height":""}],"twitter_misc":{"Est. reading time":"6 minutes"},"schema":{"@context":"https:\/\/schema.org","@graph":[{"@type":"WebPage","@id":"https:\/\/shojiki.vn\/en\/led-screen-long-thanh-national-highway-51-dong-nai","url":"https:\/\/shojiki.vn\/en\/led-screen-long-thanh-national-highway-51-dong-nai","name":"LED screen Long Thanh, National Highway 51, Dong Nai","isPartOf":{"@id":"https:\/\/shojiki.vn\/#website"},"primaryImageOfPage":{"@id":"https:\/\/shojiki.vn\/en\/led-screen-long-thanh-national-highway-51-dong-nai#primaryimage"},"image":{"@id":"https:\/\/shojiki.vn\/en\/led-screen-long-thanh-national-highway-51-dong-nai#primaryimage"},"thumbnailUrl":"https:\/\/shojiki.vn\/template\/uploads\/2021\/08\/vi-tri-man-hinh-led-long-thanh-2-bien-hoa-dong-nai.jpg","datePublished":"2022-07-01T05:11:06+00:00","dateModified":"2022-07-01T05:11:07+00:00","description":"LED screen at National Highway 51, Le Duan, Bien Hoa, Dong Nai - 500m from Ho Chi Minh City to Long Thanh - Dau Giay.","breadcrumb":{"@id":"https:\/\/shojiki.vn\/en\/led-screen-long-thanh-national-highway-51-dong-nai#breadcrumb"},"inLanguage":"en-US","potentialAction":[{"@type":"ReadAction","target":["https:\/\/shojiki.vn\/en\/led-screen-long-thanh-national-highway-51-dong-nai"]}]},{"@type":"ImageObject","inLanguage":"en-US","@id":"https:\/\/shojiki.vn\/en\/led-screen-long-thanh-national-highway-51-dong-nai#primaryimage","url":"https:\/\/shojiki.vn\/template\/uploads\/2021\/08\/vi-tri-man-hinh-led-long-thanh-2-bien-hoa-dong-nai.jpg","contentUrl":"https:\/\/shojiki.vn\/template\/uploads\/2021\/08\/vi-tri-man-hinh-led-long-thanh-2-bien-hoa-dong-nai.jpg"},{"@type":"BreadcrumbList","@id":"https:\/\/shojiki.vn\/en\/led-screen-long-thanh-national-highway-51-dong-nai#breadcrumb","itemListElement":[{"@type":"ListItem","position":1,"name":"Home","item":"https:\/\/shojiki.vn\/en"},{"@type":"ListItem","position":2,"name":"LED screen Long Thanh, National Highway 51, Dong Nai"}]},{"@type":"WebSite","@id":"https:\/\/shojiki.vn\/#website","url":"https:\/\/shojiki.vn\/","name":"Shojiki.vn","description":"","potentialAction":[{"@type":"SearchAction","target":{"@type":"EntryPoint","urlTemplate":"https:\/\/shojiki.vn\/?s={search_term_string}"},"query-input":{"@type":"PropertyValueSpecification","valueRequired":true,"valueName":"search_term_string"}}],"inLanguage":"en-US"}]}},"_links":{"self":[{"href":"https:\/\/shojiki.vn\/en\/wp-json\/wp\/v2\/pages\/12253"}],"collection":[{"href":"https:\/\/shojiki.vn\/en\/wp-json\/wp\/v2\/pages"}],"about":[{"href":"https:\/\/shojiki.vn\/en\/wp-json\/wp\/v2\/types\/page"}],"author":[{"embeddable":true,"href":"https:\/\/shojiki.vn\/en\/wp-json\/wp\/v2\/users\/4"}],"replies":[{"embeddable":true,"href":"https:\/\/shojiki.vn\/en\/wp-json\/wp\/v2\/comments?post=12253"}],"version-history":[{"count":1,"href":"https:\/\/shojiki.vn\/en\/wp-json\/wp\/v2\/pages\/12253\/revisions"}],"predecessor-version":[{"id":12269,"href":"https:\/\/shojiki.vn\/en\/wp-json\/wp\/v2\/pages\/12253\/revisions\/12269"}],"wp:attachment":[{"href":"https:\/\/shojiki.vn\/en\/wp-json\/wp\/v2\/media?parent=12253"}],"curies":[{"name":"wp","href":"https:\/\/api.w.org\/{rel}","templated":true}]}}