{"id":12216,"date":"2022-06-30T15:45:45","date_gmt":"2022-06-30T08:45:45","guid":{"rendered":"https:\/\/shojiki.vn\/?page_id=12216"},"modified":"2022-07-01T17:04:50","modified_gmt":"2022-07-01T10:04:50","slug":"led-hanoi","status":"publish","type":"page","link":"https:\/\/shojiki.vn\/en\/led-hanoi","title":{"rendered":"Outdoor advertising LED screens in Hanoi, Viet Nam"},"content":{"rendered":"<h2 style=\"text-align: justify;\"><b>Outdoor advertising LED screens positions in Hanoi, Viet Nam:<\/b><\/h2>\n<h3 style=\"text-align: justify;\"><a href=\"https:\/\/shojiki.vn\/en\/outdoor-advertising-led-screen-lieu-giai-hanoi-vietnam\"><span style=\"color: #ff9900; font-size: 14pt;\"><strong>LED screen 29 Lieu Giai Street, Ba Dinh District, Hanoi:<\/strong><\/span><\/a><\/h3>\n<div id=\"attachment_11570\" style=\"width: 1040px\" class=\"wp-caption aligncenter\"><a href=\"https:\/\/shojiki.vn\/quang-cao-man-hinh-led-capital-place-29-lieu-giai-quan-ba-dinh-ha-noi\"><img loading=\"lazy\" decoding=\"async\" aria-describedby=\"caption-attachment-11570\" class=\"wp-image-11570 size-large\" src=\"https:\/\/shojiki.vn\/template\/uploads\/2022\/04\/man-hinh-led-29-lieu-giai-ha-noi-1-1030x640.jpg\" alt=\"m\u00e0n h\u00ecnh led 29 Li\u1ec5u Giai\" width=\"1030\" height=\"640\" srcset=\"https:\/\/shojiki.vn\/wp-content\/uploads\/2022\/04\/man-hinh-led-29-lieu-giai-ha-noi-1-1030x640.jpg 1030w, https:\/\/shojiki.vn\/wp-content\/uploads\/2022\/04\/man-hinh-led-29-lieu-giai-ha-noi-1-300x186.jpg 300w, https:\/\/shojiki.vn\/wp-content\/uploads\/2022\/04\/man-hinh-led-29-lieu-giai-ha-noi-1-768x477.jpg 768w, https:\/\/shojiki.vn\/wp-content\/uploads\/2022\/04\/man-hinh-led-29-lieu-giai-ha-noi-1-1536x954.jpg 1536w, https:\/\/shojiki.vn\/wp-content\/uploads\/2022\/04\/man-hinh-led-29-lieu-giai-ha-noi-1.jpg 1722w\" sizes=\"(max-width: 1030px) 100vw, 1030px\" \/><\/a><p id=\"caption-attachment-11570\" class=\"wp-caption-text\">Outdoor Advertising LED screen Lieu Giai, Hanoi, Vietnam<\/p><\/div>\n<h3 style=\"text-align: justify;\"><a href=\"https:\/\/shojiki.vn\/en\/outdoor-led-advertising-vtv-43-nguyen-chi-thanh-hanoi\"><span style=\"color: #ff9900;\"><strong><span style=\"font-size: 14pt;\">LED screen VTV &#8211; 43 Nguyen Chi Thanh Street, Hanoi:<\/span><\/strong><\/span><\/a><\/h3>\n<div id=\"attachment_6014\" style=\"width: 1040px\" class=\"wp-caption aligncenter\"><a href=\"https:\/\/shojiki.vn\/man-hinh-led-vtv-43-nguyen-chi-thanh-ha-noi\"><img loading=\"lazy\" decoding=\"async\" aria-describedby=\"caption-attachment-6014\" class=\"wp-image-6014 size-large\" src=\"https:\/\/shojiki.vn\/template\/uploads\/2021\/06\/man-hinh-led-ngoai-troi-vtv-43-nguyen-chi-thanh-1030x773.jpg\" alt=\"qu\u1ea3ng c\u00e1o m\u00e0n h\u00ecnh led H\u00e0 N\u1ed9i\" width=\"1030\" height=\"773\" srcset=\"https:\/\/shojiki.vn\/wp-content\/uploads\/2021\/06\/man-hinh-led-ngoai-troi-vtv-43-nguyen-chi-thanh-1030x773.jpg 1030w, https:\/\/shojiki.vn\/wp-content\/uploads\/2021\/06\/man-hinh-led-ngoai-troi-vtv-43-nguyen-chi-thanh-300x225.jpg 300w, https:\/\/shojiki.vn\/wp-content\/uploads\/2021\/06\/man-hinh-led-ngoai-troi-vtv-43-nguyen-chi-thanh-768x576.jpg 768w, https:\/\/shojiki.vn\/wp-content\/uploads\/2021\/06\/man-hinh-led-ngoai-troi-vtv-43-nguyen-chi-thanh-1536x1152.jpg 1536w, https:\/\/shojiki.vn\/wp-content\/uploads\/2021\/06\/man-hinh-led-ngoai-troi-vtv-43-nguyen-chi-thanh-2048x1536.jpg 2048w, https:\/\/shojiki.vn\/wp-content\/uploads\/2021\/06\/man-hinh-led-ngoai-troi-vtv-43-nguyen-chi-thanh-600x450.jpg 600w\" sizes=\"(max-width: 1030px) 100vw, 1030px\" \/><\/a><p id=\"caption-attachment-6014\" class=\"wp-caption-text\">Outdoor Advertising LED screen VTV &#8211; 43 Nguyen Chi Thanh Street, Hanoi<\/p><\/div>\n<h3 style=\"text-align: justify;\"><span style=\"color: #ff9900;\"><strong><span style=\"font-size: 14pt;\">LED screen Artemis, Hanoi:<\/span><\/strong><\/span><\/h3>\n<div id=\"attachment_6017\" style=\"width: 936px\" class=\"wp-caption aligncenter\"><a href=\"https:\/\/shojiki.vn\/man-hinh-led-toa-nha-artemis-ha-noi\"><img loading=\"lazy\" decoding=\"async\" aria-describedby=\"caption-attachment-6017\" class=\"wp-image-6017 size-full\" src=\"https:\/\/shojiki.vn\/template\/uploads\/2021\/06\/man-hinh-led-ngoai-troi-toa-nha-artemis-ha-noi.jpg\" alt=\"qu\u1ea3ng c\u00e1o m\u00e0n h\u00ecnh led ngo\u00e0i tr\u1eddi H\u00e0 N\u1ed9i\" width=\"926\" height=\"520\" srcset=\"https:\/\/shojiki.vn\/wp-content\/uploads\/2021\/06\/man-hinh-led-ngoai-troi-toa-nha-artemis-ha-noi.jpg 926w, https:\/\/shojiki.vn\/wp-content\/uploads\/2021\/06\/man-hinh-led-ngoai-troi-toa-nha-artemis-ha-noi-300x168.jpg 300w, https:\/\/shojiki.vn\/wp-content\/uploads\/2021\/06\/man-hinh-led-ngoai-troi-toa-nha-artemis-ha-noi-768x431.jpg 768w, https:\/\/shojiki.vn\/wp-content\/uploads\/2021\/06\/man-hinh-led-ngoai-troi-toa-nha-artemis-ha-noi-600x337.jpg 600w\" sizes=\"(max-width: 926px) 100vw, 926px\" \/><\/a><p id=\"caption-attachment-6017\" class=\"wp-caption-text\">Outdoor Advertising LED screen Artemis, Hanoi<\/p><\/div>\n<h3 style=\"text-align: justify;\"><span style=\"color: #ff9900;\"><strong><span style=\"font-size: 14pt;\">LED screen Vincom \u2013 02 Pham Ngoc Thach Street, Hanoi:<\/span><\/strong><\/span><\/h3>\n<div id=\"attachment_7958\" style=\"width: 1040px\" class=\"wp-caption aligncenter\"><a href=\"https:\/\/shojiki.vn\/quang-cao-man-hinh-led-ngoai-troi-vincom-pham-ngoc-thach-ha-noi\"><img loading=\"lazy\" decoding=\"async\" aria-describedby=\"caption-attachment-7958\" class=\"wp-image-7958 size-large\" src=\"https:\/\/shojiki.vn\/template\/uploads\/2021\/09\/led-vincom-pham-ngoc-thach-ha-noi-2-1030x525.jpg\" alt=\"\" width=\"1030\" height=\"525\" srcset=\"https:\/\/shojiki.vn\/wp-content\/uploads\/2021\/09\/led-vincom-pham-ngoc-thach-ha-noi-2-1030x525.jpg 1030w, https:\/\/shojiki.vn\/wp-content\/uploads\/2021\/09\/led-vincom-pham-ngoc-thach-ha-noi-2-300x153.jpg 300w, https:\/\/shojiki.vn\/wp-content\/uploads\/2021\/09\/led-vincom-pham-ngoc-thach-ha-noi-2-768x391.jpg 768w, https:\/\/shojiki.vn\/wp-content\/uploads\/2021\/09\/led-vincom-pham-ngoc-thach-ha-noi-2-1536x783.jpg 1536w, https:\/\/shojiki.vn\/wp-content\/uploads\/2021\/09\/led-vincom-pham-ngoc-thach-ha-noi-2.jpg 1621w\" sizes=\"(max-width: 1030px) 100vw, 1030px\" \/><\/a><p id=\"caption-attachment-7958\" class=\"wp-caption-text\">Outdoor Advertising LED screen Vincom \u2013 02 Pham Ngoc Thach Street, Hanoi<\/p><\/div>\n<h2 style=\"text-align: justify;\"><b>What is outdoor LED advertising?<\/b><\/h2>\n<p style=\"text-align: justify;\"><span style=\"font-weight: 400;\"><a href=\"https:\/\/shojiki.vn\/en\/led-screen-advertising\"><span style=\"color: #ff9900;\">Outdoor LED advertising<\/span><\/a> is a type of digital advertising, it can be said that this type is an upgraded version of the <\/span><span style=\"font-weight: 400;\">traditional outdoor billboard<\/span><span style=\"font-weight: 400;\">. LED screen advertising is also known as DOOH &#8211; short for Digital Out Of Home. Outdoor advertising LED screens will replace the usual static advertising images into vivid and impressive advertising clips for passersby. With the current advertising trend, LED screens are considered a new type of advertising and bring high efficiency in conveying messages to customers.<\/span><\/p>\n<p style=\"text-align: justify;\"><a href=\"https:\/\/shojiki.vn\/en\/led-ho-chi-minh\"><span style=\"font-weight: 400; color: #ff9900;\">Refer to more outdoor LED screens in Ho Chi Minh City<\/span><\/a><\/p>\n<h2 style=\"text-align: justify;\"><b>Working principle of outdoor LED <\/b><b>advertising<\/b><\/h2>\n<p style=\"text-align: justify;\"><span style=\"font-weight: 400;\">Advertising by outdoor LED screen works on the principle of rotation and is calculated by the total broadcast time per day. The total broadcast time on LED screens is mostly 14 hours; the unit of calculation is spot, each spot is 30s. Thus, the minimum frequency of advertising clips for 1 brand is 240 spots\/day.<\/span><\/p>\n<p style=\"text-align: justify;\"><span style=\"font-weight: 400;\">The cost of advertising LED screen is considered cheaper than other types of outdoor advertising. Therefore, this form of advertising is suitable for many different brands and reasonable budgets.<\/span><\/p>\n<h2 style=\"text-align: justify;\"><b>Outstanding advantages of LED <\/b><b>advertising<\/b><\/h2>\n<h3 style=\"text-align: justify;\"><b>Convey variety of messages<\/b><\/h3>\n<p style=\"text-align: justify;\"><span style=\"font-weight: 400;\">One of the undeniable benefits of LED screens is the increased efficiency in transmitting a variety of information with video formats; images, animation\u2026 This helps brands have more choices when conveying messages to customers.<\/span><\/p>\n<p style=\"text-align: justify;\"><a href=\"https:\/\/shojiki.vn\/en\/led-dong-nai-2\"><span style=\"font-weight: 400; color: #ff9900;\">Refer to more outdoor LED screens in Dong Nai\u00a0<\/span><\/a><\/p>\n<h3 style=\"text-align: justify;\"><b>Make strong impression on viewers<\/b><\/h3>\n<p style=\"text-align: justify;\"><span style=\"font-weight: 400;\">According to statistics of Compass Tech, pedestrians will be more attracted to the &#8220;motions&#8221; played on the LED screen than other types of advertising. Advertising content on outdoor LED screens will often have a better and longer impression than the traditional ones of information advertising such as billboards, outdoor billboards, etc. Because advertising on LED screen creates the feeling like a work of art making viewers want to enjoy it actively, not forced to watch.<\/span><\/p>\n<p style=\"text-align: justify;\"><span style=\"font-weight: 400;\">However, to get the best promotion effect, businesses should consider choosing a video or slide information format suitable for the content they want to convey.<\/span><\/p>\n<h3 style=\"text-align: justify;\"><b>Attract wide audience<\/b><\/h3>\n<p style=\"text-align: justify;\"><span style=\"font-weight: 400;\">Because the content on the LED screen has the ability to attract good attention, when consumers see advertising; they will easily remember the product and brand of the business, thereby leading to the action of buying or using the services of that promoter.<\/span><\/p>\n<p style=\"text-align: justify;\"><span style=\"font-weight: 400;\">In addition, according to experts, images with diverse colors and movements will be more attractive than &#8220;dead&#8221; and monochrome images. Therefore, advertising with LED screens will help businesses get closer to potential customers.<\/span><\/p>\n<h3 style=\"text-align: justify;\"><b>Exceptional Features<\/b><\/h3>\n<p style=\"text-align: justify;\"><span style=\"font-weight: 400;\">The extremely large resolution with high brightness and vivid color processing ability of LED screens have made the image of businesses more beautiful than any others such as televisions, projectors, billboards. traditional&#8230; Especially with the form of outdoor advertising, the LED screen is easier to maximize its advantages.<\/span><\/p>\n<p style=\"text-align: justify;\"><span style=\"font-weight: 400;\">In summary with the above advantages; Outdoor LED screen advertising can be said to be an extremely effective means of conveying and displaying information.<\/span><\/p>\n<h2 style=\"text-align: justify;\"><b>How can your ads appear on the LED screen in Hanoi?<\/b><\/h2>\n<p style=\"text-align: justify;\"><a href=\"https:\/\/shojiki.vn\/en\"><span style=\"color: #ff9900;\"><strong>SHOJIKI Advertising Joint Stock Company<\/strong><\/span><\/a><span style=\"font-weight: 400;\"> &#8211; is proud to be one of the leading advertising agencies in Vietnam. With authorization from the city LED display dealer, we are committed to bringing you the most prestigious and effective advertising service along with:<\/span><\/p>\n<ul style=\"text-align: justify;\">\n<li style=\"font-weight: 400;\" aria-level=\"1\"><span style=\"font-weight: 400;\">Support service <\/span><b>GENERAL CONSULTATION<\/b><span style=\"font-weight: 400;\"> of advertising strategies<\/span><\/li>\n<li style=\"font-weight: 400;\" aria-level=\"1\"><b>SUPPORT SERVICE FOR DESIGNING<\/b><span style=\"font-weight: 400;\"> content, advertising images<\/span><\/li>\n<li style=\"font-weight: 400;\" aria-level=\"1\"><span style=\"font-weight: 400;\">The construction team deploys the advertisement <\/span><b>FAST<\/b><span style=\"font-weight: 400;\"> and <\/span><b>ONLY<\/b><\/li>\n<li style=\"font-weight: 400;\" aria-level=\"1\"><b>WARRANTY<\/b><span style=\"font-weight: 400;\"> mode\u00a0 for the duration of the campaign<\/span><\/li>\n<li style=\"font-weight: 400;\" aria-level=\"1\">Attractive <b>DISCOUNTS <\/b><span style=\"font-weight: 400;\">and <strong>SALES<\/strong> for customers<\/span><\/li>\n<\/ul>\n<p style=\"text-align: justify;\"><span style=\"font-weight: 400;\">By contacting <\/span><a href=\"https:\/\/shojiki.vn\/en\"><span style=\"color: #ff9900;\"><strong>Shojiki<\/strong><\/span><\/a><span style=\"font-weight: 400;\">, we will provide you with more detailed information.<\/span><\/p>\n<p style=\"text-align: justify;\"><span style=\"font-weight: 400;\">In addition, you can learn more about our other forms of outdoor advertising:<\/span><\/p>\n<ul style=\"text-align: justify;\">\n<li style=\"font-weight: 400;\" aria-level=\"1\"><a href=\"https:\/\/shojiki.vn\/en\/led-screen-advertising\"><span style=\"font-weight: 400; color: #ff9900;\">Outdoor LED Display<\/span><\/a><\/li>\n<li style=\"font-weight: 400;\" aria-level=\"1\"><a href=\"https:\/\/shojiki.vn\/en\/billboard\"><span style=\"font-weight: 400; color: #ff9900;\">Signboards, billboards, panels<\/span><\/a><\/li>\n<li style=\"font-weight: 400;\" aria-level=\"1\"><span style=\"color: #ff9900;\"><a style=\"color: #ff9900;\" href=\"https:\/\/shojiki.vn\/en\/offline-advertising\/airplane-advertising\"><span style=\"font-weight: 400;\">Airplane advertising<\/span><\/a><\/span><\/li>\n<li style=\"font-weight: 400;\" aria-level=\"1\"><a href=\"https:\/\/shojiki.vn\/en\/offline-advertising\/taxi-advertising\"><span style=\"font-weight: 400; color: #ff9900;\">Service of gluing ads on taxis<\/span><\/a><\/li>\n<li style=\"font-weight: 400;\" aria-level=\"1\"><a href=\"https:\/\/shojiki.vn\/en\/offline-advertising\/bus-advertising\"><span style=\"font-weight: 400; color: #ff9900;\">Bus advertising<\/span><\/a><\/li>\n<li style=\"font-weight: 400;\" aria-level=\"1\"><span style=\"font-weight: 400; color: #ff9900;\">Advertisement on apps Grab<\/span><\/li>\n<li style=\"font-weight: 400;\" aria-level=\"1\"><a href=\"https:\/\/shojiki.vn\/en\/offline-advertising\/advertising-at-gas-station\"><span style=\"font-weight: 400; color: #ff9900;\">Advertisement at Gas station<\/span><\/a><\/li>\n<li style=\"font-weight: 400;\" aria-level=\"1\"><a href=\"https:\/\/shojiki.vn\/en\/advertising-at-convenience-stores\"><span style=\"font-weight: 400; color: #ff9900;\"><span style=\"color: #ff9900;\">Advertisement at<\/span> Convenience store<\/span><\/a><\/li>\n<\/ul>\n<p style=\"text-align: justify;\"><b>You can survey prices and buy billboards online at: <\/b><a href=\"https:\/\/ooh.com.vn\/\"><span style=\"color: #ff9900;\"><b>WikiOOH\u00a0<\/b><\/span><\/a><\/p>\n<p style=\"text-align: justify;\"><b>We will measure the effectiveness of your outdoor advertising at: <\/b><a href=\"https:\/\/compasstech.asia\/en\/\"><span style=\"color: #ff9900;\"><b>Compass Tech<\/b><\/span><\/a><\/p>\n","protected":false},"excerpt":{"rendered":"<p>Outdoor advertising LED screens positions in Hanoi, Viet Nam: LED screen 29 Lieu Giai Street, Ba Dinh District, Hanoi: LED screen VTV &#8211; 43 Nguyen Chi Thanh Street, Hanoi: LED screen Artemis, Hanoi: LED screen Vincom \u2013 02 Pham Ngoc Thach Street, Hanoi: What is outdoor LED advertising? Outdoor LED advertising is a type of&hellip;<\/p>\n","protected":false},"author":4,"featured_media":6014,"parent":0,"menu_order":0,"comment_status":"closed","ping_status":"closed","template":"","meta":{"_acf_changed":false,"footnotes":""},"class_list":["post-12216","page","type-page","status-publish","has-post-thumbnail","hentry","description-off"],"acf":[],"yoast_head":"<!-- This site is optimized with the Yoast SEO plugin v25.6 - https:\/\/yoast.com\/wordpress\/plugins\/seo\/ -->\n<title>Outdoor advertising LED screens in Hanoi:<\/title>\n<meta name=\"description\" content=\"Advertising LED screens in Hanoi are considered a new type of advertising and bring high efficiency in conveying messages to customers.\" \/>\n<meta name=\"robots\" content=\"index, follow, max-snippet:-1, max-image-preview:large, max-video-preview:-1\" \/>\n<link rel=\"canonical\" href=\"https:\/\/shojiki.vn\/en\/led-hanoi\" \/>\n<meta property=\"og:locale\" content=\"en_US\" \/>\n<meta property=\"og:type\" content=\"article\" \/>\n<meta property=\"og:title\" content=\"Outdoor advertising LED screens in Hanoi:\" \/>\n<meta property=\"og:description\" content=\"Advertising LED screens in Hanoi are considered a new type of advertising and bring high efficiency in conveying messages to customers.\" \/>\n<meta property=\"og:url\" content=\"https:\/\/shojiki.vn\/en\/led-hanoi\" \/>\n<meta property=\"og:site_name\" content=\"Shojiki.vn\" \/>\n<meta property=\"article:modified_time\" content=\"2022-07-01T10:04:50+00:00\" \/>\n<meta property=\"og:image\" content=\"https:\/\/shojiki.vn\/template\/uploads\/2021\/06\/man-hinh-led-ngoai-troi-vtv-43-nguyen-chi-thanh.jpg\" \/>\n\t<meta property=\"og:image:width\" content=\"2560\" \/>\n\t<meta property=\"og:image:height\" content=\"1920\" \/>\n\t<meta property=\"og:image:type\" content=\"image\/jpeg\" \/>\n<meta name=\"twitter:label1\" content=\"Est. reading time\" \/>\n\t<meta name=\"twitter:data1\" content=\"5 minutes\" \/>\n<script type=\"application\/ld+json\" class=\"yoast-schema-graph\">{\"@context\":\"https:\/\/schema.org\",\"@graph\":[{\"@type\":\"WebPage\",\"@id\":\"https:\/\/shojiki.vn\/en\/led-hanoi\",\"url\":\"https:\/\/shojiki.vn\/en\/led-hanoi\",\"name\":\"Outdoor advertising LED screens in Hanoi:\",\"isPartOf\":{\"@id\":\"https:\/\/shojiki.vn\/#website\"},\"primaryImageOfPage\":{\"@id\":\"https:\/\/shojiki.vn\/en\/led-hanoi#primaryimage\"},\"image\":{\"@id\":\"https:\/\/shojiki.vn\/en\/led-hanoi#primaryimage\"},\"thumbnailUrl\":\"https:\/\/shojiki.vn\/wp-content\/uploads\/2021\/06\/man-hinh-led-ngoai-troi-vtv-43-nguyen-chi-thanh.jpg\",\"datePublished\":\"2022-06-30T08:45:45+00:00\",\"dateModified\":\"2022-07-01T10:04:50+00:00\",\"description\":\"Advertising LED screens in Hanoi are considered a new type of advertising and bring high efficiency in conveying messages to customers.\",\"breadcrumb\":{\"@id\":\"https:\/\/shojiki.vn\/en\/led-hanoi#breadcrumb\"},\"inLanguage\":\"en-US\",\"potentialAction\":[{\"@type\":\"ReadAction\",\"target\":[\"https:\/\/shojiki.vn\/en\/led-hanoi\"]}]},{\"@type\":\"ImageObject\",\"inLanguage\":\"en-US\",\"@id\":\"https:\/\/shojiki.vn\/en\/led-hanoi#primaryimage\",\"url\":\"https:\/\/shojiki.vn\/wp-content\/uploads\/2021\/06\/man-hinh-led-ngoai-troi-vtv-43-nguyen-chi-thanh.jpg\",\"contentUrl\":\"https:\/\/shojiki.vn\/wp-content\/uploads\/2021\/06\/man-hinh-led-ngoai-troi-vtv-43-nguyen-chi-thanh.jpg\",\"width\":2560,\"height\":1920},{\"@type\":\"BreadcrumbList\",\"@id\":\"https:\/\/shojiki.vn\/en\/led-hanoi#breadcrumb\",\"itemListElement\":[{\"@type\":\"ListItem\",\"position\":1,\"name\":\"Home\",\"item\":\"https:\/\/shojiki.vn\/en\"},{\"@type\":\"ListItem\",\"position\":2,\"name\":\"Outdoor advertising LED screens in Hanoi, Viet Nam\"}]},{\"@type\":\"WebSite\",\"@id\":\"https:\/\/shojiki.vn\/#website\",\"url\":\"https:\/\/shojiki.vn\/\",\"name\":\"Shojiki.vn\",\"description\":\"\",\"potentialAction\":[{\"@type\":\"SearchAction\",\"target\":{\"@type\":\"EntryPoint\",\"urlTemplate\":\"https:\/\/shojiki.vn\/?s={search_term_string}\"},\"query-input\":{\"@type\":\"PropertyValueSpecification\",\"valueRequired\":true,\"valueName\":\"search_term_string\"}}],\"inLanguage\":\"en-US\"}]}<\/script>\n<!-- \/ Yoast SEO plugin. -->","yoast_head_json":{"title":"Outdoor advertising LED screens in Hanoi:","description":"Advertising LED screens in Hanoi are considered a new type of advertising and bring high efficiency in conveying messages to customers.","robots":{"index":"index","follow":"follow","max-snippet":"max-snippet:-1","max-image-preview":"max-image-preview:large","max-video-preview":"max-video-preview:-1"},"canonical":"https:\/\/shojiki.vn\/en\/led-hanoi","og_locale":"en_US","og_type":"article","og_title":"Outdoor advertising LED screens in Hanoi:","og_description":"Advertising LED screens in Hanoi are considered a new type of advertising and bring high efficiency in conveying messages to customers.","og_url":"https:\/\/shojiki.vn\/en\/led-hanoi","og_site_name":"Shojiki.vn","article_modified_time":"2022-07-01T10:04:50+00:00","og_image":[{"width":2560,"height":1920,"url":"https:\/\/shojiki.vn\/template\/uploads\/2021\/06\/man-hinh-led-ngoai-troi-vtv-43-nguyen-chi-thanh.jpg","type":"image\/jpeg"}],"twitter_misc":{"Est. reading time":"5 minutes"},"schema":{"@context":"https:\/\/schema.org","@graph":[{"@type":"WebPage","@id":"https:\/\/shojiki.vn\/en\/led-hanoi","url":"https:\/\/shojiki.vn\/en\/led-hanoi","name":"Outdoor advertising LED screens in Hanoi:","isPartOf":{"@id":"https:\/\/shojiki.vn\/#website"},"primaryImageOfPage":{"@id":"https:\/\/shojiki.vn\/en\/led-hanoi#primaryimage"},"image":{"@id":"https:\/\/shojiki.vn\/en\/led-hanoi#primaryimage"},"thumbnailUrl":"https:\/\/shojiki.vn\/wp-content\/uploads\/2021\/06\/man-hinh-led-ngoai-troi-vtv-43-nguyen-chi-thanh.jpg","datePublished":"2022-06-30T08:45:45+00:00","dateModified":"2022-07-01T10:04:50+00:00","description":"Advertising LED screens in Hanoi are considered a new type of advertising and bring high efficiency in conveying messages to customers.","breadcrumb":{"@id":"https:\/\/shojiki.vn\/en\/led-hanoi#breadcrumb"},"inLanguage":"en-US","potentialAction":[{"@type":"ReadAction","target":["https:\/\/shojiki.vn\/en\/led-hanoi"]}]},{"@type":"ImageObject","inLanguage":"en-US","@id":"https:\/\/shojiki.vn\/en\/led-hanoi#primaryimage","url":"https:\/\/shojiki.vn\/wp-content\/uploads\/2021\/06\/man-hinh-led-ngoai-troi-vtv-43-nguyen-chi-thanh.jpg","contentUrl":"https:\/\/shojiki.vn\/wp-content\/uploads\/2021\/06\/man-hinh-led-ngoai-troi-vtv-43-nguyen-chi-thanh.jpg","width":2560,"height":1920},{"@type":"BreadcrumbList","@id":"https:\/\/shojiki.vn\/en\/led-hanoi#breadcrumb","itemListElement":[{"@type":"ListItem","position":1,"name":"Home","item":"https:\/\/shojiki.vn\/en"},{"@type":"ListItem","position":2,"name":"Outdoor advertising LED screens in Hanoi, Viet Nam"}]},{"@type":"WebSite","@id":"https:\/\/shojiki.vn\/#website","url":"https:\/\/shojiki.vn\/","name":"Shojiki.vn","description":"","potentialAction":[{"@type":"SearchAction","target":{"@type":"EntryPoint","urlTemplate":"https:\/\/shojiki.vn\/?s={search_term_string}"},"query-input":{"@type":"PropertyValueSpecification","valueRequired":true,"valueName":"search_term_string"}}],"inLanguage":"en-US"}]}},"_links":{"self":[{"href":"https:\/\/shojiki.vn\/en\/wp-json\/wp\/v2\/pages\/12216"}],"collection":[{"href":"https:\/\/shojiki.vn\/en\/wp-json\/wp\/v2\/pages"}],"about":[{"href":"https:\/\/shojiki.vn\/en\/wp-json\/wp\/v2\/types\/page"}],"author":[{"embeddable":true,"href":"https:\/\/shojiki.vn\/en\/wp-json\/wp\/v2\/users\/4"}],"replies":[{"embeddable":true,"href":"https:\/\/shojiki.vn\/en\/wp-json\/wp\/v2\/comments?post=12216"}],"version-history":[{"count":11,"href":"https:\/\/shojiki.vn\/en\/wp-json\/wp\/v2\/pages\/12216\/revisions"}],"predecessor-version":[{"id":12325,"href":"https:\/\/shojiki.vn\/en\/wp-json\/wp\/v2\/pages\/12216\/revisions\/12325"}],"wp:featuredmedia":[{"embeddable":true,"href":"https:\/\/shojiki.vn\/en\/wp-json\/wp\/v2\/media\/6014"}],"wp:attachment":[{"href":"https:\/\/shojiki.vn\/en\/wp-json\/wp\/v2\/media?parent=12216"}],"curies":[{"name":"wp","href":"https:\/\/api.w.org\/{rel}","templated":true}]}}