{"id":12213,"date":"2022-06-30T15:22:32","date_gmt":"2022-06-30T08:22:32","guid":{"rendered":"https:\/\/shojiki.vn\/?page_id=12213"},"modified":"2022-06-30T15:28:09","modified_gmt":"2022-06-30T08:28:09","slug":"outdoor-screen-vincom-pham-ngoc-thach-hanoi","status":"publish","type":"page","link":"https:\/\/shojiki.vn\/en\/outdoor-screen-vincom-pham-ngoc-thach-hanoi","title":{"rendered":"LED screen 02 Vincom Pham Ngoc Thach, Hanoi"},"content":{"rendered":"\n<h2><img loading=\"lazy\" decoding=\"async\" class=\"aligncenter wp-image-7952 size-large\" src=\"https:\/\/shojiki.vn\/template\/uploads\/2021\/09\/ban-do-man-hinh-led-vin-com-pham-ngoc-thach-1030x349.jpg\" alt=\"v\u1ecb tr\u00ed m\u00e0n h\u00ecnh led 02 Ph\u1ea1m Ng\u1ecdc Th\u1ea1ch\" width=\"1030\" height=\"349\" srcset=\"https:\/\/shojiki.vn\/wp-content\/uploads\/2021\/09\/ban-do-man-hinh-led-vin-com-pham-ngoc-thach-1030x349.jpg 1030w, https:\/\/shojiki.vn\/wp-content\/uploads\/2021\/09\/ban-do-man-hinh-led-vin-com-pham-ngoc-thach-300x102.jpg 300w, https:\/\/shojiki.vn\/wp-content\/uploads\/2021\/09\/ban-do-man-hinh-led-vin-com-pham-ngoc-thach-768x260.jpg 768w, https:\/\/shojiki.vn\/wp-content\/uploads\/2021\/09\/ban-do-man-hinh-led-vin-com-pham-ngoc-thach-1536x521.jpg 1536w, https:\/\/shojiki.vn\/wp-content\/uploads\/2021\/09\/ban-do-man-hinh-led-vin-com-pham-ngoc-thach.jpg 2000w\" sizes=\"(max-width: 1030px) 100vw, 1030px\" \/><\/h2>\n<h2><strong><span class=\"\">Specifications Vimcom LED Advertising Pham Ngoc Thach, Hanoi<\/span><\/strong><\/h2>\n<table style=\"width: 91%; height: 295px;\" width=\"91%\">\n<tbody>\n<tr style=\"height: 24px;\">\n<td style=\"width: 13%; height: 24px;\" width=\"13%\"><strong><span class=\"goog-text-highlight\">Address<\/span><\/strong><\/td>\n<td style=\"width: 76%; height: 24px;\" width=\"76%\">Vincom, 02 Pham Ngoc Thach, Trung Tu ward, Dong Da district, Hanoi<\/td>\n<\/tr>\n<tr style=\"height: 170px;\">\n<td style=\"width: 13%; height: 170px;\" width=\"13%\"><strong>Area features<\/strong><\/td>\n<td style=\"width: 76%; height: 170px;\" width=\"76%\">\n<p>\u2013 Nice advertising area, open and unobstructed observation space, the screen is placed on the main door of Vincom \u2013 the administrative center of the city, where many state agencies and commercial services are concentrated. Commercial, life, medical, &#8230;<\/p>\n<p>\u2013 Located on a major road, an important intersection, with a red light stop time to help pedestrians easily see the led screen. Near medical university hospital.<\/p>\n<p>\u2013 Attract the attention of 90% of road users.<\/p>\n<p>\u2013 Every day, about\u00a0<strong>175,000 people<\/strong>\u00a0pass through this area (according to Compass Tech)<\/p>\n<\/td>\n<\/tr>\n<tr style=\"height: 29px;\">\n<td style=\"width: 13%; height: 29px;\" width=\"13%\"><strong>Size<\/strong><\/td>\n<td style=\"width: 76%; height: 29px;\" width=\"76%\"><span style=\"font-weight: 400;\">50.6m x 8.1m<\/span> = 409,86m<sup>2<\/sup><\/td>\n<\/tr>\n<tr style=\"height: 24px;\">\n<td style=\"width: 13%; height: 24px;\" width=\"13%\"><strong>Operating time<\/strong><\/td>\n<td style=\"width: 76%; height: 24px;\" width=\"76%\">16 hours\/day, 6am-23pm<\/td>\n<\/tr>\n<tr style=\"height: 24px;\">\n<td style=\"width: 13%; height: 24px;\" width=\"13%\"><strong>Frequency<\/strong><\/td>\n<td style=\"width: 76%; height: 24px;\" width=\"76%\">\u00a08 minutes\/time\/spot (about 240 spots\/day) (15s each spot is 15s long)<\/td>\n<\/tr>\n<tr style=\"height: 24px;\">\n<td style=\"width: 13%; height: 24px;\" width=\"13%\"><strong><span class=\"goog-text-highlight\">Price<\/span><\/strong><\/td>\n<td style=\"width: 76%; height: 24px;\" width=\"76%\">Contact: 0933 15 99 88<\/td>\n<\/tr>\n<\/tbody>\n<\/table>\n<h2><strong>Outdoor LED advertising at\u00a0<\/strong><strong>LED Vimcom Pham Ngoc Thach, Hanoi<\/strong><\/h2>\n<p>To maximize the ability to reach customers, you should choose the location of outdoor advertising LED screens in places with high traffic density.\u00a0Therefore, you should not skip the screen here.\u00a0Why?<\/p>\n<p>Outdoor LED advertising at Vincom Pham Ngoc Thach has a beautiful advertising area, open and unobstructed observation space, the screen is located on the main door of Vincom &#8211; the administrative center area of \u200b\u200bthe city, focusing Centralized many state agencies, commercial services, life, health, &#8230;<\/p>\n<p>Located on a major road, an important intersection, with a red light stop time to help pedestrians easily see the led screen.\u00a0Near medical university hospital.<\/p>\n<p>\u2013 Attract the attention of 90% of road users.<\/p>\n<p>\u2013 Every day, about\u00a0<strong>175,000 people<\/strong>\u00a0pass through this area (according to Compass Tech)<\/p>\n<p>Therefore, the volume of vehicles moving through this road is very large, especially during the morning and afternoon peak times, and the traffic flow is always congested. With this feature, your ad will reach a large number of passersby.<\/p>\n<div id=\"attachment_7964\" style=\"width: 1040px\" class=\"wp-caption aligncenter\"><img loading=\"lazy\" decoding=\"async\" aria-describedby=\"caption-attachment-7964\" class=\"wp-image-7964 size-large\" src=\"https:\/\/shojiki.vn\/template\/uploads\/2021\/09\/led-vincom-pham-ngoc-thach-ha-noi-1-1030x609.jpg\" alt=\"m\u00e0n h\u00ecnh led vincom Ph\u1ea1m Ng\u1ecdc Th\u1ea1ch H\u00e0 N\u1ed9i\" width=\"1030\" height=\"609\" srcset=\"https:\/\/shojiki.vn\/wp-content\/uploads\/2021\/09\/led-vincom-pham-ngoc-thach-ha-noi-1-1030x609.jpg 1030w, https:\/\/shojiki.vn\/wp-content\/uploads\/2021\/09\/led-vincom-pham-ngoc-thach-ha-noi-1-300x177.jpg 300w, https:\/\/shojiki.vn\/wp-content\/uploads\/2021\/09\/led-vincom-pham-ngoc-thach-ha-noi-1-768x454.jpg 768w, https:\/\/shojiki.vn\/wp-content\/uploads\/2021\/09\/led-vincom-pham-ngoc-thach-ha-noi-1.jpg 1222w\" sizes=\"(max-width: 1030px) 100vw, 1030px\" \/><p id=\"caption-attachment-7964\" class=\"wp-caption-text\">Coca-Cola also advertised at led screen 02 Pham Ngoc Thach, Hanoi<\/p><\/div>\n<h2><strong>Report the effectiveness of Compass&#8217;s outdoor advertising when advertising here:<\/strong><\/h2>\n<div id=\"attachment_7009\" class=\"wp-caption aligncenter\">\n<div id=\"attachment_7009\" style=\"width: 1010px\" class=\"wp-caption aligncenter\"><img loading=\"lazy\" decoding=\"async\" aria-describedby=\"caption-attachment-7009\" class=\"wp-image-7009 size-full\" src=\"https:\/\/shojiki.vn\/template\/uploads\/2021\/08\/quang-cao-ngoai-troi-led-ab-tower-lisence.jpg\" sizes=\"(max-width: 1000px) 100vw, 1000px\" srcset=\"https:\/\/shojiki.vn\/template\/uploads\/2021\/08\/quang-cao-ngoai-troi-led-ab-tower-lisence.jpg 1000w, https:\/\/shojiki.vn\/template\/uploads\/2021\/08\/quang-cao-ngoai-troi-led-ab-tower-lisence-300x150.jpg 300w, https:\/\/shojiki.vn\/template\/uploads\/2021\/08\/quang-cao-ngoai-troi-led-ab-tower-lisence-768x384.jpg 768w\" alt=\"license c\u1ee7a compass tech\" width=\"1000\" height=\"500\" aria-describedby=\"caption-attachment-7009\" \/><p id=\"caption-attachment-7009\" class=\"wp-caption-text\">Sample license at LED location Ly Chinh Thang made by Compass<\/p><\/div>\n<div id=\"attachment_7009\" class=\"wp-caption aligncenter\">\n<p>This is a sample license at Ly Chinh Thang LED advertising location made by Compass, for a detailed license of outdoor LED advertising location here, please contact\u00a0<span style=\"color: #ff6600;\"><a style=\"color: #ff6600;\" href=\"http:\/\/compasstech.asia\/\">Compass Tech<\/a><\/span><\/p>\n<\/div>\n<p>The screen area is very large about 409 m2 with more than 16 million colors and the brightness is about 5500~8500cd\/sqm, your ads can be illuminated even during the day, and become more vibrant and outstanding when entering the night.<\/p>\n<\/div>\n<div id=\"attachment_7045\" class=\"wp-caption aligncenter\">\n<div id=\"attachment_7958\" style=\"width: 1040px\" class=\"wp-caption aligncenter\"><img loading=\"lazy\" decoding=\"async\" aria-describedby=\"caption-attachment-7958\" class=\"wp-image-7958 size-large\" src=\"https:\/\/shojiki.vn\/template\/uploads\/2021\/09\/led-vincom-pham-ngoc-thach-ha-noi-2-1030x525.jpg\" alt=\"qu\u1ea3ng c\u00e1o led ngo\u00e0i tr\u1eddi Vincom Ph\u1ea1m Ng\u1ecdc Th\u1ea1ch H\u00e0 N\u1ed9i\" width=\"1030\" height=\"525\" srcset=\"https:\/\/shojiki.vn\/wp-content\/uploads\/2021\/09\/led-vincom-pham-ngoc-thach-ha-noi-2-1030x525.jpg 1030w, https:\/\/shojiki.vn\/wp-content\/uploads\/2021\/09\/led-vincom-pham-ngoc-thach-ha-noi-2-300x153.jpg 300w, https:\/\/shojiki.vn\/wp-content\/uploads\/2021\/09\/led-vincom-pham-ngoc-thach-ha-noi-2-768x391.jpg 768w, https:\/\/shojiki.vn\/wp-content\/uploads\/2021\/09\/led-vincom-pham-ngoc-thach-ha-noi-2-1536x783.jpg 1536w, https:\/\/shojiki.vn\/wp-content\/uploads\/2021\/09\/led-vincom-pham-ngoc-thach-ha-noi-2.jpg 1621w\" sizes=\"(max-width: 1030px) 100vw, 1030px\" \/><p id=\"caption-attachment-7958\" class=\"wp-caption-text\">Beautiful advertising position, attracting the eyes of most people passing by<\/p><\/div>\n<\/div>\n<p>\u0110\u00e3 c\u00f3 nhi\u1ec1u kh\u00e1ch h\u00e0ng l\u1edbn li\u00ean h\u1ec7 qu\u1ea3ng c\u00e1o t\u1ea1i v\u1ecb tr\u00ed n\u00e0y v\u00e0 \u0111\u1ea1t \u0111\u01b0\u1ee3c hi\u1ec7u qu\u1ea3 truy\u1ec1n th\u00f4ng r\u1ea5t l\u1edbn. V\u1eady c\u00f2n b\u1ea1n th\u00ec sao?<\/p>\n<p>There have been many large customers contact advertisements at this location and achieved great communication effect. <span class=\"\">And you?<\/span><\/p>\n<h2><strong>Outdoor LED display advertising form:<\/strong><\/h2>\n<p><span style=\"color: #ff6600;\"><a style=\"color: #ff6600;\" href=\"https:\/\/shojiki.vn\/quang-cao-led-ngoai-troi\">Outdoor LED display<\/a><\/span> is gradually becoming a new trend of modern advertising.\u00a0It has many advantages over other traditional forms of<a href=\"https:\/\/shojiki.vn\/quang-cao-bien-bang\">\u00a0<span style=\"color: #ff6600;\">advertising<\/span><\/a>\u00a0:<\/p>\n<ul>\n<li>Vivid advertising content with many presentation forms: slides, videos, &#8230;<\/li>\n<li>Sharp, realistic images easily convey the message<\/li>\n<li>Feel free to change, or adjust the ad as you like<\/li>\n<li>Integrated moisture-proof and heat-resistant technology to reduce maintenance costs significantly<\/li>\n<li>Save more costs when you don&#8217;t have to spend extra money for the production of outdoor hiflex canvas like other traditional forms of advertising<\/li>\n<\/ul>\n<div id=\"attachment_7048\" class=\"wp-caption aligncenter\">\n<div id=\"attachment_7961\" style=\"width: 1579px\" class=\"wp-caption aligncenter\"><a class=\"dt-pswp-item\" href=\"https:\/\/shojiki.vn\/template\/uploads\/2021\/09\/led-vincom-pham-ngoc-thach-ha-noi-3.jpg\" data-dt-img-description=\"\" data-large_image_width=\"1569\" data-large_image_height=\"815\"><img loading=\"lazy\" decoding=\"async\" aria-describedby=\"caption-attachment-7961\" class=\"wp-image-7961 size-full\" src=\"https:\/\/shojiki.vn\/template\/uploads\/2021\/09\/led-vincom-pham-ngoc-thach-ha-noi-3.jpg\" alt=\"\" width=\"1569\" height=\"815\" srcset=\"https:\/\/shojiki.vn\/wp-content\/uploads\/2021\/09\/led-vincom-pham-ngoc-thach-ha-noi-3.jpg 1569w, https:\/\/shojiki.vn\/wp-content\/uploads\/2021\/09\/led-vincom-pham-ngoc-thach-ha-noi-3-300x156.jpg 300w, https:\/\/shojiki.vn\/wp-content\/uploads\/2021\/09\/led-vincom-pham-ngoc-thach-ha-noi-3-1030x535.jpg 1030w, https:\/\/shojiki.vn\/wp-content\/uploads\/2021\/09\/led-vincom-pham-ngoc-thach-ha-noi-3-768x399.jpg 768w, https:\/\/shojiki.vn\/wp-content\/uploads\/2021\/09\/led-vincom-pham-ngoc-thach-ha-noi-3-1536x798.jpg 1536w\" sizes=\"(max-width: 1569px) 100vw, 1569px\" \/><\/a><p id=\"caption-attachment-7961\" class=\"wp-caption-text\">The traffic is very crowded as measured by Compass in April 2020<\/p><\/div>\n<\/div>\n<h2><strong>How do your ads appear on LED Vincom Pham Ngoc Thach, Hanoi?<\/strong><\/h2>\n<p>SHOJIKI Advertising Joint Stock Company &#8211; is proud to be one of the leading advertising agencies in Vietnam.\u00a0We are committed to bringing you the most prestigious and effective advertising service along with:<\/p>\n<ul>\n<li>Support service\u00a0\u00a0<strong>GENERAL CONSULTATION<\/strong>\u00a0\u00a0of advertising strategies<\/li>\n<li><strong>SUPPORT SERVICE FOR DESIGNING<\/strong>\u00a0content\u00a0\u00a0\u00a0, advertising images<\/li>\n<li>The construction team deploys the advertisement\u00a0\u00a0<strong>FAST<\/strong>\u00a0\u00a0and\u00a0\u00a0<strong>ONLY<\/strong><\/li>\n<li><strong>WARRANTY<\/strong>\u00a0mode\u00a0\u00a0\u00a0for the duration of the campaign<\/li>\n<li><strong>Attractive\u00a0<\/strong><strong>DISCOUNTS\u00a0<\/strong>\u00a0and\u00a0\u00a0SALES\u00a0\u00a0\u00a0for customers<\/li>\n<\/ul>\n<p>In short, the LED screen at Vincom 02 Pham Ngoc Thach is a great place to advertise your business.\u00a0That&#8217;s why you should place ads here.\u00a0By contacting Shojiki, we will provide you with more detailed information.<\/p>\n<p>In addition, you can learn more about our other forms of outdoor advertising:<\/p>\n<ul>\n<li><span style=\"color: #ff6600;\"><a style=\"color: #ff6600;\" href=\"https:\/\/shojiki.vn\/quang-cao-led-ngoai-troi\">Outdoor LED Display<\/a><\/span><\/li>\n<li><span style=\"color: #ff6600;\"><a style=\"color: #ff6600;\" href=\"https:\/\/shojiki.vn\/quang-cao-bien-bang\">Signboards, billboards, panels<\/a><\/span><\/li>\n<li><span style=\"color: #ff6600;\"><a style=\"color: #ff6600;\" href=\"https:\/\/shojiki.vn\/quang-cao-may-bay\">Airplane advertising<\/a><\/span><\/li>\n<li><span style=\"color: #ff6600;\"><a style=\"color: #ff6600;\" href=\"https:\/\/shojiki.vn\/quang-cao-offline\/quang-cao-xe-taxi\">Service of gluing ads on taxis<\/a><\/span><\/li>\n<li><span style=\"color: #ff6600;\"><a style=\"color: #ff6600;\" href=\"https:\/\/shojiki.vn\/quang-cao-offline\/quang-cao-xe-bus\">Bus<\/a><\/span><\/li>\n<li><span style=\"color: #ff6600;\"><a style=\"color: #ff6600;\" href=\"https:\/\/shojiki.vn\/quang-cao-tren-app-grab\">Super app Grab Ads<\/a><\/span><\/li>\n<li><span style=\"color: #ff6600;\"><a style=\"color: #ff6600;\" href=\"https:\/\/shojiki.vn\/quang-cao-tram-xang-tin-nghia\">Advertisement at gas station<\/a><\/span><\/li>\n<li><span style=\"color: #ff6600;\"><a style=\"color: #ff6600;\" href=\"https:\/\/shojiki.vn\/quang-cao-tai-cua-hang-tien-loi\">Grocery store<\/a><\/span><\/li>\n<\/ul>\n<h4>You can survey prices and buy billboards online at:\u00a0\u00a0\u00a0<span style=\"color: #ff6600;\"><a style=\"color: #ff6600;\" href=\"https:\/\/ooh.com.vn\/\">WikiOOH<\/a><\/span><br \/>We will measure the effectiveness of your outdoor advertising at:\u00a0\u00a0<span style=\"color: #ff6600;\">\u00a0<\/span><span style=\"color: #ff6600;\"><a style=\"color: #ff6600;\" href=\"https:\/\/compasstech.asia\/\">Compass Tech<\/a><\/span><\/h4>\n<h2><strong><span class=\"goog-text-highlight\">Some customers have run Outdoor LED Ads at Vincom Pham Ngoc Thach, Hanoi:<\/span><\/strong><\/h2>\n<div id=\"attachment_7955\" style=\"width: 1040px\" class=\"wp-caption aligncenter\"><img loading=\"lazy\" decoding=\"async\" aria-describedby=\"caption-attachment-7955\" class=\"wp-image-7955 size-large\" src=\"https:\/\/shojiki.vn\/template\/uploads\/2021\/09\/led-vincom-pham-ngoc-thach-ha-noi-4-1030x529.jpg\" alt=\"qu\u1ea3ng c\u00e1o m\u00e0n h\u00ecnh led ngo\u00e0i tr\u1eddi Vincom Ph\u1ea1m Ng\u1ecdc Th\u1ea1ch H\u00e0 N\u1ed9i\" width=\"1030\" height=\"529\" srcset=\"https:\/\/shojiki.vn\/wp-content\/uploads\/2021\/09\/led-vincom-pham-ngoc-thach-ha-noi-4-1030x529.jpg 1030w, https:\/\/shojiki.vn\/wp-content\/uploads\/2021\/09\/led-vincom-pham-ngoc-thach-ha-noi-4-300x154.jpg 300w, https:\/\/shojiki.vn\/wp-content\/uploads\/2021\/09\/led-vincom-pham-ngoc-thach-ha-noi-4-768x395.jpg 768w, https:\/\/shojiki.vn\/wp-content\/uploads\/2021\/09\/led-vincom-pham-ngoc-thach-ha-noi-4.jpg 1534w\" sizes=\"(max-width: 1030px) 100vw, 1030px\" \/><p id=\"caption-attachment-7955\" class=\"wp-caption-text\">Sunlife brand advertised at led screen 02 Pham Ngoc Thach, Hanoi<\/p><\/div>\n<div class=\"mceTemp\">\u00a0<\/div>\n","protected":false},"excerpt":{"rendered":"<p>Specifications Vimcom LED Advertising Pham Ngoc Thach, Hanoi Address Vincom, 02 Pham Ngoc Thach, Trung Tu ward, Dong Da district, Hanoi Area features \u2013 Nice advertising area, open and unobstructed observation space, the screen is placed on the main door of Vincom \u2013 the administrative center of the city, where many state agencies and commercial&hellip;<\/p>\n","protected":false},"author":4,"featured_media":7965,"parent":0,"menu_order":0,"comment_status":"closed","ping_status":"closed","template":"","meta":{"_acf_changed":false,"footnotes":""},"class_list":["post-12213","page","type-page","status-publish","has-post-thumbnail","hentry","description-off"],"acf":[],"yoast_head":"<!-- This site is optimized with the Yoast SEO plugin v25.6 - https:\/\/yoast.com\/wordpress\/plugins\/seo\/ -->\n<title>Outdoor screen Vincom Pham Ngoc Thach, Hanoi<\/title>\n<meta name=\"description\" content=\"Nice advertising area, open and unobstructed observation space, the screen is placed on the main door of Vincom Pham Ngoc Thach, Hanoi\" \/>\n<meta name=\"robots\" content=\"index, follow, max-snippet:-1, max-image-preview:large, max-video-preview:-1\" \/>\n<link rel=\"canonical\" href=\"https:\/\/shojiki.vn\/en\/outdoor-screen-vincom-pham-ngoc-thach-hanoi\" \/>\n<meta property=\"og:locale\" content=\"en_US\" \/>\n<meta property=\"og:type\" content=\"article\" \/>\n<meta property=\"og:title\" content=\"Outdoor screen Vincom Pham Ngoc Thach, Hanoi\" \/>\n<meta property=\"og:description\" content=\"Nice advertising area, open and unobstructed observation space, the screen is placed on the main door of Vincom Pham Ngoc Thach, Hanoi\" \/>\n<meta property=\"og:url\" content=\"https:\/\/shojiki.vn\/en\/outdoor-screen-vincom-pham-ngoc-thach-hanoi\" \/>\n<meta property=\"og:site_name\" content=\"Shojiki.vn\" \/>\n<meta property=\"article:modified_time\" content=\"2022-06-30T08:28:09+00:00\" \/>\n<meta property=\"og:image\" content=\"https:\/\/shojiki.vn\/template\/uploads\/2021\/09\/led-vincom-pham-ngoc-thach-ha-noi-1.jpg\" \/>\n\t<meta property=\"og:image:width\" content=\"1222\" \/>\n\t<meta property=\"og:image:height\" content=\"723\" \/>\n\t<meta property=\"og:image:type\" content=\"image\/jpeg\" \/>\n<meta name=\"twitter:label1\" content=\"Est. reading time\" \/>\n\t<meta name=\"twitter:data1\" content=\"6 minutes\" \/>\n<script type=\"application\/ld+json\" class=\"yoast-schema-graph\">{\"@context\":\"https:\/\/schema.org\",\"@graph\":[{\"@type\":\"WebPage\",\"@id\":\"https:\/\/shojiki.vn\/en\/outdoor-screen-vincom-pham-ngoc-thach-hanoi\",\"url\":\"https:\/\/shojiki.vn\/en\/outdoor-screen-vincom-pham-ngoc-thach-hanoi\",\"name\":\"Outdoor screen Vincom Pham Ngoc Thach, Hanoi\",\"isPartOf\":{\"@id\":\"https:\/\/shojiki.vn\/#website\"},\"primaryImageOfPage\":{\"@id\":\"https:\/\/shojiki.vn\/en\/outdoor-screen-vincom-pham-ngoc-thach-hanoi#primaryimage\"},\"image\":{\"@id\":\"https:\/\/shojiki.vn\/en\/outdoor-screen-vincom-pham-ngoc-thach-hanoi#primaryimage\"},\"thumbnailUrl\":\"https:\/\/shojiki.vn\/wp-content\/uploads\/2021\/09\/led-vincom-pham-ngoc-thach-ha-noi-1.jpg\",\"datePublished\":\"2022-06-30T08:22:32+00:00\",\"dateModified\":\"2022-06-30T08:28:09+00:00\",\"description\":\"Nice advertising area, open and unobstructed observation space, the screen is placed on the main door of Vincom Pham Ngoc Thach, Hanoi\",\"breadcrumb\":{\"@id\":\"https:\/\/shojiki.vn\/en\/outdoor-screen-vincom-pham-ngoc-thach-hanoi#breadcrumb\"},\"inLanguage\":\"en-US\",\"potentialAction\":[{\"@type\":\"ReadAction\",\"target\":[\"https:\/\/shojiki.vn\/en\/outdoor-screen-vincom-pham-ngoc-thach-hanoi\"]}]},{\"@type\":\"ImageObject\",\"inLanguage\":\"en-US\",\"@id\":\"https:\/\/shojiki.vn\/en\/outdoor-screen-vincom-pham-ngoc-thach-hanoi#primaryimage\",\"url\":\"https:\/\/shojiki.vn\/wp-content\/uploads\/2021\/09\/led-vincom-pham-ngoc-thach-ha-noi-1.jpg\",\"contentUrl\":\"https:\/\/shojiki.vn\/wp-content\/uploads\/2021\/09\/led-vincom-pham-ngoc-thach-ha-noi-1.jpg\",\"width\":1222,\"height\":723},{\"@type\":\"BreadcrumbList\",\"@id\":\"https:\/\/shojiki.vn\/en\/outdoor-screen-vincom-pham-ngoc-thach-hanoi#breadcrumb\",\"itemListElement\":[{\"@type\":\"ListItem\",\"position\":1,\"name\":\"Home\",\"item\":\"https:\/\/shojiki.vn\/en\"},{\"@type\":\"ListItem\",\"position\":2,\"name\":\"LED screen 02 Vincom Pham Ngoc Thach, Hanoi\"}]},{\"@type\":\"WebSite\",\"@id\":\"https:\/\/shojiki.vn\/#website\",\"url\":\"https:\/\/shojiki.vn\/\",\"name\":\"Shojiki.vn\",\"description\":\"\",\"potentialAction\":[{\"@type\":\"SearchAction\",\"target\":{\"@type\":\"EntryPoint\",\"urlTemplate\":\"https:\/\/shojiki.vn\/?s={search_term_string}\"},\"query-input\":{\"@type\":\"PropertyValueSpecification\",\"valueRequired\":true,\"valueName\":\"search_term_string\"}}],\"inLanguage\":\"en-US\"}]}<\/script>\n<!-- \/ Yoast SEO plugin. -->","yoast_head_json":{"title":"Outdoor screen Vincom Pham Ngoc Thach, Hanoi","description":"Nice advertising area, open and unobstructed observation space, the screen is placed on the main door of Vincom Pham Ngoc Thach, Hanoi","robots":{"index":"index","follow":"follow","max-snippet":"max-snippet:-1","max-image-preview":"max-image-preview:large","max-video-preview":"max-video-preview:-1"},"canonical":"https:\/\/shojiki.vn\/en\/outdoor-screen-vincom-pham-ngoc-thach-hanoi","og_locale":"en_US","og_type":"article","og_title":"Outdoor screen Vincom Pham Ngoc Thach, Hanoi","og_description":"Nice advertising area, open and unobstructed observation space, the screen is placed on the main door of Vincom Pham Ngoc Thach, Hanoi","og_url":"https:\/\/shojiki.vn\/en\/outdoor-screen-vincom-pham-ngoc-thach-hanoi","og_site_name":"Shojiki.vn","article_modified_time":"2022-06-30T08:28:09+00:00","og_image":[{"width":1222,"height":723,"url":"https:\/\/shojiki.vn\/template\/uploads\/2021\/09\/led-vincom-pham-ngoc-thach-ha-noi-1.jpg","type":"image\/jpeg"}],"twitter_misc":{"Est. reading time":"6 minutes"},"schema":{"@context":"https:\/\/schema.org","@graph":[{"@type":"WebPage","@id":"https:\/\/shojiki.vn\/en\/outdoor-screen-vincom-pham-ngoc-thach-hanoi","url":"https:\/\/shojiki.vn\/en\/outdoor-screen-vincom-pham-ngoc-thach-hanoi","name":"Outdoor screen Vincom Pham Ngoc Thach, Hanoi","isPartOf":{"@id":"https:\/\/shojiki.vn\/#website"},"primaryImageOfPage":{"@id":"https:\/\/shojiki.vn\/en\/outdoor-screen-vincom-pham-ngoc-thach-hanoi#primaryimage"},"image":{"@id":"https:\/\/shojiki.vn\/en\/outdoor-screen-vincom-pham-ngoc-thach-hanoi#primaryimage"},"thumbnailUrl":"https:\/\/shojiki.vn\/wp-content\/uploads\/2021\/09\/led-vincom-pham-ngoc-thach-ha-noi-1.jpg","datePublished":"2022-06-30T08:22:32+00:00","dateModified":"2022-06-30T08:28:09+00:00","description":"Nice advertising area, open and unobstructed observation space, the screen is placed on the main door of Vincom Pham Ngoc Thach, Hanoi","breadcrumb":{"@id":"https:\/\/shojiki.vn\/en\/outdoor-screen-vincom-pham-ngoc-thach-hanoi#breadcrumb"},"inLanguage":"en-US","potentialAction":[{"@type":"ReadAction","target":["https:\/\/shojiki.vn\/en\/outdoor-screen-vincom-pham-ngoc-thach-hanoi"]}]},{"@type":"ImageObject","inLanguage":"en-US","@id":"https:\/\/shojiki.vn\/en\/outdoor-screen-vincom-pham-ngoc-thach-hanoi#primaryimage","url":"https:\/\/shojiki.vn\/wp-content\/uploads\/2021\/09\/led-vincom-pham-ngoc-thach-ha-noi-1.jpg","contentUrl":"https:\/\/shojiki.vn\/wp-content\/uploads\/2021\/09\/led-vincom-pham-ngoc-thach-ha-noi-1.jpg","width":1222,"height":723},{"@type":"BreadcrumbList","@id":"https:\/\/shojiki.vn\/en\/outdoor-screen-vincom-pham-ngoc-thach-hanoi#breadcrumb","itemListElement":[{"@type":"ListItem","position":1,"name":"Home","item":"https:\/\/shojiki.vn\/en"},{"@type":"ListItem","position":2,"name":"LED screen 02 Vincom Pham Ngoc Thach, Hanoi"}]},{"@type":"WebSite","@id":"https:\/\/shojiki.vn\/#website","url":"https:\/\/shojiki.vn\/","name":"Shojiki.vn","description":"","potentialAction":[{"@type":"SearchAction","target":{"@type":"EntryPoint","urlTemplate":"https:\/\/shojiki.vn\/?s={search_term_string}"},"query-input":{"@type":"PropertyValueSpecification","valueRequired":true,"valueName":"search_term_string"}}],"inLanguage":"en-US"}]}},"_links":{"self":[{"href":"https:\/\/shojiki.vn\/en\/wp-json\/wp\/v2\/pages\/12213"}],"collection":[{"href":"https:\/\/shojiki.vn\/en\/wp-json\/wp\/v2\/pages"}],"about":[{"href":"https:\/\/shojiki.vn\/en\/wp-json\/wp\/v2\/types\/page"}],"author":[{"embeddable":true,"href":"https:\/\/shojiki.vn\/en\/wp-json\/wp\/v2\/users\/4"}],"replies":[{"embeddable":true,"href":"https:\/\/shojiki.vn\/en\/wp-json\/wp\/v2\/comments?post=12213"}],"version-history":[{"count":2,"href":"https:\/\/shojiki.vn\/en\/wp-json\/wp\/v2\/pages\/12213\/revisions"}],"predecessor-version":[{"id":12222,"href":"https:\/\/shojiki.vn\/en\/wp-json\/wp\/v2\/pages\/12213\/revisions\/12222"}],"wp:featuredmedia":[{"embeddable":true,"href":"https:\/\/shojiki.vn\/en\/wp-json\/wp\/v2\/media\/7965"}],"wp:attachment":[{"href":"https:\/\/shojiki.vn\/en\/wp-json\/wp\/v2\/media?parent=12213"}],"curies":[{"name":"wp","href":"https:\/\/api.w.org\/{rel}","templated":true}]}}