{"id":11985,"date":"2022-06-17T15:40:38","date_gmt":"2022-06-17T08:40:38","guid":{"rendered":"https:\/\/shojiki.vn\/?page_id=11985"},"modified":"2022-06-17T16:44:55","modified_gmt":"2022-06-17T09:44:55","slug":"led-screen-lotteria-95a-tran-hung-dao-district-1-ho-chi-minh-city","status":"publish","type":"page","link":"https:\/\/shojiki.vn\/en\/led-screen-lotteria-95a-tran-hung-dao-district-1-ho-chi-minh-city","title":{"rendered":"LED screen Lotteria 95A Tran Hung Dao, District 1, Ho Chi Minh City"},"content":{"rendered":"<p><img loading=\"lazy\" decoding=\"async\" class=\"aligncenter wp-image-8768 size-large\" src=\"https:\/\/shojiki.vn\/template\/uploads\/2021\/10\/ban-do-man-hinh-led-tran-hung-dao-quan-1-ho-chi-minh-1030x425.jpg\" alt=\"v\u1ecb tr\u00ed m\u00e0n h\u00ecnh led 95a tr\u1ea7n h\u01b0ng \u0111\u1ea1o qu\u1eadn 1 h\u1ed3 ch\u00ed minh\" width=\"1030\" height=\"425\" srcset=\"https:\/\/shojiki.vn\/wp-content\/uploads\/2021\/10\/ban-do-man-hinh-led-tran-hung-dao-quan-1-ho-chi-minh-1030x425.jpg 1030w, https:\/\/shojiki.vn\/wp-content\/uploads\/2021\/10\/ban-do-man-hinh-led-tran-hung-dao-quan-1-ho-chi-minh-300x124.jpg 300w, https:\/\/shojiki.vn\/wp-content\/uploads\/2021\/10\/ban-do-man-hinh-led-tran-hung-dao-quan-1-ho-chi-minh-768x317.jpg 768w, https:\/\/shojiki.vn\/wp-content\/uploads\/2021\/10\/ban-do-man-hinh-led-tran-hung-dao-quan-1-ho-chi-minh-1536x634.jpg 1536w, https:\/\/shojiki.vn\/wp-content\/uploads\/2021\/10\/ban-do-man-hinh-led-tran-hung-dao-quan-1-ho-chi-minh.jpg 1920w\" sizes=\"(max-width: 1030px) 100vw, 1030px\" \/><\/p>\n<h2><strong><span class=\"goog-text-highlight\">Specifications of LED screen Lotteria 95A Tran Hung Dao, District 1, Ho Chi Minh<\/span><\/strong><\/h2>\n<table style=\"width: 100%;\">\n<tbody>\n<tr>\n<td class=\"has-text-align-left\" style=\"width: 14.2612%;\" data-align=\"left\"><strong>Address<\/strong><\/td>\n<td class=\"has-text-align-left\" style=\"width: 85.1342%;\" data-align=\"left\">95A Tran Hung Dao, District 1, Ho Chi Minh City<\/td>\n<\/tr>\n<tr>\n<td class=\"has-text-align-left\" style=\"width: 14.2612%;\" data-align=\"left\"><strong><span class=\"goog-text-highlight\">Area features<\/span><\/strong><\/td>\n<td class=\"has-text-align-left\" style=\"width: 85.1342%;\" data-align=\"left\">\u2013 The LED screen here has 2 viewing directions, the direction from the 6 Phu Dong intersection to the direction of District 4 (through Ong Lanh bridge) and the direction of Tran Hung Dao (District 1) to the direction of District 5, 6.\u2013 Large led screen, clear vision, very long interaction time (red light stop)<\/p>\n<p>\u2013 High-class customer base, is the center of District 1, with many office buildings, near Bui Vien Walking Street.<\/p>\n<p>\u2013 There are about\u00a0\u00a0<strong>208,979 people<\/strong>\u00a0\u00a0passing through every day (according to Compass Tech)<\/td>\n<\/tr>\n<tr>\n<td class=\"has-text-align-left\" style=\"width: 14.2612%;\" data-align=\"left\"><strong><span class=\"\">Size<\/span><\/strong><\/td>\n<td class=\"has-text-align-left\" style=\"width: 85.1342%;\" data-align=\"left\">6mH x 10mW = 60m<sup>2<\/sup><\/td>\n<\/tr>\n<tr>\n<td class=\"has-text-align-left\" style=\"width: 14.2612%;\" data-align=\"left\"><strong>Operating time<\/strong><\/td>\n<td class=\"has-text-align-left\" style=\"width: 85.1342%;\" data-align=\"left\">7h \u2013 22h<\/td>\n<\/tr>\n<tr>\n<td class=\"has-text-align-left\" style=\"width: 14.2612%;\" data-align=\"left\"><strong>Frequency<\/strong><\/td>\n<td class=\"has-text-align-left\" style=\"width: 85.1342%;\" data-align=\"left\">8 minutes\/time\/spot (about 240 spots\/day) (15s each spot is 15s long)<\/td>\n<\/tr>\n<tr>\n<td class=\"has-text-align-left\" style=\"width: 14.2612%;\" data-align=\"left\"><strong><span class=\"goog-text-highlight\">Price<\/span><\/strong><\/td>\n<td class=\"has-text-align-left\" style=\"width: 85.1342%;\" data-align=\"left\">Contact :\u00a0 0933 15 99 88<\/td>\n<\/tr>\n<\/tbody>\n<\/table>\n<h2><strong><span class=\"goog-text-highlight\">Lotteria 95A LED screen Tran Hung Dao, District 1, Ho Chi Minh City:<\/span><\/strong><\/h2>\n<p>To maximize the ability to reach customers, you should choose the location of outdoor advertising LED screens in places with high traffic density.\u00a0Therefore, you should not skip the screen here.\u00a0Why?<\/p>\n<p>Outdoor Led advertising 95A Tran Hung Dao, District 1 is installed above Lotteria.\u00a0This place is the center of District 1, with many office buildings, amusement parks, dining and entertainment areas after every working hour, moreover, the led screen is near Bui Vien walking street, so there will be a large number of foreign visitors. attention.<\/p>\n<p>Interaction time at this ad screen is very long, there is a red light over 60 seconds, so your ad will be able to reach more people<\/p>\n<p>Therefore, the volume of vehicles moving through this road is very large, especially during the morning and afternoon peak times, the flow of vehicles crossing the bridge is always congested, with an estimated\u00a0\u00a0<strong>208,979 people<\/strong>\u00a0passing by each day.\u00a0Thanks to this feature, your ad will reach a large number of passersby.<\/p>\n<div id=\"attachment_8777\" style=\"width: 1040px\" class=\"wp-caption aligncenter\"><img loading=\"lazy\" decoding=\"async\" aria-describedby=\"caption-attachment-8777\" class=\"wp-image-8777 size-large\" src=\"https:\/\/shojiki.vn\/template\/uploads\/2021\/10\/man-hinh-led-95-tran-hung-dao-quan-1-hcm-3-1030x772.jpg\" alt=\"m\u00e0n h\u00ecnh led Tr\u1ea7n H\u01b0ng \u0110\u1ea1o, H\u1ed3 Ch\u00ed Minh \" width=\"1030\" height=\"772\" srcset=\"https:\/\/shojiki.vn\/wp-content\/uploads\/2021\/10\/man-hinh-led-95-tran-hung-dao-quan-1-hcm-3-1030x772.jpg 1030w, https:\/\/shojiki.vn\/wp-content\/uploads\/2021\/10\/man-hinh-led-95-tran-hung-dao-quan-1-hcm-3-300x225.jpg 300w, https:\/\/shojiki.vn\/wp-content\/uploads\/2021\/10\/man-hinh-led-95-tran-hung-dao-quan-1-hcm-3-768x575.jpg 768w, https:\/\/shojiki.vn\/wp-content\/uploads\/2021\/10\/man-hinh-led-95-tran-hung-dao-quan-1-hcm-3.jpg 1276w\" sizes=\"(max-width: 1030px) 100vw, 1030px\" \/><p id=\"caption-attachment-8777\" class=\"wp-caption-text\">The view of the LED screen is very open, the interaction time is long<\/p><\/div>\n<h2><strong><span class=\"\">Report the effectiveness of Compass&#8217;s outdoor advertising when advertising here:<\/span><\/strong><\/h2>\n<p><img loading=\"lazy\" decoding=\"async\" class=\"aligncenter wp-image-7202 size-large\" src=\"https:\/\/shojiki.vn\/template\/uploads\/2021\/08\/license-led-terra-royal-ly-chinh-thang-quan-3-1030x476.jpg\" alt=\"\" width=\"1030\" height=\"476\" srcset=\"https:\/\/shojiki.vn\/wp-content\/uploads\/2021\/08\/license-led-terra-royal-ly-chinh-thang-quan-3-1030x476.jpg 1030w, https:\/\/shojiki.vn\/wp-content\/uploads\/2021\/08\/license-led-terra-royal-ly-chinh-thang-quan-3-300x139.jpg 300w, https:\/\/shojiki.vn\/wp-content\/uploads\/2021\/08\/license-led-terra-royal-ly-chinh-thang-quan-3-768x355.jpg 768w, https:\/\/shojiki.vn\/wp-content\/uploads\/2021\/08\/license-led-terra-royal-ly-chinh-thang-quan-3-1536x711.jpg 1536w, https:\/\/shojiki.vn\/wp-content\/uploads\/2021\/08\/license-led-terra-royal-ly-chinh-thang-quan-3.jpg 1898w\" sizes=\"(max-width: 1030px) 100vw, 1030px\" \/><\/p>\n<h2><strong>Outdoor LED display advertising form:<\/strong><\/h2>\n<p><span style=\"color: #ff6600;\"><a style=\"color: #ff6600;\" href=\"https:\/\/shojiki.vn\/quang-cao-led-ngoai-troi\">Outdoor LED display<\/a><\/span>\u00a0\u00a0is gradually becoming a new trend of modern advertising.\u00a0It has many advantages over other types of traditional advertising:<\/p>\n<ul>\n<li>Vivid advertising content with many presentation forms: slides, videos, &#8230;<\/li>\n<li>Sharp, realistic images easily convey the message<\/li>\n<li>Feel free to change, adjust the ad as you like<\/li>\n<li>Integrated moisture-proof and heat-resistant technology to reduce maintenance costs significantly<\/li>\n<li>Save more costs when you don&#8217;t have to spend extra money on the production of outdoor hiflex canvas like other traditional forms of advertising<\/li>\n<\/ul>\n<div id=\"attachment_8774\" style=\"width: 1040px\" class=\"wp-caption aligncenter\"><img loading=\"lazy\" decoding=\"async\" aria-describedby=\"caption-attachment-8774\" class=\"wp-image-8774 size-large\" src=\"https:\/\/shojiki.vn\/template\/uploads\/2021\/10\/man-hinh-led-95-tran-hung-dao-quan-1-hcm-2-1030x772.jpg\" alt=\"m\u00e0n h\u00ecnh LED ngo\u00e0i tr\u1eddi Tr\u1ea7n H\u01b0ng \u0110\u1ea1o, qu\u1ead n1, HCM\" width=\"1030\" height=\"772\" srcset=\"https:\/\/shojiki.vn\/wp-content\/uploads\/2021\/10\/man-hinh-led-95-tran-hung-dao-quan-1-hcm-2-1030x772.jpg 1030w, https:\/\/shojiki.vn\/wp-content\/uploads\/2021\/10\/man-hinh-led-95-tran-hung-dao-quan-1-hcm-2-300x225.jpg 300w, https:\/\/shojiki.vn\/wp-content\/uploads\/2021\/10\/man-hinh-led-95-tran-hung-dao-quan-1-hcm-2-768x575.jpg 768w, https:\/\/shojiki.vn\/wp-content\/uploads\/2021\/10\/man-hinh-led-95-tran-hung-dao-quan-1-hcm-2.jpg 1276w\" sizes=\"(max-width: 1030px) 100vw, 1030px\" \/><p id=\"caption-attachment-8774\" class=\"wp-caption-text\">The outdoor LED screen at Tran Hung Dao at night is very bright and impressive.<\/p><\/div>\n<h2><strong>How to make your ad appear on led Tran Hung Dao, District 1?<\/strong><\/h2>\n<p><span style=\"color: #ff6600;\"><a style=\"color: #ff6600;\" href=\"https:\/\/shojiki.vn\/\">SHOJIKI<\/a><\/span><span style=\"color: #ff6600;\">\u00a0<\/span>Advertising Joint Stock Company\u00a0\u00a0\u00a0&#8211; is proud to be one of the leading advertising agencies in Vietnam.\u00a0With the authorization from the city LED screen dealer, we are committed to bringing you the most prestigious and effective advertising service along with:<\/p>\n<ul>\n<li>Support service\u00a0\u00a0<strong>GENERAL CONSULTATION<\/strong>\u00a0\u00a0of advertising strategies<\/li>\n<li><strong>SUPPORT SERVICE FOR DESIGNING<\/strong>\u00a0content\u00a0\u00a0\u00a0, advertising images<\/li>\n<li>The construction team deploys the advertisement\u00a0\u00a0<strong>FAST<\/strong>\u00a0\u00a0and\u00a0\u00a0<strong>ONLY<\/strong><\/li>\n<li><strong>WARRANTY<\/strong>\u00a0mode\u00a0\u00a0\u00a0for the duration of the campaign<\/li>\n<li><strong>Attractive\u00a0<\/strong><strong>DISCOUNTS\u00a0<\/strong>\u00a0and\u00a0\u00a0SALES\u00a0\u00a0\u00a0for customers<\/li>\n<\/ul>\n<p>In short, the Loteria 95A Tran Hung Dao LED screen, district 1, HCM is a great advertising place for your business.\u00a0That&#8217;s why you should place ads here.\u00a0By contacting<span style=\"color: #ff6600;\">\u00a0<\/span><span style=\"color: #ff6600;\"><a style=\"color: #ff6600;\" href=\"https:\/\/shojiki.vn\/\">Shojiki<\/a><\/span><span style=\"color: #ff6600;\">\u00a0<\/span>, we will provide you with more detailed information.<\/p>\n<p><img loading=\"lazy\" decoding=\"async\" class=\"aligncenter size-full wp-image-8786\" src=\"https:\/\/shojiki.vn\/template\/uploads\/2021\/10\/man-hinh-led-95-tran-hung-dao-quan-1-hcm-6.jpg\" alt=\"\" width=\"1080\" height=\"720\" srcset=\"https:\/\/shojiki.vn\/wp-content\/uploads\/2021\/10\/man-hinh-led-95-tran-hung-dao-quan-1-hcm-6.jpg 1080w, https:\/\/shojiki.vn\/wp-content\/uploads\/2021\/10\/man-hinh-led-95-tran-hung-dao-quan-1-hcm-6-300x200.jpg 300w, https:\/\/shojiki.vn\/wp-content\/uploads\/2021\/10\/man-hinh-led-95-tran-hung-dao-quan-1-hcm-6-1030x687.jpg 1030w, https:\/\/shojiki.vn\/wp-content\/uploads\/2021\/10\/man-hinh-led-95-tran-hung-dao-quan-1-hcm-6-768x512.jpg 768w\" sizes=\"(max-width: 1080px) 100vw, 1080px\" \/><\/p>\n<p>In addition, you can learn more about our other forms of outdoor advertising:<\/p>\n<ul>\n<li><a href=\"https:\/\/shojiki.vn\/quang-cao-led-ngoai-troi\"><span style=\"color: #ff6600;\">Outdoor LED Display<\/span><\/a><\/li>\n<li><span style=\"color: #ff6600;\"><a style=\"color: #ff6600;\" href=\"https:\/\/shojiki.vn\/quang-cao-bien-bang\">Signboards, billboards, panels<\/a><\/span><\/li>\n<li><span style=\"color: #ff6600;\"><a style=\"color: #ff6600;\" href=\"https:\/\/shojiki.vn\/quang-cao-may-bay\">Airplane advertising<\/a><\/span><\/li>\n<li><span style=\"color: #ff6600;\"><a style=\"color: #ff6600;\" href=\"https:\/\/shojiki.vn\/quang-cao-offline\/quang-cao-xe-taxi\">Service of gluing ads on taxis<\/a><\/span><\/li>\n<li><span style=\"color: #ff6600;\"><a style=\"color: #ff6600;\" href=\"https:\/\/shojiki.vn\/quang-cao-offline\/quang-cao-xe-bus\">Bus<\/a><\/span><\/li>\n<li><span style=\"color: #ff6600;\"><a style=\"color: #ff6600;\" href=\"https:\/\/shojiki.vn\/quang-cao-tren-app-grab\">Super app Grab Ads<\/a><\/span><\/li>\n<li><span style=\"color: #ff6600;\"><a style=\"color: #ff6600;\" href=\"https:\/\/shojiki.vn\/quang-cao-tram-xang-tin-nghia\">Advertisement at gas station<\/a><\/span><\/li>\n<li><span style=\"color: #ff6600;\"><a style=\"color: #ff6600;\" href=\"https:\/\/shojiki.vn\/quang-cao-tai-cua-hang-tien-loi\">Grocery store<\/a><\/span><\/li>\n<\/ul>\n<h4>You can survey prices and buy billboards online at:\u00a0\u00a0\u00a0<span style=\"color: #ff6600;\"><a style=\"color: #ff6600;\" href=\"https:\/\/ooh.com.vn\/\">WikiOOH<\/a><\/span><br \/>\nWe will measure the effectiveness of your outdoor advertising at:\u00a0\u00a0\u00a0<span style=\"color: #ff6600;\"><a style=\"color: #ff6600;\" href=\"https:\/\/compasstech.asia\/\">Compass Tech<\/a><\/span><\/h4>\n<h2><strong>Some customers have run ads on led screen loteria 95A Tran Hung Dao, District 1, Ho Chi Minh City:<\/strong><\/h2>\n<p><img loading=\"lazy\" decoding=\"async\" class=\"aligncenter wp-image-8771 size-large\" src=\"https:\/\/shojiki.vn\/template\/uploads\/2021\/10\/man-hinh-led-95-tran-hung-dao-quan-1-hcm-1-1030x772.jpg\" alt=\"led ngo\u00e0i tr\u1eddi \u0111\u01b0\u1eddng Tr\u1ea7n H\u01b0ng \u0110\u1ea1o, qu\u1eadn 1, H\u1ed3 Ch\u00ed Minh\" width=\"1030\" height=\"772\" srcset=\"https:\/\/shojiki.vn\/wp-content\/uploads\/2021\/10\/man-hinh-led-95-tran-hung-dao-quan-1-hcm-1-1030x772.jpg 1030w, https:\/\/shojiki.vn\/wp-content\/uploads\/2021\/10\/man-hinh-led-95-tran-hung-dao-quan-1-hcm-1-300x225.jpg 300w, https:\/\/shojiki.vn\/wp-content\/uploads\/2021\/10\/man-hinh-led-95-tran-hung-dao-quan-1-hcm-1-768x575.jpg 768w, https:\/\/shojiki.vn\/wp-content\/uploads\/2021\/10\/man-hinh-led-95-tran-hung-dao-quan-1-hcm-1.jpg 1276w\" sizes=\"(max-width: 1030px) 100vw, 1030px\" \/><\/p>\n<p><img loading=\"lazy\" decoding=\"async\" class=\"aligncenter wp-image-8780 size-large\" src=\"https:\/\/shojiki.vn\/template\/uploads\/2021\/10\/man-hinh-led-95-tran-hung-dao-quan-1-hcm-4-1030x772.jpg\" alt=\"M\u00e0n h\u00ecnh led \u0111i\u1ec7n t\u1eed Tr\u1ea7n H\u01b0ng \u0110\u1ea1o, H\u1ed3 Ch\u00ed Minh\" width=\"1030\" height=\"772\" srcset=\"https:\/\/shojiki.vn\/wp-content\/uploads\/2021\/10\/man-hinh-led-95-tran-hung-dao-quan-1-hcm-4-1030x772.jpg 1030w, https:\/\/shojiki.vn\/wp-content\/uploads\/2021\/10\/man-hinh-led-95-tran-hung-dao-quan-1-hcm-4-300x225.jpg 300w, https:\/\/shojiki.vn\/wp-content\/uploads\/2021\/10\/man-hinh-led-95-tran-hung-dao-quan-1-hcm-4-768x575.jpg 768w, https:\/\/shojiki.vn\/wp-content\/uploads\/2021\/10\/man-hinh-led-95-tran-hung-dao-quan-1-hcm-4.jpg 1276w\" sizes=\"(max-width: 1030px) 100vw, 1030px\" \/><\/p>\n<p><img loading=\"lazy\" decoding=\"async\" class=\"aligncenter wp-image-8783 size-large\" src=\"https:\/\/shojiki.vn\/template\/uploads\/2021\/10\/man-hinh-led-95-tran-hung-dao-quan-1-hcm-5-1030x687.jpg\" alt=\"M\u00e0n h\u00ecnh led ngo\u00e0i tr\u1eddi qu\u1eadn 1, H\u1ed3 Ch\u00ed Minh\" width=\"1030\" height=\"687\" srcset=\"https:\/\/shojiki.vn\/wp-content\/uploads\/2021\/10\/man-hinh-led-95-tran-hung-dao-quan-1-hcm-5-1030x687.jpg 1030w, https:\/\/shojiki.vn\/wp-content\/uploads\/2021\/10\/man-hinh-led-95-tran-hung-dao-quan-1-hcm-5-300x200.jpg 300w, https:\/\/shojiki.vn\/wp-content\/uploads\/2021\/10\/man-hinh-led-95-tran-hung-dao-quan-1-hcm-5-768x512.jpg 768w, https:\/\/shojiki.vn\/wp-content\/uploads\/2021\/10\/man-hinh-led-95-tran-hung-dao-quan-1-hcm-5.jpg 1080w\" sizes=\"(max-width: 1030px) 100vw, 1030px\" \/><\/p>\n","protected":false},"excerpt":{"rendered":"<p>Specifications of LED screen Lotteria 95A Tran Hung Dao, District 1, Ho Chi Minh Address 95A Tran Hung Dao, District 1, Ho Chi Minh City Area features \u2013 The LED screen here has 2 viewing directions, the direction from the 6 Phu Dong intersection to the direction of District 4 (through Ong Lanh bridge) and&hellip;<\/p>\n","protected":false},"author":4,"featured_media":8772,"parent":0,"menu_order":0,"comment_status":"closed","ping_status":"closed","template":"","meta":{"_acf_changed":false,"footnotes":""},"class_list":["post-11985","page","type-page","status-publish","has-post-thumbnail","hentry","description-off"],"acf":[],"yoast_head":"<!-- This site is optimized with the Yoast SEO plugin v25.6 - https:\/\/yoast.com\/wordpress\/plugins\/seo\/ -->\n<title>LED screen Lotteria 95A Tran Hung Dao, District 1, Ho Chi Minh City<\/title>\n<meta name=\"description\" content=\"The LED screen here has 2 viewing directions, the direction from the 6 Phu Dong intersection to the direction of District 4\" \/>\n<meta name=\"robots\" content=\"index, follow, max-snippet:-1, max-image-preview:large, max-video-preview:-1\" \/>\n<link rel=\"canonical\" href=\"https:\/\/shojiki.vn\/en\/led-screen-lotteria-95a-tran-hung-dao-district-1-ho-chi-minh-city\" \/>\n<meta property=\"og:locale\" content=\"en_US\" \/>\n<meta property=\"og:type\" content=\"article\" \/>\n<meta property=\"og:title\" content=\"LED screen Lotteria 95A Tran Hung Dao, District 1, Ho Chi Minh City\" \/>\n<meta property=\"og:description\" content=\"The LED screen here has 2 viewing directions, the direction from the 6 Phu Dong intersection to the direction of District 4\" \/>\n<meta property=\"og:url\" content=\"https:\/\/shojiki.vn\/en\/led-screen-lotteria-95a-tran-hung-dao-district-1-ho-chi-minh-city\" \/>\n<meta property=\"og:site_name\" content=\"Shojiki.vn\" \/>\n<meta property=\"article:modified_time\" content=\"2022-06-17T09:44:55+00:00\" \/>\n<meta property=\"og:image\" content=\"https:\/\/shojiki.vn\/template\/uploads\/2021\/10\/man-hinh-led-95-tran-hung-dao-quan-1-hcm-1.jpg\" \/>\n\t<meta property=\"og:image:width\" content=\"1276\" \/>\n\t<meta property=\"og:image:height\" content=\"956\" \/>\n\t<meta property=\"og:image:type\" content=\"image\/jpeg\" \/>\n<meta name=\"twitter:label1\" content=\"Est. reading time\" \/>\n\t<meta name=\"twitter:data1\" content=\"6 minutes\" \/>\n<script type=\"application\/ld+json\" class=\"yoast-schema-graph\">{\"@context\":\"https:\/\/schema.org\",\"@graph\":[{\"@type\":\"WebPage\",\"@id\":\"https:\/\/shojiki.vn\/en\/led-screen-lotteria-95a-tran-hung-dao-district-1-ho-chi-minh-city\",\"url\":\"https:\/\/shojiki.vn\/en\/led-screen-lotteria-95a-tran-hung-dao-district-1-ho-chi-minh-city\",\"name\":\"LED screen Lotteria 95A Tran Hung Dao, District 1, Ho Chi Minh City\",\"isPartOf\":{\"@id\":\"https:\/\/shojiki.vn\/#website\"},\"primaryImageOfPage\":{\"@id\":\"https:\/\/shojiki.vn\/en\/led-screen-lotteria-95a-tran-hung-dao-district-1-ho-chi-minh-city#primaryimage\"},\"image\":{\"@id\":\"https:\/\/shojiki.vn\/en\/led-screen-lotteria-95a-tran-hung-dao-district-1-ho-chi-minh-city#primaryimage\"},\"thumbnailUrl\":\"https:\/\/shojiki.vn\/wp-content\/uploads\/2021\/10\/man-hinh-led-95-tran-hung-dao-quan-1-hcm-1.jpg\",\"datePublished\":\"2022-06-17T08:40:38+00:00\",\"dateModified\":\"2022-06-17T09:44:55+00:00\",\"description\":\"The LED screen here has 2 viewing directions, the direction from the 6 Phu Dong intersection to the direction of District 4\",\"breadcrumb\":{\"@id\":\"https:\/\/shojiki.vn\/en\/led-screen-lotteria-95a-tran-hung-dao-district-1-ho-chi-minh-city#breadcrumb\"},\"inLanguage\":\"en-US\",\"potentialAction\":[{\"@type\":\"ReadAction\",\"target\":[\"https:\/\/shojiki.vn\/en\/led-screen-lotteria-95a-tran-hung-dao-district-1-ho-chi-minh-city\"]}]},{\"@type\":\"ImageObject\",\"inLanguage\":\"en-US\",\"@id\":\"https:\/\/shojiki.vn\/en\/led-screen-lotteria-95a-tran-hung-dao-district-1-ho-chi-minh-city#primaryimage\",\"url\":\"https:\/\/shojiki.vn\/wp-content\/uploads\/2021\/10\/man-hinh-led-95-tran-hung-dao-quan-1-hcm-1.jpg\",\"contentUrl\":\"https:\/\/shojiki.vn\/wp-content\/uploads\/2021\/10\/man-hinh-led-95-tran-hung-dao-quan-1-hcm-1.jpg\",\"width\":1276,\"height\":956},{\"@type\":\"BreadcrumbList\",\"@id\":\"https:\/\/shojiki.vn\/en\/led-screen-lotteria-95a-tran-hung-dao-district-1-ho-chi-minh-city#breadcrumb\",\"itemListElement\":[{\"@type\":\"ListItem\",\"position\":1,\"name\":\"Home\",\"item\":\"https:\/\/shojiki.vn\/en\"},{\"@type\":\"ListItem\",\"position\":2,\"name\":\"LED screen Lotteria 95A Tran Hung Dao, District 1, Ho Chi Minh City\"}]},{\"@type\":\"WebSite\",\"@id\":\"https:\/\/shojiki.vn\/#website\",\"url\":\"https:\/\/shojiki.vn\/\",\"name\":\"Shojiki.vn\",\"description\":\"\",\"potentialAction\":[{\"@type\":\"SearchAction\",\"target\":{\"@type\":\"EntryPoint\",\"urlTemplate\":\"https:\/\/shojiki.vn\/?s={search_term_string}\"},\"query-input\":{\"@type\":\"PropertyValueSpecification\",\"valueRequired\":true,\"valueName\":\"search_term_string\"}}],\"inLanguage\":\"en-US\"}]}<\/script>\n<!-- \/ Yoast SEO plugin. -->","yoast_head_json":{"title":"LED screen Lotteria 95A Tran Hung Dao, District 1, Ho Chi Minh City","description":"The LED screen here has 2 viewing directions, the direction from the 6 Phu Dong intersection to the direction of District 4","robots":{"index":"index","follow":"follow","max-snippet":"max-snippet:-1","max-image-preview":"max-image-preview:large","max-video-preview":"max-video-preview:-1"},"canonical":"https:\/\/shojiki.vn\/en\/led-screen-lotteria-95a-tran-hung-dao-district-1-ho-chi-minh-city","og_locale":"en_US","og_type":"article","og_title":"LED screen Lotteria 95A Tran Hung Dao, District 1, Ho Chi Minh City","og_description":"The LED screen here has 2 viewing directions, the direction from the 6 Phu Dong intersection to the direction of District 4","og_url":"https:\/\/shojiki.vn\/en\/led-screen-lotteria-95a-tran-hung-dao-district-1-ho-chi-minh-city","og_site_name":"Shojiki.vn","article_modified_time":"2022-06-17T09:44:55+00:00","og_image":[{"width":1276,"height":956,"url":"https:\/\/shojiki.vn\/template\/uploads\/2021\/10\/man-hinh-led-95-tran-hung-dao-quan-1-hcm-1.jpg","type":"image\/jpeg"}],"twitter_misc":{"Est. reading time":"6 minutes"},"schema":{"@context":"https:\/\/schema.org","@graph":[{"@type":"WebPage","@id":"https:\/\/shojiki.vn\/en\/led-screen-lotteria-95a-tran-hung-dao-district-1-ho-chi-minh-city","url":"https:\/\/shojiki.vn\/en\/led-screen-lotteria-95a-tran-hung-dao-district-1-ho-chi-minh-city","name":"LED screen Lotteria 95A Tran Hung Dao, District 1, Ho Chi Minh City","isPartOf":{"@id":"https:\/\/shojiki.vn\/#website"},"primaryImageOfPage":{"@id":"https:\/\/shojiki.vn\/en\/led-screen-lotteria-95a-tran-hung-dao-district-1-ho-chi-minh-city#primaryimage"},"image":{"@id":"https:\/\/shojiki.vn\/en\/led-screen-lotteria-95a-tran-hung-dao-district-1-ho-chi-minh-city#primaryimage"},"thumbnailUrl":"https:\/\/shojiki.vn\/wp-content\/uploads\/2021\/10\/man-hinh-led-95-tran-hung-dao-quan-1-hcm-1.jpg","datePublished":"2022-06-17T08:40:38+00:00","dateModified":"2022-06-17T09:44:55+00:00","description":"The LED screen here has 2 viewing directions, the direction from the 6 Phu Dong intersection to the direction of District 4","breadcrumb":{"@id":"https:\/\/shojiki.vn\/en\/led-screen-lotteria-95a-tran-hung-dao-district-1-ho-chi-minh-city#breadcrumb"},"inLanguage":"en-US","potentialAction":[{"@type":"ReadAction","target":["https:\/\/shojiki.vn\/en\/led-screen-lotteria-95a-tran-hung-dao-district-1-ho-chi-minh-city"]}]},{"@type":"ImageObject","inLanguage":"en-US","@id":"https:\/\/shojiki.vn\/en\/led-screen-lotteria-95a-tran-hung-dao-district-1-ho-chi-minh-city#primaryimage","url":"https:\/\/shojiki.vn\/wp-content\/uploads\/2021\/10\/man-hinh-led-95-tran-hung-dao-quan-1-hcm-1.jpg","contentUrl":"https:\/\/shojiki.vn\/wp-content\/uploads\/2021\/10\/man-hinh-led-95-tran-hung-dao-quan-1-hcm-1.jpg","width":1276,"height":956},{"@type":"BreadcrumbList","@id":"https:\/\/shojiki.vn\/en\/led-screen-lotteria-95a-tran-hung-dao-district-1-ho-chi-minh-city#breadcrumb","itemListElement":[{"@type":"ListItem","position":1,"name":"Home","item":"https:\/\/shojiki.vn\/en"},{"@type":"ListItem","position":2,"name":"LED screen Lotteria 95A Tran Hung Dao, District 1, Ho Chi Minh City"}]},{"@type":"WebSite","@id":"https:\/\/shojiki.vn\/#website","url":"https:\/\/shojiki.vn\/","name":"Shojiki.vn","description":"","potentialAction":[{"@type":"SearchAction","target":{"@type":"EntryPoint","urlTemplate":"https:\/\/shojiki.vn\/?s={search_term_string}"},"query-input":{"@type":"PropertyValueSpecification","valueRequired":true,"valueName":"search_term_string"}}],"inLanguage":"en-US"}]}},"_links":{"self":[{"href":"https:\/\/shojiki.vn\/en\/wp-json\/wp\/v2\/pages\/11985"}],"collection":[{"href":"https:\/\/shojiki.vn\/en\/wp-json\/wp\/v2\/pages"}],"about":[{"href":"https:\/\/shojiki.vn\/en\/wp-json\/wp\/v2\/types\/page"}],"author":[{"embeddable":true,"href":"https:\/\/shojiki.vn\/en\/wp-json\/wp\/v2\/users\/4"}],"replies":[{"embeddable":true,"href":"https:\/\/shojiki.vn\/en\/wp-json\/wp\/v2\/comments?post=11985"}],"version-history":[{"count":1,"href":"https:\/\/shojiki.vn\/en\/wp-json\/wp\/v2\/pages\/11985\/revisions"}],"predecessor-version":[{"id":11990,"href":"https:\/\/shojiki.vn\/en\/wp-json\/wp\/v2\/pages\/11985\/revisions\/11990"}],"wp:featuredmedia":[{"embeddable":true,"href":"https:\/\/shojiki.vn\/en\/wp-json\/wp\/v2\/media\/8772"}],"wp:attachment":[{"href":"https:\/\/shojiki.vn\/en\/wp-json\/wp\/v2\/media?parent=11985"}],"curies":[{"name":"wp","href":"https:\/\/api.w.org\/{rel}","templated":true}]}}